{"id":18104,"date":"2025-02-07T21:37:34","date_gmt":"2025-02-07T17:37:34","guid":{"rendered":"https:\/\/airsystems.ge\/shop\/product\/vibro-smr-anti-vibration-restraint-spring-mounts\/"},"modified":"2025-02-07T21:39:52","modified_gmt":"2025-02-07T17:39:52","slug":"vibro-smr-anti-vibration-restraint-spring-mounts","status":"publish","type":"product","link":"https:\/\/geoclimate.ge\/fr\/produit\/vibro-smr-anti-vibration-restraint-spring-mounts\/","title":{"rendered":"Vibro-SMR : Supports \u00e0 ressort antivibratoires"},"content":{"rendered":"<div class=\"tg-wrap\">\n<table>\n<thead>\n<tr>\n<th>TYPE<\/th>\n<th>No. of SPRINGS<\/th>\n<th>DIMENSIONS<br \/>\n(A-B-H mm)<\/th>\n<th>MAX LOAD<br \/>\n(daN)<\/th>\n<\/tr>\n<\/thead>\n<tbody>\n<tr>\n<td>Vibro-SMR 250.1<\/td>\n<td>1<\/td>\n<td>90-185-160<\/td>\n<td>250<\/td>\n<\/tr>\n<tr>\n<td>Vibro-SMR 500.1<\/td>\n<td>1<\/td>\n<td>90-185-160<\/td>\n<td>500<\/td>\n<\/tr>\n<tr>\n<td>Vibro-SMR 750.1<\/td>\n<td>1<\/td>\n<td>90-185-160<\/td>\n<td>750<\/td>\n<\/tr>\n<tr>\n<td>Vibro-SMR 500.2<\/td>\n<td>2<\/td>\n<td>95-260-170<\/td>\n<td>500<\/td>\n<\/tr>\n<tr>\n<td>Vibro-SMR 1000.2<\/td>\n<td>2<\/td>\n<td>95-260-170<\/td>\n<td>1000<\/td>\n<\/tr>\n<tr>\n<td>Vibro-SMR 1500.2<\/td>\n<td>2<\/td>\n<td>95-260-170<\/td>\n<td>1500<\/td>\n<\/tr>\n<tr>\n<td>Vibro-SMR 1000.4<\/td>\n<td>4<\/td>\n<td>195-290-180<\/td>\n<td>1000<\/td>\n<\/tr>\n<tr>\n<td>Vibro-SMR 2000.4<\/td>\n<td>4<\/td>\n<td>195-290-180<\/td>\n<td>2000<\/td>\n<\/tr>\n<tr>\n<td>Vibro-SMR 2500.5<\/td>\n<td>5<\/td>\n<td>195-290-180<\/td>\n<td>2500<\/td>\n<\/tr>\n<tr>\n<td>Vibro-SMR 3000.4<\/td>\n<td>4<\/td>\n<td>195-290-180<\/td>\n<td>3000<\/td>\n<\/tr>\n<tr>\n<td>Vibro-SMR 3750.5<\/td>\n<td>5<\/td>\n<td>195-290-180<\/td>\n<td>3750<\/td>\n<\/tr>\n<\/tbody>\n<\/table>\n<\/div>\n<p><em>Other load range upon request.<\/em><\/p>\n","protected":false},"excerpt":{"rendered":"<p>Les supports \u00e0 ressort antivibratoires Vibro-SMR sont des supports antivibratoires multidirectionnels \u00e0 hauteur r\u00e9glable. Vibro-SMR peut \u00eatre utilis\u00e9 pour les contr\u00f4les de vibrations \u00e0 basse fr\u00e9quence (rotation \u00e0 basse vitesse 400 tr\/min et plus) qui n\u00e9cessitent \u00e9galement une retenue lat\u00e9rale et verticale et une protection contre les tremblements de terre et la surpression du vent.<\/p>\n<p>DESCRIPTION<\/p>\n<p>Les supports \u00e0 ressort antivibratoires Vibro-SMR sont des supports antivibratoires multidirectionnels \u00e0 hauteur r\u00e9glable. Vibro-SMR peut \u00eatre utilis\u00e9 pour les contr\u00f4les de vibrations \u00e0 basse fr\u00e9quence (rotation \u00e0 basse vitesse 400 tr\/min et plus) qui n\u00e9cessitent \u00e9galement une retenue lat\u00e9rale et verticale et une protection contre les tremblements de terre et la surpression du vent. Ils peuvent supporter des forces de nature tension, compression, cisaillement.<\/p>\n<p>Les applications typiques sont les compresseurs d&rsquo;air, les moteurs \u00e0 deux temps, les refroidisseurs, les tours de refroidissement d&rsquo;eau, les unit\u00e9s de traitement d&rsquo;air, etc. Le bo\u00eetier n&rsquo;est pas en fonte, mais en acier v\u00e9ritable et est prot\u00e9g\u00e9 de l&rsquo;oxydation par une peinture en poudre de polyester (galvanis\u00e9e \u00e0 chaud sur demande). Sa conception innovante a r\u00e9ussi \u00e0 minimiser les arcs \u00e9lectriques.<\/p>\n<p>Les ressorts antivibratoires sont conformes aux normes ISO.EN.10270 et disposent d&rsquo;un indicateur de couleur pour d\u00e9finir la capacit\u00e9 de charge maximale. Un syst\u00e8me de r\u00e9glage en hauteur est plac\u00e9 afin d&rsquo;aligner la machine pendant l&rsquo;installation.<\/p>\n<p>\u00c0 leur base, ils ont un profil en caoutchouc sp\u00e9cial, r\u00e9sistant aux conditions ext\u00e9rieures, offrant ainsi une meilleure efficacit\u00e9 d&rsquo;isolation des vibrations \u00e9galement \u00e0 hautes fr\u00e9quences. (en option)<\/p>\n<p>Supports antivibratoires La conception avanc\u00e9e du Vibro-SMR peut supporter avec succ\u00e8s des forces provenant de diff\u00e9rentes directions, \u00e0 la fois verticales et lat\u00e9rales (comme les tremblements de terre, les ouragans et la protection contre la pression du vent).<\/p>\n<p>Un joint \u00e9lastique est intercal\u00e9 entre les deux surfaces verticales, pour \u00e9viter une transmission potentielle de pont sonore.<\/p>\n","protected":false},"featured_media":18073,"template":"","meta":[],"product_brand":[],"product_cat":[707],"product_tag":[],"class_list":{"0":"post-18104","1":"product","2":"type-product","3":"status-publish","4":"has-post-thumbnail","6":"product_cat-vibration-anti-bruit-acoustique-fr","8":"first","9":"instock","10":"shipping-taxable","11":"product-type-simple"},"yoast_head":"<!-- This site is optimized with the Yoast SEO plugin v27.1.1 - https:\/\/yoast.com\/product\/yoast-seo-wordpress\/ -->\n<title>Vibro-SMR : Supports \u00e0 ressort antivibratoires - GeoClimate.ge<\/title>\n<meta name=\"robots\" content=\"index, follow, max-snippet:-1, max-image-preview:large, max-video-preview:-1\" \/>\n<link rel=\"canonical\" href=\"https:\/\/geoclimate.ge\/fr\/produit\/vibro-smr-anti-vibration-restraint-spring-mounts\/\" \/>\n<meta property=\"og:locale\" content=\"fr_FR\" \/>\n<meta property=\"og:type\" content=\"article\" \/>\n<meta property=\"og:title\" content=\"Vibro-SMR : Supports \u00e0 ressort antivibratoires - GeoClimate.ge\" \/>\n<meta property=\"og:description\" content=\"Les supports \u00e0 ressort antivibratoires Vibro-SMR sont des supports antivibratoires multidirectionnels \u00e0 hauteur r\u00e9glable. Vibro-SMR peut \u00eatre utilis\u00e9 pour les contr\u00f4les de vibrations \u00e0 basse fr\u00e9quence (rotation \u00e0 basse vitesse 400 tr\/min et plus) qui n\u00e9cessitent \u00e9galement une retenue lat\u00e9rale et verticale et une protection contre les tremblements de terre et la surpression du vent.  DESCRIPTION  Les supports \u00e0 ressort antivibratoires Vibro-SMR sont des supports antivibratoires multidirectionnels \u00e0 hauteur r\u00e9glable. Vibro-SMR peut \u00eatre utilis\u00e9 pour les contr\u00f4les de vibrations \u00e0 basse fr\u00e9quence (rotation \u00e0 basse vitesse 400 tr\/min et plus) qui n\u00e9cessitent \u00e9galement une retenue lat\u00e9rale et verticale et une protection contre les tremblements de terre et la surpression du vent. Ils peuvent supporter des forces de nature tension, compression, cisaillement.  Les applications typiques sont les compresseurs d&#039;air, les moteurs \u00e0 deux temps, les refroidisseurs, les tours de refroidissement d&#039;eau, les unit\u00e9s de traitement d&#039;air, etc. Le bo\u00eetier n&#039;est pas en fonte, mais en acier v\u00e9ritable et est prot\u00e9g\u00e9 de l&#039;oxydation par une peinture en poudre de polyester (galvanis\u00e9e \u00e0 chaud sur demande). Sa conception innovante a r\u00e9ussi \u00e0 minimiser les arcs \u00e9lectriques.  Les ressorts antivibratoires sont conformes aux normes ISO.EN.10270 et disposent d&#039;un indicateur de couleur pour d\u00e9finir la capacit\u00e9 de charge maximale. Un syst\u00e8me de r\u00e9glage en hauteur est plac\u00e9 afin d&#039;aligner la machine pendant l&#039;installation.  \u00c0 leur base, ils ont un profil en caoutchouc sp\u00e9cial, r\u00e9sistant aux conditions ext\u00e9rieures, offrant ainsi une meilleure efficacit\u00e9 d&#039;isolation des vibrations \u00e9galement \u00e0 hautes fr\u00e9quences. (en option)  Supports antivibratoires La conception avanc\u00e9e du Vibro-SMR peut supporter avec succ\u00e8s des forces provenant de diff\u00e9rentes directions, \u00e0 la fois verticales et lat\u00e9rales (comme les tremblements de terre, les ouragans et la protection contre la pression du vent).  Un joint \u00e9lastique est intercal\u00e9 entre les deux surfaces verticales, pour \u00e9viter une transmission potentielle de pont sonore.\" \/>\n<meta property=\"og:url\" content=\"https:\/\/geoclimate.ge\/fr\/produit\/vibro-smr-anti-vibration-restraint-spring-mounts\/\" \/>\n<meta property=\"og:site_name\" content=\"GeoClimate.ge\" \/>\n<meta property=\"article:modified_time\" content=\"2025-02-07T17:39:52+00:00\" \/>\n<meta property=\"og:image\" content=\"https:\/\/geoclimate.ge\/wp-content\/uploads\/2025\/02\/smr.jpg\" \/>\n\t<meta property=\"og:image:width\" content=\"187\" \/>\n\t<meta property=\"og:image:height\" content=\"176\" \/>\n\t<meta property=\"og:image:type\" content=\"image\/jpeg\" \/>\n<meta name=\"twitter:card\" content=\"summary_large_image\" \/>\n<script type=\"application\/ld+json\" class=\"yoast-schema-graph\">{\"@context\":\"https:\/\/schema.org\",\"@graph\":[{\"@type\":\"WebPage\",\"@id\":\"https:\/\/geoclimate.ge\/fr\/produit\/vibro-smr-anti-vibration-restraint-spring-mounts\/\",\"url\":\"https:\/\/geoclimate.ge\/fr\/produit\/vibro-smr-anti-vibration-restraint-spring-mounts\/\",\"name\":\"Vibro-SMR : Supports \u00e0 ressort antivibratoires - GeoClimate.ge\",\"isPartOf\":{\"@id\":\"https:\/\/geoclimate.ge\/#website\"},\"primaryImageOfPage\":{\"@id\":\"https:\/\/geoclimate.ge\/fr\/produit\/vibro-smr-anti-vibration-restraint-spring-mounts\/#primaryimage\"},\"image\":{\"@id\":\"https:\/\/geoclimate.ge\/fr\/produit\/vibro-smr-anti-vibration-restraint-spring-mounts\/#primaryimage\"},\"thumbnailUrl\":\"https:\/\/geoclimate.ge\/wp-content\/uploads\/2025\/02\/smr.jpg\",\"datePublished\":\"2025-02-07T17:37:34+00:00\",\"dateModified\":\"2025-02-07T17:39:52+00:00\",\"breadcrumb\":{\"@id\":\"https:\/\/geoclimate.ge\/fr\/produit\/vibro-smr-anti-vibration-restraint-spring-mounts\/#breadcrumb\"},\"inLanguage\":\"fr-FR\",\"potentialAction\":[{\"@type\":\"ReadAction\",\"target\":[\"https:\/\/geoclimate.ge\/fr\/produit\/vibro-smr-anti-vibration-restraint-spring-mounts\/\"]}]},{\"@type\":\"ImageObject\",\"inLanguage\":\"fr-FR\",\"@id\":\"https:\/\/geoclimate.ge\/fr\/produit\/vibro-smr-anti-vibration-restraint-spring-mounts\/#primaryimage\",\"url\":\"https:\/\/geoclimate.ge\/wp-content\/uploads\/2025\/02\/smr.jpg\",\"contentUrl\":\"https:\/\/geoclimate.ge\/wp-content\/uploads\/2025\/02\/smr.jpg\",\"width\":187,\"height\":176},{\"@type\":\"BreadcrumbList\",\"@id\":\"https:\/\/geoclimate.ge\/fr\/produit\/vibro-smr-anti-vibration-restraint-spring-mounts\/#breadcrumb\",\"itemListElement\":[{\"@type\":\"ListItem\",\"position\":1,\"name\":\"Home\",\"item\":\"https:\/\/geoclimate.ge\/fr\/\"},{\"@type\":\"ListItem\",\"position\":2,\"name\":\"Products\",\"item\":\"https:\/\/geoclimate.ge\/fr\/products\/\"},{\"@type\":\"ListItem\",\"position\":3,\"name\":\"Vibro-SMR : Supports \u00e0 ressort antivibratoires\"}]},{\"@type\":\"WebSite\",\"@id\":\"https:\/\/geoclimate.ge\/#website\",\"url\":\"https:\/\/geoclimate.ge\/\",\"name\":\"GeoClimate\",\"description\":\"\",\"publisher\":{\"@id\":\"https:\/\/geoclimate.ge\/#organization\"},\"potentialAction\":[{\"@type\":\"SearchAction\",\"target\":{\"@type\":\"EntryPoint\",\"urlTemplate\":\"https:\/\/geoclimate.ge\/?s={search_term_string}\"},\"query-input\":{\"@type\":\"PropertyValueSpecification\",\"valueRequired\":true,\"valueName\":\"search_term_string\"}}],\"inLanguage\":\"fr-FR\"},{\"@type\":\"Organization\",\"@id\":\"https:\/\/geoclimate.ge\/#organization\",\"name\":\"GeoClimate\",\"url\":\"https:\/\/geoclimate.ge\/\",\"logo\":{\"@type\":\"ImageObject\",\"inLanguage\":\"fr-FR\",\"@id\":\"https:\/\/geoclimate.ge\/#\/schema\/logo\/image\/\",\"url\":\"https:\/\/geoclimate.ge\/wp-content\/uploads\/2026\/03\/geoclimate-SEO.png\",\"contentUrl\":\"https:\/\/geoclimate.ge\/wp-content\/uploads\/2026\/03\/geoclimate-SEO.png\",\"width\":1536,\"height\":1024,\"caption\":\"GeoClimate\"},\"image\":{\"@id\":\"https:\/\/geoclimate.ge\/#\/schema\/logo\/image\/\"}}]}<\/script>\n<!-- \/ Yoast SEO plugin. -->","yoast_head_json":{"title":"Vibro-SMR : Supports \u00e0 ressort antivibratoires - GeoClimate.ge","robots":{"index":"index","follow":"follow","max-snippet":"max-snippet:-1","max-image-preview":"max-image-preview:large","max-video-preview":"max-video-preview:-1"},"canonical":"https:\/\/geoclimate.ge\/fr\/produit\/vibro-smr-anti-vibration-restraint-spring-mounts\/","og_locale":"fr_FR","og_type":"article","og_title":"Vibro-SMR : Supports \u00e0 ressort antivibratoires - GeoClimate.ge","og_description":"Les supports \u00e0 ressort antivibratoires Vibro-SMR sont des supports antivibratoires multidirectionnels \u00e0 hauteur r\u00e9glable. Vibro-SMR peut \u00eatre utilis\u00e9 pour les contr\u00f4les de vibrations \u00e0 basse fr\u00e9quence (rotation \u00e0 basse vitesse 400 tr\/min et plus) qui n\u00e9cessitent \u00e9galement une retenue lat\u00e9rale et verticale et une protection contre les tremblements de terre et la surpression du vent.  DESCRIPTION  Les supports \u00e0 ressort antivibratoires Vibro-SMR sont des supports antivibratoires multidirectionnels \u00e0 hauteur r\u00e9glable. Vibro-SMR peut \u00eatre utilis\u00e9 pour les contr\u00f4les de vibrations \u00e0 basse fr\u00e9quence (rotation \u00e0 basse vitesse 400 tr\/min et plus) qui n\u00e9cessitent \u00e9galement une retenue lat\u00e9rale et verticale et une protection contre les tremblements de terre et la surpression du vent. Ils peuvent supporter des forces de nature tension, compression, cisaillement.  Les applications typiques sont les compresseurs d'air, les moteurs \u00e0 deux temps, les refroidisseurs, les tours de refroidissement d'eau, les unit\u00e9s de traitement d'air, etc. Le bo\u00eetier n'est pas en fonte, mais en acier v\u00e9ritable et est prot\u00e9g\u00e9 de l'oxydation par une peinture en poudre de polyester (galvanis\u00e9e \u00e0 chaud sur demande). Sa conception innovante a r\u00e9ussi \u00e0 minimiser les arcs \u00e9lectriques.  Les ressorts antivibratoires sont conformes aux normes ISO.EN.10270 et disposent d'un indicateur de couleur pour d\u00e9finir la capacit\u00e9 de charge maximale. Un syst\u00e8me de r\u00e9glage en hauteur est plac\u00e9 afin d'aligner la machine pendant l'installation.  \u00c0 leur base, ils ont un profil en caoutchouc sp\u00e9cial, r\u00e9sistant aux conditions ext\u00e9rieures, offrant ainsi une meilleure efficacit\u00e9 d'isolation des vibrations \u00e9galement \u00e0 hautes fr\u00e9quences. (en option)  Supports antivibratoires La conception avanc\u00e9e du Vibro-SMR peut supporter avec succ\u00e8s des forces provenant de diff\u00e9rentes directions, \u00e0 la fois verticales et lat\u00e9rales (comme les tremblements de terre, les ouragans et la protection contre la pression du vent).  Un joint \u00e9lastique est intercal\u00e9 entre les deux surfaces verticales, pour \u00e9viter une transmission potentielle de pont sonore.","og_url":"https:\/\/geoclimate.ge\/fr\/produit\/vibro-smr-anti-vibration-restraint-spring-mounts\/","og_site_name":"GeoClimate.ge","article_modified_time":"2025-02-07T17:39:52+00:00","og_image":[{"width":187,"height":176,"url":"https:\/\/geoclimate.ge\/wp-content\/uploads\/2025\/02\/smr.jpg","type":"image\/jpeg"}],"twitter_card":"summary_large_image","schema":{"@context":"https:\/\/schema.org","@graph":[{"@type":"WebPage","@id":"https:\/\/geoclimate.ge\/fr\/produit\/vibro-smr-anti-vibration-restraint-spring-mounts\/","url":"https:\/\/geoclimate.ge\/fr\/produit\/vibro-smr-anti-vibration-restraint-spring-mounts\/","name":"Vibro-SMR : Supports \u00e0 ressort antivibratoires - GeoClimate.ge","isPartOf":{"@id":"https:\/\/geoclimate.ge\/#website"},"primaryImageOfPage":{"@id":"https:\/\/geoclimate.ge\/fr\/produit\/vibro-smr-anti-vibration-restraint-spring-mounts\/#primaryimage"},"image":{"@id":"https:\/\/geoclimate.ge\/fr\/produit\/vibro-smr-anti-vibration-restraint-spring-mounts\/#primaryimage"},"thumbnailUrl":"https:\/\/geoclimate.ge\/wp-content\/uploads\/2025\/02\/smr.jpg","datePublished":"2025-02-07T17:37:34+00:00","dateModified":"2025-02-07T17:39:52+00:00","breadcrumb":{"@id":"https:\/\/geoclimate.ge\/fr\/produit\/vibro-smr-anti-vibration-restraint-spring-mounts\/#breadcrumb"},"inLanguage":"fr-FR","potentialAction":[{"@type":"ReadAction","target":["https:\/\/geoclimate.ge\/fr\/produit\/vibro-smr-anti-vibration-restraint-spring-mounts\/"]}]},{"@type":"ImageObject","inLanguage":"fr-FR","@id":"https:\/\/geoclimate.ge\/fr\/produit\/vibro-smr-anti-vibration-restraint-spring-mounts\/#primaryimage","url":"https:\/\/geoclimate.ge\/wp-content\/uploads\/2025\/02\/smr.jpg","contentUrl":"https:\/\/geoclimate.ge\/wp-content\/uploads\/2025\/02\/smr.jpg","width":187,"height":176},{"@type":"BreadcrumbList","@id":"https:\/\/geoclimate.ge\/fr\/produit\/vibro-smr-anti-vibration-restraint-spring-mounts\/#breadcrumb","itemListElement":[{"@type":"ListItem","position":1,"name":"Home","item":"https:\/\/geoclimate.ge\/fr\/"},{"@type":"ListItem","position":2,"name":"Products","item":"https:\/\/geoclimate.ge\/fr\/products\/"},{"@type":"ListItem","position":3,"name":"Vibro-SMR : Supports \u00e0 ressort antivibratoires"}]},{"@type":"WebSite","@id":"https:\/\/geoclimate.ge\/#website","url":"https:\/\/geoclimate.ge\/","name":"GeoClimate","description":"","publisher":{"@id":"https:\/\/geoclimate.ge\/#organization"},"potentialAction":[{"@type":"SearchAction","target":{"@type":"EntryPoint","urlTemplate":"https:\/\/geoclimate.ge\/?s={search_term_string}"},"query-input":{"@type":"PropertyValueSpecification","valueRequired":true,"valueName":"search_term_string"}}],"inLanguage":"fr-FR"},{"@type":"Organization","@id":"https:\/\/geoclimate.ge\/#organization","name":"GeoClimate","url":"https:\/\/geoclimate.ge\/","logo":{"@type":"ImageObject","inLanguage":"fr-FR","@id":"https:\/\/geoclimate.ge\/#\/schema\/logo\/image\/","url":"https:\/\/geoclimate.ge\/wp-content\/uploads\/2026\/03\/geoclimate-SEO.png","contentUrl":"https:\/\/geoclimate.ge\/wp-content\/uploads\/2026\/03\/geoclimate-SEO.png","width":1536,"height":1024,"caption":"GeoClimate"},"image":{"@id":"https:\/\/geoclimate.ge\/#\/schema\/logo\/image\/"}}]}},"_links":{"self":[{"href":"https:\/\/geoclimate.ge\/fr\/wp-json\/wp\/v2\/product\/18104","targetHints":{"allow":["GET"]}}],"collection":[{"href":"https:\/\/geoclimate.ge\/fr\/wp-json\/wp\/v2\/product"}],"about":[{"href":"https:\/\/geoclimate.ge\/fr\/wp-json\/wp\/v2\/types\/product"}],"wp:featuredmedia":[{"embeddable":true,"href":"https:\/\/geoclimate.ge\/fr\/wp-json\/wp\/v2\/media\/18073"}],"wp:attachment":[{"href":"https:\/\/geoclimate.ge\/fr\/wp-json\/wp\/v2\/media?parent=18104"}],"wp:term":[{"taxonomy":"product_brand","embeddable":true,"href":"https:\/\/geoclimate.ge\/fr\/wp-json\/wp\/v2\/product_brand?post=18104"},{"taxonomy":"product_cat","embeddable":true,"href":"https:\/\/geoclimate.ge\/fr\/wp-json\/wp\/v2\/product_cat?post=18104"},{"taxonomy":"product_tag","embeddable":true,"href":"https:\/\/geoclimate.ge\/fr\/wp-json\/wp\/v2\/product_tag?post=18104"}],"curies":[{"name":"wp","href":"https:\/\/api.w.org\/{rel}","templated":true}]}}