{"id":18160,"date":"2025-02-07T21:47:55","date_gmt":"2025-02-07T17:47:55","guid":{"rendered":"https:\/\/airsystems.ge\/shop\/product\/vibro-em-2-anti-vibration-metal-rubber-mount-type-2\/"},"modified":"2025-02-07T21:49:35","modified_gmt":"2025-02-07T17:49:35","slug":"vibro-em-2-anti-vibration-metal-rubber-mount-type-2","status":"publish","type":"product","link":"https:\/\/geoclimate.ge\/fr\/produit\/vibro-em-2-anti-vibration-metal-rubber-mount-type-2\/","title":{"rendered":"Vibro-EM.2 : support antivibratoire m\u00e9tal-caoutchouc (type 2)"},"content":{"rendered":"<p>Antivibration elastic mount the metal cover for even load distribution and UV protection of the elastic part of the mount<\/p>\n<p>&nbsp;<\/p>\n<p><img loading=\"lazy\" decoding=\"async\" class=\"alignleft wp-image-4895\" src=\"https:\/\/antivibration-systems.com\/wp-content\/uploads\/2012\/11\/Vibro-EM2-Selection-Table.jpg\" sizes=\"auto, (max-width: 590px) 100vw, 590px\" srcset=\"https:\/\/antivibration-systems.com\/wp-content\/uploads\/2012\/11\/Vibro-EM2-Selection-Table.jpg 638w, https:\/\/antivibration-systems.com\/wp-content\/uploads\/2012\/11\/Vibro-EM2-Selection-Table-300x75.jpg 300w\" alt=\"Vibro-EM2 Selection Table\" width=\"590\" height=\"146\" \/><\/p>\n<p>&nbsp;<\/p>\n<p><strong>Dynamic Characteristics<\/strong><br \/>\nDeflection 3 mm at maximum load<br \/>\nNatural Frequency: 10 Hz at maximum load<\/p>\n<p>&nbsp;<\/p>\n","protected":false},"excerpt":{"rendered":"<p>Support \u00e9lastique antivibratoire avec couvercle m\u00e9tallique pour une r\u00e9partition uniforme de la charge et une protection UV de la partie \u00e9lastique du support<\/p>\n<p>Vibro-E\u039c.2 est le r\u00e9sultat de recherches sp\u00e9cialis\u00e9es et est compos\u00e9 d&rsquo;une combinaison de pi\u00e8ces en caoutchouc et en m\u00e9tal. Le couvercle m\u00e9tallique offre une protection contre divers fluides, comme l&rsquo;huile et l&rsquo;eau. De plus, il prot\u00e8ge le corps principal du support antivibratoire du soleil, augmentant ainsi sa dur\u00e9e de vie.<\/p>\n<p>Le couvercle m\u00e9tallique est en t\u00f4le galvanis\u00e9e qui le prot\u00e8ge de l&rsquo;oxydation. Le reste des pi\u00e8ces m\u00e9talliques est recouvert de caoutchouc pour une meilleure protection contre l&rsquo;oxydation, tandis que les surfaces sup\u00e9rieure et inf\u00e9rieure ont des rev\u00eatements sp\u00e9ciaux qui augmentent la friction et r\u00e9duisent la surface de glissement.<\/p>\n<p>Le Vibro \u2013 EM.2 peut \u00eatre utilis\u00e9 dans :<\/p>\n<p>les centrales de traitement d&rsquo;air<br \/>\nles climatiseurs<br \/>\nles pompes<br \/>\nles compresseurs d&rsquo;air<br \/>\nles ventilateurs<br \/>\nles transformateurs<br \/>\nles g\u00e9n\u00e9rateurs de moteurs<br \/>\nles machines de d\u00e9coupe<br \/>\nles machines d&rsquo;impression<br \/>\nles ascenseurs, etc.<br \/>\nUn marquage sp\u00e9cial (W : Blanc, B : Bleu, R : Rouge) identifie la duret\u00e9 du caoutchouc et la charge maximale qu&rsquo;il peut supporter.<\/p>\n","protected":false},"featured_media":18129,"template":"","meta":[],"product_brand":[],"product_cat":[707],"product_tag":[],"class_list":{"0":"post-18160","1":"product","2":"type-product","3":"status-publish","4":"has-post-thumbnail","6":"product_cat-vibration-anti-bruit-acoustique-fr","8":"first","9":"instock","10":"shipping-taxable","11":"product-type-simple"},"yoast_head":"<!-- This site is optimized with the Yoast SEO plugin v27.1.1 - https:\/\/yoast.com\/product\/yoast-seo-wordpress\/ -->\n<title>Vibro-EM.2 : support antivibratoire m\u00e9tal-caoutchouc (type 2) - GeoClimate.ge<\/title>\n<meta name=\"robots\" content=\"index, follow, max-snippet:-1, max-image-preview:large, max-video-preview:-1\" \/>\n<link rel=\"canonical\" href=\"https:\/\/geoclimate.ge\/fr\/produit\/vibro-em-2-anti-vibration-metal-rubber-mount-type-2\/\" \/>\n<meta property=\"og:locale\" content=\"fr_FR\" \/>\n<meta property=\"og:type\" content=\"article\" \/>\n<meta property=\"og:title\" content=\"Vibro-EM.2 : support antivibratoire m\u00e9tal-caoutchouc (type 2) - GeoClimate.ge\" \/>\n<meta property=\"og:description\" content=\"Support \u00e9lastique antivibratoire avec couvercle m\u00e9tallique pour une r\u00e9partition uniforme de la charge et une protection UV de la partie \u00e9lastique du support  Vibro-E\u039c.2 est le r\u00e9sultat de recherches sp\u00e9cialis\u00e9es et est compos\u00e9 d&#039;une combinaison de pi\u00e8ces en caoutchouc et en m\u00e9tal. Le couvercle m\u00e9tallique offre une protection contre divers fluides, comme l&#039;huile et l&#039;eau. De plus, il prot\u00e8ge le corps principal du support antivibratoire du soleil, augmentant ainsi sa dur\u00e9e de vie.  Le couvercle m\u00e9tallique est en t\u00f4le galvanis\u00e9e qui le prot\u00e8ge de l&#039;oxydation. Le reste des pi\u00e8ces m\u00e9talliques est recouvert de caoutchouc pour une meilleure protection contre l&#039;oxydation, tandis que les surfaces sup\u00e9rieure et inf\u00e9rieure ont des rev\u00eatements sp\u00e9ciaux qui augmentent la friction et r\u00e9duisent la surface de glissement.  Le Vibro \u2013 EM.2 peut \u00eatre utilis\u00e9 dans :  les centrales de traitement d&#039;air les climatiseurs les pompes les compresseurs d&#039;air les ventilateurs les transformateurs les g\u00e9n\u00e9rateurs de moteurs les machines de d\u00e9coupe les machines d&#039;impression les ascenseurs, etc. Un marquage sp\u00e9cial (W : Blanc, B : Bleu, R : Rouge) identifie la duret\u00e9 du caoutchouc et la charge maximale qu&#039;il peut supporter.\" \/>\n<meta property=\"og:url\" content=\"https:\/\/geoclimate.ge\/fr\/produit\/vibro-em-2-anti-vibration-metal-rubber-mount-type-2\/\" \/>\n<meta property=\"og:site_name\" content=\"GeoClimate.ge\" \/>\n<meta property=\"article:modified_time\" content=\"2025-02-07T17:49:35+00:00\" \/>\n<meta property=\"og:image\" content=\"https:\/\/geoclimate.ge\/wp-content\/uploads\/2025\/02\/072009102809_A.jpg\" \/>\n\t<meta property=\"og:image:width\" content=\"280\" \/>\n\t<meta property=\"og:image:height\" content=\"210\" \/>\n\t<meta property=\"og:image:type\" content=\"image\/jpeg\" \/>\n<meta name=\"twitter:card\" content=\"summary_large_image\" \/>\n<script type=\"application\/ld+json\" class=\"yoast-schema-graph\">{\"@context\":\"https:\/\/schema.org\",\"@graph\":[{\"@type\":\"WebPage\",\"@id\":\"https:\/\/geoclimate.ge\/fr\/produit\/vibro-em-2-anti-vibration-metal-rubber-mount-type-2\/\",\"url\":\"https:\/\/geoclimate.ge\/fr\/produit\/vibro-em-2-anti-vibration-metal-rubber-mount-type-2\/\",\"name\":\"Vibro-EM.2 : support antivibratoire m\u00e9tal-caoutchouc (type 2) - GeoClimate.ge\",\"isPartOf\":{\"@id\":\"https:\/\/geoclimate.ge\/#website\"},\"primaryImageOfPage\":{\"@id\":\"https:\/\/geoclimate.ge\/fr\/produit\/vibro-em-2-anti-vibration-metal-rubber-mount-type-2\/#primaryimage\"},\"image\":{\"@id\":\"https:\/\/geoclimate.ge\/fr\/produit\/vibro-em-2-anti-vibration-metal-rubber-mount-type-2\/#primaryimage\"},\"thumbnailUrl\":\"https:\/\/geoclimate.ge\/wp-content\/uploads\/2025\/02\/072009102809_A.jpg\",\"datePublished\":\"2025-02-07T17:47:55+00:00\",\"dateModified\":\"2025-02-07T17:49:35+00:00\",\"breadcrumb\":{\"@id\":\"https:\/\/geoclimate.ge\/fr\/produit\/vibro-em-2-anti-vibration-metal-rubber-mount-type-2\/#breadcrumb\"},\"inLanguage\":\"fr-FR\",\"potentialAction\":[{\"@type\":\"ReadAction\",\"target\":[\"https:\/\/geoclimate.ge\/fr\/produit\/vibro-em-2-anti-vibration-metal-rubber-mount-type-2\/\"]}]},{\"@type\":\"ImageObject\",\"inLanguage\":\"fr-FR\",\"@id\":\"https:\/\/geoclimate.ge\/fr\/produit\/vibro-em-2-anti-vibration-metal-rubber-mount-type-2\/#primaryimage\",\"url\":\"https:\/\/geoclimate.ge\/wp-content\/uploads\/2025\/02\/072009102809_A.jpg\",\"contentUrl\":\"https:\/\/geoclimate.ge\/wp-content\/uploads\/2025\/02\/072009102809_A.jpg\",\"width\":280,\"height\":210},{\"@type\":\"BreadcrumbList\",\"@id\":\"https:\/\/geoclimate.ge\/fr\/produit\/vibro-em-2-anti-vibration-metal-rubber-mount-type-2\/#breadcrumb\",\"itemListElement\":[{\"@type\":\"ListItem\",\"position\":1,\"name\":\"Home\",\"item\":\"https:\/\/geoclimate.ge\/fr\/\"},{\"@type\":\"ListItem\",\"position\":2,\"name\":\"Products\",\"item\":\"https:\/\/geoclimate.ge\/fr\/products\/\"},{\"@type\":\"ListItem\",\"position\":3,\"name\":\"Vibro-EM.2 : support antivibratoire m\u00e9tal-caoutchouc (type 2)\"}]},{\"@type\":\"WebSite\",\"@id\":\"https:\/\/geoclimate.ge\/#website\",\"url\":\"https:\/\/geoclimate.ge\/\",\"name\":\"GeoClimate\",\"description\":\"\",\"publisher\":{\"@id\":\"https:\/\/geoclimate.ge\/#organization\"},\"potentialAction\":[{\"@type\":\"SearchAction\",\"target\":{\"@type\":\"EntryPoint\",\"urlTemplate\":\"https:\/\/geoclimate.ge\/?s={search_term_string}\"},\"query-input\":{\"@type\":\"PropertyValueSpecification\",\"valueRequired\":true,\"valueName\":\"search_term_string\"}}],\"inLanguage\":\"fr-FR\"},{\"@type\":\"Organization\",\"@id\":\"https:\/\/geoclimate.ge\/#organization\",\"name\":\"GeoClimate\",\"url\":\"https:\/\/geoclimate.ge\/\",\"logo\":{\"@type\":\"ImageObject\",\"inLanguage\":\"fr-FR\",\"@id\":\"https:\/\/geoclimate.ge\/#\/schema\/logo\/image\/\",\"url\":\"https:\/\/geoclimate.ge\/wp-content\/uploads\/2026\/03\/geoclimate-SEO.png\",\"contentUrl\":\"https:\/\/geoclimate.ge\/wp-content\/uploads\/2026\/03\/geoclimate-SEO.png\",\"width\":1536,\"height\":1024,\"caption\":\"GeoClimate\"},\"image\":{\"@id\":\"https:\/\/geoclimate.ge\/#\/schema\/logo\/image\/\"}}]}<\/script>\n<!-- \/ Yoast SEO plugin. -->","yoast_head_json":{"title":"Vibro-EM.2 : support antivibratoire m\u00e9tal-caoutchouc (type 2) - GeoClimate.ge","robots":{"index":"index","follow":"follow","max-snippet":"max-snippet:-1","max-image-preview":"max-image-preview:large","max-video-preview":"max-video-preview:-1"},"canonical":"https:\/\/geoclimate.ge\/fr\/produit\/vibro-em-2-anti-vibration-metal-rubber-mount-type-2\/","og_locale":"fr_FR","og_type":"article","og_title":"Vibro-EM.2 : support antivibratoire m\u00e9tal-caoutchouc (type 2) - GeoClimate.ge","og_description":"Support \u00e9lastique antivibratoire avec couvercle m\u00e9tallique pour une r\u00e9partition uniforme de la charge et une protection UV de la partie \u00e9lastique du support  Vibro-E\u039c.2 est le r\u00e9sultat de recherches sp\u00e9cialis\u00e9es et est compos\u00e9 d'une combinaison de pi\u00e8ces en caoutchouc et en m\u00e9tal. Le couvercle m\u00e9tallique offre une protection contre divers fluides, comme l'huile et l'eau. De plus, il prot\u00e8ge le corps principal du support antivibratoire du soleil, augmentant ainsi sa dur\u00e9e de vie.  Le couvercle m\u00e9tallique est en t\u00f4le galvanis\u00e9e qui le prot\u00e8ge de l'oxydation. Le reste des pi\u00e8ces m\u00e9talliques est recouvert de caoutchouc pour une meilleure protection contre l'oxydation, tandis que les surfaces sup\u00e9rieure et inf\u00e9rieure ont des rev\u00eatements sp\u00e9ciaux qui augmentent la friction et r\u00e9duisent la surface de glissement.  Le Vibro \u2013 EM.2 peut \u00eatre utilis\u00e9 dans :  les centrales de traitement d'air les climatiseurs les pompes les compresseurs d'air les ventilateurs les transformateurs les g\u00e9n\u00e9rateurs de moteurs les machines de d\u00e9coupe les machines d'impression les ascenseurs, etc. Un marquage sp\u00e9cial (W : Blanc, B : Bleu, R : Rouge) identifie la duret\u00e9 du caoutchouc et la charge maximale qu'il peut supporter.","og_url":"https:\/\/geoclimate.ge\/fr\/produit\/vibro-em-2-anti-vibration-metal-rubber-mount-type-2\/","og_site_name":"GeoClimate.ge","article_modified_time":"2025-02-07T17:49:35+00:00","og_image":[{"width":280,"height":210,"url":"https:\/\/geoclimate.ge\/wp-content\/uploads\/2025\/02\/072009102809_A.jpg","type":"image\/jpeg"}],"twitter_card":"summary_large_image","schema":{"@context":"https:\/\/schema.org","@graph":[{"@type":"WebPage","@id":"https:\/\/geoclimate.ge\/fr\/produit\/vibro-em-2-anti-vibration-metal-rubber-mount-type-2\/","url":"https:\/\/geoclimate.ge\/fr\/produit\/vibro-em-2-anti-vibration-metal-rubber-mount-type-2\/","name":"Vibro-EM.2 : support antivibratoire m\u00e9tal-caoutchouc (type 2) - GeoClimate.ge","isPartOf":{"@id":"https:\/\/geoclimate.ge\/#website"},"primaryImageOfPage":{"@id":"https:\/\/geoclimate.ge\/fr\/produit\/vibro-em-2-anti-vibration-metal-rubber-mount-type-2\/#primaryimage"},"image":{"@id":"https:\/\/geoclimate.ge\/fr\/produit\/vibro-em-2-anti-vibration-metal-rubber-mount-type-2\/#primaryimage"},"thumbnailUrl":"https:\/\/geoclimate.ge\/wp-content\/uploads\/2025\/02\/072009102809_A.jpg","datePublished":"2025-02-07T17:47:55+00:00","dateModified":"2025-02-07T17:49:35+00:00","breadcrumb":{"@id":"https:\/\/geoclimate.ge\/fr\/produit\/vibro-em-2-anti-vibration-metal-rubber-mount-type-2\/#breadcrumb"},"inLanguage":"fr-FR","potentialAction":[{"@type":"ReadAction","target":["https:\/\/geoclimate.ge\/fr\/produit\/vibro-em-2-anti-vibration-metal-rubber-mount-type-2\/"]}]},{"@type":"ImageObject","inLanguage":"fr-FR","@id":"https:\/\/geoclimate.ge\/fr\/produit\/vibro-em-2-anti-vibration-metal-rubber-mount-type-2\/#primaryimage","url":"https:\/\/geoclimate.ge\/wp-content\/uploads\/2025\/02\/072009102809_A.jpg","contentUrl":"https:\/\/geoclimate.ge\/wp-content\/uploads\/2025\/02\/072009102809_A.jpg","width":280,"height":210},{"@type":"BreadcrumbList","@id":"https:\/\/geoclimate.ge\/fr\/produit\/vibro-em-2-anti-vibration-metal-rubber-mount-type-2\/#breadcrumb","itemListElement":[{"@type":"ListItem","position":1,"name":"Home","item":"https:\/\/geoclimate.ge\/fr\/"},{"@type":"ListItem","position":2,"name":"Products","item":"https:\/\/geoclimate.ge\/fr\/products\/"},{"@type":"ListItem","position":3,"name":"Vibro-EM.2 : support antivibratoire m\u00e9tal-caoutchouc (type 2)"}]},{"@type":"WebSite","@id":"https:\/\/geoclimate.ge\/#website","url":"https:\/\/geoclimate.ge\/","name":"GeoClimate","description":"","publisher":{"@id":"https:\/\/geoclimate.ge\/#organization"},"potentialAction":[{"@type":"SearchAction","target":{"@type":"EntryPoint","urlTemplate":"https:\/\/geoclimate.ge\/?s={search_term_string}"},"query-input":{"@type":"PropertyValueSpecification","valueRequired":true,"valueName":"search_term_string"}}],"inLanguage":"fr-FR"},{"@type":"Organization","@id":"https:\/\/geoclimate.ge\/#organization","name":"GeoClimate","url":"https:\/\/geoclimate.ge\/","logo":{"@type":"ImageObject","inLanguage":"fr-FR","@id":"https:\/\/geoclimate.ge\/#\/schema\/logo\/image\/","url":"https:\/\/geoclimate.ge\/wp-content\/uploads\/2026\/03\/geoclimate-SEO.png","contentUrl":"https:\/\/geoclimate.ge\/wp-content\/uploads\/2026\/03\/geoclimate-SEO.png","width":1536,"height":1024,"caption":"GeoClimate"},"image":{"@id":"https:\/\/geoclimate.ge\/#\/schema\/logo\/image\/"}}]}},"_links":{"self":[{"href":"https:\/\/geoclimate.ge\/fr\/wp-json\/wp\/v2\/product\/18160","targetHints":{"allow":["GET"]}}],"collection":[{"href":"https:\/\/geoclimate.ge\/fr\/wp-json\/wp\/v2\/product"}],"about":[{"href":"https:\/\/geoclimate.ge\/fr\/wp-json\/wp\/v2\/types\/product"}],"wp:featuredmedia":[{"embeddable":true,"href":"https:\/\/geoclimate.ge\/fr\/wp-json\/wp\/v2\/media\/18129"}],"wp:attachment":[{"href":"https:\/\/geoclimate.ge\/fr\/wp-json\/wp\/v2\/media?parent=18160"}],"wp:term":[{"taxonomy":"product_brand","embeddable":true,"href":"https:\/\/geoclimate.ge\/fr\/wp-json\/wp\/v2\/product_brand?post=18160"},{"taxonomy":"product_cat","embeddable":true,"href":"https:\/\/geoclimate.ge\/fr\/wp-json\/wp\/v2\/product_cat?post=18160"},{"taxonomy":"product_tag","embeddable":true,"href":"https:\/\/geoclimate.ge\/fr\/wp-json\/wp\/v2\/product_tag?post=18160"}],"curies":[{"name":"wp","href":"https:\/\/api.w.org\/{rel}","templated":true}]}}