{"id":18192,"date":"2025-02-07T21:51:52","date_gmt":"2025-02-07T17:51:52","guid":{"rendered":"https:\/\/airsystems.ge\/shop\/product\/vibro-em-3-anti-vibration-metal-rubber-mount-type-3\/"},"modified":"2025-02-07T21:53:32","modified_gmt":"2025-02-07T17:53:32","slug":"vibro-em-3-anti-vibration-metal-rubber-mount-type-3","status":"publish","type":"product","link":"https:\/\/geoclimate.ge\/fr\/produit\/vibro-em-3-anti-vibration-metal-rubber-mount-type-3\/","title":{"rendered":"Vibro-EM.3 : support antivibratoire m\u00e9tal-caoutchouc (type 3)"},"content":{"rendered":"<table>\n<thead>\n<tr>\n<th colspan=\"2\">Section Table of Vibro-EM.3<\/th>\n<\/tr>\n<\/thead>\n<tbody>\n<tr>\n<td><strong>Type (color code)<\/strong><\/td>\n<td><strong>Max. Load (daN)<\/strong><\/td>\n<\/tr>\n<tr>\n<td>Vibro-EM.3 (Blue)<\/td>\n<td>200<\/td>\n<\/tr>\n<tr>\n<td>Vibro-EM.3 (White)<\/td>\n<td>350<\/td>\n<\/tr>\n<tr>\n<td>Vibro-EM.3 (Orange)<\/td>\n<td>500<\/td>\n<\/tr>\n<\/tbody>\n<\/table>\n<p><strong>Dynamic Characteristics:<\/strong><\/p>\n<p><strong>Deflection:<\/strong>\u00a03 mm at maximum load<br \/>\n<strong>Natural Frequency:<\/strong>\u00a010 Hz at maximum load<\/p>\n","protected":false},"excerpt":{"rendered":"<p>Support \u00e9lastique antivibratoire de type 3 pour les applications CVC, en particulier lorsqu&rsquo;un montage au sol et sur les machines est n\u00e9cessaire.<\/p>\n<p>SUPPORTS \u00c9LASTIQUES ANTIVIBRATOIRES (Type 3)<\/p>\n<p>Vibro EM.3 est un support antivibratoire fabriqu\u00e9 \u00e0 partir d&rsquo;une combinaison de pi\u00e8ces en caoutchouc et en m\u00e9tal. Les pi\u00e8ces m\u00e9talliques sont recouvertes de caoutchouc et sont mieux prot\u00e9g\u00e9es de l&rsquo;oxydation, tandis que la surface sup\u00e9rieure et inf\u00e9rieure est dot\u00e9e d&rsquo;un rev\u00eatement sp\u00e9cial qui augmente la friction et r\u00e9duit le glissement de la surface.<\/p>\n<p>Le support \u00e9lastique antivibratoire Vibro EM.3 peut \u00eatre utilis\u00e9 pour absorber les vibrations dans :<\/p>\n<p>les centrales de traitement d&rsquo;air<br \/>\nles climatiseurs<br \/>\nles pompes<br \/>\nles compresseurs d&rsquo;air<br \/>\nles ventilateurs<br \/>\nles transformateurs<br \/>\nles g\u00e9n\u00e9rateurs de moteurs<br \/>\nles machines de d\u00e9coupe<br \/>\nles machines d&rsquo;impression<br \/>\nles ascenseurs, etc.<br \/>\nUn marquage sp\u00e9cial (W : Blanc, B : Bleu) identifie la duret\u00e9 du caoutchouc et la charge maximale qu&rsquo;il peut supporter.<\/p>\n","protected":false},"featured_media":18165,"template":"","meta":[],"product_brand":[],"product_cat":[778,707],"product_tag":[],"class_list":{"0":"post-18192","1":"product","2":"type-product","3":"status-publish","4":"has-post-thumbnail","6":"product_cat-acoustics-noise-fr","7":"product_cat-vibration-anti-bruit-acoustique-fr","9":"first","10":"instock","11":"shipping-taxable","12":"product-type-simple"},"yoast_head":"<!-- This site is optimized with the Yoast SEO plugin v27.1.1 - https:\/\/yoast.com\/product\/yoast-seo-wordpress\/ -->\n<title>Vibro-EM.3 : support antivibratoire m\u00e9tal-caoutchouc (type 3) - GeoClimate.ge<\/title>\n<meta name=\"robots\" content=\"index, follow, max-snippet:-1, max-image-preview:large, max-video-preview:-1\" \/>\n<link rel=\"canonical\" href=\"https:\/\/geoclimate.ge\/fr\/produit\/vibro-em-3-anti-vibration-metal-rubber-mount-type-3\/\" \/>\n<meta property=\"og:locale\" content=\"fr_FR\" \/>\n<meta property=\"og:type\" content=\"article\" \/>\n<meta property=\"og:title\" content=\"Vibro-EM.3 : support antivibratoire m\u00e9tal-caoutchouc (type 3) - GeoClimate.ge\" \/>\n<meta property=\"og:description\" content=\"Support \u00e9lastique antivibratoire de type 3 pour les applications CVC, en particulier lorsqu&#039;un montage au sol et sur les machines est n\u00e9cessaire.  SUPPORTS \u00c9LASTIQUES ANTIVIBRATOIRES (Type 3)  Vibro EM.3 est un support antivibratoire fabriqu\u00e9 \u00e0 partir d&#039;une combinaison de pi\u00e8ces en caoutchouc et en m\u00e9tal. Les pi\u00e8ces m\u00e9talliques sont recouvertes de caoutchouc et sont mieux prot\u00e9g\u00e9es de l&#039;oxydation, tandis que la surface sup\u00e9rieure et inf\u00e9rieure est dot\u00e9e d&#039;un rev\u00eatement sp\u00e9cial qui augmente la friction et r\u00e9duit le glissement de la surface.  Le support \u00e9lastique antivibratoire Vibro EM.3 peut \u00eatre utilis\u00e9 pour absorber les vibrations dans :  les centrales de traitement d&#039;air les climatiseurs les pompes les compresseurs d&#039;air les ventilateurs les transformateurs les g\u00e9n\u00e9rateurs de moteurs les machines de d\u00e9coupe les machines d&#039;impression les ascenseurs, etc. Un marquage sp\u00e9cial (W : Blanc, B : Bleu) identifie la duret\u00e9 du caoutchouc et la charge maximale qu&#039;il peut supporter.\" \/>\n<meta property=\"og:url\" content=\"https:\/\/geoclimate.ge\/fr\/produit\/vibro-em-3-anti-vibration-metal-rubber-mount-type-3\/\" \/>\n<meta property=\"og:site_name\" content=\"GeoClimate.ge\" \/>\n<meta property=\"article:modified_time\" content=\"2025-02-07T17:53:32+00:00\" \/>\n<meta property=\"og:image\" content=\"https:\/\/geoclimate.ge\/wp-content\/uploads\/2025\/02\/07200995114_A.jpg\" \/>\n\t<meta property=\"og:image:width\" content=\"280\" \/>\n\t<meta property=\"og:image:height\" content=\"210\" \/>\n\t<meta property=\"og:image:type\" content=\"image\/jpeg\" \/>\n<meta name=\"twitter:card\" content=\"summary_large_image\" \/>\n<script type=\"application\/ld+json\" class=\"yoast-schema-graph\">{\"@context\":\"https:\/\/schema.org\",\"@graph\":[{\"@type\":\"WebPage\",\"@id\":\"https:\/\/geoclimate.ge\/fr\/produit\/vibro-em-3-anti-vibration-metal-rubber-mount-type-3\/\",\"url\":\"https:\/\/geoclimate.ge\/fr\/produit\/vibro-em-3-anti-vibration-metal-rubber-mount-type-3\/\",\"name\":\"Vibro-EM.3 : support antivibratoire m\u00e9tal-caoutchouc (type 3) - GeoClimate.ge\",\"isPartOf\":{\"@id\":\"https:\/\/geoclimate.ge\/#website\"},\"primaryImageOfPage\":{\"@id\":\"https:\/\/geoclimate.ge\/fr\/produit\/vibro-em-3-anti-vibration-metal-rubber-mount-type-3\/#primaryimage\"},\"image\":{\"@id\":\"https:\/\/geoclimate.ge\/fr\/produit\/vibro-em-3-anti-vibration-metal-rubber-mount-type-3\/#primaryimage\"},\"thumbnailUrl\":\"https:\/\/geoclimate.ge\/wp-content\/uploads\/2025\/02\/07200995114_A.jpg\",\"datePublished\":\"2025-02-07T17:51:52+00:00\",\"dateModified\":\"2025-02-07T17:53:32+00:00\",\"breadcrumb\":{\"@id\":\"https:\/\/geoclimate.ge\/fr\/produit\/vibro-em-3-anti-vibration-metal-rubber-mount-type-3\/#breadcrumb\"},\"inLanguage\":\"fr-FR\",\"potentialAction\":[{\"@type\":\"ReadAction\",\"target\":[\"https:\/\/geoclimate.ge\/fr\/produit\/vibro-em-3-anti-vibration-metal-rubber-mount-type-3\/\"]}]},{\"@type\":\"ImageObject\",\"inLanguage\":\"fr-FR\",\"@id\":\"https:\/\/geoclimate.ge\/fr\/produit\/vibro-em-3-anti-vibration-metal-rubber-mount-type-3\/#primaryimage\",\"url\":\"https:\/\/geoclimate.ge\/wp-content\/uploads\/2025\/02\/07200995114_A.jpg\",\"contentUrl\":\"https:\/\/geoclimate.ge\/wp-content\/uploads\/2025\/02\/07200995114_A.jpg\",\"width\":280,\"height\":210},{\"@type\":\"BreadcrumbList\",\"@id\":\"https:\/\/geoclimate.ge\/fr\/produit\/vibro-em-3-anti-vibration-metal-rubber-mount-type-3\/#breadcrumb\",\"itemListElement\":[{\"@type\":\"ListItem\",\"position\":1,\"name\":\"Home\",\"item\":\"https:\/\/geoclimate.ge\/fr\/\"},{\"@type\":\"ListItem\",\"position\":2,\"name\":\"Products\",\"item\":\"https:\/\/geoclimate.ge\/fr\/products\/\"},{\"@type\":\"ListItem\",\"position\":3,\"name\":\"Vibro-EM.3 : support antivibratoire m\u00e9tal-caoutchouc (type 3)\"}]},{\"@type\":\"WebSite\",\"@id\":\"https:\/\/geoclimate.ge\/#website\",\"url\":\"https:\/\/geoclimate.ge\/\",\"name\":\"GeoClimate\",\"description\":\"\",\"publisher\":{\"@id\":\"https:\/\/geoclimate.ge\/#organization\"},\"potentialAction\":[{\"@type\":\"SearchAction\",\"target\":{\"@type\":\"EntryPoint\",\"urlTemplate\":\"https:\/\/geoclimate.ge\/?s={search_term_string}\"},\"query-input\":{\"@type\":\"PropertyValueSpecification\",\"valueRequired\":true,\"valueName\":\"search_term_string\"}}],\"inLanguage\":\"fr-FR\"},{\"@type\":\"Organization\",\"@id\":\"https:\/\/geoclimate.ge\/#organization\",\"name\":\"GeoClimate\",\"url\":\"https:\/\/geoclimate.ge\/\",\"logo\":{\"@type\":\"ImageObject\",\"inLanguage\":\"fr-FR\",\"@id\":\"https:\/\/geoclimate.ge\/#\/schema\/logo\/image\/\",\"url\":\"https:\/\/geoclimate.ge\/wp-content\/uploads\/2026\/03\/geoclimate-SEO.png\",\"contentUrl\":\"https:\/\/geoclimate.ge\/wp-content\/uploads\/2026\/03\/geoclimate-SEO.png\",\"width\":1536,\"height\":1024,\"caption\":\"GeoClimate\"},\"image\":{\"@id\":\"https:\/\/geoclimate.ge\/#\/schema\/logo\/image\/\"}}]}<\/script>\n<!-- \/ Yoast SEO plugin. -->","yoast_head_json":{"title":"Vibro-EM.3 : support antivibratoire m\u00e9tal-caoutchouc (type 3) - GeoClimate.ge","robots":{"index":"index","follow":"follow","max-snippet":"max-snippet:-1","max-image-preview":"max-image-preview:large","max-video-preview":"max-video-preview:-1"},"canonical":"https:\/\/geoclimate.ge\/fr\/produit\/vibro-em-3-anti-vibration-metal-rubber-mount-type-3\/","og_locale":"fr_FR","og_type":"article","og_title":"Vibro-EM.3 : support antivibratoire m\u00e9tal-caoutchouc (type 3) - GeoClimate.ge","og_description":"Support \u00e9lastique antivibratoire de type 3 pour les applications CVC, en particulier lorsqu'un montage au sol et sur les machines est n\u00e9cessaire.  SUPPORTS \u00c9LASTIQUES ANTIVIBRATOIRES (Type 3)  Vibro EM.3 est un support antivibratoire fabriqu\u00e9 \u00e0 partir d'une combinaison de pi\u00e8ces en caoutchouc et en m\u00e9tal. Les pi\u00e8ces m\u00e9talliques sont recouvertes de caoutchouc et sont mieux prot\u00e9g\u00e9es de l'oxydation, tandis que la surface sup\u00e9rieure et inf\u00e9rieure est dot\u00e9e d'un rev\u00eatement sp\u00e9cial qui augmente la friction et r\u00e9duit le glissement de la surface.  Le support \u00e9lastique antivibratoire Vibro EM.3 peut \u00eatre utilis\u00e9 pour absorber les vibrations dans :  les centrales de traitement d'air les climatiseurs les pompes les compresseurs d'air les ventilateurs les transformateurs les g\u00e9n\u00e9rateurs de moteurs les machines de d\u00e9coupe les machines d'impression les ascenseurs, etc. Un marquage sp\u00e9cial (W : Blanc, B : Bleu) identifie la duret\u00e9 du caoutchouc et la charge maximale qu'il peut supporter.","og_url":"https:\/\/geoclimate.ge\/fr\/produit\/vibro-em-3-anti-vibration-metal-rubber-mount-type-3\/","og_site_name":"GeoClimate.ge","article_modified_time":"2025-02-07T17:53:32+00:00","og_image":[{"width":280,"height":210,"url":"https:\/\/geoclimate.ge\/wp-content\/uploads\/2025\/02\/07200995114_A.jpg","type":"image\/jpeg"}],"twitter_card":"summary_large_image","schema":{"@context":"https:\/\/schema.org","@graph":[{"@type":"WebPage","@id":"https:\/\/geoclimate.ge\/fr\/produit\/vibro-em-3-anti-vibration-metal-rubber-mount-type-3\/","url":"https:\/\/geoclimate.ge\/fr\/produit\/vibro-em-3-anti-vibration-metal-rubber-mount-type-3\/","name":"Vibro-EM.3 : support antivibratoire m\u00e9tal-caoutchouc (type 3) - GeoClimate.ge","isPartOf":{"@id":"https:\/\/geoclimate.ge\/#website"},"primaryImageOfPage":{"@id":"https:\/\/geoclimate.ge\/fr\/produit\/vibro-em-3-anti-vibration-metal-rubber-mount-type-3\/#primaryimage"},"image":{"@id":"https:\/\/geoclimate.ge\/fr\/produit\/vibro-em-3-anti-vibration-metal-rubber-mount-type-3\/#primaryimage"},"thumbnailUrl":"https:\/\/geoclimate.ge\/wp-content\/uploads\/2025\/02\/07200995114_A.jpg","datePublished":"2025-02-07T17:51:52+00:00","dateModified":"2025-02-07T17:53:32+00:00","breadcrumb":{"@id":"https:\/\/geoclimate.ge\/fr\/produit\/vibro-em-3-anti-vibration-metal-rubber-mount-type-3\/#breadcrumb"},"inLanguage":"fr-FR","potentialAction":[{"@type":"ReadAction","target":["https:\/\/geoclimate.ge\/fr\/produit\/vibro-em-3-anti-vibration-metal-rubber-mount-type-3\/"]}]},{"@type":"ImageObject","inLanguage":"fr-FR","@id":"https:\/\/geoclimate.ge\/fr\/produit\/vibro-em-3-anti-vibration-metal-rubber-mount-type-3\/#primaryimage","url":"https:\/\/geoclimate.ge\/wp-content\/uploads\/2025\/02\/07200995114_A.jpg","contentUrl":"https:\/\/geoclimate.ge\/wp-content\/uploads\/2025\/02\/07200995114_A.jpg","width":280,"height":210},{"@type":"BreadcrumbList","@id":"https:\/\/geoclimate.ge\/fr\/produit\/vibro-em-3-anti-vibration-metal-rubber-mount-type-3\/#breadcrumb","itemListElement":[{"@type":"ListItem","position":1,"name":"Home","item":"https:\/\/geoclimate.ge\/fr\/"},{"@type":"ListItem","position":2,"name":"Products","item":"https:\/\/geoclimate.ge\/fr\/products\/"},{"@type":"ListItem","position":3,"name":"Vibro-EM.3 : support antivibratoire m\u00e9tal-caoutchouc (type 3)"}]},{"@type":"WebSite","@id":"https:\/\/geoclimate.ge\/#website","url":"https:\/\/geoclimate.ge\/","name":"GeoClimate","description":"","publisher":{"@id":"https:\/\/geoclimate.ge\/#organization"},"potentialAction":[{"@type":"SearchAction","target":{"@type":"EntryPoint","urlTemplate":"https:\/\/geoclimate.ge\/?s={search_term_string}"},"query-input":{"@type":"PropertyValueSpecification","valueRequired":true,"valueName":"search_term_string"}}],"inLanguage":"fr-FR"},{"@type":"Organization","@id":"https:\/\/geoclimate.ge\/#organization","name":"GeoClimate","url":"https:\/\/geoclimate.ge\/","logo":{"@type":"ImageObject","inLanguage":"fr-FR","@id":"https:\/\/geoclimate.ge\/#\/schema\/logo\/image\/","url":"https:\/\/geoclimate.ge\/wp-content\/uploads\/2026\/03\/geoclimate-SEO.png","contentUrl":"https:\/\/geoclimate.ge\/wp-content\/uploads\/2026\/03\/geoclimate-SEO.png","width":1536,"height":1024,"caption":"GeoClimate"},"image":{"@id":"https:\/\/geoclimate.ge\/#\/schema\/logo\/image\/"}}]}},"_links":{"self":[{"href":"https:\/\/geoclimate.ge\/fr\/wp-json\/wp\/v2\/product\/18192","targetHints":{"allow":["GET"]}}],"collection":[{"href":"https:\/\/geoclimate.ge\/fr\/wp-json\/wp\/v2\/product"}],"about":[{"href":"https:\/\/geoclimate.ge\/fr\/wp-json\/wp\/v2\/types\/product"}],"wp:featuredmedia":[{"embeddable":true,"href":"https:\/\/geoclimate.ge\/fr\/wp-json\/wp\/v2\/media\/18165"}],"wp:attachment":[{"href":"https:\/\/geoclimate.ge\/fr\/wp-json\/wp\/v2\/media?parent=18192"}],"wp:term":[{"taxonomy":"product_brand","embeddable":true,"href":"https:\/\/geoclimate.ge\/fr\/wp-json\/wp\/v2\/product_brand?post=18192"},{"taxonomy":"product_cat","embeddable":true,"href":"https:\/\/geoclimate.ge\/fr\/wp-json\/wp\/v2\/product_cat?post=18192"},{"taxonomy":"product_tag","embeddable":true,"href":"https:\/\/geoclimate.ge\/fr\/wp-json\/wp\/v2\/product_tag?post=18192"}],"curies":[{"name":"wp","href":"https:\/\/api.w.org\/{rel}","templated":true}]}}