{"id":18239,"date":"2025-02-07T22:01:58","date_gmt":"2025-02-07T18:01:58","guid":{"rendered":"https:\/\/airsystems.ge\/shop\/product\/seismicon-seismic-restraint\/"},"modified":"2025-02-07T22:02:57","modified_gmt":"2025-02-07T18:02:57","slug":"seismicon-seismic-restraint","status":"publish","type":"product","link":"https:\/\/geoclimate.ge\/fr\/produit\/seismicon-seismic-restraint\/","title":{"rendered":"SeismiCon : Dispositif de retenue sismique"},"content":{"rendered":"<p><img loading=\"lazy\" decoding=\"async\" class=\"alignleft wp-image-4922\" src=\"https:\/\/antivibration-systems.com\/wp-content\/uploads\/2012\/11\/Vibro-SeiSmicon-Selection-Table.png\" alt=\"Vibro-SeiSmicon Selection Table\" width=\"674\" height=\"93\" \/><\/p>\n","protected":false},"excerpt":{"rendered":"<p>Dispositif de retenue pour machines bas\u00e9es sur des supports antivibratoires lors de l&rsquo;excitation de forces externes<\/p>\n<p>DESCRIPTION<\/p>\n<p>Le dispositif de retenue sismique SeismiCon est utilis\u00e9 pour :<\/p>\n<p>Limiter les d\u00e9placements des machines lors d&rsquo;une stimulation sismique.<br \/>\nLes machines bas\u00e9es sur des supports antivibratoires lors de l&rsquo;excitation de forces externes.<br \/>\nLes machines bas\u00e9es sur des supports antivibratoires tels que des ressorts, des coussinets \u00e9lastiques, etc., lors d&rsquo;une stimulation externe (par exemple tremblement de terre, vent, tornade, etc.) peuvent d\u00e9velopper des d\u00e9placements critiques.<br \/>\nCes d\u00e9placements peuvent arr\u00eater le fonctionnement ou m\u00eame causer de graves dommages aux machines.<\/p>\n<p>Le dispositif de retenue sismique SeismiCon peut r\u00e9sister aux forces impos\u00e9es et limiter le mouvement des \u00e9quipements dans les trois directions. Ils peuvent supporter les forces sismiques telles que la tension, la compression, le cisaillement.<\/p>\n<p>Les dispositifs de retenue emp\u00eachent \u00e9galement la cr\u00e9ation de ponts sonores entre la machine et sa base de support, gr\u00e2ce \u00e0 leurs but\u00e9es \u00e9lastiques internes en n\u00e9opr\u00e8ne, de sorte que les vibrations pendant le fonctionnement normal ne sont pas transmises.<\/p>\n<p>INSTALLATION<\/p>\n<p>Quatre dispositifs de retenue sismiques Vibro-SeismiCon doivent \u00eatre install\u00e9s, un de chaque c\u00f4t\u00e9 de la machine, pr\u00e8s des coins de sa base.<br \/>\nL&rsquo;application du dispositif de retenue doit \u00eatre effectu\u00e9e apr\u00e8s l&rsquo;installation et le fonctionnement de la machine. Ensuite, le dispositif de retenue peut \u00eatre r\u00e9gl\u00e9 en hauteur.<br \/>\nDes ajouts de t\u00f4les peuvent \u00eatre viss\u00e9s ou soud\u00e9s sur les pi\u00e8ces du dispositif de retenue, s&rsquo;il est n\u00e9cessaire de l&rsquo;adapter aux besoins particuliers de l&rsquo;installation.<br \/>\nIl faut s&rsquo;assurer que le ch\u00e2ssis de la machine et la structure du b\u00e2timent ont la r\u00e9sistance n\u00e9cessaire pour rester tous deux attach\u00e9s au SeismiCon, en cas de tremblement de terre ou de charge de vent extr\u00eame.<\/p>\n","protected":false},"featured_media":18236,"template":"","meta":[],"product_brand":[],"product_cat":[707],"product_tag":[],"class_list":{"0":"post-18239","1":"product","2":"type-product","3":"status-publish","4":"has-post-thumbnail","6":"product_cat-vibration-anti-bruit-acoustique-fr","8":"first","9":"instock","10":"shipping-taxable","11":"product-type-simple"},"yoast_head":"<!-- This site is optimized with the Yoast SEO plugin v27.1.1 - https:\/\/yoast.com\/product\/yoast-seo-wordpress\/ -->\n<title>SeismiCon : Dispositif de retenue sismique - GeoClimate.ge<\/title>\n<meta name=\"robots\" content=\"index, follow, max-snippet:-1, max-image-preview:large, max-video-preview:-1\" \/>\n<link rel=\"canonical\" href=\"https:\/\/geoclimate.ge\/fr\/produit\/seismicon-seismic-restraint\/\" \/>\n<meta property=\"og:locale\" content=\"fr_FR\" \/>\n<meta property=\"og:type\" content=\"article\" \/>\n<meta property=\"og:title\" content=\"SeismiCon : Dispositif de retenue sismique - GeoClimate.ge\" \/>\n<meta property=\"og:description\" content=\"Dispositif de retenue pour machines bas\u00e9es sur des supports antivibratoires lors de l&#039;excitation de forces externes  DESCRIPTION  Le dispositif de retenue sismique SeismiCon est utilis\u00e9 pour :  Limiter les d\u00e9placements des machines lors d&#039;une stimulation sismique. Les machines bas\u00e9es sur des supports antivibratoires lors de l&#039;excitation de forces externes. Les machines bas\u00e9es sur des supports antivibratoires tels que des ressorts, des coussinets \u00e9lastiques, etc., lors d&#039;une stimulation externe (par exemple tremblement de terre, vent, tornade, etc.) peuvent d\u00e9velopper des d\u00e9placements critiques. Ces d\u00e9placements peuvent arr\u00eater le fonctionnement ou m\u00eame causer de graves dommages aux machines.  Le dispositif de retenue sismique SeismiCon peut r\u00e9sister aux forces impos\u00e9es et limiter le mouvement des \u00e9quipements dans les trois directions. Ils peuvent supporter les forces sismiques telles que la tension, la compression, le cisaillement.  Les dispositifs de retenue emp\u00eachent \u00e9galement la cr\u00e9ation de ponts sonores entre la machine et sa base de support, gr\u00e2ce \u00e0 leurs but\u00e9es \u00e9lastiques internes en n\u00e9opr\u00e8ne, de sorte que les vibrations pendant le fonctionnement normal ne sont pas transmises.  INSTALLATION  Quatre dispositifs de retenue sismiques Vibro-SeismiCon doivent \u00eatre install\u00e9s, un de chaque c\u00f4t\u00e9 de la machine, pr\u00e8s des coins de sa base. L&#039;application du dispositif de retenue doit \u00eatre effectu\u00e9e apr\u00e8s l&#039;installation et le fonctionnement de la machine. Ensuite, le dispositif de retenue peut \u00eatre r\u00e9gl\u00e9 en hauteur. Des ajouts de t\u00f4les peuvent \u00eatre viss\u00e9s ou soud\u00e9s sur les pi\u00e8ces du dispositif de retenue, s&#039;il est n\u00e9cessaire de l&#039;adapter aux besoins particuliers de l&#039;installation. Il faut s&#039;assurer que le ch\u00e2ssis de la machine et la structure du b\u00e2timent ont la r\u00e9sistance n\u00e9cessaire pour rester tous deux attach\u00e9s au SeismiCon, en cas de tremblement de terre ou de charge de vent extr\u00eame.\" \/>\n<meta property=\"og:url\" content=\"https:\/\/geoclimate.ge\/fr\/produit\/seismicon-seismic-restraint\/\" \/>\n<meta property=\"og:site_name\" content=\"GeoClimate.ge\" \/>\n<meta property=\"article:modified_time\" content=\"2025-02-07T18:02:57+00:00\" \/>\n<meta property=\"og:image\" content=\"https:\/\/geoclimate.ge\/wp-content\/uploads\/2025\/02\/072709165329_A.jpg\" \/>\n\t<meta property=\"og:image:width\" content=\"280\" \/>\n\t<meta property=\"og:image:height\" content=\"210\" \/>\n\t<meta property=\"og:image:type\" content=\"image\/jpeg\" \/>\n<meta name=\"twitter:card\" content=\"summary_large_image\" \/>\n<script type=\"application\/ld+json\" class=\"yoast-schema-graph\">{\"@context\":\"https:\/\/schema.org\",\"@graph\":[{\"@type\":\"WebPage\",\"@id\":\"https:\/\/geoclimate.ge\/fr\/produit\/seismicon-seismic-restraint\/\",\"url\":\"https:\/\/geoclimate.ge\/fr\/produit\/seismicon-seismic-restraint\/\",\"name\":\"SeismiCon : Dispositif de retenue sismique - GeoClimate.ge\",\"isPartOf\":{\"@id\":\"https:\/\/geoclimate.ge\/#website\"},\"primaryImageOfPage\":{\"@id\":\"https:\/\/geoclimate.ge\/fr\/produit\/seismicon-seismic-restraint\/#primaryimage\"},\"image\":{\"@id\":\"https:\/\/geoclimate.ge\/fr\/produit\/seismicon-seismic-restraint\/#primaryimage\"},\"thumbnailUrl\":\"https:\/\/geoclimate.ge\/wp-content\/uploads\/2025\/02\/072709165329_A.jpg\",\"datePublished\":\"2025-02-07T18:01:58+00:00\",\"dateModified\":\"2025-02-07T18:02:57+00:00\",\"breadcrumb\":{\"@id\":\"https:\/\/geoclimate.ge\/fr\/produit\/seismicon-seismic-restraint\/#breadcrumb\"},\"inLanguage\":\"fr-FR\",\"potentialAction\":[{\"@type\":\"ReadAction\",\"target\":[\"https:\/\/geoclimate.ge\/fr\/produit\/seismicon-seismic-restraint\/\"]}]},{\"@type\":\"ImageObject\",\"inLanguage\":\"fr-FR\",\"@id\":\"https:\/\/geoclimate.ge\/fr\/produit\/seismicon-seismic-restraint\/#primaryimage\",\"url\":\"https:\/\/geoclimate.ge\/wp-content\/uploads\/2025\/02\/072709165329_A.jpg\",\"contentUrl\":\"https:\/\/geoclimate.ge\/wp-content\/uploads\/2025\/02\/072709165329_A.jpg\",\"width\":280,\"height\":210},{\"@type\":\"BreadcrumbList\",\"@id\":\"https:\/\/geoclimate.ge\/fr\/produit\/seismicon-seismic-restraint\/#breadcrumb\",\"itemListElement\":[{\"@type\":\"ListItem\",\"position\":1,\"name\":\"Home\",\"item\":\"https:\/\/geoclimate.ge\/fr\/\"},{\"@type\":\"ListItem\",\"position\":2,\"name\":\"Products\",\"item\":\"https:\/\/geoclimate.ge\/fr\/products\/\"},{\"@type\":\"ListItem\",\"position\":3,\"name\":\"SeismiCon : Dispositif de retenue sismique\"}]},{\"@type\":\"WebSite\",\"@id\":\"https:\/\/geoclimate.ge\/#website\",\"url\":\"https:\/\/geoclimate.ge\/\",\"name\":\"GeoClimate\",\"description\":\"\",\"publisher\":{\"@id\":\"https:\/\/geoclimate.ge\/#organization\"},\"potentialAction\":[{\"@type\":\"SearchAction\",\"target\":{\"@type\":\"EntryPoint\",\"urlTemplate\":\"https:\/\/geoclimate.ge\/?s={search_term_string}\"},\"query-input\":{\"@type\":\"PropertyValueSpecification\",\"valueRequired\":true,\"valueName\":\"search_term_string\"}}],\"inLanguage\":\"fr-FR\"},{\"@type\":\"Organization\",\"@id\":\"https:\/\/geoclimate.ge\/#organization\",\"name\":\"GeoClimate\",\"url\":\"https:\/\/geoclimate.ge\/\",\"logo\":{\"@type\":\"ImageObject\",\"inLanguage\":\"fr-FR\",\"@id\":\"https:\/\/geoclimate.ge\/#\/schema\/logo\/image\/\",\"url\":\"https:\/\/geoclimate.ge\/wp-content\/uploads\/2026\/03\/geoclimate-SEO.png\",\"contentUrl\":\"https:\/\/geoclimate.ge\/wp-content\/uploads\/2026\/03\/geoclimate-SEO.png\",\"width\":1536,\"height\":1024,\"caption\":\"GeoClimate\"},\"image\":{\"@id\":\"https:\/\/geoclimate.ge\/#\/schema\/logo\/image\/\"}}]}<\/script>\n<!-- \/ Yoast SEO plugin. -->","yoast_head_json":{"title":"SeismiCon : Dispositif de retenue sismique - GeoClimate.ge","robots":{"index":"index","follow":"follow","max-snippet":"max-snippet:-1","max-image-preview":"max-image-preview:large","max-video-preview":"max-video-preview:-1"},"canonical":"https:\/\/geoclimate.ge\/fr\/produit\/seismicon-seismic-restraint\/","og_locale":"fr_FR","og_type":"article","og_title":"SeismiCon : Dispositif de retenue sismique - GeoClimate.ge","og_description":"Dispositif de retenue pour machines bas\u00e9es sur des supports antivibratoires lors de l'excitation de forces externes  DESCRIPTION  Le dispositif de retenue sismique SeismiCon est utilis\u00e9 pour :  Limiter les d\u00e9placements des machines lors d'une stimulation sismique. Les machines bas\u00e9es sur des supports antivibratoires lors de l'excitation de forces externes. Les machines bas\u00e9es sur des supports antivibratoires tels que des ressorts, des coussinets \u00e9lastiques, etc., lors d'une stimulation externe (par exemple tremblement de terre, vent, tornade, etc.) peuvent d\u00e9velopper des d\u00e9placements critiques. Ces d\u00e9placements peuvent arr\u00eater le fonctionnement ou m\u00eame causer de graves dommages aux machines.  Le dispositif de retenue sismique SeismiCon peut r\u00e9sister aux forces impos\u00e9es et limiter le mouvement des \u00e9quipements dans les trois directions. Ils peuvent supporter les forces sismiques telles que la tension, la compression, le cisaillement.  Les dispositifs de retenue emp\u00eachent \u00e9galement la cr\u00e9ation de ponts sonores entre la machine et sa base de support, gr\u00e2ce \u00e0 leurs but\u00e9es \u00e9lastiques internes en n\u00e9opr\u00e8ne, de sorte que les vibrations pendant le fonctionnement normal ne sont pas transmises.  INSTALLATION  Quatre dispositifs de retenue sismiques Vibro-SeismiCon doivent \u00eatre install\u00e9s, un de chaque c\u00f4t\u00e9 de la machine, pr\u00e8s des coins de sa base. L'application du dispositif de retenue doit \u00eatre effectu\u00e9e apr\u00e8s l'installation et le fonctionnement de la machine. Ensuite, le dispositif de retenue peut \u00eatre r\u00e9gl\u00e9 en hauteur. Des ajouts de t\u00f4les peuvent \u00eatre viss\u00e9s ou soud\u00e9s sur les pi\u00e8ces du dispositif de retenue, s'il est n\u00e9cessaire de l'adapter aux besoins particuliers de l'installation. Il faut s'assurer que le ch\u00e2ssis de la machine et la structure du b\u00e2timent ont la r\u00e9sistance n\u00e9cessaire pour rester tous deux attach\u00e9s au SeismiCon, en cas de tremblement de terre ou de charge de vent extr\u00eame.","og_url":"https:\/\/geoclimate.ge\/fr\/produit\/seismicon-seismic-restraint\/","og_site_name":"GeoClimate.ge","article_modified_time":"2025-02-07T18:02:57+00:00","og_image":[{"width":280,"height":210,"url":"https:\/\/geoclimate.ge\/wp-content\/uploads\/2025\/02\/072709165329_A.jpg","type":"image\/jpeg"}],"twitter_card":"summary_large_image","schema":{"@context":"https:\/\/schema.org","@graph":[{"@type":"WebPage","@id":"https:\/\/geoclimate.ge\/fr\/produit\/seismicon-seismic-restraint\/","url":"https:\/\/geoclimate.ge\/fr\/produit\/seismicon-seismic-restraint\/","name":"SeismiCon : Dispositif de retenue sismique - GeoClimate.ge","isPartOf":{"@id":"https:\/\/geoclimate.ge\/#website"},"primaryImageOfPage":{"@id":"https:\/\/geoclimate.ge\/fr\/produit\/seismicon-seismic-restraint\/#primaryimage"},"image":{"@id":"https:\/\/geoclimate.ge\/fr\/produit\/seismicon-seismic-restraint\/#primaryimage"},"thumbnailUrl":"https:\/\/geoclimate.ge\/wp-content\/uploads\/2025\/02\/072709165329_A.jpg","datePublished":"2025-02-07T18:01:58+00:00","dateModified":"2025-02-07T18:02:57+00:00","breadcrumb":{"@id":"https:\/\/geoclimate.ge\/fr\/produit\/seismicon-seismic-restraint\/#breadcrumb"},"inLanguage":"fr-FR","potentialAction":[{"@type":"ReadAction","target":["https:\/\/geoclimate.ge\/fr\/produit\/seismicon-seismic-restraint\/"]}]},{"@type":"ImageObject","inLanguage":"fr-FR","@id":"https:\/\/geoclimate.ge\/fr\/produit\/seismicon-seismic-restraint\/#primaryimage","url":"https:\/\/geoclimate.ge\/wp-content\/uploads\/2025\/02\/072709165329_A.jpg","contentUrl":"https:\/\/geoclimate.ge\/wp-content\/uploads\/2025\/02\/072709165329_A.jpg","width":280,"height":210},{"@type":"BreadcrumbList","@id":"https:\/\/geoclimate.ge\/fr\/produit\/seismicon-seismic-restraint\/#breadcrumb","itemListElement":[{"@type":"ListItem","position":1,"name":"Home","item":"https:\/\/geoclimate.ge\/fr\/"},{"@type":"ListItem","position":2,"name":"Products","item":"https:\/\/geoclimate.ge\/fr\/products\/"},{"@type":"ListItem","position":3,"name":"SeismiCon : Dispositif de retenue sismique"}]},{"@type":"WebSite","@id":"https:\/\/geoclimate.ge\/#website","url":"https:\/\/geoclimate.ge\/","name":"GeoClimate","description":"","publisher":{"@id":"https:\/\/geoclimate.ge\/#organization"},"potentialAction":[{"@type":"SearchAction","target":{"@type":"EntryPoint","urlTemplate":"https:\/\/geoclimate.ge\/?s={search_term_string}"},"query-input":{"@type":"PropertyValueSpecification","valueRequired":true,"valueName":"search_term_string"}}],"inLanguage":"fr-FR"},{"@type":"Organization","@id":"https:\/\/geoclimate.ge\/#organization","name":"GeoClimate","url":"https:\/\/geoclimate.ge\/","logo":{"@type":"ImageObject","inLanguage":"fr-FR","@id":"https:\/\/geoclimate.ge\/#\/schema\/logo\/image\/","url":"https:\/\/geoclimate.ge\/wp-content\/uploads\/2026\/03\/geoclimate-SEO.png","contentUrl":"https:\/\/geoclimate.ge\/wp-content\/uploads\/2026\/03\/geoclimate-SEO.png","width":1536,"height":1024,"caption":"GeoClimate"},"image":{"@id":"https:\/\/geoclimate.ge\/#\/schema\/logo\/image\/"}}]}},"_links":{"self":[{"href":"https:\/\/geoclimate.ge\/fr\/wp-json\/wp\/v2\/product\/18239","targetHints":{"allow":["GET"]}}],"collection":[{"href":"https:\/\/geoclimate.ge\/fr\/wp-json\/wp\/v2\/product"}],"about":[{"href":"https:\/\/geoclimate.ge\/fr\/wp-json\/wp\/v2\/types\/product"}],"wp:featuredmedia":[{"embeddable":true,"href":"https:\/\/geoclimate.ge\/fr\/wp-json\/wp\/v2\/media\/18236"}],"wp:attachment":[{"href":"https:\/\/geoclimate.ge\/fr\/wp-json\/wp\/v2\/media?parent=18239"}],"wp:term":[{"taxonomy":"product_brand","embeddable":true,"href":"https:\/\/geoclimate.ge\/fr\/wp-json\/wp\/v2\/product_brand?post=18239"},{"taxonomy":"product_cat","embeddable":true,"href":"https:\/\/geoclimate.ge\/fr\/wp-json\/wp\/v2\/product_cat?post=18239"},{"taxonomy":"product_tag","embeddable":true,"href":"https:\/\/geoclimate.ge\/fr\/wp-json\/wp\/v2\/product_tag?post=18239"}],"curies":[{"name":"wp","href":"https:\/\/api.w.org\/{rel}","templated":true}]}}