{"id":18417,"date":"2025-02-07T23:11:16","date_gmt":"2025-02-07T19:11:16","guid":{"rendered":"https:\/\/airsystems.ge\/shop\/product\/vibro-sil-em-3\/"},"modified":"2025-02-07T23:12:37","modified_gmt":"2025-02-07T19:12:37","slug":"vibro-sil-em-3","status":"publish","type":"product","link":"https:\/\/geoclimate.ge\/fr\/produit\/vibro-sil-em-3\/","title":{"rendered":"Vibro.SiL-EM.3"},"content":{"rendered":"<p><img loading=\"lazy\" decoding=\"async\" class=\"alignnone wp-image-4451\" src=\"https:\/\/antivibration-systems.com\/wp-content\/uploads\/2014\/08\/sil-em3.jpg\" sizes=\"auto, (max-width: 612px) 100vw, 612px\" srcset=\"https:\/\/antivibration-systems.com\/wp-content\/uploads\/2014\/08\/sil-em3.jpg 594w, https:\/\/antivibration-systems.com\/wp-content\/uploads\/2014\/08\/sil-em3-300x96.jpg 300w\" alt=\"sil em3\" width=\"612\" height=\"196\" \/><\/p>\n<p>VIBRO SiL EM.3 is a pioneer anti-vibration solution that offers the following technical features:<\/p>\n<p>\u2022 Wide\u00a0 operating\u00a0 temperature\u00a0 range: -40\u00a0 to\u00a0 +200\u00b0C<\/p>\n<p>\u2022 Very low compression set<\/p>\n<p>\u2022 Long term durability and stability<\/p>\n<p>\u2022 Environment-friendly. No harmful additives are contained<\/p>\n<p>\u2022 Low odor<\/p>\n<p>\u2022 Deflection\u00a0<em>(at maximum load)\u00a0<\/em>:\u00a0<strong>4 mm<\/strong><\/p>\n<p>\u2022 Natural Frequency:\u00a0 \u2265\u00a0<strong>8 Hz.<\/strong><\/p>\n","protected":false},"excerpt":{"rendered":"<p>Les supports antivibratoires en m\u00e9tal et caoutchouc silicone Vibro.SiL-EM.3 peuvent offrir une protection \u00e9lev\u00e9e contre les vibrations pour les compresseurs, les pompes, les ventilateurs, les tuyaux d&rsquo;\u00e9chappement \/ supports de silencieux, les \u00e9quipements \u00e9lectroniques sensibles, etc.<\/p>\n<p>Les supports antivibratoires en m\u00e9tal et caoutchouc silicone Vibro.SiL-EM.3 peuvent offrir une protection \u00e9lev\u00e9e contre les vibrations pour les compresseurs, les pompes, les ventilateurs, les tuyaux d&rsquo;\u00e9chappement \/ supports de silencieux, les \u00e9quipements \u00e9lectroniques sensibles, dans les applications avioniques, marines, militaires et m\u00e9dicales, o\u00f9 une large plage de temp\u00e9ratures (-40 \u00e0 +200\u00b0C) se produit.<\/p>\n<p>Convient \u00e9galement aux applications de l&rsquo;industrie alimentaire (fours de boulangerie, chambres froides, etc.).<\/p>\n<p>La conception avanc\u00e9e de Vibro.SiL-EM.3 est le r\u00e9sultat de recherches sp\u00e9cialis\u00e9es et est fabriqu\u00e9e \u00e0 partir de polym\u00e8res de silicone de haute qualit\u00e9. Fournit une protection efficace contre les chocs et les vibrations, bien sup\u00e9rieure \u00e0 celle du caoutchouc naturel et des compos\u00e9s thermoplastiques.<\/p>\n<p>Il peut atteindre une grande capacit\u00e9 de d\u00e9flexion et un point de r\u00e9sonance bas.<\/p>\n<p>Les polym\u00e8res de silicone offrent de tr\u00e8s bonnes propri\u00e9t\u00e9s de r\u00e9sistance aux intemp\u00e9ries, r\u00e9sistent aux UV de l&rsquo;ozone, sont id\u00e9aux pour une utilisation en ext\u00e9rieur. Adapt\u00e9s aux conditions de gel et de neige. Toutes les pi\u00e8ces m\u00e9talliques sont recouvertes de caoutchouc de silicone, offrant une protection contre l&rsquo;oxydation.<\/p>\n<p>Le gel de silicone est plus souple que le caoutchouc naturel\/visco\u00e9lastique et d&rsquo;autres compos\u00e9s thermoplastiques.<\/p>\n","protected":false},"featured_media":18414,"template":"","meta":[],"product_brand":[],"product_cat":[707],"product_tag":[],"class_list":{"0":"post-18417","1":"product","2":"type-product","3":"status-publish","4":"has-post-thumbnail","6":"product_cat-vibration-anti-bruit-acoustique-fr","8":"first","9":"instock","10":"shipping-taxable","11":"product-type-simple"},"yoast_head":"<!-- This site is optimized with the Yoast SEO plugin v27.1.1 - https:\/\/yoast.com\/product\/yoast-seo-wordpress\/ -->\n<title>Vibro.SiL-EM.3 - GeoClimate.ge<\/title>\n<meta name=\"robots\" content=\"index, follow, max-snippet:-1, max-image-preview:large, max-video-preview:-1\" \/>\n<link rel=\"canonical\" href=\"https:\/\/geoclimate.ge\/fr\/produit\/vibro-sil-em-3\/\" \/>\n<meta property=\"og:locale\" content=\"fr_FR\" \/>\n<meta property=\"og:type\" content=\"article\" \/>\n<meta property=\"og:title\" content=\"Vibro.SiL-EM.3 - GeoClimate.ge\" \/>\n<meta property=\"og:description\" content=\"Les supports antivibratoires en m\u00e9tal et caoutchouc silicone Vibro.SiL-EM.3 peuvent offrir une protection \u00e9lev\u00e9e contre les vibrations pour les compresseurs, les pompes, les ventilateurs, les tuyaux d&#039;\u00e9chappement \/ supports de silencieux, les \u00e9quipements \u00e9lectroniques sensibles, etc.  Les supports antivibratoires en m\u00e9tal et caoutchouc silicone Vibro.SiL-EM.3 peuvent offrir une protection \u00e9lev\u00e9e contre les vibrations pour les compresseurs, les pompes, les ventilateurs, les tuyaux d&#039;\u00e9chappement \/ supports de silencieux, les \u00e9quipements \u00e9lectroniques sensibles, dans les applications avioniques, marines, militaires et m\u00e9dicales, o\u00f9 une large plage de temp\u00e9ratures (-40 \u00e0 +200\u00b0C) se produit.  Convient \u00e9galement aux applications de l&#039;industrie alimentaire (fours de boulangerie, chambres froides, etc.).  La conception avanc\u00e9e de Vibro.SiL-EM.3 est le r\u00e9sultat de recherches sp\u00e9cialis\u00e9es et est fabriqu\u00e9e \u00e0 partir de polym\u00e8res de silicone de haute qualit\u00e9. Fournit une protection efficace contre les chocs et les vibrations, bien sup\u00e9rieure \u00e0 celle du caoutchouc naturel et des compos\u00e9s thermoplastiques.  Il peut atteindre une grande capacit\u00e9 de d\u00e9flexion et un point de r\u00e9sonance bas.  Les polym\u00e8res de silicone offrent de tr\u00e8s bonnes propri\u00e9t\u00e9s de r\u00e9sistance aux intemp\u00e9ries, r\u00e9sistent aux UV de l&#039;ozone, sont id\u00e9aux pour une utilisation en ext\u00e9rieur. Adapt\u00e9s aux conditions de gel et de neige. Toutes les pi\u00e8ces m\u00e9talliques sont recouvertes de caoutchouc de silicone, offrant une protection contre l&#039;oxydation.  Le gel de silicone est plus souple que le caoutchouc naturel\/visco\u00e9lastique et d&#039;autres compos\u00e9s thermoplastiques.\" \/>\n<meta property=\"og:url\" content=\"https:\/\/geoclimate.ge\/fr\/produit\/vibro-sil-em-3\/\" \/>\n<meta property=\"og:site_name\" content=\"GeoClimate.ge\" \/>\n<meta property=\"article:modified_time\" content=\"2025-02-07T19:12:37+00:00\" \/>\n<meta property=\"og:image\" content=\"https:\/\/geoclimate.ge\/wp-content\/uploads\/2025\/02\/VIBRO.SiL-EM.3.jpg\" \/>\n\t<meta property=\"og:image:width\" content=\"402\" \/>\n\t<meta property=\"og:image:height\" content=\"379\" \/>\n\t<meta property=\"og:image:type\" content=\"image\/jpeg\" \/>\n<meta name=\"twitter:card\" content=\"summary_large_image\" \/>\n<script type=\"application\/ld+json\" class=\"yoast-schema-graph\">{\"@context\":\"https:\/\/schema.org\",\"@graph\":[{\"@type\":\"WebPage\",\"@id\":\"https:\/\/geoclimate.ge\/fr\/produit\/vibro-sil-em-3\/\",\"url\":\"https:\/\/geoclimate.ge\/fr\/produit\/vibro-sil-em-3\/\",\"name\":\"Vibro.SiL-EM.3 - GeoClimate.ge\",\"isPartOf\":{\"@id\":\"https:\/\/geoclimate.ge\/#website\"},\"primaryImageOfPage\":{\"@id\":\"https:\/\/geoclimate.ge\/fr\/produit\/vibro-sil-em-3\/#primaryimage\"},\"image\":{\"@id\":\"https:\/\/geoclimate.ge\/fr\/produit\/vibro-sil-em-3\/#primaryimage\"},\"thumbnailUrl\":\"https:\/\/geoclimate.ge\/wp-content\/uploads\/2025\/02\/VIBRO.SiL-EM.3.jpg\",\"datePublished\":\"2025-02-07T19:11:16+00:00\",\"dateModified\":\"2025-02-07T19:12:37+00:00\",\"breadcrumb\":{\"@id\":\"https:\/\/geoclimate.ge\/fr\/produit\/vibro-sil-em-3\/#breadcrumb\"},\"inLanguage\":\"fr-FR\",\"potentialAction\":[{\"@type\":\"ReadAction\",\"target\":[\"https:\/\/geoclimate.ge\/fr\/produit\/vibro-sil-em-3\/\"]}]},{\"@type\":\"ImageObject\",\"inLanguage\":\"fr-FR\",\"@id\":\"https:\/\/geoclimate.ge\/fr\/produit\/vibro-sil-em-3\/#primaryimage\",\"url\":\"https:\/\/geoclimate.ge\/wp-content\/uploads\/2025\/02\/VIBRO.SiL-EM.3.jpg\",\"contentUrl\":\"https:\/\/geoclimate.ge\/wp-content\/uploads\/2025\/02\/VIBRO.SiL-EM.3.jpg\",\"width\":402,\"height\":379},{\"@type\":\"BreadcrumbList\",\"@id\":\"https:\/\/geoclimate.ge\/fr\/produit\/vibro-sil-em-3\/#breadcrumb\",\"itemListElement\":[{\"@type\":\"ListItem\",\"position\":1,\"name\":\"Home\",\"item\":\"https:\/\/geoclimate.ge\/fr\/\"},{\"@type\":\"ListItem\",\"position\":2,\"name\":\"Products\",\"item\":\"https:\/\/geoclimate.ge\/fr\/products\/\"},{\"@type\":\"ListItem\",\"position\":3,\"name\":\"Vibro.SiL-EM.3\"}]},{\"@type\":\"WebSite\",\"@id\":\"https:\/\/geoclimate.ge\/#website\",\"url\":\"https:\/\/geoclimate.ge\/\",\"name\":\"GeoClimate\",\"description\":\"\",\"publisher\":{\"@id\":\"https:\/\/geoclimate.ge\/#organization\"},\"potentialAction\":[{\"@type\":\"SearchAction\",\"target\":{\"@type\":\"EntryPoint\",\"urlTemplate\":\"https:\/\/geoclimate.ge\/?s={search_term_string}\"},\"query-input\":{\"@type\":\"PropertyValueSpecification\",\"valueRequired\":true,\"valueName\":\"search_term_string\"}}],\"inLanguage\":\"fr-FR\"},{\"@type\":\"Organization\",\"@id\":\"https:\/\/geoclimate.ge\/#organization\",\"name\":\"GeoClimate\",\"url\":\"https:\/\/geoclimate.ge\/\",\"logo\":{\"@type\":\"ImageObject\",\"inLanguage\":\"fr-FR\",\"@id\":\"https:\/\/geoclimate.ge\/#\/schema\/logo\/image\/\",\"url\":\"https:\/\/geoclimate.ge\/wp-content\/uploads\/2026\/03\/geoclimate-SEO.png\",\"contentUrl\":\"https:\/\/geoclimate.ge\/wp-content\/uploads\/2026\/03\/geoclimate-SEO.png\",\"width\":1536,\"height\":1024,\"caption\":\"GeoClimate\"},\"image\":{\"@id\":\"https:\/\/geoclimate.ge\/#\/schema\/logo\/image\/\"}}]}<\/script>\n<!-- \/ Yoast SEO plugin. -->","yoast_head_json":{"title":"Vibro.SiL-EM.3 - GeoClimate.ge","robots":{"index":"index","follow":"follow","max-snippet":"max-snippet:-1","max-image-preview":"max-image-preview:large","max-video-preview":"max-video-preview:-1"},"canonical":"https:\/\/geoclimate.ge\/fr\/produit\/vibro-sil-em-3\/","og_locale":"fr_FR","og_type":"article","og_title":"Vibro.SiL-EM.3 - GeoClimate.ge","og_description":"Les supports antivibratoires en m\u00e9tal et caoutchouc silicone Vibro.SiL-EM.3 peuvent offrir une protection \u00e9lev\u00e9e contre les vibrations pour les compresseurs, les pompes, les ventilateurs, les tuyaux d'\u00e9chappement \/ supports de silencieux, les \u00e9quipements \u00e9lectroniques sensibles, etc.  Les supports antivibratoires en m\u00e9tal et caoutchouc silicone Vibro.SiL-EM.3 peuvent offrir une protection \u00e9lev\u00e9e contre les vibrations pour les compresseurs, les pompes, les ventilateurs, les tuyaux d'\u00e9chappement \/ supports de silencieux, les \u00e9quipements \u00e9lectroniques sensibles, dans les applications avioniques, marines, militaires et m\u00e9dicales, o\u00f9 une large plage de temp\u00e9ratures (-40 \u00e0 +200\u00b0C) se produit.  Convient \u00e9galement aux applications de l'industrie alimentaire (fours de boulangerie, chambres froides, etc.).  La conception avanc\u00e9e de Vibro.SiL-EM.3 est le r\u00e9sultat de recherches sp\u00e9cialis\u00e9es et est fabriqu\u00e9e \u00e0 partir de polym\u00e8res de silicone de haute qualit\u00e9. Fournit une protection efficace contre les chocs et les vibrations, bien sup\u00e9rieure \u00e0 celle du caoutchouc naturel et des compos\u00e9s thermoplastiques.  Il peut atteindre une grande capacit\u00e9 de d\u00e9flexion et un point de r\u00e9sonance bas.  Les polym\u00e8res de silicone offrent de tr\u00e8s bonnes propri\u00e9t\u00e9s de r\u00e9sistance aux intemp\u00e9ries, r\u00e9sistent aux UV de l'ozone, sont id\u00e9aux pour une utilisation en ext\u00e9rieur. Adapt\u00e9s aux conditions de gel et de neige. Toutes les pi\u00e8ces m\u00e9talliques sont recouvertes de caoutchouc de silicone, offrant une protection contre l'oxydation.  Le gel de silicone est plus souple que le caoutchouc naturel\/visco\u00e9lastique et d'autres compos\u00e9s thermoplastiques.","og_url":"https:\/\/geoclimate.ge\/fr\/produit\/vibro-sil-em-3\/","og_site_name":"GeoClimate.ge","article_modified_time":"2025-02-07T19:12:37+00:00","og_image":[{"width":402,"height":379,"url":"https:\/\/geoclimate.ge\/wp-content\/uploads\/2025\/02\/VIBRO.SiL-EM.3.jpg","type":"image\/jpeg"}],"twitter_card":"summary_large_image","schema":{"@context":"https:\/\/schema.org","@graph":[{"@type":"WebPage","@id":"https:\/\/geoclimate.ge\/fr\/produit\/vibro-sil-em-3\/","url":"https:\/\/geoclimate.ge\/fr\/produit\/vibro-sil-em-3\/","name":"Vibro.SiL-EM.3 - GeoClimate.ge","isPartOf":{"@id":"https:\/\/geoclimate.ge\/#website"},"primaryImageOfPage":{"@id":"https:\/\/geoclimate.ge\/fr\/produit\/vibro-sil-em-3\/#primaryimage"},"image":{"@id":"https:\/\/geoclimate.ge\/fr\/produit\/vibro-sil-em-3\/#primaryimage"},"thumbnailUrl":"https:\/\/geoclimate.ge\/wp-content\/uploads\/2025\/02\/VIBRO.SiL-EM.3.jpg","datePublished":"2025-02-07T19:11:16+00:00","dateModified":"2025-02-07T19:12:37+00:00","breadcrumb":{"@id":"https:\/\/geoclimate.ge\/fr\/produit\/vibro-sil-em-3\/#breadcrumb"},"inLanguage":"fr-FR","potentialAction":[{"@type":"ReadAction","target":["https:\/\/geoclimate.ge\/fr\/produit\/vibro-sil-em-3\/"]}]},{"@type":"ImageObject","inLanguage":"fr-FR","@id":"https:\/\/geoclimate.ge\/fr\/produit\/vibro-sil-em-3\/#primaryimage","url":"https:\/\/geoclimate.ge\/wp-content\/uploads\/2025\/02\/VIBRO.SiL-EM.3.jpg","contentUrl":"https:\/\/geoclimate.ge\/wp-content\/uploads\/2025\/02\/VIBRO.SiL-EM.3.jpg","width":402,"height":379},{"@type":"BreadcrumbList","@id":"https:\/\/geoclimate.ge\/fr\/produit\/vibro-sil-em-3\/#breadcrumb","itemListElement":[{"@type":"ListItem","position":1,"name":"Home","item":"https:\/\/geoclimate.ge\/fr\/"},{"@type":"ListItem","position":2,"name":"Products","item":"https:\/\/geoclimate.ge\/fr\/products\/"},{"@type":"ListItem","position":3,"name":"Vibro.SiL-EM.3"}]},{"@type":"WebSite","@id":"https:\/\/geoclimate.ge\/#website","url":"https:\/\/geoclimate.ge\/","name":"GeoClimate","description":"","publisher":{"@id":"https:\/\/geoclimate.ge\/#organization"},"potentialAction":[{"@type":"SearchAction","target":{"@type":"EntryPoint","urlTemplate":"https:\/\/geoclimate.ge\/?s={search_term_string}"},"query-input":{"@type":"PropertyValueSpecification","valueRequired":true,"valueName":"search_term_string"}}],"inLanguage":"fr-FR"},{"@type":"Organization","@id":"https:\/\/geoclimate.ge\/#organization","name":"GeoClimate","url":"https:\/\/geoclimate.ge\/","logo":{"@type":"ImageObject","inLanguage":"fr-FR","@id":"https:\/\/geoclimate.ge\/#\/schema\/logo\/image\/","url":"https:\/\/geoclimate.ge\/wp-content\/uploads\/2026\/03\/geoclimate-SEO.png","contentUrl":"https:\/\/geoclimate.ge\/wp-content\/uploads\/2026\/03\/geoclimate-SEO.png","width":1536,"height":1024,"caption":"GeoClimate"},"image":{"@id":"https:\/\/geoclimate.ge\/#\/schema\/logo\/image\/"}}]}},"_links":{"self":[{"href":"https:\/\/geoclimate.ge\/fr\/wp-json\/wp\/v2\/product\/18417","targetHints":{"allow":["GET"]}}],"collection":[{"href":"https:\/\/geoclimate.ge\/fr\/wp-json\/wp\/v2\/product"}],"about":[{"href":"https:\/\/geoclimate.ge\/fr\/wp-json\/wp\/v2\/types\/product"}],"wp:featuredmedia":[{"embeddable":true,"href":"https:\/\/geoclimate.ge\/fr\/wp-json\/wp\/v2\/media\/18414"}],"wp:attachment":[{"href":"https:\/\/geoclimate.ge\/fr\/wp-json\/wp\/v2\/media?parent=18417"}],"wp:term":[{"taxonomy":"product_brand","embeddable":true,"href":"https:\/\/geoclimate.ge\/fr\/wp-json\/wp\/v2\/product_brand?post=18417"},{"taxonomy":"product_cat","embeddable":true,"href":"https:\/\/geoclimate.ge\/fr\/wp-json\/wp\/v2\/product_cat?post=18417"},{"taxonomy":"product_tag","embeddable":true,"href":"https:\/\/geoclimate.ge\/fr\/wp-json\/wp\/v2\/product_tag?post=18417"}],"curies":[{"name":"wp","href":"https:\/\/api.w.org\/{rel}","templated":true}]}}