{"id":18442,"date":"2025-02-07T23:22:55","date_gmt":"2025-02-07T19:22:55","guid":{"rendered":"https:\/\/airsystems.ge\/shop\/product\/characteristic-properties-of-silicon-gel-compounds-vs-natural-rubber\/"},"modified":"2025-02-07T23:24:55","modified_gmt":"2025-02-07T19:24:55","slug":"characteristic-properties-of-silicon-gel-compounds-vs-natural-rubber","status":"publish","type":"product","link":"https:\/\/geoclimate.ge\/fr\/produit\/characteristic-properties-of-silicon-gel-compounds-vs-natural-rubber\/","title":{"rendered":"Caract\u00e9ristiques des compos\u00e9s de gel de silicone par rapport au caoutchouc naturel \u00e0 partir de sources bibliographiques"},"content":{"rendered":"","protected":false},"excerpt":{"rendered":"<p>Les caract\u00e9ristiques g\u00e9n\u00e9rales et les propri\u00e9t\u00e9s des composants de gel de silicone par rapport au caoutchouc naturel et \u00e0 d&rsquo;autres compos\u00e9s thermoplastiques sont pr\u00e9sent\u00e9es ci-dessous.<\/p>\n<p>Le silicone est un polym\u00e8re de caoutchouc synth\u00e9tique avanc\u00e9 qui poss\u00e8de de meilleures propri\u00e9t\u00e9s que les compos\u00e9s de caoutchouc et les mat\u00e9riaux thermoplastiques existants. La nouvelle s\u00e9rie de coussinets antivibratoires offre une protection efficace contre les chocs et les vibrations, ainsi qu&rsquo;une r\u00e9duction du bruit de structure dans une large plage de temp\u00e9ratures allant de tr\u00e8s basses temp\u00e9ratures de -40 \u00b0 C \u00e0 tr\u00e8s \u00e9lev\u00e9es de +200 \u00b0 C.<\/p>\n<p>Les produits en silicone sont respectueux de l&rsquo;environnement, car ils ne contiennent aucun additif nocif et ne pr\u00e9sentent pas l&rsquo;odeur caract\u00e9ristique du caoutchouc naturel.<\/p>\n<p>Les produits antivibratoires en silicone offrent une grande r\u00e9sistance aux conditions m\u00e9t\u00e9orologiques ext\u00e9rieures, \u00e0 l&rsquo;ozone et aux rayons UV. Il pr\u00e9sente \u00e9galement une tr\u00e8s faible d\u00e9formation r\u00e9manente \u00e0 la compression et am\u00e9liore ainsi la capacit\u00e9 \u00e0 absorber les chocs et les vibrations mieux que les amortisseurs de vibrations en caoutchouc naturel traditionnels.<\/p>\n<p>Ils conviennent aux applications dans l&rsquo;industrie alimentaire (fours et cong\u00e9lateurs), dans les installations avioniques, militaires et m\u00e9dicales.<\/p>\n","protected":false},"featured_media":18439,"template":"","meta":[],"product_brand":[],"product_cat":[707],"product_tag":[],"class_list":{"0":"post-18442","1":"product","2":"type-product","3":"status-publish","4":"has-post-thumbnail","6":"product_cat-vibration-anti-bruit-acoustique-fr","8":"first","9":"instock","10":"shipping-taxable","11":"product-type-simple"},"yoast_head":"<!-- This site is optimized with the Yoast SEO plugin v27.1.1 - https:\/\/yoast.com\/product\/yoast-seo-wordpress\/ -->\n<title>Caract\u00e9ristiques des compos\u00e9s de gel de silicone par rapport au caoutchouc naturel \u00e0 partir de sources bibliographiques - GeoClimate.ge<\/title>\n<meta name=\"robots\" content=\"index, follow, max-snippet:-1, max-image-preview:large, max-video-preview:-1\" \/>\n<link rel=\"canonical\" href=\"https:\/\/geoclimate.ge\/fr\/produit\/characteristic-properties-of-silicon-gel-compounds-vs-natural-rubber\/\" \/>\n<meta property=\"og:locale\" content=\"fr_FR\" \/>\n<meta property=\"og:type\" content=\"article\" \/>\n<meta property=\"og:title\" content=\"Caract\u00e9ristiques des compos\u00e9s de gel de silicone par rapport au caoutchouc naturel \u00e0 partir de sources bibliographiques - GeoClimate.ge\" \/>\n<meta property=\"og:description\" content=\"Les caract\u00e9ristiques g\u00e9n\u00e9rales et les propri\u00e9t\u00e9s des composants de gel de silicone par rapport au caoutchouc naturel et \u00e0 d&#039;autres compos\u00e9s thermoplastiques sont pr\u00e9sent\u00e9es ci-dessous.  Le silicone est un polym\u00e8re de caoutchouc synth\u00e9tique avanc\u00e9 qui poss\u00e8de de meilleures propri\u00e9t\u00e9s que les compos\u00e9s de caoutchouc et les mat\u00e9riaux thermoplastiques existants. La nouvelle s\u00e9rie de coussinets antivibratoires offre une protection efficace contre les chocs et les vibrations, ainsi qu&#039;une r\u00e9duction du bruit de structure dans une large plage de temp\u00e9ratures allant de tr\u00e8s basses temp\u00e9ratures de -40 \u00b0 C \u00e0 tr\u00e8s \u00e9lev\u00e9es de +200 \u00b0 C.  Les produits en silicone sont respectueux de l&#039;environnement, car ils ne contiennent aucun additif nocif et ne pr\u00e9sentent pas l&#039;odeur caract\u00e9ristique du caoutchouc naturel.  Les produits antivibratoires en silicone offrent une grande r\u00e9sistance aux conditions m\u00e9t\u00e9orologiques ext\u00e9rieures, \u00e0 l&#039;ozone et aux rayons UV. Il pr\u00e9sente \u00e9galement une tr\u00e8s faible d\u00e9formation r\u00e9manente \u00e0 la compression et am\u00e9liore ainsi la capacit\u00e9 \u00e0 absorber les chocs et les vibrations mieux que les amortisseurs de vibrations en caoutchouc naturel traditionnels.  Ils conviennent aux applications dans l&#039;industrie alimentaire (fours et cong\u00e9lateurs), dans les installations avioniques, militaires et m\u00e9dicales.\" \/>\n<meta property=\"og:url\" content=\"https:\/\/geoclimate.ge\/fr\/produit\/characteristic-properties-of-silicon-gel-compounds-vs-natural-rubber\/\" \/>\n<meta property=\"og:site_name\" content=\"GeoClimate.ge\" \/>\n<meta property=\"article:modified_time\" content=\"2025-02-07T19:24:55+00:00\" \/>\n<meta property=\"og:image\" content=\"https:\/\/geoclimate.ge\/wp-content\/uploads\/2025\/02\/silicone-VS-rubber.jpg\" \/>\n\t<meta property=\"og:image:width\" content=\"246\" \/>\n\t<meta property=\"og:image:height\" content=\"316\" \/>\n\t<meta property=\"og:image:type\" content=\"image\/jpeg\" \/>\n<meta name=\"twitter:card\" content=\"summary_large_image\" \/>\n<script type=\"application\/ld+json\" class=\"yoast-schema-graph\">{\"@context\":\"https:\/\/schema.org\",\"@graph\":[{\"@type\":\"WebPage\",\"@id\":\"https:\/\/geoclimate.ge\/fr\/produit\/characteristic-properties-of-silicon-gel-compounds-vs-natural-rubber\/\",\"url\":\"https:\/\/geoclimate.ge\/fr\/produit\/characteristic-properties-of-silicon-gel-compounds-vs-natural-rubber\/\",\"name\":\"Caract\u00e9ristiques des compos\u00e9s de gel de silicone par rapport au caoutchouc naturel \u00e0 partir de sources bibliographiques - GeoClimate.ge\",\"isPartOf\":{\"@id\":\"https:\/\/geoclimate.ge\/#website\"},\"primaryImageOfPage\":{\"@id\":\"https:\/\/geoclimate.ge\/fr\/produit\/characteristic-properties-of-silicon-gel-compounds-vs-natural-rubber\/#primaryimage\"},\"image\":{\"@id\":\"https:\/\/geoclimate.ge\/fr\/produit\/characteristic-properties-of-silicon-gel-compounds-vs-natural-rubber\/#primaryimage\"},\"thumbnailUrl\":\"https:\/\/geoclimate.ge\/wp-content\/uploads\/2025\/02\/silicone-VS-rubber.jpg\",\"datePublished\":\"2025-02-07T19:22:55+00:00\",\"dateModified\":\"2025-02-07T19:24:55+00:00\",\"breadcrumb\":{\"@id\":\"https:\/\/geoclimate.ge\/fr\/produit\/characteristic-properties-of-silicon-gel-compounds-vs-natural-rubber\/#breadcrumb\"},\"inLanguage\":\"fr-FR\",\"potentialAction\":[{\"@type\":\"ReadAction\",\"target\":[\"https:\/\/geoclimate.ge\/fr\/produit\/characteristic-properties-of-silicon-gel-compounds-vs-natural-rubber\/\"]}]},{\"@type\":\"ImageObject\",\"inLanguage\":\"fr-FR\",\"@id\":\"https:\/\/geoclimate.ge\/fr\/produit\/characteristic-properties-of-silicon-gel-compounds-vs-natural-rubber\/#primaryimage\",\"url\":\"https:\/\/geoclimate.ge\/wp-content\/uploads\/2025\/02\/silicone-VS-rubber.jpg\",\"contentUrl\":\"https:\/\/geoclimate.ge\/wp-content\/uploads\/2025\/02\/silicone-VS-rubber.jpg\",\"width\":246,\"height\":316},{\"@type\":\"BreadcrumbList\",\"@id\":\"https:\/\/geoclimate.ge\/fr\/produit\/characteristic-properties-of-silicon-gel-compounds-vs-natural-rubber\/#breadcrumb\",\"itemListElement\":[{\"@type\":\"ListItem\",\"position\":1,\"name\":\"Home\",\"item\":\"https:\/\/geoclimate.ge\/fr\/\"},{\"@type\":\"ListItem\",\"position\":2,\"name\":\"Products\",\"item\":\"https:\/\/geoclimate.ge\/fr\/products\/\"},{\"@type\":\"ListItem\",\"position\":3,\"name\":\"Caract\u00e9ristiques des compos\u00e9s de gel de silicone par rapport au caoutchouc naturel \u00e0 partir de sources bibliographiques\"}]},{\"@type\":\"WebSite\",\"@id\":\"https:\/\/geoclimate.ge\/#website\",\"url\":\"https:\/\/geoclimate.ge\/\",\"name\":\"GeoClimate\",\"description\":\"\",\"publisher\":{\"@id\":\"https:\/\/geoclimate.ge\/#organization\"},\"potentialAction\":[{\"@type\":\"SearchAction\",\"target\":{\"@type\":\"EntryPoint\",\"urlTemplate\":\"https:\/\/geoclimate.ge\/?s={search_term_string}\"},\"query-input\":{\"@type\":\"PropertyValueSpecification\",\"valueRequired\":true,\"valueName\":\"search_term_string\"}}],\"inLanguage\":\"fr-FR\"},{\"@type\":\"Organization\",\"@id\":\"https:\/\/geoclimate.ge\/#organization\",\"name\":\"GeoClimate\",\"url\":\"https:\/\/geoclimate.ge\/\",\"logo\":{\"@type\":\"ImageObject\",\"inLanguage\":\"fr-FR\",\"@id\":\"https:\/\/geoclimate.ge\/#\/schema\/logo\/image\/\",\"url\":\"https:\/\/geoclimate.ge\/wp-content\/uploads\/2026\/03\/geoclimate-SEO.png\",\"contentUrl\":\"https:\/\/geoclimate.ge\/wp-content\/uploads\/2026\/03\/geoclimate-SEO.png\",\"width\":1536,\"height\":1024,\"caption\":\"GeoClimate\"},\"image\":{\"@id\":\"https:\/\/geoclimate.ge\/#\/schema\/logo\/image\/\"}}]}<\/script>\n<!-- \/ Yoast SEO plugin. -->","yoast_head_json":{"title":"Caract\u00e9ristiques des compos\u00e9s de gel de silicone par rapport au caoutchouc naturel \u00e0 partir de sources bibliographiques - GeoClimate.ge","robots":{"index":"index","follow":"follow","max-snippet":"max-snippet:-1","max-image-preview":"max-image-preview:large","max-video-preview":"max-video-preview:-1"},"canonical":"https:\/\/geoclimate.ge\/fr\/produit\/characteristic-properties-of-silicon-gel-compounds-vs-natural-rubber\/","og_locale":"fr_FR","og_type":"article","og_title":"Caract\u00e9ristiques des compos\u00e9s de gel de silicone par rapport au caoutchouc naturel \u00e0 partir de sources bibliographiques - GeoClimate.ge","og_description":"Les caract\u00e9ristiques g\u00e9n\u00e9rales et les propri\u00e9t\u00e9s des composants de gel de silicone par rapport au caoutchouc naturel et \u00e0 d'autres compos\u00e9s thermoplastiques sont pr\u00e9sent\u00e9es ci-dessous.  Le silicone est un polym\u00e8re de caoutchouc synth\u00e9tique avanc\u00e9 qui poss\u00e8de de meilleures propri\u00e9t\u00e9s que les compos\u00e9s de caoutchouc et les mat\u00e9riaux thermoplastiques existants. La nouvelle s\u00e9rie de coussinets antivibratoires offre une protection efficace contre les chocs et les vibrations, ainsi qu'une r\u00e9duction du bruit de structure dans une large plage de temp\u00e9ratures allant de tr\u00e8s basses temp\u00e9ratures de -40 \u00b0 C \u00e0 tr\u00e8s \u00e9lev\u00e9es de +200 \u00b0 C.  Les produits en silicone sont respectueux de l'environnement, car ils ne contiennent aucun additif nocif et ne pr\u00e9sentent pas l'odeur caract\u00e9ristique du caoutchouc naturel.  Les produits antivibratoires en silicone offrent une grande r\u00e9sistance aux conditions m\u00e9t\u00e9orologiques ext\u00e9rieures, \u00e0 l'ozone et aux rayons UV. Il pr\u00e9sente \u00e9galement une tr\u00e8s faible d\u00e9formation r\u00e9manente \u00e0 la compression et am\u00e9liore ainsi la capacit\u00e9 \u00e0 absorber les chocs et les vibrations mieux que les amortisseurs de vibrations en caoutchouc naturel traditionnels.  Ils conviennent aux applications dans l'industrie alimentaire (fours et cong\u00e9lateurs), dans les installations avioniques, militaires et m\u00e9dicales.","og_url":"https:\/\/geoclimate.ge\/fr\/produit\/characteristic-properties-of-silicon-gel-compounds-vs-natural-rubber\/","og_site_name":"GeoClimate.ge","article_modified_time":"2025-02-07T19:24:55+00:00","og_image":[{"width":246,"height":316,"url":"https:\/\/geoclimate.ge\/wp-content\/uploads\/2025\/02\/silicone-VS-rubber.jpg","type":"image\/jpeg"}],"twitter_card":"summary_large_image","schema":{"@context":"https:\/\/schema.org","@graph":[{"@type":"WebPage","@id":"https:\/\/geoclimate.ge\/fr\/produit\/characteristic-properties-of-silicon-gel-compounds-vs-natural-rubber\/","url":"https:\/\/geoclimate.ge\/fr\/produit\/characteristic-properties-of-silicon-gel-compounds-vs-natural-rubber\/","name":"Caract\u00e9ristiques des compos\u00e9s de gel de silicone par rapport au caoutchouc naturel \u00e0 partir de sources bibliographiques - GeoClimate.ge","isPartOf":{"@id":"https:\/\/geoclimate.ge\/#website"},"primaryImageOfPage":{"@id":"https:\/\/geoclimate.ge\/fr\/produit\/characteristic-properties-of-silicon-gel-compounds-vs-natural-rubber\/#primaryimage"},"image":{"@id":"https:\/\/geoclimate.ge\/fr\/produit\/characteristic-properties-of-silicon-gel-compounds-vs-natural-rubber\/#primaryimage"},"thumbnailUrl":"https:\/\/geoclimate.ge\/wp-content\/uploads\/2025\/02\/silicone-VS-rubber.jpg","datePublished":"2025-02-07T19:22:55+00:00","dateModified":"2025-02-07T19:24:55+00:00","breadcrumb":{"@id":"https:\/\/geoclimate.ge\/fr\/produit\/characteristic-properties-of-silicon-gel-compounds-vs-natural-rubber\/#breadcrumb"},"inLanguage":"fr-FR","potentialAction":[{"@type":"ReadAction","target":["https:\/\/geoclimate.ge\/fr\/produit\/characteristic-properties-of-silicon-gel-compounds-vs-natural-rubber\/"]}]},{"@type":"ImageObject","inLanguage":"fr-FR","@id":"https:\/\/geoclimate.ge\/fr\/produit\/characteristic-properties-of-silicon-gel-compounds-vs-natural-rubber\/#primaryimage","url":"https:\/\/geoclimate.ge\/wp-content\/uploads\/2025\/02\/silicone-VS-rubber.jpg","contentUrl":"https:\/\/geoclimate.ge\/wp-content\/uploads\/2025\/02\/silicone-VS-rubber.jpg","width":246,"height":316},{"@type":"BreadcrumbList","@id":"https:\/\/geoclimate.ge\/fr\/produit\/characteristic-properties-of-silicon-gel-compounds-vs-natural-rubber\/#breadcrumb","itemListElement":[{"@type":"ListItem","position":1,"name":"Home","item":"https:\/\/geoclimate.ge\/fr\/"},{"@type":"ListItem","position":2,"name":"Products","item":"https:\/\/geoclimate.ge\/fr\/products\/"},{"@type":"ListItem","position":3,"name":"Caract\u00e9ristiques des compos\u00e9s de gel de silicone par rapport au caoutchouc naturel \u00e0 partir de sources bibliographiques"}]},{"@type":"WebSite","@id":"https:\/\/geoclimate.ge\/#website","url":"https:\/\/geoclimate.ge\/","name":"GeoClimate","description":"","publisher":{"@id":"https:\/\/geoclimate.ge\/#organization"},"potentialAction":[{"@type":"SearchAction","target":{"@type":"EntryPoint","urlTemplate":"https:\/\/geoclimate.ge\/?s={search_term_string}"},"query-input":{"@type":"PropertyValueSpecification","valueRequired":true,"valueName":"search_term_string"}}],"inLanguage":"fr-FR"},{"@type":"Organization","@id":"https:\/\/geoclimate.ge\/#organization","name":"GeoClimate","url":"https:\/\/geoclimate.ge\/","logo":{"@type":"ImageObject","inLanguage":"fr-FR","@id":"https:\/\/geoclimate.ge\/#\/schema\/logo\/image\/","url":"https:\/\/geoclimate.ge\/wp-content\/uploads\/2026\/03\/geoclimate-SEO.png","contentUrl":"https:\/\/geoclimate.ge\/wp-content\/uploads\/2026\/03\/geoclimate-SEO.png","width":1536,"height":1024,"caption":"GeoClimate"},"image":{"@id":"https:\/\/geoclimate.ge\/#\/schema\/logo\/image\/"}}]}},"_links":{"self":[{"href":"https:\/\/geoclimate.ge\/fr\/wp-json\/wp\/v2\/product\/18442","targetHints":{"allow":["GET"]}}],"collection":[{"href":"https:\/\/geoclimate.ge\/fr\/wp-json\/wp\/v2\/product"}],"about":[{"href":"https:\/\/geoclimate.ge\/fr\/wp-json\/wp\/v2\/types\/product"}],"wp:featuredmedia":[{"embeddable":true,"href":"https:\/\/geoclimate.ge\/fr\/wp-json\/wp\/v2\/media\/18439"}],"wp:attachment":[{"href":"https:\/\/geoclimate.ge\/fr\/wp-json\/wp\/v2\/media?parent=18442"}],"wp:term":[{"taxonomy":"product_brand","embeddable":true,"href":"https:\/\/geoclimate.ge\/fr\/wp-json\/wp\/v2\/product_brand?post=18442"},{"taxonomy":"product_cat","embeddable":true,"href":"https:\/\/geoclimate.ge\/fr\/wp-json\/wp\/v2\/product_cat?post=18442"},{"taxonomy":"product_tag","embeddable":true,"href":"https:\/\/geoclimate.ge\/fr\/wp-json\/wp\/v2\/product_tag?post=18442"}],"curies":[{"name":"wp","href":"https:\/\/api.w.org\/{rel}","templated":true}]}}