{"id":18472,"date":"2025-02-08T15:48:27","date_gmt":"2025-02-08T11:48:27","guid":{"rendered":"https:\/\/airsystems.ge\/shop\/product\/glass-fiber-roll\/"},"modified":"2025-02-08T15:54:03","modified_gmt":"2025-02-08T11:54:03","slug":"glass-fiber-roll","status":"publish","type":"product","link":"https:\/\/geoclimate.ge\/fr\/produit\/glass-fiber-roll\/","title":{"rendered":"Rouleau de fibre de verre"},"content":{"rendered":"<table class=\"shop_attributes\">\n<thead>\n<tr>\n<th>Product Code<\/th>\n<th colspan=\"2\">Classification<\/th>\n<th>Thickness<\/th>\n<th>Dimension<\/th>\n<th>Flow Rate<\/th>\n<th>Initial Pressure Drop<\/th>\n<th>Final Pressure<\/th>\n<\/tr>\n<tr>\n<th><\/th>\n<th>\u0131so 16890<\/th>\n<th>EN 779<\/th>\n<th>mm<\/th>\n<th>m<\/th>\n<th>m3\/h<\/th>\n<th>Pa<\/th>\n<th>Pa<\/th>\n<\/tr>\n<\/thead>\n<tbody>\n<tr>\n<td>MGGR-2-2000&#215;10<\/td>\n<td>ISO Coarse 40%<\/td>\n<td>G2<\/td>\n<td>25<\/td>\n<td>1&#215;20<\/td>\n<td>5000<\/td>\n<td>25<\/td>\n<td>250<\/td>\n<\/tr>\n<tr>\n<td>MGGR-3-2000&#215;10<\/td>\n<td>ISO Coarse 50%<\/td>\n<td>G3<\/td>\n<td>50<\/td>\n<td>1&#215;20<\/td>\n<td>5000<\/td>\n<td>35<\/td>\n<td>250<\/td>\n<\/tr>\n<\/tbody>\n<\/table>\n","protected":false},"excerpt":{"rendered":"<p>CLASSE DE FILTRE : ISO grossier 40 %, ISO grossier 50 %<br \/>\nM\u00c9DIA : fibre de verre<br \/>\nAPPLICATION : cabines de peinture<br \/>\nTEMP\u00c9RATURE DE FONCTIONNEMENT MAXIMALE : 120 \u00baC<\/p>\n<p>M\u00e9dia r\u00e9sistant ininflammable<br \/>\nFacile \u00e0 traiter<br \/>\nEfficace Capacit\u00e9 de r\u00e9tention de poussi\u00e8re sup\u00e9rieure<\/p>\n","protected":false},"featured_media":18469,"template":"","meta":[],"product_brand":[],"product_cat":[713],"product_tag":[],"class_list":{"0":"post-18472","1":"product","2":"type-product","3":"status-publish","4":"has-post-thumbnail","6":"product_cat-filtres-air-fr","8":"first","9":"instock","10":"shipping-taxable","11":"product-type-simple"},"yoast_head":"<!-- This site is optimized with the Yoast SEO plugin v27.1.1 - https:\/\/yoast.com\/product\/yoast-seo-wordpress\/ -->\n<title>Rouleau de fibre de verre - GeoClimate.ge<\/title>\n<meta name=\"robots\" content=\"index, follow, max-snippet:-1, max-image-preview:large, max-video-preview:-1\" \/>\n<link rel=\"canonical\" href=\"https:\/\/geoclimate.ge\/fr\/produit\/glass-fiber-roll\/\" \/>\n<meta property=\"og:locale\" content=\"fr_FR\" \/>\n<meta property=\"og:type\" content=\"article\" \/>\n<meta property=\"og:title\" content=\"Rouleau de fibre de verre - GeoClimate.ge\" \/>\n<meta property=\"og:description\" content=\"CLASSE DE FILTRE : ISO grossier 40 %, ISO grossier 50 % M\u00c9DIA : fibre de verre APPLICATION : cabines de peinture TEMP\u00c9RATURE DE FONCTIONNEMENT MAXIMALE : 120 \u00baC  M\u00e9dia r\u00e9sistant ininflammable Facile \u00e0 traiter Efficace Capacit\u00e9 de r\u00e9tention de poussi\u00e8re sup\u00e9rieure\" \/>\n<meta property=\"og:url\" content=\"https:\/\/geoclimate.ge\/fr\/produit\/glass-fiber-roll\/\" \/>\n<meta property=\"og:site_name\" content=\"GeoClimate.ge\" \/>\n<meta property=\"article:modified_time\" content=\"2025-02-08T11:54:03+00:00\" \/>\n<meta property=\"og:image\" content=\"https:\/\/geoclimate.ge\/wp-content\/uploads\/2025\/02\/03-glass-fiber-roll.jpg\" \/>\n\t<meta property=\"og:image:width\" content=\"1080\" \/>\n\t<meta property=\"og:image:height\" content=\"1080\" \/>\n\t<meta property=\"og:image:type\" content=\"image\/jpeg\" \/>\n<meta name=\"twitter:card\" content=\"summary_large_image\" \/>\n<script type=\"application\/ld+json\" class=\"yoast-schema-graph\">{\"@context\":\"https:\/\/schema.org\",\"@graph\":[{\"@type\":\"WebPage\",\"@id\":\"https:\/\/geoclimate.ge\/fr\/produit\/glass-fiber-roll\/\",\"url\":\"https:\/\/geoclimate.ge\/fr\/produit\/glass-fiber-roll\/\",\"name\":\"Rouleau de fibre de verre - GeoClimate.ge\",\"isPartOf\":{\"@id\":\"https:\/\/geoclimate.ge\/#website\"},\"primaryImageOfPage\":{\"@id\":\"https:\/\/geoclimate.ge\/fr\/produit\/glass-fiber-roll\/#primaryimage\"},\"image\":{\"@id\":\"https:\/\/geoclimate.ge\/fr\/produit\/glass-fiber-roll\/#primaryimage\"},\"thumbnailUrl\":\"https:\/\/geoclimate.ge\/wp-content\/uploads\/2025\/02\/03-glass-fiber-roll.jpg\",\"datePublished\":\"2025-02-08T11:48:27+00:00\",\"dateModified\":\"2025-02-08T11:54:03+00:00\",\"breadcrumb\":{\"@id\":\"https:\/\/geoclimate.ge\/fr\/produit\/glass-fiber-roll\/#breadcrumb\"},\"inLanguage\":\"fr-FR\",\"potentialAction\":[{\"@type\":\"ReadAction\",\"target\":[\"https:\/\/geoclimate.ge\/fr\/produit\/glass-fiber-roll\/\"]}]},{\"@type\":\"ImageObject\",\"inLanguage\":\"fr-FR\",\"@id\":\"https:\/\/geoclimate.ge\/fr\/produit\/glass-fiber-roll\/#primaryimage\",\"url\":\"https:\/\/geoclimate.ge\/wp-content\/uploads\/2025\/02\/03-glass-fiber-roll.jpg\",\"contentUrl\":\"https:\/\/geoclimate.ge\/wp-content\/uploads\/2025\/02\/03-glass-fiber-roll.jpg\",\"width\":1080,\"height\":1080},{\"@type\":\"BreadcrumbList\",\"@id\":\"https:\/\/geoclimate.ge\/fr\/produit\/glass-fiber-roll\/#breadcrumb\",\"itemListElement\":[{\"@type\":\"ListItem\",\"position\":1,\"name\":\"Home\",\"item\":\"https:\/\/geoclimate.ge\/fr\/\"},{\"@type\":\"ListItem\",\"position\":2,\"name\":\"Products\",\"item\":\"https:\/\/geoclimate.ge\/fr\/products\/\"},{\"@type\":\"ListItem\",\"position\":3,\"name\":\"Rouleau de fibre de verre\"}]},{\"@type\":\"WebSite\",\"@id\":\"https:\/\/geoclimate.ge\/#website\",\"url\":\"https:\/\/geoclimate.ge\/\",\"name\":\"GeoClimate\",\"description\":\"\",\"publisher\":{\"@id\":\"https:\/\/geoclimate.ge\/#organization\"},\"potentialAction\":[{\"@type\":\"SearchAction\",\"target\":{\"@type\":\"EntryPoint\",\"urlTemplate\":\"https:\/\/geoclimate.ge\/?s={search_term_string}\"},\"query-input\":{\"@type\":\"PropertyValueSpecification\",\"valueRequired\":true,\"valueName\":\"search_term_string\"}}],\"inLanguage\":\"fr-FR\"},{\"@type\":\"Organization\",\"@id\":\"https:\/\/geoclimate.ge\/#organization\",\"name\":\"GeoClimate\",\"url\":\"https:\/\/geoclimate.ge\/\",\"logo\":{\"@type\":\"ImageObject\",\"inLanguage\":\"fr-FR\",\"@id\":\"https:\/\/geoclimate.ge\/#\/schema\/logo\/image\/\",\"url\":\"https:\/\/geoclimate.ge\/wp-content\/uploads\/2026\/03\/geoclimate-SEO.png\",\"contentUrl\":\"https:\/\/geoclimate.ge\/wp-content\/uploads\/2026\/03\/geoclimate-SEO.png\",\"width\":1536,\"height\":1024,\"caption\":\"GeoClimate\"},\"image\":{\"@id\":\"https:\/\/geoclimate.ge\/#\/schema\/logo\/image\/\"}}]}<\/script>\n<!-- \/ Yoast SEO plugin. -->","yoast_head_json":{"title":"Rouleau de fibre de verre - GeoClimate.ge","robots":{"index":"index","follow":"follow","max-snippet":"max-snippet:-1","max-image-preview":"max-image-preview:large","max-video-preview":"max-video-preview:-1"},"canonical":"https:\/\/geoclimate.ge\/fr\/produit\/glass-fiber-roll\/","og_locale":"fr_FR","og_type":"article","og_title":"Rouleau de fibre de verre - GeoClimate.ge","og_description":"CLASSE DE FILTRE : ISO grossier 40 %, ISO grossier 50 % M\u00c9DIA : fibre de verre APPLICATION : cabines de peinture TEMP\u00c9RATURE DE FONCTIONNEMENT MAXIMALE : 120 \u00baC  M\u00e9dia r\u00e9sistant ininflammable Facile \u00e0 traiter Efficace Capacit\u00e9 de r\u00e9tention de poussi\u00e8re sup\u00e9rieure","og_url":"https:\/\/geoclimate.ge\/fr\/produit\/glass-fiber-roll\/","og_site_name":"GeoClimate.ge","article_modified_time":"2025-02-08T11:54:03+00:00","og_image":[{"width":1080,"height":1080,"url":"https:\/\/geoclimate.ge\/wp-content\/uploads\/2025\/02\/03-glass-fiber-roll.jpg","type":"image\/jpeg"}],"twitter_card":"summary_large_image","schema":{"@context":"https:\/\/schema.org","@graph":[{"@type":"WebPage","@id":"https:\/\/geoclimate.ge\/fr\/produit\/glass-fiber-roll\/","url":"https:\/\/geoclimate.ge\/fr\/produit\/glass-fiber-roll\/","name":"Rouleau de fibre de verre - GeoClimate.ge","isPartOf":{"@id":"https:\/\/geoclimate.ge\/#website"},"primaryImageOfPage":{"@id":"https:\/\/geoclimate.ge\/fr\/produit\/glass-fiber-roll\/#primaryimage"},"image":{"@id":"https:\/\/geoclimate.ge\/fr\/produit\/glass-fiber-roll\/#primaryimage"},"thumbnailUrl":"https:\/\/geoclimate.ge\/wp-content\/uploads\/2025\/02\/03-glass-fiber-roll.jpg","datePublished":"2025-02-08T11:48:27+00:00","dateModified":"2025-02-08T11:54:03+00:00","breadcrumb":{"@id":"https:\/\/geoclimate.ge\/fr\/produit\/glass-fiber-roll\/#breadcrumb"},"inLanguage":"fr-FR","potentialAction":[{"@type":"ReadAction","target":["https:\/\/geoclimate.ge\/fr\/produit\/glass-fiber-roll\/"]}]},{"@type":"ImageObject","inLanguage":"fr-FR","@id":"https:\/\/geoclimate.ge\/fr\/produit\/glass-fiber-roll\/#primaryimage","url":"https:\/\/geoclimate.ge\/wp-content\/uploads\/2025\/02\/03-glass-fiber-roll.jpg","contentUrl":"https:\/\/geoclimate.ge\/wp-content\/uploads\/2025\/02\/03-glass-fiber-roll.jpg","width":1080,"height":1080},{"@type":"BreadcrumbList","@id":"https:\/\/geoclimate.ge\/fr\/produit\/glass-fiber-roll\/#breadcrumb","itemListElement":[{"@type":"ListItem","position":1,"name":"Home","item":"https:\/\/geoclimate.ge\/fr\/"},{"@type":"ListItem","position":2,"name":"Products","item":"https:\/\/geoclimate.ge\/fr\/products\/"},{"@type":"ListItem","position":3,"name":"Rouleau de fibre de verre"}]},{"@type":"WebSite","@id":"https:\/\/geoclimate.ge\/#website","url":"https:\/\/geoclimate.ge\/","name":"GeoClimate","description":"","publisher":{"@id":"https:\/\/geoclimate.ge\/#organization"},"potentialAction":[{"@type":"SearchAction","target":{"@type":"EntryPoint","urlTemplate":"https:\/\/geoclimate.ge\/?s={search_term_string}"},"query-input":{"@type":"PropertyValueSpecification","valueRequired":true,"valueName":"search_term_string"}}],"inLanguage":"fr-FR"},{"@type":"Organization","@id":"https:\/\/geoclimate.ge\/#organization","name":"GeoClimate","url":"https:\/\/geoclimate.ge\/","logo":{"@type":"ImageObject","inLanguage":"fr-FR","@id":"https:\/\/geoclimate.ge\/#\/schema\/logo\/image\/","url":"https:\/\/geoclimate.ge\/wp-content\/uploads\/2026\/03\/geoclimate-SEO.png","contentUrl":"https:\/\/geoclimate.ge\/wp-content\/uploads\/2026\/03\/geoclimate-SEO.png","width":1536,"height":1024,"caption":"GeoClimate"},"image":{"@id":"https:\/\/geoclimate.ge\/#\/schema\/logo\/image\/"}}]}},"_links":{"self":[{"href":"https:\/\/geoclimate.ge\/fr\/wp-json\/wp\/v2\/product\/18472","targetHints":{"allow":["GET"]}}],"collection":[{"href":"https:\/\/geoclimate.ge\/fr\/wp-json\/wp\/v2\/product"}],"about":[{"href":"https:\/\/geoclimate.ge\/fr\/wp-json\/wp\/v2\/types\/product"}],"wp:featuredmedia":[{"embeddable":true,"href":"https:\/\/geoclimate.ge\/fr\/wp-json\/wp\/v2\/media\/18469"}],"wp:attachment":[{"href":"https:\/\/geoclimate.ge\/fr\/wp-json\/wp\/v2\/media?parent=18472"}],"wp:term":[{"taxonomy":"product_brand","embeddable":true,"href":"https:\/\/geoclimate.ge\/fr\/wp-json\/wp\/v2\/product_brand?post=18472"},{"taxonomy":"product_cat","embeddable":true,"href":"https:\/\/geoclimate.ge\/fr\/wp-json\/wp\/v2\/product_cat?post=18472"},{"taxonomy":"product_tag","embeddable":true,"href":"https:\/\/geoclimate.ge\/fr\/wp-json\/wp\/v2\/product_tag?post=18472"}],"curies":[{"name":"wp","href":"https:\/\/api.w.org\/{rel}","templated":true}]}}