{"id":18636,"date":"2025-02-08T18:05:20","date_gmt":"2025-02-08T14:05:20","guid":{"rendered":"https:\/\/airsystems.ge\/shop\/product\/hepa-filter-with-aluminium-seperator-292mm\/"},"modified":"2025-02-08T18:17:27","modified_gmt":"2025-02-08T14:17:27","slug":"hepa-filter-with-aluminium-seperator-292mm","status":"publish","type":"product","link":"https:\/\/geoclimate.ge\/fr\/produit\/hepa-filter-with-aluminium-seperator-292mm\/","title":{"rendered":"Filtre HEPA avec s\u00e9parateur en aluminium &#8211; 292 mm"},"content":{"rendered":"<div class=\"col-lg-9 content-area\">\n<div class=\"ttm-single-product-details product\">\n<div class=\"ttm-tabs tabs-for-single-products\" data-effect=\"fadeIn\">\n<div class=\"content-tab ttm-bgcolor-white\">\n<div class=\"content-inner active\">\n<table class=\"shop_attributes\">\n<thead>\n<tr>\n<th>Product Code<\/th>\n<th>Classification<\/th>\n<th>Dimensions (WxHxD)<\/th>\n<th>Flow Rate<\/th>\n<th>Filter surface<\/th>\n<th>\u0130nitial Pressure Drop<\/th>\n<th>Max. Final Pressure Drop<\/th>\n<th>Efficiency@ MPPS<\/th>\n<th>Efficiency @0,3 \u00b5 DOP<\/th>\n<th>Weight<\/th>\n<\/tr>\n<tr>\n<th><\/th>\n<th>En1822<\/th>\n<th>mm<\/th>\n<th>m\u00b3\/h<\/th>\n<th>m2<\/th>\n<th>Pa<\/th>\n<th>Pa<\/th>\n<th>%<\/th>\n<th>%<\/th>\n<th>Kg<\/th>\n<\/tr>\n<\/thead>\n<tbody>\n<tr>\n<td>MGH-10AS-305*305*149<\/td>\n<td>H10<\/td>\n<td>305*305*149<\/td>\n<td>450<\/td>\n<td>4<\/td>\n<td>220<\/td>\n<td>600<\/td>\n<td>85<\/td>\n<td>85<\/td>\n<td>2.5<\/td>\n<\/tr>\n<tr>\n<td>MGH-10AS-305*610*149<\/td>\n<td>H10<\/td>\n<td>305*610*149<\/td>\n<td>850<\/td>\n<td>8<\/td>\n<td>220<\/td>\n<td>600<\/td>\n<td>85<\/td>\n<td>85<\/td>\n<td>5.5<\/td>\n<\/tr>\n<tr>\n<td>MGH-10AS-610*610*149<\/td>\n<td>H10<\/td>\n<td>610*610*149<\/td>\n<td>1750<\/td>\n<td>15<\/td>\n<td>220<\/td>\n<td>600<\/td>\n<td>85<\/td>\n<td>85<\/td>\n<td>8<\/td>\n<\/tr>\n<tr>\n<td>MGH-10AS-305*305*292<\/td>\n<td>H10<\/td>\n<td>305*305*292<\/td>\n<td>750<\/td>\n<td>7.5<\/td>\n<td>200<\/td>\n<td>600<\/td>\n<td>85<\/td>\n<td>85<\/td>\n<td>4<\/td>\n<\/tr>\n<tr>\n<td>MGH-10AS-305*610*292<\/td>\n<td>H10<\/td>\n<td>305*610*292<\/td>\n<td>1500<\/td>\n<td>15<\/td>\n<td>200<\/td>\n<td>600<\/td>\n<td>85<\/td>\n<td>85<\/td>\n<td>7.5<\/td>\n<\/tr>\n<tr>\n<td>MGH-10AS-610*610*292<\/td>\n<td>H10<\/td>\n<td>610*610*292<\/td>\n<td>3000<\/td>\n<td>30<\/td>\n<td>200<\/td>\n<td>600<\/td>\n<td>85<\/td>\n<td>85<\/td>\n<td>11<\/td>\n<\/tr>\n<tr>\n<td>MGH-13AS-305*305*149<\/td>\n<td>H13<\/td>\n<td>305*305*149<\/td>\n<td>450<\/td>\n<td>4<\/td>\n<td>250<\/td>\n<td>600<\/td>\n<td>99.95<\/td>\n<td>99.75<\/td>\n<td>2.5<\/td>\n<\/tr>\n<tr>\n<td>MGH-13AS-305*610*149<\/td>\n<td>H13<\/td>\n<td>305*610*149<\/td>\n<td>850<\/td>\n<td>8<\/td>\n<td>250<\/td>\n<td>600<\/td>\n<td>99.95<\/td>\n<td>99.75<\/td>\n<td>5.5<\/td>\n<\/tr>\n<tr>\n<td>MGH-13AS-610*610*149<\/td>\n<td>H13<\/td>\n<td>610*610*149<\/td>\n<td>1750<\/td>\n<td>15<\/td>\n<td>250<\/td>\n<td>600<\/td>\n<td>99.95<\/td>\n<td>99.75<\/td>\n<td>8<\/td>\n<\/tr>\n<tr>\n<td>MGH-13AS-305*305*292<\/td>\n<td>H13<\/td>\n<td>305*305*292<\/td>\n<td>750<\/td>\n<td>7.5<\/td>\n<td>240<\/td>\n<td>600<\/td>\n<td>99.95<\/td>\n<td>99.75<\/td>\n<td>4<\/td>\n<\/tr>\n<tr>\n<td>MGH-13AS-305*610*292<\/td>\n<td>H13<\/td>\n<td>305*610*292<\/td>\n<td>1500<\/td>\n<td>15<\/td>\n<td>240<\/td>\n<td>600<\/td>\n<td>99.95<\/td>\n<td>99.75<\/td>\n<td>7.5<\/td>\n<\/tr>\n<tr>\n<td>MGH-13AS-610*610*292<\/td>\n<td>H13<\/td>\n<td>610*610*292<\/td>\n<td>3000<\/td>\n<td>30<\/td>\n<td>240<\/td>\n<td>600<\/td>\n<td>99.95<\/td>\n<td>99.75<\/td>\n<td>11<\/td>\n<\/tr>\n<tr>\n<td>MGH-14AS-305*305*149<\/td>\n<td>H14<\/td>\n<td>305*305*149<\/td>\n<td>450<\/td>\n<td>4<\/td>\n<td>280<\/td>\n<td>600<\/td>\n<td>99.95<\/td>\n<td>99.75<\/td>\n<td>2.5<\/td>\n<\/tr>\n<tr>\n<td>MGH-14AS-305*610*149<\/td>\n<td>H14<\/td>\n<td>305*610*149<\/td>\n<td>850<\/td>\n<td>8<\/td>\n<td>280<\/td>\n<td>600<\/td>\n<td>99.95<\/td>\n<td>99.75<\/td>\n<td>5.5<\/td>\n<\/tr>\n<tr>\n<td>MGH-14AS-610*610*149<\/td>\n<td>H14<\/td>\n<td>610*610*149<\/td>\n<td>1750<\/td>\n<td>15<\/td>\n<td>280<\/td>\n<td>600<\/td>\n<td>99.95<\/td>\n<td>99.75<\/td>\n<td>8<\/td>\n<\/tr>\n<tr>\n<td>MGH-14AS-305*305*292<\/td>\n<td>H14<\/td>\n<td>305*305*292<\/td>\n<td>750<\/td>\n<td>7.5<\/td>\n<td>270<\/td>\n<td>600<\/td>\n<td>99.95<\/td>\n<td>99.75<\/td>\n<td>4<\/td>\n<\/tr>\n<tr>\n<td>MGH-14AS-305*610*292<\/td>\n<td>H14<\/td>\n<td>305*610*292<\/td>\n<td>1500<\/td>\n<td>15<\/td>\n<td>270<\/td>\n<td>600<\/td>\n<td>99.95<\/td>\n<td>99.75<\/td>\n<td>7.5<\/td>\n<\/tr>\n<tr>\n<td>MGH-14AS-610*610*292<\/td>\n<td>H14<\/td>\n<td>610*610*292<\/td>\n<td>3000<\/td>\n<td>30<\/td>\n<td>270<\/td>\n<td>600<\/td>\n<td>99.95<\/td>\n<td>99.75<\/td>\n<td>11<\/td>\n<\/tr>\n<\/tbody>\n<\/table>\n<\/div>\n<\/div>\n<\/div>\n<\/div>\n<\/div>\n","protected":false},"excerpt":{"rendered":"<p>Processus industriels tels que la micro\u00e9lectronique, la m\u00e9decine, la pharmacie, l&rsquo;industrie alimentaire, la microbiologie, les laboratoires de chimie, les h\u00f4pitaux et les blocs op\u00e9ratoires, les caissons \u00e0 flux laminaire, les unit\u00e9s de filtration par ventilateur, l&rsquo;\u00e9nergie nucl\u00e9aire et la recherche nucl\u00e9aire.<\/p>\n<p>CLASSE DE FILTRE : H13-H14-U15<br \/>\nCOMPOS\u00c9 D&rsquo;\u00c9TANCH\u00c9IT\u00c9 : Polyur\u00e9thane \u00e0 deux composants<br \/>\nTYPE DE CADRE : Acier galvanis\u00e9, acier inoxydable<br \/>\nPROT\u00c8GE FACIAL : Feuille d&rsquo;aluminium<br \/>\nJOINT : EPDM plat, EPDM plat continu et mousse PU<br \/>\nAPPLICATION : Salles blanches, bloc op\u00e9ratoire<br \/>\nM\u00c9DIA : Fibre de verre de haute qualit\u00e9<br \/>\nTEMP\u00c9RATURE DE FONCTIONNEMENT MAXIMALE : 75 \u00baC<br \/>\nS\u00c9PARATEUR : Thermofusible<br \/>\nCLASSE DE FEU : K2\/F2 pour temp\u00e9rature normale<\/p>\n<p>S\u00e9parateur en aluminium ondul\u00e9<br \/>\nGarantie sans fuite<br \/>\nFibre de verre r\u00e9sistante \u00e0 la chaleur<br \/>\nFibre de verre de haute qualit\u00e9<br \/>\nCapacit\u00e9 de r\u00e9tention de poussi\u00e8re \u00e9lev\u00e9e<br \/>\nDisponible dans toutes les qualit\u00e9s<br \/>\nFaible perte de charge, consommation d&rsquo;\u00e9nergie r\u00e9duite<br \/>\nAcier galvanis\u00e9, acier inoxydable, MDF<\/p>\n","protected":false},"featured_media":18633,"template":"","meta":[],"product_brand":[],"product_cat":[713],"product_tag":[],"class_list":{"0":"post-18636","1":"product","2":"type-product","3":"status-publish","4":"has-post-thumbnail","6":"product_cat-filtres-air-fr","8":"first","9":"instock","10":"shipping-taxable","11":"product-type-simple"},"yoast_head":"<!-- This site is optimized with the Yoast SEO plugin v27.1.1 - https:\/\/yoast.com\/product\/yoast-seo-wordpress\/ -->\n<title>Filtre HEPA avec s\u00e9parateur en aluminium - 292 mm - GeoClimate.ge<\/title>\n<meta name=\"robots\" content=\"index, follow, max-snippet:-1, max-image-preview:large, max-video-preview:-1\" \/>\n<link rel=\"canonical\" href=\"https:\/\/geoclimate.ge\/fr\/produit\/hepa-filter-with-aluminium-seperator-292mm\/\" \/>\n<meta property=\"og:locale\" content=\"fr_FR\" \/>\n<meta property=\"og:type\" content=\"article\" \/>\n<meta property=\"og:title\" content=\"Filtre HEPA avec s\u00e9parateur en aluminium - 292 mm - GeoClimate.ge\" \/>\n<meta property=\"og:description\" content=\"Processus industriels tels que la micro\u00e9lectronique, la m\u00e9decine, la pharmacie, l&#039;industrie alimentaire, la microbiologie, les laboratoires de chimie, les h\u00f4pitaux et les blocs op\u00e9ratoires, les caissons \u00e0 flux laminaire, les unit\u00e9s de filtration par ventilateur, l&#039;\u00e9nergie nucl\u00e9aire et la recherche nucl\u00e9aire.  CLASSE DE FILTRE : H13-H14-U15 COMPOS\u00c9 D&#039;\u00c9TANCH\u00c9IT\u00c9 : Polyur\u00e9thane \u00e0 deux composants TYPE DE CADRE : Acier galvanis\u00e9, acier inoxydable PROT\u00c8GE FACIAL : Feuille d&#039;aluminium JOINT : EPDM plat, EPDM plat continu et mousse PU APPLICATION : Salles blanches, bloc op\u00e9ratoire M\u00c9DIA : Fibre de verre de haute qualit\u00e9 TEMP\u00c9RATURE DE FONCTIONNEMENT MAXIMALE : 75 \u00baC S\u00c9PARATEUR : Thermofusible CLASSE DE FEU : K2\/F2 pour temp\u00e9rature normale  S\u00e9parateur en aluminium ondul\u00e9 Garantie sans fuite Fibre de verre r\u00e9sistante \u00e0 la chaleur Fibre de verre de haute qualit\u00e9 Capacit\u00e9 de r\u00e9tention de poussi\u00e8re \u00e9lev\u00e9e Disponible dans toutes les qualit\u00e9s Faible perte de charge, consommation d&#039;\u00e9nergie r\u00e9duite Acier galvanis\u00e9, acier inoxydable, MDF\" \/>\n<meta property=\"og:url\" content=\"https:\/\/geoclimate.ge\/fr\/produit\/hepa-filter-with-aluminium-seperator-292mm\/\" \/>\n<meta property=\"og:site_name\" content=\"GeoClimate.ge\" \/>\n<meta property=\"article:modified_time\" content=\"2025-02-08T14:17:27+00:00\" \/>\n<meta property=\"og:image\" content=\"https:\/\/geoclimate.ge\/wp-content\/uploads\/2025\/02\/07-ALUMINIUM-SEPARATOR-HEPA-FILTERS-GALVANIZED-FRAME-292mm.jpg\" \/>\n\t<meta property=\"og:image:width\" content=\"1000\" \/>\n\t<meta property=\"og:image:height\" content=\"1000\" \/>\n\t<meta property=\"og:image:type\" content=\"image\/jpeg\" \/>\n<meta name=\"twitter:card\" content=\"summary_large_image\" \/>\n<script type=\"application\/ld+json\" class=\"yoast-schema-graph\">{\"@context\":\"https:\/\/schema.org\",\"@graph\":[{\"@type\":\"WebPage\",\"@id\":\"https:\/\/geoclimate.ge\/fr\/produit\/hepa-filter-with-aluminium-seperator-292mm\/\",\"url\":\"https:\/\/geoclimate.ge\/fr\/produit\/hepa-filter-with-aluminium-seperator-292mm\/\",\"name\":\"Filtre HEPA avec s\u00e9parateur en aluminium - 292 mm - GeoClimate.ge\",\"isPartOf\":{\"@id\":\"https:\/\/geoclimate.ge\/#website\"},\"primaryImageOfPage\":{\"@id\":\"https:\/\/geoclimate.ge\/fr\/produit\/hepa-filter-with-aluminium-seperator-292mm\/#primaryimage\"},\"image\":{\"@id\":\"https:\/\/geoclimate.ge\/fr\/produit\/hepa-filter-with-aluminium-seperator-292mm\/#primaryimage\"},\"thumbnailUrl\":\"https:\/\/geoclimate.ge\/wp-content\/uploads\/2025\/02\/07-ALUMINIUM-SEPARATOR-HEPA-FILTERS-GALVANIZED-FRAME-292mm.jpg\",\"datePublished\":\"2025-02-08T14:05:20+00:00\",\"dateModified\":\"2025-02-08T14:17:27+00:00\",\"breadcrumb\":{\"@id\":\"https:\/\/geoclimate.ge\/fr\/produit\/hepa-filter-with-aluminium-seperator-292mm\/#breadcrumb\"},\"inLanguage\":\"fr-FR\",\"potentialAction\":[{\"@type\":\"ReadAction\",\"target\":[\"https:\/\/geoclimate.ge\/fr\/produit\/hepa-filter-with-aluminium-seperator-292mm\/\"]}]},{\"@type\":\"ImageObject\",\"inLanguage\":\"fr-FR\",\"@id\":\"https:\/\/geoclimate.ge\/fr\/produit\/hepa-filter-with-aluminium-seperator-292mm\/#primaryimage\",\"url\":\"https:\/\/geoclimate.ge\/wp-content\/uploads\/2025\/02\/07-ALUMINIUM-SEPARATOR-HEPA-FILTERS-GALVANIZED-FRAME-292mm.jpg\",\"contentUrl\":\"https:\/\/geoclimate.ge\/wp-content\/uploads\/2025\/02\/07-ALUMINIUM-SEPARATOR-HEPA-FILTERS-GALVANIZED-FRAME-292mm.jpg\",\"width\":1000,\"height\":1000},{\"@type\":\"BreadcrumbList\",\"@id\":\"https:\/\/geoclimate.ge\/fr\/produit\/hepa-filter-with-aluminium-seperator-292mm\/#breadcrumb\",\"itemListElement\":[{\"@type\":\"ListItem\",\"position\":1,\"name\":\"Home\",\"item\":\"https:\/\/geoclimate.ge\/fr\/\"},{\"@type\":\"ListItem\",\"position\":2,\"name\":\"Products\",\"item\":\"https:\/\/geoclimate.ge\/fr\/products\/\"},{\"@type\":\"ListItem\",\"position\":3,\"name\":\"Filtre HEPA avec s\u00e9parateur en aluminium &#8211; 292 mm\"}]},{\"@type\":\"WebSite\",\"@id\":\"https:\/\/geoclimate.ge\/#website\",\"url\":\"https:\/\/geoclimate.ge\/\",\"name\":\"GeoClimate\",\"description\":\"\",\"publisher\":{\"@id\":\"https:\/\/geoclimate.ge\/#organization\"},\"potentialAction\":[{\"@type\":\"SearchAction\",\"target\":{\"@type\":\"EntryPoint\",\"urlTemplate\":\"https:\/\/geoclimate.ge\/?s={search_term_string}\"},\"query-input\":{\"@type\":\"PropertyValueSpecification\",\"valueRequired\":true,\"valueName\":\"search_term_string\"}}],\"inLanguage\":\"fr-FR\"},{\"@type\":\"Organization\",\"@id\":\"https:\/\/geoclimate.ge\/#organization\",\"name\":\"GeoClimate\",\"url\":\"https:\/\/geoclimate.ge\/\",\"logo\":{\"@type\":\"ImageObject\",\"inLanguage\":\"fr-FR\",\"@id\":\"https:\/\/geoclimate.ge\/#\/schema\/logo\/image\/\",\"url\":\"https:\/\/geoclimate.ge\/wp-content\/uploads\/2026\/03\/geoclimate-SEO.png\",\"contentUrl\":\"https:\/\/geoclimate.ge\/wp-content\/uploads\/2026\/03\/geoclimate-SEO.png\",\"width\":1536,\"height\":1024,\"caption\":\"GeoClimate\"},\"image\":{\"@id\":\"https:\/\/geoclimate.ge\/#\/schema\/logo\/image\/\"}}]}<\/script>\n<!-- \/ Yoast SEO plugin. -->","yoast_head_json":{"title":"Filtre HEPA avec s\u00e9parateur en aluminium - 292 mm - GeoClimate.ge","robots":{"index":"index","follow":"follow","max-snippet":"max-snippet:-1","max-image-preview":"max-image-preview:large","max-video-preview":"max-video-preview:-1"},"canonical":"https:\/\/geoclimate.ge\/fr\/produit\/hepa-filter-with-aluminium-seperator-292mm\/","og_locale":"fr_FR","og_type":"article","og_title":"Filtre HEPA avec s\u00e9parateur en aluminium - 292 mm - GeoClimate.ge","og_description":"Processus industriels tels que la micro\u00e9lectronique, la m\u00e9decine, la pharmacie, l'industrie alimentaire, la microbiologie, les laboratoires de chimie, les h\u00f4pitaux et les blocs op\u00e9ratoires, les caissons \u00e0 flux laminaire, les unit\u00e9s de filtration par ventilateur, l'\u00e9nergie nucl\u00e9aire et la recherche nucl\u00e9aire.  CLASSE DE FILTRE : H13-H14-U15 COMPOS\u00c9 D'\u00c9TANCH\u00c9IT\u00c9 : Polyur\u00e9thane \u00e0 deux composants TYPE DE CADRE : Acier galvanis\u00e9, acier inoxydable PROT\u00c8GE FACIAL : Feuille d'aluminium JOINT : EPDM plat, EPDM plat continu et mousse PU APPLICATION : Salles blanches, bloc op\u00e9ratoire M\u00c9DIA : Fibre de verre de haute qualit\u00e9 TEMP\u00c9RATURE DE FONCTIONNEMENT MAXIMALE : 75 \u00baC S\u00c9PARATEUR : Thermofusible CLASSE DE FEU : K2\/F2 pour temp\u00e9rature normale  S\u00e9parateur en aluminium ondul\u00e9 Garantie sans fuite Fibre de verre r\u00e9sistante \u00e0 la chaleur Fibre de verre de haute qualit\u00e9 Capacit\u00e9 de r\u00e9tention de poussi\u00e8re \u00e9lev\u00e9e Disponible dans toutes les qualit\u00e9s Faible perte de charge, consommation d'\u00e9nergie r\u00e9duite Acier galvanis\u00e9, acier inoxydable, MDF","og_url":"https:\/\/geoclimate.ge\/fr\/produit\/hepa-filter-with-aluminium-seperator-292mm\/","og_site_name":"GeoClimate.ge","article_modified_time":"2025-02-08T14:17:27+00:00","og_image":[{"width":1000,"height":1000,"url":"https:\/\/geoclimate.ge\/wp-content\/uploads\/2025\/02\/07-ALUMINIUM-SEPARATOR-HEPA-FILTERS-GALVANIZED-FRAME-292mm.jpg","type":"image\/jpeg"}],"twitter_card":"summary_large_image","schema":{"@context":"https:\/\/schema.org","@graph":[{"@type":"WebPage","@id":"https:\/\/geoclimate.ge\/fr\/produit\/hepa-filter-with-aluminium-seperator-292mm\/","url":"https:\/\/geoclimate.ge\/fr\/produit\/hepa-filter-with-aluminium-seperator-292mm\/","name":"Filtre HEPA avec s\u00e9parateur en aluminium - 292 mm - GeoClimate.ge","isPartOf":{"@id":"https:\/\/geoclimate.ge\/#website"},"primaryImageOfPage":{"@id":"https:\/\/geoclimate.ge\/fr\/produit\/hepa-filter-with-aluminium-seperator-292mm\/#primaryimage"},"image":{"@id":"https:\/\/geoclimate.ge\/fr\/produit\/hepa-filter-with-aluminium-seperator-292mm\/#primaryimage"},"thumbnailUrl":"https:\/\/geoclimate.ge\/wp-content\/uploads\/2025\/02\/07-ALUMINIUM-SEPARATOR-HEPA-FILTERS-GALVANIZED-FRAME-292mm.jpg","datePublished":"2025-02-08T14:05:20+00:00","dateModified":"2025-02-08T14:17:27+00:00","breadcrumb":{"@id":"https:\/\/geoclimate.ge\/fr\/produit\/hepa-filter-with-aluminium-seperator-292mm\/#breadcrumb"},"inLanguage":"fr-FR","potentialAction":[{"@type":"ReadAction","target":["https:\/\/geoclimate.ge\/fr\/produit\/hepa-filter-with-aluminium-seperator-292mm\/"]}]},{"@type":"ImageObject","inLanguage":"fr-FR","@id":"https:\/\/geoclimate.ge\/fr\/produit\/hepa-filter-with-aluminium-seperator-292mm\/#primaryimage","url":"https:\/\/geoclimate.ge\/wp-content\/uploads\/2025\/02\/07-ALUMINIUM-SEPARATOR-HEPA-FILTERS-GALVANIZED-FRAME-292mm.jpg","contentUrl":"https:\/\/geoclimate.ge\/wp-content\/uploads\/2025\/02\/07-ALUMINIUM-SEPARATOR-HEPA-FILTERS-GALVANIZED-FRAME-292mm.jpg","width":1000,"height":1000},{"@type":"BreadcrumbList","@id":"https:\/\/geoclimate.ge\/fr\/produit\/hepa-filter-with-aluminium-seperator-292mm\/#breadcrumb","itemListElement":[{"@type":"ListItem","position":1,"name":"Home","item":"https:\/\/geoclimate.ge\/fr\/"},{"@type":"ListItem","position":2,"name":"Products","item":"https:\/\/geoclimate.ge\/fr\/products\/"},{"@type":"ListItem","position":3,"name":"Filtre HEPA avec s\u00e9parateur en aluminium &#8211; 292 mm"}]},{"@type":"WebSite","@id":"https:\/\/geoclimate.ge\/#website","url":"https:\/\/geoclimate.ge\/","name":"GeoClimate","description":"","publisher":{"@id":"https:\/\/geoclimate.ge\/#organization"},"potentialAction":[{"@type":"SearchAction","target":{"@type":"EntryPoint","urlTemplate":"https:\/\/geoclimate.ge\/?s={search_term_string}"},"query-input":{"@type":"PropertyValueSpecification","valueRequired":true,"valueName":"search_term_string"}}],"inLanguage":"fr-FR"},{"@type":"Organization","@id":"https:\/\/geoclimate.ge\/#organization","name":"GeoClimate","url":"https:\/\/geoclimate.ge\/","logo":{"@type":"ImageObject","inLanguage":"fr-FR","@id":"https:\/\/geoclimate.ge\/#\/schema\/logo\/image\/","url":"https:\/\/geoclimate.ge\/wp-content\/uploads\/2026\/03\/geoclimate-SEO.png","contentUrl":"https:\/\/geoclimate.ge\/wp-content\/uploads\/2026\/03\/geoclimate-SEO.png","width":1536,"height":1024,"caption":"GeoClimate"},"image":{"@id":"https:\/\/geoclimate.ge\/#\/schema\/logo\/image\/"}}]}},"_links":{"self":[{"href":"https:\/\/geoclimate.ge\/fr\/wp-json\/wp\/v2\/product\/18636","targetHints":{"allow":["GET"]}}],"collection":[{"href":"https:\/\/geoclimate.ge\/fr\/wp-json\/wp\/v2\/product"}],"about":[{"href":"https:\/\/geoclimate.ge\/fr\/wp-json\/wp\/v2\/types\/product"}],"wp:featuredmedia":[{"embeddable":true,"href":"https:\/\/geoclimate.ge\/fr\/wp-json\/wp\/v2\/media\/18633"}],"wp:attachment":[{"href":"https:\/\/geoclimate.ge\/fr\/wp-json\/wp\/v2\/media?parent=18636"}],"wp:term":[{"taxonomy":"product_brand","embeddable":true,"href":"https:\/\/geoclimate.ge\/fr\/wp-json\/wp\/v2\/product_brand?post=18636"},{"taxonomy":"product_cat","embeddable":true,"href":"https:\/\/geoclimate.ge\/fr\/wp-json\/wp\/v2\/product_cat?post=18636"},{"taxonomy":"product_tag","embeddable":true,"href":"https:\/\/geoclimate.ge\/fr\/wp-json\/wp\/v2\/product_tag?post=18636"}],"curies":[{"name":"wp","href":"https:\/\/api.w.org\/{rel}","templated":true}]}}