{"id":18644,"date":"2025-02-08T18:11:43","date_gmt":"2025-02-08T14:11:43","guid":{"rendered":"https:\/\/airsystems.ge\/shop\/product\/v-bank-hepa-filter-292mm\/"},"modified":"2025-02-08T18:12:37","modified_gmt":"2025-02-08T14:12:37","slug":"v-bank-hepa-filter-292mm","status":"publish","type":"product","link":"https:\/\/geoclimate.ge\/fr\/produit\/v-bank-hepa-filter-292mm\/","title":{"rendered":"Filtre HEPA V-Bank &#8211; 292MM"},"content":{"rendered":"<div class=\"col-lg-9 content-area\">\n<div class=\"ttm-single-product-details product\">\n<div class=\"ttm-tabs tabs-for-single-products\" data-effect=\"fadeIn\">\n<div class=\"content-tab ttm-bgcolor-white\">\n<div class=\"content-inner active\">\n<table class=\"shop_attributes\">\n<thead>\n<tr>\n<th>Product Code<\/th>\n<th>Classification<\/th>\n<th>Dimensions (WxHxD)<\/th>\n<th>Flow Rate<\/th>\n<th>Filter surface<\/th>\n<th>\u0130nitial Pressure Drop<\/th>\n<th>Max. Final Pressure Drop<\/th>\n<th>Efficiency@ MPPS<\/th>\n<th>Efficiency @0,3 \u00b5 DOP<\/th>\n<th>Weight<\/th>\n<\/tr>\n<tr>\n<th><\/th>\n<th>En1822<\/th>\n<th>mm<\/th>\n<th>m\u00b3\/h<\/th>\n<th>m2<\/th>\n<th>Pa<\/th>\n<th>Pa<\/th>\n<th>%<\/th>\n<th>%<\/th>\n<th>Kg<\/th>\n<\/tr>\n<\/thead>\n<tbody>\n<tr>\n<td>MGH-13GWH-305x305x292<\/td>\n<td>H13<\/td>\n<td>305x305x292<\/td>\n<td>750<\/td>\n<td>7<\/td>\n<td>250<\/td>\n<td>600<\/td>\n<td>99.95<\/td>\n<td>99.75<\/td>\n<td>6<\/td>\n<\/tr>\n<tr>\n<td>MGH-13GWH-305x610x292<\/td>\n<td>H13<\/td>\n<td>305x610x292<\/td>\n<td>1500<\/td>\n<td>14<\/td>\n<td>250<\/td>\n<td>600<\/td>\n<td>99.95<\/td>\n<td>99.75<\/td>\n<td>10<\/td>\n<\/tr>\n<tr>\n<td>MGH-13GWH-457x610x292<\/td>\n<td>H13<\/td>\n<td>457x610x292<\/td>\n<td>2250<\/td>\n<td>20.1<\/td>\n<td>250<\/td>\n<td>600<\/td>\n<td>99.95<\/td>\n<td>99.75<\/td>\n<td>14.5<\/td>\n<\/tr>\n<tr>\n<td>MGH-13GWH-610x610x292<\/td>\n<td>H13<\/td>\n<td>610x610x292<\/td>\n<td>3000<\/td>\n<td>28<\/td>\n<td>250<\/td>\n<td>600<\/td>\n<td>99.95<\/td>\n<td>99.75<\/td>\n<td>18<\/td>\n<\/tr>\n<tr>\n<td>MGH-13GWH-610x762x292<\/td>\n<td>H13<\/td>\n<td>610x762x292<\/td>\n<td>3750<\/td>\n<td>35<\/td>\n<td>250<\/td>\n<td>600<\/td>\n<td>99.95<\/td>\n<td>99.75<\/td>\n<td>20<\/td>\n<\/tr>\n<tr>\n<td>MGH-14GWH-305x305x292<\/td>\n<td>H14<\/td>\n<td>305x305x292<\/td>\n<td>750<\/td>\n<td>7<\/td>\n<td>280<\/td>\n<td>600<\/td>\n<td>99.95<\/td>\n<td>99.75<\/td>\n<td>6<\/td>\n<\/tr>\n<tr>\n<td>MGH-14GWH-305x610x292<\/td>\n<td>H14<\/td>\n<td>305x610x292<\/td>\n<td>1500<\/td>\n<td>14<\/td>\n<td>280<\/td>\n<td>600<\/td>\n<td>99.95<\/td>\n<td>99.75<\/td>\n<td>10<\/td>\n<\/tr>\n<tr>\n<td>MGH-14GWH-457x610x292<\/td>\n<td>H14<\/td>\n<td>457x610x292<\/td>\n<td>2250<\/td>\n<td>20.1<\/td>\n<td>280<\/td>\n<td>600<\/td>\n<td>99.95<\/td>\n<td>99.75<\/td>\n<td>14.5<\/td>\n<\/tr>\n<tr>\n<td>MGH-14GWH-610x610x292<\/td>\n<td>H14<\/td>\n<td>610x610x292<\/td>\n<td>3000<\/td>\n<td>28<\/td>\n<td>280<\/td>\n<td>600<\/td>\n<td>99.95<\/td>\n<td>99.75<\/td>\n<td>18<\/td>\n<\/tr>\n<tr>\n<td>MGH-14GWH-610x762x292<\/td>\n<td>H14<\/td>\n<td>610x762x292<\/td>\n<td>3750<\/td>\n<td>35<\/td>\n<td>280<\/td>\n<td>600<\/td>\n<td>99.95<\/td>\n<td>99.75<\/td>\n<td>20<\/td>\n<\/tr>\n<\/tbody>\n<\/table>\n<\/div>\n<\/div>\n<\/div>\n<\/div>\n<\/div>\n","protected":false},"excerpt":{"rendered":"<p>Processus industriels tels que la micro\u00e9lectronique, la m\u00e9decine, la pharmacie, l&rsquo;industrie alimentaire, la microbiologie, les laboratoires de chimie, les h\u00f4pitaux et les blocs op\u00e9ratoires, les caissons \u00e0 flux laminaire, les unit\u00e9s de filtration par ventilateur, l&rsquo;\u00e9nergie nucl\u00e9aire et la recherche nucl\u00e9aire.<\/p>\n<p>CLASSE DE FILTRE : H13-H14-U15<br \/>\nCOMPOS\u00c9 D&rsquo;\u00c9TANCH\u00c9IT\u00c9 : Polyur\u00e9thane \u00e0 deux composants<br \/>\nTYPE DE CADRE : Acier galvanis\u00e9, acier inoxydable<br \/>\nJOINT : EPDM plat, EPDM plat continu et mousse PU<br \/>\nAPPLICATION : Salles blanches, bloc op\u00e9ratoire<br \/>\nM\u00c9DIA : Fibre de verre de haute qualit\u00e9<br \/>\nTEMP\u00c9RATURE DE FONCTIONNEMENT MAXIMALE : 75 \u00baC<br \/>\nS\u00c9PARATEUR : Thermofusible<br \/>\nCLASSE DE FEU : K2\/F2 pour temp\u00e9rature normale<\/p>\n<p>Pour les applications \u00e0 haut d\u00e9bit d&rsquo;air<br \/>\nFiltration de haute qualit\u00e9<br \/>\nGalvanis\u00e9, aluminium<br \/>\nFaible perte de charge<br \/>\nMoins de consommation d&rsquo;\u00e9nergie<br \/>\nGarantie sans fuite<br \/>\nAvec certificat de test individuel (EN 1822)<br \/>\nDiff\u00e9rentes profondeurs de cadre avec toutes les dimensions<br \/>\nConception V-Bank<\/p>\n","protected":false},"featured_media":18641,"template":"","meta":[],"product_brand":[],"product_cat":[713],"product_tag":[],"class_list":{"0":"post-18644","1":"product","2":"type-product","3":"status-publish","4":"has-post-thumbnail","6":"product_cat-filtres-air-fr","8":"first","9":"instock","10":"shipping-taxable","11":"product-type-simple"},"yoast_head":"<!-- This site is optimized with the Yoast SEO plugin v27.1.1 - https:\/\/yoast.com\/product\/yoast-seo-wordpress\/ -->\n<title>Filtre HEPA V-Bank - 292MM - GeoClimate.ge<\/title>\n<meta name=\"robots\" content=\"index, follow, max-snippet:-1, max-image-preview:large, max-video-preview:-1\" \/>\n<link rel=\"canonical\" href=\"https:\/\/geoclimate.ge\/fr\/produit\/v-bank-hepa-filter-292mm\/\" \/>\n<meta property=\"og:locale\" content=\"fr_FR\" \/>\n<meta property=\"og:type\" content=\"article\" \/>\n<meta property=\"og:title\" content=\"Filtre HEPA V-Bank - 292MM - GeoClimate.ge\" \/>\n<meta property=\"og:description\" content=\"Processus industriels tels que la micro\u00e9lectronique, la m\u00e9decine, la pharmacie, l&#039;industrie alimentaire, la microbiologie, les laboratoires de chimie, les h\u00f4pitaux et les blocs op\u00e9ratoires, les caissons \u00e0 flux laminaire, les unit\u00e9s de filtration par ventilateur, l&#039;\u00e9nergie nucl\u00e9aire et la recherche nucl\u00e9aire.  CLASSE DE FILTRE : H13-H14-U15 COMPOS\u00c9 D&#039;\u00c9TANCH\u00c9IT\u00c9 : Polyur\u00e9thane \u00e0 deux composants TYPE DE CADRE : Acier galvanis\u00e9, acier inoxydable JOINT : EPDM plat, EPDM plat continu et mousse PU APPLICATION : Salles blanches, bloc op\u00e9ratoire M\u00c9DIA : Fibre de verre de haute qualit\u00e9 TEMP\u00c9RATURE DE FONCTIONNEMENT MAXIMALE : 75 \u00baC S\u00c9PARATEUR : Thermofusible CLASSE DE FEU : K2\/F2 pour temp\u00e9rature normale  Pour les applications \u00e0 haut d\u00e9bit d&#039;air Filtration de haute qualit\u00e9 Galvanis\u00e9, aluminium Faible perte de charge Moins de consommation d&#039;\u00e9nergie Garantie sans fuite Avec certificat de test individuel (EN 1822) Diff\u00e9rentes profondeurs de cadre avec toutes les dimensions Conception V-Bank\" \/>\n<meta property=\"og:url\" content=\"https:\/\/geoclimate.ge\/fr\/produit\/v-bank-hepa-filter-292mm\/\" \/>\n<meta property=\"og:site_name\" content=\"GeoClimate.ge\" \/>\n<meta property=\"article:modified_time\" content=\"2025-02-08T14:12:37+00:00\" \/>\n<meta property=\"og:image\" content=\"https:\/\/geoclimate.ge\/wp-content\/uploads\/2025\/02\/08-GALVANIZED-FRAME-HEPA-FILTERS-V-BANK-DESIGN-292MM-HIGH-CAPAC.jpg\" \/>\n\t<meta property=\"og:image:width\" content=\"1000\" \/>\n\t<meta property=\"og:image:height\" content=\"1000\" \/>\n\t<meta property=\"og:image:type\" content=\"image\/jpeg\" \/>\n<meta name=\"twitter:card\" content=\"summary_large_image\" \/>\n<script type=\"application\/ld+json\" class=\"yoast-schema-graph\">{\"@context\":\"https:\/\/schema.org\",\"@graph\":[{\"@type\":\"WebPage\",\"@id\":\"https:\/\/geoclimate.ge\/fr\/produit\/v-bank-hepa-filter-292mm\/\",\"url\":\"https:\/\/geoclimate.ge\/fr\/produit\/v-bank-hepa-filter-292mm\/\",\"name\":\"Filtre HEPA V-Bank - 292MM - GeoClimate.ge\",\"isPartOf\":{\"@id\":\"https:\/\/geoclimate.ge\/#website\"},\"primaryImageOfPage\":{\"@id\":\"https:\/\/geoclimate.ge\/fr\/produit\/v-bank-hepa-filter-292mm\/#primaryimage\"},\"image\":{\"@id\":\"https:\/\/geoclimate.ge\/fr\/produit\/v-bank-hepa-filter-292mm\/#primaryimage\"},\"thumbnailUrl\":\"https:\/\/geoclimate.ge\/wp-content\/uploads\/2025\/02\/08-GALVANIZED-FRAME-HEPA-FILTERS-V-BANK-DESIGN-292MM-HIGH-CAPAC.jpg\",\"datePublished\":\"2025-02-08T14:11:43+00:00\",\"dateModified\":\"2025-02-08T14:12:37+00:00\",\"breadcrumb\":{\"@id\":\"https:\/\/geoclimate.ge\/fr\/produit\/v-bank-hepa-filter-292mm\/#breadcrumb\"},\"inLanguage\":\"fr-FR\",\"potentialAction\":[{\"@type\":\"ReadAction\",\"target\":[\"https:\/\/geoclimate.ge\/fr\/produit\/v-bank-hepa-filter-292mm\/\"]}]},{\"@type\":\"ImageObject\",\"inLanguage\":\"fr-FR\",\"@id\":\"https:\/\/geoclimate.ge\/fr\/produit\/v-bank-hepa-filter-292mm\/#primaryimage\",\"url\":\"https:\/\/geoclimate.ge\/wp-content\/uploads\/2025\/02\/08-GALVANIZED-FRAME-HEPA-FILTERS-V-BANK-DESIGN-292MM-HIGH-CAPAC.jpg\",\"contentUrl\":\"https:\/\/geoclimate.ge\/wp-content\/uploads\/2025\/02\/08-GALVANIZED-FRAME-HEPA-FILTERS-V-BANK-DESIGN-292MM-HIGH-CAPAC.jpg\",\"width\":1000,\"height\":1000},{\"@type\":\"BreadcrumbList\",\"@id\":\"https:\/\/geoclimate.ge\/fr\/produit\/v-bank-hepa-filter-292mm\/#breadcrumb\",\"itemListElement\":[{\"@type\":\"ListItem\",\"position\":1,\"name\":\"Home\",\"item\":\"https:\/\/geoclimate.ge\/fr\/\"},{\"@type\":\"ListItem\",\"position\":2,\"name\":\"Products\",\"item\":\"https:\/\/geoclimate.ge\/fr\/products\/\"},{\"@type\":\"ListItem\",\"position\":3,\"name\":\"Filtre HEPA V-Bank &#8211; 292MM\"}]},{\"@type\":\"WebSite\",\"@id\":\"https:\/\/geoclimate.ge\/#website\",\"url\":\"https:\/\/geoclimate.ge\/\",\"name\":\"GeoClimate\",\"description\":\"\",\"publisher\":{\"@id\":\"https:\/\/geoclimate.ge\/#organization\"},\"potentialAction\":[{\"@type\":\"SearchAction\",\"target\":{\"@type\":\"EntryPoint\",\"urlTemplate\":\"https:\/\/geoclimate.ge\/?s={search_term_string}\"},\"query-input\":{\"@type\":\"PropertyValueSpecification\",\"valueRequired\":true,\"valueName\":\"search_term_string\"}}],\"inLanguage\":\"fr-FR\"},{\"@type\":\"Organization\",\"@id\":\"https:\/\/geoclimate.ge\/#organization\",\"name\":\"GeoClimate\",\"url\":\"https:\/\/geoclimate.ge\/\",\"logo\":{\"@type\":\"ImageObject\",\"inLanguage\":\"fr-FR\",\"@id\":\"https:\/\/geoclimate.ge\/#\/schema\/logo\/image\/\",\"url\":\"https:\/\/geoclimate.ge\/wp-content\/uploads\/2026\/03\/geoclimate-SEO.png\",\"contentUrl\":\"https:\/\/geoclimate.ge\/wp-content\/uploads\/2026\/03\/geoclimate-SEO.png\",\"width\":1536,\"height\":1024,\"caption\":\"GeoClimate\"},\"image\":{\"@id\":\"https:\/\/geoclimate.ge\/#\/schema\/logo\/image\/\"}}]}<\/script>\n<!-- \/ Yoast SEO plugin. -->","yoast_head_json":{"title":"Filtre HEPA V-Bank - 292MM - GeoClimate.ge","robots":{"index":"index","follow":"follow","max-snippet":"max-snippet:-1","max-image-preview":"max-image-preview:large","max-video-preview":"max-video-preview:-1"},"canonical":"https:\/\/geoclimate.ge\/fr\/produit\/v-bank-hepa-filter-292mm\/","og_locale":"fr_FR","og_type":"article","og_title":"Filtre HEPA V-Bank - 292MM - GeoClimate.ge","og_description":"Processus industriels tels que la micro\u00e9lectronique, la m\u00e9decine, la pharmacie, l'industrie alimentaire, la microbiologie, les laboratoires de chimie, les h\u00f4pitaux et les blocs op\u00e9ratoires, les caissons \u00e0 flux laminaire, les unit\u00e9s de filtration par ventilateur, l'\u00e9nergie nucl\u00e9aire et la recherche nucl\u00e9aire.  CLASSE DE FILTRE : H13-H14-U15 COMPOS\u00c9 D'\u00c9TANCH\u00c9IT\u00c9 : Polyur\u00e9thane \u00e0 deux composants TYPE DE CADRE : Acier galvanis\u00e9, acier inoxydable JOINT : EPDM plat, EPDM plat continu et mousse PU APPLICATION : Salles blanches, bloc op\u00e9ratoire M\u00c9DIA : Fibre de verre de haute qualit\u00e9 TEMP\u00c9RATURE DE FONCTIONNEMENT MAXIMALE : 75 \u00baC S\u00c9PARATEUR : Thermofusible CLASSE DE FEU : K2\/F2 pour temp\u00e9rature normale  Pour les applications \u00e0 haut d\u00e9bit d'air Filtration de haute qualit\u00e9 Galvanis\u00e9, aluminium Faible perte de charge Moins de consommation d'\u00e9nergie Garantie sans fuite Avec certificat de test individuel (EN 1822) Diff\u00e9rentes profondeurs de cadre avec toutes les dimensions Conception V-Bank","og_url":"https:\/\/geoclimate.ge\/fr\/produit\/v-bank-hepa-filter-292mm\/","og_site_name":"GeoClimate.ge","article_modified_time":"2025-02-08T14:12:37+00:00","og_image":[{"width":1000,"height":1000,"url":"https:\/\/geoclimate.ge\/wp-content\/uploads\/2025\/02\/08-GALVANIZED-FRAME-HEPA-FILTERS-V-BANK-DESIGN-292MM-HIGH-CAPAC.jpg","type":"image\/jpeg"}],"twitter_card":"summary_large_image","schema":{"@context":"https:\/\/schema.org","@graph":[{"@type":"WebPage","@id":"https:\/\/geoclimate.ge\/fr\/produit\/v-bank-hepa-filter-292mm\/","url":"https:\/\/geoclimate.ge\/fr\/produit\/v-bank-hepa-filter-292mm\/","name":"Filtre HEPA V-Bank - 292MM - GeoClimate.ge","isPartOf":{"@id":"https:\/\/geoclimate.ge\/#website"},"primaryImageOfPage":{"@id":"https:\/\/geoclimate.ge\/fr\/produit\/v-bank-hepa-filter-292mm\/#primaryimage"},"image":{"@id":"https:\/\/geoclimate.ge\/fr\/produit\/v-bank-hepa-filter-292mm\/#primaryimage"},"thumbnailUrl":"https:\/\/geoclimate.ge\/wp-content\/uploads\/2025\/02\/08-GALVANIZED-FRAME-HEPA-FILTERS-V-BANK-DESIGN-292MM-HIGH-CAPAC.jpg","datePublished":"2025-02-08T14:11:43+00:00","dateModified":"2025-02-08T14:12:37+00:00","breadcrumb":{"@id":"https:\/\/geoclimate.ge\/fr\/produit\/v-bank-hepa-filter-292mm\/#breadcrumb"},"inLanguage":"fr-FR","potentialAction":[{"@type":"ReadAction","target":["https:\/\/geoclimate.ge\/fr\/produit\/v-bank-hepa-filter-292mm\/"]}]},{"@type":"ImageObject","inLanguage":"fr-FR","@id":"https:\/\/geoclimate.ge\/fr\/produit\/v-bank-hepa-filter-292mm\/#primaryimage","url":"https:\/\/geoclimate.ge\/wp-content\/uploads\/2025\/02\/08-GALVANIZED-FRAME-HEPA-FILTERS-V-BANK-DESIGN-292MM-HIGH-CAPAC.jpg","contentUrl":"https:\/\/geoclimate.ge\/wp-content\/uploads\/2025\/02\/08-GALVANIZED-FRAME-HEPA-FILTERS-V-BANK-DESIGN-292MM-HIGH-CAPAC.jpg","width":1000,"height":1000},{"@type":"BreadcrumbList","@id":"https:\/\/geoclimate.ge\/fr\/produit\/v-bank-hepa-filter-292mm\/#breadcrumb","itemListElement":[{"@type":"ListItem","position":1,"name":"Home","item":"https:\/\/geoclimate.ge\/fr\/"},{"@type":"ListItem","position":2,"name":"Products","item":"https:\/\/geoclimate.ge\/fr\/products\/"},{"@type":"ListItem","position":3,"name":"Filtre HEPA V-Bank &#8211; 292MM"}]},{"@type":"WebSite","@id":"https:\/\/geoclimate.ge\/#website","url":"https:\/\/geoclimate.ge\/","name":"GeoClimate","description":"","publisher":{"@id":"https:\/\/geoclimate.ge\/#organization"},"potentialAction":[{"@type":"SearchAction","target":{"@type":"EntryPoint","urlTemplate":"https:\/\/geoclimate.ge\/?s={search_term_string}"},"query-input":{"@type":"PropertyValueSpecification","valueRequired":true,"valueName":"search_term_string"}}],"inLanguage":"fr-FR"},{"@type":"Organization","@id":"https:\/\/geoclimate.ge\/#organization","name":"GeoClimate","url":"https:\/\/geoclimate.ge\/","logo":{"@type":"ImageObject","inLanguage":"fr-FR","@id":"https:\/\/geoclimate.ge\/#\/schema\/logo\/image\/","url":"https:\/\/geoclimate.ge\/wp-content\/uploads\/2026\/03\/geoclimate-SEO.png","contentUrl":"https:\/\/geoclimate.ge\/wp-content\/uploads\/2026\/03\/geoclimate-SEO.png","width":1536,"height":1024,"caption":"GeoClimate"},"image":{"@id":"https:\/\/geoclimate.ge\/#\/schema\/logo\/image\/"}}]}},"_links":{"self":[{"href":"https:\/\/geoclimate.ge\/fr\/wp-json\/wp\/v2\/product\/18644","targetHints":{"allow":["GET"]}}],"collection":[{"href":"https:\/\/geoclimate.ge\/fr\/wp-json\/wp\/v2\/product"}],"about":[{"href":"https:\/\/geoclimate.ge\/fr\/wp-json\/wp\/v2\/types\/product"}],"wp:featuredmedia":[{"embeddable":true,"href":"https:\/\/geoclimate.ge\/fr\/wp-json\/wp\/v2\/media\/18641"}],"wp:attachment":[{"href":"https:\/\/geoclimate.ge\/fr\/wp-json\/wp\/v2\/media?parent=18644"}],"wp:term":[{"taxonomy":"product_brand","embeddable":true,"href":"https:\/\/geoclimate.ge\/fr\/wp-json\/wp\/v2\/product_brand?post=18644"},{"taxonomy":"product_cat","embeddable":true,"href":"https:\/\/geoclimate.ge\/fr\/wp-json\/wp\/v2\/product_cat?post=18644"},{"taxonomy":"product_tag","embeddable":true,"href":"https:\/\/geoclimate.ge\/fr\/wp-json\/wp\/v2\/product_tag?post=18644"}],"curies":[{"name":"wp","href":"https:\/\/api.w.org\/{rel}","templated":true}]}}