{"id":18701,"date":"2025-02-08T19:48:11","date_gmt":"2025-02-08T15:48:11","guid":{"rendered":"https:\/\/airsystems.ge\/shop\/product\/precision-air-conditioning\/"},"modified":"2025-02-08T19:51:08","modified_gmt":"2025-02-08T15:51:08","slug":"precision-air-conditioning","status":"publish","type":"product","link":"https:\/\/geoclimate.ge\/fr\/produit\/precision-air-conditioning\/","title":{"rendered":"Unit\u00e9s de climatisation de pr\u00e9cision"},"content":{"rendered":"<p>Precision Air Conditioning<\/p>\n","protected":false},"excerpt":{"rendered":"<p>Unit\u00e9 de climatisation \u00e0 condensation par eau<br \/>\nWUL : Version \u00e9tendue<br \/>\nWUL<br \/>\nCapacit\u00e9 de refroidissement de 60 kW \u00e0 216 kW<\/p>\n<p>Climatiseurs \u00e0 r\u00e9gulation de pr\u00e9cision pour installation verticale et refroidissement uniquement, avec chauffage optionnel au moyen d&rsquo;un \u00e9l\u00e9ment chauffant, humidificateur et d\u00e9shumidificateur optionnels pour un contr\u00f4le pr\u00e9cis de la temp\u00e9rature et de l&rsquo;humidit\u00e9. Particuli\u00e8rement adapt\u00e9s \u00e0 la climatisation de pr\u00e9cision dans les serveurs et les salles informatiques et toutes les applications technologiques en g\u00e9n\u00e9ral.<br \/>\nLes unit\u00e9s se composent de deux modules : le premier abritant l&rsquo;\u00e9changeur de chaleur, g\u00e9n\u00e9ralement plac\u00e9 au sol, le second o\u00f9 sont install\u00e9s les ventilateurs EC inverter. Alimentation en air descendant.<br \/>\nCes unit\u00e9s sont \u00e9quip\u00e9es d&rsquo;une vanne modulante \u00e0 2 voies et d&rsquo;un servomoteur. L&rsquo;unit\u00e9 doit \u00eatre connect\u00e9e \u00e0 un refroidisseur externe.<\/p>\n<p>ACCESSOIRES<\/p>\n<p>\u2022 Terminal utilisateur d\u00e9port\u00e9<br \/>\n\u2022 Batterie de chauffage \u00e9lectrique<br \/>\n\u2022 Humidificateur<br \/>\n\u2022 Cadre antivibratoire avec supports en caoutchouc<br \/>\n\u2022 Carte \u00e9lectronique d&rsquo;interface<br \/>\n\u2022 Pl\u00e9num de distribution d&rsquo;air<br \/>\n\u2022 Refoulement de pompe de condensation<br \/>\n\u2022 Carte d&rsquo;interface pour protocole TCP\/IP<br \/>\n\u2022 Longwork, modbus, bacnet<br \/>\n\u2022 Terminal graphique \u00e0 \u00e9cran tactile<br \/>\n\u2022 Alimentation \u00e9lectrique diff\u00e9rente de la norme<\/p>\n","protected":false},"featured_media":18698,"template":"","meta":[],"product_brand":[],"product_cat":[717,705],"product_tag":[],"class_list":{"0":"post-18701","1":"product","2":"type-product","3":"status-publish","4":"has-post-thumbnail","6":"product_cat-climatisation-precision-de-fr","7":"product_cat-climatiseur","9":"first","10":"instock","11":"shipping-taxable","12":"product-type-simple"},"yoast_head":"<!-- This site is optimized with the Yoast SEO plugin v27.1.1 - https:\/\/yoast.com\/product\/yoast-seo-wordpress\/ -->\n<title>Unit\u00e9s de climatisation de pr\u00e9cision - GeoClimate.ge<\/title>\n<meta name=\"robots\" content=\"index, follow, max-snippet:-1, max-image-preview:large, max-video-preview:-1\" \/>\n<link rel=\"canonical\" href=\"https:\/\/geoclimate.ge\/fr\/produit\/precision-air-conditioning\/\" \/>\n<meta property=\"og:locale\" content=\"fr_FR\" \/>\n<meta property=\"og:type\" content=\"article\" \/>\n<meta property=\"og:title\" content=\"Unit\u00e9s de climatisation de pr\u00e9cision - GeoClimate.ge\" \/>\n<meta property=\"og:description\" content=\"Unit\u00e9 de climatisation \u00e0 condensation par eau WUL : Version \u00e9tendue WUL Capacit\u00e9 de refroidissement de 60 kW \u00e0 216 kW  Climatiseurs \u00e0 r\u00e9gulation de pr\u00e9cision pour installation verticale et refroidissement uniquement, avec chauffage optionnel au moyen d&#039;un \u00e9l\u00e9ment chauffant, humidificateur et d\u00e9shumidificateur optionnels pour un contr\u00f4le pr\u00e9cis de la temp\u00e9rature et de l&#039;humidit\u00e9. Particuli\u00e8rement adapt\u00e9s \u00e0 la climatisation de pr\u00e9cision dans les serveurs et les salles informatiques et toutes les applications technologiques en g\u00e9n\u00e9ral. Les unit\u00e9s se composent de deux modules : le premier abritant l&#039;\u00e9changeur de chaleur, g\u00e9n\u00e9ralement plac\u00e9 au sol, le second o\u00f9 sont install\u00e9s les ventilateurs EC inverter. Alimentation en air descendant. Ces unit\u00e9s sont \u00e9quip\u00e9es d&#039;une vanne modulante \u00e0 2 voies et d&#039;un servomoteur. L&#039;unit\u00e9 doit \u00eatre connect\u00e9e \u00e0 un refroidisseur externe.  ACCESSOIRES  \u2022 Terminal utilisateur d\u00e9port\u00e9 \u2022 Batterie de chauffage \u00e9lectrique \u2022 Humidificateur \u2022 Cadre antivibratoire avec supports en caoutchouc \u2022 Carte \u00e9lectronique d&#039;interface \u2022 Pl\u00e9num de distribution d&#039;air \u2022 Refoulement de pompe de condensation \u2022 Carte d&#039;interface pour protocole TCP\/IP \u2022 Longwork, modbus, bacnet \u2022 Terminal graphique \u00e0 \u00e9cran tactile \u2022 Alimentation \u00e9lectrique diff\u00e9rente de la norme\" \/>\n<meta property=\"og:url\" content=\"https:\/\/geoclimate.ge\/fr\/produit\/precision-air-conditioning\/\" \/>\n<meta property=\"og:site_name\" content=\"GeoClimate.ge\" \/>\n<meta property=\"article:modified_time\" content=\"2025-02-08T15:51:08+00:00\" \/>\n<meta property=\"og:image\" content=\"https:\/\/geoclimate.ge\/wp-content\/uploads\/2025\/02\/WUL-1-qjepilo7dgse77kc5h2fusxknaeobh9rnkb3d8b6mw.png\" \/>\n\t<meta property=\"og:image:width\" content=\"700\" \/>\n\t<meta property=\"og:image:height\" content=\"700\" \/>\n\t<meta property=\"og:image:type\" content=\"image\/png\" \/>\n<meta name=\"twitter:card\" content=\"summary_large_image\" \/>\n<script type=\"application\/ld+json\" class=\"yoast-schema-graph\">{\"@context\":\"https:\/\/schema.org\",\"@graph\":[{\"@type\":\"WebPage\",\"@id\":\"https:\/\/geoclimate.ge\/fr\/produit\/precision-air-conditioning\/\",\"url\":\"https:\/\/geoclimate.ge\/fr\/produit\/precision-air-conditioning\/\",\"name\":\"Unit\u00e9s de climatisation de pr\u00e9cision - GeoClimate.ge\",\"isPartOf\":{\"@id\":\"https:\/\/geoclimate.ge\/#website\"},\"primaryImageOfPage\":{\"@id\":\"https:\/\/geoclimate.ge\/fr\/produit\/precision-air-conditioning\/#primaryimage\"},\"image\":{\"@id\":\"https:\/\/geoclimate.ge\/fr\/produit\/precision-air-conditioning\/#primaryimage\"},\"thumbnailUrl\":\"https:\/\/geoclimate.ge\/wp-content\/uploads\/2025\/02\/WUL-1-qjepilo7dgse77kc5h2fusxknaeobh9rnkb3d8b6mw.png\",\"datePublished\":\"2025-02-08T15:48:11+00:00\",\"dateModified\":\"2025-02-08T15:51:08+00:00\",\"breadcrumb\":{\"@id\":\"https:\/\/geoclimate.ge\/fr\/produit\/precision-air-conditioning\/#breadcrumb\"},\"inLanguage\":\"fr-FR\",\"potentialAction\":[{\"@type\":\"ReadAction\",\"target\":[\"https:\/\/geoclimate.ge\/fr\/produit\/precision-air-conditioning\/\"]}]},{\"@type\":\"ImageObject\",\"inLanguage\":\"fr-FR\",\"@id\":\"https:\/\/geoclimate.ge\/fr\/produit\/precision-air-conditioning\/#primaryimage\",\"url\":\"https:\/\/geoclimate.ge\/wp-content\/uploads\/2025\/02\/WUL-1-qjepilo7dgse77kc5h2fusxknaeobh9rnkb3d8b6mw.png\",\"contentUrl\":\"https:\/\/geoclimate.ge\/wp-content\/uploads\/2025\/02\/WUL-1-qjepilo7dgse77kc5h2fusxknaeobh9rnkb3d8b6mw.png\",\"width\":700,\"height\":700},{\"@type\":\"BreadcrumbList\",\"@id\":\"https:\/\/geoclimate.ge\/fr\/produit\/precision-air-conditioning\/#breadcrumb\",\"itemListElement\":[{\"@type\":\"ListItem\",\"position\":1,\"name\":\"Home\",\"item\":\"https:\/\/geoclimate.ge\/fr\/\"},{\"@type\":\"ListItem\",\"position\":2,\"name\":\"Products\",\"item\":\"https:\/\/geoclimate.ge\/fr\/products\/\"},{\"@type\":\"ListItem\",\"position\":3,\"name\":\"Unit\u00e9s de climatisation de pr\u00e9cision\"}]},{\"@type\":\"WebSite\",\"@id\":\"https:\/\/geoclimate.ge\/#website\",\"url\":\"https:\/\/geoclimate.ge\/\",\"name\":\"GeoClimate\",\"description\":\"\",\"publisher\":{\"@id\":\"https:\/\/geoclimate.ge\/#organization\"},\"potentialAction\":[{\"@type\":\"SearchAction\",\"target\":{\"@type\":\"EntryPoint\",\"urlTemplate\":\"https:\/\/geoclimate.ge\/?s={search_term_string}\"},\"query-input\":{\"@type\":\"PropertyValueSpecification\",\"valueRequired\":true,\"valueName\":\"search_term_string\"}}],\"inLanguage\":\"fr-FR\"},{\"@type\":\"Organization\",\"@id\":\"https:\/\/geoclimate.ge\/#organization\",\"name\":\"GeoClimate\",\"url\":\"https:\/\/geoclimate.ge\/\",\"logo\":{\"@type\":\"ImageObject\",\"inLanguage\":\"fr-FR\",\"@id\":\"https:\/\/geoclimate.ge\/#\/schema\/logo\/image\/\",\"url\":\"https:\/\/geoclimate.ge\/wp-content\/uploads\/2026\/03\/geoclimate-SEO.png\",\"contentUrl\":\"https:\/\/geoclimate.ge\/wp-content\/uploads\/2026\/03\/geoclimate-SEO.png\",\"width\":1536,\"height\":1024,\"caption\":\"GeoClimate\"},\"image\":{\"@id\":\"https:\/\/geoclimate.ge\/#\/schema\/logo\/image\/\"}}]}<\/script>\n<!-- \/ Yoast SEO plugin. -->","yoast_head_json":{"title":"Unit\u00e9s de climatisation de pr\u00e9cision - GeoClimate.ge","robots":{"index":"index","follow":"follow","max-snippet":"max-snippet:-1","max-image-preview":"max-image-preview:large","max-video-preview":"max-video-preview:-1"},"canonical":"https:\/\/geoclimate.ge\/fr\/produit\/precision-air-conditioning\/","og_locale":"fr_FR","og_type":"article","og_title":"Unit\u00e9s de climatisation de pr\u00e9cision - GeoClimate.ge","og_description":"Unit\u00e9 de climatisation \u00e0 condensation par eau WUL : Version \u00e9tendue WUL Capacit\u00e9 de refroidissement de 60 kW \u00e0 216 kW  Climatiseurs \u00e0 r\u00e9gulation de pr\u00e9cision pour installation verticale et refroidissement uniquement, avec chauffage optionnel au moyen d'un \u00e9l\u00e9ment chauffant, humidificateur et d\u00e9shumidificateur optionnels pour un contr\u00f4le pr\u00e9cis de la temp\u00e9rature et de l'humidit\u00e9. Particuli\u00e8rement adapt\u00e9s \u00e0 la climatisation de pr\u00e9cision dans les serveurs et les salles informatiques et toutes les applications technologiques en g\u00e9n\u00e9ral. Les unit\u00e9s se composent de deux modules : le premier abritant l'\u00e9changeur de chaleur, g\u00e9n\u00e9ralement plac\u00e9 au sol, le second o\u00f9 sont install\u00e9s les ventilateurs EC inverter. Alimentation en air descendant. Ces unit\u00e9s sont \u00e9quip\u00e9es d'une vanne modulante \u00e0 2 voies et d'un servomoteur. L'unit\u00e9 doit \u00eatre connect\u00e9e \u00e0 un refroidisseur externe.  ACCESSOIRES  \u2022 Terminal utilisateur d\u00e9port\u00e9 \u2022 Batterie de chauffage \u00e9lectrique \u2022 Humidificateur \u2022 Cadre antivibratoire avec supports en caoutchouc \u2022 Carte \u00e9lectronique d'interface \u2022 Pl\u00e9num de distribution d'air \u2022 Refoulement de pompe de condensation \u2022 Carte d'interface pour protocole TCP\/IP \u2022 Longwork, modbus, bacnet \u2022 Terminal graphique \u00e0 \u00e9cran tactile \u2022 Alimentation \u00e9lectrique diff\u00e9rente de la norme","og_url":"https:\/\/geoclimate.ge\/fr\/produit\/precision-air-conditioning\/","og_site_name":"GeoClimate.ge","article_modified_time":"2025-02-08T15:51:08+00:00","og_image":[{"width":700,"height":700,"url":"https:\/\/geoclimate.ge\/wp-content\/uploads\/2025\/02\/WUL-1-qjepilo7dgse77kc5h2fusxknaeobh9rnkb3d8b6mw.png","type":"image\/png"}],"twitter_card":"summary_large_image","schema":{"@context":"https:\/\/schema.org","@graph":[{"@type":"WebPage","@id":"https:\/\/geoclimate.ge\/fr\/produit\/precision-air-conditioning\/","url":"https:\/\/geoclimate.ge\/fr\/produit\/precision-air-conditioning\/","name":"Unit\u00e9s de climatisation de pr\u00e9cision - GeoClimate.ge","isPartOf":{"@id":"https:\/\/geoclimate.ge\/#website"},"primaryImageOfPage":{"@id":"https:\/\/geoclimate.ge\/fr\/produit\/precision-air-conditioning\/#primaryimage"},"image":{"@id":"https:\/\/geoclimate.ge\/fr\/produit\/precision-air-conditioning\/#primaryimage"},"thumbnailUrl":"https:\/\/geoclimate.ge\/wp-content\/uploads\/2025\/02\/WUL-1-qjepilo7dgse77kc5h2fusxknaeobh9rnkb3d8b6mw.png","datePublished":"2025-02-08T15:48:11+00:00","dateModified":"2025-02-08T15:51:08+00:00","breadcrumb":{"@id":"https:\/\/geoclimate.ge\/fr\/produit\/precision-air-conditioning\/#breadcrumb"},"inLanguage":"fr-FR","potentialAction":[{"@type":"ReadAction","target":["https:\/\/geoclimate.ge\/fr\/produit\/precision-air-conditioning\/"]}]},{"@type":"ImageObject","inLanguage":"fr-FR","@id":"https:\/\/geoclimate.ge\/fr\/produit\/precision-air-conditioning\/#primaryimage","url":"https:\/\/geoclimate.ge\/wp-content\/uploads\/2025\/02\/WUL-1-qjepilo7dgse77kc5h2fusxknaeobh9rnkb3d8b6mw.png","contentUrl":"https:\/\/geoclimate.ge\/wp-content\/uploads\/2025\/02\/WUL-1-qjepilo7dgse77kc5h2fusxknaeobh9rnkb3d8b6mw.png","width":700,"height":700},{"@type":"BreadcrumbList","@id":"https:\/\/geoclimate.ge\/fr\/produit\/precision-air-conditioning\/#breadcrumb","itemListElement":[{"@type":"ListItem","position":1,"name":"Home","item":"https:\/\/geoclimate.ge\/fr\/"},{"@type":"ListItem","position":2,"name":"Products","item":"https:\/\/geoclimate.ge\/fr\/products\/"},{"@type":"ListItem","position":3,"name":"Unit\u00e9s de climatisation de pr\u00e9cision"}]},{"@type":"WebSite","@id":"https:\/\/geoclimate.ge\/#website","url":"https:\/\/geoclimate.ge\/","name":"GeoClimate","description":"","publisher":{"@id":"https:\/\/geoclimate.ge\/#organization"},"potentialAction":[{"@type":"SearchAction","target":{"@type":"EntryPoint","urlTemplate":"https:\/\/geoclimate.ge\/?s={search_term_string}"},"query-input":{"@type":"PropertyValueSpecification","valueRequired":true,"valueName":"search_term_string"}}],"inLanguage":"fr-FR"},{"@type":"Organization","@id":"https:\/\/geoclimate.ge\/#organization","name":"GeoClimate","url":"https:\/\/geoclimate.ge\/","logo":{"@type":"ImageObject","inLanguage":"fr-FR","@id":"https:\/\/geoclimate.ge\/#\/schema\/logo\/image\/","url":"https:\/\/geoclimate.ge\/wp-content\/uploads\/2026\/03\/geoclimate-SEO.png","contentUrl":"https:\/\/geoclimate.ge\/wp-content\/uploads\/2026\/03\/geoclimate-SEO.png","width":1536,"height":1024,"caption":"GeoClimate"},"image":{"@id":"https:\/\/geoclimate.ge\/#\/schema\/logo\/image\/"}}]}},"_links":{"self":[{"href":"https:\/\/geoclimate.ge\/fr\/wp-json\/wp\/v2\/product\/18701","targetHints":{"allow":["GET"]}}],"collection":[{"href":"https:\/\/geoclimate.ge\/fr\/wp-json\/wp\/v2\/product"}],"about":[{"href":"https:\/\/geoclimate.ge\/fr\/wp-json\/wp\/v2\/types\/product"}],"wp:featuredmedia":[{"embeddable":true,"href":"https:\/\/geoclimate.ge\/fr\/wp-json\/wp\/v2\/media\/18698"}],"wp:attachment":[{"href":"https:\/\/geoclimate.ge\/fr\/wp-json\/wp\/v2\/media?parent=18701"}],"wp:term":[{"taxonomy":"product_brand","embeddable":true,"href":"https:\/\/geoclimate.ge\/fr\/wp-json\/wp\/v2\/product_brand?post=18701"},{"taxonomy":"product_cat","embeddable":true,"href":"https:\/\/geoclimate.ge\/fr\/wp-json\/wp\/v2\/product_cat?post=18701"},{"taxonomy":"product_tag","embeddable":true,"href":"https:\/\/geoclimate.ge\/fr\/wp-json\/wp\/v2\/product_tag?post=18701"}],"curies":[{"name":"wp","href":"https:\/\/api.w.org\/{rel}","templated":true}]}}