{"id":18731,"date":"2025-02-09T13:32:55","date_gmt":"2025-02-09T09:32:55","guid":{"rendered":"https:\/\/airsystems.ge\/shop\/product\/duct-air-conditioner-dc-inverter-18000-btu-yeke18bxeebm-rx-yuke18byeebmo-x-york\/"},"modified":"2025-02-09T13:38:12","modified_gmt":"2025-02-09T09:38:12","slug":"duct-air-conditioner-dc-inverter-18000-btu-yeke18bxeebm-rx-yuke18byeebmo-x-york","status":"publish","type":"product","link":"https:\/\/geoclimate.ge\/fr\/produit\/duct-air-conditioner-dc-inverter-18000-btu-yeke18bxeebm-rx-yuke18byeebmo-x-york\/","title":{"rendered":"Climatiseur \u00e0 conduit \u00e0 onduleur CC York 18\u00a0000 BTU YEKE18BXEEBM-RX-YUKE18BYEEBMO-X"},"content":{"rendered":"<table width=\"686\">\n<tbody>\n<tr>\n<td width=\"245\">BTU\/covered area<\/td>\n<td width=\"441\">18,000BTU 36-45sqm<\/td>\n<\/tr>\n<tr>\n<td>BTU capacity Cooling<\/td>\n<td>18,000 (2,700 &#8211; 21,000) BTU<\/td>\n<\/tr>\n<tr>\n<td>BTU capacity Heating<\/td>\n<td>19,000 (3,000 &#8211; 24,000) BTU<\/td>\n<\/tr>\n<tr>\n<td>Energy class<\/td>\n<td>A++<\/td>\n<\/tr>\n<tr>\n<td>Energy class cooling<\/td>\n<td>A++<\/td>\n<\/tr>\n<tr>\n<td>Energy class heating<\/td>\n<td>A+<\/td>\n<\/tr>\n<tr>\n<td>SEER<\/td>\n<td>6.5<\/td>\n<\/tr>\n<tr>\n<td>SCOP<\/td>\n<td>4<\/td>\n<\/tr>\n<tr>\n<td>Power voltage\/frequency<\/td>\n<td>230\/50Hz<\/td>\n<\/tr>\n<tr>\n<td>Operating range<\/td>\n<td>-15\u2103~50\u2103<\/td>\n<\/tr>\n<tr>\n<td>Special functions<\/td>\n<td>Turbo function, Follow me, sleep, automatic restart<\/td>\n<\/tr>\n<tr>\n<td>Working modes<\/td>\n<td>Self-diagnosis, Heating, Ionization, Purification, Cooling, Ventilation<\/td>\n<\/tr>\n<tr>\n<td>Indoor unit<\/td>\n<td>color White<\/td>\n<\/tr>\n<tr>\n<td>Noise level when cooling indoor unit<\/td>\n<td>37 \/ 40 \/ 44 dB<\/td>\n<\/tr>\n<tr>\n<td>Noise level when heating indoor unit<\/td>\n<td>v<\/td>\n<\/tr>\n<tr>\n<td>Filters<\/td>\n<td>Anti-allergen, Anti-bacterial, Anti-dust, Deodorant<\/td>\n<\/tr>\n<tr>\n<td>Air flow<\/td>\n<td>450 \/ 580 \/ 680 m\u00b3\/h<\/td>\n<\/tr>\n<tr>\n<td>Indoor unit dimensions L\/w\/h<\/td>\n<td>920 x 635 x 270 mm<\/td>\n<\/tr>\n<tr>\n<td>Indoor unit weight<\/td>\n<td>26.9 Kg<\/td>\n<\/tr>\n<tr>\n<td>Compatible external unit code<\/td>\n<td>YUKE18BYEEBMO-X<\/td>\n<\/tr>\n<tr>\n<td>Inverter<\/td>\n<td>YES<\/td>\n<\/tr>\n<tr>\n<td>Outdoor unit dimensions L\/w\/h<\/td>\n<td>800 x 333 x 554 mm<\/td>\n<\/tr>\n<tr>\n<td>Refrigerant<\/td>\n<td>v<\/td>\n<\/tr>\n<tr>\n<td>Refrigerant path (m)<\/td>\n<td>30 ml<\/td>\n<\/tr>\n<tr>\n<td>Level difference<\/td>\n<td>20 ml<\/td>\n<\/tr>\n<tr>\n<td>Outdoor unit noise level<\/td>\n<td>57 dB<\/td>\n<\/tr>\n<tr>\n<td>Outdoor unit weight<\/td>\n<td>34.5 Kg<\/td>\n<\/tr>\n<tr>\n<td>Unit type<\/td>\n<td>On duct (Duct)<\/td>\n<\/tr>\n<\/tbody>\n<\/table>\n","protected":false},"excerpt":{"rendered":"<p>Classe \u00e9nerg\u00e9tique\u00a0: A++<\/p>\n<p>La gamme de climatiseurs York comprend diverses capacit\u00e9s pour cr\u00e9er une offre de produits flexible. Chaque mod\u00e8le est con\u00e7u pour offrir confort et efficacit\u00e9 dans une unit\u00e9 avec une utilisation facile et la conception plate s&rsquo;adapte \u00e0 une vari\u00e9t\u00e9 d&rsquo;espaces, \u00e0 la maison ou au bureau.<\/p>\n<p>Les mod\u00e8les atteignent les normes d&rsquo;efficacit\u00e9 \u00e9nerg\u00e9tique les plus \u00e9lev\u00e9es, consomment moins d&rsquo;\u00e9lectricit\u00e9 sans compromettre le confort ou les performances. Les unit\u00e9s int\u00e9rieures et ext\u00e9rieures sont con\u00e7ues pour un fonctionnement silencieux, les param\u00e8tres de contr\u00f4le du confort peuvent \u00eatre facilement modifi\u00e9s en appuyant sur un bouton de la t\u00e9l\u00e9commande.<\/p>\n<p>FONCTIONS :<\/p>\n<p>Compresseur DC Inverter &#8211; cr\u00e9e un climat int\u00e9rieur plus confortable, des performances accrues \u00e0 charge partielle et une meilleure efficacit\u00e9 de chauffage \u00e0 basse temp\u00e9rature ambiante par rapport au compresseur standard<\/p>\n<p>Autodiagnostic &#8211; les codes d&rsquo;erreur sont clairement affich\u00e9s et permettent un diagnostic rapide et une maintenance plus facile<\/p>\n<p>Minuterie 24 heures &#8211; Permet de programmer l&rsquo;heure de d\u00e9marrage jusqu&rsquo;\u00e0 24 heures \u00e0 l&rsquo;avance pour un fonctionnement flexible et plus pratique<\/p>\n<p>Protection de 3 minutes &#8211; un d\u00e9lai de 3 minutes dans le red\u00e9marrage du compresseur permet d&rsquo;\u00e9viter la panne du compresseur et le fonctionnement au ralenti<\/p>\n<p>Filtre lavable &#8211; permet un entretien et une maintenance faciles<\/p>\n<p>Refroidissement jusqu&rsquo;\u00e0 -15 degr\u00e9s Celsius<\/p>\n<p>Ventilateur \u00e0 plusieurs vitesses &#8211; aide \u00e0 r\u00e9pondre aux diff\u00e9rentes exigences de flux d&rsquo;air<\/p>\n<p>Red\u00e9marrage automatique &#8211; en cas de panne de courant, l&rsquo;unit\u00e9 red\u00e9marre automatiquement aux param\u00e8tres initiaux<\/p>\n<p>Pompe \u00e0 condensats int\u00e9gr\u00e9e &#8211; facilite le drainage de la condensation de l&rsquo;unit\u00e9 int\u00e9rieure, ce qui facilite l&rsquo;installation.<\/p>\n","protected":false},"featured_media":18728,"template":"","meta":[],"product_brand":[],"product_cat":[705,721],"product_tag":[],"class_list":{"0":"post-18731","1":"product","2":"type-product","3":"status-publish","4":"has-post-thumbnail","6":"product_cat-climatiseur","7":"product_cat-climatiseur-gainable-fr","9":"first","10":"instock","11":"sale","12":"shipping-taxable","13":"purchasable","14":"product-type-simple"},"yoast_head":"<!-- This site is optimized with the Yoast SEO plugin v27.1.1 - https:\/\/yoast.com\/product\/yoast-seo-wordpress\/ -->\n<title>Climatiseur \u00e0 conduit \u00e0 onduleur CC York 18\u00a0000 BTU YEKE18BXEEBM-RX-YUKE18BYEEBMO-X - GeoClimate.ge<\/title>\n<meta name=\"robots\" content=\"index, follow, max-snippet:-1, max-image-preview:large, max-video-preview:-1\" \/>\n<link rel=\"canonical\" href=\"https:\/\/geoclimate.ge\/fr\/produit\/duct-air-conditioner-dc-inverter-18000-btu-yeke18bxeebm-rx-yuke18byeebmo-x-york\/\" \/>\n<meta property=\"og:locale\" content=\"fr_FR\" \/>\n<meta property=\"og:type\" content=\"article\" \/>\n<meta property=\"og:title\" content=\"Climatiseur \u00e0 conduit \u00e0 onduleur CC York 18\u00a0000 BTU YEKE18BXEEBM-RX-YUKE18BYEEBMO-X - GeoClimate.ge\" \/>\n<meta property=\"og:description\" content=\"Classe \u00e9nerg\u00e9tique\u00a0: A++  La gamme de climatiseurs York comprend diverses capacit\u00e9s pour cr\u00e9er une offre de produits flexible. Chaque mod\u00e8le est con\u00e7u pour offrir confort et efficacit\u00e9 dans une unit\u00e9 avec une utilisation facile et la conception plate s&#039;adapte \u00e0 une vari\u00e9t\u00e9 d&#039;espaces, \u00e0 la maison ou au bureau.  Les mod\u00e8les atteignent les normes d&#039;efficacit\u00e9 \u00e9nerg\u00e9tique les plus \u00e9lev\u00e9es, consomment moins d&#039;\u00e9lectricit\u00e9 sans compromettre le confort ou les performances. Les unit\u00e9s int\u00e9rieures et ext\u00e9rieures sont con\u00e7ues pour un fonctionnement silencieux, les param\u00e8tres de contr\u00f4le du confort peuvent \u00eatre facilement modifi\u00e9s en appuyant sur un bouton de la t\u00e9l\u00e9commande.  FONCTIONS :  Compresseur DC Inverter - cr\u00e9e un climat int\u00e9rieur plus confortable, des performances accrues \u00e0 charge partielle et une meilleure efficacit\u00e9 de chauffage \u00e0 basse temp\u00e9rature ambiante par rapport au compresseur standard  Autodiagnostic - les codes d&#039;erreur sont clairement affich\u00e9s et permettent un diagnostic rapide et une maintenance plus facile  Minuterie 24 heures - Permet de programmer l&#039;heure de d\u00e9marrage jusqu&#039;\u00e0 24 heures \u00e0 l&#039;avance pour un fonctionnement flexible et plus pratique  Protection de 3 minutes - un d\u00e9lai de 3 minutes dans le red\u00e9marrage du compresseur permet d&#039;\u00e9viter la panne du compresseur et le fonctionnement au ralenti  Filtre lavable - permet un entretien et une maintenance faciles  Refroidissement jusqu&#039;\u00e0 -15 degr\u00e9s Celsius  Ventilateur \u00e0 plusieurs vitesses - aide \u00e0 r\u00e9pondre aux diff\u00e9rentes exigences de flux d&#039;air  Red\u00e9marrage automatique - en cas de panne de courant, l&#039;unit\u00e9 red\u00e9marre automatiquement aux param\u00e8tres initiaux  Pompe \u00e0 condensats int\u00e9gr\u00e9e - facilite le drainage de la condensation de l&#039;unit\u00e9 int\u00e9rieure, ce qui facilite l&#039;installation.\" \/>\n<meta property=\"og:url\" content=\"https:\/\/geoclimate.ge\/fr\/produit\/duct-air-conditioner-dc-inverter-18000-btu-yeke18bxeebm-rx-yuke18byeebmo-x-york\/\" \/>\n<meta property=\"og:site_name\" content=\"GeoClimate.ge\" \/>\n<meta property=\"article:modified_time\" content=\"2025-02-09T09:38:12+00:00\" \/>\n<meta property=\"og:image\" content=\"https:\/\/geoclimate.ge\/wp-content\/uploads\/2025\/02\/duct-1-3.jpg\" \/>\n\t<meta property=\"og:image:width\" content=\"600\" \/>\n\t<meta property=\"og:image:height\" content=\"600\" \/>\n\t<meta property=\"og:image:type\" content=\"image\/jpeg\" \/>\n<meta name=\"twitter:card\" content=\"summary_large_image\" \/>\n<meta name=\"twitter:label1\" content=\"Dur\u00e9e de lecture estim\u00e9e\" \/>\n\t<meta name=\"twitter:data1\" content=\"1 minute\" \/>\n<script type=\"application\/ld+json\" class=\"yoast-schema-graph\">{\"@context\":\"https:\/\/schema.org\",\"@graph\":[{\"@type\":\"WebPage\",\"@id\":\"https:\/\/geoclimate.ge\/fr\/produit\/duct-air-conditioner-dc-inverter-18000-btu-yeke18bxeebm-rx-yuke18byeebmo-x-york\/\",\"url\":\"https:\/\/geoclimate.ge\/fr\/produit\/duct-air-conditioner-dc-inverter-18000-btu-yeke18bxeebm-rx-yuke18byeebmo-x-york\/\",\"name\":\"Climatiseur \u00e0 conduit \u00e0 onduleur CC York 18\u00a0000 BTU YEKE18BXEEBM-RX-YUKE18BYEEBMO-X - GeoClimate.ge\",\"isPartOf\":{\"@id\":\"https:\/\/geoclimate.ge\/#website\"},\"primaryImageOfPage\":{\"@id\":\"https:\/\/geoclimate.ge\/fr\/produit\/duct-air-conditioner-dc-inverter-18000-btu-yeke18bxeebm-rx-yuke18byeebmo-x-york\/#primaryimage\"},\"image\":{\"@id\":\"https:\/\/geoclimate.ge\/fr\/produit\/duct-air-conditioner-dc-inverter-18000-btu-yeke18bxeebm-rx-yuke18byeebmo-x-york\/#primaryimage\"},\"thumbnailUrl\":\"https:\/\/geoclimate.ge\/wp-content\/uploads\/2025\/02\/duct-1-3.jpg\",\"datePublished\":\"2025-02-09T09:32:55+00:00\",\"dateModified\":\"2025-02-09T09:38:12+00:00\",\"breadcrumb\":{\"@id\":\"https:\/\/geoclimate.ge\/fr\/produit\/duct-air-conditioner-dc-inverter-18000-btu-yeke18bxeebm-rx-yuke18byeebmo-x-york\/#breadcrumb\"},\"inLanguage\":\"fr-FR\",\"potentialAction\":[{\"@type\":\"ReadAction\",\"target\":[\"https:\/\/geoclimate.ge\/fr\/produit\/duct-air-conditioner-dc-inverter-18000-btu-yeke18bxeebm-rx-yuke18byeebmo-x-york\/\"]}]},{\"@type\":\"ImageObject\",\"inLanguage\":\"fr-FR\",\"@id\":\"https:\/\/geoclimate.ge\/fr\/produit\/duct-air-conditioner-dc-inverter-18000-btu-yeke18bxeebm-rx-yuke18byeebmo-x-york\/#primaryimage\",\"url\":\"https:\/\/geoclimate.ge\/wp-content\/uploads\/2025\/02\/duct-1-3.jpg\",\"contentUrl\":\"https:\/\/geoclimate.ge\/wp-content\/uploads\/2025\/02\/duct-1-3.jpg\",\"width\":600,\"height\":600},{\"@type\":\"BreadcrumbList\",\"@id\":\"https:\/\/geoclimate.ge\/fr\/produit\/duct-air-conditioner-dc-inverter-18000-btu-yeke18bxeebm-rx-yuke18byeebmo-x-york\/#breadcrumb\",\"itemListElement\":[{\"@type\":\"ListItem\",\"position\":1,\"name\":\"Home\",\"item\":\"https:\/\/geoclimate.ge\/fr\/\"},{\"@type\":\"ListItem\",\"position\":2,\"name\":\"Products\",\"item\":\"https:\/\/geoclimate.ge\/fr\/products\/\"},{\"@type\":\"ListItem\",\"position\":3,\"name\":\"Climatiseur \u00e0 conduit \u00e0 onduleur CC York 18\u00a0000 BTU YEKE18BXEEBM-RX-YUKE18BYEEBMO-X\"}]},{\"@type\":\"WebSite\",\"@id\":\"https:\/\/geoclimate.ge\/#website\",\"url\":\"https:\/\/geoclimate.ge\/\",\"name\":\"GeoClimate\",\"description\":\"\",\"publisher\":{\"@id\":\"https:\/\/geoclimate.ge\/#organization\"},\"potentialAction\":[{\"@type\":\"SearchAction\",\"target\":{\"@type\":\"EntryPoint\",\"urlTemplate\":\"https:\/\/geoclimate.ge\/?s={search_term_string}\"},\"query-input\":{\"@type\":\"PropertyValueSpecification\",\"valueRequired\":true,\"valueName\":\"search_term_string\"}}],\"inLanguage\":\"fr-FR\"},{\"@type\":\"Organization\",\"@id\":\"https:\/\/geoclimate.ge\/#organization\",\"name\":\"GeoClimate\",\"url\":\"https:\/\/geoclimate.ge\/\",\"logo\":{\"@type\":\"ImageObject\",\"inLanguage\":\"fr-FR\",\"@id\":\"https:\/\/geoclimate.ge\/#\/schema\/logo\/image\/\",\"url\":\"https:\/\/geoclimate.ge\/wp-content\/uploads\/2026\/03\/geoclimate-SEO.png\",\"contentUrl\":\"https:\/\/geoclimate.ge\/wp-content\/uploads\/2026\/03\/geoclimate-SEO.png\",\"width\":1536,\"height\":1024,\"caption\":\"GeoClimate\"},\"image\":{\"@id\":\"https:\/\/geoclimate.ge\/#\/schema\/logo\/image\/\"}}]}<\/script>\n<!-- \/ Yoast SEO plugin. -->","yoast_head_json":{"title":"Climatiseur \u00e0 conduit \u00e0 onduleur CC York 18\u00a0000 BTU YEKE18BXEEBM-RX-YUKE18BYEEBMO-X - GeoClimate.ge","robots":{"index":"index","follow":"follow","max-snippet":"max-snippet:-1","max-image-preview":"max-image-preview:large","max-video-preview":"max-video-preview:-1"},"canonical":"https:\/\/geoclimate.ge\/fr\/produit\/duct-air-conditioner-dc-inverter-18000-btu-yeke18bxeebm-rx-yuke18byeebmo-x-york\/","og_locale":"fr_FR","og_type":"article","og_title":"Climatiseur \u00e0 conduit \u00e0 onduleur CC York 18\u00a0000 BTU YEKE18BXEEBM-RX-YUKE18BYEEBMO-X - GeoClimate.ge","og_description":"Classe \u00e9nerg\u00e9tique\u00a0: A++  La gamme de climatiseurs York comprend diverses capacit\u00e9s pour cr\u00e9er une offre de produits flexible. Chaque mod\u00e8le est con\u00e7u pour offrir confort et efficacit\u00e9 dans une unit\u00e9 avec une utilisation facile et la conception plate s'adapte \u00e0 une vari\u00e9t\u00e9 d'espaces, \u00e0 la maison ou au bureau.  Les mod\u00e8les atteignent les normes d'efficacit\u00e9 \u00e9nerg\u00e9tique les plus \u00e9lev\u00e9es, consomment moins d'\u00e9lectricit\u00e9 sans compromettre le confort ou les performances. Les unit\u00e9s int\u00e9rieures et ext\u00e9rieures sont con\u00e7ues pour un fonctionnement silencieux, les param\u00e8tres de contr\u00f4le du confort peuvent \u00eatre facilement modifi\u00e9s en appuyant sur un bouton de la t\u00e9l\u00e9commande.  FONCTIONS :  Compresseur DC Inverter - cr\u00e9e un climat int\u00e9rieur plus confortable, des performances accrues \u00e0 charge partielle et une meilleure efficacit\u00e9 de chauffage \u00e0 basse temp\u00e9rature ambiante par rapport au compresseur standard  Autodiagnostic - les codes d'erreur sont clairement affich\u00e9s et permettent un diagnostic rapide et une maintenance plus facile  Minuterie 24 heures - Permet de programmer l'heure de d\u00e9marrage jusqu'\u00e0 24 heures \u00e0 l'avance pour un fonctionnement flexible et plus pratique  Protection de 3 minutes - un d\u00e9lai de 3 minutes dans le red\u00e9marrage du compresseur permet d'\u00e9viter la panne du compresseur et le fonctionnement au ralenti  Filtre lavable - permet un entretien et une maintenance faciles  Refroidissement jusqu'\u00e0 -15 degr\u00e9s Celsius  Ventilateur \u00e0 plusieurs vitesses - aide \u00e0 r\u00e9pondre aux diff\u00e9rentes exigences de flux d'air  Red\u00e9marrage automatique - en cas de panne de courant, l'unit\u00e9 red\u00e9marre automatiquement aux param\u00e8tres initiaux  Pompe \u00e0 condensats int\u00e9gr\u00e9e - facilite le drainage de la condensation de l'unit\u00e9 int\u00e9rieure, ce qui facilite l'installation.","og_url":"https:\/\/geoclimate.ge\/fr\/produit\/duct-air-conditioner-dc-inverter-18000-btu-yeke18bxeebm-rx-yuke18byeebmo-x-york\/","og_site_name":"GeoClimate.ge","article_modified_time":"2025-02-09T09:38:12+00:00","og_image":[{"width":600,"height":600,"url":"https:\/\/geoclimate.ge\/wp-content\/uploads\/2025\/02\/duct-1-3.jpg","type":"image\/jpeg"}],"twitter_card":"summary_large_image","twitter_misc":{"Dur\u00e9e de lecture estim\u00e9e":"1 minute"},"schema":{"@context":"https:\/\/schema.org","@graph":[{"@type":"WebPage","@id":"https:\/\/geoclimate.ge\/fr\/produit\/duct-air-conditioner-dc-inverter-18000-btu-yeke18bxeebm-rx-yuke18byeebmo-x-york\/","url":"https:\/\/geoclimate.ge\/fr\/produit\/duct-air-conditioner-dc-inverter-18000-btu-yeke18bxeebm-rx-yuke18byeebmo-x-york\/","name":"Climatiseur \u00e0 conduit \u00e0 onduleur CC York 18\u00a0000 BTU YEKE18BXEEBM-RX-YUKE18BYEEBMO-X - GeoClimate.ge","isPartOf":{"@id":"https:\/\/geoclimate.ge\/#website"},"primaryImageOfPage":{"@id":"https:\/\/geoclimate.ge\/fr\/produit\/duct-air-conditioner-dc-inverter-18000-btu-yeke18bxeebm-rx-yuke18byeebmo-x-york\/#primaryimage"},"image":{"@id":"https:\/\/geoclimate.ge\/fr\/produit\/duct-air-conditioner-dc-inverter-18000-btu-yeke18bxeebm-rx-yuke18byeebmo-x-york\/#primaryimage"},"thumbnailUrl":"https:\/\/geoclimate.ge\/wp-content\/uploads\/2025\/02\/duct-1-3.jpg","datePublished":"2025-02-09T09:32:55+00:00","dateModified":"2025-02-09T09:38:12+00:00","breadcrumb":{"@id":"https:\/\/geoclimate.ge\/fr\/produit\/duct-air-conditioner-dc-inverter-18000-btu-yeke18bxeebm-rx-yuke18byeebmo-x-york\/#breadcrumb"},"inLanguage":"fr-FR","potentialAction":[{"@type":"ReadAction","target":["https:\/\/geoclimate.ge\/fr\/produit\/duct-air-conditioner-dc-inverter-18000-btu-yeke18bxeebm-rx-yuke18byeebmo-x-york\/"]}]},{"@type":"ImageObject","inLanguage":"fr-FR","@id":"https:\/\/geoclimate.ge\/fr\/produit\/duct-air-conditioner-dc-inverter-18000-btu-yeke18bxeebm-rx-yuke18byeebmo-x-york\/#primaryimage","url":"https:\/\/geoclimate.ge\/wp-content\/uploads\/2025\/02\/duct-1-3.jpg","contentUrl":"https:\/\/geoclimate.ge\/wp-content\/uploads\/2025\/02\/duct-1-3.jpg","width":600,"height":600},{"@type":"BreadcrumbList","@id":"https:\/\/geoclimate.ge\/fr\/produit\/duct-air-conditioner-dc-inverter-18000-btu-yeke18bxeebm-rx-yuke18byeebmo-x-york\/#breadcrumb","itemListElement":[{"@type":"ListItem","position":1,"name":"Home","item":"https:\/\/geoclimate.ge\/fr\/"},{"@type":"ListItem","position":2,"name":"Products","item":"https:\/\/geoclimate.ge\/fr\/products\/"},{"@type":"ListItem","position":3,"name":"Climatiseur \u00e0 conduit \u00e0 onduleur CC York 18\u00a0000 BTU YEKE18BXEEBM-RX-YUKE18BYEEBMO-X"}]},{"@type":"WebSite","@id":"https:\/\/geoclimate.ge\/#website","url":"https:\/\/geoclimate.ge\/","name":"GeoClimate","description":"","publisher":{"@id":"https:\/\/geoclimate.ge\/#organization"},"potentialAction":[{"@type":"SearchAction","target":{"@type":"EntryPoint","urlTemplate":"https:\/\/geoclimate.ge\/?s={search_term_string}"},"query-input":{"@type":"PropertyValueSpecification","valueRequired":true,"valueName":"search_term_string"}}],"inLanguage":"fr-FR"},{"@type":"Organization","@id":"https:\/\/geoclimate.ge\/#organization","name":"GeoClimate","url":"https:\/\/geoclimate.ge\/","logo":{"@type":"ImageObject","inLanguage":"fr-FR","@id":"https:\/\/geoclimate.ge\/#\/schema\/logo\/image\/","url":"https:\/\/geoclimate.ge\/wp-content\/uploads\/2026\/03\/geoclimate-SEO.png","contentUrl":"https:\/\/geoclimate.ge\/wp-content\/uploads\/2026\/03\/geoclimate-SEO.png","width":1536,"height":1024,"caption":"GeoClimate"},"image":{"@id":"https:\/\/geoclimate.ge\/#\/schema\/logo\/image\/"}}]}},"_links":{"self":[{"href":"https:\/\/geoclimate.ge\/fr\/wp-json\/wp\/v2\/product\/18731","targetHints":{"allow":["GET"]}}],"collection":[{"href":"https:\/\/geoclimate.ge\/fr\/wp-json\/wp\/v2\/product"}],"about":[{"href":"https:\/\/geoclimate.ge\/fr\/wp-json\/wp\/v2\/types\/product"}],"wp:featuredmedia":[{"embeddable":true,"href":"https:\/\/geoclimate.ge\/fr\/wp-json\/wp\/v2\/media\/18728"}],"wp:attachment":[{"href":"https:\/\/geoclimate.ge\/fr\/wp-json\/wp\/v2\/media?parent=18731"}],"wp:term":[{"taxonomy":"product_brand","embeddable":true,"href":"https:\/\/geoclimate.ge\/fr\/wp-json\/wp\/v2\/product_brand?post=18731"},{"taxonomy":"product_cat","embeddable":true,"href":"https:\/\/geoclimate.ge\/fr\/wp-json\/wp\/v2\/product_cat?post=18731"},{"taxonomy":"product_tag","embeddable":true,"href":"https:\/\/geoclimate.ge\/fr\/wp-json\/wp\/v2\/product_tag?post=18731"}],"curies":[{"name":"wp","href":"https:\/\/api.w.org\/{rel}","templated":true}]}}