{"id":18916,"date":"2025-02-12T10:06:02","date_gmt":"2025-02-12T06:06:02","guid":{"rendered":"https:\/\/airsystems.ge\/shop\/product\/acoustic-panels-alphacoustic-ap\/"},"modified":"2025-02-12T10:16:04","modified_gmt":"2025-02-12T06:16:04","slug":"acoustic-panels-alphacoustic-ap","status":"publish","type":"product","link":"https:\/\/geoclimate.ge\/fr\/produit\/acoustic-panels-alphacoustic-ap\/","title":{"rendered":"Acoustic Panels ALPHAcoustic \u2013 AP"},"content":{"rendered":"<p>ALPHAcoustic \u2013 AP.Ortho sont des panneaux acoustiques rectangulaires \u00e0 bords carr\u00e9s (sommets rectangulaires) enti\u00e8rement recouverts de tissus d&rsquo;excellente qualit\u00e9. Ils \u00e9liminent les r\u00e9flexions sonores g\u00eanantes, am\u00e9liorent l&rsquo;acoustique int\u00e9rieure, r\u00e9duisent le bruit r\u00e9verb\u00e9r\u00e9 et offrent un meilleur environnement acoustique.<\/p>\n<p>En fonction des exigences de chaque application, une combinaison de diff\u00e9rents mat\u00e9riaux absorbants sonores peut \u00eatre appliqu\u00e9e pour obtenir une absorption de fr\u00e9quences \u00e0 large gamme.<\/p>\n<p>Pour les projets qui n\u00e9cessitent un th\u00e8me d&rsquo;impression sp\u00e9cifique, nous utilisons un textile acoustique imprim\u00e9 de haute technologie avec un choix illimit\u00e9 de couleurs et de capacit\u00e9s d&rsquo;image.<\/p>\n<p>Dimensions standard : 120 x 60 x 5 cm (diff\u00e9rentes formes, dimensions et \u00e9paisseurs disponibles sur demande). Ils se pr\u00e9sentent sous de nombreuses formes telles que carr\u00e9, rectangle, ellipse, demi-cercle, triangle, pentagone, hexagone, heptagone, octogone, etc.<\/p>\n<p>Gr\u00e2ce \u00e0 son indice d&rsquo;absorption acoustique \u00e9lev\u00e9 (\u03b1s), le panneau acoustique peut atteindre une absorption acoustique maximale dans chaque bande de fr\u00e9quence acoustique. Sur demande, nous pouvons d\u00e9terminer l&rsquo;indice d&rsquo;absorption acoustique selon les normes ISO 354.2003 et ISO 11654.1997 pour la plupart de nos types de panneaux acoustiques. Le coefficient d&rsquo;absorption acoustique (\u03b1s) peut \u00eatre calcul\u00e9 conform\u00e9ment aux normes ISO 354.2003 et ISO 11654.1997 pour la plupart des types de panneaux acoustiques.<\/p>\n<p>En fonction des exigences de chaque application et afin d&rsquo;obtenir une absorption sur une large gamme de fr\u00e9quences, une combinaison de diff\u00e9rents mat\u00e9riaux absorbants acoustiques peut \u00eatre appliqu\u00e9e.<\/p>\n","protected":false},"excerpt":{"rendered":"<p>Section transversale\u00a0 \u00a0 \u00a0Rectangulaire<\/p>\n<p>ALPHAcoustic\u00a0\u2013\u00a0AP.Ortho\u00a0sont des panneaux acoustiques rectangulaires \u00e0 bords carr\u00e9s (sommets rectangulaires) enti\u00e8rement recouverts de tissus d&rsquo;excellente qualit\u00e9. Ils \u00e9liminent les r\u00e9flexions de bruit g\u00eanantes, am\u00e9liorent l&rsquo;acoustique int\u00e9rieure, r\u00e9duisent le bruit r\u00e9verb\u00e9r\u00e9 et offrent un meilleur environnement acoustique.En fonction des exigences de chaque application, une combinaison de diff\u00e9rents mat\u00e9riaux absorbants sonores peut \u00eatre appliqu\u00e9e pour obtenir une absorption de fr\u00e9quence \u00e0 large gamme.Pour les projets qui n\u00e9cessitent un th\u00e8me d&rsquo;impression sp\u00e9cifique, nous utilisons un textile acoustique imprim\u00e9 de haute technologie avec un choix illimit\u00e9 de couleurs et de capacit\u00e9s d&rsquo;image.Dimensions standard\u00a0: 120 x 60 x 5 cm\u00a0(diff\u00e9rentes formes, dimensions et \u00e9paisseurs disponibles sur demande).Ils se pr\u00e9sentent sous de nombreuses formes comme le carr\u00e9, le rectangle, l&rsquo;ellipse, le demi-cercle, le triangle, le pentagone, l&rsquo;hexagone, l&rsquo;heptagone, l&rsquo;octogone, etc.<\/p>\n","protected":false},"featured_media":18905,"template":"","meta":[],"product_brand":[],"product_cat":[738],"product_tag":[],"class_list":{"0":"post-18916","1":"product","2":"type-product","3":"status-publish","4":"has-post-thumbnail","6":"product_cat-acoustic-panels-fr","8":"first","9":"instock","10":"shipping-taxable","11":"product-type-simple"},"yoast_head":"<!-- This site is optimized with the Yoast SEO plugin v27.1.1 - https:\/\/yoast.com\/product\/yoast-seo-wordpress\/ -->\n<title>Acoustic Panels ALPHAcoustic \u2013 AP - GeoClimate.ge<\/title>\n<meta name=\"robots\" content=\"index, follow, max-snippet:-1, max-image-preview:large, max-video-preview:-1\" \/>\n<link rel=\"canonical\" href=\"https:\/\/geoclimate.ge\/fr\/produit\/acoustic-panels-alphacoustic-ap\/\" \/>\n<meta property=\"og:locale\" content=\"fr_FR\" \/>\n<meta property=\"og:type\" content=\"article\" \/>\n<meta property=\"og:title\" content=\"Acoustic Panels ALPHAcoustic \u2013 AP - GeoClimate.ge\" \/>\n<meta property=\"og:description\" content=\"Section transversale\u00a0 \u00a0 \u00a0Rectangulaire  ALPHAcoustic\u00a0\u2013\u00a0AP.Ortho\u00a0sont des panneaux acoustiques rectangulaires \u00e0 bords carr\u00e9s (sommets rectangulaires) enti\u00e8rement recouverts de tissus d&#039;excellente qualit\u00e9. Ils \u00e9liminent les r\u00e9flexions de bruit g\u00eanantes, am\u00e9liorent l&#039;acoustique int\u00e9rieure, r\u00e9duisent le bruit r\u00e9verb\u00e9r\u00e9 et offrent un meilleur environnement acoustique.En fonction des exigences de chaque application, une combinaison de diff\u00e9rents mat\u00e9riaux absorbants sonores peut \u00eatre appliqu\u00e9e pour obtenir une absorption de fr\u00e9quence \u00e0 large gamme.Pour les projets qui n\u00e9cessitent un th\u00e8me d&#039;impression sp\u00e9cifique, nous utilisons un textile acoustique imprim\u00e9 de haute technologie avec un choix illimit\u00e9 de couleurs et de capacit\u00e9s d&#039;image.Dimensions standard\u00a0: 120 x 60 x 5 cm\u00a0(diff\u00e9rentes formes, dimensions et \u00e9paisseurs disponibles sur demande).Ils se pr\u00e9sentent sous de nombreuses formes comme le carr\u00e9, le rectangle, l&#039;ellipse, le demi-cercle, le triangle, le pentagone, l&#039;hexagone, l&#039;heptagone, l&#039;octogone, etc.\" \/>\n<meta property=\"og:url\" content=\"https:\/\/geoclimate.ge\/fr\/produit\/acoustic-panels-alphacoustic-ap\/\" \/>\n<meta property=\"og:site_name\" content=\"GeoClimate.ge\" \/>\n<meta property=\"article:modified_time\" content=\"2025-02-12T06:16:04+00:00\" \/>\n<meta property=\"og:image\" content=\"https:\/\/geoclimate.ge\/wp-content\/uploads\/2025\/02\/ALPHAcoustic-AP-profile-photo.jpg\" \/>\n\t<meta property=\"og:image:width\" content=\"800\" \/>\n\t<meta property=\"og:image:height\" content=\"600\" \/>\n\t<meta property=\"og:image:type\" content=\"image\/jpeg\" \/>\n<meta name=\"twitter:card\" content=\"summary_large_image\" \/>\n<meta name=\"twitter:label1\" content=\"Dur\u00e9e de lecture estim\u00e9e\" \/>\n\t<meta name=\"twitter:data1\" content=\"1 minute\" \/>\n<script type=\"application\/ld+json\" class=\"yoast-schema-graph\">{\"@context\":\"https:\/\/schema.org\",\"@graph\":[{\"@type\":\"WebPage\",\"@id\":\"https:\/\/geoclimate.ge\/fr\/produit\/acoustic-panels-alphacoustic-ap\/\",\"url\":\"https:\/\/geoclimate.ge\/fr\/produit\/acoustic-panels-alphacoustic-ap\/\",\"name\":\"Acoustic Panels ALPHAcoustic \u2013 AP - GeoClimate.ge\",\"isPartOf\":{\"@id\":\"https:\/\/geoclimate.ge\/#website\"},\"primaryImageOfPage\":{\"@id\":\"https:\/\/geoclimate.ge\/fr\/produit\/acoustic-panels-alphacoustic-ap\/#primaryimage\"},\"image\":{\"@id\":\"https:\/\/geoclimate.ge\/fr\/produit\/acoustic-panels-alphacoustic-ap\/#primaryimage\"},\"thumbnailUrl\":\"https:\/\/geoclimate.ge\/wp-content\/uploads\/2025\/02\/ALPHAcoustic-AP-profile-photo.jpg\",\"datePublished\":\"2025-02-12T06:06:02+00:00\",\"dateModified\":\"2025-02-12T06:16:04+00:00\",\"breadcrumb\":{\"@id\":\"https:\/\/geoclimate.ge\/fr\/produit\/acoustic-panels-alphacoustic-ap\/#breadcrumb\"},\"inLanguage\":\"fr-FR\",\"potentialAction\":[{\"@type\":\"ReadAction\",\"target\":[\"https:\/\/geoclimate.ge\/fr\/produit\/acoustic-panels-alphacoustic-ap\/\"]}]},{\"@type\":\"ImageObject\",\"inLanguage\":\"fr-FR\",\"@id\":\"https:\/\/geoclimate.ge\/fr\/produit\/acoustic-panels-alphacoustic-ap\/#primaryimage\",\"url\":\"https:\/\/geoclimate.ge\/wp-content\/uploads\/2025\/02\/ALPHAcoustic-AP-profile-photo.jpg\",\"contentUrl\":\"https:\/\/geoclimate.ge\/wp-content\/uploads\/2025\/02\/ALPHAcoustic-AP-profile-photo.jpg\",\"width\":800,\"height\":600},{\"@type\":\"BreadcrumbList\",\"@id\":\"https:\/\/geoclimate.ge\/fr\/produit\/acoustic-panels-alphacoustic-ap\/#breadcrumb\",\"itemListElement\":[{\"@type\":\"ListItem\",\"position\":1,\"name\":\"Home\",\"item\":\"https:\/\/geoclimate.ge\/fr\/\"},{\"@type\":\"ListItem\",\"position\":2,\"name\":\"Products\",\"item\":\"https:\/\/geoclimate.ge\/fr\/products\/\"},{\"@type\":\"ListItem\",\"position\":3,\"name\":\"Acoustic Panels ALPHAcoustic \u2013 AP\"}]},{\"@type\":\"WebSite\",\"@id\":\"https:\/\/geoclimate.ge\/#website\",\"url\":\"https:\/\/geoclimate.ge\/\",\"name\":\"GeoClimate\",\"description\":\"\",\"publisher\":{\"@id\":\"https:\/\/geoclimate.ge\/#organization\"},\"potentialAction\":[{\"@type\":\"SearchAction\",\"target\":{\"@type\":\"EntryPoint\",\"urlTemplate\":\"https:\/\/geoclimate.ge\/?s={search_term_string}\"},\"query-input\":{\"@type\":\"PropertyValueSpecification\",\"valueRequired\":true,\"valueName\":\"search_term_string\"}}],\"inLanguage\":\"fr-FR\"},{\"@type\":\"Organization\",\"@id\":\"https:\/\/geoclimate.ge\/#organization\",\"name\":\"GeoClimate\",\"url\":\"https:\/\/geoclimate.ge\/\",\"logo\":{\"@type\":\"ImageObject\",\"inLanguage\":\"fr-FR\",\"@id\":\"https:\/\/geoclimate.ge\/#\/schema\/logo\/image\/\",\"url\":\"https:\/\/geoclimate.ge\/wp-content\/uploads\/2026\/03\/geoclimate-SEO.png\",\"contentUrl\":\"https:\/\/geoclimate.ge\/wp-content\/uploads\/2026\/03\/geoclimate-SEO.png\",\"width\":1536,\"height\":1024,\"caption\":\"GeoClimate\"},\"image\":{\"@id\":\"https:\/\/geoclimate.ge\/#\/schema\/logo\/image\/\"}}]}<\/script>\n<!-- \/ Yoast SEO plugin. -->","yoast_head_json":{"title":"Acoustic Panels ALPHAcoustic \u2013 AP - GeoClimate.ge","robots":{"index":"index","follow":"follow","max-snippet":"max-snippet:-1","max-image-preview":"max-image-preview:large","max-video-preview":"max-video-preview:-1"},"canonical":"https:\/\/geoclimate.ge\/fr\/produit\/acoustic-panels-alphacoustic-ap\/","og_locale":"fr_FR","og_type":"article","og_title":"Acoustic Panels ALPHAcoustic \u2013 AP - GeoClimate.ge","og_description":"Section transversale\u00a0 \u00a0 \u00a0Rectangulaire  ALPHAcoustic\u00a0\u2013\u00a0AP.Ortho\u00a0sont des panneaux acoustiques rectangulaires \u00e0 bords carr\u00e9s (sommets rectangulaires) enti\u00e8rement recouverts de tissus d'excellente qualit\u00e9. Ils \u00e9liminent les r\u00e9flexions de bruit g\u00eanantes, am\u00e9liorent l'acoustique int\u00e9rieure, r\u00e9duisent le bruit r\u00e9verb\u00e9r\u00e9 et offrent un meilleur environnement acoustique.En fonction des exigences de chaque application, une combinaison de diff\u00e9rents mat\u00e9riaux absorbants sonores peut \u00eatre appliqu\u00e9e pour obtenir une absorption de fr\u00e9quence \u00e0 large gamme.Pour les projets qui n\u00e9cessitent un th\u00e8me d'impression sp\u00e9cifique, nous utilisons un textile acoustique imprim\u00e9 de haute technologie avec un choix illimit\u00e9 de couleurs et de capacit\u00e9s d'image.Dimensions standard\u00a0: 120 x 60 x 5 cm\u00a0(diff\u00e9rentes formes, dimensions et \u00e9paisseurs disponibles sur demande).Ils se pr\u00e9sentent sous de nombreuses formes comme le carr\u00e9, le rectangle, l'ellipse, le demi-cercle, le triangle, le pentagone, l'hexagone, l'heptagone, l'octogone, etc.","og_url":"https:\/\/geoclimate.ge\/fr\/produit\/acoustic-panels-alphacoustic-ap\/","og_site_name":"GeoClimate.ge","article_modified_time":"2025-02-12T06:16:04+00:00","og_image":[{"width":800,"height":600,"url":"https:\/\/geoclimate.ge\/wp-content\/uploads\/2025\/02\/ALPHAcoustic-AP-profile-photo.jpg","type":"image\/jpeg"}],"twitter_card":"summary_large_image","twitter_misc":{"Dur\u00e9e de lecture estim\u00e9e":"1 minute"},"schema":{"@context":"https:\/\/schema.org","@graph":[{"@type":"WebPage","@id":"https:\/\/geoclimate.ge\/fr\/produit\/acoustic-panels-alphacoustic-ap\/","url":"https:\/\/geoclimate.ge\/fr\/produit\/acoustic-panels-alphacoustic-ap\/","name":"Acoustic Panels ALPHAcoustic \u2013 AP - GeoClimate.ge","isPartOf":{"@id":"https:\/\/geoclimate.ge\/#website"},"primaryImageOfPage":{"@id":"https:\/\/geoclimate.ge\/fr\/produit\/acoustic-panels-alphacoustic-ap\/#primaryimage"},"image":{"@id":"https:\/\/geoclimate.ge\/fr\/produit\/acoustic-panels-alphacoustic-ap\/#primaryimage"},"thumbnailUrl":"https:\/\/geoclimate.ge\/wp-content\/uploads\/2025\/02\/ALPHAcoustic-AP-profile-photo.jpg","datePublished":"2025-02-12T06:06:02+00:00","dateModified":"2025-02-12T06:16:04+00:00","breadcrumb":{"@id":"https:\/\/geoclimate.ge\/fr\/produit\/acoustic-panels-alphacoustic-ap\/#breadcrumb"},"inLanguage":"fr-FR","potentialAction":[{"@type":"ReadAction","target":["https:\/\/geoclimate.ge\/fr\/produit\/acoustic-panels-alphacoustic-ap\/"]}]},{"@type":"ImageObject","inLanguage":"fr-FR","@id":"https:\/\/geoclimate.ge\/fr\/produit\/acoustic-panels-alphacoustic-ap\/#primaryimage","url":"https:\/\/geoclimate.ge\/wp-content\/uploads\/2025\/02\/ALPHAcoustic-AP-profile-photo.jpg","contentUrl":"https:\/\/geoclimate.ge\/wp-content\/uploads\/2025\/02\/ALPHAcoustic-AP-profile-photo.jpg","width":800,"height":600},{"@type":"BreadcrumbList","@id":"https:\/\/geoclimate.ge\/fr\/produit\/acoustic-panels-alphacoustic-ap\/#breadcrumb","itemListElement":[{"@type":"ListItem","position":1,"name":"Home","item":"https:\/\/geoclimate.ge\/fr\/"},{"@type":"ListItem","position":2,"name":"Products","item":"https:\/\/geoclimate.ge\/fr\/products\/"},{"@type":"ListItem","position":3,"name":"Acoustic Panels ALPHAcoustic \u2013 AP"}]},{"@type":"WebSite","@id":"https:\/\/geoclimate.ge\/#website","url":"https:\/\/geoclimate.ge\/","name":"GeoClimate","description":"","publisher":{"@id":"https:\/\/geoclimate.ge\/#organization"},"potentialAction":[{"@type":"SearchAction","target":{"@type":"EntryPoint","urlTemplate":"https:\/\/geoclimate.ge\/?s={search_term_string}"},"query-input":{"@type":"PropertyValueSpecification","valueRequired":true,"valueName":"search_term_string"}}],"inLanguage":"fr-FR"},{"@type":"Organization","@id":"https:\/\/geoclimate.ge\/#organization","name":"GeoClimate","url":"https:\/\/geoclimate.ge\/","logo":{"@type":"ImageObject","inLanguage":"fr-FR","@id":"https:\/\/geoclimate.ge\/#\/schema\/logo\/image\/","url":"https:\/\/geoclimate.ge\/wp-content\/uploads\/2026\/03\/geoclimate-SEO.png","contentUrl":"https:\/\/geoclimate.ge\/wp-content\/uploads\/2026\/03\/geoclimate-SEO.png","width":1536,"height":1024,"caption":"GeoClimate"},"image":{"@id":"https:\/\/geoclimate.ge\/#\/schema\/logo\/image\/"}}]}},"_links":{"self":[{"href":"https:\/\/geoclimate.ge\/fr\/wp-json\/wp\/v2\/product\/18916","targetHints":{"allow":["GET"]}}],"collection":[{"href":"https:\/\/geoclimate.ge\/fr\/wp-json\/wp\/v2\/product"}],"about":[{"href":"https:\/\/geoclimate.ge\/fr\/wp-json\/wp\/v2\/types\/product"}],"wp:featuredmedia":[{"embeddable":true,"href":"https:\/\/geoclimate.ge\/fr\/wp-json\/wp\/v2\/media\/18905"}],"wp:attachment":[{"href":"https:\/\/geoclimate.ge\/fr\/wp-json\/wp\/v2\/media?parent=18916"}],"wp:term":[{"taxonomy":"product_brand","embeddable":true,"href":"https:\/\/geoclimate.ge\/fr\/wp-json\/wp\/v2\/product_brand?post=18916"},{"taxonomy":"product_cat","embeddable":true,"href":"https:\/\/geoclimate.ge\/fr\/wp-json\/wp\/v2\/product_cat?post=18916"},{"taxonomy":"product_tag","embeddable":true,"href":"https:\/\/geoclimate.ge\/fr\/wp-json\/wp\/v2\/product_tag?post=18916"}],"curies":[{"name":"wp","href":"https:\/\/api.w.org\/{rel}","templated":true}]}}