{"id":18981,"date":"2025-02-12T11:33:04","date_gmt":"2025-02-12T07:33:04","guid":{"rendered":"https:\/\/airsystems.ge\/shop\/product\/acoustic-vertical-baffles-alphacoustic-ab\/"},"modified":"2025-02-12T11:42:38","modified_gmt":"2025-02-12T07:42:38","slug":"acoustic-vertical-baffles-alphacoustic-ab","status":"publish","type":"product","link":"https:\/\/geoclimate.ge\/fr\/produit\/acoustic-vertical-baffles-alphacoustic-ab\/","title":{"rendered":"Acoustic Vertical Baffles ALPHAcoustic \u2013 AB"},"content":{"rendered":"<div class=\"wpb-content-wrapper\"><p>ALPHAcoustic \u2013 AB.Tondo sont des cloisons acoustiques verticales pour plafonds au design incurv\u00e9 sophistiqu\u00e9.<\/p>\n<p>Des recherches scientifiques ont prouv\u00e9 que les objets incurv\u00e9s activent les parties du cerveau humain associ\u00e9es aux \u00e9motions positives.<\/p>\n<p>Dimensions standard : 120x60cm et 120x30cm<br \/>\n\u00c9paisseur : 30-50-80mm<br \/>\n(diff\u00e9rentes formes, dimensions et \u00e9paisseurs peuvent \u00eatre fabriqu\u00e9es sur demande).<\/p>\n<p>Gr\u00e2ce \u00e0 leurs deux faces insonorisantes tr\u00e8s efficaces, ces \u00e9l\u00e9ments peuvent atteindre une absorption acoustique \u00e9lev\u00e9e. Ils r\u00e9duisent \u00e9galement les r\u00e9flexions sonores multiples g\u00eanantes pour am\u00e9liorer l&rsquo;acoustique int\u00e9rieure et r\u00e9duire l&rsquo;\u00e9cho. Ils cr\u00e9ent un meilleur environnement acoustique, sans perturber le fonctionnement de la climatisation et du syst\u00e8me d&rsquo;\u00e9clairage.<\/p>\n<p>Les panneaux insonorisants ALPHAcoustic \u2013 AB ont \u00e9t\u00e9 mesur\u00e9s selon la norme ISO 354:2003. Pour les panneaux de dimensions 1200x600x80 mm, suspendus \u00e0 des distances de 600 mm entre eux, le coefficient d&rsquo;absorption acoustique est indiqu\u00e9 dans le tableau suivant (o\u00f9 \u03b1N est la surface d&rsquo;absorption acoustique \u00e9quivalente par objet).<\/p>\n<div class=\"content_row row vc_row wpb_row default-style default\">\n<div class=\"content_row_wrapper \">\n<div class=\"vc_col-sm-12 wpb_column vc_column_container\">\n<div class=\"wpb_wrapper\">\n<div class=\"wpb_text_column wpb_content_element vc_custom_1669805594224\">\n<div class=\"wpb_wrapper\">\n<table width=\"435\">\n<thead>\n<tr>\n<th rowspan=\"2\"><small>Sample type:<br \/>\nALPHAcoustic\u00a0\u2013 AB<br \/>\n1200 mm x 600 mm x 80 mm<\/small><\/th>\n<th colspan=\"6\">Frequency (Hz)<\/th>\n<\/tr>\n<tr>\n<td>125<\/td>\n<td>250<\/td>\n<td>500<\/td>\n<td>1000<\/td>\n<td>2000<\/td>\n<td>4000<\/td>\n<\/tr>\n<\/thead>\n<tbody>\n<tr>\n<td><strong>Sound Absorption Coefficient (\u03b1<sub>N<\/sub>)<\/strong><\/td>\n<td>0.2<\/td>\n<td>0.43<\/td>\n<td>0.98<\/td>\n<td>1.4<\/td>\n<td>1.4<\/td>\n<td>1.3<\/td>\n<\/tr>\n<\/tbody>\n<\/table>\n<\/div>\n<\/div>\n<\/div>\n<\/div>\n<\/div>\n<\/div>\n<\/div>","protected":false},"excerpt":{"rendered":"<p>Section transversale\u00a0 \u00a0 \u00a0Courb\u00e9e<\/p>\n<p>ALPHAcoustic \u2013 AB.Tondo sont des cloisons acoustiques verticales pour plafonds au design incurv\u00e9 sophistiqu\u00e9.<\/p>\n<p>Des recherches scientifiques ont prouv\u00e9 que les objets incurv\u00e9s activent les parties du cerveau humain associ\u00e9es aux \u00e9motions positives.<\/p>\n<p>Dimensions standard : 120x60cm et 120x30cm<br \/>\n\u00c9paisseur : 30-50-80mm<br \/>\n(diff\u00e9rentes formes, dimensions et \u00e9paisseurs peuvent \u00eatre fabriqu\u00e9es sur demande).<\/p>\n","protected":false},"featured_media":18973,"template":"","meta":[],"product_brand":[],"product_cat":[739,738],"product_tag":[],"class_list":{"0":"post-18981","1":"product","2":"type-product","3":"status-publish","4":"has-post-thumbnail","6":"product_cat-architectural-acoustic-fr","7":"product_cat-acoustic-panels-fr","9":"first","10":"instock","11":"shipping-taxable","12":"product-type-simple"},"yoast_head":"<!-- This site is optimized with the Yoast SEO plugin v27.1.1 - https:\/\/yoast.com\/product\/yoast-seo-wordpress\/ -->\n<title>Acoustic Vertical Baffles ALPHAcoustic \u2013 AB - GeoClimate.ge<\/title>\n<meta name=\"robots\" content=\"index, follow, max-snippet:-1, max-image-preview:large, max-video-preview:-1\" \/>\n<link rel=\"canonical\" href=\"https:\/\/geoclimate.ge\/fr\/produit\/acoustic-vertical-baffles-alphacoustic-ab\/\" \/>\n<meta property=\"og:locale\" content=\"fr_FR\" \/>\n<meta property=\"og:type\" content=\"article\" \/>\n<meta property=\"og:title\" content=\"Acoustic Vertical Baffles ALPHAcoustic \u2013 AB - GeoClimate.ge\" \/>\n<meta property=\"og:description\" content=\"Section transversale\u00a0 \u00a0 \u00a0Courb\u00e9e  ALPHAcoustic \u2013 AB.Tondo sont des cloisons acoustiques verticales pour plafonds au design incurv\u00e9 sophistiqu\u00e9.  Des recherches scientifiques ont prouv\u00e9 que les objets incurv\u00e9s activent les parties du cerveau humain associ\u00e9es aux \u00e9motions positives.  Dimensions standard : 120x60cm et 120x30cm \u00c9paisseur : 30-50-80mm (diff\u00e9rentes formes, dimensions et \u00e9paisseurs peuvent \u00eatre fabriqu\u00e9es sur demande).\" \/>\n<meta property=\"og:url\" content=\"https:\/\/geoclimate.ge\/fr\/produit\/acoustic-vertical-baffles-alphacoustic-ab\/\" \/>\n<meta property=\"og:site_name\" content=\"GeoClimate.ge\" \/>\n<meta property=\"article:modified_time\" content=\"2025-02-12T07:42:38+00:00\" \/>\n<meta property=\"og:image\" content=\"https:\/\/geoclimate.ge\/wp-content\/uploads\/2025\/02\/tondo-straight.463-1024x677-1.jpg\" \/>\n\t<meta property=\"og:image:width\" content=\"1024\" \/>\n\t<meta property=\"og:image:height\" content=\"677\" \/>\n\t<meta property=\"og:image:type\" content=\"image\/jpeg\" \/>\n<meta name=\"twitter:card\" content=\"summary_large_image\" \/>\n<meta name=\"twitter:label1\" content=\"Dur\u00e9e de lecture estim\u00e9e\" \/>\n\t<meta name=\"twitter:data1\" content=\"1 minute\" \/>\n<script type=\"application\/ld+json\" class=\"yoast-schema-graph\">{\"@context\":\"https:\/\/schema.org\",\"@graph\":[{\"@type\":\"WebPage\",\"@id\":\"https:\/\/geoclimate.ge\/fr\/produit\/acoustic-vertical-baffles-alphacoustic-ab\/\",\"url\":\"https:\/\/geoclimate.ge\/fr\/produit\/acoustic-vertical-baffles-alphacoustic-ab\/\",\"name\":\"Acoustic Vertical Baffles ALPHAcoustic \u2013 AB - GeoClimate.ge\",\"isPartOf\":{\"@id\":\"https:\/\/geoclimate.ge\/#website\"},\"primaryImageOfPage\":{\"@id\":\"https:\/\/geoclimate.ge\/fr\/produit\/acoustic-vertical-baffles-alphacoustic-ab\/#primaryimage\"},\"image\":{\"@id\":\"https:\/\/geoclimate.ge\/fr\/produit\/acoustic-vertical-baffles-alphacoustic-ab\/#primaryimage\"},\"thumbnailUrl\":\"https:\/\/geoclimate.ge\/wp-content\/uploads\/2025\/02\/tondo-straight.463-1024x677-1.jpg\",\"datePublished\":\"2025-02-12T07:33:04+00:00\",\"dateModified\":\"2025-02-12T07:42:38+00:00\",\"breadcrumb\":{\"@id\":\"https:\/\/geoclimate.ge\/fr\/produit\/acoustic-vertical-baffles-alphacoustic-ab\/#breadcrumb\"},\"inLanguage\":\"fr-FR\",\"potentialAction\":[{\"@type\":\"ReadAction\",\"target\":[\"https:\/\/geoclimate.ge\/fr\/produit\/acoustic-vertical-baffles-alphacoustic-ab\/\"]}]},{\"@type\":\"ImageObject\",\"inLanguage\":\"fr-FR\",\"@id\":\"https:\/\/geoclimate.ge\/fr\/produit\/acoustic-vertical-baffles-alphacoustic-ab\/#primaryimage\",\"url\":\"https:\/\/geoclimate.ge\/wp-content\/uploads\/2025\/02\/tondo-straight.463-1024x677-1.jpg\",\"contentUrl\":\"https:\/\/geoclimate.ge\/wp-content\/uploads\/2025\/02\/tondo-straight.463-1024x677-1.jpg\",\"width\":1024,\"height\":677},{\"@type\":\"BreadcrumbList\",\"@id\":\"https:\/\/geoclimate.ge\/fr\/produit\/acoustic-vertical-baffles-alphacoustic-ab\/#breadcrumb\",\"itemListElement\":[{\"@type\":\"ListItem\",\"position\":1,\"name\":\"Home\",\"item\":\"https:\/\/geoclimate.ge\/fr\/\"},{\"@type\":\"ListItem\",\"position\":2,\"name\":\"Products\",\"item\":\"https:\/\/geoclimate.ge\/fr\/products\/\"},{\"@type\":\"ListItem\",\"position\":3,\"name\":\"Acoustic Vertical Baffles ALPHAcoustic \u2013 AB\"}]},{\"@type\":\"WebSite\",\"@id\":\"https:\/\/geoclimate.ge\/#website\",\"url\":\"https:\/\/geoclimate.ge\/\",\"name\":\"GeoClimate\",\"description\":\"\",\"publisher\":{\"@id\":\"https:\/\/geoclimate.ge\/#organization\"},\"potentialAction\":[{\"@type\":\"SearchAction\",\"target\":{\"@type\":\"EntryPoint\",\"urlTemplate\":\"https:\/\/geoclimate.ge\/?s={search_term_string}\"},\"query-input\":{\"@type\":\"PropertyValueSpecification\",\"valueRequired\":true,\"valueName\":\"search_term_string\"}}],\"inLanguage\":\"fr-FR\"},{\"@type\":\"Organization\",\"@id\":\"https:\/\/geoclimate.ge\/#organization\",\"name\":\"GeoClimate\",\"url\":\"https:\/\/geoclimate.ge\/\",\"logo\":{\"@type\":\"ImageObject\",\"inLanguage\":\"fr-FR\",\"@id\":\"https:\/\/geoclimate.ge\/#\/schema\/logo\/image\/\",\"url\":\"https:\/\/geoclimate.ge\/wp-content\/uploads\/2026\/03\/geoclimate-SEO.png\",\"contentUrl\":\"https:\/\/geoclimate.ge\/wp-content\/uploads\/2026\/03\/geoclimate-SEO.png\",\"width\":1536,\"height\":1024,\"caption\":\"GeoClimate\"},\"image\":{\"@id\":\"https:\/\/geoclimate.ge\/#\/schema\/logo\/image\/\"}}]}<\/script>\n<!-- \/ Yoast SEO plugin. -->","yoast_head_json":{"title":"Acoustic Vertical Baffles ALPHAcoustic \u2013 AB - GeoClimate.ge","robots":{"index":"index","follow":"follow","max-snippet":"max-snippet:-1","max-image-preview":"max-image-preview:large","max-video-preview":"max-video-preview:-1"},"canonical":"https:\/\/geoclimate.ge\/fr\/produit\/acoustic-vertical-baffles-alphacoustic-ab\/","og_locale":"fr_FR","og_type":"article","og_title":"Acoustic Vertical Baffles ALPHAcoustic \u2013 AB - GeoClimate.ge","og_description":"Section transversale\u00a0 \u00a0 \u00a0Courb\u00e9e  ALPHAcoustic \u2013 AB.Tondo sont des cloisons acoustiques verticales pour plafonds au design incurv\u00e9 sophistiqu\u00e9.  Des recherches scientifiques ont prouv\u00e9 que les objets incurv\u00e9s activent les parties du cerveau humain associ\u00e9es aux \u00e9motions positives.  Dimensions standard : 120x60cm et 120x30cm \u00c9paisseur : 30-50-80mm (diff\u00e9rentes formes, dimensions et \u00e9paisseurs peuvent \u00eatre fabriqu\u00e9es sur demande).","og_url":"https:\/\/geoclimate.ge\/fr\/produit\/acoustic-vertical-baffles-alphacoustic-ab\/","og_site_name":"GeoClimate.ge","article_modified_time":"2025-02-12T07:42:38+00:00","og_image":[{"width":1024,"height":677,"url":"https:\/\/geoclimate.ge\/wp-content\/uploads\/2025\/02\/tondo-straight.463-1024x677-1.jpg","type":"image\/jpeg"}],"twitter_card":"summary_large_image","twitter_misc":{"Dur\u00e9e de lecture estim\u00e9e":"1 minute"},"schema":{"@context":"https:\/\/schema.org","@graph":[{"@type":"WebPage","@id":"https:\/\/geoclimate.ge\/fr\/produit\/acoustic-vertical-baffles-alphacoustic-ab\/","url":"https:\/\/geoclimate.ge\/fr\/produit\/acoustic-vertical-baffles-alphacoustic-ab\/","name":"Acoustic Vertical Baffles ALPHAcoustic \u2013 AB - GeoClimate.ge","isPartOf":{"@id":"https:\/\/geoclimate.ge\/#website"},"primaryImageOfPage":{"@id":"https:\/\/geoclimate.ge\/fr\/produit\/acoustic-vertical-baffles-alphacoustic-ab\/#primaryimage"},"image":{"@id":"https:\/\/geoclimate.ge\/fr\/produit\/acoustic-vertical-baffles-alphacoustic-ab\/#primaryimage"},"thumbnailUrl":"https:\/\/geoclimate.ge\/wp-content\/uploads\/2025\/02\/tondo-straight.463-1024x677-1.jpg","datePublished":"2025-02-12T07:33:04+00:00","dateModified":"2025-02-12T07:42:38+00:00","breadcrumb":{"@id":"https:\/\/geoclimate.ge\/fr\/produit\/acoustic-vertical-baffles-alphacoustic-ab\/#breadcrumb"},"inLanguage":"fr-FR","potentialAction":[{"@type":"ReadAction","target":["https:\/\/geoclimate.ge\/fr\/produit\/acoustic-vertical-baffles-alphacoustic-ab\/"]}]},{"@type":"ImageObject","inLanguage":"fr-FR","@id":"https:\/\/geoclimate.ge\/fr\/produit\/acoustic-vertical-baffles-alphacoustic-ab\/#primaryimage","url":"https:\/\/geoclimate.ge\/wp-content\/uploads\/2025\/02\/tondo-straight.463-1024x677-1.jpg","contentUrl":"https:\/\/geoclimate.ge\/wp-content\/uploads\/2025\/02\/tondo-straight.463-1024x677-1.jpg","width":1024,"height":677},{"@type":"BreadcrumbList","@id":"https:\/\/geoclimate.ge\/fr\/produit\/acoustic-vertical-baffles-alphacoustic-ab\/#breadcrumb","itemListElement":[{"@type":"ListItem","position":1,"name":"Home","item":"https:\/\/geoclimate.ge\/fr\/"},{"@type":"ListItem","position":2,"name":"Products","item":"https:\/\/geoclimate.ge\/fr\/products\/"},{"@type":"ListItem","position":3,"name":"Acoustic Vertical Baffles ALPHAcoustic \u2013 AB"}]},{"@type":"WebSite","@id":"https:\/\/geoclimate.ge\/#website","url":"https:\/\/geoclimate.ge\/","name":"GeoClimate","description":"","publisher":{"@id":"https:\/\/geoclimate.ge\/#organization"},"potentialAction":[{"@type":"SearchAction","target":{"@type":"EntryPoint","urlTemplate":"https:\/\/geoclimate.ge\/?s={search_term_string}"},"query-input":{"@type":"PropertyValueSpecification","valueRequired":true,"valueName":"search_term_string"}}],"inLanguage":"fr-FR"},{"@type":"Organization","@id":"https:\/\/geoclimate.ge\/#organization","name":"GeoClimate","url":"https:\/\/geoclimate.ge\/","logo":{"@type":"ImageObject","inLanguage":"fr-FR","@id":"https:\/\/geoclimate.ge\/#\/schema\/logo\/image\/","url":"https:\/\/geoclimate.ge\/wp-content\/uploads\/2026\/03\/geoclimate-SEO.png","contentUrl":"https:\/\/geoclimate.ge\/wp-content\/uploads\/2026\/03\/geoclimate-SEO.png","width":1536,"height":1024,"caption":"GeoClimate"},"image":{"@id":"https:\/\/geoclimate.ge\/#\/schema\/logo\/image\/"}}]}},"_links":{"self":[{"href":"https:\/\/geoclimate.ge\/fr\/wp-json\/wp\/v2\/product\/18981","targetHints":{"allow":["GET"]}}],"collection":[{"href":"https:\/\/geoclimate.ge\/fr\/wp-json\/wp\/v2\/product"}],"about":[{"href":"https:\/\/geoclimate.ge\/fr\/wp-json\/wp\/v2\/types\/product"}],"wp:featuredmedia":[{"embeddable":true,"href":"https:\/\/geoclimate.ge\/fr\/wp-json\/wp\/v2\/media\/18973"}],"wp:attachment":[{"href":"https:\/\/geoclimate.ge\/fr\/wp-json\/wp\/v2\/media?parent=18981"}],"wp:term":[{"taxonomy":"product_brand","embeddable":true,"href":"https:\/\/geoclimate.ge\/fr\/wp-json\/wp\/v2\/product_brand?post=18981"},{"taxonomy":"product_cat","embeddable":true,"href":"https:\/\/geoclimate.ge\/fr\/wp-json\/wp\/v2\/product_cat?post=18981"},{"taxonomy":"product_tag","embeddable":true,"href":"https:\/\/geoclimate.ge\/fr\/wp-json\/wp\/v2\/product_tag?post=18981"}],"curies":[{"name":"wp","href":"https:\/\/api.w.org\/{rel}","templated":true}]}}