{"id":19169,"date":"2025-02-12T22:42:14","date_gmt":"2025-02-12T18:42:14","guid":{"rendered":"https:\/\/airsystems.ge\/shop\/product\/19143\/"},"modified":"2025-02-12T22:50:14","modified_gmt":"2025-02-12T18:50:14","slug":"19143","status":"publish","type":"product","link":"https:\/\/geoclimate.ge\/fr\/produit\/19143\/","title":{"rendered":"Feuille de caoutchouc recycl\u00e9 pour isolation phonique ISOLfon \u2013 ReRub"},"content":{"rendered":"<div class=\"woocommerce-product-details__short-description\">\n<p>Les feuilles de caoutchouc recycl\u00e9 ISOLfon ReRub sont produites \u00e0 partir d&rsquo;une combinaison de compos\u00e9s \u00e9lastom\u00e8res recycl\u00e9s, provenant du recyclage des pneus en fin de vie (ELT), li\u00e9s par de la colle polyur\u00e9thane.<\/p>\n<p>Elles peuvent \u00eatre appliqu\u00e9es sur une large plage de temp\u00e9ratures et pr\u00e9sentent \u00e9galement une r\u00e9sistance m\u00e9canique remarquable aux chocs, \u00e0 la compression, au frottement, etc. ISOLFON ReRub r\u00e9siste aux environnements chimiques courants, \u00e0 l&rsquo;humidit\u00e9 et aux huiles.<\/p>\n<p>Largeur du rouleau 100 cm.<br \/>\n(Autres dimensions sur demande)<\/p>\n<p>Sol : Pose comme tous les supports de parquet flottant traditionnels<br \/>\nMurs : Fixation avec support m\u00e9canique (clous en plastique) ou colle appropri\u00e9e. Les joints entre les plaques doivent \u00eatre scell\u00e9s avec du ruban adh\u00e9sif appropri\u00e9.<br \/>\nParquet flottant : Particuli\u00e8rement utile dans les cas de parquet flottant avec charges lourdes (locaux commerciaux, zones de production, entrep\u00f4ts avec circulation de v\u00e9hicules, etc.). Il est rappel\u00e9 qu&rsquo;il doit \u00eatre recouvert d&rsquo;une chape de ciment arm\u00e9 d&rsquo;\u00e9paisseur suffisante pour obtenir une r\u00e9partition uniforme des charges appliqu\u00e9es.<br \/>\nSupports antivibratoires : Utile surtout dans les cas de r\u00e9novation de parquet flottant, o\u00f9 l&rsquo;espace disponible et la hauteur sont limit\u00e9s. Dans certaines conditions, il peut \u00eatre pos\u00e9 sur des sols existants plats et avec l&rsquo;utilisation d&rsquo;une colle sp\u00e9ciale pour accepter la pose de carreaux de c\u00e9ramique. Notre service technique peut vous aider \u00e0 choisir la bonne colle et \u00e0 vous guider dans les instructions appropri\u00e9es \u00e0 votre application.<br \/>\nIsolation acoustique des murs : Son utilisation entre les couches superpos\u00e9es de plaques de pl\u00e2tre assure une augmentation de la capacit\u00e9 d&rsquo;isolation acoustique du mur composite ou de la cloison de toit. L&rsquo;alternance des couches interm\u00e9diaires des mat\u00e9riaux assure une meilleure isolation acoustique, en normalisant les \u00ab creux \u00bb observ\u00e9s dans les fr\u00e9quences de r\u00e9sonance des cloisons composites. L&rsquo;\u00e9lasticit\u00e9 du ReRub, due aux mat\u00e9riaux qui le composent, contribue \u00e0 l&rsquo;absorption de l&rsquo;\u00e9nergie sonore, agissant comme un syst\u00e8me \u00ab masse\/ressort \u00bb.<\/p>\n<p>ISOLFON-ReRub est respectueux de l&rsquo;environnement car il provient de pneus de voiture recycl\u00e9s, il est 100% recyclable, il ne contient pas de fibres ni d&rsquo;autres mat\u00e9riaux nocifs. Contribue \u00e0 la certification verte des b\u00e2timents LEED \u00a9 et \u00e0 la M\u00e9thode d&rsquo;\u00c9valuation \u00c9cologique et Environnementale des constructions de b\u00e2timents BREEAM.<\/p>\n<\/div>\n","protected":false},"excerpt":{"rendered":"<div class=\"woocommerce-product-details__short-description\">\n<p>Les feuilles de caoutchouc recycl\u00e9 ISOLfon ReRub sont produites \u00e0 partir d&rsquo;une combinaison de compos\u00e9s \u00e9lastom\u00e8res recycl\u00e9s, provenant du recyclage des pneus en fin de vie (ELT), li\u00e9s par de la colle polyur\u00e9thane.<\/p>\n<p>Elles peuvent \u00eatre appliqu\u00e9es sur une large plage de temp\u00e9ratures et pr\u00e9sentent \u00e9galement une r\u00e9sistance m\u00e9canique remarquable aux chocs, \u00e0 la compression, au frottement, etc. ISOLFON ReRub r\u00e9siste aux environnements chimiques courants, \u00e0 l&rsquo;humidit\u00e9 et aux huiles.<\/p>\n<p><img loading=\"lazy\" decoding=\"async\" class=\"alignleft wp-image-34028\" src=\"https:\/\/alphacoustic.com\/wp-content\/uploads\/2024\/11\/icon_sustainability_eco-01-300x300.webp\" alt=\"Eco-friendly product with recycled materials\" width=\"57\" height=\"57\" \/><br \/>\nProduit \u00e9cologique \u00e0 base de mat\u00e9riaux recycl\u00e9s<\/p>\n<p>&nbsp;<\/p>\n<\/div>\n<div class=\"product_meta\">Cat\u00e9gorie\u00a0:\u00a0Isolation phonique<\/div>\n","protected":false},"featured_media":19153,"template":"","meta":[],"product_brand":[],"product_cat":[750,761],"product_tag":[],"class_list":{"0":"post-19169","1":"product","2":"type-product","3":"status-publish","4":"has-post-thumbnail","6":"product_cat-building-acoustics-fr","7":"product_cat-impact-sound-insulation-fr","9":"first","10":"instock","11":"shipping-taxable","12":"product-type-simple"},"yoast_head":"<!-- This site is optimized with the Yoast SEO plugin v27.1.1 - https:\/\/yoast.com\/product\/yoast-seo-wordpress\/ -->\n<title>Feuille de caoutchouc recycl\u00e9 pour isolation phonique ISOLfon \u2013 ReRub - GeoClimate.ge<\/title>\n<meta name=\"robots\" content=\"index, follow, max-snippet:-1, max-image-preview:large, max-video-preview:-1\" \/>\n<link rel=\"canonical\" href=\"https:\/\/geoclimate.ge\/fr\/produit\/19143\/\" \/>\n<meta property=\"og:locale\" content=\"fr_FR\" \/>\n<meta property=\"og:type\" content=\"article\" \/>\n<meta property=\"og:title\" content=\"Feuille de caoutchouc recycl\u00e9 pour isolation phonique ISOLfon \u2013 ReRub - GeoClimate.ge\" \/>\n<meta property=\"og:description\" content=\"Les feuilles de caoutchouc recycl\u00e9 ISOLfon ReRub sont produites \u00e0 partir d&#039;une combinaison de compos\u00e9s \u00e9lastom\u00e8res recycl\u00e9s, provenant du recyclage des pneus en fin de vie (ELT), li\u00e9s par de la colle polyur\u00e9thane.  Elles peuvent \u00eatre appliqu\u00e9es sur une large plage de temp\u00e9ratures et pr\u00e9sentent \u00e9galement une r\u00e9sistance m\u00e9canique remarquable aux chocs, \u00e0 la compression, au frottement, etc. ISOLFON ReRub r\u00e9siste aux environnements chimiques courants, \u00e0 l&#039;humidit\u00e9 et aux huiles.   Produit \u00e9cologique \u00e0 base de mat\u00e9riaux recycl\u00e9s  &nbsp;   Cat\u00e9gorie\u00a0:\u00a0Isolation phonique\" \/>\n<meta property=\"og:url\" content=\"https:\/\/geoclimate.ge\/fr\/produit\/19143\/\" \/>\n<meta property=\"og:site_name\" content=\"GeoClimate.ge\" \/>\n<meta property=\"article:modified_time\" content=\"2025-02-12T18:50:14+00:00\" \/>\n<meta property=\"og:image\" content=\"https:\/\/geoclimate.ge\/wp-content\/uploads\/2025\/02\/ISOLfon-ReRub.webp\" \/>\n\t<meta property=\"og:image:width\" content=\"800\" \/>\n\t<meta property=\"og:image:height\" content=\"600\" \/>\n\t<meta property=\"og:image:type\" content=\"image\/webp\" \/>\n<meta name=\"twitter:card\" content=\"summary_large_image\" \/>\n<meta name=\"twitter:label1\" content=\"Dur\u00e9e de lecture estim\u00e9e\" \/>\n\t<meta name=\"twitter:data1\" content=\"2 minutes\" \/>\n<script type=\"application\/ld+json\" class=\"yoast-schema-graph\">{\"@context\":\"https:\/\/schema.org\",\"@graph\":[{\"@type\":\"WebPage\",\"@id\":\"https:\/\/geoclimate.ge\/fr\/produit\/19143\/\",\"url\":\"https:\/\/geoclimate.ge\/fr\/produit\/19143\/\",\"name\":\"Feuille de caoutchouc recycl\u00e9 pour isolation phonique ISOLfon \u2013 ReRub - GeoClimate.ge\",\"isPartOf\":{\"@id\":\"https:\/\/geoclimate.ge\/#website\"},\"primaryImageOfPage\":{\"@id\":\"https:\/\/geoclimate.ge\/fr\/produit\/19143\/#primaryimage\"},\"image\":{\"@id\":\"https:\/\/geoclimate.ge\/fr\/produit\/19143\/#primaryimage\"},\"thumbnailUrl\":\"https:\/\/geoclimate.ge\/wp-content\/uploads\/2025\/02\/ISOLfon-ReRub.webp\",\"datePublished\":\"2025-02-12T18:42:14+00:00\",\"dateModified\":\"2025-02-12T18:50:14+00:00\",\"breadcrumb\":{\"@id\":\"https:\/\/geoclimate.ge\/fr\/produit\/19143\/#breadcrumb\"},\"inLanguage\":\"fr-FR\",\"potentialAction\":[{\"@type\":\"ReadAction\",\"target\":[\"https:\/\/geoclimate.ge\/fr\/produit\/19143\/\"]}]},{\"@type\":\"ImageObject\",\"inLanguage\":\"fr-FR\",\"@id\":\"https:\/\/geoclimate.ge\/fr\/produit\/19143\/#primaryimage\",\"url\":\"https:\/\/geoclimate.ge\/wp-content\/uploads\/2025\/02\/ISOLfon-ReRub.webp\",\"contentUrl\":\"https:\/\/geoclimate.ge\/wp-content\/uploads\/2025\/02\/ISOLfon-ReRub.webp\",\"width\":800,\"height\":600},{\"@type\":\"BreadcrumbList\",\"@id\":\"https:\/\/geoclimate.ge\/fr\/produit\/19143\/#breadcrumb\",\"itemListElement\":[{\"@type\":\"ListItem\",\"position\":1,\"name\":\"Home\",\"item\":\"https:\/\/geoclimate.ge\/fr\/\"},{\"@type\":\"ListItem\",\"position\":2,\"name\":\"Products\",\"item\":\"https:\/\/geoclimate.ge\/fr\/products\/\"},{\"@type\":\"ListItem\",\"position\":3,\"name\":\"Feuille de caoutchouc recycl\u00e9 pour isolation phonique ISOLfon \u2013 ReRub\"}]},{\"@type\":\"WebSite\",\"@id\":\"https:\/\/geoclimate.ge\/#website\",\"url\":\"https:\/\/geoclimate.ge\/\",\"name\":\"GeoClimate\",\"description\":\"\",\"publisher\":{\"@id\":\"https:\/\/geoclimate.ge\/#organization\"},\"potentialAction\":[{\"@type\":\"SearchAction\",\"target\":{\"@type\":\"EntryPoint\",\"urlTemplate\":\"https:\/\/geoclimate.ge\/?s={search_term_string}\"},\"query-input\":{\"@type\":\"PropertyValueSpecification\",\"valueRequired\":true,\"valueName\":\"search_term_string\"}}],\"inLanguage\":\"fr-FR\"},{\"@type\":\"Organization\",\"@id\":\"https:\/\/geoclimate.ge\/#organization\",\"name\":\"GeoClimate\",\"url\":\"https:\/\/geoclimate.ge\/\",\"logo\":{\"@type\":\"ImageObject\",\"inLanguage\":\"fr-FR\",\"@id\":\"https:\/\/geoclimate.ge\/#\/schema\/logo\/image\/\",\"url\":\"https:\/\/geoclimate.ge\/wp-content\/uploads\/2026\/03\/geoclimate-SEO.png\",\"contentUrl\":\"https:\/\/geoclimate.ge\/wp-content\/uploads\/2026\/03\/geoclimate-SEO.png\",\"width\":1536,\"height\":1024,\"caption\":\"GeoClimate\"},\"image\":{\"@id\":\"https:\/\/geoclimate.ge\/#\/schema\/logo\/image\/\"}}]}<\/script>\n<!-- \/ Yoast SEO plugin. -->","yoast_head_json":{"title":"Feuille de caoutchouc recycl\u00e9 pour isolation phonique ISOLfon \u2013 ReRub - GeoClimate.ge","robots":{"index":"index","follow":"follow","max-snippet":"max-snippet:-1","max-image-preview":"max-image-preview:large","max-video-preview":"max-video-preview:-1"},"canonical":"https:\/\/geoclimate.ge\/fr\/produit\/19143\/","og_locale":"fr_FR","og_type":"article","og_title":"Feuille de caoutchouc recycl\u00e9 pour isolation phonique ISOLfon \u2013 ReRub - GeoClimate.ge","og_description":"Les feuilles de caoutchouc recycl\u00e9 ISOLfon ReRub sont produites \u00e0 partir d'une combinaison de compos\u00e9s \u00e9lastom\u00e8res recycl\u00e9s, provenant du recyclage des pneus en fin de vie (ELT), li\u00e9s par de la colle polyur\u00e9thane.  Elles peuvent \u00eatre appliqu\u00e9es sur une large plage de temp\u00e9ratures et pr\u00e9sentent \u00e9galement une r\u00e9sistance m\u00e9canique remarquable aux chocs, \u00e0 la compression, au frottement, etc. ISOLFON ReRub r\u00e9siste aux environnements chimiques courants, \u00e0 l'humidit\u00e9 et aux huiles.   Produit \u00e9cologique \u00e0 base de mat\u00e9riaux recycl\u00e9s  &nbsp;   Cat\u00e9gorie\u00a0:\u00a0Isolation phonique","og_url":"https:\/\/geoclimate.ge\/fr\/produit\/19143\/","og_site_name":"GeoClimate.ge","article_modified_time":"2025-02-12T18:50:14+00:00","og_image":[{"width":800,"height":600,"url":"https:\/\/geoclimate.ge\/wp-content\/uploads\/2025\/02\/ISOLfon-ReRub.webp","type":"image\/webp"}],"twitter_card":"summary_large_image","twitter_misc":{"Dur\u00e9e de lecture estim\u00e9e":"2 minutes"},"schema":{"@context":"https:\/\/schema.org","@graph":[{"@type":"WebPage","@id":"https:\/\/geoclimate.ge\/fr\/produit\/19143\/","url":"https:\/\/geoclimate.ge\/fr\/produit\/19143\/","name":"Feuille de caoutchouc recycl\u00e9 pour isolation phonique ISOLfon \u2013 ReRub - GeoClimate.ge","isPartOf":{"@id":"https:\/\/geoclimate.ge\/#website"},"primaryImageOfPage":{"@id":"https:\/\/geoclimate.ge\/fr\/produit\/19143\/#primaryimage"},"image":{"@id":"https:\/\/geoclimate.ge\/fr\/produit\/19143\/#primaryimage"},"thumbnailUrl":"https:\/\/geoclimate.ge\/wp-content\/uploads\/2025\/02\/ISOLfon-ReRub.webp","datePublished":"2025-02-12T18:42:14+00:00","dateModified":"2025-02-12T18:50:14+00:00","breadcrumb":{"@id":"https:\/\/geoclimate.ge\/fr\/produit\/19143\/#breadcrumb"},"inLanguage":"fr-FR","potentialAction":[{"@type":"ReadAction","target":["https:\/\/geoclimate.ge\/fr\/produit\/19143\/"]}]},{"@type":"ImageObject","inLanguage":"fr-FR","@id":"https:\/\/geoclimate.ge\/fr\/produit\/19143\/#primaryimage","url":"https:\/\/geoclimate.ge\/wp-content\/uploads\/2025\/02\/ISOLfon-ReRub.webp","contentUrl":"https:\/\/geoclimate.ge\/wp-content\/uploads\/2025\/02\/ISOLfon-ReRub.webp","width":800,"height":600},{"@type":"BreadcrumbList","@id":"https:\/\/geoclimate.ge\/fr\/produit\/19143\/#breadcrumb","itemListElement":[{"@type":"ListItem","position":1,"name":"Home","item":"https:\/\/geoclimate.ge\/fr\/"},{"@type":"ListItem","position":2,"name":"Products","item":"https:\/\/geoclimate.ge\/fr\/products\/"},{"@type":"ListItem","position":3,"name":"Feuille de caoutchouc recycl\u00e9 pour isolation phonique ISOLfon \u2013 ReRub"}]},{"@type":"WebSite","@id":"https:\/\/geoclimate.ge\/#website","url":"https:\/\/geoclimate.ge\/","name":"GeoClimate","description":"","publisher":{"@id":"https:\/\/geoclimate.ge\/#organization"},"potentialAction":[{"@type":"SearchAction","target":{"@type":"EntryPoint","urlTemplate":"https:\/\/geoclimate.ge\/?s={search_term_string}"},"query-input":{"@type":"PropertyValueSpecification","valueRequired":true,"valueName":"search_term_string"}}],"inLanguage":"fr-FR"},{"@type":"Organization","@id":"https:\/\/geoclimate.ge\/#organization","name":"GeoClimate","url":"https:\/\/geoclimate.ge\/","logo":{"@type":"ImageObject","inLanguage":"fr-FR","@id":"https:\/\/geoclimate.ge\/#\/schema\/logo\/image\/","url":"https:\/\/geoclimate.ge\/wp-content\/uploads\/2026\/03\/geoclimate-SEO.png","contentUrl":"https:\/\/geoclimate.ge\/wp-content\/uploads\/2026\/03\/geoclimate-SEO.png","width":1536,"height":1024,"caption":"GeoClimate"},"image":{"@id":"https:\/\/geoclimate.ge\/#\/schema\/logo\/image\/"}}]}},"_links":{"self":[{"href":"https:\/\/geoclimate.ge\/fr\/wp-json\/wp\/v2\/product\/19169","targetHints":{"allow":["GET"]}}],"collection":[{"href":"https:\/\/geoclimate.ge\/fr\/wp-json\/wp\/v2\/product"}],"about":[{"href":"https:\/\/geoclimate.ge\/fr\/wp-json\/wp\/v2\/types\/product"}],"wp:featuredmedia":[{"embeddable":true,"href":"https:\/\/geoclimate.ge\/fr\/wp-json\/wp\/v2\/media\/19153"}],"wp:attachment":[{"href":"https:\/\/geoclimate.ge\/fr\/wp-json\/wp\/v2\/media?parent=19169"}],"wp:term":[{"taxonomy":"product_brand","embeddable":true,"href":"https:\/\/geoclimate.ge\/fr\/wp-json\/wp\/v2\/product_brand?post=19169"},{"taxonomy":"product_cat","embeddable":true,"href":"https:\/\/geoclimate.ge\/fr\/wp-json\/wp\/v2\/product_cat?post=19169"},{"taxonomy":"product_tag","embeddable":true,"href":"https:\/\/geoclimate.ge\/fr\/wp-json\/wp\/v2\/product_tag?post=19169"}],"curies":[{"name":"wp","href":"https:\/\/api.w.org\/{rel}","templated":true}]}}