{"id":19245,"date":"2025-02-12T23:27:09","date_gmt":"2025-02-12T19:27:09","guid":{"rendered":"https:\/\/airsystems.ge\/shop\/product\/acoustic-foam-sheets-isolfon-sep-pu-sepy\/"},"modified":"2025-02-12T23:37:30","modified_gmt":"2025-02-12T19:37:30","slug":"acoustic-foam-sheets-isolfon-sep-pu-sepy","status":"publish","type":"product","link":"https:\/\/geoclimate.ge\/fr\/produit\/acoustic-foam-sheets-isolfon-sep-pu-sepy\/","title":{"rendered":"Panneaux de mousse acoustique ISOLfon \u2013 SEP- PU-SEPY"},"content":{"rendered":"<h3><strong>Sound Absorption Coefficient Diagrams<\/strong><\/h3>\n<h4><strong>ISOLFON SEP<\/strong><br \/>\n<img decoding=\"async\" src=\"https:\/\/alphacoustic.com\/wp-content\/uploads\/2015\/04\/diagrams-Sep.png\" alt=\"Acoustic Data\" width=\"600\" \/><\/h4>\n<h4><strong>ISOLFON PU<\/strong><br \/>\n<img decoding=\"async\" src=\"https:\/\/alphacoustic.com\/wp-content\/uploads\/2015\/04\/diagrams-PU.png\" alt=\"Acoustic Data\" width=\"600\" \/><\/h4>\n<h4><strong>ISOLFON\u00a0SEPY<\/strong><br \/>\n<img decoding=\"async\" src=\"https:\/\/alphacoustic.com\/wp-content\/uploads\/2015\/04\/diagrams-SEPY.png\" alt=\"Acoustic Data\" width=\"600\" \/><\/h4>\n","protected":false},"excerpt":{"rendered":"<p>Configuration Wave, Cellules pyramidales, plates<\/p>\n<p>La gamme de produits ISOLFON se compose de panneaux de mousse acoustique d&rsquo;absorption acoustique avec diff\u00e9rents motifs, diff\u00e9rents coefficients d&rsquo;absorption acoustique et diff\u00e9rentes \u00e9paisseurs. Ils offrent une absorption acoustique accrue, r\u00e9duisent les r\u00e9flexions sonores ind\u00e9sirables, \u00e9liminent l&rsquo;\u00e9cho flottant, r\u00e9duisent les modes de pi\u00e8ce\/ondes stationnaires, dans les studios de musique et les espaces sensibles \u00e0 l&rsquo;acoustique.<br \/>\nSa mousse acoustique de qualit\u00e9 polyur\u00e9thane a le meilleur taux de cellules ferm\u00e9es et ouvertes afin de mieux absorber l&rsquo;\u00e9nergie cin\u00e9tique des ondes sonores, qui se transf\u00e8re en chaleur.<br \/>\nLes plaques de mousse acoustique ISOLfon sont flexibles et peuvent \u00eatre facilement install\u00e9es, simplement en utilisant de la colle sur des surfaces planes et courbes de tout type (exemptes de poussi\u00e8re, d&rsquo;huile et de graisse).<\/p>\n<p>Cat\u00e9gories : Absorption acoustique, Produits pour studio<\/p>\n","protected":false},"featured_media":19238,"template":"","meta":[],"product_brand":[],"product_cat":[751,750],"product_tag":[],"class_list":{"0":"post-19245","1":"product","2":"type-product","3":"status-publish","4":"has-post-thumbnail","6":"product_cat-absorption-acoustique-fr","7":"product_cat-building-acoustics-fr","9":"first","10":"instock","11":"shipping-taxable","12":"product-type-simple"},"yoast_head":"<!-- This site is optimized with the Yoast SEO plugin v27.1.1 - https:\/\/yoast.com\/product\/yoast-seo-wordpress\/ -->\n<title>Panneaux de mousse acoustique ISOLfon \u2013 SEP- PU-SEPY - GeoClimate.ge<\/title>\n<meta name=\"robots\" content=\"index, follow, max-snippet:-1, max-image-preview:large, max-video-preview:-1\" \/>\n<link rel=\"canonical\" href=\"https:\/\/geoclimate.ge\/fr\/produit\/acoustic-foam-sheets-isolfon-sep-pu-sepy\/\" \/>\n<meta property=\"og:locale\" content=\"fr_FR\" \/>\n<meta property=\"og:type\" content=\"article\" \/>\n<meta property=\"og:title\" content=\"Panneaux de mousse acoustique ISOLfon \u2013 SEP- PU-SEPY - GeoClimate.ge\" \/>\n<meta property=\"og:description\" content=\"Configuration Wave, Cellules pyramidales, plates  La gamme de produits ISOLFON se compose de panneaux de mousse acoustique d&#039;absorption acoustique avec diff\u00e9rents motifs, diff\u00e9rents coefficients d&#039;absorption acoustique et diff\u00e9rentes \u00e9paisseurs. Ils offrent une absorption acoustique accrue, r\u00e9duisent les r\u00e9flexions sonores ind\u00e9sirables, \u00e9liminent l&#039;\u00e9cho flottant, r\u00e9duisent les modes de pi\u00e8ce\/ondes stationnaires, dans les studios de musique et les espaces sensibles \u00e0 l&#039;acoustique. Sa mousse acoustique de qualit\u00e9 polyur\u00e9thane a le meilleur taux de cellules ferm\u00e9es et ouvertes afin de mieux absorber l&#039;\u00e9nergie cin\u00e9tique des ondes sonores, qui se transf\u00e8re en chaleur. Les plaques de mousse acoustique ISOLfon sont flexibles et peuvent \u00eatre facilement install\u00e9es, simplement en utilisant de la colle sur des surfaces planes et courbes de tout type (exemptes de poussi\u00e8re, d&#039;huile et de graisse).  Cat\u00e9gories : Absorption acoustique, Produits pour studio\" \/>\n<meta property=\"og:url\" content=\"https:\/\/geoclimate.ge\/fr\/produit\/acoustic-foam-sheets-isolfon-sep-pu-sepy\/\" \/>\n<meta property=\"og:site_name\" content=\"GeoClimate.ge\" \/>\n<meta property=\"article:modified_time\" content=\"2025-02-12T19:37:30+00:00\" \/>\n<meta property=\"og:image\" content=\"https:\/\/geoclimate.ge\/wp-content\/uploads\/2025\/02\/Isolfon-Wave-Acoustic-Foam.jpg\" \/>\n\t<meta property=\"og:image:width\" content=\"527\" \/>\n\t<meta property=\"og:image:height\" content=\"377\" \/>\n\t<meta property=\"og:image:type\" content=\"image\/jpeg\" \/>\n<meta name=\"twitter:card\" content=\"summary_large_image\" \/>\n<script type=\"application\/ld+json\" class=\"yoast-schema-graph\">{\"@context\":\"https:\/\/schema.org\",\"@graph\":[{\"@type\":\"WebPage\",\"@id\":\"https:\/\/geoclimate.ge\/fr\/produit\/acoustic-foam-sheets-isolfon-sep-pu-sepy\/\",\"url\":\"https:\/\/geoclimate.ge\/fr\/produit\/acoustic-foam-sheets-isolfon-sep-pu-sepy\/\",\"name\":\"Panneaux de mousse acoustique ISOLfon \u2013 SEP- PU-SEPY - GeoClimate.ge\",\"isPartOf\":{\"@id\":\"https:\/\/geoclimate.ge\/#website\"},\"primaryImageOfPage\":{\"@id\":\"https:\/\/geoclimate.ge\/fr\/produit\/acoustic-foam-sheets-isolfon-sep-pu-sepy\/#primaryimage\"},\"image\":{\"@id\":\"https:\/\/geoclimate.ge\/fr\/produit\/acoustic-foam-sheets-isolfon-sep-pu-sepy\/#primaryimage\"},\"thumbnailUrl\":\"https:\/\/geoclimate.ge\/wp-content\/uploads\/2025\/02\/Isolfon-Wave-Acoustic-Foam.jpg\",\"datePublished\":\"2025-02-12T19:27:09+00:00\",\"dateModified\":\"2025-02-12T19:37:30+00:00\",\"breadcrumb\":{\"@id\":\"https:\/\/geoclimate.ge\/fr\/produit\/acoustic-foam-sheets-isolfon-sep-pu-sepy\/#breadcrumb\"},\"inLanguage\":\"fr-FR\",\"potentialAction\":[{\"@type\":\"ReadAction\",\"target\":[\"https:\/\/geoclimate.ge\/fr\/produit\/acoustic-foam-sheets-isolfon-sep-pu-sepy\/\"]}]},{\"@type\":\"ImageObject\",\"inLanguage\":\"fr-FR\",\"@id\":\"https:\/\/geoclimate.ge\/fr\/produit\/acoustic-foam-sheets-isolfon-sep-pu-sepy\/#primaryimage\",\"url\":\"https:\/\/geoclimate.ge\/wp-content\/uploads\/2025\/02\/Isolfon-Wave-Acoustic-Foam.jpg\",\"contentUrl\":\"https:\/\/geoclimate.ge\/wp-content\/uploads\/2025\/02\/Isolfon-Wave-Acoustic-Foam.jpg\",\"width\":527,\"height\":377},{\"@type\":\"BreadcrumbList\",\"@id\":\"https:\/\/geoclimate.ge\/fr\/produit\/acoustic-foam-sheets-isolfon-sep-pu-sepy\/#breadcrumb\",\"itemListElement\":[{\"@type\":\"ListItem\",\"position\":1,\"name\":\"Home\",\"item\":\"https:\/\/geoclimate.ge\/fr\/\"},{\"@type\":\"ListItem\",\"position\":2,\"name\":\"Products\",\"item\":\"https:\/\/geoclimate.ge\/fr\/products\/\"},{\"@type\":\"ListItem\",\"position\":3,\"name\":\"Panneaux de mousse acoustique ISOLfon \u2013 SEP- PU-SEPY\"}]},{\"@type\":\"WebSite\",\"@id\":\"https:\/\/geoclimate.ge\/#website\",\"url\":\"https:\/\/geoclimate.ge\/\",\"name\":\"GeoClimate\",\"description\":\"\",\"publisher\":{\"@id\":\"https:\/\/geoclimate.ge\/#organization\"},\"potentialAction\":[{\"@type\":\"SearchAction\",\"target\":{\"@type\":\"EntryPoint\",\"urlTemplate\":\"https:\/\/geoclimate.ge\/?s={search_term_string}\"},\"query-input\":{\"@type\":\"PropertyValueSpecification\",\"valueRequired\":true,\"valueName\":\"search_term_string\"}}],\"inLanguage\":\"fr-FR\"},{\"@type\":\"Organization\",\"@id\":\"https:\/\/geoclimate.ge\/#organization\",\"name\":\"GeoClimate\",\"url\":\"https:\/\/geoclimate.ge\/\",\"logo\":{\"@type\":\"ImageObject\",\"inLanguage\":\"fr-FR\",\"@id\":\"https:\/\/geoclimate.ge\/#\/schema\/logo\/image\/\",\"url\":\"https:\/\/geoclimate.ge\/wp-content\/uploads\/2026\/03\/geoclimate-SEO.png\",\"contentUrl\":\"https:\/\/geoclimate.ge\/wp-content\/uploads\/2026\/03\/geoclimate-SEO.png\",\"width\":1536,\"height\":1024,\"caption\":\"GeoClimate\"},\"image\":{\"@id\":\"https:\/\/geoclimate.ge\/#\/schema\/logo\/image\/\"}}]}<\/script>\n<!-- \/ Yoast SEO plugin. -->","yoast_head_json":{"title":"Panneaux de mousse acoustique ISOLfon \u2013 SEP- PU-SEPY - GeoClimate.ge","robots":{"index":"index","follow":"follow","max-snippet":"max-snippet:-1","max-image-preview":"max-image-preview:large","max-video-preview":"max-video-preview:-1"},"canonical":"https:\/\/geoclimate.ge\/fr\/produit\/acoustic-foam-sheets-isolfon-sep-pu-sepy\/","og_locale":"fr_FR","og_type":"article","og_title":"Panneaux de mousse acoustique ISOLfon \u2013 SEP- PU-SEPY - GeoClimate.ge","og_description":"Configuration Wave, Cellules pyramidales, plates  La gamme de produits ISOLFON se compose de panneaux de mousse acoustique d'absorption acoustique avec diff\u00e9rents motifs, diff\u00e9rents coefficients d'absorption acoustique et diff\u00e9rentes \u00e9paisseurs. Ils offrent une absorption acoustique accrue, r\u00e9duisent les r\u00e9flexions sonores ind\u00e9sirables, \u00e9liminent l'\u00e9cho flottant, r\u00e9duisent les modes de pi\u00e8ce\/ondes stationnaires, dans les studios de musique et les espaces sensibles \u00e0 l'acoustique. Sa mousse acoustique de qualit\u00e9 polyur\u00e9thane a le meilleur taux de cellules ferm\u00e9es et ouvertes afin de mieux absorber l'\u00e9nergie cin\u00e9tique des ondes sonores, qui se transf\u00e8re en chaleur. Les plaques de mousse acoustique ISOLfon sont flexibles et peuvent \u00eatre facilement install\u00e9es, simplement en utilisant de la colle sur des surfaces planes et courbes de tout type (exemptes de poussi\u00e8re, d'huile et de graisse).  Cat\u00e9gories : Absorption acoustique, Produits pour studio","og_url":"https:\/\/geoclimate.ge\/fr\/produit\/acoustic-foam-sheets-isolfon-sep-pu-sepy\/","og_site_name":"GeoClimate.ge","article_modified_time":"2025-02-12T19:37:30+00:00","og_image":[{"width":527,"height":377,"url":"https:\/\/geoclimate.ge\/wp-content\/uploads\/2025\/02\/Isolfon-Wave-Acoustic-Foam.jpg","type":"image\/jpeg"}],"twitter_card":"summary_large_image","schema":{"@context":"https:\/\/schema.org","@graph":[{"@type":"WebPage","@id":"https:\/\/geoclimate.ge\/fr\/produit\/acoustic-foam-sheets-isolfon-sep-pu-sepy\/","url":"https:\/\/geoclimate.ge\/fr\/produit\/acoustic-foam-sheets-isolfon-sep-pu-sepy\/","name":"Panneaux de mousse acoustique ISOLfon \u2013 SEP- PU-SEPY - GeoClimate.ge","isPartOf":{"@id":"https:\/\/geoclimate.ge\/#website"},"primaryImageOfPage":{"@id":"https:\/\/geoclimate.ge\/fr\/produit\/acoustic-foam-sheets-isolfon-sep-pu-sepy\/#primaryimage"},"image":{"@id":"https:\/\/geoclimate.ge\/fr\/produit\/acoustic-foam-sheets-isolfon-sep-pu-sepy\/#primaryimage"},"thumbnailUrl":"https:\/\/geoclimate.ge\/wp-content\/uploads\/2025\/02\/Isolfon-Wave-Acoustic-Foam.jpg","datePublished":"2025-02-12T19:27:09+00:00","dateModified":"2025-02-12T19:37:30+00:00","breadcrumb":{"@id":"https:\/\/geoclimate.ge\/fr\/produit\/acoustic-foam-sheets-isolfon-sep-pu-sepy\/#breadcrumb"},"inLanguage":"fr-FR","potentialAction":[{"@type":"ReadAction","target":["https:\/\/geoclimate.ge\/fr\/produit\/acoustic-foam-sheets-isolfon-sep-pu-sepy\/"]}]},{"@type":"ImageObject","inLanguage":"fr-FR","@id":"https:\/\/geoclimate.ge\/fr\/produit\/acoustic-foam-sheets-isolfon-sep-pu-sepy\/#primaryimage","url":"https:\/\/geoclimate.ge\/wp-content\/uploads\/2025\/02\/Isolfon-Wave-Acoustic-Foam.jpg","contentUrl":"https:\/\/geoclimate.ge\/wp-content\/uploads\/2025\/02\/Isolfon-Wave-Acoustic-Foam.jpg","width":527,"height":377},{"@type":"BreadcrumbList","@id":"https:\/\/geoclimate.ge\/fr\/produit\/acoustic-foam-sheets-isolfon-sep-pu-sepy\/#breadcrumb","itemListElement":[{"@type":"ListItem","position":1,"name":"Home","item":"https:\/\/geoclimate.ge\/fr\/"},{"@type":"ListItem","position":2,"name":"Products","item":"https:\/\/geoclimate.ge\/fr\/products\/"},{"@type":"ListItem","position":3,"name":"Panneaux de mousse acoustique ISOLfon \u2013 SEP- PU-SEPY"}]},{"@type":"WebSite","@id":"https:\/\/geoclimate.ge\/#website","url":"https:\/\/geoclimate.ge\/","name":"GeoClimate","description":"","publisher":{"@id":"https:\/\/geoclimate.ge\/#organization"},"potentialAction":[{"@type":"SearchAction","target":{"@type":"EntryPoint","urlTemplate":"https:\/\/geoclimate.ge\/?s={search_term_string}"},"query-input":{"@type":"PropertyValueSpecification","valueRequired":true,"valueName":"search_term_string"}}],"inLanguage":"fr-FR"},{"@type":"Organization","@id":"https:\/\/geoclimate.ge\/#organization","name":"GeoClimate","url":"https:\/\/geoclimate.ge\/","logo":{"@type":"ImageObject","inLanguage":"fr-FR","@id":"https:\/\/geoclimate.ge\/#\/schema\/logo\/image\/","url":"https:\/\/geoclimate.ge\/wp-content\/uploads\/2026\/03\/geoclimate-SEO.png","contentUrl":"https:\/\/geoclimate.ge\/wp-content\/uploads\/2026\/03\/geoclimate-SEO.png","width":1536,"height":1024,"caption":"GeoClimate"},"image":{"@id":"https:\/\/geoclimate.ge\/#\/schema\/logo\/image\/"}}]}},"_links":{"self":[{"href":"https:\/\/geoclimate.ge\/fr\/wp-json\/wp\/v2\/product\/19245","targetHints":{"allow":["GET"]}}],"collection":[{"href":"https:\/\/geoclimate.ge\/fr\/wp-json\/wp\/v2\/product"}],"about":[{"href":"https:\/\/geoclimate.ge\/fr\/wp-json\/wp\/v2\/types\/product"}],"wp:featuredmedia":[{"embeddable":true,"href":"https:\/\/geoclimate.ge\/fr\/wp-json\/wp\/v2\/media\/19238"}],"wp:attachment":[{"href":"https:\/\/geoclimate.ge\/fr\/wp-json\/wp\/v2\/media?parent=19245"}],"wp:term":[{"taxonomy":"product_brand","embeddable":true,"href":"https:\/\/geoclimate.ge\/fr\/wp-json\/wp\/v2\/product_brand?post=19245"},{"taxonomy":"product_cat","embeddable":true,"href":"https:\/\/geoclimate.ge\/fr\/wp-json\/wp\/v2\/product_cat?post=19245"},{"taxonomy":"product_tag","embeddable":true,"href":"https:\/\/geoclimate.ge\/fr\/wp-json\/wp\/v2\/product_tag?post=19245"}],"curies":[{"name":"wp","href":"https:\/\/api.w.org\/{rel}","templated":true}]}}