{"id":22990,"date":"2025-02-16T12:06:09","date_gmt":"2025-02-16T08:06:09","guid":{"rendered":"https:\/\/airsystems.ge\/shop\/product\/wind-measurement-masts\/"},"modified":"2025-04-02T09:30:42","modified_gmt":"2025-04-02T05:30:42","slug":"wind-measurement-masts","status":"publish","type":"product","link":"https:\/\/geoclimate.ge\/fr\/produit\/wind-measurement-masts\/","title":{"rendered":"\u00c9oliennes Tour de mesure du vent \u00c9oliennes"},"content":{"rendered":"","protected":false},"excerpt":{"rendered":"<p>\u00c9oliennes<br \/>\nNous produisons trois types de m\u00e2ts de mesure en treillis\u00a0:<br \/>\nNormal<br \/>\n1. M\u00e2ts de mesure normaux antigel \u2013 con\u00e7us pour des vents faibles et des conditions hivernales normales<\/p>\n<p>2. M\u00e2ts de mesure renforc\u00e9s antigel \u2013 con\u00e7us pour des vents allant jusqu&rsquo;\u00e0 15-22\u00a0m\/s et des conditions hivernales rigoureuses<\/p>\n<p>3. M\u00e2ts de mesure super renforc\u00e9s antigel \u2013 con\u00e7us pour des vents allant jusqu&rsquo;\u00e0 22-30\u00a0m\/s et des conditions arctiques ou de haute montagne<\/p>\n<p>Ces m\u00e2ts peuvent atteindre des dimensions importantes, allant jusqu&rsquo;\u00e0 120-140\u00a0m, et sont principalement utilis\u00e9s pour des mesures aussi pr\u00e9cises que possible, \u00e0 des hauteurs aussi proches que possible de celles des futures \u00e9oliennes.<\/p>\n","protected":false},"featured_media":22979,"template":"","meta":[],"product_brand":[],"product_cat":[795],"product_tag":[],"class_list":{"0":"post-22990","1":"product","2":"type-product","3":"status-publish","4":"has-post-thumbnail","6":"product_cat-mats-mesure-tour-eolienne","8":"first","9":"instock","10":"shipping-taxable","11":"product-type-simple"},"yoast_head":"<!-- This site is optimized with the Yoast SEO plugin v27.1.1 - https:\/\/yoast.com\/product\/yoast-seo-wordpress\/ -->\n<title>\u00c9oliennes Tour de mesure du vent \u00c9oliennes - GeoClimate.ge<\/title>\n<meta name=\"robots\" content=\"index, follow, max-snippet:-1, max-image-preview:large, max-video-preview:-1\" \/>\n<link rel=\"canonical\" href=\"https:\/\/geoclimate.ge\/fr\/produit\/wind-measurement-masts\/\" \/>\n<meta property=\"og:locale\" content=\"fr_FR\" \/>\n<meta property=\"og:type\" content=\"article\" \/>\n<meta property=\"og:title\" content=\"\u00c9oliennes Tour de mesure du vent \u00c9oliennes - GeoClimate.ge\" \/>\n<meta property=\"og:description\" content=\"\u00c9oliennes Nous produisons trois types de m\u00e2ts de mesure en treillis\u00a0: Normal 1. M\u00e2ts de mesure normaux antigel \u2013 con\u00e7us pour des vents faibles et des conditions hivernales normales  2. M\u00e2ts de mesure renforc\u00e9s antigel \u2013 con\u00e7us pour des vents allant jusqu&#039;\u00e0 15-22\u00a0m\/s et des conditions hivernales rigoureuses  3. M\u00e2ts de mesure super renforc\u00e9s antigel \u2013 con\u00e7us pour des vents allant jusqu&#039;\u00e0 22-30\u00a0m\/s et des conditions arctiques ou de haute montagne  Ces m\u00e2ts peuvent atteindre des dimensions importantes, allant jusqu&#039;\u00e0 120-140\u00a0m, et sont principalement utilis\u00e9s pour des mesures aussi pr\u00e9cises que possible, \u00e0 des hauteurs aussi proches que possible de celles des futures \u00e9oliennes.\" \/>\n<meta property=\"og:url\" content=\"https:\/\/geoclimate.ge\/fr\/produit\/wind-measurement-masts\/\" \/>\n<meta property=\"og:site_name\" content=\"GeoClimate.ge\" \/>\n<meta property=\"article:modified_time\" content=\"2025-04-02T05:30:42+00:00\" \/>\n<meta property=\"og:image\" content=\"https:\/\/geoclimate.ge\/wp-content\/uploads\/2025\/02\/met-mast-sensors.jpg\" \/>\n\t<meta property=\"og:image:width\" content=\"800\" \/>\n\t<meta property=\"og:image:height\" content=\"600\" \/>\n\t<meta property=\"og:image:type\" content=\"image\/jpeg\" \/>\n<meta name=\"twitter:card\" content=\"summary_large_image\" \/>\n<script type=\"application\/ld+json\" class=\"yoast-schema-graph\">{\"@context\":\"https:\/\/schema.org\",\"@graph\":[{\"@type\":\"WebPage\",\"@id\":\"https:\/\/geoclimate.ge\/fr\/produit\/wind-measurement-masts\/\",\"url\":\"https:\/\/geoclimate.ge\/fr\/produit\/wind-measurement-masts\/\",\"name\":\"\u00c9oliennes Tour de mesure du vent \u00c9oliennes - GeoClimate.ge\",\"isPartOf\":{\"@id\":\"https:\/\/geoclimate.ge\/#website\"},\"primaryImageOfPage\":{\"@id\":\"https:\/\/geoclimate.ge\/fr\/produit\/wind-measurement-masts\/#primaryimage\"},\"image\":{\"@id\":\"https:\/\/geoclimate.ge\/fr\/produit\/wind-measurement-masts\/#primaryimage\"},\"thumbnailUrl\":\"https:\/\/geoclimate.ge\/wp-content\/uploads\/2025\/02\/met-mast-sensors.jpg\",\"datePublished\":\"2025-02-16T08:06:09+00:00\",\"dateModified\":\"2025-04-02T05:30:42+00:00\",\"breadcrumb\":{\"@id\":\"https:\/\/geoclimate.ge\/fr\/produit\/wind-measurement-masts\/#breadcrumb\"},\"inLanguage\":\"fr-FR\",\"potentialAction\":[{\"@type\":\"ReadAction\",\"target\":[\"https:\/\/geoclimate.ge\/fr\/produit\/wind-measurement-masts\/\"]}]},{\"@type\":\"ImageObject\",\"inLanguage\":\"fr-FR\",\"@id\":\"https:\/\/geoclimate.ge\/fr\/produit\/wind-measurement-masts\/#primaryimage\",\"url\":\"https:\/\/geoclimate.ge\/wp-content\/uploads\/2025\/02\/met-mast-sensors.jpg\",\"contentUrl\":\"https:\/\/geoclimate.ge\/wp-content\/uploads\/2025\/02\/met-mast-sensors.jpg\",\"width\":800,\"height\":600},{\"@type\":\"BreadcrumbList\",\"@id\":\"https:\/\/geoclimate.ge\/fr\/produit\/wind-measurement-masts\/#breadcrumb\",\"itemListElement\":[{\"@type\":\"ListItem\",\"position\":1,\"name\":\"Home\",\"item\":\"https:\/\/geoclimate.ge\/fr\/\"},{\"@type\":\"ListItem\",\"position\":2,\"name\":\"Products\",\"item\":\"https:\/\/geoclimate.ge\/fr\/products\/\"},{\"@type\":\"ListItem\",\"position\":3,\"name\":\"\u00c9oliennes Tour de mesure du vent \u00c9oliennes\"}]},{\"@type\":\"WebSite\",\"@id\":\"https:\/\/geoclimate.ge\/#website\",\"url\":\"https:\/\/geoclimate.ge\/\",\"name\":\"GeoClimate\",\"description\":\"\",\"publisher\":{\"@id\":\"https:\/\/geoclimate.ge\/#organization\"},\"potentialAction\":[{\"@type\":\"SearchAction\",\"target\":{\"@type\":\"EntryPoint\",\"urlTemplate\":\"https:\/\/geoclimate.ge\/?s={search_term_string}\"},\"query-input\":{\"@type\":\"PropertyValueSpecification\",\"valueRequired\":true,\"valueName\":\"search_term_string\"}}],\"inLanguage\":\"fr-FR\"},{\"@type\":\"Organization\",\"@id\":\"https:\/\/geoclimate.ge\/#organization\",\"name\":\"GeoClimate\",\"url\":\"https:\/\/geoclimate.ge\/\",\"logo\":{\"@type\":\"ImageObject\",\"inLanguage\":\"fr-FR\",\"@id\":\"https:\/\/geoclimate.ge\/#\/schema\/logo\/image\/\",\"url\":\"https:\/\/geoclimate.ge\/wp-content\/uploads\/2026\/03\/geoclimate-SEO.png\",\"contentUrl\":\"https:\/\/geoclimate.ge\/wp-content\/uploads\/2026\/03\/geoclimate-SEO.png\",\"width\":1536,\"height\":1024,\"caption\":\"GeoClimate\"},\"image\":{\"@id\":\"https:\/\/geoclimate.ge\/#\/schema\/logo\/image\/\"}}]}<\/script>\n<!-- \/ Yoast SEO plugin. -->","yoast_head_json":{"title":"\u00c9oliennes Tour de mesure du vent \u00c9oliennes - GeoClimate.ge","robots":{"index":"index","follow":"follow","max-snippet":"max-snippet:-1","max-image-preview":"max-image-preview:large","max-video-preview":"max-video-preview:-1"},"canonical":"https:\/\/geoclimate.ge\/fr\/produit\/wind-measurement-masts\/","og_locale":"fr_FR","og_type":"article","og_title":"\u00c9oliennes Tour de mesure du vent \u00c9oliennes - GeoClimate.ge","og_description":"\u00c9oliennes Nous produisons trois types de m\u00e2ts de mesure en treillis\u00a0: Normal 1. M\u00e2ts de mesure normaux antigel \u2013 con\u00e7us pour des vents faibles et des conditions hivernales normales  2. M\u00e2ts de mesure renforc\u00e9s antigel \u2013 con\u00e7us pour des vents allant jusqu'\u00e0 15-22\u00a0m\/s et des conditions hivernales rigoureuses  3. M\u00e2ts de mesure super renforc\u00e9s antigel \u2013 con\u00e7us pour des vents allant jusqu'\u00e0 22-30\u00a0m\/s et des conditions arctiques ou de haute montagne  Ces m\u00e2ts peuvent atteindre des dimensions importantes, allant jusqu'\u00e0 120-140\u00a0m, et sont principalement utilis\u00e9s pour des mesures aussi pr\u00e9cises que possible, \u00e0 des hauteurs aussi proches que possible de celles des futures \u00e9oliennes.","og_url":"https:\/\/geoclimate.ge\/fr\/produit\/wind-measurement-masts\/","og_site_name":"GeoClimate.ge","article_modified_time":"2025-04-02T05:30:42+00:00","og_image":[{"width":800,"height":600,"url":"https:\/\/geoclimate.ge\/wp-content\/uploads\/2025\/02\/met-mast-sensors.jpg","type":"image\/jpeg"}],"twitter_card":"summary_large_image","schema":{"@context":"https:\/\/schema.org","@graph":[{"@type":"WebPage","@id":"https:\/\/geoclimate.ge\/fr\/produit\/wind-measurement-masts\/","url":"https:\/\/geoclimate.ge\/fr\/produit\/wind-measurement-masts\/","name":"\u00c9oliennes Tour de mesure du vent \u00c9oliennes - GeoClimate.ge","isPartOf":{"@id":"https:\/\/geoclimate.ge\/#website"},"primaryImageOfPage":{"@id":"https:\/\/geoclimate.ge\/fr\/produit\/wind-measurement-masts\/#primaryimage"},"image":{"@id":"https:\/\/geoclimate.ge\/fr\/produit\/wind-measurement-masts\/#primaryimage"},"thumbnailUrl":"https:\/\/geoclimate.ge\/wp-content\/uploads\/2025\/02\/met-mast-sensors.jpg","datePublished":"2025-02-16T08:06:09+00:00","dateModified":"2025-04-02T05:30:42+00:00","breadcrumb":{"@id":"https:\/\/geoclimate.ge\/fr\/produit\/wind-measurement-masts\/#breadcrumb"},"inLanguage":"fr-FR","potentialAction":[{"@type":"ReadAction","target":["https:\/\/geoclimate.ge\/fr\/produit\/wind-measurement-masts\/"]}]},{"@type":"ImageObject","inLanguage":"fr-FR","@id":"https:\/\/geoclimate.ge\/fr\/produit\/wind-measurement-masts\/#primaryimage","url":"https:\/\/geoclimate.ge\/wp-content\/uploads\/2025\/02\/met-mast-sensors.jpg","contentUrl":"https:\/\/geoclimate.ge\/wp-content\/uploads\/2025\/02\/met-mast-sensors.jpg","width":800,"height":600},{"@type":"BreadcrumbList","@id":"https:\/\/geoclimate.ge\/fr\/produit\/wind-measurement-masts\/#breadcrumb","itemListElement":[{"@type":"ListItem","position":1,"name":"Home","item":"https:\/\/geoclimate.ge\/fr\/"},{"@type":"ListItem","position":2,"name":"Products","item":"https:\/\/geoclimate.ge\/fr\/products\/"},{"@type":"ListItem","position":3,"name":"\u00c9oliennes Tour de mesure du vent \u00c9oliennes"}]},{"@type":"WebSite","@id":"https:\/\/geoclimate.ge\/#website","url":"https:\/\/geoclimate.ge\/","name":"GeoClimate","description":"","publisher":{"@id":"https:\/\/geoclimate.ge\/#organization"},"potentialAction":[{"@type":"SearchAction","target":{"@type":"EntryPoint","urlTemplate":"https:\/\/geoclimate.ge\/?s={search_term_string}"},"query-input":{"@type":"PropertyValueSpecification","valueRequired":true,"valueName":"search_term_string"}}],"inLanguage":"fr-FR"},{"@type":"Organization","@id":"https:\/\/geoclimate.ge\/#organization","name":"GeoClimate","url":"https:\/\/geoclimate.ge\/","logo":{"@type":"ImageObject","inLanguage":"fr-FR","@id":"https:\/\/geoclimate.ge\/#\/schema\/logo\/image\/","url":"https:\/\/geoclimate.ge\/wp-content\/uploads\/2026\/03\/geoclimate-SEO.png","contentUrl":"https:\/\/geoclimate.ge\/wp-content\/uploads\/2026\/03\/geoclimate-SEO.png","width":1536,"height":1024,"caption":"GeoClimate"},"image":{"@id":"https:\/\/geoclimate.ge\/#\/schema\/logo\/image\/"}}]}},"_links":{"self":[{"href":"https:\/\/geoclimate.ge\/fr\/wp-json\/wp\/v2\/product\/22990","targetHints":{"allow":["GET"]}}],"collection":[{"href":"https:\/\/geoclimate.ge\/fr\/wp-json\/wp\/v2\/product"}],"about":[{"href":"https:\/\/geoclimate.ge\/fr\/wp-json\/wp\/v2\/types\/product"}],"wp:featuredmedia":[{"embeddable":true,"href":"https:\/\/geoclimate.ge\/fr\/wp-json\/wp\/v2\/media\/22979"}],"wp:attachment":[{"href":"https:\/\/geoclimate.ge\/fr\/wp-json\/wp\/v2\/media?parent=22990"}],"wp:term":[{"taxonomy":"product_brand","embeddable":true,"href":"https:\/\/geoclimate.ge\/fr\/wp-json\/wp\/v2\/product_brand?post=22990"},{"taxonomy":"product_cat","embeddable":true,"href":"https:\/\/geoclimate.ge\/fr\/wp-json\/wp\/v2\/product_cat?post=22990"},{"taxonomy":"product_tag","embeddable":true,"href":"https:\/\/geoclimate.ge\/fr\/wp-json\/wp\/v2\/product_tag?post=22990"}],"curies":[{"name":"wp","href":"https:\/\/api.w.org\/{rel}","templated":true}]}}