{"id":23094,"date":"2024-01-30T20:24:24","date_gmt":"2024-01-30T16:24:24","guid":{"rendered":"https:\/\/airsystems.ge\/shop\/product\/infoair-remote-monitoring-2\/"},"modified":"2025-02-18T19:02:25","modified_gmt":"2025-02-18T15:02:25","slug":"infoair-remote-monitoring-2","status":"publish","type":"product","link":"https:\/\/geoclimate.ge\/fr\/produit\/infoair-remote-monitoring-2\/","title":{"rendered":"Surveillance \u00e0 distance InfoAir"},"content":{"rendered":"<section class=\"max-w-[1088px] mx-auto w-full px-5 my-10 md:my-12 lg:my-16 xl:my-20 xl:px-0\" data-block=\"bullet-list\">\n<div class=\"md:text-center\">\n<p><strong>Caract\u00e9ristiques principales<\/strong><br \/>\nGestion de flotte simplifi\u00e9e<br \/>\nS\u00e9curit\u00e9 et conformit\u00e9 renforc\u00e9es<br \/>\nMaintenance pr\u00e9ventive et temps d&rsquo;arr\u00eat minimis\u00e9s<br \/>\nAllocation optimale des ressources<br \/>\n\u00c9conomies de co\u00fbts et satisfaction client<br \/>\nD\u00e9pannage \u00e0 distance et assistance technique<\/p>\n<p><strong>Avantages<\/strong><br \/>\nSyst\u00e8me bas\u00e9 sur le cloud transmettant les donn\u00e9es avec les param\u00e8tres en direct des chauffages portables fonctionnant sur site \u00e0 un tableau de bord bas\u00e9 sur le Web<br \/>\nPossibilit\u00e9 de verrouiller et d\u00e9verrouiller le chauffage \u00e0 distance<br \/>\nD\u00e9tection de la disponibilit\u00e9 de l&rsquo;\u00e9lectricit\u00e9 et surveillance du niveau de tension<br \/>\nD\u00e9tection de l&rsquo;\u00e9tat marche\/arr\u00eat du chauffage portable<br \/>\nContr\u00f4le du niveau de carburant (en option)<br \/>\nContr\u00f4le de la temp\u00e9rature et de l&rsquo;humidit\u00e9 de la pi\u00e8ce<br \/>\nTracker GPS &#8211; permet de suivre l&#8217;emplacement du chauffage portable<br \/>\nConfiguration des valeurs min. et max. seuils de temp\u00e9rature, temps de pr\u00e9chauffage et de refroidissement du chauffage portatif<br \/>\nNotifications d&rsquo;alarme<br \/>\nG\u00e9n\u00e9ration de rapports<br \/>\nCompatible uniquement avec les chauffages portatifs portant le label InfoAir<\/p>\n<p><strong>Convient pour<\/strong><br \/>\nAgriculture<br \/>\nAutomobile<br \/>\nB\u00e2timents commerciaux<br \/>\nConstruction<br \/>\nServices d&rsquo;urgence<br \/>\n\u00c9v\u00e9nements et festivals<br \/>\nIndustrie, usines et production<br \/>\nSoci\u00e9t\u00e9s de location<\/p>\n<p>&nbsp;<\/p>\n<\/div>\n<\/section>\n","protected":false},"excerpt":{"rendered":"[embed]https:\/\/vimeo.com\/995845713[\/embed]\n<div class=\"QcsUad BDJ8fb BLojaf sMVRZe hCXDsb wneUed\">\n<div class=\"usGWQd\">\n<div class=\"KkbLmb\">\n<div class=\"lRu31\" dir=\"ltr\">Contr\u00f4le \u00e0 distance de la climatisation<br \/>\nInfoAir est un syst\u00e8me de surveillance \u00e0 distance polyvalent con\u00e7u pour am\u00e9liorer encore l&rsquo;utilisation des chauffages portables, qui constituent depuis longtemps un choix polyvalent et rentable pour diverses applications industrielles et commerciales. Mais sans capacit\u00e9s de communication, ils n\u00e9cessitent des visites physiques r\u00e9guli\u00e8res pour v\u00e9rifier leur \u00e9tat. InfoAir r\u00e9sout ce probl\u00e8me et offre plusieurs avantages. Il simplifie la gestion de la flotte, en fournissant des donn\u00e9es en temps r\u00e9el sur les performances et l&rsquo;\u00e9tat op\u00e9rationnel, o\u00f9 que vous soyez. Les alertes \u00e0 distance en cas d&rsquo;arr\u00eat, de manque de carburant, d&rsquo;exigences d&rsquo;entretien\/de maintenance \u00e0 venir ou similaires minimisent les temps d&rsquo;arr\u00eat et offrent une tranquillit\u00e9 d&rsquo;esprit.<\/div>\n<\/div>\n<\/div>\n<\/div>\n","protected":false},"featured_media":15633,"template":"","meta":[],"product_brand":[],"product_cat":[622,412,418],"product_tag":[],"class_list":{"0":"post-23094","1":"product","2":"type-product","3":"status-publish","4":"has-post-thumbnail","6":"product_cat-rechauffeur-dair-diesel-kerosene-chauffages-combustible","7":"product_cat-climatisation-deshumidificateur-dair-ventilateur-fr-ventilation","8":"product_cat-chauffages-radiateurs-gaz-electrique","10":"first","11":"instock","12":"shipping-taxable","13":"product-type-simple"},"yoast_head":"<!-- This site is optimized with the Yoast SEO plugin v27.1.1 - https:\/\/yoast.com\/product\/yoast-seo-wordpress\/ -->\n<title>Surveillance \u00e0 distance InfoAir - GeoClimate.ge<\/title>\n<meta name=\"robots\" content=\"index, follow, max-snippet:-1, max-image-preview:large, max-video-preview:-1\" \/>\n<link rel=\"canonical\" href=\"https:\/\/geoclimate.ge\/fr\/produit\/infoair-remote-monitoring-2\/\" \/>\n<meta property=\"og:locale\" content=\"fr_FR\" \/>\n<meta property=\"og:type\" content=\"article\" \/>\n<meta property=\"og:title\" content=\"Surveillance \u00e0 distance InfoAir - GeoClimate.ge\" \/>\n<meta property=\"og:description\" content=\"Contr\u00f4le \u00e0 distance de la climatisation InfoAir est un syst\u00e8me de surveillance \u00e0 distance polyvalent con\u00e7u pour am\u00e9liorer encore l&#039;utilisation des chauffages portables, qui constituent depuis longtemps un choix polyvalent et rentable pour diverses applications industrielles et commerciales. Mais sans capacit\u00e9s de communication, ils n\u00e9cessitent des visites physiques r\u00e9guli\u00e8res pour v\u00e9rifier leur \u00e9tat. InfoAir r\u00e9sout ce probl\u00e8me et offre plusieurs avantages. Il simplifie la gestion de la flotte, en fournissant des donn\u00e9es en temps r\u00e9el sur les performances et l&#039;\u00e9tat op\u00e9rationnel, o\u00f9 que vous soyez. Les alertes \u00e0 distance en cas d&#039;arr\u00eat, de manque de carburant, d&#039;exigences d&#039;entretien\/de maintenance \u00e0 venir ou similaires minimisent les temps d&#039;arr\u00eat et offrent une tranquillit\u00e9 d&#039;esprit.\" \/>\n<meta property=\"og:url\" content=\"https:\/\/geoclimate.ge\/fr\/produit\/infoair-remote-monitoring-2\/\" \/>\n<meta property=\"og:site_name\" content=\"GeoClimate.ge\" \/>\n<meta property=\"article:modified_time\" content=\"2025-02-18T15:02:25+00:00\" \/>\n<meta property=\"og:image\" content=\"https:\/\/geoclimate.ge\/wp-content\/uploads\/2024\/11\/InfoAir_front_image_web_2f36eb961623f37d75fa298e9bd01544.webp\" \/>\n\t<meta property=\"og:image:width\" content=\"500\" \/>\n\t<meta property=\"og:image:height\" content=\"500\" \/>\n\t<meta property=\"og:image:type\" content=\"image\/webp\" \/>\n<meta name=\"twitter:card\" content=\"summary_large_image\" \/>\n<meta name=\"twitter:label1\" content=\"Dur\u00e9e de lecture estim\u00e9e\" \/>\n\t<meta name=\"twitter:data1\" content=\"1 minute\" \/>\n<script type=\"application\/ld+json\" class=\"yoast-schema-graph\">{\"@context\":\"https:\/\/schema.org\",\"@graph\":[{\"@type\":\"WebPage\",\"@id\":\"https:\/\/geoclimate.ge\/fr\/produit\/infoair-remote-monitoring-2\/\",\"url\":\"https:\/\/geoclimate.ge\/fr\/produit\/infoair-remote-monitoring-2\/\",\"name\":\"Surveillance \u00e0 distance InfoAir - GeoClimate.ge\",\"isPartOf\":{\"@id\":\"https:\/\/geoclimate.ge\/#website\"},\"primaryImageOfPage\":{\"@id\":\"https:\/\/geoclimate.ge\/fr\/produit\/infoair-remote-monitoring-2\/#primaryimage\"},\"image\":{\"@id\":\"https:\/\/geoclimate.ge\/fr\/produit\/infoair-remote-monitoring-2\/#primaryimage\"},\"thumbnailUrl\":\"https:\/\/geoclimate.ge\/wp-content\/uploads\/2024\/11\/InfoAir_front_image_web_2f36eb961623f37d75fa298e9bd01544.webp\",\"datePublished\":\"2024-01-30T16:24:24+00:00\",\"dateModified\":\"2025-02-18T15:02:25+00:00\",\"breadcrumb\":{\"@id\":\"https:\/\/geoclimate.ge\/fr\/produit\/infoair-remote-monitoring-2\/#breadcrumb\"},\"inLanguage\":\"fr-FR\",\"potentialAction\":[{\"@type\":\"ReadAction\",\"target\":[\"https:\/\/geoclimate.ge\/fr\/produit\/infoair-remote-monitoring-2\/\"]}]},{\"@type\":\"ImageObject\",\"inLanguage\":\"fr-FR\",\"@id\":\"https:\/\/geoclimate.ge\/fr\/produit\/infoair-remote-monitoring-2\/#primaryimage\",\"url\":\"https:\/\/geoclimate.ge\/wp-content\/uploads\/2024\/11\/InfoAir_front_image_web_2f36eb961623f37d75fa298e9bd01544.webp\",\"contentUrl\":\"https:\/\/geoclimate.ge\/wp-content\/uploads\/2024\/11\/InfoAir_front_image_web_2f36eb961623f37d75fa298e9bd01544.webp\",\"width\":500,\"height\":500},{\"@type\":\"BreadcrumbList\",\"@id\":\"https:\/\/geoclimate.ge\/fr\/produit\/infoair-remote-monitoring-2\/#breadcrumb\",\"itemListElement\":[{\"@type\":\"ListItem\",\"position\":1,\"name\":\"Home\",\"item\":\"https:\/\/geoclimate.ge\/fr\/\"},{\"@type\":\"ListItem\",\"position\":2,\"name\":\"Products\",\"item\":\"https:\/\/geoclimate.ge\/fr\/products\/\"},{\"@type\":\"ListItem\",\"position\":3,\"name\":\"Surveillance \u00e0 distance InfoAir\"}]},{\"@type\":\"WebSite\",\"@id\":\"https:\/\/geoclimate.ge\/#website\",\"url\":\"https:\/\/geoclimate.ge\/\",\"name\":\"GeoClimate\",\"description\":\"\",\"publisher\":{\"@id\":\"https:\/\/geoclimate.ge\/#organization\"},\"potentialAction\":[{\"@type\":\"SearchAction\",\"target\":{\"@type\":\"EntryPoint\",\"urlTemplate\":\"https:\/\/geoclimate.ge\/?s={search_term_string}\"},\"query-input\":{\"@type\":\"PropertyValueSpecification\",\"valueRequired\":true,\"valueName\":\"search_term_string\"}}],\"inLanguage\":\"fr-FR\"},{\"@type\":\"Organization\",\"@id\":\"https:\/\/geoclimate.ge\/#organization\",\"name\":\"GeoClimate\",\"url\":\"https:\/\/geoclimate.ge\/\",\"logo\":{\"@type\":\"ImageObject\",\"inLanguage\":\"fr-FR\",\"@id\":\"https:\/\/geoclimate.ge\/#\/schema\/logo\/image\/\",\"url\":\"https:\/\/geoclimate.ge\/wp-content\/uploads\/2026\/03\/geoclimate-SEO.png\",\"contentUrl\":\"https:\/\/geoclimate.ge\/wp-content\/uploads\/2026\/03\/geoclimate-SEO.png\",\"width\":1536,\"height\":1024,\"caption\":\"GeoClimate\"},\"image\":{\"@id\":\"https:\/\/geoclimate.ge\/#\/schema\/logo\/image\/\"}}]}<\/script>\n<!-- \/ Yoast SEO plugin. -->","yoast_head_json":{"title":"Surveillance \u00e0 distance InfoAir - GeoClimate.ge","robots":{"index":"index","follow":"follow","max-snippet":"max-snippet:-1","max-image-preview":"max-image-preview:large","max-video-preview":"max-video-preview:-1"},"canonical":"https:\/\/geoclimate.ge\/fr\/produit\/infoair-remote-monitoring-2\/","og_locale":"fr_FR","og_type":"article","og_title":"Surveillance \u00e0 distance InfoAir - GeoClimate.ge","og_description":"Contr\u00f4le \u00e0 distance de la climatisation InfoAir est un syst\u00e8me de surveillance \u00e0 distance polyvalent con\u00e7u pour am\u00e9liorer encore l'utilisation des chauffages portables, qui constituent depuis longtemps un choix polyvalent et rentable pour diverses applications industrielles et commerciales. Mais sans capacit\u00e9s de communication, ils n\u00e9cessitent des visites physiques r\u00e9guli\u00e8res pour v\u00e9rifier leur \u00e9tat. InfoAir r\u00e9sout ce probl\u00e8me et offre plusieurs avantages. Il simplifie la gestion de la flotte, en fournissant des donn\u00e9es en temps r\u00e9el sur les performances et l'\u00e9tat op\u00e9rationnel, o\u00f9 que vous soyez. Les alertes \u00e0 distance en cas d'arr\u00eat, de manque de carburant, d'exigences d'entretien\/de maintenance \u00e0 venir ou similaires minimisent les temps d'arr\u00eat et offrent une tranquillit\u00e9 d'esprit.","og_url":"https:\/\/geoclimate.ge\/fr\/produit\/infoair-remote-monitoring-2\/","og_site_name":"GeoClimate.ge","article_modified_time":"2025-02-18T15:02:25+00:00","og_image":[{"width":500,"height":500,"url":"https:\/\/geoclimate.ge\/wp-content\/uploads\/2024\/11\/InfoAir_front_image_web_2f36eb961623f37d75fa298e9bd01544.webp","type":"image\/webp"}],"twitter_card":"summary_large_image","twitter_misc":{"Dur\u00e9e de lecture estim\u00e9e":"1 minute"},"schema":{"@context":"https:\/\/schema.org","@graph":[{"@type":"WebPage","@id":"https:\/\/geoclimate.ge\/fr\/produit\/infoair-remote-monitoring-2\/","url":"https:\/\/geoclimate.ge\/fr\/produit\/infoair-remote-monitoring-2\/","name":"Surveillance \u00e0 distance InfoAir - GeoClimate.ge","isPartOf":{"@id":"https:\/\/geoclimate.ge\/#website"},"primaryImageOfPage":{"@id":"https:\/\/geoclimate.ge\/fr\/produit\/infoair-remote-monitoring-2\/#primaryimage"},"image":{"@id":"https:\/\/geoclimate.ge\/fr\/produit\/infoair-remote-monitoring-2\/#primaryimage"},"thumbnailUrl":"https:\/\/geoclimate.ge\/wp-content\/uploads\/2024\/11\/InfoAir_front_image_web_2f36eb961623f37d75fa298e9bd01544.webp","datePublished":"2024-01-30T16:24:24+00:00","dateModified":"2025-02-18T15:02:25+00:00","breadcrumb":{"@id":"https:\/\/geoclimate.ge\/fr\/produit\/infoair-remote-monitoring-2\/#breadcrumb"},"inLanguage":"fr-FR","potentialAction":[{"@type":"ReadAction","target":["https:\/\/geoclimate.ge\/fr\/produit\/infoair-remote-monitoring-2\/"]}]},{"@type":"ImageObject","inLanguage":"fr-FR","@id":"https:\/\/geoclimate.ge\/fr\/produit\/infoair-remote-monitoring-2\/#primaryimage","url":"https:\/\/geoclimate.ge\/wp-content\/uploads\/2024\/11\/InfoAir_front_image_web_2f36eb961623f37d75fa298e9bd01544.webp","contentUrl":"https:\/\/geoclimate.ge\/wp-content\/uploads\/2024\/11\/InfoAir_front_image_web_2f36eb961623f37d75fa298e9bd01544.webp","width":500,"height":500},{"@type":"BreadcrumbList","@id":"https:\/\/geoclimate.ge\/fr\/produit\/infoair-remote-monitoring-2\/#breadcrumb","itemListElement":[{"@type":"ListItem","position":1,"name":"Home","item":"https:\/\/geoclimate.ge\/fr\/"},{"@type":"ListItem","position":2,"name":"Products","item":"https:\/\/geoclimate.ge\/fr\/products\/"},{"@type":"ListItem","position":3,"name":"Surveillance \u00e0 distance InfoAir"}]},{"@type":"WebSite","@id":"https:\/\/geoclimate.ge\/#website","url":"https:\/\/geoclimate.ge\/","name":"GeoClimate","description":"","publisher":{"@id":"https:\/\/geoclimate.ge\/#organization"},"potentialAction":[{"@type":"SearchAction","target":{"@type":"EntryPoint","urlTemplate":"https:\/\/geoclimate.ge\/?s={search_term_string}"},"query-input":{"@type":"PropertyValueSpecification","valueRequired":true,"valueName":"search_term_string"}}],"inLanguage":"fr-FR"},{"@type":"Organization","@id":"https:\/\/geoclimate.ge\/#organization","name":"GeoClimate","url":"https:\/\/geoclimate.ge\/","logo":{"@type":"ImageObject","inLanguage":"fr-FR","@id":"https:\/\/geoclimate.ge\/#\/schema\/logo\/image\/","url":"https:\/\/geoclimate.ge\/wp-content\/uploads\/2026\/03\/geoclimate-SEO.png","contentUrl":"https:\/\/geoclimate.ge\/wp-content\/uploads\/2026\/03\/geoclimate-SEO.png","width":1536,"height":1024,"caption":"GeoClimate"},"image":{"@id":"https:\/\/geoclimate.ge\/#\/schema\/logo\/image\/"}}]}},"_links":{"self":[{"href":"https:\/\/geoclimate.ge\/fr\/wp-json\/wp\/v2\/product\/23094","targetHints":{"allow":["GET"]}}],"collection":[{"href":"https:\/\/geoclimate.ge\/fr\/wp-json\/wp\/v2\/product"}],"about":[{"href":"https:\/\/geoclimate.ge\/fr\/wp-json\/wp\/v2\/types\/product"}],"wp:featuredmedia":[{"embeddable":true,"href":"https:\/\/geoclimate.ge\/fr\/wp-json\/wp\/v2\/media\/15633"}],"wp:attachment":[{"href":"https:\/\/geoclimate.ge\/fr\/wp-json\/wp\/v2\/media?parent=23094"}],"wp:term":[{"taxonomy":"product_brand","embeddable":true,"href":"https:\/\/geoclimate.ge\/fr\/wp-json\/wp\/v2\/product_brand?post=23094"},{"taxonomy":"product_cat","embeddable":true,"href":"https:\/\/geoclimate.ge\/fr\/wp-json\/wp\/v2\/product_cat?post=23094"},{"taxonomy":"product_tag","embeddable":true,"href":"https:\/\/geoclimate.ge\/fr\/wp-json\/wp\/v2\/product_tag?post=23094"}],"curies":[{"name":"wp","href":"https:\/\/api.w.org\/{rel}","templated":true}]}}