{"id":23757,"date":"2025-02-07T15:36:14","date_gmt":"2025-02-07T11:36:14","guid":{"rendered":"https:\/\/airsystems.ge\/shop\/product\/vibro-hf-antivibration-hanger-with-regufoam\/"},"modified":"2025-02-26T00:29:38","modified_gmt":"2025-02-25T20:29:38","slug":"vibro-hf-antivibration-hanger-with-regufoam","status":"publish","type":"product","link":"https:\/\/geoclimate.ge\/fr\/produit\/vibro-hf-antivibration-hanger-with-regufoam\/","title":{"rendered":"Vibro-HF: Antivibration Hanger with Regufoam\u00ae"},"content":{"rendered":"<p><img loading=\"lazy\" decoding=\"async\" class=\"alignnone wp-image-13274 size-full\" title=\"Vibro-HF Selection Table\" src=\"https:\/\/antivibration-systems.com\/wp-content\/uploads\/2024\/09\/hf-selection-table.jpg\" sizes=\"auto, (max-width: 646px) 100vw, 646px\" srcset=\"https:\/\/antivibration-systems.com\/wp-content\/uploads\/2024\/09\/hf-selection-table.jpg 646w, https:\/\/antivibration-systems.com\/wp-content\/uploads\/2024\/09\/hf-selection-table-300x236.jpg 300w\" alt=\"Vibro-HF Selection Table\" width=\"646\" height=\"508\" \/><\/p>\n","protected":false},"excerpt":{"rendered":"<p>Vibro-HF est une suspension antivibratoire dont le principal mat\u00e9riau antivibratoire est la mousse \u00e9lastom\u00e8re de polyur\u00e9thane \u00e0 cellules semi-ferm\u00e9es Regufoam. Ses principales utilisations sont la suspension de plafonds flottants insonorisants, mais aussi la suspension de machines rotatives\/vibrantes et de tuyaux\/conduits.<\/p>\n<p>Vibro-HF est une suspension antivibratoire. Principalement utilis\u00e9e pour la suspension de plafonds flottants insonorisants, son principal mat\u00e9riau de base antivibratoire est le Regufoam. Le cadre de Vibro HF est fabriqu\u00e9 \u00e0 partir d&rsquo;une t\u00f4le galvanis\u00e9e. La vis\/tige de suspension peut \u00eatre M8 (non incluse).<\/p>\n<p>L&rsquo;\u00e9l\u00e9ment en mousse \u00e9lastom\u00e8re de la suspension antivibratoire est une mousse de polyur\u00e9thane de haute qualit\u00e9, \u00e0 cellules semi-ferm\u00e9es, fabriqu\u00e9e par la soci\u00e9t\u00e9 allemande Regupol sous la marque Regufoam\u00ae. Une gamme compl\u00e8te de ses propri\u00e9t\u00e9s m\u00e9caniques, diagrammes et certificats, sont disponibles sur demande.<\/p>\n<p>En s\u00e9lectionnant le noyau antivibratoire principal Regufoam de diff\u00e9rentes duret\u00e9s, diff\u00e9rentes plages de charges de suspension peuvent \u00eatre obtenues. Veuillez vous r\u00e9f\u00e9rer au tableau de s\u00e9lection de charge correspondant.<\/p>\n<p>Les suspensions d&rsquo;absorption des vibrations Vibro-HF peuvent \u00eatre utilis\u00e9es pour les plafonds suspendus insonoris\u00e9s flottants, la suspension de machines rotatives, les tuyaux de transport de liquides vibrants, les conduits d&rsquo;air, etc.<\/p>\n","protected":false},"featured_media":17140,"template":"","meta":[],"product_brand":[],"product_cat":[707],"product_tag":[],"class_list":{"0":"post-23757","1":"product","2":"type-product","3":"status-publish","4":"has-post-thumbnail","6":"product_cat-vibration-anti-bruit-acoustique-fr","8":"first","9":"instock","10":"shipping-taxable","11":"product-type-simple"},"yoast_head":"<!-- This site is optimized with the Yoast SEO plugin v27.1.1 - https:\/\/yoast.com\/product\/yoast-seo-wordpress\/ -->\n<title>Vibro-HF: Antivibration Hanger with Regufoam\u00ae - GeoClimate.ge<\/title>\n<meta name=\"robots\" content=\"index, follow, max-snippet:-1, max-image-preview:large, max-video-preview:-1\" \/>\n<link rel=\"canonical\" href=\"https:\/\/geoclimate.ge\/fr\/produit\/vibro-hf-antivibration-hanger-with-regufoam\/\" \/>\n<meta property=\"og:locale\" content=\"fr_FR\" \/>\n<meta property=\"og:type\" content=\"article\" \/>\n<meta property=\"og:title\" content=\"Vibro-HF: Antivibration Hanger with Regufoam\u00ae - GeoClimate.ge\" \/>\n<meta property=\"og:description\" content=\"Vibro-HF est une suspension antivibratoire dont le principal mat\u00e9riau antivibratoire est la mousse \u00e9lastom\u00e8re de polyur\u00e9thane \u00e0 cellules semi-ferm\u00e9es Regufoam. Ses principales utilisations sont la suspension de plafonds flottants insonorisants, mais aussi la suspension de machines rotatives\/vibrantes et de tuyaux\/conduits.  Vibro-HF est une suspension antivibratoire. Principalement utilis\u00e9e pour la suspension de plafonds flottants insonorisants, son principal mat\u00e9riau de base antivibratoire est le Regufoam. Le cadre de Vibro HF est fabriqu\u00e9 \u00e0 partir d&#039;une t\u00f4le galvanis\u00e9e. La vis\/tige de suspension peut \u00eatre M8 (non incluse).  L&#039;\u00e9l\u00e9ment en mousse \u00e9lastom\u00e8re de la suspension antivibratoire est une mousse de polyur\u00e9thane de haute qualit\u00e9, \u00e0 cellules semi-ferm\u00e9es, fabriqu\u00e9e par la soci\u00e9t\u00e9 allemande Regupol sous la marque Regufoam\u00ae. Une gamme compl\u00e8te de ses propri\u00e9t\u00e9s m\u00e9caniques, diagrammes et certificats, sont disponibles sur demande.  En s\u00e9lectionnant le noyau antivibratoire principal Regufoam de diff\u00e9rentes duret\u00e9s, diff\u00e9rentes plages de charges de suspension peuvent \u00eatre obtenues. Veuillez vous r\u00e9f\u00e9rer au tableau de s\u00e9lection de charge correspondant.  Les suspensions d&#039;absorption des vibrations Vibro-HF peuvent \u00eatre utilis\u00e9es pour les plafonds suspendus insonoris\u00e9s flottants, la suspension de machines rotatives, les tuyaux de transport de liquides vibrants, les conduits d&#039;air, etc.\" \/>\n<meta property=\"og:url\" content=\"https:\/\/geoclimate.ge\/fr\/produit\/vibro-hf-antivibration-hanger-with-regufoam\/\" \/>\n<meta property=\"og:site_name\" content=\"GeoClimate.ge\" \/>\n<meta property=\"article:modified_time\" content=\"2025-02-25T20:29:38+00:00\" \/>\n<meta property=\"og:image\" content=\"https:\/\/geoclimate.ge\/wp-content\/uploads\/2025\/02\/vibro-hf.jpg\" \/>\n\t<meta property=\"og:image:width\" content=\"300\" \/>\n\t<meta property=\"og:image:height\" content=\"300\" \/>\n\t<meta property=\"og:image:type\" content=\"image\/jpeg\" \/>\n<meta name=\"twitter:card\" content=\"summary_large_image\" \/>\n<script type=\"application\/ld+json\" class=\"yoast-schema-graph\">{\"@context\":\"https:\/\/schema.org\",\"@graph\":[{\"@type\":\"WebPage\",\"@id\":\"https:\/\/geoclimate.ge\/fr\/produit\/vibro-hf-antivibration-hanger-with-regufoam\/\",\"url\":\"https:\/\/geoclimate.ge\/fr\/produit\/vibro-hf-antivibration-hanger-with-regufoam\/\",\"name\":\"Vibro-HF: Antivibration Hanger with Regufoam\u00ae - GeoClimate.ge\",\"isPartOf\":{\"@id\":\"https:\/\/geoclimate.ge\/#website\"},\"primaryImageOfPage\":{\"@id\":\"https:\/\/geoclimate.ge\/fr\/produit\/vibro-hf-antivibration-hanger-with-regufoam\/#primaryimage\"},\"image\":{\"@id\":\"https:\/\/geoclimate.ge\/fr\/produit\/vibro-hf-antivibration-hanger-with-regufoam\/#primaryimage\"},\"thumbnailUrl\":\"https:\/\/geoclimate.ge\/wp-content\/uploads\/2025\/02\/vibro-hf.jpg\",\"datePublished\":\"2025-02-07T11:36:14+00:00\",\"dateModified\":\"2025-02-25T20:29:38+00:00\",\"breadcrumb\":{\"@id\":\"https:\/\/geoclimate.ge\/fr\/produit\/vibro-hf-antivibration-hanger-with-regufoam\/#breadcrumb\"},\"inLanguage\":\"fr-FR\",\"potentialAction\":[{\"@type\":\"ReadAction\",\"target\":[\"https:\/\/geoclimate.ge\/fr\/produit\/vibro-hf-antivibration-hanger-with-regufoam\/\"]}]},{\"@type\":\"ImageObject\",\"inLanguage\":\"fr-FR\",\"@id\":\"https:\/\/geoclimate.ge\/fr\/produit\/vibro-hf-antivibration-hanger-with-regufoam\/#primaryimage\",\"url\":\"https:\/\/geoclimate.ge\/wp-content\/uploads\/2025\/02\/vibro-hf.jpg\",\"contentUrl\":\"https:\/\/geoclimate.ge\/wp-content\/uploads\/2025\/02\/vibro-hf.jpg\",\"width\":300,\"height\":300},{\"@type\":\"BreadcrumbList\",\"@id\":\"https:\/\/geoclimate.ge\/fr\/produit\/vibro-hf-antivibration-hanger-with-regufoam\/#breadcrumb\",\"itemListElement\":[{\"@type\":\"ListItem\",\"position\":1,\"name\":\"Home\",\"item\":\"https:\/\/geoclimate.ge\/fr\/\"},{\"@type\":\"ListItem\",\"position\":2,\"name\":\"Products\",\"item\":\"https:\/\/geoclimate.ge\/fr\/products\/\"},{\"@type\":\"ListItem\",\"position\":3,\"name\":\"Vibro-HF: Antivibration Hanger with Regufoam\u00ae\"}]},{\"@type\":\"WebSite\",\"@id\":\"https:\/\/geoclimate.ge\/#website\",\"url\":\"https:\/\/geoclimate.ge\/\",\"name\":\"GeoClimate\",\"description\":\"\",\"publisher\":{\"@id\":\"https:\/\/geoclimate.ge\/#organization\"},\"potentialAction\":[{\"@type\":\"SearchAction\",\"target\":{\"@type\":\"EntryPoint\",\"urlTemplate\":\"https:\/\/geoclimate.ge\/?s={search_term_string}\"},\"query-input\":{\"@type\":\"PropertyValueSpecification\",\"valueRequired\":true,\"valueName\":\"search_term_string\"}}],\"inLanguage\":\"fr-FR\"},{\"@type\":\"Organization\",\"@id\":\"https:\/\/geoclimate.ge\/#organization\",\"name\":\"GeoClimate\",\"url\":\"https:\/\/geoclimate.ge\/\",\"logo\":{\"@type\":\"ImageObject\",\"inLanguage\":\"fr-FR\",\"@id\":\"https:\/\/geoclimate.ge\/#\/schema\/logo\/image\/\",\"url\":\"https:\/\/geoclimate.ge\/wp-content\/uploads\/2026\/03\/geoclimate-SEO.png\",\"contentUrl\":\"https:\/\/geoclimate.ge\/wp-content\/uploads\/2026\/03\/geoclimate-SEO.png\",\"width\":1536,\"height\":1024,\"caption\":\"GeoClimate\"},\"image\":{\"@id\":\"https:\/\/geoclimate.ge\/#\/schema\/logo\/image\/\"}}]}<\/script>\n<!-- \/ Yoast SEO plugin. -->","yoast_head_json":{"title":"Vibro-HF: Antivibration Hanger with Regufoam\u00ae - GeoClimate.ge","robots":{"index":"index","follow":"follow","max-snippet":"max-snippet:-1","max-image-preview":"max-image-preview:large","max-video-preview":"max-video-preview:-1"},"canonical":"https:\/\/geoclimate.ge\/fr\/produit\/vibro-hf-antivibration-hanger-with-regufoam\/","og_locale":"fr_FR","og_type":"article","og_title":"Vibro-HF: Antivibration Hanger with Regufoam\u00ae - GeoClimate.ge","og_description":"Vibro-HF est une suspension antivibratoire dont le principal mat\u00e9riau antivibratoire est la mousse \u00e9lastom\u00e8re de polyur\u00e9thane \u00e0 cellules semi-ferm\u00e9es Regufoam. Ses principales utilisations sont la suspension de plafonds flottants insonorisants, mais aussi la suspension de machines rotatives\/vibrantes et de tuyaux\/conduits.  Vibro-HF est une suspension antivibratoire. Principalement utilis\u00e9e pour la suspension de plafonds flottants insonorisants, son principal mat\u00e9riau de base antivibratoire est le Regufoam. Le cadre de Vibro HF est fabriqu\u00e9 \u00e0 partir d'une t\u00f4le galvanis\u00e9e. La vis\/tige de suspension peut \u00eatre M8 (non incluse).  L'\u00e9l\u00e9ment en mousse \u00e9lastom\u00e8re de la suspension antivibratoire est une mousse de polyur\u00e9thane de haute qualit\u00e9, \u00e0 cellules semi-ferm\u00e9es, fabriqu\u00e9e par la soci\u00e9t\u00e9 allemande Regupol sous la marque Regufoam\u00ae. Une gamme compl\u00e8te de ses propri\u00e9t\u00e9s m\u00e9caniques, diagrammes et certificats, sont disponibles sur demande.  En s\u00e9lectionnant le noyau antivibratoire principal Regufoam de diff\u00e9rentes duret\u00e9s, diff\u00e9rentes plages de charges de suspension peuvent \u00eatre obtenues. Veuillez vous r\u00e9f\u00e9rer au tableau de s\u00e9lection de charge correspondant.  Les suspensions d'absorption des vibrations Vibro-HF peuvent \u00eatre utilis\u00e9es pour les plafonds suspendus insonoris\u00e9s flottants, la suspension de machines rotatives, les tuyaux de transport de liquides vibrants, les conduits d'air, etc.","og_url":"https:\/\/geoclimate.ge\/fr\/produit\/vibro-hf-antivibration-hanger-with-regufoam\/","og_site_name":"GeoClimate.ge","article_modified_time":"2025-02-25T20:29:38+00:00","og_image":[{"width":300,"height":300,"url":"https:\/\/geoclimate.ge\/wp-content\/uploads\/2025\/02\/vibro-hf.jpg","type":"image\/jpeg"}],"twitter_card":"summary_large_image","schema":{"@context":"https:\/\/schema.org","@graph":[{"@type":"WebPage","@id":"https:\/\/geoclimate.ge\/fr\/produit\/vibro-hf-antivibration-hanger-with-regufoam\/","url":"https:\/\/geoclimate.ge\/fr\/produit\/vibro-hf-antivibration-hanger-with-regufoam\/","name":"Vibro-HF: Antivibration Hanger with Regufoam\u00ae - GeoClimate.ge","isPartOf":{"@id":"https:\/\/geoclimate.ge\/#website"},"primaryImageOfPage":{"@id":"https:\/\/geoclimate.ge\/fr\/produit\/vibro-hf-antivibration-hanger-with-regufoam\/#primaryimage"},"image":{"@id":"https:\/\/geoclimate.ge\/fr\/produit\/vibro-hf-antivibration-hanger-with-regufoam\/#primaryimage"},"thumbnailUrl":"https:\/\/geoclimate.ge\/wp-content\/uploads\/2025\/02\/vibro-hf.jpg","datePublished":"2025-02-07T11:36:14+00:00","dateModified":"2025-02-25T20:29:38+00:00","breadcrumb":{"@id":"https:\/\/geoclimate.ge\/fr\/produit\/vibro-hf-antivibration-hanger-with-regufoam\/#breadcrumb"},"inLanguage":"fr-FR","potentialAction":[{"@type":"ReadAction","target":["https:\/\/geoclimate.ge\/fr\/produit\/vibro-hf-antivibration-hanger-with-regufoam\/"]}]},{"@type":"ImageObject","inLanguage":"fr-FR","@id":"https:\/\/geoclimate.ge\/fr\/produit\/vibro-hf-antivibration-hanger-with-regufoam\/#primaryimage","url":"https:\/\/geoclimate.ge\/wp-content\/uploads\/2025\/02\/vibro-hf.jpg","contentUrl":"https:\/\/geoclimate.ge\/wp-content\/uploads\/2025\/02\/vibro-hf.jpg","width":300,"height":300},{"@type":"BreadcrumbList","@id":"https:\/\/geoclimate.ge\/fr\/produit\/vibro-hf-antivibration-hanger-with-regufoam\/#breadcrumb","itemListElement":[{"@type":"ListItem","position":1,"name":"Home","item":"https:\/\/geoclimate.ge\/fr\/"},{"@type":"ListItem","position":2,"name":"Products","item":"https:\/\/geoclimate.ge\/fr\/products\/"},{"@type":"ListItem","position":3,"name":"Vibro-HF: Antivibration Hanger with Regufoam\u00ae"}]},{"@type":"WebSite","@id":"https:\/\/geoclimate.ge\/#website","url":"https:\/\/geoclimate.ge\/","name":"GeoClimate","description":"","publisher":{"@id":"https:\/\/geoclimate.ge\/#organization"},"potentialAction":[{"@type":"SearchAction","target":{"@type":"EntryPoint","urlTemplate":"https:\/\/geoclimate.ge\/?s={search_term_string}"},"query-input":{"@type":"PropertyValueSpecification","valueRequired":true,"valueName":"search_term_string"}}],"inLanguage":"fr-FR"},{"@type":"Organization","@id":"https:\/\/geoclimate.ge\/#organization","name":"GeoClimate","url":"https:\/\/geoclimate.ge\/","logo":{"@type":"ImageObject","inLanguage":"fr-FR","@id":"https:\/\/geoclimate.ge\/#\/schema\/logo\/image\/","url":"https:\/\/geoclimate.ge\/wp-content\/uploads\/2026\/03\/geoclimate-SEO.png","contentUrl":"https:\/\/geoclimate.ge\/wp-content\/uploads\/2026\/03\/geoclimate-SEO.png","width":1536,"height":1024,"caption":"GeoClimate"},"image":{"@id":"https:\/\/geoclimate.ge\/#\/schema\/logo\/image\/"}}]}},"_links":{"self":[{"href":"https:\/\/geoclimate.ge\/fr\/wp-json\/wp\/v2\/product\/23757","targetHints":{"allow":["GET"]}}],"collection":[{"href":"https:\/\/geoclimate.ge\/fr\/wp-json\/wp\/v2\/product"}],"about":[{"href":"https:\/\/geoclimate.ge\/fr\/wp-json\/wp\/v2\/types\/product"}],"wp:featuredmedia":[{"embeddable":true,"href":"https:\/\/geoclimate.ge\/fr\/wp-json\/wp\/v2\/media\/17140"}],"wp:attachment":[{"href":"https:\/\/geoclimate.ge\/fr\/wp-json\/wp\/v2\/media?parent=23757"}],"wp:term":[{"taxonomy":"product_brand","embeddable":true,"href":"https:\/\/geoclimate.ge\/fr\/wp-json\/wp\/v2\/product_brand?post=23757"},{"taxonomy":"product_cat","embeddable":true,"href":"https:\/\/geoclimate.ge\/fr\/wp-json\/wp\/v2\/product_cat?post=23757"},{"taxonomy":"product_tag","embeddable":true,"href":"https:\/\/geoclimate.ge\/fr\/wp-json\/wp\/v2\/product_tag?post=23757"}],"curies":[{"name":"wp","href":"https:\/\/api.w.org\/{rel}","templated":true}]}}