{"id":23885,"date":"2025-02-23T22:14:59","date_gmt":"2025-02-23T18:14:59","guid":{"rendered":"https:\/\/airsystems.ge\/shop\/product\/self-standing-partitions-alphacoustic-am\/"},"modified":"2025-02-23T22:20:10","modified_gmt":"2025-02-23T18:20:10","slug":"self-standing-partitions-alphacoustic-am","status":"publish","type":"product","link":"https:\/\/geoclimate.ge\/fr\/produit\/self-standing-partitions-alphacoustic-am\/","title":{"rendered":"Cloisons Autoportantes ALPHAcoustic \u2013 AM"},"content":{"rendered":"","protected":false},"excerpt":{"rendered":"<form class=\"variations_form cart\" action=\"https:\/\/alphacoustic.com\/en\/product\/self-standing-partitions-alphacoustic-am-ortho-tondo\/\" enctype=\"multipart\/form-data\" method=\"post\" data-product_id=\"28517\" data-product_variations=\"[{&quot;attributes&quot;:{&quot;attribute_pa_diatomi&quot;:&quot;rectangular&quot;},&quot;availability_html&quot;:&quot;&quot;,&quot;backorders_allowed&quot;:false,&quot;dimensions&quot;:{&quot;length&quot;:&quot;&quot;,&quot;width&quot;:&quot;&quot;,&quot;height&quot;:&quot;&quot;},&quot;dimensions_html&quot;:&quot;N\\\/A&quot;,&quot;display_price&quot;:1,&quot;display_regular_price&quot;:1,&quot;image&quot;:{&quot;title&quot;:&quot;alphacoustic-am&quot;,&quot;caption&quot;:&quot;Product photo of Self-Standing Acoustic Panel&quot;,&quot;url&quot;:&quot;https:\\\/\\\/alphacoustic.com\\\/wp-content\\\/uploads\\\/2013\\\/09\\\/alphacoustic-am.jpg&quot;,&quot;alt&quot;:&quot;\\u03b7\\u03c7\\u03bf\\u03b1\\u03c0\\u03bf\\u03c1\\u03c1\\u03bf\\u03c6\\u03b7\\u03c4\\u03b9\\u03ba\\u03cc \\u03b7\\u03c7\\u03bf\\u03bc\\u03bf\\u03bd\\u03c9\\u03c4\\u03b9\\u03ba\\u03cc \\u03b4\\u03b9\\u03b1\\u03c7\\u03c9\\u03c1\\u03b9\\u03c3\\u03c4\\u03b9\\u03ba\\u03cc \\u03b3\\u03c1\\u03b1\\u03c6\\u03b5\\u03af\\u03bf\\u03c5&quot;,&quot;src&quot;:&quot;https:\\\/\\\/alphacoustic.com\\\/wp-content\\\/uploads\\\/2013\\\/09\\\/alphacoustic-am.jpg&quot;,&quot;srcset&quot;:&quot;https:\\\/\\\/alphacoustic.com\\\/wp-content\\\/uploads\\\/2013\\\/09\\\/alphacoustic-am.jpg 527w, https:\\\/\\\/alphacoustic.com\\\/wp-content\\\/uploads\\\/2013\\\/09\\\/alphacoustic-am-300x215.jpg 300w&quot;,&quot;sizes&quot;:&quot;(max-width: 527px) 100vw, 527px&quot;,&quot;full_src&quot;:&quot;https:\\\/\\\/alphacoustic.com\\\/wp-content\\\/uploads\\\/2013\\\/09\\\/alphacoustic-am.jpg&quot;,&quot;full_src_w&quot;:527,&quot;full_src_h&quot;:377,&quot;gallery_thumbnail_src&quot;:&quot;https:\\\/\\\/alphacoustic.com\\\/wp-content\\\/uploads\\\/2013\\\/09\\\/alphacoustic-am-150x150.jpg&quot;,&quot;gallery_thumbnail_src_w&quot;:100,&quot;gallery_thumbnail_src_h&quot;:100,&quot;thumb_src&quot;:&quot;https:\\\/\\\/alphacoustic.com\\\/wp-content\\\/uploads\\\/2013\\\/09\\\/alphacoustic-am-300x300.jpg&quot;,&quot;thumb_src_w&quot;:300,&quot;thumb_src_h&quot;:300,&quot;src_w&quot;:527,&quot;src_h&quot;:377},&quot;image_id&quot;:11724,&quot;is_downloadable&quot;:false,&quot;is_in_stock&quot;:true,&quot;is_purchasable&quot;:true,&quot;is_sold_individually&quot;:&quot;no&quot;,&quot;is_virtual&quot;:false,&quot;max_qty&quot;:&quot;&quot;,&quot;min_qty&quot;:1,&quot;price_html&quot;:&quot;&quot;,&quot;sku&quot;:&quot;&quot;,&quot;variation_description&quot;:&quot;&quot;,&quot;variation_id&quot;:28518,&quot;variation_is_active&quot;:true,&quot;variation_is_visible&quot;:true,&quot;weight&quot;:&quot;&quot;,&quot;weight_html&quot;:&quot;N\\\/A&quot;},{&quot;attributes&quot;:{&quot;attribute_pa_diatomi&quot;:&quot;curved&quot;},&quot;availability_html&quot;:&quot;&quot;,&quot;backorders_allowed&quot;:false,&quot;dimensions&quot;:{&quot;length&quot;:&quot;&quot;,&quot;width&quot;:&quot;&quot;,&quot;height&quot;:&quot;&quot;},&quot;dimensions_html&quot;:&quot;N\\\/A&quot;,&quot;display_price&quot;:1,&quot;display_regular_price&quot;:1,&quot;image&quot;:{&quot;title&quot;:&quot;alphacoustic-am-tondo&quot;,&quot;caption&quot;:&quot;\\u0395\\u03c0\\u03b9\\u03b4\\u03b1\\u03c0\\u03ad\\u03b4\\u03b9\\u03bf \\u0397\\u03c7\\u03bf\\u03b1\\u03c0\\u03bf\\u03c1\\u03c1\\u03bf\\u03c6\\u03b7\\u03c4\\u03b9\\u03ba\\u03cc \\u03b4\\u03b9\\u03b1\\u03c7\\u03c9\\u03c1\\u03b9\\u03c3\\u03c4\\u03b9\\u03ba\\u03cc \\u03b3\\u03c1\\u03b1\\u03c6\\u03b5\\u03af\\u03c9\\u03bd - \\u039a\\u03b1\\u03bc\\u03c0\\u03cd\\u03bb\\u03b5\\u03c2 \\u03b4\\u03b9\\u03b1\\u03c4\\u03bf\\u03bc\\u03ad\\u03c2&quot;,&quot;url&quot;:&quot;https:\\\/\\\/alphacoustic.com\\\/wp-content\\\/uploads\\\/2019\\\/08\\\/alphacoustic-am-tondo.jpg&quot;,&quot;alt&quot;:&quot;kampylo ixoaporrofitiko diaxoristiko grafeion&quot;,&quot;src&quot;:&quot;https:\\\/\\\/alphacoustic.com\\\/wp-content\\\/uploads\\\/2019\\\/08\\\/alphacoustic-am-tondo.jpg&quot;,&quot;srcset&quot;:&quot;https:\\\/\\\/alphacoustic.com\\\/wp-content\\\/uploads\\\/2019\\\/08\\\/alphacoustic-am-tondo.jpg 527w, https:\\\/\\\/alphacoustic.com\\\/wp-content\\\/uploads\\\/2019\\\/08\\\/alphacoustic-am-tondo-300x215.jpg 300w&quot;,&quot;sizes&quot;:&quot;(max-width: 527px) 100vw, 527px&quot;,&quot;full_src&quot;:&quot;https:\\\/\\\/alphacoustic.com\\\/wp-content\\\/uploads\\\/2019\\\/08\\\/alphacoustic-am-tondo.jpg&quot;,&quot;full_src_w&quot;:527,&quot;full_src_h&quot;:377,&quot;gallery_thumbnail_src&quot;:&quot;https:\\\/\\\/alphacoustic.com\\\/wp-content\\\/uploads\\\/2019\\\/08\\\/alphacoustic-am-tondo-150x150.jpg&quot;,&quot;gallery_thumbnail_src_w&quot;:100,&quot;gallery_thumbnail_src_h&quot;:100,&quot;thumb_src&quot;:&quot;https:\\\/\\\/alphacoustic.com\\\/wp-content\\\/uploads\\\/2019\\\/08\\\/alphacoustic-am-tondo-300x300.jpg&quot;,&quot;thumb_src_w&quot;:300,&quot;thumb_src_h&quot;:300,&quot;src_w&quot;:527,&quot;src_h&quot;:377},&quot;image_id&quot;:11736,&quot;is_downloadable&quot;:false,&quot;is_in_stock&quot;:true,&quot;is_purchasable&quot;:true,&quot;is_sold_individually&quot;:&quot;no&quot;,&quot;is_virtual&quot;:false,&quot;max_qty&quot;:&quot;&quot;,&quot;min_qty&quot;:1,&quot;price_html&quot;:&quot;&quot;,&quot;sku&quot;:&quot;&quot;,&quot;variation_description&quot;:&quot;&quot;,&quot;variation_id&quot;:28519,&quot;variation_is_active&quot;:true,&quot;variation_is_visible&quot;:true,&quot;weight&quot;:&quot;&quot;,&quot;weight_html&quot;:&quot;N\\\/A&quot;}]\" data-gtm-form-interact-id=\"0\">Section Rectangulaire<\/p>\n<p>ALPHAcoustic\u00a0\u2013\u00a0\u0391\u039c.Ortho\u00a0sont des cloisons de bureau autoportantes absorbantes acoustiques au sol \u00e0 section rectangulaire (style dorique).<\/p>\n<p>Elles peuvent \u00eatre utilis\u00e9es comme cloisons entre des espaces de travail similaires et pour s\u00e9parer la transmission directe du son des instruments de musique.<\/p>\n<p>Elles sont faciles \u00e0 installer et peuvent \u00eatre retir\u00e9es ou d\u00e9plac\u00e9es pour r\u00e9organiser l&rsquo;espace, gr\u00e2ce aux deux pieds de support int\u00e9gr\u00e9s dont elles disposent.<\/p>\n<p>Cat\u00e9gorie\u00a0:\u00a0Panneaux acoustiques<\/p>\n<p>Section Courb\u00e9e<\/p>\n<p>ALPHAcoustic \u2013 AM.Tondo\u00a0sont des panneaux acoustiques autoportants absorbants acoustiques au sol avec des bords incurv\u00e9s sur le c\u00f4t\u00e9 libre sup\u00e9rieur.<\/p>\n<p>Des recherches scientifiques ont prouv\u00e9 que les objets courbes activent les parties du cerveau humain associ\u00e9es aux \u00e9motions positives.<\/p>\n<p>Caract\u00e9ristiques principales\u00a0:<br \/>\n\u2013 Design incurv\u00e9 sophistiqu\u00e9.<br \/>\n\u2013 Courbes harmonieuses qui respirent le confort, la s\u00e9curit\u00e9, l&rsquo;intimit\u00e9 et la d\u00e9tente.<br \/>\n\u2013 Ils offrent une am\u00e9lioration acoustique et esth\u00e9tique de l&rsquo;espace.<\/p>\n<p>Cat\u00e9gorie\u00a0:\u00a0Panneaux acoustiques<\/p>\n<\/form>\n","protected":false},"featured_media":23832,"template":"","meta":[],"product_brand":[],"product_cat":[739,778,738],"product_tag":[],"class_list":{"0":"post-23885","1":"product","2":"type-product","3":"status-publish","4":"has-post-thumbnail","6":"product_cat-architectural-acoustic-fr","7":"product_cat-acoustics-noise-fr","8":"product_cat-acoustic-panels-fr","10":"first","11":"instock","12":"shipping-taxable","13":"product-type-simple"},"yoast_head":"<!-- This site is optimized with the Yoast SEO plugin v27.1.1 - https:\/\/yoast.com\/product\/yoast-seo-wordpress\/ -->\n<title>Cloisons Autoportantes ALPHAcoustic \u2013 AM - GeoClimate.ge<\/title>\n<meta name=\"robots\" content=\"index, follow, max-snippet:-1, max-image-preview:large, max-video-preview:-1\" \/>\n<link rel=\"canonical\" href=\"https:\/\/geoclimate.ge\/fr\/produit\/self-standing-partitions-alphacoustic-am\/\" \/>\n<meta property=\"og:locale\" content=\"fr_FR\" \/>\n<meta property=\"og:type\" content=\"article\" \/>\n<meta property=\"og:title\" content=\"Cloisons Autoportantes ALPHAcoustic \u2013 AM - GeoClimate.ge\" \/>\n<meta property=\"og:description\" content=\"Section Rectangulaire  ALPHAcoustic\u00a0\u2013\u00a0\u0391\u039c.Ortho\u00a0sont des cloisons de bureau autoportantes absorbantes acoustiques au sol \u00e0 section rectangulaire (style dorique).  Elles peuvent \u00eatre utilis\u00e9es comme cloisons entre des espaces de travail similaires et pour s\u00e9parer la transmission directe du son des instruments de musique.  Elles sont faciles \u00e0 installer et peuvent \u00eatre retir\u00e9es ou d\u00e9plac\u00e9es pour r\u00e9organiser l&#039;espace, gr\u00e2ce aux deux pieds de support int\u00e9gr\u00e9s dont elles disposent.  Cat\u00e9gorie\u00a0:\u00a0Panneaux acoustiques  Section Courb\u00e9e  ALPHAcoustic \u2013 AM.Tondo\u00a0sont des panneaux acoustiques autoportants absorbants acoustiques au sol avec des bords incurv\u00e9s sur le c\u00f4t\u00e9 libre sup\u00e9rieur.  Des recherches scientifiques ont prouv\u00e9 que les objets courbes activent les parties du cerveau humain associ\u00e9es aux \u00e9motions positives.  Caract\u00e9ristiques principales\u00a0: \u2013 Design incurv\u00e9 sophistiqu\u00e9. \u2013 Courbes harmonieuses qui respirent le confort, la s\u00e9curit\u00e9, l&#039;intimit\u00e9 et la d\u00e9tente. \u2013 Ils offrent une am\u00e9lioration acoustique et esth\u00e9tique de l&#039;espace.  Cat\u00e9gorie\u00a0:\u00a0Panneaux acoustiques\" \/>\n<meta property=\"og:url\" content=\"https:\/\/geoclimate.ge\/fr\/produit\/self-standing-partitions-alphacoustic-am\/\" \/>\n<meta property=\"og:site_name\" content=\"GeoClimate.ge\" \/>\n<meta property=\"article:modified_time\" content=\"2025-02-23T18:20:10+00:00\" \/>\n<meta property=\"og:image\" content=\"https:\/\/geoclimate.ge\/wp-content\/uploads\/2025\/02\/alphacoustic-am-tondo.jpg\" \/>\n\t<meta property=\"og:image:width\" content=\"527\" \/>\n\t<meta property=\"og:image:height\" content=\"377\" \/>\n\t<meta property=\"og:image:type\" content=\"image\/jpeg\" \/>\n<meta name=\"twitter:card\" content=\"summary_large_image\" \/>\n<script type=\"application\/ld+json\" class=\"yoast-schema-graph\">{\"@context\":\"https:\/\/schema.org\",\"@graph\":[{\"@type\":\"WebPage\",\"@id\":\"https:\/\/geoclimate.ge\/fr\/produit\/self-standing-partitions-alphacoustic-am\/\",\"url\":\"https:\/\/geoclimate.ge\/fr\/produit\/self-standing-partitions-alphacoustic-am\/\",\"name\":\"Cloisons Autoportantes ALPHAcoustic \u2013 AM - GeoClimate.ge\",\"isPartOf\":{\"@id\":\"https:\/\/geoclimate.ge\/#website\"},\"primaryImageOfPage\":{\"@id\":\"https:\/\/geoclimate.ge\/fr\/produit\/self-standing-partitions-alphacoustic-am\/#primaryimage\"},\"image\":{\"@id\":\"https:\/\/geoclimate.ge\/fr\/produit\/self-standing-partitions-alphacoustic-am\/#primaryimage\"},\"thumbnailUrl\":\"https:\/\/geoclimate.ge\/wp-content\/uploads\/2025\/02\/alphacoustic-am-tondo.jpg\",\"datePublished\":\"2025-02-23T18:14:59+00:00\",\"dateModified\":\"2025-02-23T18:20:10+00:00\",\"breadcrumb\":{\"@id\":\"https:\/\/geoclimate.ge\/fr\/produit\/self-standing-partitions-alphacoustic-am\/#breadcrumb\"},\"inLanguage\":\"fr-FR\",\"potentialAction\":[{\"@type\":\"ReadAction\",\"target\":[\"https:\/\/geoclimate.ge\/fr\/produit\/self-standing-partitions-alphacoustic-am\/\"]}]},{\"@type\":\"ImageObject\",\"inLanguage\":\"fr-FR\",\"@id\":\"https:\/\/geoclimate.ge\/fr\/produit\/self-standing-partitions-alphacoustic-am\/#primaryimage\",\"url\":\"https:\/\/geoclimate.ge\/wp-content\/uploads\/2025\/02\/alphacoustic-am-tondo.jpg\",\"contentUrl\":\"https:\/\/geoclimate.ge\/wp-content\/uploads\/2025\/02\/alphacoustic-am-tondo.jpg\",\"width\":527,\"height\":377},{\"@type\":\"BreadcrumbList\",\"@id\":\"https:\/\/geoclimate.ge\/fr\/produit\/self-standing-partitions-alphacoustic-am\/#breadcrumb\",\"itemListElement\":[{\"@type\":\"ListItem\",\"position\":1,\"name\":\"Home\",\"item\":\"https:\/\/geoclimate.ge\/fr\/\"},{\"@type\":\"ListItem\",\"position\":2,\"name\":\"Products\",\"item\":\"https:\/\/geoclimate.ge\/fr\/products\/\"},{\"@type\":\"ListItem\",\"position\":3,\"name\":\"Cloisons Autoportantes ALPHAcoustic \u2013 AM\"}]},{\"@type\":\"WebSite\",\"@id\":\"https:\/\/geoclimate.ge\/#website\",\"url\":\"https:\/\/geoclimate.ge\/\",\"name\":\"GeoClimate\",\"description\":\"\",\"publisher\":{\"@id\":\"https:\/\/geoclimate.ge\/#organization\"},\"potentialAction\":[{\"@type\":\"SearchAction\",\"target\":{\"@type\":\"EntryPoint\",\"urlTemplate\":\"https:\/\/geoclimate.ge\/?s={search_term_string}\"},\"query-input\":{\"@type\":\"PropertyValueSpecification\",\"valueRequired\":true,\"valueName\":\"search_term_string\"}}],\"inLanguage\":\"fr-FR\"},{\"@type\":\"Organization\",\"@id\":\"https:\/\/geoclimate.ge\/#organization\",\"name\":\"GeoClimate\",\"url\":\"https:\/\/geoclimate.ge\/\",\"logo\":{\"@type\":\"ImageObject\",\"inLanguage\":\"fr-FR\",\"@id\":\"https:\/\/geoclimate.ge\/#\/schema\/logo\/image\/\",\"url\":\"https:\/\/geoclimate.ge\/wp-content\/uploads\/2026\/03\/geoclimate-SEO.png\",\"contentUrl\":\"https:\/\/geoclimate.ge\/wp-content\/uploads\/2026\/03\/geoclimate-SEO.png\",\"width\":1536,\"height\":1024,\"caption\":\"GeoClimate\"},\"image\":{\"@id\":\"https:\/\/geoclimate.ge\/#\/schema\/logo\/image\/\"}}]}<\/script>\n<!-- \/ Yoast SEO plugin. -->","yoast_head_json":{"title":"Cloisons Autoportantes ALPHAcoustic \u2013 AM - GeoClimate.ge","robots":{"index":"index","follow":"follow","max-snippet":"max-snippet:-1","max-image-preview":"max-image-preview:large","max-video-preview":"max-video-preview:-1"},"canonical":"https:\/\/geoclimate.ge\/fr\/produit\/self-standing-partitions-alphacoustic-am\/","og_locale":"fr_FR","og_type":"article","og_title":"Cloisons Autoportantes ALPHAcoustic \u2013 AM - GeoClimate.ge","og_description":"Section Rectangulaire  ALPHAcoustic\u00a0\u2013\u00a0\u0391\u039c.Ortho\u00a0sont des cloisons de bureau autoportantes absorbantes acoustiques au sol \u00e0 section rectangulaire (style dorique).  Elles peuvent \u00eatre utilis\u00e9es comme cloisons entre des espaces de travail similaires et pour s\u00e9parer la transmission directe du son des instruments de musique.  Elles sont faciles \u00e0 installer et peuvent \u00eatre retir\u00e9es ou d\u00e9plac\u00e9es pour r\u00e9organiser l'espace, gr\u00e2ce aux deux pieds de support int\u00e9gr\u00e9s dont elles disposent.  Cat\u00e9gorie\u00a0:\u00a0Panneaux acoustiques  Section Courb\u00e9e  ALPHAcoustic \u2013 AM.Tondo\u00a0sont des panneaux acoustiques autoportants absorbants acoustiques au sol avec des bords incurv\u00e9s sur le c\u00f4t\u00e9 libre sup\u00e9rieur.  Des recherches scientifiques ont prouv\u00e9 que les objets courbes activent les parties du cerveau humain associ\u00e9es aux \u00e9motions positives.  Caract\u00e9ristiques principales\u00a0: \u2013 Design incurv\u00e9 sophistiqu\u00e9. \u2013 Courbes harmonieuses qui respirent le confort, la s\u00e9curit\u00e9, l'intimit\u00e9 et la d\u00e9tente. \u2013 Ils offrent une am\u00e9lioration acoustique et esth\u00e9tique de l'espace.  Cat\u00e9gorie\u00a0:\u00a0Panneaux acoustiques","og_url":"https:\/\/geoclimate.ge\/fr\/produit\/self-standing-partitions-alphacoustic-am\/","og_site_name":"GeoClimate.ge","article_modified_time":"2025-02-23T18:20:10+00:00","og_image":[{"width":527,"height":377,"url":"https:\/\/geoclimate.ge\/wp-content\/uploads\/2025\/02\/alphacoustic-am-tondo.jpg","type":"image\/jpeg"}],"twitter_card":"summary_large_image","schema":{"@context":"https:\/\/schema.org","@graph":[{"@type":"WebPage","@id":"https:\/\/geoclimate.ge\/fr\/produit\/self-standing-partitions-alphacoustic-am\/","url":"https:\/\/geoclimate.ge\/fr\/produit\/self-standing-partitions-alphacoustic-am\/","name":"Cloisons Autoportantes ALPHAcoustic \u2013 AM - GeoClimate.ge","isPartOf":{"@id":"https:\/\/geoclimate.ge\/#website"},"primaryImageOfPage":{"@id":"https:\/\/geoclimate.ge\/fr\/produit\/self-standing-partitions-alphacoustic-am\/#primaryimage"},"image":{"@id":"https:\/\/geoclimate.ge\/fr\/produit\/self-standing-partitions-alphacoustic-am\/#primaryimage"},"thumbnailUrl":"https:\/\/geoclimate.ge\/wp-content\/uploads\/2025\/02\/alphacoustic-am-tondo.jpg","datePublished":"2025-02-23T18:14:59+00:00","dateModified":"2025-02-23T18:20:10+00:00","breadcrumb":{"@id":"https:\/\/geoclimate.ge\/fr\/produit\/self-standing-partitions-alphacoustic-am\/#breadcrumb"},"inLanguage":"fr-FR","potentialAction":[{"@type":"ReadAction","target":["https:\/\/geoclimate.ge\/fr\/produit\/self-standing-partitions-alphacoustic-am\/"]}]},{"@type":"ImageObject","inLanguage":"fr-FR","@id":"https:\/\/geoclimate.ge\/fr\/produit\/self-standing-partitions-alphacoustic-am\/#primaryimage","url":"https:\/\/geoclimate.ge\/wp-content\/uploads\/2025\/02\/alphacoustic-am-tondo.jpg","contentUrl":"https:\/\/geoclimate.ge\/wp-content\/uploads\/2025\/02\/alphacoustic-am-tondo.jpg","width":527,"height":377},{"@type":"BreadcrumbList","@id":"https:\/\/geoclimate.ge\/fr\/produit\/self-standing-partitions-alphacoustic-am\/#breadcrumb","itemListElement":[{"@type":"ListItem","position":1,"name":"Home","item":"https:\/\/geoclimate.ge\/fr\/"},{"@type":"ListItem","position":2,"name":"Products","item":"https:\/\/geoclimate.ge\/fr\/products\/"},{"@type":"ListItem","position":3,"name":"Cloisons Autoportantes ALPHAcoustic \u2013 AM"}]},{"@type":"WebSite","@id":"https:\/\/geoclimate.ge\/#website","url":"https:\/\/geoclimate.ge\/","name":"GeoClimate","description":"","publisher":{"@id":"https:\/\/geoclimate.ge\/#organization"},"potentialAction":[{"@type":"SearchAction","target":{"@type":"EntryPoint","urlTemplate":"https:\/\/geoclimate.ge\/?s={search_term_string}"},"query-input":{"@type":"PropertyValueSpecification","valueRequired":true,"valueName":"search_term_string"}}],"inLanguage":"fr-FR"},{"@type":"Organization","@id":"https:\/\/geoclimate.ge\/#organization","name":"GeoClimate","url":"https:\/\/geoclimate.ge\/","logo":{"@type":"ImageObject","inLanguage":"fr-FR","@id":"https:\/\/geoclimate.ge\/#\/schema\/logo\/image\/","url":"https:\/\/geoclimate.ge\/wp-content\/uploads\/2026\/03\/geoclimate-SEO.png","contentUrl":"https:\/\/geoclimate.ge\/wp-content\/uploads\/2026\/03\/geoclimate-SEO.png","width":1536,"height":1024,"caption":"GeoClimate"},"image":{"@id":"https:\/\/geoclimate.ge\/#\/schema\/logo\/image\/"}}]}},"_links":{"self":[{"href":"https:\/\/geoclimate.ge\/fr\/wp-json\/wp\/v2\/product\/23885","targetHints":{"allow":["GET"]}}],"collection":[{"href":"https:\/\/geoclimate.ge\/fr\/wp-json\/wp\/v2\/product"}],"about":[{"href":"https:\/\/geoclimate.ge\/fr\/wp-json\/wp\/v2\/types\/product"}],"wp:featuredmedia":[{"embeddable":true,"href":"https:\/\/geoclimate.ge\/fr\/wp-json\/wp\/v2\/media\/23832"}],"wp:attachment":[{"href":"https:\/\/geoclimate.ge\/fr\/wp-json\/wp\/v2\/media?parent=23885"}],"wp:term":[{"taxonomy":"product_brand","embeddable":true,"href":"https:\/\/geoclimate.ge\/fr\/wp-json\/wp\/v2\/product_brand?post=23885"},{"taxonomy":"product_cat","embeddable":true,"href":"https:\/\/geoclimate.ge\/fr\/wp-json\/wp\/v2\/product_cat?post=23885"},{"taxonomy":"product_tag","embeddable":true,"href":"https:\/\/geoclimate.ge\/fr\/wp-json\/wp\/v2\/product_tag?post=23885"}],"curies":[{"name":"wp","href":"https:\/\/api.w.org\/{rel}","templated":true}]}}