{"id":24024,"date":"2025-02-23T23:01:48","date_gmt":"2025-02-23T19:01:48","guid":{"rendered":"https:\/\/airsystems.ge\/shop\/product\/circular-acoustic-panels-alphacoustic-kiklos\/"},"modified":"2025-02-23T23:04:04","modified_gmt":"2025-02-23T19:04:04","slug":"circular-acoustic-panels-alphacoustic-kiklos","status":"publish","type":"product","link":"https:\/\/geoclimate.ge\/fr\/produit\/circular-acoustic-panels-alphacoustic-kiklos\/","title":{"rendered":"Panneaux acoustiques circulaires ALPHAcoustic \u2013 KIKLOS"},"content":{"rendered":"","protected":false},"excerpt":{"rendered":"<p>Section rectangulaire<\/p>\n<p>ALPHAcoustic \u2013 Kiklos.Ortho sont des panneaux acoustiques circulaires sp\u00e9cialement con\u00e7us avec des sections transversales rectangulaires claires (style dorique), sp\u00e9cialement con\u00e7us pour obtenir une absorption acoustique \u00e9lev\u00e9e sur tout le spectre sonore.<\/p>\n<p>Ces cadres acoustiques ronds peuvent am\u00e9liorer votre espace de travail personnel, non seulement visuellement, mais aussi acoustiquement, en r\u00e9duisant les r\u00e9flexions sonores g\u00eanantes.<\/p>\n<p>Ils peuvent \u00eatre facilement adapt\u00e9s \u00e0 la conception et \u00e0 l&rsquo;acoustique architecturale de l&rsquo;espace.<\/p>\n<p>Cat\u00e9gorie : Panneaux acoustiques<\/p>\n<p>Section courb\u00e9e<\/p>\n<p>ALPHAcoustic \u2013 Kiklos.Tondo sont des panneaux acoustiques circulaires avec des sections transversales courb\u00e9es.<\/p>\n<p>Il a \u00e9t\u00e9 prouv\u00e9 par des recherches scientifiques que les objets courb\u00e9s activent les parties du cerveau humain associ\u00e9es aux \u00e9motions positives.<\/p>\n<p>Ils sont sp\u00e9cialement con\u00e7us pour obtenir une absorption acoustique \u00e9lev\u00e9e sur tout le spectre sonore. Ils peuvent am\u00e9liorer votre espace personnel et votre lieu de travail, non seulement visuellement, mais aussi acoustiquement, en r\u00e9duisant les r\u00e9flexions sonores g\u00eanantes.<\/p>\n<p>Caract\u00e9ristiques principales :<\/p>\n<p>-Design \u00e9pur\u00e9 et courb\u00e9.<br \/>\n-Courbes harmonieuses qui respirent le confort, la s\u00e9curit\u00e9, l&rsquo;intimit\u00e9 et la d\u00e9tente.<br \/>\n-Ils offrent une am\u00e9lioration acoustique et esth\u00e9tique de l&rsquo;espace.<\/p>\n<p>Cat\u00e9gorie : Panneaux acoustiques<\/p>\n","protected":false},"featured_media":24030,"template":"","meta":[],"product_brand":[],"product_cat":[739,778,738],"product_tag":[],"class_list":{"0":"post-24024","1":"product","2":"type-product","3":"status-publish","4":"has-post-thumbnail","6":"product_cat-architectural-acoustic-fr","7":"product_cat-acoustics-noise-fr","8":"product_cat-acoustic-panels-fr","10":"first","11":"instock","12":"shipping-taxable","13":"product-type-simple"},"yoast_head":"<!-- This site is optimized with the Yoast SEO plugin v27.1.1 - https:\/\/yoast.com\/product\/yoast-seo-wordpress\/ -->\n<title>Panneaux acoustiques circulaires ALPHAcoustic \u2013 KIKLOS - GeoClimate.ge<\/title>\n<meta name=\"robots\" content=\"index, follow, max-snippet:-1, max-image-preview:large, max-video-preview:-1\" \/>\n<link rel=\"canonical\" href=\"https:\/\/geoclimate.ge\/fr\/produit\/circular-acoustic-panels-alphacoustic-kiklos\/\" \/>\n<meta property=\"og:locale\" content=\"fr_FR\" \/>\n<meta property=\"og:type\" content=\"article\" \/>\n<meta property=\"og:title\" content=\"Panneaux acoustiques circulaires ALPHAcoustic \u2013 KIKLOS - GeoClimate.ge\" \/>\n<meta property=\"og:description\" content=\"Section rectangulaire  ALPHAcoustic \u2013 Kiklos.Ortho sont des panneaux acoustiques circulaires sp\u00e9cialement con\u00e7us avec des sections transversales rectangulaires claires (style dorique), sp\u00e9cialement con\u00e7us pour obtenir une absorption acoustique \u00e9lev\u00e9e sur tout le spectre sonore.  Ces cadres acoustiques ronds peuvent am\u00e9liorer votre espace de travail personnel, non seulement visuellement, mais aussi acoustiquement, en r\u00e9duisant les r\u00e9flexions sonores g\u00eanantes.  Ils peuvent \u00eatre facilement adapt\u00e9s \u00e0 la conception et \u00e0 l&#039;acoustique architecturale de l&#039;espace.  Cat\u00e9gorie : Panneaux acoustiques  Section courb\u00e9e  ALPHAcoustic \u2013 Kiklos.Tondo sont des panneaux acoustiques circulaires avec des sections transversales courb\u00e9es.  Il a \u00e9t\u00e9 prouv\u00e9 par des recherches scientifiques que les objets courb\u00e9s activent les parties du cerveau humain associ\u00e9es aux \u00e9motions positives.  Ils sont sp\u00e9cialement con\u00e7us pour obtenir une absorption acoustique \u00e9lev\u00e9e sur tout le spectre sonore. Ils peuvent am\u00e9liorer votre espace personnel et votre lieu de travail, non seulement visuellement, mais aussi acoustiquement, en r\u00e9duisant les r\u00e9flexions sonores g\u00eanantes.  Caract\u00e9ristiques principales :  -Design \u00e9pur\u00e9 et courb\u00e9. -Courbes harmonieuses qui respirent le confort, la s\u00e9curit\u00e9, l&#039;intimit\u00e9 et la d\u00e9tente. -Ils offrent une am\u00e9lioration acoustique et esth\u00e9tique de l&#039;espace.  Cat\u00e9gorie : Panneaux acoustiques\" \/>\n<meta property=\"og:url\" content=\"https:\/\/geoclimate.ge\/fr\/produit\/circular-acoustic-panels-alphacoustic-kiklos\/\" \/>\n<meta property=\"og:site_name\" content=\"GeoClimate.ge\" \/>\n<meta property=\"article:modified_time\" content=\"2025-02-23T19:04:04+00:00\" \/>\n<meta property=\"og:image\" content=\"https:\/\/geoclimate.ge\/wp-content\/uploads\/2025\/02\/alphacoustic-kiklos-ortho-en-scaled-e1593184209747.jpg\" \/>\n\t<meta property=\"og:image:width\" content=\"1333\" \/>\n\t<meta property=\"og:image:height\" content=\"1000\" \/>\n\t<meta property=\"og:image:type\" content=\"image\/jpeg\" \/>\n<meta name=\"twitter:card\" content=\"summary_large_image\" \/>\n<script type=\"application\/ld+json\" class=\"yoast-schema-graph\">{\"@context\":\"https:\/\/schema.org\",\"@graph\":[{\"@type\":\"WebPage\",\"@id\":\"https:\/\/geoclimate.ge\/fr\/produit\/circular-acoustic-panels-alphacoustic-kiklos\/\",\"url\":\"https:\/\/geoclimate.ge\/fr\/produit\/circular-acoustic-panels-alphacoustic-kiklos\/\",\"name\":\"Panneaux acoustiques circulaires ALPHAcoustic \u2013 KIKLOS - GeoClimate.ge\",\"isPartOf\":{\"@id\":\"https:\/\/geoclimate.ge\/#website\"},\"primaryImageOfPage\":{\"@id\":\"https:\/\/geoclimate.ge\/fr\/produit\/circular-acoustic-panels-alphacoustic-kiklos\/#primaryimage\"},\"image\":{\"@id\":\"https:\/\/geoclimate.ge\/fr\/produit\/circular-acoustic-panels-alphacoustic-kiklos\/#primaryimage\"},\"thumbnailUrl\":\"https:\/\/geoclimate.ge\/wp-content\/uploads\/2025\/02\/alphacoustic-kiklos-ortho-en-scaled-e1593184209747.jpg\",\"datePublished\":\"2025-02-23T19:01:48+00:00\",\"dateModified\":\"2025-02-23T19:04:04+00:00\",\"breadcrumb\":{\"@id\":\"https:\/\/geoclimate.ge\/fr\/produit\/circular-acoustic-panels-alphacoustic-kiklos\/#breadcrumb\"},\"inLanguage\":\"fr-FR\",\"potentialAction\":[{\"@type\":\"ReadAction\",\"target\":[\"https:\/\/geoclimate.ge\/fr\/produit\/circular-acoustic-panels-alphacoustic-kiklos\/\"]}]},{\"@type\":\"ImageObject\",\"inLanguage\":\"fr-FR\",\"@id\":\"https:\/\/geoclimate.ge\/fr\/produit\/circular-acoustic-panels-alphacoustic-kiklos\/#primaryimage\",\"url\":\"https:\/\/geoclimate.ge\/wp-content\/uploads\/2025\/02\/alphacoustic-kiklos-ortho-en-scaled-e1593184209747.jpg\",\"contentUrl\":\"https:\/\/geoclimate.ge\/wp-content\/uploads\/2025\/02\/alphacoustic-kiklos-ortho-en-scaled-e1593184209747.jpg\",\"width\":1333,\"height\":1000},{\"@type\":\"BreadcrumbList\",\"@id\":\"https:\/\/geoclimate.ge\/fr\/produit\/circular-acoustic-panels-alphacoustic-kiklos\/#breadcrumb\",\"itemListElement\":[{\"@type\":\"ListItem\",\"position\":1,\"name\":\"Home\",\"item\":\"https:\/\/geoclimate.ge\/fr\/\"},{\"@type\":\"ListItem\",\"position\":2,\"name\":\"Products\",\"item\":\"https:\/\/geoclimate.ge\/fr\/products\/\"},{\"@type\":\"ListItem\",\"position\":3,\"name\":\"Panneaux acoustiques circulaires ALPHAcoustic \u2013 KIKLOS\"}]},{\"@type\":\"WebSite\",\"@id\":\"https:\/\/geoclimate.ge\/#website\",\"url\":\"https:\/\/geoclimate.ge\/\",\"name\":\"GeoClimate\",\"description\":\"\",\"publisher\":{\"@id\":\"https:\/\/geoclimate.ge\/#organization\"},\"potentialAction\":[{\"@type\":\"SearchAction\",\"target\":{\"@type\":\"EntryPoint\",\"urlTemplate\":\"https:\/\/geoclimate.ge\/?s={search_term_string}\"},\"query-input\":{\"@type\":\"PropertyValueSpecification\",\"valueRequired\":true,\"valueName\":\"search_term_string\"}}],\"inLanguage\":\"fr-FR\"},{\"@type\":\"Organization\",\"@id\":\"https:\/\/geoclimate.ge\/#organization\",\"name\":\"GeoClimate\",\"url\":\"https:\/\/geoclimate.ge\/\",\"logo\":{\"@type\":\"ImageObject\",\"inLanguage\":\"fr-FR\",\"@id\":\"https:\/\/geoclimate.ge\/#\/schema\/logo\/image\/\",\"url\":\"https:\/\/geoclimate.ge\/wp-content\/uploads\/2026\/03\/geoclimate-SEO.png\",\"contentUrl\":\"https:\/\/geoclimate.ge\/wp-content\/uploads\/2026\/03\/geoclimate-SEO.png\",\"width\":1536,\"height\":1024,\"caption\":\"GeoClimate\"},\"image\":{\"@id\":\"https:\/\/geoclimate.ge\/#\/schema\/logo\/image\/\"}}]}<\/script>\n<!-- \/ Yoast SEO plugin. -->","yoast_head_json":{"title":"Panneaux acoustiques circulaires ALPHAcoustic \u2013 KIKLOS - GeoClimate.ge","robots":{"index":"index","follow":"follow","max-snippet":"max-snippet:-1","max-image-preview":"max-image-preview:large","max-video-preview":"max-video-preview:-1"},"canonical":"https:\/\/geoclimate.ge\/fr\/produit\/circular-acoustic-panels-alphacoustic-kiklos\/","og_locale":"fr_FR","og_type":"article","og_title":"Panneaux acoustiques circulaires ALPHAcoustic \u2013 KIKLOS - GeoClimate.ge","og_description":"Section rectangulaire  ALPHAcoustic \u2013 Kiklos.Ortho sont des panneaux acoustiques circulaires sp\u00e9cialement con\u00e7us avec des sections transversales rectangulaires claires (style dorique), sp\u00e9cialement con\u00e7us pour obtenir une absorption acoustique \u00e9lev\u00e9e sur tout le spectre sonore.  Ces cadres acoustiques ronds peuvent am\u00e9liorer votre espace de travail personnel, non seulement visuellement, mais aussi acoustiquement, en r\u00e9duisant les r\u00e9flexions sonores g\u00eanantes.  Ils peuvent \u00eatre facilement adapt\u00e9s \u00e0 la conception et \u00e0 l'acoustique architecturale de l'espace.  Cat\u00e9gorie : Panneaux acoustiques  Section courb\u00e9e  ALPHAcoustic \u2013 Kiklos.Tondo sont des panneaux acoustiques circulaires avec des sections transversales courb\u00e9es.  Il a \u00e9t\u00e9 prouv\u00e9 par des recherches scientifiques que les objets courb\u00e9s activent les parties du cerveau humain associ\u00e9es aux \u00e9motions positives.  Ils sont sp\u00e9cialement con\u00e7us pour obtenir une absorption acoustique \u00e9lev\u00e9e sur tout le spectre sonore. Ils peuvent am\u00e9liorer votre espace personnel et votre lieu de travail, non seulement visuellement, mais aussi acoustiquement, en r\u00e9duisant les r\u00e9flexions sonores g\u00eanantes.  Caract\u00e9ristiques principales :  -Design \u00e9pur\u00e9 et courb\u00e9. -Courbes harmonieuses qui respirent le confort, la s\u00e9curit\u00e9, l'intimit\u00e9 et la d\u00e9tente. -Ils offrent une am\u00e9lioration acoustique et esth\u00e9tique de l'espace.  Cat\u00e9gorie : Panneaux acoustiques","og_url":"https:\/\/geoclimate.ge\/fr\/produit\/circular-acoustic-panels-alphacoustic-kiklos\/","og_site_name":"GeoClimate.ge","article_modified_time":"2025-02-23T19:04:04+00:00","og_image":[{"width":1333,"height":1000,"url":"https:\/\/geoclimate.ge\/wp-content\/uploads\/2025\/02\/alphacoustic-kiklos-ortho-en-scaled-e1593184209747.jpg","type":"image\/jpeg"}],"twitter_card":"summary_large_image","schema":{"@context":"https:\/\/schema.org","@graph":[{"@type":"WebPage","@id":"https:\/\/geoclimate.ge\/fr\/produit\/circular-acoustic-panels-alphacoustic-kiklos\/","url":"https:\/\/geoclimate.ge\/fr\/produit\/circular-acoustic-panels-alphacoustic-kiklos\/","name":"Panneaux acoustiques circulaires ALPHAcoustic \u2013 KIKLOS - GeoClimate.ge","isPartOf":{"@id":"https:\/\/geoclimate.ge\/#website"},"primaryImageOfPage":{"@id":"https:\/\/geoclimate.ge\/fr\/produit\/circular-acoustic-panels-alphacoustic-kiklos\/#primaryimage"},"image":{"@id":"https:\/\/geoclimate.ge\/fr\/produit\/circular-acoustic-panels-alphacoustic-kiklos\/#primaryimage"},"thumbnailUrl":"https:\/\/geoclimate.ge\/wp-content\/uploads\/2025\/02\/alphacoustic-kiklos-ortho-en-scaled-e1593184209747.jpg","datePublished":"2025-02-23T19:01:48+00:00","dateModified":"2025-02-23T19:04:04+00:00","breadcrumb":{"@id":"https:\/\/geoclimate.ge\/fr\/produit\/circular-acoustic-panels-alphacoustic-kiklos\/#breadcrumb"},"inLanguage":"fr-FR","potentialAction":[{"@type":"ReadAction","target":["https:\/\/geoclimate.ge\/fr\/produit\/circular-acoustic-panels-alphacoustic-kiklos\/"]}]},{"@type":"ImageObject","inLanguage":"fr-FR","@id":"https:\/\/geoclimate.ge\/fr\/produit\/circular-acoustic-panels-alphacoustic-kiklos\/#primaryimage","url":"https:\/\/geoclimate.ge\/wp-content\/uploads\/2025\/02\/alphacoustic-kiklos-ortho-en-scaled-e1593184209747.jpg","contentUrl":"https:\/\/geoclimate.ge\/wp-content\/uploads\/2025\/02\/alphacoustic-kiklos-ortho-en-scaled-e1593184209747.jpg","width":1333,"height":1000},{"@type":"BreadcrumbList","@id":"https:\/\/geoclimate.ge\/fr\/produit\/circular-acoustic-panels-alphacoustic-kiklos\/#breadcrumb","itemListElement":[{"@type":"ListItem","position":1,"name":"Home","item":"https:\/\/geoclimate.ge\/fr\/"},{"@type":"ListItem","position":2,"name":"Products","item":"https:\/\/geoclimate.ge\/fr\/products\/"},{"@type":"ListItem","position":3,"name":"Panneaux acoustiques circulaires ALPHAcoustic \u2013 KIKLOS"}]},{"@type":"WebSite","@id":"https:\/\/geoclimate.ge\/#website","url":"https:\/\/geoclimate.ge\/","name":"GeoClimate","description":"","publisher":{"@id":"https:\/\/geoclimate.ge\/#organization"},"potentialAction":[{"@type":"SearchAction","target":{"@type":"EntryPoint","urlTemplate":"https:\/\/geoclimate.ge\/?s={search_term_string}"},"query-input":{"@type":"PropertyValueSpecification","valueRequired":true,"valueName":"search_term_string"}}],"inLanguage":"fr-FR"},{"@type":"Organization","@id":"https:\/\/geoclimate.ge\/#organization","name":"GeoClimate","url":"https:\/\/geoclimate.ge\/","logo":{"@type":"ImageObject","inLanguage":"fr-FR","@id":"https:\/\/geoclimate.ge\/#\/schema\/logo\/image\/","url":"https:\/\/geoclimate.ge\/wp-content\/uploads\/2026\/03\/geoclimate-SEO.png","contentUrl":"https:\/\/geoclimate.ge\/wp-content\/uploads\/2026\/03\/geoclimate-SEO.png","width":1536,"height":1024,"caption":"GeoClimate"},"image":{"@id":"https:\/\/geoclimate.ge\/#\/schema\/logo\/image\/"}}]}},"_links":{"self":[{"href":"https:\/\/geoclimate.ge\/fr\/wp-json\/wp\/v2\/product\/24024","targetHints":{"allow":["GET"]}}],"collection":[{"href":"https:\/\/geoclimate.ge\/fr\/wp-json\/wp\/v2\/product"}],"about":[{"href":"https:\/\/geoclimate.ge\/fr\/wp-json\/wp\/v2\/types\/product"}],"wp:featuredmedia":[{"embeddable":true,"href":"https:\/\/geoclimate.ge\/fr\/wp-json\/wp\/v2\/media\/24030"}],"wp:attachment":[{"href":"https:\/\/geoclimate.ge\/fr\/wp-json\/wp\/v2\/media?parent=24024"}],"wp:term":[{"taxonomy":"product_brand","embeddable":true,"href":"https:\/\/geoclimate.ge\/fr\/wp-json\/wp\/v2\/product_brand?post=24024"},{"taxonomy":"product_cat","embeddable":true,"href":"https:\/\/geoclimate.ge\/fr\/wp-json\/wp\/v2\/product_cat?post=24024"},{"taxonomy":"product_tag","embeddable":true,"href":"https:\/\/geoclimate.ge\/fr\/wp-json\/wp\/v2\/product_tag?post=24024"}],"curies":[{"name":"wp","href":"https:\/\/api.w.org\/{rel}","templated":true}]}}