{"id":24164,"date":"2025-02-23T23:18:36","date_gmt":"2025-02-23T19:18:36","guid":{"rendered":"https:\/\/airsystems.ge\/shop\/product\/multi-pattern-acoustic-panels-alphacoustic-multi\/"},"modified":"2025-02-23T23:21:23","modified_gmt":"2025-02-23T19:21:23","slug":"multi-pattern-acoustic-panels-alphacoustic-multi","status":"publish","type":"product","link":"https:\/\/geoclimate.ge\/fr\/produit\/multi-pattern-acoustic-panels-alphacoustic-multi\/","title":{"rendered":"Panneaux acoustiques multi-motifs ALPHAcoustic \u2013 MULTI"},"content":{"rendered":"","protected":false},"excerpt":{"rendered":"<p>Section rectangulaire<br \/>\nALPHAcoustic \u2013 Multi.Ortho sont des panneaux acoustiques multifonctionnels \u00e0 section rectangulaire (style dorique), envelopp\u00e9s dans un tissu acoustique et perm\u00e9able au son.<\/p>\n<p>Dimensions de base : 82 x 66 x 5 cm (diff\u00e9rentes dimensions et \u00e9paisseurs peuvent \u00eatre r\u00e9alis\u00e9es sur demande).<\/p>\n<p>Cat\u00e9gorie : Panneaux acoustiques<\/p>\n<p>Section courbe<br \/>\nLes cadres acoustiques ALPHAcoustic \u2013 Multi.Tondo ont un design courb\u00e9 raffin\u00e9 : ils pr\u00e9sentent des courbes harmonieuses qui respirent le confort, la s\u00e9curit\u00e9, l&rsquo;intimit\u00e9 et la d\u00e9tente.<\/p>\n<p>Caract\u00e9ristiques principales :<\/p>\n<p>-Des courbes harmonieuses qui respirent le confort, la s\u00e9curit\u00e9, l&rsquo;intimit\u00e9 et la d\u00e9tente.<br \/>\n-Ils offrent une mise \u00e0 niveau acoustique et esth\u00e9tique de l&rsquo;espace.<br \/>\n-Possibilit\u00e9 d&rsquo;int\u00e9gration dans tous les espaces de vie.<\/p>\n<p>Dimensions standard : 82 x 65 x 5 cm (diff\u00e9rentes formes, dimensions et \u00e9paisseurs peuvent \u00eatre r\u00e9alis\u00e9es sur demande).<\/p>\n<p>Cat\u00e9gorie : Panneaux acoustiques<\/p>\n","protected":false},"featured_media":24099,"template":"","meta":[],"product_brand":[],"product_cat":[739,778,738],"product_tag":[],"class_list":{"0":"post-24164","1":"product","2":"type-product","3":"status-publish","4":"has-post-thumbnail","6":"product_cat-architectural-acoustic-fr","7":"product_cat-acoustics-noise-fr","8":"product_cat-acoustic-panels-fr","10":"first","11":"instock","12":"shipping-taxable","13":"product-type-simple"},"yoast_head":"<!-- This site is optimized with the Yoast SEO plugin v27.1.1 - https:\/\/yoast.com\/product\/yoast-seo-wordpress\/ -->\n<title>Panneaux acoustiques multi-motifs ALPHAcoustic \u2013 MULTI - GeoClimate.ge<\/title>\n<meta name=\"robots\" content=\"index, follow, max-snippet:-1, max-image-preview:large, max-video-preview:-1\" \/>\n<link rel=\"canonical\" href=\"https:\/\/geoclimate.ge\/fr\/produit\/multi-pattern-acoustic-panels-alphacoustic-multi\/\" \/>\n<meta property=\"og:locale\" content=\"fr_FR\" \/>\n<meta property=\"og:type\" content=\"article\" \/>\n<meta property=\"og:title\" content=\"Panneaux acoustiques multi-motifs ALPHAcoustic \u2013 MULTI - GeoClimate.ge\" \/>\n<meta property=\"og:description\" content=\"Section rectangulaire ALPHAcoustic \u2013 Multi.Ortho sont des panneaux acoustiques multifonctionnels \u00e0 section rectangulaire (style dorique), envelopp\u00e9s dans un tissu acoustique et perm\u00e9able au son.  Dimensions de base : 82 x 66 x 5 cm (diff\u00e9rentes dimensions et \u00e9paisseurs peuvent \u00eatre r\u00e9alis\u00e9es sur demande).  Cat\u00e9gorie : Panneaux acoustiques  Section courbe Les cadres acoustiques ALPHAcoustic \u2013 Multi.Tondo ont un design courb\u00e9 raffin\u00e9 : ils pr\u00e9sentent des courbes harmonieuses qui respirent le confort, la s\u00e9curit\u00e9, l&#039;intimit\u00e9 et la d\u00e9tente.  Caract\u00e9ristiques principales :  -Des courbes harmonieuses qui respirent le confort, la s\u00e9curit\u00e9, l&#039;intimit\u00e9 et la d\u00e9tente. -Ils offrent une mise \u00e0 niveau acoustique et esth\u00e9tique de l&#039;espace. -Possibilit\u00e9 d&#039;int\u00e9gration dans tous les espaces de vie.  Dimensions standard : 82 x 65 x 5 cm (diff\u00e9rentes formes, dimensions et \u00e9paisseurs peuvent \u00eatre r\u00e9alis\u00e9es sur demande).  Cat\u00e9gorie : Panneaux acoustiques\" \/>\n<meta property=\"og:url\" content=\"https:\/\/geoclimate.ge\/fr\/produit\/multi-pattern-acoustic-panels-alphacoustic-multi\/\" \/>\n<meta property=\"og:site_name\" content=\"GeoClimate.ge\" \/>\n<meta property=\"article:modified_time\" content=\"2025-02-23T19:21:23+00:00\" \/>\n<meta property=\"og:image\" content=\"https:\/\/geoclimate.ge\/wp-content\/uploads\/2025\/02\/ALPHAcoustic-Multi-2.jpg\" \/>\n\t<meta property=\"og:image:width\" content=\"400\" \/>\n\t<meta property=\"og:image:height\" content=\"400\" \/>\n\t<meta property=\"og:image:type\" content=\"image\/jpeg\" \/>\n<meta name=\"twitter:card\" content=\"summary_large_image\" \/>\n<script type=\"application\/ld+json\" class=\"yoast-schema-graph\">{\"@context\":\"https:\/\/schema.org\",\"@graph\":[{\"@type\":\"WebPage\",\"@id\":\"https:\/\/geoclimate.ge\/fr\/produit\/multi-pattern-acoustic-panels-alphacoustic-multi\/\",\"url\":\"https:\/\/geoclimate.ge\/fr\/produit\/multi-pattern-acoustic-panels-alphacoustic-multi\/\",\"name\":\"Panneaux acoustiques multi-motifs ALPHAcoustic \u2013 MULTI - GeoClimate.ge\",\"isPartOf\":{\"@id\":\"https:\/\/geoclimate.ge\/#website\"},\"primaryImageOfPage\":{\"@id\":\"https:\/\/geoclimate.ge\/fr\/produit\/multi-pattern-acoustic-panels-alphacoustic-multi\/#primaryimage\"},\"image\":{\"@id\":\"https:\/\/geoclimate.ge\/fr\/produit\/multi-pattern-acoustic-panels-alphacoustic-multi\/#primaryimage\"},\"thumbnailUrl\":\"https:\/\/geoclimate.ge\/wp-content\/uploads\/2025\/02\/ALPHAcoustic-Multi-2.jpg\",\"datePublished\":\"2025-02-23T19:18:36+00:00\",\"dateModified\":\"2025-02-23T19:21:23+00:00\",\"breadcrumb\":{\"@id\":\"https:\/\/geoclimate.ge\/fr\/produit\/multi-pattern-acoustic-panels-alphacoustic-multi\/#breadcrumb\"},\"inLanguage\":\"fr-FR\",\"potentialAction\":[{\"@type\":\"ReadAction\",\"target\":[\"https:\/\/geoclimate.ge\/fr\/produit\/multi-pattern-acoustic-panels-alphacoustic-multi\/\"]}]},{\"@type\":\"ImageObject\",\"inLanguage\":\"fr-FR\",\"@id\":\"https:\/\/geoclimate.ge\/fr\/produit\/multi-pattern-acoustic-panels-alphacoustic-multi\/#primaryimage\",\"url\":\"https:\/\/geoclimate.ge\/wp-content\/uploads\/2025\/02\/ALPHAcoustic-Multi-2.jpg\",\"contentUrl\":\"https:\/\/geoclimate.ge\/wp-content\/uploads\/2025\/02\/ALPHAcoustic-Multi-2.jpg\",\"width\":400,\"height\":400},{\"@type\":\"BreadcrumbList\",\"@id\":\"https:\/\/geoclimate.ge\/fr\/produit\/multi-pattern-acoustic-panels-alphacoustic-multi\/#breadcrumb\",\"itemListElement\":[{\"@type\":\"ListItem\",\"position\":1,\"name\":\"Home\",\"item\":\"https:\/\/geoclimate.ge\/fr\/\"},{\"@type\":\"ListItem\",\"position\":2,\"name\":\"Products\",\"item\":\"https:\/\/geoclimate.ge\/fr\/products\/\"},{\"@type\":\"ListItem\",\"position\":3,\"name\":\"Panneaux acoustiques multi-motifs ALPHAcoustic \u2013 MULTI\"}]},{\"@type\":\"WebSite\",\"@id\":\"https:\/\/geoclimate.ge\/#website\",\"url\":\"https:\/\/geoclimate.ge\/\",\"name\":\"GeoClimate\",\"description\":\"\",\"publisher\":{\"@id\":\"https:\/\/geoclimate.ge\/#organization\"},\"potentialAction\":[{\"@type\":\"SearchAction\",\"target\":{\"@type\":\"EntryPoint\",\"urlTemplate\":\"https:\/\/geoclimate.ge\/?s={search_term_string}\"},\"query-input\":{\"@type\":\"PropertyValueSpecification\",\"valueRequired\":true,\"valueName\":\"search_term_string\"}}],\"inLanguage\":\"fr-FR\"},{\"@type\":\"Organization\",\"@id\":\"https:\/\/geoclimate.ge\/#organization\",\"name\":\"GeoClimate\",\"url\":\"https:\/\/geoclimate.ge\/\",\"logo\":{\"@type\":\"ImageObject\",\"inLanguage\":\"fr-FR\",\"@id\":\"https:\/\/geoclimate.ge\/#\/schema\/logo\/image\/\",\"url\":\"https:\/\/geoclimate.ge\/wp-content\/uploads\/2026\/03\/geoclimate-SEO.png\",\"contentUrl\":\"https:\/\/geoclimate.ge\/wp-content\/uploads\/2026\/03\/geoclimate-SEO.png\",\"width\":1536,\"height\":1024,\"caption\":\"GeoClimate\"},\"image\":{\"@id\":\"https:\/\/geoclimate.ge\/#\/schema\/logo\/image\/\"}}]}<\/script>\n<!-- \/ Yoast SEO plugin. -->","yoast_head_json":{"title":"Panneaux acoustiques multi-motifs ALPHAcoustic \u2013 MULTI - GeoClimate.ge","robots":{"index":"index","follow":"follow","max-snippet":"max-snippet:-1","max-image-preview":"max-image-preview:large","max-video-preview":"max-video-preview:-1"},"canonical":"https:\/\/geoclimate.ge\/fr\/produit\/multi-pattern-acoustic-panels-alphacoustic-multi\/","og_locale":"fr_FR","og_type":"article","og_title":"Panneaux acoustiques multi-motifs ALPHAcoustic \u2013 MULTI - GeoClimate.ge","og_description":"Section rectangulaire ALPHAcoustic \u2013 Multi.Ortho sont des panneaux acoustiques multifonctionnels \u00e0 section rectangulaire (style dorique), envelopp\u00e9s dans un tissu acoustique et perm\u00e9able au son.  Dimensions de base : 82 x 66 x 5 cm (diff\u00e9rentes dimensions et \u00e9paisseurs peuvent \u00eatre r\u00e9alis\u00e9es sur demande).  Cat\u00e9gorie : Panneaux acoustiques  Section courbe Les cadres acoustiques ALPHAcoustic \u2013 Multi.Tondo ont un design courb\u00e9 raffin\u00e9 : ils pr\u00e9sentent des courbes harmonieuses qui respirent le confort, la s\u00e9curit\u00e9, l'intimit\u00e9 et la d\u00e9tente.  Caract\u00e9ristiques principales :  -Des courbes harmonieuses qui respirent le confort, la s\u00e9curit\u00e9, l'intimit\u00e9 et la d\u00e9tente. -Ils offrent une mise \u00e0 niveau acoustique et esth\u00e9tique de l'espace. -Possibilit\u00e9 d'int\u00e9gration dans tous les espaces de vie.  Dimensions standard : 82 x 65 x 5 cm (diff\u00e9rentes formes, dimensions et \u00e9paisseurs peuvent \u00eatre r\u00e9alis\u00e9es sur demande).  Cat\u00e9gorie : Panneaux acoustiques","og_url":"https:\/\/geoclimate.ge\/fr\/produit\/multi-pattern-acoustic-panels-alphacoustic-multi\/","og_site_name":"GeoClimate.ge","article_modified_time":"2025-02-23T19:21:23+00:00","og_image":[{"width":400,"height":400,"url":"https:\/\/geoclimate.ge\/wp-content\/uploads\/2025\/02\/ALPHAcoustic-Multi-2.jpg","type":"image\/jpeg"}],"twitter_card":"summary_large_image","schema":{"@context":"https:\/\/schema.org","@graph":[{"@type":"WebPage","@id":"https:\/\/geoclimate.ge\/fr\/produit\/multi-pattern-acoustic-panels-alphacoustic-multi\/","url":"https:\/\/geoclimate.ge\/fr\/produit\/multi-pattern-acoustic-panels-alphacoustic-multi\/","name":"Panneaux acoustiques multi-motifs ALPHAcoustic \u2013 MULTI - GeoClimate.ge","isPartOf":{"@id":"https:\/\/geoclimate.ge\/#website"},"primaryImageOfPage":{"@id":"https:\/\/geoclimate.ge\/fr\/produit\/multi-pattern-acoustic-panels-alphacoustic-multi\/#primaryimage"},"image":{"@id":"https:\/\/geoclimate.ge\/fr\/produit\/multi-pattern-acoustic-panels-alphacoustic-multi\/#primaryimage"},"thumbnailUrl":"https:\/\/geoclimate.ge\/wp-content\/uploads\/2025\/02\/ALPHAcoustic-Multi-2.jpg","datePublished":"2025-02-23T19:18:36+00:00","dateModified":"2025-02-23T19:21:23+00:00","breadcrumb":{"@id":"https:\/\/geoclimate.ge\/fr\/produit\/multi-pattern-acoustic-panels-alphacoustic-multi\/#breadcrumb"},"inLanguage":"fr-FR","potentialAction":[{"@type":"ReadAction","target":["https:\/\/geoclimate.ge\/fr\/produit\/multi-pattern-acoustic-panels-alphacoustic-multi\/"]}]},{"@type":"ImageObject","inLanguage":"fr-FR","@id":"https:\/\/geoclimate.ge\/fr\/produit\/multi-pattern-acoustic-panels-alphacoustic-multi\/#primaryimage","url":"https:\/\/geoclimate.ge\/wp-content\/uploads\/2025\/02\/ALPHAcoustic-Multi-2.jpg","contentUrl":"https:\/\/geoclimate.ge\/wp-content\/uploads\/2025\/02\/ALPHAcoustic-Multi-2.jpg","width":400,"height":400},{"@type":"BreadcrumbList","@id":"https:\/\/geoclimate.ge\/fr\/produit\/multi-pattern-acoustic-panels-alphacoustic-multi\/#breadcrumb","itemListElement":[{"@type":"ListItem","position":1,"name":"Home","item":"https:\/\/geoclimate.ge\/fr\/"},{"@type":"ListItem","position":2,"name":"Products","item":"https:\/\/geoclimate.ge\/fr\/products\/"},{"@type":"ListItem","position":3,"name":"Panneaux acoustiques multi-motifs ALPHAcoustic \u2013 MULTI"}]},{"@type":"WebSite","@id":"https:\/\/geoclimate.ge\/#website","url":"https:\/\/geoclimate.ge\/","name":"GeoClimate","description":"","publisher":{"@id":"https:\/\/geoclimate.ge\/#organization"},"potentialAction":[{"@type":"SearchAction","target":{"@type":"EntryPoint","urlTemplate":"https:\/\/geoclimate.ge\/?s={search_term_string}"},"query-input":{"@type":"PropertyValueSpecification","valueRequired":true,"valueName":"search_term_string"}}],"inLanguage":"fr-FR"},{"@type":"Organization","@id":"https:\/\/geoclimate.ge\/#organization","name":"GeoClimate","url":"https:\/\/geoclimate.ge\/","logo":{"@type":"ImageObject","inLanguage":"fr-FR","@id":"https:\/\/geoclimate.ge\/#\/schema\/logo\/image\/","url":"https:\/\/geoclimate.ge\/wp-content\/uploads\/2026\/03\/geoclimate-SEO.png","contentUrl":"https:\/\/geoclimate.ge\/wp-content\/uploads\/2026\/03\/geoclimate-SEO.png","width":1536,"height":1024,"caption":"GeoClimate"},"image":{"@id":"https:\/\/geoclimate.ge\/#\/schema\/logo\/image\/"}}]}},"_links":{"self":[{"href":"https:\/\/geoclimate.ge\/fr\/wp-json\/wp\/v2\/product\/24164","targetHints":{"allow":["GET"]}}],"collection":[{"href":"https:\/\/geoclimate.ge\/fr\/wp-json\/wp\/v2\/product"}],"about":[{"href":"https:\/\/geoclimate.ge\/fr\/wp-json\/wp\/v2\/types\/product"}],"wp:featuredmedia":[{"embeddable":true,"href":"https:\/\/geoclimate.ge\/fr\/wp-json\/wp\/v2\/media\/24099"}],"wp:attachment":[{"href":"https:\/\/geoclimate.ge\/fr\/wp-json\/wp\/v2\/media?parent=24164"}],"wp:term":[{"taxonomy":"product_brand","embeddable":true,"href":"https:\/\/geoclimate.ge\/fr\/wp-json\/wp\/v2\/product_brand?post=24164"},{"taxonomy":"product_cat","embeddable":true,"href":"https:\/\/geoclimate.ge\/fr\/wp-json\/wp\/v2\/product_cat?post=24164"},{"taxonomy":"product_tag","embeddable":true,"href":"https:\/\/geoclimate.ge\/fr\/wp-json\/wp\/v2\/product_tag?post=24164"}],"curies":[{"name":"wp","href":"https:\/\/api.w.org\/{rel}","templated":true}]}}