{"id":24237,"date":"2025-02-23T23:29:06","date_gmt":"2025-02-23T19:29:06","guid":{"rendered":"https:\/\/airsystems.ge\/shop\/product\/sound-absorbing-curtains-alphacoustic-acu-reverb\/"},"modified":"2025-02-23T23:32:48","modified_gmt":"2025-02-23T19:32:48","slug":"sound-absorbing-curtains-alphacoustic-acu-reverb","status":"publish","type":"product","link":"https:\/\/geoclimate.ge\/fr\/produit\/sound-absorbing-curtains-alphacoustic-acu-reverb\/","title":{"rendered":"Rideaux insonorisants ALPHAcoustic \u2013 ACu. Reverb"},"content":{"rendered":"","protected":false},"excerpt":{"rendered":"<p>La s\u00e9rie ALPHAcoustic-ACu. Reverb est une nouvelle s\u00e9rie de rideaux insonorisants, principalement con\u00e7us pour absorber plus de son que les rideaux d\u00e9coratifs standard. Ces rideaux acoustiques sont fabriqu\u00e9s \u00e0 partir de tissus hautement absorbants et sont id\u00e9alement utilis\u00e9s lorsque le contr\u00f4le de la r\u00e9flexion acoustique du verre et de la lumi\u00e8re ambiante est n\u00e9cessaire. Le choix de base est une seule couche de tissu acoustique. Il existe une large gamme de textures et de couleurs de tissu afin de s\u00e9lectionner les bonnes combinaisons pour votre projet. En cas de fortes exigences en mati\u00e8re d&rsquo;absorption acoustique accrue, les rideaux acoustiques peuvent \u00eatre constitu\u00e9s d&rsquo;une double couche de tissu, avec un mat\u00e9riau insonorisant suppl\u00e9mentaire interm\u00e9diaire qui n&rsquo;est pas visible.<\/p>\n<p>Cat\u00e9gorie : Rideaux acoustiques<\/p>\n","protected":false},"featured_media":24172,"template":"","meta":[],"product_brand":[],"product_cat":[739,778,943],"product_tag":[],"class_list":{"0":"post-24237","1":"product","2":"type-product","3":"status-publish","4":"has-post-thumbnail","6":"product_cat-architectural-acoustic-fr","7":"product_cat-acoustics-noise-fr","8":"product_cat-rideaux-acoustiques-fr","10":"first","11":"instock","12":"shipping-taxable","13":"product-type-simple"},"yoast_head":"<!-- This site is optimized with the Yoast SEO plugin v27.1.1 - https:\/\/yoast.com\/product\/yoast-seo-wordpress\/ -->\n<title>Rideaux insonorisants ALPHAcoustic \u2013 ACu. Reverb - GeoClimate.ge<\/title>\n<meta name=\"robots\" content=\"index, follow, max-snippet:-1, max-image-preview:large, max-video-preview:-1\" \/>\n<link rel=\"canonical\" href=\"https:\/\/geoclimate.ge\/fr\/produit\/sound-absorbing-curtains-alphacoustic-acu-reverb\/\" \/>\n<meta property=\"og:locale\" content=\"fr_FR\" \/>\n<meta property=\"og:type\" content=\"article\" \/>\n<meta property=\"og:title\" content=\"Rideaux insonorisants ALPHAcoustic \u2013 ACu. Reverb - GeoClimate.ge\" \/>\n<meta property=\"og:description\" content=\"La s\u00e9rie ALPHAcoustic-ACu. Reverb est une nouvelle s\u00e9rie de rideaux insonorisants, principalement con\u00e7us pour absorber plus de son que les rideaux d\u00e9coratifs standard. Ces rideaux acoustiques sont fabriqu\u00e9s \u00e0 partir de tissus hautement absorbants et sont id\u00e9alement utilis\u00e9s lorsque le contr\u00f4le de la r\u00e9flexion acoustique du verre et de la lumi\u00e8re ambiante est n\u00e9cessaire. Le choix de base est une seule couche de tissu acoustique. Il existe une large gamme de textures et de couleurs de tissu afin de s\u00e9lectionner les bonnes combinaisons pour votre projet. En cas de fortes exigences en mati\u00e8re d&#039;absorption acoustique accrue, les rideaux acoustiques peuvent \u00eatre constitu\u00e9s d&#039;une double couche de tissu, avec un mat\u00e9riau insonorisant suppl\u00e9mentaire interm\u00e9diaire qui n&#039;est pas visible.  Cat\u00e9gorie : Rideaux acoustiques\" \/>\n<meta property=\"og:url\" content=\"https:\/\/geoclimate.ge\/fr\/produit\/sound-absorbing-curtains-alphacoustic-acu-reverb\/\" \/>\n<meta property=\"og:site_name\" content=\"GeoClimate.ge\" \/>\n<meta property=\"article:modified_time\" content=\"2025-02-23T19:32:48+00:00\" \/>\n<meta property=\"og:image\" content=\"https:\/\/geoclimate.ge\/wp-content\/uploads\/2025\/02\/Acu-Reverb-Project-800x800.png\" \/>\n\t<meta property=\"og:image:width\" content=\"800\" \/>\n\t<meta property=\"og:image:height\" content=\"800\" \/>\n\t<meta property=\"og:image:type\" content=\"image\/png\" \/>\n<meta name=\"twitter:card\" content=\"summary_large_image\" \/>\n<script type=\"application\/ld+json\" class=\"yoast-schema-graph\">{\"@context\":\"https:\/\/schema.org\",\"@graph\":[{\"@type\":\"WebPage\",\"@id\":\"https:\/\/geoclimate.ge\/fr\/produit\/sound-absorbing-curtains-alphacoustic-acu-reverb\/\",\"url\":\"https:\/\/geoclimate.ge\/fr\/produit\/sound-absorbing-curtains-alphacoustic-acu-reverb\/\",\"name\":\"Rideaux insonorisants ALPHAcoustic \u2013 ACu. Reverb - GeoClimate.ge\",\"isPartOf\":{\"@id\":\"https:\/\/geoclimate.ge\/#website\"},\"primaryImageOfPage\":{\"@id\":\"https:\/\/geoclimate.ge\/fr\/produit\/sound-absorbing-curtains-alphacoustic-acu-reverb\/#primaryimage\"},\"image\":{\"@id\":\"https:\/\/geoclimate.ge\/fr\/produit\/sound-absorbing-curtains-alphacoustic-acu-reverb\/#primaryimage\"},\"thumbnailUrl\":\"https:\/\/geoclimate.ge\/wp-content\/uploads\/2025\/02\/Acu-Reverb-Project.png\",\"datePublished\":\"2025-02-23T19:29:06+00:00\",\"dateModified\":\"2025-02-23T19:32:48+00:00\",\"breadcrumb\":{\"@id\":\"https:\/\/geoclimate.ge\/fr\/produit\/sound-absorbing-curtains-alphacoustic-acu-reverb\/#breadcrumb\"},\"inLanguage\":\"fr-FR\",\"potentialAction\":[{\"@type\":\"ReadAction\",\"target\":[\"https:\/\/geoclimate.ge\/fr\/produit\/sound-absorbing-curtains-alphacoustic-acu-reverb\/\"]}]},{\"@type\":\"ImageObject\",\"inLanguage\":\"fr-FR\",\"@id\":\"https:\/\/geoclimate.ge\/fr\/produit\/sound-absorbing-curtains-alphacoustic-acu-reverb\/#primaryimage\",\"url\":\"https:\/\/geoclimate.ge\/wp-content\/uploads\/2025\/02\/Acu-Reverb-Project.png\",\"contentUrl\":\"https:\/\/geoclimate.ge\/wp-content\/uploads\/2025\/02\/Acu-Reverb-Project.png\",\"width\":2448,\"height\":2448},{\"@type\":\"BreadcrumbList\",\"@id\":\"https:\/\/geoclimate.ge\/fr\/produit\/sound-absorbing-curtains-alphacoustic-acu-reverb\/#breadcrumb\",\"itemListElement\":[{\"@type\":\"ListItem\",\"position\":1,\"name\":\"Home\",\"item\":\"https:\/\/geoclimate.ge\/fr\/\"},{\"@type\":\"ListItem\",\"position\":2,\"name\":\"Products\",\"item\":\"https:\/\/geoclimate.ge\/fr\/products\/\"},{\"@type\":\"ListItem\",\"position\":3,\"name\":\"Rideaux insonorisants ALPHAcoustic \u2013 ACu. Reverb\"}]},{\"@type\":\"WebSite\",\"@id\":\"https:\/\/geoclimate.ge\/#website\",\"url\":\"https:\/\/geoclimate.ge\/\",\"name\":\"GeoClimate\",\"description\":\"\",\"publisher\":{\"@id\":\"https:\/\/geoclimate.ge\/#organization\"},\"potentialAction\":[{\"@type\":\"SearchAction\",\"target\":{\"@type\":\"EntryPoint\",\"urlTemplate\":\"https:\/\/geoclimate.ge\/?s={search_term_string}\"},\"query-input\":{\"@type\":\"PropertyValueSpecification\",\"valueRequired\":true,\"valueName\":\"search_term_string\"}}],\"inLanguage\":\"fr-FR\"},{\"@type\":\"Organization\",\"@id\":\"https:\/\/geoclimate.ge\/#organization\",\"name\":\"GeoClimate\",\"url\":\"https:\/\/geoclimate.ge\/\",\"logo\":{\"@type\":\"ImageObject\",\"inLanguage\":\"fr-FR\",\"@id\":\"https:\/\/geoclimate.ge\/#\/schema\/logo\/image\/\",\"url\":\"https:\/\/geoclimate.ge\/wp-content\/uploads\/2026\/03\/geoclimate-SEO.png\",\"contentUrl\":\"https:\/\/geoclimate.ge\/wp-content\/uploads\/2026\/03\/geoclimate-SEO.png\",\"width\":1536,\"height\":1024,\"caption\":\"GeoClimate\"},\"image\":{\"@id\":\"https:\/\/geoclimate.ge\/#\/schema\/logo\/image\/\"}}]}<\/script>\n<!-- \/ Yoast SEO plugin. -->","yoast_head_json":{"title":"Rideaux insonorisants ALPHAcoustic \u2013 ACu. Reverb - GeoClimate.ge","robots":{"index":"index","follow":"follow","max-snippet":"max-snippet:-1","max-image-preview":"max-image-preview:large","max-video-preview":"max-video-preview:-1"},"canonical":"https:\/\/geoclimate.ge\/fr\/produit\/sound-absorbing-curtains-alphacoustic-acu-reverb\/","og_locale":"fr_FR","og_type":"article","og_title":"Rideaux insonorisants ALPHAcoustic \u2013 ACu. Reverb - GeoClimate.ge","og_description":"La s\u00e9rie ALPHAcoustic-ACu. Reverb est une nouvelle s\u00e9rie de rideaux insonorisants, principalement con\u00e7us pour absorber plus de son que les rideaux d\u00e9coratifs standard. Ces rideaux acoustiques sont fabriqu\u00e9s \u00e0 partir de tissus hautement absorbants et sont id\u00e9alement utilis\u00e9s lorsque le contr\u00f4le de la r\u00e9flexion acoustique du verre et de la lumi\u00e8re ambiante est n\u00e9cessaire. Le choix de base est une seule couche de tissu acoustique. Il existe une large gamme de textures et de couleurs de tissu afin de s\u00e9lectionner les bonnes combinaisons pour votre projet. En cas de fortes exigences en mati\u00e8re d'absorption acoustique accrue, les rideaux acoustiques peuvent \u00eatre constitu\u00e9s d'une double couche de tissu, avec un mat\u00e9riau insonorisant suppl\u00e9mentaire interm\u00e9diaire qui n'est pas visible.  Cat\u00e9gorie : Rideaux acoustiques","og_url":"https:\/\/geoclimate.ge\/fr\/produit\/sound-absorbing-curtains-alphacoustic-acu-reverb\/","og_site_name":"GeoClimate.ge","article_modified_time":"2025-02-23T19:32:48+00:00","og_image":[{"width":800,"height":800,"url":"https:\/\/geoclimate.ge\/wp-content\/uploads\/2025\/02\/Acu-Reverb-Project-800x800.png","type":"image\/png"}],"twitter_card":"summary_large_image","schema":{"@context":"https:\/\/schema.org","@graph":[{"@type":"WebPage","@id":"https:\/\/geoclimate.ge\/fr\/produit\/sound-absorbing-curtains-alphacoustic-acu-reverb\/","url":"https:\/\/geoclimate.ge\/fr\/produit\/sound-absorbing-curtains-alphacoustic-acu-reverb\/","name":"Rideaux insonorisants ALPHAcoustic \u2013 ACu. Reverb - GeoClimate.ge","isPartOf":{"@id":"https:\/\/geoclimate.ge\/#website"},"primaryImageOfPage":{"@id":"https:\/\/geoclimate.ge\/fr\/produit\/sound-absorbing-curtains-alphacoustic-acu-reverb\/#primaryimage"},"image":{"@id":"https:\/\/geoclimate.ge\/fr\/produit\/sound-absorbing-curtains-alphacoustic-acu-reverb\/#primaryimage"},"thumbnailUrl":"https:\/\/geoclimate.ge\/wp-content\/uploads\/2025\/02\/Acu-Reverb-Project.png","datePublished":"2025-02-23T19:29:06+00:00","dateModified":"2025-02-23T19:32:48+00:00","breadcrumb":{"@id":"https:\/\/geoclimate.ge\/fr\/produit\/sound-absorbing-curtains-alphacoustic-acu-reverb\/#breadcrumb"},"inLanguage":"fr-FR","potentialAction":[{"@type":"ReadAction","target":["https:\/\/geoclimate.ge\/fr\/produit\/sound-absorbing-curtains-alphacoustic-acu-reverb\/"]}]},{"@type":"ImageObject","inLanguage":"fr-FR","@id":"https:\/\/geoclimate.ge\/fr\/produit\/sound-absorbing-curtains-alphacoustic-acu-reverb\/#primaryimage","url":"https:\/\/geoclimate.ge\/wp-content\/uploads\/2025\/02\/Acu-Reverb-Project.png","contentUrl":"https:\/\/geoclimate.ge\/wp-content\/uploads\/2025\/02\/Acu-Reverb-Project.png","width":2448,"height":2448},{"@type":"BreadcrumbList","@id":"https:\/\/geoclimate.ge\/fr\/produit\/sound-absorbing-curtains-alphacoustic-acu-reverb\/#breadcrumb","itemListElement":[{"@type":"ListItem","position":1,"name":"Home","item":"https:\/\/geoclimate.ge\/fr\/"},{"@type":"ListItem","position":2,"name":"Products","item":"https:\/\/geoclimate.ge\/fr\/products\/"},{"@type":"ListItem","position":3,"name":"Rideaux insonorisants ALPHAcoustic \u2013 ACu. Reverb"}]},{"@type":"WebSite","@id":"https:\/\/geoclimate.ge\/#website","url":"https:\/\/geoclimate.ge\/","name":"GeoClimate","description":"","publisher":{"@id":"https:\/\/geoclimate.ge\/#organization"},"potentialAction":[{"@type":"SearchAction","target":{"@type":"EntryPoint","urlTemplate":"https:\/\/geoclimate.ge\/?s={search_term_string}"},"query-input":{"@type":"PropertyValueSpecification","valueRequired":true,"valueName":"search_term_string"}}],"inLanguage":"fr-FR"},{"@type":"Organization","@id":"https:\/\/geoclimate.ge\/#organization","name":"GeoClimate","url":"https:\/\/geoclimate.ge\/","logo":{"@type":"ImageObject","inLanguage":"fr-FR","@id":"https:\/\/geoclimate.ge\/#\/schema\/logo\/image\/","url":"https:\/\/geoclimate.ge\/wp-content\/uploads\/2026\/03\/geoclimate-SEO.png","contentUrl":"https:\/\/geoclimate.ge\/wp-content\/uploads\/2026\/03\/geoclimate-SEO.png","width":1536,"height":1024,"caption":"GeoClimate"},"image":{"@id":"https:\/\/geoclimate.ge\/#\/schema\/logo\/image\/"}}]}},"_links":{"self":[{"href":"https:\/\/geoclimate.ge\/fr\/wp-json\/wp\/v2\/product\/24237","targetHints":{"allow":["GET"]}}],"collection":[{"href":"https:\/\/geoclimate.ge\/fr\/wp-json\/wp\/v2\/product"}],"about":[{"href":"https:\/\/geoclimate.ge\/fr\/wp-json\/wp\/v2\/types\/product"}],"wp:featuredmedia":[{"embeddable":true,"href":"https:\/\/geoclimate.ge\/fr\/wp-json\/wp\/v2\/media\/24172"}],"wp:attachment":[{"href":"https:\/\/geoclimate.ge\/fr\/wp-json\/wp\/v2\/media?parent=24237"}],"wp:term":[{"taxonomy":"product_brand","embeddable":true,"href":"https:\/\/geoclimate.ge\/fr\/wp-json\/wp\/v2\/product_brand?post=24237"},{"taxonomy":"product_cat","embeddable":true,"href":"https:\/\/geoclimate.ge\/fr\/wp-json\/wp\/v2\/product_cat?post=24237"},{"taxonomy":"product_tag","embeddable":true,"href":"https:\/\/geoclimate.ge\/fr\/wp-json\/wp\/v2\/product_tag?post=24237"}],"curies":[{"name":"wp","href":"https:\/\/api.w.org\/{rel}","templated":true}]}}