{"id":24299,"date":"2025-02-23T23:40:04","date_gmt":"2025-02-23T19:40:04","guid":{"rendered":"https:\/\/airsystems.ge\/shop\/product\/soundproofing-curtains-alphacoustic-acu-noise\/"},"modified":"2025-02-23T23:41:14","modified_gmt":"2025-02-23T19:41:14","slug":"soundproofing-curtains-alphacoustic-acu-noise","status":"publish","type":"product","link":"https:\/\/geoclimate.ge\/fr\/produit\/soundproofing-curtains-alphacoustic-acu-noise\/","title":{"rendered":"Rideaux insonorisants ALPHAcoustic \u2013 ACu. Bruit"},"content":{"rendered":"","protected":false},"excerpt":{"rendered":"<div class=\"woocommerce-product-details__short-description\">\n<p>Les rideaux acoustiques ne sont g\u00e9n\u00e9ralement pas utilis\u00e9s pour arr\u00eater la transmission du bruit. N\u00e9anmoins, dans certaines circonstances, avec une planification minutieuse, les rideaux acoustiques peuvent absorber et r\u00e9fl\u00e9chir les bruits ind\u00e9sirables. Gr\u00e2ce \u00e0 l&rsquo;interpolation de tissus\/membranes \u00e0 masse \u00e9lev\u00e9e entre les tissus ext\u00e9rieurs, nous pouvons obtenir des valeurs d&rsquo;isolation acoustique acceptables. L&rsquo;efficacit\u00e9 de ces rideaux\/rideaux d\u00e9pend de la r\u00e9alisation de l&rsquo;\u00e9tanch\u00e9it\u00e9 des chemins de flanquement.<\/p>\n<p>Cat\u00e9gorie : Rideaux acoustiques<\/p>\n<\/div>\n","protected":false},"featured_media":24257,"template":"","meta":[],"product_brand":[],"product_cat":[739,778,943],"product_tag":[],"class_list":{"0":"post-24299","1":"product","2":"type-product","3":"status-publish","4":"has-post-thumbnail","6":"product_cat-architectural-acoustic-fr","7":"product_cat-acoustics-noise-fr","8":"product_cat-rideaux-acoustiques-fr","10":"first","11":"instock","12":"shipping-taxable","13":"product-type-simple"},"yoast_head":"<!-- This site is optimized with the Yoast SEO plugin v27.1.1 - https:\/\/yoast.com\/product\/yoast-seo-wordpress\/ -->\n<title>Rideaux insonorisants ALPHAcoustic \u2013 ACu. Bruit - GeoClimate.ge<\/title>\n<meta name=\"robots\" content=\"index, follow, max-snippet:-1, max-image-preview:large, max-video-preview:-1\" \/>\n<link rel=\"canonical\" href=\"https:\/\/geoclimate.ge\/fr\/produit\/soundproofing-curtains-alphacoustic-acu-noise\/\" \/>\n<meta property=\"og:locale\" content=\"fr_FR\" \/>\n<meta property=\"og:type\" content=\"article\" \/>\n<meta property=\"og:title\" content=\"Rideaux insonorisants ALPHAcoustic \u2013 ACu. Bruit - GeoClimate.ge\" \/>\n<meta property=\"og:description\" content=\"Les rideaux acoustiques ne sont g\u00e9n\u00e9ralement pas utilis\u00e9s pour arr\u00eater la transmission du bruit. N\u00e9anmoins, dans certaines circonstances, avec une planification minutieuse, les rideaux acoustiques peuvent absorber et r\u00e9fl\u00e9chir les bruits ind\u00e9sirables. Gr\u00e2ce \u00e0 l&#039;interpolation de tissus\/membranes \u00e0 masse \u00e9lev\u00e9e entre les tissus ext\u00e9rieurs, nous pouvons obtenir des valeurs d&#039;isolation acoustique acceptables. L&#039;efficacit\u00e9 de ces rideaux\/rideaux d\u00e9pend de la r\u00e9alisation de l&#039;\u00e9tanch\u00e9it\u00e9 des chemins de flanquement.  Cat\u00e9gorie : Rideaux acoustiques\" \/>\n<meta property=\"og:url\" content=\"https:\/\/geoclimate.ge\/fr\/produit\/soundproofing-curtains-alphacoustic-acu-noise\/\" \/>\n<meta property=\"og:site_name\" content=\"GeoClimate.ge\" \/>\n<meta property=\"article:modified_time\" content=\"2025-02-23T19:41:14+00:00\" \/>\n<meta property=\"og:image\" content=\"https:\/\/geoclimate.ge\/wp-content\/uploads\/2025\/02\/Acu-Noise-Acoustic-curtains.jpg\" \/>\n\t<meta property=\"og:image:width\" content=\"800\" \/>\n\t<meta property=\"og:image:height\" content=\"600\" \/>\n\t<meta property=\"og:image:type\" content=\"image\/jpeg\" \/>\n<meta name=\"twitter:card\" content=\"summary_large_image\" \/>\n<script type=\"application\/ld+json\" class=\"yoast-schema-graph\">{\"@context\":\"https:\/\/schema.org\",\"@graph\":[{\"@type\":\"WebPage\",\"@id\":\"https:\/\/geoclimate.ge\/fr\/produit\/soundproofing-curtains-alphacoustic-acu-noise\/\",\"url\":\"https:\/\/geoclimate.ge\/fr\/produit\/soundproofing-curtains-alphacoustic-acu-noise\/\",\"name\":\"Rideaux insonorisants ALPHAcoustic \u2013 ACu. Bruit - GeoClimate.ge\",\"isPartOf\":{\"@id\":\"https:\/\/geoclimate.ge\/#website\"},\"primaryImageOfPage\":{\"@id\":\"https:\/\/geoclimate.ge\/fr\/produit\/soundproofing-curtains-alphacoustic-acu-noise\/#primaryimage\"},\"image\":{\"@id\":\"https:\/\/geoclimate.ge\/fr\/produit\/soundproofing-curtains-alphacoustic-acu-noise\/#primaryimage\"},\"thumbnailUrl\":\"https:\/\/geoclimate.ge\/wp-content\/uploads\/2025\/02\/Acu-Noise-Acoustic-curtains.jpg\",\"datePublished\":\"2025-02-23T19:40:04+00:00\",\"dateModified\":\"2025-02-23T19:41:14+00:00\",\"breadcrumb\":{\"@id\":\"https:\/\/geoclimate.ge\/fr\/produit\/soundproofing-curtains-alphacoustic-acu-noise\/#breadcrumb\"},\"inLanguage\":\"fr-FR\",\"potentialAction\":[{\"@type\":\"ReadAction\",\"target\":[\"https:\/\/geoclimate.ge\/fr\/produit\/soundproofing-curtains-alphacoustic-acu-noise\/\"]}]},{\"@type\":\"ImageObject\",\"inLanguage\":\"fr-FR\",\"@id\":\"https:\/\/geoclimate.ge\/fr\/produit\/soundproofing-curtains-alphacoustic-acu-noise\/#primaryimage\",\"url\":\"https:\/\/geoclimate.ge\/wp-content\/uploads\/2025\/02\/Acu-Noise-Acoustic-curtains.jpg\",\"contentUrl\":\"https:\/\/geoclimate.ge\/wp-content\/uploads\/2025\/02\/Acu-Noise-Acoustic-curtains.jpg\",\"width\":800,\"height\":600},{\"@type\":\"BreadcrumbList\",\"@id\":\"https:\/\/geoclimate.ge\/fr\/produit\/soundproofing-curtains-alphacoustic-acu-noise\/#breadcrumb\",\"itemListElement\":[{\"@type\":\"ListItem\",\"position\":1,\"name\":\"Home\",\"item\":\"https:\/\/geoclimate.ge\/fr\/\"},{\"@type\":\"ListItem\",\"position\":2,\"name\":\"Products\",\"item\":\"https:\/\/geoclimate.ge\/fr\/products\/\"},{\"@type\":\"ListItem\",\"position\":3,\"name\":\"Rideaux insonorisants ALPHAcoustic \u2013 ACu. Bruit\"}]},{\"@type\":\"WebSite\",\"@id\":\"https:\/\/geoclimate.ge\/#website\",\"url\":\"https:\/\/geoclimate.ge\/\",\"name\":\"GeoClimate\",\"description\":\"\",\"publisher\":{\"@id\":\"https:\/\/geoclimate.ge\/#organization\"},\"potentialAction\":[{\"@type\":\"SearchAction\",\"target\":{\"@type\":\"EntryPoint\",\"urlTemplate\":\"https:\/\/geoclimate.ge\/?s={search_term_string}\"},\"query-input\":{\"@type\":\"PropertyValueSpecification\",\"valueRequired\":true,\"valueName\":\"search_term_string\"}}],\"inLanguage\":\"fr-FR\"},{\"@type\":\"Organization\",\"@id\":\"https:\/\/geoclimate.ge\/#organization\",\"name\":\"GeoClimate\",\"url\":\"https:\/\/geoclimate.ge\/\",\"logo\":{\"@type\":\"ImageObject\",\"inLanguage\":\"fr-FR\",\"@id\":\"https:\/\/geoclimate.ge\/#\/schema\/logo\/image\/\",\"url\":\"https:\/\/geoclimate.ge\/wp-content\/uploads\/2026\/03\/geoclimate-SEO.png\",\"contentUrl\":\"https:\/\/geoclimate.ge\/wp-content\/uploads\/2026\/03\/geoclimate-SEO.png\",\"width\":1536,\"height\":1024,\"caption\":\"GeoClimate\"},\"image\":{\"@id\":\"https:\/\/geoclimate.ge\/#\/schema\/logo\/image\/\"}}]}<\/script>\n<!-- \/ Yoast SEO plugin. -->","yoast_head_json":{"title":"Rideaux insonorisants ALPHAcoustic \u2013 ACu. Bruit - GeoClimate.ge","robots":{"index":"index","follow":"follow","max-snippet":"max-snippet:-1","max-image-preview":"max-image-preview:large","max-video-preview":"max-video-preview:-1"},"canonical":"https:\/\/geoclimate.ge\/fr\/produit\/soundproofing-curtains-alphacoustic-acu-noise\/","og_locale":"fr_FR","og_type":"article","og_title":"Rideaux insonorisants ALPHAcoustic \u2013 ACu. Bruit - GeoClimate.ge","og_description":"Les rideaux acoustiques ne sont g\u00e9n\u00e9ralement pas utilis\u00e9s pour arr\u00eater la transmission du bruit. N\u00e9anmoins, dans certaines circonstances, avec une planification minutieuse, les rideaux acoustiques peuvent absorber et r\u00e9fl\u00e9chir les bruits ind\u00e9sirables. Gr\u00e2ce \u00e0 l'interpolation de tissus\/membranes \u00e0 masse \u00e9lev\u00e9e entre les tissus ext\u00e9rieurs, nous pouvons obtenir des valeurs d'isolation acoustique acceptables. L'efficacit\u00e9 de ces rideaux\/rideaux d\u00e9pend de la r\u00e9alisation de l'\u00e9tanch\u00e9it\u00e9 des chemins de flanquement.  Cat\u00e9gorie : Rideaux acoustiques","og_url":"https:\/\/geoclimate.ge\/fr\/produit\/soundproofing-curtains-alphacoustic-acu-noise\/","og_site_name":"GeoClimate.ge","article_modified_time":"2025-02-23T19:41:14+00:00","og_image":[{"width":800,"height":600,"url":"https:\/\/geoclimate.ge\/wp-content\/uploads\/2025\/02\/Acu-Noise-Acoustic-curtains.jpg","type":"image\/jpeg"}],"twitter_card":"summary_large_image","schema":{"@context":"https:\/\/schema.org","@graph":[{"@type":"WebPage","@id":"https:\/\/geoclimate.ge\/fr\/produit\/soundproofing-curtains-alphacoustic-acu-noise\/","url":"https:\/\/geoclimate.ge\/fr\/produit\/soundproofing-curtains-alphacoustic-acu-noise\/","name":"Rideaux insonorisants ALPHAcoustic \u2013 ACu. Bruit - GeoClimate.ge","isPartOf":{"@id":"https:\/\/geoclimate.ge\/#website"},"primaryImageOfPage":{"@id":"https:\/\/geoclimate.ge\/fr\/produit\/soundproofing-curtains-alphacoustic-acu-noise\/#primaryimage"},"image":{"@id":"https:\/\/geoclimate.ge\/fr\/produit\/soundproofing-curtains-alphacoustic-acu-noise\/#primaryimage"},"thumbnailUrl":"https:\/\/geoclimate.ge\/wp-content\/uploads\/2025\/02\/Acu-Noise-Acoustic-curtains.jpg","datePublished":"2025-02-23T19:40:04+00:00","dateModified":"2025-02-23T19:41:14+00:00","breadcrumb":{"@id":"https:\/\/geoclimate.ge\/fr\/produit\/soundproofing-curtains-alphacoustic-acu-noise\/#breadcrumb"},"inLanguage":"fr-FR","potentialAction":[{"@type":"ReadAction","target":["https:\/\/geoclimate.ge\/fr\/produit\/soundproofing-curtains-alphacoustic-acu-noise\/"]}]},{"@type":"ImageObject","inLanguage":"fr-FR","@id":"https:\/\/geoclimate.ge\/fr\/produit\/soundproofing-curtains-alphacoustic-acu-noise\/#primaryimage","url":"https:\/\/geoclimate.ge\/wp-content\/uploads\/2025\/02\/Acu-Noise-Acoustic-curtains.jpg","contentUrl":"https:\/\/geoclimate.ge\/wp-content\/uploads\/2025\/02\/Acu-Noise-Acoustic-curtains.jpg","width":800,"height":600},{"@type":"BreadcrumbList","@id":"https:\/\/geoclimate.ge\/fr\/produit\/soundproofing-curtains-alphacoustic-acu-noise\/#breadcrumb","itemListElement":[{"@type":"ListItem","position":1,"name":"Home","item":"https:\/\/geoclimate.ge\/fr\/"},{"@type":"ListItem","position":2,"name":"Products","item":"https:\/\/geoclimate.ge\/fr\/products\/"},{"@type":"ListItem","position":3,"name":"Rideaux insonorisants ALPHAcoustic \u2013 ACu. Bruit"}]},{"@type":"WebSite","@id":"https:\/\/geoclimate.ge\/#website","url":"https:\/\/geoclimate.ge\/","name":"GeoClimate","description":"","publisher":{"@id":"https:\/\/geoclimate.ge\/#organization"},"potentialAction":[{"@type":"SearchAction","target":{"@type":"EntryPoint","urlTemplate":"https:\/\/geoclimate.ge\/?s={search_term_string}"},"query-input":{"@type":"PropertyValueSpecification","valueRequired":true,"valueName":"search_term_string"}}],"inLanguage":"fr-FR"},{"@type":"Organization","@id":"https:\/\/geoclimate.ge\/#organization","name":"GeoClimate","url":"https:\/\/geoclimate.ge\/","logo":{"@type":"ImageObject","inLanguage":"fr-FR","@id":"https:\/\/geoclimate.ge\/#\/schema\/logo\/image\/","url":"https:\/\/geoclimate.ge\/wp-content\/uploads\/2026\/03\/geoclimate-SEO.png","contentUrl":"https:\/\/geoclimate.ge\/wp-content\/uploads\/2026\/03\/geoclimate-SEO.png","width":1536,"height":1024,"caption":"GeoClimate"},"image":{"@id":"https:\/\/geoclimate.ge\/#\/schema\/logo\/image\/"}}]}},"_links":{"self":[{"href":"https:\/\/geoclimate.ge\/fr\/wp-json\/wp\/v2\/product\/24299","targetHints":{"allow":["GET"]}}],"collection":[{"href":"https:\/\/geoclimate.ge\/fr\/wp-json\/wp\/v2\/product"}],"about":[{"href":"https:\/\/geoclimate.ge\/fr\/wp-json\/wp\/v2\/types\/product"}],"wp:featuredmedia":[{"embeddable":true,"href":"https:\/\/geoclimate.ge\/fr\/wp-json\/wp\/v2\/media\/24257"}],"wp:attachment":[{"href":"https:\/\/geoclimate.ge\/fr\/wp-json\/wp\/v2\/media?parent=24299"}],"wp:term":[{"taxonomy":"product_brand","embeddable":true,"href":"https:\/\/geoclimate.ge\/fr\/wp-json\/wp\/v2\/product_brand?post=24299"},{"taxonomy":"product_cat","embeddable":true,"href":"https:\/\/geoclimate.ge\/fr\/wp-json\/wp\/v2\/product_cat?post=24299"},{"taxonomy":"product_tag","embeddable":true,"href":"https:\/\/geoclimate.ge\/fr\/wp-json\/wp\/v2\/product_tag?post=24299"}],"curies":[{"name":"wp","href":"https:\/\/api.w.org\/{rel}","templated":true}]}}