{"id":24361,"date":"2025-02-23T23:51:12","date_gmt":"2025-02-23T19:51:12","guid":{"rendered":"https:\/\/airsystems.ge\/shop\/product\/wave-form-acoustic-cloud-alphacoustic-kima\/"},"modified":"2025-02-23T23:52:13","modified_gmt":"2025-02-23T19:52:13","slug":"wave-form-acoustic-cloud-alphacoustic-kima","status":"publish","type":"product","link":"https:\/\/geoclimate.ge\/fr\/produit\/wave-form-acoustic-cloud-alphacoustic-kima\/","title":{"rendered":"Nuage acoustique en forme d&rsquo;onde ALPHAcoustic \u2013 Kima"},"content":{"rendered":"","protected":false},"excerpt":{"rendered":"<p>ALPHAcoustic \u2013 Kima est un nuage acoustique en forme d&rsquo;onde absorbant le son. Le panneau acoustique en forme d&rsquo;onde, avec sa forme rectangulaire concave et convexe, offre un aspect vibrant et unique. Inspir\u00e9 par le mouvement \u00e9ternel des vagues et de la mer, le panneau peut compl\u00e9ter l&rsquo;esth\u00e9tique int\u00e9rieure d&rsquo;un espace commercial, de bureau ou de tout autre espace de b\u00e2timent int\u00e9rieur avec son aspect vibrant et \u00e9nergique.<\/p>\n<p>Cat\u00e9gorie : Panneaux acoustiques personnalis\u00e9s<\/p>\n","protected":false},"featured_media":24344,"template":"","meta":[],"product_brand":[],"product_cat":[739,778,949],"product_tag":[],"class_list":{"0":"post-24361","1":"product","2":"type-product","3":"status-publish","4":"has-post-thumbnail","6":"product_cat-architectural-acoustic-fr","7":"product_cat-acoustics-noise-fr","8":"product_cat-acoustiques-panneaux-sur-fr","10":"first","11":"instock","12":"shipping-taxable","13":"product-type-simple"},"yoast_head":"<!-- This site is optimized with the Yoast SEO plugin v27.1.1 - https:\/\/yoast.com\/product\/yoast-seo-wordpress\/ -->\n<title>Nuage acoustique en forme d&#039;onde ALPHAcoustic \u2013 Kima - GeoClimate.ge<\/title>\n<meta name=\"robots\" content=\"index, follow, max-snippet:-1, max-image-preview:large, max-video-preview:-1\" \/>\n<link rel=\"canonical\" href=\"https:\/\/geoclimate.ge\/fr\/produit\/wave-form-acoustic-cloud-alphacoustic-kima\/\" \/>\n<meta property=\"og:locale\" content=\"fr_FR\" \/>\n<meta property=\"og:type\" content=\"article\" \/>\n<meta property=\"og:title\" content=\"Nuage acoustique en forme d&#039;onde ALPHAcoustic \u2013 Kima - GeoClimate.ge\" \/>\n<meta property=\"og:description\" content=\"ALPHAcoustic \u2013 Kima est un nuage acoustique en forme d&#039;onde absorbant le son. Le panneau acoustique en forme d&#039;onde, avec sa forme rectangulaire concave et convexe, offre un aspect vibrant et unique. Inspir\u00e9 par le mouvement \u00e9ternel des vagues et de la mer, le panneau peut compl\u00e9ter l&#039;esth\u00e9tique int\u00e9rieure d&#039;un espace commercial, de bureau ou de tout autre espace de b\u00e2timent int\u00e9rieur avec son aspect vibrant et \u00e9nergique.  Cat\u00e9gorie : Panneaux acoustiques personnalis\u00e9s\" \/>\n<meta property=\"og:url\" content=\"https:\/\/geoclimate.ge\/fr\/produit\/wave-form-acoustic-cloud-alphacoustic-kima\/\" \/>\n<meta property=\"og:site_name\" content=\"GeoClimate.ge\" \/>\n<meta property=\"article:modified_time\" content=\"2025-02-23T19:52:13+00:00\" \/>\n<meta property=\"og:image\" content=\"https:\/\/geoclimate.ge\/wp-content\/uploads\/2025\/02\/alphacoustic-kima-office.jpg\" \/>\n\t<meta property=\"og:image:width\" content=\"900\" \/>\n\t<meta property=\"og:image:height\" content=\"600\" \/>\n\t<meta property=\"og:image:type\" content=\"image\/jpeg\" \/>\n<meta name=\"twitter:card\" content=\"summary_large_image\" \/>\n<script type=\"application\/ld+json\" class=\"yoast-schema-graph\">{\"@context\":\"https:\/\/schema.org\",\"@graph\":[{\"@type\":\"WebPage\",\"@id\":\"https:\/\/geoclimate.ge\/fr\/produit\/wave-form-acoustic-cloud-alphacoustic-kima\/\",\"url\":\"https:\/\/geoclimate.ge\/fr\/produit\/wave-form-acoustic-cloud-alphacoustic-kima\/\",\"name\":\"Nuage acoustique en forme d'onde ALPHAcoustic \u2013 Kima - GeoClimate.ge\",\"isPartOf\":{\"@id\":\"https:\/\/geoclimate.ge\/#website\"},\"primaryImageOfPage\":{\"@id\":\"https:\/\/geoclimate.ge\/fr\/produit\/wave-form-acoustic-cloud-alphacoustic-kima\/#primaryimage\"},\"image\":{\"@id\":\"https:\/\/geoclimate.ge\/fr\/produit\/wave-form-acoustic-cloud-alphacoustic-kima\/#primaryimage\"},\"thumbnailUrl\":\"https:\/\/geoclimate.ge\/wp-content\/uploads\/2025\/02\/alphacoustic-kima-office.jpg\",\"datePublished\":\"2025-02-23T19:51:12+00:00\",\"dateModified\":\"2025-02-23T19:52:13+00:00\",\"breadcrumb\":{\"@id\":\"https:\/\/geoclimate.ge\/fr\/produit\/wave-form-acoustic-cloud-alphacoustic-kima\/#breadcrumb\"},\"inLanguage\":\"fr-FR\",\"potentialAction\":[{\"@type\":\"ReadAction\",\"target\":[\"https:\/\/geoclimate.ge\/fr\/produit\/wave-form-acoustic-cloud-alphacoustic-kima\/\"]}]},{\"@type\":\"ImageObject\",\"inLanguage\":\"fr-FR\",\"@id\":\"https:\/\/geoclimate.ge\/fr\/produit\/wave-form-acoustic-cloud-alphacoustic-kima\/#primaryimage\",\"url\":\"https:\/\/geoclimate.ge\/wp-content\/uploads\/2025\/02\/alphacoustic-kima-office.jpg\",\"contentUrl\":\"https:\/\/geoclimate.ge\/wp-content\/uploads\/2025\/02\/alphacoustic-kima-office.jpg\",\"width\":900,\"height\":600},{\"@type\":\"BreadcrumbList\",\"@id\":\"https:\/\/geoclimate.ge\/fr\/produit\/wave-form-acoustic-cloud-alphacoustic-kima\/#breadcrumb\",\"itemListElement\":[{\"@type\":\"ListItem\",\"position\":1,\"name\":\"Home\",\"item\":\"https:\/\/geoclimate.ge\/fr\/\"},{\"@type\":\"ListItem\",\"position\":2,\"name\":\"Products\",\"item\":\"https:\/\/geoclimate.ge\/fr\/products\/\"},{\"@type\":\"ListItem\",\"position\":3,\"name\":\"Nuage acoustique en forme d&#8217;onde ALPHAcoustic \u2013 Kima\"}]},{\"@type\":\"WebSite\",\"@id\":\"https:\/\/geoclimate.ge\/#website\",\"url\":\"https:\/\/geoclimate.ge\/\",\"name\":\"GeoClimate\",\"description\":\"\",\"publisher\":{\"@id\":\"https:\/\/geoclimate.ge\/#organization\"},\"potentialAction\":[{\"@type\":\"SearchAction\",\"target\":{\"@type\":\"EntryPoint\",\"urlTemplate\":\"https:\/\/geoclimate.ge\/?s={search_term_string}\"},\"query-input\":{\"@type\":\"PropertyValueSpecification\",\"valueRequired\":true,\"valueName\":\"search_term_string\"}}],\"inLanguage\":\"fr-FR\"},{\"@type\":\"Organization\",\"@id\":\"https:\/\/geoclimate.ge\/#organization\",\"name\":\"GeoClimate\",\"url\":\"https:\/\/geoclimate.ge\/\",\"logo\":{\"@type\":\"ImageObject\",\"inLanguage\":\"fr-FR\",\"@id\":\"https:\/\/geoclimate.ge\/#\/schema\/logo\/image\/\",\"url\":\"https:\/\/geoclimate.ge\/wp-content\/uploads\/2026\/03\/geoclimate-SEO.png\",\"contentUrl\":\"https:\/\/geoclimate.ge\/wp-content\/uploads\/2026\/03\/geoclimate-SEO.png\",\"width\":1536,\"height\":1024,\"caption\":\"GeoClimate\"},\"image\":{\"@id\":\"https:\/\/geoclimate.ge\/#\/schema\/logo\/image\/\"}}]}<\/script>\n<!-- \/ Yoast SEO plugin. -->","yoast_head_json":{"title":"Nuage acoustique en forme d'onde ALPHAcoustic \u2013 Kima - GeoClimate.ge","robots":{"index":"index","follow":"follow","max-snippet":"max-snippet:-1","max-image-preview":"max-image-preview:large","max-video-preview":"max-video-preview:-1"},"canonical":"https:\/\/geoclimate.ge\/fr\/produit\/wave-form-acoustic-cloud-alphacoustic-kima\/","og_locale":"fr_FR","og_type":"article","og_title":"Nuage acoustique en forme d'onde ALPHAcoustic \u2013 Kima - GeoClimate.ge","og_description":"ALPHAcoustic \u2013 Kima est un nuage acoustique en forme d'onde absorbant le son. Le panneau acoustique en forme d'onde, avec sa forme rectangulaire concave et convexe, offre un aspect vibrant et unique. Inspir\u00e9 par le mouvement \u00e9ternel des vagues et de la mer, le panneau peut compl\u00e9ter l'esth\u00e9tique int\u00e9rieure d'un espace commercial, de bureau ou de tout autre espace de b\u00e2timent int\u00e9rieur avec son aspect vibrant et \u00e9nergique.  Cat\u00e9gorie : Panneaux acoustiques personnalis\u00e9s","og_url":"https:\/\/geoclimate.ge\/fr\/produit\/wave-form-acoustic-cloud-alphacoustic-kima\/","og_site_name":"GeoClimate.ge","article_modified_time":"2025-02-23T19:52:13+00:00","og_image":[{"width":900,"height":600,"url":"https:\/\/geoclimate.ge\/wp-content\/uploads\/2025\/02\/alphacoustic-kima-office.jpg","type":"image\/jpeg"}],"twitter_card":"summary_large_image","schema":{"@context":"https:\/\/schema.org","@graph":[{"@type":"WebPage","@id":"https:\/\/geoclimate.ge\/fr\/produit\/wave-form-acoustic-cloud-alphacoustic-kima\/","url":"https:\/\/geoclimate.ge\/fr\/produit\/wave-form-acoustic-cloud-alphacoustic-kima\/","name":"Nuage acoustique en forme d'onde ALPHAcoustic \u2013 Kima - GeoClimate.ge","isPartOf":{"@id":"https:\/\/geoclimate.ge\/#website"},"primaryImageOfPage":{"@id":"https:\/\/geoclimate.ge\/fr\/produit\/wave-form-acoustic-cloud-alphacoustic-kima\/#primaryimage"},"image":{"@id":"https:\/\/geoclimate.ge\/fr\/produit\/wave-form-acoustic-cloud-alphacoustic-kima\/#primaryimage"},"thumbnailUrl":"https:\/\/geoclimate.ge\/wp-content\/uploads\/2025\/02\/alphacoustic-kima-office.jpg","datePublished":"2025-02-23T19:51:12+00:00","dateModified":"2025-02-23T19:52:13+00:00","breadcrumb":{"@id":"https:\/\/geoclimate.ge\/fr\/produit\/wave-form-acoustic-cloud-alphacoustic-kima\/#breadcrumb"},"inLanguage":"fr-FR","potentialAction":[{"@type":"ReadAction","target":["https:\/\/geoclimate.ge\/fr\/produit\/wave-form-acoustic-cloud-alphacoustic-kima\/"]}]},{"@type":"ImageObject","inLanguage":"fr-FR","@id":"https:\/\/geoclimate.ge\/fr\/produit\/wave-form-acoustic-cloud-alphacoustic-kima\/#primaryimage","url":"https:\/\/geoclimate.ge\/wp-content\/uploads\/2025\/02\/alphacoustic-kima-office.jpg","contentUrl":"https:\/\/geoclimate.ge\/wp-content\/uploads\/2025\/02\/alphacoustic-kima-office.jpg","width":900,"height":600},{"@type":"BreadcrumbList","@id":"https:\/\/geoclimate.ge\/fr\/produit\/wave-form-acoustic-cloud-alphacoustic-kima\/#breadcrumb","itemListElement":[{"@type":"ListItem","position":1,"name":"Home","item":"https:\/\/geoclimate.ge\/fr\/"},{"@type":"ListItem","position":2,"name":"Products","item":"https:\/\/geoclimate.ge\/fr\/products\/"},{"@type":"ListItem","position":3,"name":"Nuage acoustique en forme d&#8217;onde ALPHAcoustic \u2013 Kima"}]},{"@type":"WebSite","@id":"https:\/\/geoclimate.ge\/#website","url":"https:\/\/geoclimate.ge\/","name":"GeoClimate","description":"","publisher":{"@id":"https:\/\/geoclimate.ge\/#organization"},"potentialAction":[{"@type":"SearchAction","target":{"@type":"EntryPoint","urlTemplate":"https:\/\/geoclimate.ge\/?s={search_term_string}"},"query-input":{"@type":"PropertyValueSpecification","valueRequired":true,"valueName":"search_term_string"}}],"inLanguage":"fr-FR"},{"@type":"Organization","@id":"https:\/\/geoclimate.ge\/#organization","name":"GeoClimate","url":"https:\/\/geoclimate.ge\/","logo":{"@type":"ImageObject","inLanguage":"fr-FR","@id":"https:\/\/geoclimate.ge\/#\/schema\/logo\/image\/","url":"https:\/\/geoclimate.ge\/wp-content\/uploads\/2026\/03\/geoclimate-SEO.png","contentUrl":"https:\/\/geoclimate.ge\/wp-content\/uploads\/2026\/03\/geoclimate-SEO.png","width":1536,"height":1024,"caption":"GeoClimate"},"image":{"@id":"https:\/\/geoclimate.ge\/#\/schema\/logo\/image\/"}}]}},"_links":{"self":[{"href":"https:\/\/geoclimate.ge\/fr\/wp-json\/wp\/v2\/product\/24361","targetHints":{"allow":["GET"]}}],"collection":[{"href":"https:\/\/geoclimate.ge\/fr\/wp-json\/wp\/v2\/product"}],"about":[{"href":"https:\/\/geoclimate.ge\/fr\/wp-json\/wp\/v2\/types\/product"}],"wp:featuredmedia":[{"embeddable":true,"href":"https:\/\/geoclimate.ge\/fr\/wp-json\/wp\/v2\/media\/24344"}],"wp:attachment":[{"href":"https:\/\/geoclimate.ge\/fr\/wp-json\/wp\/v2\/media?parent=24361"}],"wp:term":[{"taxonomy":"product_brand","embeddable":true,"href":"https:\/\/geoclimate.ge\/fr\/wp-json\/wp\/v2\/product_brand?post=24361"},{"taxonomy":"product_cat","embeddable":true,"href":"https:\/\/geoclimate.ge\/fr\/wp-json\/wp\/v2\/product_cat?post=24361"},{"taxonomy":"product_tag","embeddable":true,"href":"https:\/\/geoclimate.ge\/fr\/wp-json\/wp\/v2\/product_tag?post=24361"}],"curies":[{"name":"wp","href":"https:\/\/api.w.org\/{rel}","templated":true}]}}