{"id":24507,"date":"2025-02-24T00:30:48","date_gmt":"2025-02-23T20:30:48","guid":{"rendered":"https:\/\/airsystems.ge\/shop\/product\/round-acoustic-panels-with-led-alphacoustic-kiklos-fos\/"},"modified":"2025-02-24T00:32:13","modified_gmt":"2025-02-23T20:32:13","slug":"round-acoustic-panels-with-led-alphacoustic-kiklos-fos","status":"publish","type":"product","link":"https:\/\/geoclimate.ge\/fr\/produit\/round-acoustic-panels-with-led-alphacoustic-kiklos-fos\/","title":{"rendered":"Panneaux acoustiques ronds avec LED ALPHAcoustic \u2013 Kiklos.Fos"},"content":{"rendered":"","protected":false},"excerpt":{"rendered":"<p>ALPHAcoustic \u2013 Kiklos.Fos est une nouvelle s\u00e9rie de panneaux acoustiques ronds qui combinent l&rsquo;acoustique avec l&rsquo;\u00e9clairage LED. Nomm\u00e9s d&rsquo;apr\u00e8s le mot grec \u00ab \u03a6\u03a9\u03a3 \u00bb qui signifie lumi\u00e8re, ces panneaux acoustiques sont suspendus horizontalement au plafond et envelopp\u00e9s d&rsquo;un tissu acoustiquement transparent. Ils comprennent un syst\u00e8me d&rsquo;\u00e9clairage rond qui permet un \u00e9clairage direct et r\u00e9fl\u00e9chi. Outre une excellente acoustique, ils sont con\u00e7us dans le but de fournir aux architectes d&rsquo;int\u00e9rieur et aux consultants en \u00e9clairage m\u00e9canique des solutions acoustiques et d&rsquo;\u00e9clairage compl\u00e8tes.<\/p>\n<p>Cat\u00e9gorie : Panneaux acoustiques avec lumi\u00e8re<\/p>\n","protected":false},"featured_media":24483,"template":"","meta":[],"product_brand":[],"product_cat":[739,778,955],"product_tag":[],"class_list":{"0":"post-24507","1":"product","2":"type-product","3":"status-publish","4":"has-post-thumbnail","6":"product_cat-architectural-acoustic-fr","7":"product_cat-acoustics-noise-fr","8":"product_cat-acoustiques-panneaux-lumiere-fr","10":"first","11":"instock","12":"shipping-taxable","13":"product-type-simple"},"yoast_head":"<!-- This site is optimized with the Yoast SEO plugin v27.1.1 - https:\/\/yoast.com\/product\/yoast-seo-wordpress\/ -->\n<title>Panneaux acoustiques ronds avec LED ALPHAcoustic \u2013 Kiklos.Fos - GeoClimate.ge<\/title>\n<meta name=\"robots\" content=\"index, follow, max-snippet:-1, max-image-preview:large, max-video-preview:-1\" \/>\n<link rel=\"canonical\" href=\"https:\/\/geoclimate.ge\/fr\/produit\/round-acoustic-panels-with-led-alphacoustic-kiklos-fos\/\" \/>\n<meta property=\"og:locale\" content=\"fr_FR\" \/>\n<meta property=\"og:type\" content=\"article\" \/>\n<meta property=\"og:title\" content=\"Panneaux acoustiques ronds avec LED ALPHAcoustic \u2013 Kiklos.Fos - GeoClimate.ge\" \/>\n<meta property=\"og:description\" content=\"ALPHAcoustic \u2013 Kiklos.Fos est une nouvelle s\u00e9rie de panneaux acoustiques ronds qui combinent l&#039;acoustique avec l&#039;\u00e9clairage LED. Nomm\u00e9s d&#039;apr\u00e8s le mot grec \u00ab \u03a6\u03a9\u03a3 \u00bb qui signifie lumi\u00e8re, ces panneaux acoustiques sont suspendus horizontalement au plafond et envelopp\u00e9s d&#039;un tissu acoustiquement transparent. Ils comprennent un syst\u00e8me d&#039;\u00e9clairage rond qui permet un \u00e9clairage direct et r\u00e9fl\u00e9chi. Outre une excellente acoustique, ils sont con\u00e7us dans le but de fournir aux architectes d&#039;int\u00e9rieur et aux consultants en \u00e9clairage m\u00e9canique des solutions acoustiques et d&#039;\u00e9clairage compl\u00e8tes.  Cat\u00e9gorie : Panneaux acoustiques avec lumi\u00e8re\" \/>\n<meta property=\"og:url\" content=\"https:\/\/geoclimate.ge\/fr\/produit\/round-acoustic-panels-with-led-alphacoustic-kiklos-fos\/\" \/>\n<meta property=\"og:site_name\" content=\"GeoClimate.ge\" \/>\n<meta property=\"article:modified_time\" content=\"2025-02-23T20:32:13+00:00\" \/>\n<meta property=\"og:image\" content=\"https:\/\/geoclimate.ge\/wp-content\/uploads\/2025\/02\/alphacoustic-kiklos-fos.jpg\" \/>\n\t<meta property=\"og:image:width\" content=\"1280\" \/>\n\t<meta property=\"og:image:height\" content=\"800\" \/>\n\t<meta property=\"og:image:type\" content=\"image\/jpeg\" \/>\n<meta name=\"twitter:card\" content=\"summary_large_image\" \/>\n<script type=\"application\/ld+json\" class=\"yoast-schema-graph\">{\"@context\":\"https:\/\/schema.org\",\"@graph\":[{\"@type\":\"WebPage\",\"@id\":\"https:\/\/geoclimate.ge\/fr\/produit\/round-acoustic-panels-with-led-alphacoustic-kiklos-fos\/\",\"url\":\"https:\/\/geoclimate.ge\/fr\/produit\/round-acoustic-panels-with-led-alphacoustic-kiklos-fos\/\",\"name\":\"Panneaux acoustiques ronds avec LED ALPHAcoustic \u2013 Kiklos.Fos - GeoClimate.ge\",\"isPartOf\":{\"@id\":\"https:\/\/geoclimate.ge\/#website\"},\"primaryImageOfPage\":{\"@id\":\"https:\/\/geoclimate.ge\/fr\/produit\/round-acoustic-panels-with-led-alphacoustic-kiklos-fos\/#primaryimage\"},\"image\":{\"@id\":\"https:\/\/geoclimate.ge\/fr\/produit\/round-acoustic-panels-with-led-alphacoustic-kiklos-fos\/#primaryimage\"},\"thumbnailUrl\":\"https:\/\/geoclimate.ge\/wp-content\/uploads\/2025\/02\/alphacoustic-kiklos-fos.jpg\",\"datePublished\":\"2025-02-23T20:30:48+00:00\",\"dateModified\":\"2025-02-23T20:32:13+00:00\",\"breadcrumb\":{\"@id\":\"https:\/\/geoclimate.ge\/fr\/produit\/round-acoustic-panels-with-led-alphacoustic-kiklos-fos\/#breadcrumb\"},\"inLanguage\":\"fr-FR\",\"potentialAction\":[{\"@type\":\"ReadAction\",\"target\":[\"https:\/\/geoclimate.ge\/fr\/produit\/round-acoustic-panels-with-led-alphacoustic-kiklos-fos\/\"]}]},{\"@type\":\"ImageObject\",\"inLanguage\":\"fr-FR\",\"@id\":\"https:\/\/geoclimate.ge\/fr\/produit\/round-acoustic-panels-with-led-alphacoustic-kiklos-fos\/#primaryimage\",\"url\":\"https:\/\/geoclimate.ge\/wp-content\/uploads\/2025\/02\/alphacoustic-kiklos-fos.jpg\",\"contentUrl\":\"https:\/\/geoclimate.ge\/wp-content\/uploads\/2025\/02\/alphacoustic-kiklos-fos.jpg\",\"width\":1280,\"height\":800},{\"@type\":\"BreadcrumbList\",\"@id\":\"https:\/\/geoclimate.ge\/fr\/produit\/round-acoustic-panels-with-led-alphacoustic-kiklos-fos\/#breadcrumb\",\"itemListElement\":[{\"@type\":\"ListItem\",\"position\":1,\"name\":\"Home\",\"item\":\"https:\/\/geoclimate.ge\/fr\/\"},{\"@type\":\"ListItem\",\"position\":2,\"name\":\"Products\",\"item\":\"https:\/\/geoclimate.ge\/fr\/products\/\"},{\"@type\":\"ListItem\",\"position\":3,\"name\":\"Panneaux acoustiques ronds avec LED ALPHAcoustic \u2013 Kiklos.Fos\"}]},{\"@type\":\"WebSite\",\"@id\":\"https:\/\/geoclimate.ge\/#website\",\"url\":\"https:\/\/geoclimate.ge\/\",\"name\":\"GeoClimate\",\"description\":\"\",\"publisher\":{\"@id\":\"https:\/\/geoclimate.ge\/#organization\"},\"potentialAction\":[{\"@type\":\"SearchAction\",\"target\":{\"@type\":\"EntryPoint\",\"urlTemplate\":\"https:\/\/geoclimate.ge\/?s={search_term_string}\"},\"query-input\":{\"@type\":\"PropertyValueSpecification\",\"valueRequired\":true,\"valueName\":\"search_term_string\"}}],\"inLanguage\":\"fr-FR\"},{\"@type\":\"Organization\",\"@id\":\"https:\/\/geoclimate.ge\/#organization\",\"name\":\"GeoClimate\",\"url\":\"https:\/\/geoclimate.ge\/\",\"logo\":{\"@type\":\"ImageObject\",\"inLanguage\":\"fr-FR\",\"@id\":\"https:\/\/geoclimate.ge\/#\/schema\/logo\/image\/\",\"url\":\"https:\/\/geoclimate.ge\/wp-content\/uploads\/2026\/03\/geoclimate-SEO.png\",\"contentUrl\":\"https:\/\/geoclimate.ge\/wp-content\/uploads\/2026\/03\/geoclimate-SEO.png\",\"width\":1536,\"height\":1024,\"caption\":\"GeoClimate\"},\"image\":{\"@id\":\"https:\/\/geoclimate.ge\/#\/schema\/logo\/image\/\"}}]}<\/script>\n<!-- \/ Yoast SEO plugin. -->","yoast_head_json":{"title":"Panneaux acoustiques ronds avec LED ALPHAcoustic \u2013 Kiklos.Fos - GeoClimate.ge","robots":{"index":"index","follow":"follow","max-snippet":"max-snippet:-1","max-image-preview":"max-image-preview:large","max-video-preview":"max-video-preview:-1"},"canonical":"https:\/\/geoclimate.ge\/fr\/produit\/round-acoustic-panels-with-led-alphacoustic-kiklos-fos\/","og_locale":"fr_FR","og_type":"article","og_title":"Panneaux acoustiques ronds avec LED ALPHAcoustic \u2013 Kiklos.Fos - GeoClimate.ge","og_description":"ALPHAcoustic \u2013 Kiklos.Fos est une nouvelle s\u00e9rie de panneaux acoustiques ronds qui combinent l'acoustique avec l'\u00e9clairage LED. Nomm\u00e9s d'apr\u00e8s le mot grec \u00ab \u03a6\u03a9\u03a3 \u00bb qui signifie lumi\u00e8re, ces panneaux acoustiques sont suspendus horizontalement au plafond et envelopp\u00e9s d'un tissu acoustiquement transparent. Ils comprennent un syst\u00e8me d'\u00e9clairage rond qui permet un \u00e9clairage direct et r\u00e9fl\u00e9chi. Outre une excellente acoustique, ils sont con\u00e7us dans le but de fournir aux architectes d'int\u00e9rieur et aux consultants en \u00e9clairage m\u00e9canique des solutions acoustiques et d'\u00e9clairage compl\u00e8tes.  Cat\u00e9gorie : Panneaux acoustiques avec lumi\u00e8re","og_url":"https:\/\/geoclimate.ge\/fr\/produit\/round-acoustic-panels-with-led-alphacoustic-kiklos-fos\/","og_site_name":"GeoClimate.ge","article_modified_time":"2025-02-23T20:32:13+00:00","og_image":[{"width":1280,"height":800,"url":"https:\/\/geoclimate.ge\/wp-content\/uploads\/2025\/02\/alphacoustic-kiklos-fos.jpg","type":"image\/jpeg"}],"twitter_card":"summary_large_image","schema":{"@context":"https:\/\/schema.org","@graph":[{"@type":"WebPage","@id":"https:\/\/geoclimate.ge\/fr\/produit\/round-acoustic-panels-with-led-alphacoustic-kiklos-fos\/","url":"https:\/\/geoclimate.ge\/fr\/produit\/round-acoustic-panels-with-led-alphacoustic-kiklos-fos\/","name":"Panneaux acoustiques ronds avec LED ALPHAcoustic \u2013 Kiklos.Fos - GeoClimate.ge","isPartOf":{"@id":"https:\/\/geoclimate.ge\/#website"},"primaryImageOfPage":{"@id":"https:\/\/geoclimate.ge\/fr\/produit\/round-acoustic-panels-with-led-alphacoustic-kiklos-fos\/#primaryimage"},"image":{"@id":"https:\/\/geoclimate.ge\/fr\/produit\/round-acoustic-panels-with-led-alphacoustic-kiklos-fos\/#primaryimage"},"thumbnailUrl":"https:\/\/geoclimate.ge\/wp-content\/uploads\/2025\/02\/alphacoustic-kiklos-fos.jpg","datePublished":"2025-02-23T20:30:48+00:00","dateModified":"2025-02-23T20:32:13+00:00","breadcrumb":{"@id":"https:\/\/geoclimate.ge\/fr\/produit\/round-acoustic-panels-with-led-alphacoustic-kiklos-fos\/#breadcrumb"},"inLanguage":"fr-FR","potentialAction":[{"@type":"ReadAction","target":["https:\/\/geoclimate.ge\/fr\/produit\/round-acoustic-panels-with-led-alphacoustic-kiklos-fos\/"]}]},{"@type":"ImageObject","inLanguage":"fr-FR","@id":"https:\/\/geoclimate.ge\/fr\/produit\/round-acoustic-panels-with-led-alphacoustic-kiklos-fos\/#primaryimage","url":"https:\/\/geoclimate.ge\/wp-content\/uploads\/2025\/02\/alphacoustic-kiklos-fos.jpg","contentUrl":"https:\/\/geoclimate.ge\/wp-content\/uploads\/2025\/02\/alphacoustic-kiklos-fos.jpg","width":1280,"height":800},{"@type":"BreadcrumbList","@id":"https:\/\/geoclimate.ge\/fr\/produit\/round-acoustic-panels-with-led-alphacoustic-kiklos-fos\/#breadcrumb","itemListElement":[{"@type":"ListItem","position":1,"name":"Home","item":"https:\/\/geoclimate.ge\/fr\/"},{"@type":"ListItem","position":2,"name":"Products","item":"https:\/\/geoclimate.ge\/fr\/products\/"},{"@type":"ListItem","position":3,"name":"Panneaux acoustiques ronds avec LED ALPHAcoustic \u2013 Kiklos.Fos"}]},{"@type":"WebSite","@id":"https:\/\/geoclimate.ge\/#website","url":"https:\/\/geoclimate.ge\/","name":"GeoClimate","description":"","publisher":{"@id":"https:\/\/geoclimate.ge\/#organization"},"potentialAction":[{"@type":"SearchAction","target":{"@type":"EntryPoint","urlTemplate":"https:\/\/geoclimate.ge\/?s={search_term_string}"},"query-input":{"@type":"PropertyValueSpecification","valueRequired":true,"valueName":"search_term_string"}}],"inLanguage":"fr-FR"},{"@type":"Organization","@id":"https:\/\/geoclimate.ge\/#organization","name":"GeoClimate","url":"https:\/\/geoclimate.ge\/","logo":{"@type":"ImageObject","inLanguage":"fr-FR","@id":"https:\/\/geoclimate.ge\/#\/schema\/logo\/image\/","url":"https:\/\/geoclimate.ge\/wp-content\/uploads\/2026\/03\/geoclimate-SEO.png","contentUrl":"https:\/\/geoclimate.ge\/wp-content\/uploads\/2026\/03\/geoclimate-SEO.png","width":1536,"height":1024,"caption":"GeoClimate"},"image":{"@id":"https:\/\/geoclimate.ge\/#\/schema\/logo\/image\/"}}]}},"_links":{"self":[{"href":"https:\/\/geoclimate.ge\/fr\/wp-json\/wp\/v2\/product\/24507","targetHints":{"allow":["GET"]}}],"collection":[{"href":"https:\/\/geoclimate.ge\/fr\/wp-json\/wp\/v2\/product"}],"about":[{"href":"https:\/\/geoclimate.ge\/fr\/wp-json\/wp\/v2\/types\/product"}],"wp:featuredmedia":[{"embeddable":true,"href":"https:\/\/geoclimate.ge\/fr\/wp-json\/wp\/v2\/media\/24483"}],"wp:attachment":[{"href":"https:\/\/geoclimate.ge\/fr\/wp-json\/wp\/v2\/media?parent=24507"}],"wp:term":[{"taxonomy":"product_brand","embeddable":true,"href":"https:\/\/geoclimate.ge\/fr\/wp-json\/wp\/v2\/product_brand?post=24507"},{"taxonomy":"product_cat","embeddable":true,"href":"https:\/\/geoclimate.ge\/fr\/wp-json\/wp\/v2\/product_cat?post=24507"},{"taxonomy":"product_tag","embeddable":true,"href":"https:\/\/geoclimate.ge\/fr\/wp-json\/wp\/v2\/product_tag?post=24507"}],"curies":[{"name":"wp","href":"https:\/\/api.w.org\/{rel}","templated":true}]}}