{"id":24926,"date":"2025-02-26T12:52:07","date_gmt":"2025-02-26T08:52:07","guid":{"rendered":"https:\/\/airsystems.ge\/shop\/product\/bq16-hcho-tvoc-measuring-device\/"},"modified":"2025-02-26T13:02:34","modified_gmt":"2025-02-26T09:02:34","slug":"bq16-hcho-tvoc-measuring-device","status":"publish","type":"product","link":"https:\/\/geoclimate.ge\/fr\/produit\/bq16-hcho-tvoc-measuring-device\/","title":{"rendered":"Appareil de mesure HCHO\/TVOC BQ16  D\u00e9tection pr\u00e9cise des concentrations de formald\u00e9hyde et de COV pour les \u00e9valuations de la qualit\u00e9 de l&rsquo;air"},"content":{"rendered":"<table id=\"t06657d17331906\" class=\"tech\" cellspacing=\"0\" cellpadding=\"0\">\n<thead>\n<tr class=\"titlerow\">\n<th class=\"color titlerow-dropdown rotate-225deg\" colspan=\"3\">Technical data<\/th>\n<\/tr>\n<\/thead>\n<tbody>\n<tr class=\"headerrow\">\n<th colspan=\"3\">General information<\/th>\n<\/tr>\n<tr class=\"odd\">\n<th width=\"30%\">Article number<\/th>\n<td width=\"40%\">3.510.205.090<\/td>\n<\/tr>\n<tr class=\"headerrow\">\n<th colspan=\"3\">HCHO (formaldehyde)<\/th>\n<\/tr>\n<tr class=\"odd\">\n<th width=\"30%\">Min. measuring range | Formaldehyde [ppm]<\/th>\n<td width=\"40%\">0<\/td>\n<\/tr>\n<tr class=\"even\">\n<th width=\"30%\">Max. measuring range | Formaldehyde [ppm]<\/th>\n<td width=\"40%\">5<\/td>\n<\/tr>\n<tr class=\"odd\">\n<th width=\"30%\">Resolution | Formaldehyde [ppm]<\/th>\n<td width=\"40%\">0.01<\/td>\n<\/tr>\n<tr class=\"even\">\n<th width=\"30%\">Min. measuring range | Formaldehyde [mg\/m\u00b3]<\/th>\n<td width=\"40%\">0<\/td>\n<\/tr>\n<tr class=\"odd\">\n<th width=\"30%\">Max. measuring range | Formaldehyde [mg\/m\u00b3]<\/th>\n<td width=\"40%\">5<\/td>\n<\/tr>\n<tr class=\"even\">\n<th width=\"30%\">Resolution\u00a0 | Formaldehyde [mg\/m\u00b3]<\/th>\n<td width=\"40%\">0.01<\/td>\n<\/tr>\n<tr class=\"odd\">\n<th width=\"30%\">Accuracy \u00b1 | Formaldehyde [% FS (full scale)]<\/th>\n<td width=\"40%\">5<\/td>\n<\/tr>\n<tr class=\"headerrow\">\n<th colspan=\"3\">TVOC (total volatile organic compounds)<\/th>\n<\/tr>\n<tr class=\"odd\">\n<th width=\"30%\">Min. measuring range\u00a0 | TVOC [ppm]<\/th>\n<td width=\"40%\">0<\/td>\n<\/tr>\n<tr class=\"even\">\n<th width=\"30%\">Max. measuring range\u00a0 | TVOC [ppm]<\/th>\n<td width=\"40%\">9.99<\/td>\n<\/tr>\n<tr class=\"odd\">\n<th width=\"30%\">Resolution\u00a0 | TVOC [ppm]<\/th>\n<td width=\"40%\">0.01<\/td>\n<\/tr>\n<tr class=\"even\">\n<th width=\"30%\">Min. measuring range | TVOC [mg\/m\u00b3]<\/th>\n<td width=\"40%\">0<\/td>\n<\/tr>\n<tr class=\"odd\">\n<th width=\"30%\">Max. measuring range | TVOC [mg\/m\u00b3]<\/th>\n<td width=\"40%\">9.99<\/td>\n<\/tr>\n<tr class=\"even\">\n<th width=\"30%\">Resolution\u00a0 | TVOC [mg\/m\u00b3]<\/th>\n<td width=\"40%\">0.01<\/td>\n<\/tr>\n<tr class=\"odd\">\n<th width=\"30%\">Accuracy \u00b1 | TVOC [% FS (full scale)]<\/th>\n<td width=\"40%\">10<\/td>\n<\/tr>\n<tr class=\"headerrow\">\n<th colspan=\"3\">Display<\/th>\n<\/tr>\n<tr class=\"odd\">\n<th width=\"30%\">Dual LCD, 3-digit<\/th>\n<td width=\"40%\"><\/td>\n<\/tr>\n<tr class=\"even\">\n<th width=\"30%\">Backlit display<\/th>\n<td width=\"40%\"><\/td>\n<\/tr>\n<tr class=\"headerrow\">\n<th colspan=\"3\">Power supply<\/th>\n<\/tr>\n<tr class=\"odd\">\n<th width=\"30%\">Battery type<\/th>\n<td width=\"40%\">1 x 9 V battery<\/td>\n<\/tr>\n<tr class=\"headerrow\">\n<th colspan=\"3\">Housing design<\/th>\n<\/tr>\n<tr class=\"odd\">\n<th width=\"30%\">Plastics<\/th>\n<td width=\"40%\"><\/td>\n<\/tr>\n<tr class=\"headerrow\">\n<th colspan=\"3\">Ambient conditions<\/th>\n<\/tr>\n<tr class=\"odd\">\n<th width=\"30%\">Operation &#8211; min. temperature [\u00b0C]<\/th>\n<td width=\"40%\">0<\/td>\n<\/tr>\n<tr class=\"even\">\n<th width=\"30%\">Operation &#8211; max. temperature [\u00b0C]<\/th>\n<td width=\"40%\">50<\/td>\n<\/tr>\n<tr class=\"odd\">\n<th width=\"30%\">Operation \u2013 max. relative humidity (non-condensing) [%]<\/th>\n<td width=\"40%\">80<\/td>\n<\/tr>\n<tr class=\"even\">\n<th width=\"30%\">Storage &#8211; min. temperature [\u00b0C]<\/th>\n<td width=\"40%\">-10<\/td>\n<\/tr>\n<tr class=\"odd\">\n<th width=\"30%\">Storage &#8211; max. temperature [\u00b0C]<\/th>\n<td width=\"40%\">60<\/td>\n<\/tr>\n<tr class=\"even\">\n<th width=\"30%\">Storage &#8211; max. relative humidity (non-condensing) [%]<\/th>\n<td width=\"40%\">80<\/td>\n<\/tr>\n<tr class=\"headerrow\">\n<th colspan=\"3\">Dimensions<\/th>\n<\/tr>\n<tr class=\"odd\">\n<th width=\"30%\">Length (packaging excluded) [mm]<\/th>\n<td width=\"40%\">35<\/td>\n<\/tr>\n<tr class=\"even\">\n<th width=\"30%\">Width (packaging excluded) [mm]<\/th>\n<td width=\"40%\">55<\/td>\n<\/tr>\n<tr class=\"odd\">\n<th width=\"30%\">Height (packaging excluded) [mm]<\/th>\n<td width=\"40%\">230<\/td>\n<\/tr>\n<\/tbody>\n<\/table>\n<table id=\"t16657d17331906\" class=\"tech\" cellspacing=\"0\" cellpadding=\"0\">\n<thead>\n<tr class=\"titlerow\">\n<th class=\"color titlerow-dropdown rotate-225deg\" colspan=\"3\">Equipment, features and functions<\/th>\n<\/tr>\n<\/thead>\n<tbody>\n<tr class=\"headerrow\">\n<th colspan=\"3\">Internal sensors<\/th>\n<\/tr>\n<tr class=\"odd\">\n<th width=\"30%\">HCHO<\/th>\n<td width=\"40%\"><\/td>\n<\/tr>\n<tr class=\"even\">\n<th width=\"30%\">TVOC<\/th>\n<td width=\"40%\"><\/td>\n<\/tr>\n<tr class=\"headerrow\">\n<th colspan=\"3\">Functions and features<\/th>\n<\/tr>\n<tr class=\"odd\">\n<th width=\"30%\">Minimum value display<\/th>\n<td width=\"40%\"><\/td>\n<\/tr>\n<tr class=\"even\">\n<th width=\"30%\">Maximum value display<\/th>\n<td width=\"40%\"><\/td>\n<\/tr>\n<tr class=\"odd\">\n<th width=\"30%\">Real-time measured value indication<\/th>\n<td width=\"40%\"><\/td>\n<\/tr>\n<tr class=\"even\">\n<th width=\"30%\">Measured value hold function<\/th>\n<td width=\"40%\"><\/td>\n<\/tr>\n<tr class=\"odd\">\n<th width=\"30%\">Automatic switch-off<\/th>\n<td width=\"40%\"><\/td>\n<\/tr>\n<tr class=\"even\">\n<th width=\"30%\">Backlit display<\/th>\n<td width=\"40%\"><\/td>\n<\/tr>\n<tr class=\"odd\">\n<th width=\"30%\">Battery status indication<\/th>\n<td width=\"40%\"><\/td>\n<\/tr>\n<\/tbody>\n<\/table>\n<table id=\"t26657d17331906\" class=\"tech\" cellspacing=\"0\" cellpadding=\"0\">\n<thead>\n<tr class=\"titlerow\">\n<th class=\"color titlerow-dropdown rotate-225deg\" colspan=\"3\">Standard scope of delivery<\/th>\n<\/tr>\n<\/thead>\n<tbody>\n<tr class=\"headerrow\">\n<th colspan=\"3\">Standard scope of delivery<\/th>\n<\/tr>\n<tr class=\"odd\">\n<th width=\"30%\">Measuring device<\/th>\n<td width=\"40%\"><\/td>\n<\/tr>\n<tr class=\"even\">\n<th width=\"30%\">Storage case<\/th>\n<td width=\"40%\"><\/td>\n<\/tr>\n<tr class=\"odd\">\n<th width=\"30%\">Getting started guide<\/th>\n<td width=\"40%\"><\/td>\n<\/tr>\n<\/tbody>\n<\/table>\n<table id=\"t36657d17331906\" class=\"tech\" cellspacing=\"0\" cellpadding=\"0\">\n<thead>\n<tr class=\"titlerow\">\n<th class=\"color titlerow-dropdown rotate-225deg\" colspan=\"3\">Ascertainable measured values and functions<\/th>\n<\/tr>\n<\/thead>\n<tbody>\n<tr class=\"headerrow\">\n<th colspan=\"3\">Internal sensors<\/th>\n<\/tr>\n<tr class=\"odd\">\n<th width=\"30%\">HCHO<\/th>\n<td width=\"40%\"><\/td>\n<\/tr>\n<tr class=\"even\">\n<th width=\"30%\">TVOC<\/th>\n<td width=\"40%\"><\/td>\n<\/tr>\n<tr class=\"headerrow\">\n<th colspan=\"3\">Functions and features<\/th>\n<\/tr>\n<tr class=\"odd\">\n<th width=\"30%\">Minimum value display<\/th>\n<td width=\"40%\"><\/td>\n<\/tr>\n<tr class=\"even\">\n<th width=\"30%\">Maximum value display<\/th>\n<td width=\"40%\"><\/td>\n<\/tr>\n<tr class=\"odd\">\n<th width=\"30%\">Real-time measured value indication<\/th>\n<td width=\"40%\"><\/td>\n<\/tr>\n<tr class=\"even\">\n<th width=\"30%\">Measured value hold function<\/th>\n<td width=\"40%\"><\/td>\n<\/tr>\n<tr class=\"odd\">\n<th width=\"30%\">Automatic switch-off<\/th>\n<td width=\"40%\"><\/td>\n<\/tr>\n<tr class=\"even\">\n<th width=\"30%\">Backlit display<\/th>\n<td width=\"40%\"><\/td>\n<\/tr>\n<tr class=\"odd\">\n<th width=\"30%\">Battery status indication<\/th>\n<td width=\"40%\"><\/td>\n<\/tr>\n<\/tbody>\n<\/table>\n<div class=\"legendtext\">\n<p class=\"bodytext\">\u00a0standard equipment<\/p>\n<p class=\"bodytext\">\u00a0optionally available<\/p>\n<p class=\"bodytext\">\u00a0not available<\/p>\n<\/div>\n","protected":false},"excerpt":{"rendered":"<div id=\"c2557763\" class=\"csc-default ctype-header\">\n<p>Appareil de mesure compact de la qualit\u00e9 de l&rsquo;air pour la d\u00e9tection des concentrations de formald\u00e9hyde et de COV dans l&rsquo;air ambiant<br \/>\nQue ce soit \u00e0 la maison, au bureau ou sur le lieu de travail, dans les institutions publiques, les \u00e9coles et les jardins d&rsquo;enfants, partout o\u00f9 les gens restent longtemps \u00e0 l&rsquo;int\u00e9rieur, un air propre et non pollu\u00e9 est une n\u00e9cessit\u00e9 pour pr\u00e9server la sant\u00e9.<\/p>\n<p>On ne peut malheureusement pas \u00e9valuer la pollution atmosph\u00e9rique d&rsquo;un seul coup d&rsquo;\u0153il, mais au moins la mesurer : avec l&rsquo;appareil de mesure HCHO\/TVOC BQ16 de Trotec.<\/p>\n<p>Le formald\u00e9hyde (HCHO) et les compos\u00e9s organiques volatils (COV) sont certainement les groupes de substances les plus courants et les plus dangereux en ce qui concerne l&rsquo;exposition \u00e0 l&rsquo;air int\u00e9rieur.<\/p>\n<p>C&rsquo;est pourquoi les deux concentrations peuvent \u00eatre mesur\u00e9es simultan\u00e9ment en temps r\u00e9el avec le BQ16 pour garantir que la pollution de l&rsquo;air ambiant est inoffensive. Le BQ16 d\u00e9tecte m\u00eame des concentrations faibles de 0,01 ppm ou 0,01 mg\/m\u00b3.<\/p>\n<p>La l\u00e9gislation allemande d\u00e9finit g\u00e9n\u00e9ralement des valeurs limites en mg\/m\u00b3 ou en ppm (parties par million). C&rsquo;est pourquoi le BQ16 a \u00e9t\u00e9 con\u00e7u pour afficher \u00e9galement toutes les valeurs mesur\u00e9es en mg\/m\u00b3 ou en ppm par simple pression sur un bouton.<\/p>\n<p>L&rsquo;utilisation du BQ16 est agr\u00e9ablement simple : d\u00e8s la mise en marche, l&rsquo;appareil de mesure d\u00e9termine automatiquement les concentrations en HCHO et en TVOC. Les deux valeurs mesur\u00e9es sont affich\u00e9es simultan\u00e9ment sur l&rsquo;\u00e9cran bien lisible du BQ16 avec r\u00e9tro\u00e9clairage sur demande.<\/p>\n<p>Gr\u00e2ce aux fonctions int\u00e9gr\u00e9es MIN, MAX et HOLD, vous pouvez visualiser la valeur minimale ou maximale \u00e0 tout moment pendant la mesure et m\u00eame maintenir la valeur actuellement mesur\u00e9e si n\u00e9cessaire. Pour un fonctionnement \u00e9conome en batterie, cet appareil de mesure pratique est en outre \u00e9quip\u00e9 d&rsquo;une fonction d&rsquo;arr\u00eat automatique.<\/p>\n<\/div>\n","protected":false},"featured_media":24921,"template":"","meta":[],"product_brand":[],"product_cat":[1165,412,420,421,430],"product_tag":[],"class_list":{"0":"post-24926","1":"product","2":"type-product","3":"status-publish","4":"has-post-thumbnail","6":"product_cat-technologie-de-mesure","7":"product_cat-climatisation-deshumidificateur-dair-ventilateur-fr-ventilation","8":"product_cat-trotec-fr","9":"product_cat-mesure-outils-instruments-appareils","10":"product_cat-emission-fr","12":"first","13":"instock","14":"shipping-taxable","15":"purchasable","16":"product-type-simple"},"yoast_head":"<!-- This site is optimized with the Yoast SEO plugin v27.1.1 - https:\/\/yoast.com\/product\/yoast-seo-wordpress\/ -->\n<title>Appareil de mesure HCHO\/TVOC BQ16 D\u00e9tection pr\u00e9cise des concentrations de formald\u00e9hyde et de COV pour les \u00e9valuations de la qualit\u00e9 de l&#039;air - GeoClimate.ge<\/title>\n<meta name=\"robots\" content=\"index, follow, max-snippet:-1, max-image-preview:large, max-video-preview:-1\" \/>\n<link rel=\"canonical\" href=\"https:\/\/geoclimate.ge\/fr\/produit\/bq16-hcho-tvoc-measuring-device\/\" \/>\n<meta property=\"og:locale\" content=\"fr_FR\" \/>\n<meta property=\"og:type\" content=\"article\" \/>\n<meta property=\"og:title\" content=\"Appareil de mesure HCHO\/TVOC BQ16 D\u00e9tection pr\u00e9cise des concentrations de formald\u00e9hyde et de COV pour les \u00e9valuations de la qualit\u00e9 de l&#039;air - GeoClimate.ge\" \/>\n<meta property=\"og:description\" content=\"Appareil de mesure compact de la qualit\u00e9 de l&#039;air pour la d\u00e9tection des concentrations de formald\u00e9hyde et de COV dans l&#039;air ambiant Que ce soit \u00e0 la maison, au bureau ou sur le lieu de travail, dans les institutions publiques, les \u00e9coles et les jardins d&#039;enfants, partout o\u00f9 les gens restent longtemps \u00e0 l&#039;int\u00e9rieur, un air propre et non pollu\u00e9 est une n\u00e9cessit\u00e9 pour pr\u00e9server la sant\u00e9.  On ne peut malheureusement pas \u00e9valuer la pollution atmosph\u00e9rique d&#039;un seul coup d&#039;\u0153il, mais au moins la mesurer : avec l&#039;appareil de mesure HCHO\/TVOC BQ16 de Trotec.  Le formald\u00e9hyde (HCHO) et les compos\u00e9s organiques volatils (COV) sont certainement les groupes de substances les plus courants et les plus dangereux en ce qui concerne l&#039;exposition \u00e0 l&#039;air int\u00e9rieur.  C&#039;est pourquoi les deux concentrations peuvent \u00eatre mesur\u00e9es simultan\u00e9ment en temps r\u00e9el avec le BQ16 pour garantir que la pollution de l&#039;air ambiant est inoffensive. Le BQ16 d\u00e9tecte m\u00eame des concentrations faibles de 0,01 ppm ou 0,01 mg\/m\u00b3.  La l\u00e9gislation allemande d\u00e9finit g\u00e9n\u00e9ralement des valeurs limites en mg\/m\u00b3 ou en ppm (parties par million). C&#039;est pourquoi le BQ16 a \u00e9t\u00e9 con\u00e7u pour afficher \u00e9galement toutes les valeurs mesur\u00e9es en mg\/m\u00b3 ou en ppm par simple pression sur un bouton.  L&#039;utilisation du BQ16 est agr\u00e9ablement simple : d\u00e8s la mise en marche, l&#039;appareil de mesure d\u00e9termine automatiquement les concentrations en HCHO et en TVOC. Les deux valeurs mesur\u00e9es sont affich\u00e9es simultan\u00e9ment sur l&#039;\u00e9cran bien lisible du BQ16 avec r\u00e9tro\u00e9clairage sur demande.  Gr\u00e2ce aux fonctions int\u00e9gr\u00e9es MIN, MAX et HOLD, vous pouvez visualiser la valeur minimale ou maximale \u00e0 tout moment pendant la mesure et m\u00eame maintenir la valeur actuellement mesur\u00e9e si n\u00e9cessaire. Pour un fonctionnement \u00e9conome en batterie, cet appareil de mesure pratique est en outre \u00e9quip\u00e9 d&#039;une fonction d&#039;arr\u00eat automatique.\" \/>\n<meta property=\"og:url\" content=\"https:\/\/geoclimate.ge\/fr\/produit\/bq16-hcho-tvoc-measuring-device\/\" \/>\n<meta property=\"og:site_name\" content=\"GeoClimate.ge\" \/>\n<meta property=\"article:modified_time\" content=\"2025-02-26T09:02:34+00:00\" \/>\n<meta property=\"og:image\" content=\"https:\/\/geoclimate.ge\/wp-content\/uploads\/2025\/02\/bq16-5756.jpg\" \/>\n\t<meta property=\"og:image:width\" content=\"600\" \/>\n\t<meta property=\"og:image:height\" content=\"600\" \/>\n\t<meta property=\"og:image:type\" content=\"image\/jpeg\" \/>\n<meta name=\"twitter:card\" content=\"summary_large_image\" \/>\n<meta name=\"twitter:label1\" content=\"Dur\u00e9e de lecture estim\u00e9e\" \/>\n\t<meta name=\"twitter:data1\" content=\"1 minute\" \/>\n<script type=\"application\/ld+json\" class=\"yoast-schema-graph\">{\"@context\":\"https:\/\/schema.org\",\"@graph\":[{\"@type\":\"WebPage\",\"@id\":\"https:\/\/geoclimate.ge\/fr\/produit\/bq16-hcho-tvoc-measuring-device\/\",\"url\":\"https:\/\/geoclimate.ge\/fr\/produit\/bq16-hcho-tvoc-measuring-device\/\",\"name\":\"Appareil de mesure HCHO\/TVOC BQ16 D\u00e9tection pr\u00e9cise des concentrations de formald\u00e9hyde et de COV pour les \u00e9valuations de la qualit\u00e9 de l'air - GeoClimate.ge\",\"isPartOf\":{\"@id\":\"https:\/\/geoclimate.ge\/#website\"},\"primaryImageOfPage\":{\"@id\":\"https:\/\/geoclimate.ge\/fr\/produit\/bq16-hcho-tvoc-measuring-device\/#primaryimage\"},\"image\":{\"@id\":\"https:\/\/geoclimate.ge\/fr\/produit\/bq16-hcho-tvoc-measuring-device\/#primaryimage\"},\"thumbnailUrl\":\"https:\/\/geoclimate.ge\/wp-content\/uploads\/2025\/02\/bq16-5756.jpg\",\"datePublished\":\"2025-02-26T08:52:07+00:00\",\"dateModified\":\"2025-02-26T09:02:34+00:00\",\"breadcrumb\":{\"@id\":\"https:\/\/geoclimate.ge\/fr\/produit\/bq16-hcho-tvoc-measuring-device\/#breadcrumb\"},\"inLanguage\":\"fr-FR\",\"potentialAction\":[{\"@type\":\"ReadAction\",\"target\":[\"https:\/\/geoclimate.ge\/fr\/produit\/bq16-hcho-tvoc-measuring-device\/\"]}]},{\"@type\":\"ImageObject\",\"inLanguage\":\"fr-FR\",\"@id\":\"https:\/\/geoclimate.ge\/fr\/produit\/bq16-hcho-tvoc-measuring-device\/#primaryimage\",\"url\":\"https:\/\/geoclimate.ge\/wp-content\/uploads\/2025\/02\/bq16-5756.jpg\",\"contentUrl\":\"https:\/\/geoclimate.ge\/wp-content\/uploads\/2025\/02\/bq16-5756.jpg\",\"width\":600,\"height\":600},{\"@type\":\"BreadcrumbList\",\"@id\":\"https:\/\/geoclimate.ge\/fr\/produit\/bq16-hcho-tvoc-measuring-device\/#breadcrumb\",\"itemListElement\":[{\"@type\":\"ListItem\",\"position\":1,\"name\":\"Home\",\"item\":\"https:\/\/geoclimate.ge\/fr\/\"},{\"@type\":\"ListItem\",\"position\":2,\"name\":\"Products\",\"item\":\"https:\/\/geoclimate.ge\/fr\/products\/\"},{\"@type\":\"ListItem\",\"position\":3,\"name\":\"Appareil de mesure HCHO\/TVOC BQ16 D\u00e9tection pr\u00e9cise des concentrations de formald\u00e9hyde et de COV pour les \u00e9valuations de la qualit\u00e9 de l&#8217;air\"}]},{\"@type\":\"WebSite\",\"@id\":\"https:\/\/geoclimate.ge\/#website\",\"url\":\"https:\/\/geoclimate.ge\/\",\"name\":\"GeoClimate\",\"description\":\"\",\"publisher\":{\"@id\":\"https:\/\/geoclimate.ge\/#organization\"},\"potentialAction\":[{\"@type\":\"SearchAction\",\"target\":{\"@type\":\"EntryPoint\",\"urlTemplate\":\"https:\/\/geoclimate.ge\/?s={search_term_string}\"},\"query-input\":{\"@type\":\"PropertyValueSpecification\",\"valueRequired\":true,\"valueName\":\"search_term_string\"}}],\"inLanguage\":\"fr-FR\"},{\"@type\":\"Organization\",\"@id\":\"https:\/\/geoclimate.ge\/#organization\",\"name\":\"GeoClimate\",\"url\":\"https:\/\/geoclimate.ge\/\",\"logo\":{\"@type\":\"ImageObject\",\"inLanguage\":\"fr-FR\",\"@id\":\"https:\/\/geoclimate.ge\/#\/schema\/logo\/image\/\",\"url\":\"https:\/\/geoclimate.ge\/wp-content\/uploads\/2026\/03\/geoclimate-SEO.png\",\"contentUrl\":\"https:\/\/geoclimate.ge\/wp-content\/uploads\/2026\/03\/geoclimate-SEO.png\",\"width\":1536,\"height\":1024,\"caption\":\"GeoClimate\"},\"image\":{\"@id\":\"https:\/\/geoclimate.ge\/#\/schema\/logo\/image\/\"}}]}<\/script>\n<!-- \/ Yoast SEO plugin. -->","yoast_head_json":{"title":"Appareil de mesure HCHO\/TVOC BQ16 D\u00e9tection pr\u00e9cise des concentrations de formald\u00e9hyde et de COV pour les \u00e9valuations de la qualit\u00e9 de l'air - GeoClimate.ge","robots":{"index":"index","follow":"follow","max-snippet":"max-snippet:-1","max-image-preview":"max-image-preview:large","max-video-preview":"max-video-preview:-1"},"canonical":"https:\/\/geoclimate.ge\/fr\/produit\/bq16-hcho-tvoc-measuring-device\/","og_locale":"fr_FR","og_type":"article","og_title":"Appareil de mesure HCHO\/TVOC BQ16 D\u00e9tection pr\u00e9cise des concentrations de formald\u00e9hyde et de COV pour les \u00e9valuations de la qualit\u00e9 de l'air - GeoClimate.ge","og_description":"Appareil de mesure compact de la qualit\u00e9 de l'air pour la d\u00e9tection des concentrations de formald\u00e9hyde et de COV dans l'air ambiant Que ce soit \u00e0 la maison, au bureau ou sur le lieu de travail, dans les institutions publiques, les \u00e9coles et les jardins d'enfants, partout o\u00f9 les gens restent longtemps \u00e0 l'int\u00e9rieur, un air propre et non pollu\u00e9 est une n\u00e9cessit\u00e9 pour pr\u00e9server la sant\u00e9.  On ne peut malheureusement pas \u00e9valuer la pollution atmosph\u00e9rique d'un seul coup d'\u0153il, mais au moins la mesurer : avec l'appareil de mesure HCHO\/TVOC BQ16 de Trotec.  Le formald\u00e9hyde (HCHO) et les compos\u00e9s organiques volatils (COV) sont certainement les groupes de substances les plus courants et les plus dangereux en ce qui concerne l'exposition \u00e0 l'air int\u00e9rieur.  C'est pourquoi les deux concentrations peuvent \u00eatre mesur\u00e9es simultan\u00e9ment en temps r\u00e9el avec le BQ16 pour garantir que la pollution de l'air ambiant est inoffensive. Le BQ16 d\u00e9tecte m\u00eame des concentrations faibles de 0,01 ppm ou 0,01 mg\/m\u00b3.  La l\u00e9gislation allemande d\u00e9finit g\u00e9n\u00e9ralement des valeurs limites en mg\/m\u00b3 ou en ppm (parties par million). C'est pourquoi le BQ16 a \u00e9t\u00e9 con\u00e7u pour afficher \u00e9galement toutes les valeurs mesur\u00e9es en mg\/m\u00b3 ou en ppm par simple pression sur un bouton.  L'utilisation du BQ16 est agr\u00e9ablement simple : d\u00e8s la mise en marche, l'appareil de mesure d\u00e9termine automatiquement les concentrations en HCHO et en TVOC. Les deux valeurs mesur\u00e9es sont affich\u00e9es simultan\u00e9ment sur l'\u00e9cran bien lisible du BQ16 avec r\u00e9tro\u00e9clairage sur demande.  Gr\u00e2ce aux fonctions int\u00e9gr\u00e9es MIN, MAX et HOLD, vous pouvez visualiser la valeur minimale ou maximale \u00e0 tout moment pendant la mesure et m\u00eame maintenir la valeur actuellement mesur\u00e9e si n\u00e9cessaire. Pour un fonctionnement \u00e9conome en batterie, cet appareil de mesure pratique est en outre \u00e9quip\u00e9 d'une fonction d'arr\u00eat automatique.","og_url":"https:\/\/geoclimate.ge\/fr\/produit\/bq16-hcho-tvoc-measuring-device\/","og_site_name":"GeoClimate.ge","article_modified_time":"2025-02-26T09:02:34+00:00","og_image":[{"width":600,"height":600,"url":"https:\/\/geoclimate.ge\/wp-content\/uploads\/2025\/02\/bq16-5756.jpg","type":"image\/jpeg"}],"twitter_card":"summary_large_image","twitter_misc":{"Dur\u00e9e de lecture estim\u00e9e":"1 minute"},"schema":{"@context":"https:\/\/schema.org","@graph":[{"@type":"WebPage","@id":"https:\/\/geoclimate.ge\/fr\/produit\/bq16-hcho-tvoc-measuring-device\/","url":"https:\/\/geoclimate.ge\/fr\/produit\/bq16-hcho-tvoc-measuring-device\/","name":"Appareil de mesure HCHO\/TVOC BQ16 D\u00e9tection pr\u00e9cise des concentrations de formald\u00e9hyde et de COV pour les \u00e9valuations de la qualit\u00e9 de l'air - GeoClimate.ge","isPartOf":{"@id":"https:\/\/geoclimate.ge\/#website"},"primaryImageOfPage":{"@id":"https:\/\/geoclimate.ge\/fr\/produit\/bq16-hcho-tvoc-measuring-device\/#primaryimage"},"image":{"@id":"https:\/\/geoclimate.ge\/fr\/produit\/bq16-hcho-tvoc-measuring-device\/#primaryimage"},"thumbnailUrl":"https:\/\/geoclimate.ge\/wp-content\/uploads\/2025\/02\/bq16-5756.jpg","datePublished":"2025-02-26T08:52:07+00:00","dateModified":"2025-02-26T09:02:34+00:00","breadcrumb":{"@id":"https:\/\/geoclimate.ge\/fr\/produit\/bq16-hcho-tvoc-measuring-device\/#breadcrumb"},"inLanguage":"fr-FR","potentialAction":[{"@type":"ReadAction","target":["https:\/\/geoclimate.ge\/fr\/produit\/bq16-hcho-tvoc-measuring-device\/"]}]},{"@type":"ImageObject","inLanguage":"fr-FR","@id":"https:\/\/geoclimate.ge\/fr\/produit\/bq16-hcho-tvoc-measuring-device\/#primaryimage","url":"https:\/\/geoclimate.ge\/wp-content\/uploads\/2025\/02\/bq16-5756.jpg","contentUrl":"https:\/\/geoclimate.ge\/wp-content\/uploads\/2025\/02\/bq16-5756.jpg","width":600,"height":600},{"@type":"BreadcrumbList","@id":"https:\/\/geoclimate.ge\/fr\/produit\/bq16-hcho-tvoc-measuring-device\/#breadcrumb","itemListElement":[{"@type":"ListItem","position":1,"name":"Home","item":"https:\/\/geoclimate.ge\/fr\/"},{"@type":"ListItem","position":2,"name":"Products","item":"https:\/\/geoclimate.ge\/fr\/products\/"},{"@type":"ListItem","position":3,"name":"Appareil de mesure HCHO\/TVOC BQ16 D\u00e9tection pr\u00e9cise des concentrations de formald\u00e9hyde et de COV pour les \u00e9valuations de la qualit\u00e9 de l&#8217;air"}]},{"@type":"WebSite","@id":"https:\/\/geoclimate.ge\/#website","url":"https:\/\/geoclimate.ge\/","name":"GeoClimate","description":"","publisher":{"@id":"https:\/\/geoclimate.ge\/#organization"},"potentialAction":[{"@type":"SearchAction","target":{"@type":"EntryPoint","urlTemplate":"https:\/\/geoclimate.ge\/?s={search_term_string}"},"query-input":{"@type":"PropertyValueSpecification","valueRequired":true,"valueName":"search_term_string"}}],"inLanguage":"fr-FR"},{"@type":"Organization","@id":"https:\/\/geoclimate.ge\/#organization","name":"GeoClimate","url":"https:\/\/geoclimate.ge\/","logo":{"@type":"ImageObject","inLanguage":"fr-FR","@id":"https:\/\/geoclimate.ge\/#\/schema\/logo\/image\/","url":"https:\/\/geoclimate.ge\/wp-content\/uploads\/2026\/03\/geoclimate-SEO.png","contentUrl":"https:\/\/geoclimate.ge\/wp-content\/uploads\/2026\/03\/geoclimate-SEO.png","width":1536,"height":1024,"caption":"GeoClimate"},"image":{"@id":"https:\/\/geoclimate.ge\/#\/schema\/logo\/image\/"}}]}},"_links":{"self":[{"href":"https:\/\/geoclimate.ge\/fr\/wp-json\/wp\/v2\/product\/24926","targetHints":{"allow":["GET"]}}],"collection":[{"href":"https:\/\/geoclimate.ge\/fr\/wp-json\/wp\/v2\/product"}],"about":[{"href":"https:\/\/geoclimate.ge\/fr\/wp-json\/wp\/v2\/types\/product"}],"wp:featuredmedia":[{"embeddable":true,"href":"https:\/\/geoclimate.ge\/fr\/wp-json\/wp\/v2\/media\/24921"}],"wp:attachment":[{"href":"https:\/\/geoclimate.ge\/fr\/wp-json\/wp\/v2\/media?parent=24926"}],"wp:term":[{"taxonomy":"product_brand","embeddable":true,"href":"https:\/\/geoclimate.ge\/fr\/wp-json\/wp\/v2\/product_brand?post=24926"},{"taxonomy":"product_cat","embeddable":true,"href":"https:\/\/geoclimate.ge\/fr\/wp-json\/wp\/v2\/product_cat?post=24926"},{"taxonomy":"product_tag","embeddable":true,"href":"https:\/\/geoclimate.ge\/fr\/wp-json\/wp\/v2\/product_tag?post=24926"}],"curies":[{"name":"wp","href":"https:\/\/api.w.org\/{rel}","templated":true}]}}