{"id":25011,"date":"2025-02-26T20:43:34","date_gmt":"2025-02-26T16:43:34","guid":{"rendered":"https:\/\/airsystems.ge\/shop\/product\/commercial-air-curtains-electrical-heat-16kw-l2m-pa2215ce12-air-curtain\/"},"modified":"2025-02-26T20:50:41","modified_gmt":"2025-02-26T16:50:41","slug":"commercial-air-curtains-electrical-heat-16kw-l2m-pa2215ce12-air-curtain","status":"publish","type":"product","link":"https:\/\/geoclimate.ge\/fr\/produit\/commercial-air-curtains-electrical-heat-16kw-l2m-pa2215ce12-air-curtain\/","title":{"rendered":"Rideaux d&rsquo;air commerciaux Chauffage \u00e9lectrique 16kW, L=2m PA2215CE12 Rideau d&rsquo;air"},"content":{"rendered":"<h3 class=\"\">Technical Data<\/h3>\n<div class=\"IntelliShopSection_is-section__MnxDA\">\n<div class=\"-mx-050\">\n<div class=\"inline-block p-100 m-050 bg-neutral-50\">\n<div class=\"text-style-label-small-bold\">Article name\u00a0 \u00a0 \u00a0 \u00a0 PA2220CE16 Air curtain<\/div>\n<\/div>\n<div class=\"inline-block p-100 m-050 bg-neutral-50\">\n<div class=\"text-style-label-small-bold\">Article number\u00a0 \u00a0 #8749<\/div>\n<\/div>\n<\/div>\n<table class=\"text-style-label-small\">\n<thead>\n<tr>\n<th class=\"text-style-label-small-bold whitespace-nowrap\" colspan=\"3\">\n<div class=\"text-right\">Default<\/div>\n<\/th>\n<th><\/th>\n<\/tr>\n<\/thead>\n<tbody>\n<tr>\n<th class=\"text-style-heading-h4 pt-300\" colspan=\"3\">Installation<\/th>\n<\/tr>\n<tr>\n<td>Type of installation<\/td>\n<td class=\"text-right\">Horizontal<\/td>\n<td class=\"text-neutral-600 text-left desktop-nav:text-right w-px\"><\/td>\n<\/tr>\n<tr>\n<td>Recommended installation height<\/td>\n<td class=\"text-right\">2.2<\/td>\n<td class=\"text-neutral-600 text-left desktop-nav:text-right w-px\">m<\/td>\n<\/tr>\n<tr>\n<th class=\"text-style-heading-h4 pt-300\" colspan=\"3\">Nominal data<\/th>\n<\/tr>\n<tr>\n<td>Color casing<\/td>\n<td class=\"text-right\">Traffic white<\/td>\n<td class=\"text-neutral-600 text-left desktop-nav:text-right w-px\"><\/td>\n<\/tr>\n<tr>\n<td>Color casing, RAL<\/td>\n<td class=\"text-right\">RAL 9016<\/td>\n<td class=\"text-neutral-600 text-left desktop-nav:text-right w-px\"><\/td>\n<\/tr>\n<tr>\n<td>Color, outlet grilles<\/td>\n<td class=\"text-right\">Telegrey 2<\/td>\n<td class=\"text-neutral-600 text-left desktop-nav:text-right w-px\"><\/td>\n<\/tr>\n<tr>\n<td>Color outlet grilles, RAL<\/td>\n<td class=\"text-right\">RAL 7046<\/td>\n<td class=\"text-neutral-600 text-left desktop-nav:text-right w-px\"><\/td>\n<\/tr>\n<tr>\n<td>Enclosure class<\/td>\n<td class=\"text-right\">IP20<\/td>\n<td class=\"text-neutral-600 text-left desktop-nav:text-right w-px\"><\/td>\n<\/tr>\n<tr>\n<td>Ambient working temperature (dry conditions)<\/td>\n<td class=\"text-right\">-20 to 30<\/td>\n<td class=\"text-neutral-600 text-left desktop-nav:text-right w-px\">\u00b0C<\/td>\n<\/tr>\n<tr>\n<th class=\"text-style-heading-h4 pt-300\" colspan=\"3\">Dimensions and weights<\/th>\n<\/tr>\n<tr>\n<td>Length<\/td>\n<td class=\"text-right\">2,050<\/td>\n<td class=\"text-neutral-600 text-left desktop-nav:text-right w-px\">mm<\/td>\n<\/tr>\n<tr>\n<td>Height<\/td>\n<td class=\"text-right\">210<\/td>\n<td class=\"text-neutral-600 text-left desktop-nav:text-right w-px\">mm<\/td>\n<\/tr>\n<tr>\n<td>Depth<\/td>\n<td class=\"text-right\">345<\/td>\n<td class=\"text-neutral-600 text-left desktop-nav:text-right w-px\">mm<\/td>\n<\/tr>\n<tr>\n<td>Weight<\/td>\n<td class=\"text-right\">36<\/td>\n<td class=\"text-neutral-600 text-left desktop-nav:text-right w-px\">kg<\/td>\n<\/tr>\n<tr>\n<th class=\"text-style-heading-h4 pt-300\" colspan=\"3\">Air flow<\/th>\n<\/tr>\n<tr>\n<td>Air flow<\/td>\n<td class=\"text-right\">2400; 2000; 1800<\/td>\n<td class=\"text-neutral-600 text-left desktop-nav:text-right w-px\">m\u00b3\/h<\/td>\n<\/tr>\n<tr>\n<th class=\"text-style-heading-h4 pt-300\" colspan=\"3\">Sound data<\/th>\n<\/tr>\n<tr>\n<td>Sound pressure (LpA)<\/td>\n<td class=\"text-right\">53; 48; 43<\/td>\n<td class=\"text-neutral-600 text-left desktop-nav:text-right w-px\">dB(A)<\/td>\n<\/tr>\n<tr>\n<td>Conditions sound pressure<\/td>\n<td class=\"text-right\">Conditions: Distance to the unit 5 metres. Directional factor: 2. Equivalent absorption area: 200 m\u00b2.<\/td>\n<td class=\"text-neutral-600 text-left desktop-nav:text-right w-px\"><\/td>\n<\/tr>\n<tr>\n<td>Sound power (LWA)<\/td>\n<td class=\"text-right\">69<\/td>\n<td class=\"text-neutral-600 text-left desktop-nav:text-right w-px\">dB(A)<\/td>\n<\/tr>\n<tr>\n<td>Conditions sound level<\/td>\n<td class=\"text-right\">Measurements according to ISO 27327-2: 2014, Installation type E.<\/td>\n<td class=\"text-neutral-600 text-left desktop-nav:text-right w-px\"><\/td>\n<\/tr>\n<tr>\n<th class=\"text-style-heading-h4 pt-300\" colspan=\"3\">Motor\/control supply<\/th>\n<\/tr>\n<tr>\n<td>Control\/motor supply<\/td>\n<td class=\"text-right\">230<\/td>\n<td class=\"text-neutral-600 text-left desktop-nav:text-right w-px\">V<\/td>\n<\/tr>\n<tr>\n<td>Control\/motor current<\/td>\n<td class=\"text-right\">0.9<\/td>\n<td class=\"text-neutral-600 text-left desktop-nav:text-right w-px\">A<\/td>\n<\/tr>\n<tr>\n<td>Input power (P1), motor<\/td>\n<td class=\"text-right\">200<\/td>\n<td class=\"text-neutral-600 text-left desktop-nav:text-right w-px\">W<\/td>\n<\/tr>\n<tr>\n<td>Maximum fan impeller speed<\/td>\n<td class=\"text-right\">1,360<\/td>\n<td class=\"text-neutral-600 text-left desktop-nav:text-right w-px\">rpm<\/td>\n<\/tr>\n<tr>\n<th class=\"text-style-heading-h4 pt-300\" colspan=\"3\">Electric heat<\/th>\n<\/tr>\n<tr>\n<td>Heat output<\/td>\n<td class=\"text-right\">16; 10<\/td>\n<td class=\"text-neutral-600 text-left desktop-nav:text-right w-px\">kW<\/td>\n<\/tr>\n<tr>\n<td>Heat amperage<\/td>\n<td class=\"text-right\">23.1; 20<\/td>\n<td class=\"text-neutral-600 text-left desktop-nav:text-right w-px\">A<\/td>\n<\/tr>\n<tr>\n<td>Heat voltage<\/td>\n<td class=\"text-right\">400<\/td>\n<td class=\"text-neutral-600 text-left desktop-nav:text-right w-px\">V<\/td>\n<\/tr>\n<tr>\n<td>Phases<\/td>\n<td class=\"text-right\">3N~<\/td>\n<td class=\"text-neutral-600 text-left desktop-nav:text-right w-px\"><\/td>\n<\/tr>\n<tr>\n<td>Temperature rise, maximum heat output, highest airflow<\/td>\n<td class=\"text-right\">20<\/td>\n<td class=\"text-neutral-600 text-left desktop-nav:text-right w-px\">\u00b0C<\/td>\n<\/tr>\n<tr>\n<td>Temperature rise, maximum heat output, lowest airflow<\/td>\n<td class=\"text-right\">27<\/td>\n<td class=\"text-neutral-600 text-left desktop-nav:text-right w-px\">\u00b0C<\/td>\n<\/tr>\n<\/tbody>\n<\/table>\n<\/div>\n","protected":false},"excerpt":{"rendered":"<p>Rideau d&rsquo;air \u00e9l\u00e9gant pour les entr\u00e9es, avec t\u00e9l\u00e9commande et commande int\u00e9gr\u00e9e<\/p>\n<p>Easy Comfort<br \/>\nPlug &amp; Play<br \/>\nPerformances optimis\u00e9es<br \/>\nHauteur d&rsquo;installation recommand\u00e9e 2,2 m<br \/>\nChauffage\u00a0 \u00a0 Chauffage \u00e9lectrique<br \/>\nChauffage \u00e9lectrique 16kW, L=2m<\/p>\n","protected":false},"featured_media":18996,"template":"","meta":[],"product_brand":[],"product_cat":[705,745],"product_tag":[],"class_list":{"0":"post-25011","1":"product","2":"type-product","3":"status-publish","4":"has-post-thumbnail","6":"product_cat-climatiseur","7":"product_cat-air-curtains-fr","9":"first","10":"instock","11":"shipping-taxable","12":"purchasable","13":"product-type-simple"},"yoast_head":"<!-- This site is optimized with the Yoast SEO plugin v27.1.1 - https:\/\/yoast.com\/product\/yoast-seo-wordpress\/ -->\n<title>Rideaux d&#039;air commerciaux Chauffage \u00e9lectrique 16kW, L=2m PA2215CE12 Rideau d&#039;air - GeoClimate.ge<\/title>\n<meta name=\"robots\" content=\"index, follow, max-snippet:-1, max-image-preview:large, max-video-preview:-1\" \/>\n<link rel=\"canonical\" href=\"https:\/\/geoclimate.ge\/fr\/produit\/commercial-air-curtains-electrical-heat-16kw-l2m-pa2215ce12-air-curtain\/\" \/>\n<meta property=\"og:locale\" content=\"fr_FR\" \/>\n<meta property=\"og:type\" content=\"article\" \/>\n<meta property=\"og:title\" content=\"Rideaux d&#039;air commerciaux Chauffage \u00e9lectrique 16kW, L=2m PA2215CE12 Rideau d&#039;air - GeoClimate.ge\" \/>\n<meta property=\"og:description\" content=\"Rideau d&#039;air \u00e9l\u00e9gant pour les entr\u00e9es, avec t\u00e9l\u00e9commande et commande int\u00e9gr\u00e9e  Easy Comfort Plug &amp; Play Performances optimis\u00e9es Hauteur d&#039;installation recommand\u00e9e 2,2 m Chauffage\u00a0 \u00a0 Chauffage \u00e9lectrique Chauffage \u00e9lectrique 16kW, L=2m\" \/>\n<meta property=\"og:url\" content=\"https:\/\/geoclimate.ge\/fr\/produit\/commercial-air-curtains-electrical-heat-16kw-l2m-pa2215ce12-air-curtain\/\" \/>\n<meta property=\"og:site_name\" content=\"GeoClimate.ge\" \/>\n<meta property=\"article:modified_time\" content=\"2025-02-26T16:50:41+00:00\" \/>\n<meta property=\"og:image\" content=\"https:\/\/geoclimate.ge\/wp-content\/uploads\/2025\/02\/PRODUCT-MAIN-IMAGE_PA2200C.jpeg\" \/>\n\t<meta property=\"og:image:width\" content=\"640\" \/>\n\t<meta property=\"og:image:height\" content=\"480\" \/>\n\t<meta property=\"og:image:type\" content=\"image\/jpeg\" \/>\n<meta name=\"twitter:card\" content=\"summary_large_image\" \/>\n<meta name=\"twitter:label1\" content=\"Dur\u00e9e de lecture estim\u00e9e\" \/>\n\t<meta name=\"twitter:data1\" content=\"1 minute\" \/>\n<script type=\"application\/ld+json\" class=\"yoast-schema-graph\">{\"@context\":\"https:\/\/schema.org\",\"@graph\":[{\"@type\":\"WebPage\",\"@id\":\"https:\/\/geoclimate.ge\/fr\/produit\/commercial-air-curtains-electrical-heat-16kw-l2m-pa2215ce12-air-curtain\/\",\"url\":\"https:\/\/geoclimate.ge\/fr\/produit\/commercial-air-curtains-electrical-heat-16kw-l2m-pa2215ce12-air-curtain\/\",\"name\":\"Rideaux d'air commerciaux Chauffage \u00e9lectrique 16kW, L=2m PA2215CE12 Rideau d'air - GeoClimate.ge\",\"isPartOf\":{\"@id\":\"https:\/\/geoclimate.ge\/#website\"},\"primaryImageOfPage\":{\"@id\":\"https:\/\/geoclimate.ge\/fr\/produit\/commercial-air-curtains-electrical-heat-16kw-l2m-pa2215ce12-air-curtain\/#primaryimage\"},\"image\":{\"@id\":\"https:\/\/geoclimate.ge\/fr\/produit\/commercial-air-curtains-electrical-heat-16kw-l2m-pa2215ce12-air-curtain\/#primaryimage\"},\"thumbnailUrl\":\"https:\/\/geoclimate.ge\/wp-content\/uploads\/2025\/02\/PRODUCT-MAIN-IMAGE_PA2200C.jpeg\",\"datePublished\":\"2025-02-26T16:43:34+00:00\",\"dateModified\":\"2025-02-26T16:50:41+00:00\",\"breadcrumb\":{\"@id\":\"https:\/\/geoclimate.ge\/fr\/produit\/commercial-air-curtains-electrical-heat-16kw-l2m-pa2215ce12-air-curtain\/#breadcrumb\"},\"inLanguage\":\"fr-FR\",\"potentialAction\":[{\"@type\":\"ReadAction\",\"target\":[\"https:\/\/geoclimate.ge\/fr\/produit\/commercial-air-curtains-electrical-heat-16kw-l2m-pa2215ce12-air-curtain\/\"]}]},{\"@type\":\"ImageObject\",\"inLanguage\":\"fr-FR\",\"@id\":\"https:\/\/geoclimate.ge\/fr\/produit\/commercial-air-curtains-electrical-heat-16kw-l2m-pa2215ce12-air-curtain\/#primaryimage\",\"url\":\"https:\/\/geoclimate.ge\/wp-content\/uploads\/2025\/02\/PRODUCT-MAIN-IMAGE_PA2200C.jpeg\",\"contentUrl\":\"https:\/\/geoclimate.ge\/wp-content\/uploads\/2025\/02\/PRODUCT-MAIN-IMAGE_PA2200C.jpeg\",\"width\":640,\"height\":480},{\"@type\":\"BreadcrumbList\",\"@id\":\"https:\/\/geoclimate.ge\/fr\/produit\/commercial-air-curtains-electrical-heat-16kw-l2m-pa2215ce12-air-curtain\/#breadcrumb\",\"itemListElement\":[{\"@type\":\"ListItem\",\"position\":1,\"name\":\"Home\",\"item\":\"https:\/\/geoclimate.ge\/fr\/\"},{\"@type\":\"ListItem\",\"position\":2,\"name\":\"Products\",\"item\":\"https:\/\/geoclimate.ge\/fr\/products\/\"},{\"@type\":\"ListItem\",\"position\":3,\"name\":\"Rideaux d&#8217;air commerciaux Chauffage \u00e9lectrique 16kW, L=2m PA2215CE12 Rideau d&#8217;air\"}]},{\"@type\":\"WebSite\",\"@id\":\"https:\/\/geoclimate.ge\/#website\",\"url\":\"https:\/\/geoclimate.ge\/\",\"name\":\"GeoClimate\",\"description\":\"\",\"publisher\":{\"@id\":\"https:\/\/geoclimate.ge\/#organization\"},\"potentialAction\":[{\"@type\":\"SearchAction\",\"target\":{\"@type\":\"EntryPoint\",\"urlTemplate\":\"https:\/\/geoclimate.ge\/?s={search_term_string}\"},\"query-input\":{\"@type\":\"PropertyValueSpecification\",\"valueRequired\":true,\"valueName\":\"search_term_string\"}}],\"inLanguage\":\"fr-FR\"},{\"@type\":\"Organization\",\"@id\":\"https:\/\/geoclimate.ge\/#organization\",\"name\":\"GeoClimate\",\"url\":\"https:\/\/geoclimate.ge\/\",\"logo\":{\"@type\":\"ImageObject\",\"inLanguage\":\"fr-FR\",\"@id\":\"https:\/\/geoclimate.ge\/#\/schema\/logo\/image\/\",\"url\":\"https:\/\/geoclimate.ge\/wp-content\/uploads\/2026\/03\/geoclimate-SEO.png\",\"contentUrl\":\"https:\/\/geoclimate.ge\/wp-content\/uploads\/2026\/03\/geoclimate-SEO.png\",\"width\":1536,\"height\":1024,\"caption\":\"GeoClimate\"},\"image\":{\"@id\":\"https:\/\/geoclimate.ge\/#\/schema\/logo\/image\/\"}}]}<\/script>\n<!-- \/ Yoast SEO plugin. -->","yoast_head_json":{"title":"Rideaux d'air commerciaux Chauffage \u00e9lectrique 16kW, L=2m PA2215CE12 Rideau d'air - GeoClimate.ge","robots":{"index":"index","follow":"follow","max-snippet":"max-snippet:-1","max-image-preview":"max-image-preview:large","max-video-preview":"max-video-preview:-1"},"canonical":"https:\/\/geoclimate.ge\/fr\/produit\/commercial-air-curtains-electrical-heat-16kw-l2m-pa2215ce12-air-curtain\/","og_locale":"fr_FR","og_type":"article","og_title":"Rideaux d'air commerciaux Chauffage \u00e9lectrique 16kW, L=2m PA2215CE12 Rideau d'air - GeoClimate.ge","og_description":"Rideau d'air \u00e9l\u00e9gant pour les entr\u00e9es, avec t\u00e9l\u00e9commande et commande int\u00e9gr\u00e9e  Easy Comfort Plug &amp; Play Performances optimis\u00e9es Hauteur d'installation recommand\u00e9e 2,2 m Chauffage\u00a0 \u00a0 Chauffage \u00e9lectrique Chauffage \u00e9lectrique 16kW, L=2m","og_url":"https:\/\/geoclimate.ge\/fr\/produit\/commercial-air-curtains-electrical-heat-16kw-l2m-pa2215ce12-air-curtain\/","og_site_name":"GeoClimate.ge","article_modified_time":"2025-02-26T16:50:41+00:00","og_image":[{"width":640,"height":480,"url":"https:\/\/geoclimate.ge\/wp-content\/uploads\/2025\/02\/PRODUCT-MAIN-IMAGE_PA2200C.jpeg","type":"image\/jpeg"}],"twitter_card":"summary_large_image","twitter_misc":{"Dur\u00e9e de lecture estim\u00e9e":"1 minute"},"schema":{"@context":"https:\/\/schema.org","@graph":[{"@type":"WebPage","@id":"https:\/\/geoclimate.ge\/fr\/produit\/commercial-air-curtains-electrical-heat-16kw-l2m-pa2215ce12-air-curtain\/","url":"https:\/\/geoclimate.ge\/fr\/produit\/commercial-air-curtains-electrical-heat-16kw-l2m-pa2215ce12-air-curtain\/","name":"Rideaux d'air commerciaux Chauffage \u00e9lectrique 16kW, L=2m PA2215CE12 Rideau d'air - GeoClimate.ge","isPartOf":{"@id":"https:\/\/geoclimate.ge\/#website"},"primaryImageOfPage":{"@id":"https:\/\/geoclimate.ge\/fr\/produit\/commercial-air-curtains-electrical-heat-16kw-l2m-pa2215ce12-air-curtain\/#primaryimage"},"image":{"@id":"https:\/\/geoclimate.ge\/fr\/produit\/commercial-air-curtains-electrical-heat-16kw-l2m-pa2215ce12-air-curtain\/#primaryimage"},"thumbnailUrl":"https:\/\/geoclimate.ge\/wp-content\/uploads\/2025\/02\/PRODUCT-MAIN-IMAGE_PA2200C.jpeg","datePublished":"2025-02-26T16:43:34+00:00","dateModified":"2025-02-26T16:50:41+00:00","breadcrumb":{"@id":"https:\/\/geoclimate.ge\/fr\/produit\/commercial-air-curtains-electrical-heat-16kw-l2m-pa2215ce12-air-curtain\/#breadcrumb"},"inLanguage":"fr-FR","potentialAction":[{"@type":"ReadAction","target":["https:\/\/geoclimate.ge\/fr\/produit\/commercial-air-curtains-electrical-heat-16kw-l2m-pa2215ce12-air-curtain\/"]}]},{"@type":"ImageObject","inLanguage":"fr-FR","@id":"https:\/\/geoclimate.ge\/fr\/produit\/commercial-air-curtains-electrical-heat-16kw-l2m-pa2215ce12-air-curtain\/#primaryimage","url":"https:\/\/geoclimate.ge\/wp-content\/uploads\/2025\/02\/PRODUCT-MAIN-IMAGE_PA2200C.jpeg","contentUrl":"https:\/\/geoclimate.ge\/wp-content\/uploads\/2025\/02\/PRODUCT-MAIN-IMAGE_PA2200C.jpeg","width":640,"height":480},{"@type":"BreadcrumbList","@id":"https:\/\/geoclimate.ge\/fr\/produit\/commercial-air-curtains-electrical-heat-16kw-l2m-pa2215ce12-air-curtain\/#breadcrumb","itemListElement":[{"@type":"ListItem","position":1,"name":"Home","item":"https:\/\/geoclimate.ge\/fr\/"},{"@type":"ListItem","position":2,"name":"Products","item":"https:\/\/geoclimate.ge\/fr\/products\/"},{"@type":"ListItem","position":3,"name":"Rideaux d&#8217;air commerciaux Chauffage \u00e9lectrique 16kW, L=2m PA2215CE12 Rideau d&#8217;air"}]},{"@type":"WebSite","@id":"https:\/\/geoclimate.ge\/#website","url":"https:\/\/geoclimate.ge\/","name":"GeoClimate","description":"","publisher":{"@id":"https:\/\/geoclimate.ge\/#organization"},"potentialAction":[{"@type":"SearchAction","target":{"@type":"EntryPoint","urlTemplate":"https:\/\/geoclimate.ge\/?s={search_term_string}"},"query-input":{"@type":"PropertyValueSpecification","valueRequired":true,"valueName":"search_term_string"}}],"inLanguage":"fr-FR"},{"@type":"Organization","@id":"https:\/\/geoclimate.ge\/#organization","name":"GeoClimate","url":"https:\/\/geoclimate.ge\/","logo":{"@type":"ImageObject","inLanguage":"fr-FR","@id":"https:\/\/geoclimate.ge\/#\/schema\/logo\/image\/","url":"https:\/\/geoclimate.ge\/wp-content\/uploads\/2026\/03\/geoclimate-SEO.png","contentUrl":"https:\/\/geoclimate.ge\/wp-content\/uploads\/2026\/03\/geoclimate-SEO.png","width":1536,"height":1024,"caption":"GeoClimate"},"image":{"@id":"https:\/\/geoclimate.ge\/#\/schema\/logo\/image\/"}}]}},"_links":{"self":[{"href":"https:\/\/geoclimate.ge\/fr\/wp-json\/wp\/v2\/product\/25011","targetHints":{"allow":["GET"]}}],"collection":[{"href":"https:\/\/geoclimate.ge\/fr\/wp-json\/wp\/v2\/product"}],"about":[{"href":"https:\/\/geoclimate.ge\/fr\/wp-json\/wp\/v2\/types\/product"}],"wp:featuredmedia":[{"embeddable":true,"href":"https:\/\/geoclimate.ge\/fr\/wp-json\/wp\/v2\/media\/18996"}],"wp:attachment":[{"href":"https:\/\/geoclimate.ge\/fr\/wp-json\/wp\/v2\/media?parent=25011"}],"wp:term":[{"taxonomy":"product_brand","embeddable":true,"href":"https:\/\/geoclimate.ge\/fr\/wp-json\/wp\/v2\/product_brand?post=25011"},{"taxonomy":"product_cat","embeddable":true,"href":"https:\/\/geoclimate.ge\/fr\/wp-json\/wp\/v2\/product_cat?post=25011"},{"taxonomy":"product_tag","embeddable":true,"href":"https:\/\/geoclimate.ge\/fr\/wp-json\/wp\/v2\/product_tag?post=25011"}],"curies":[{"name":"wp","href":"https:\/\/api.w.org\/{rel}","templated":true}]}}