{"id":25028,"date":"2025-02-26T22:45:57","date_gmt":"2025-02-26T18:45:57","guid":{"rendered":"https:\/\/airsystems.ge\/shop\/product\/mini-vrf-outdoor-unit-8-2-kw-vrv-yv2vyh008kar-york\/"},"modified":"2025-02-26T22:53:08","modified_gmt":"2025-02-26T18:53:08","slug":"mini-vrf-outdoor-unit-8-2-kw-vrv-yv2vyh008kar-york","status":"publish","type":"product","link":"https:\/\/geoclimate.ge\/fr\/produit\/mini-vrf-outdoor-unit-8-2-kw-vrv-yv2vyh008kar-york\/","title":{"rendered":"Mini unit\u00e9 ext\u00e9rieure VRF 8,2 kW VRV YV2VYH008KAR YORK"},"content":{"rendered":"","protected":false},"excerpt":{"rendered":"<p>Conception brevet\u00e9e de canal d&rsquo;\u00e9coulement<br \/>\n\u2022 Conception de ventilateur moderne, d\u00e9bit d&rsquo;air %17 et r\u00e9duit le bruit de 3 dB par rapport au produit pr\u00e9c\u00e9dent.<br \/>\n\u2022 Ventilateur, peut r\u00e9duire la perte d&rsquo;air et la r\u00e9sistance de l&rsquo;air et am\u00e9liorer l&rsquo;efficacit\u00e9 de l&rsquo;\u00e9change de chaleur.<\/p>\n<p>\u00c9changeur de chaleur \u00e0 haute efficacit\u00e9<br \/>\nNouvel \u00e9changeur de chaleur \u00e0 ailettes \u00e0 trois couches et \u00e0 quatre voies, augmente la zone d&rsquo;\u00e9change de chaleur, offre une grande capacit\u00e9.<\/p>\n<p>Faible bruit et fonctionnement silencieux la nuit<br \/>\nLes chambres m\u00e9caniques et d&rsquo;alimentation en air ind\u00e9pendantes, associ\u00e9es \u00e0 un silencieux \u00e0 haute efficacit\u00e9, r\u00e9duisent consid\u00e9rablement le bruit du compresseur.<br \/>\nMode de fonctionnement silencieux de nuit sur l&rsquo;unit\u00e9 ext\u00e9rieure, le bruit 8 Peut r\u00e9duire jusqu&rsquo;\u00e0 dB\/A.<\/p>\n","protected":false},"featured_media":25036,"template":"","meta":[],"product_brand":[],"product_cat":[705,1068],"product_tag":[],"class_list":{"0":"post-25028","1":"product","2":"type-product","3":"status-publish","4":"has-post-thumbnail","6":"product_cat-climatiseur","7":"product_cat-vrf-exterieures-unites-vrv-fr","9":"first","10":"instock","11":"shipping-taxable","12":"purchasable","13":"product-type-simple"},"yoast_head":"<!-- This site is optimized with the Yoast SEO plugin v27.1.1 - https:\/\/yoast.com\/product\/yoast-seo-wordpress\/ -->\n<title>Mini unit\u00e9 ext\u00e9rieure VRF 8,2 kW VRV YV2VYH008KAR YORK - GeoClimate.ge<\/title>\n<meta name=\"robots\" content=\"index, follow, max-snippet:-1, max-image-preview:large, max-video-preview:-1\" \/>\n<link rel=\"canonical\" href=\"https:\/\/geoclimate.ge\/fr\/produit\/mini-vrf-outdoor-unit-8-2-kw-vrv-yv2vyh008kar-york\/\" \/>\n<meta property=\"og:locale\" content=\"fr_FR\" \/>\n<meta property=\"og:type\" content=\"article\" \/>\n<meta property=\"og:title\" content=\"Mini unit\u00e9 ext\u00e9rieure VRF 8,2 kW VRV YV2VYH008KAR YORK - GeoClimate.ge\" \/>\n<meta property=\"og:description\" content=\"Conception brevet\u00e9e de canal d&#039;\u00e9coulement \u2022 Conception de ventilateur moderne, d\u00e9bit d&#039;air %17 et r\u00e9duit le bruit de 3 dB par rapport au produit pr\u00e9c\u00e9dent. \u2022 Ventilateur, peut r\u00e9duire la perte d&#039;air et la r\u00e9sistance de l&#039;air et am\u00e9liorer l&#039;efficacit\u00e9 de l&#039;\u00e9change de chaleur.  \u00c9changeur de chaleur \u00e0 haute efficacit\u00e9 Nouvel \u00e9changeur de chaleur \u00e0 ailettes \u00e0 trois couches et \u00e0 quatre voies, augmente la zone d&#039;\u00e9change de chaleur, offre une grande capacit\u00e9.  Faible bruit et fonctionnement silencieux la nuit Les chambres m\u00e9caniques et d&#039;alimentation en air ind\u00e9pendantes, associ\u00e9es \u00e0 un silencieux \u00e0 haute efficacit\u00e9, r\u00e9duisent consid\u00e9rablement le bruit du compresseur. Mode de fonctionnement silencieux de nuit sur l&#039;unit\u00e9 ext\u00e9rieure, le bruit 8 Peut r\u00e9duire jusqu&#039;\u00e0 dB\/A.\" \/>\n<meta property=\"og:url\" content=\"https:\/\/geoclimate.ge\/fr\/produit\/mini-vrf-outdoor-unit-8-2-kw-vrv-yv2vyh008kar-york\/\" \/>\n<meta property=\"og:site_name\" content=\"GeoClimate.ge\" \/>\n<meta property=\"article:modified_time\" content=\"2025-02-26T18:53:08+00:00\" \/>\n<meta property=\"og:image\" content=\"https:\/\/geoclimate.ge\/wp-content\/uploads\/2025\/02\/product_element_image_52cc7a69cfa4fca552edc839eda2170d.jpg\" \/>\n\t<meta property=\"og:image:width\" content=\"490\" \/>\n\t<meta property=\"og:image:height\" content=\"278\" \/>\n\t<meta property=\"og:image:type\" content=\"image\/jpeg\" \/>\n<meta name=\"twitter:card\" content=\"summary_large_image\" \/>\n<script type=\"application\/ld+json\" class=\"yoast-schema-graph\">{\"@context\":\"https:\/\/schema.org\",\"@graph\":[{\"@type\":\"WebPage\",\"@id\":\"https:\/\/geoclimate.ge\/fr\/produit\/mini-vrf-outdoor-unit-8-2-kw-vrv-yv2vyh008kar-york\/\",\"url\":\"https:\/\/geoclimate.ge\/fr\/produit\/mini-vrf-outdoor-unit-8-2-kw-vrv-yv2vyh008kar-york\/\",\"name\":\"Mini unit\u00e9 ext\u00e9rieure VRF 8,2 kW VRV YV2VYH008KAR YORK - GeoClimate.ge\",\"isPartOf\":{\"@id\":\"https:\/\/geoclimate.ge\/#website\"},\"primaryImageOfPage\":{\"@id\":\"https:\/\/geoclimate.ge\/fr\/produit\/mini-vrf-outdoor-unit-8-2-kw-vrv-yv2vyh008kar-york\/#primaryimage\"},\"image\":{\"@id\":\"https:\/\/geoclimate.ge\/fr\/produit\/mini-vrf-outdoor-unit-8-2-kw-vrv-yv2vyh008kar-york\/#primaryimage\"},\"thumbnailUrl\":\"https:\/\/geoclimate.ge\/wp-content\/uploads\/2025\/02\/product_element_image_52cc7a69cfa4fca552edc839eda2170d.jpg\",\"datePublished\":\"2025-02-26T18:45:57+00:00\",\"dateModified\":\"2025-02-26T18:53:08+00:00\",\"breadcrumb\":{\"@id\":\"https:\/\/geoclimate.ge\/fr\/produit\/mini-vrf-outdoor-unit-8-2-kw-vrv-yv2vyh008kar-york\/#breadcrumb\"},\"inLanguage\":\"fr-FR\",\"potentialAction\":[{\"@type\":\"ReadAction\",\"target\":[\"https:\/\/geoclimate.ge\/fr\/produit\/mini-vrf-outdoor-unit-8-2-kw-vrv-yv2vyh008kar-york\/\"]}]},{\"@type\":\"ImageObject\",\"inLanguage\":\"fr-FR\",\"@id\":\"https:\/\/geoclimate.ge\/fr\/produit\/mini-vrf-outdoor-unit-8-2-kw-vrv-yv2vyh008kar-york\/#primaryimage\",\"url\":\"https:\/\/geoclimate.ge\/wp-content\/uploads\/2025\/02\/product_element_image_52cc7a69cfa4fca552edc839eda2170d.jpg\",\"contentUrl\":\"https:\/\/geoclimate.ge\/wp-content\/uploads\/2025\/02\/product_element_image_52cc7a69cfa4fca552edc839eda2170d.jpg\",\"width\":490,\"height\":278},{\"@type\":\"BreadcrumbList\",\"@id\":\"https:\/\/geoclimate.ge\/fr\/produit\/mini-vrf-outdoor-unit-8-2-kw-vrv-yv2vyh008kar-york\/#breadcrumb\",\"itemListElement\":[{\"@type\":\"ListItem\",\"position\":1,\"name\":\"Home\",\"item\":\"https:\/\/geoclimate.ge\/fr\/\"},{\"@type\":\"ListItem\",\"position\":2,\"name\":\"Products\",\"item\":\"https:\/\/geoclimate.ge\/fr\/products\/\"},{\"@type\":\"ListItem\",\"position\":3,\"name\":\"Mini unit\u00e9 ext\u00e9rieure VRF 8,2 kW VRV YV2VYH008KAR YORK\"}]},{\"@type\":\"WebSite\",\"@id\":\"https:\/\/geoclimate.ge\/#website\",\"url\":\"https:\/\/geoclimate.ge\/\",\"name\":\"GeoClimate\",\"description\":\"\",\"publisher\":{\"@id\":\"https:\/\/geoclimate.ge\/#organization\"},\"potentialAction\":[{\"@type\":\"SearchAction\",\"target\":{\"@type\":\"EntryPoint\",\"urlTemplate\":\"https:\/\/geoclimate.ge\/?s={search_term_string}\"},\"query-input\":{\"@type\":\"PropertyValueSpecification\",\"valueRequired\":true,\"valueName\":\"search_term_string\"}}],\"inLanguage\":\"fr-FR\"},{\"@type\":\"Organization\",\"@id\":\"https:\/\/geoclimate.ge\/#organization\",\"name\":\"GeoClimate\",\"url\":\"https:\/\/geoclimate.ge\/\",\"logo\":{\"@type\":\"ImageObject\",\"inLanguage\":\"fr-FR\",\"@id\":\"https:\/\/geoclimate.ge\/#\/schema\/logo\/image\/\",\"url\":\"https:\/\/geoclimate.ge\/wp-content\/uploads\/2026\/03\/geoclimate-SEO.png\",\"contentUrl\":\"https:\/\/geoclimate.ge\/wp-content\/uploads\/2026\/03\/geoclimate-SEO.png\",\"width\":1536,\"height\":1024,\"caption\":\"GeoClimate\"},\"image\":{\"@id\":\"https:\/\/geoclimate.ge\/#\/schema\/logo\/image\/\"}}]}<\/script>\n<!-- \/ Yoast SEO plugin. -->","yoast_head_json":{"title":"Mini unit\u00e9 ext\u00e9rieure VRF 8,2 kW VRV YV2VYH008KAR YORK - GeoClimate.ge","robots":{"index":"index","follow":"follow","max-snippet":"max-snippet:-1","max-image-preview":"max-image-preview:large","max-video-preview":"max-video-preview:-1"},"canonical":"https:\/\/geoclimate.ge\/fr\/produit\/mini-vrf-outdoor-unit-8-2-kw-vrv-yv2vyh008kar-york\/","og_locale":"fr_FR","og_type":"article","og_title":"Mini unit\u00e9 ext\u00e9rieure VRF 8,2 kW VRV YV2VYH008KAR YORK - GeoClimate.ge","og_description":"Conception brevet\u00e9e de canal d'\u00e9coulement \u2022 Conception de ventilateur moderne, d\u00e9bit d'air %17 et r\u00e9duit le bruit de 3 dB par rapport au produit pr\u00e9c\u00e9dent. \u2022 Ventilateur, peut r\u00e9duire la perte d'air et la r\u00e9sistance de l'air et am\u00e9liorer l'efficacit\u00e9 de l'\u00e9change de chaleur.  \u00c9changeur de chaleur \u00e0 haute efficacit\u00e9 Nouvel \u00e9changeur de chaleur \u00e0 ailettes \u00e0 trois couches et \u00e0 quatre voies, augmente la zone d'\u00e9change de chaleur, offre une grande capacit\u00e9.  Faible bruit et fonctionnement silencieux la nuit Les chambres m\u00e9caniques et d'alimentation en air ind\u00e9pendantes, associ\u00e9es \u00e0 un silencieux \u00e0 haute efficacit\u00e9, r\u00e9duisent consid\u00e9rablement le bruit du compresseur. Mode de fonctionnement silencieux de nuit sur l'unit\u00e9 ext\u00e9rieure, le bruit 8 Peut r\u00e9duire jusqu'\u00e0 dB\/A.","og_url":"https:\/\/geoclimate.ge\/fr\/produit\/mini-vrf-outdoor-unit-8-2-kw-vrv-yv2vyh008kar-york\/","og_site_name":"GeoClimate.ge","article_modified_time":"2025-02-26T18:53:08+00:00","og_image":[{"width":490,"height":278,"url":"https:\/\/geoclimate.ge\/wp-content\/uploads\/2025\/02\/product_element_image_52cc7a69cfa4fca552edc839eda2170d.jpg","type":"image\/jpeg"}],"twitter_card":"summary_large_image","schema":{"@context":"https:\/\/schema.org","@graph":[{"@type":"WebPage","@id":"https:\/\/geoclimate.ge\/fr\/produit\/mini-vrf-outdoor-unit-8-2-kw-vrv-yv2vyh008kar-york\/","url":"https:\/\/geoclimate.ge\/fr\/produit\/mini-vrf-outdoor-unit-8-2-kw-vrv-yv2vyh008kar-york\/","name":"Mini unit\u00e9 ext\u00e9rieure VRF 8,2 kW VRV YV2VYH008KAR YORK - GeoClimate.ge","isPartOf":{"@id":"https:\/\/geoclimate.ge\/#website"},"primaryImageOfPage":{"@id":"https:\/\/geoclimate.ge\/fr\/produit\/mini-vrf-outdoor-unit-8-2-kw-vrv-yv2vyh008kar-york\/#primaryimage"},"image":{"@id":"https:\/\/geoclimate.ge\/fr\/produit\/mini-vrf-outdoor-unit-8-2-kw-vrv-yv2vyh008kar-york\/#primaryimage"},"thumbnailUrl":"https:\/\/geoclimate.ge\/wp-content\/uploads\/2025\/02\/product_element_image_52cc7a69cfa4fca552edc839eda2170d.jpg","datePublished":"2025-02-26T18:45:57+00:00","dateModified":"2025-02-26T18:53:08+00:00","breadcrumb":{"@id":"https:\/\/geoclimate.ge\/fr\/produit\/mini-vrf-outdoor-unit-8-2-kw-vrv-yv2vyh008kar-york\/#breadcrumb"},"inLanguage":"fr-FR","potentialAction":[{"@type":"ReadAction","target":["https:\/\/geoclimate.ge\/fr\/produit\/mini-vrf-outdoor-unit-8-2-kw-vrv-yv2vyh008kar-york\/"]}]},{"@type":"ImageObject","inLanguage":"fr-FR","@id":"https:\/\/geoclimate.ge\/fr\/produit\/mini-vrf-outdoor-unit-8-2-kw-vrv-yv2vyh008kar-york\/#primaryimage","url":"https:\/\/geoclimate.ge\/wp-content\/uploads\/2025\/02\/product_element_image_52cc7a69cfa4fca552edc839eda2170d.jpg","contentUrl":"https:\/\/geoclimate.ge\/wp-content\/uploads\/2025\/02\/product_element_image_52cc7a69cfa4fca552edc839eda2170d.jpg","width":490,"height":278},{"@type":"BreadcrumbList","@id":"https:\/\/geoclimate.ge\/fr\/produit\/mini-vrf-outdoor-unit-8-2-kw-vrv-yv2vyh008kar-york\/#breadcrumb","itemListElement":[{"@type":"ListItem","position":1,"name":"Home","item":"https:\/\/geoclimate.ge\/fr\/"},{"@type":"ListItem","position":2,"name":"Products","item":"https:\/\/geoclimate.ge\/fr\/products\/"},{"@type":"ListItem","position":3,"name":"Mini unit\u00e9 ext\u00e9rieure VRF 8,2 kW VRV YV2VYH008KAR YORK"}]},{"@type":"WebSite","@id":"https:\/\/geoclimate.ge\/#website","url":"https:\/\/geoclimate.ge\/","name":"GeoClimate","description":"","publisher":{"@id":"https:\/\/geoclimate.ge\/#organization"},"potentialAction":[{"@type":"SearchAction","target":{"@type":"EntryPoint","urlTemplate":"https:\/\/geoclimate.ge\/?s={search_term_string}"},"query-input":{"@type":"PropertyValueSpecification","valueRequired":true,"valueName":"search_term_string"}}],"inLanguage":"fr-FR"},{"@type":"Organization","@id":"https:\/\/geoclimate.ge\/#organization","name":"GeoClimate","url":"https:\/\/geoclimate.ge\/","logo":{"@type":"ImageObject","inLanguage":"fr-FR","@id":"https:\/\/geoclimate.ge\/#\/schema\/logo\/image\/","url":"https:\/\/geoclimate.ge\/wp-content\/uploads\/2026\/03\/geoclimate-SEO.png","contentUrl":"https:\/\/geoclimate.ge\/wp-content\/uploads\/2026\/03\/geoclimate-SEO.png","width":1536,"height":1024,"caption":"GeoClimate"},"image":{"@id":"https:\/\/geoclimate.ge\/#\/schema\/logo\/image\/"}}]}},"_links":{"self":[{"href":"https:\/\/geoclimate.ge\/fr\/wp-json\/wp\/v2\/product\/25028","targetHints":{"allow":["GET"]}}],"collection":[{"href":"https:\/\/geoclimate.ge\/fr\/wp-json\/wp\/v2\/product"}],"about":[{"href":"https:\/\/geoclimate.ge\/fr\/wp-json\/wp\/v2\/types\/product"}],"wp:featuredmedia":[{"embeddable":true,"href":"https:\/\/geoclimate.ge\/fr\/wp-json\/wp\/v2\/media\/25036"}],"wp:attachment":[{"href":"https:\/\/geoclimate.ge\/fr\/wp-json\/wp\/v2\/media?parent=25028"}],"wp:term":[{"taxonomy":"product_brand","embeddable":true,"href":"https:\/\/geoclimate.ge\/fr\/wp-json\/wp\/v2\/product_brand?post=25028"},{"taxonomy":"product_cat","embeddable":true,"href":"https:\/\/geoclimate.ge\/fr\/wp-json\/wp\/v2\/product_cat?post=25028"},{"taxonomy":"product_tag","embeddable":true,"href":"https:\/\/geoclimate.ge\/fr\/wp-json\/wp\/v2\/product_tag?post=25028"}],"curies":[{"name":"wp","href":"https:\/\/api.w.org\/{rel}","templated":true}]}}