{"id":25241,"date":"2025-03-11T13:05:09","date_gmt":"2025-03-11T09:05:09","guid":{"rendered":"https:\/\/airsystems.ge\/shop\/product\/vrf-vrv-fan-coil-wall-mounted-indoor-unit-3-6kw-to-7-1kw-york-yvbvxh036war-gx-yvbvxh045war-gx-yvbvxh056war-gx-yvbvxh071war-gx\/"},"modified":"2025-03-11T13:16:16","modified_gmt":"2025-03-11T09:16:16","slug":"vrf-vrv-fan-coil-wall-mounted-indoor-unit-3-6kw-to-7-1kw-york-yvbvxh036war-gx-yvbvxh045war-gx-yvbvxh056war-gx-yvbvxh071war-gx","status":"publish","type":"product","link":"https:\/\/geoclimate.ge\/fr\/produit\/vrf-vrv-fan-coil-wall-mounted-indoor-unit-3-6kw-to-7-1kw-york-yvbvxh036war-gx-yvbvxh045war-gx-yvbvxh056war-gx-yvbvxh071war-gx\/","title":{"rendered":"Unit\u00e9 int\u00e9rieure verticale \u00e0 conduit mural \u00e0 ventilo-convecteur VRF VRV de 3,6 kW \u00e0 7,1 kW YORK YVBVXH036WAR-GX YVBVXH045WAR-GX YVBVXH056WAR-GX YVBVXH071WAR-GX"},"content":{"rendered":"<table width=\"267\">\n<tbody>\n<tr>\n<td width=\"135\">YVBVXH036WAR-GX<\/td>\n<td width=\"64\">3.6<\/td>\n<td width=\"68\">\u00a0 1,054.00 \u20be<\/td>\n<\/tr>\n<tr>\n<td>YVBVXH045WAR-GX<\/td>\n<td>4.5<\/td>\n<td>\u00a0 1,085.00 \u20be<\/td>\n<\/tr>\n<tr>\n<td>YVBVXH056WAR-GX<\/td>\n<td>5.6<\/td>\n<td>\u00a0 1,116.00 \u20be<\/td>\n<\/tr>\n<tr>\n<td>YVBVXH071WAR-GX<\/td>\n<td>7.1<\/td>\n<td>\u00a0 1,178.00 \u20be<\/td>\n<\/tr>\n<\/tbody>\n<\/table>\n","protected":false},"excerpt":{"rendered":"<p>Syst\u00e8mes CVC qui offrent un confort optimal et une efficacit\u00e9 in\u00e9gal\u00e9e.<\/p>\n","protected":false},"featured_media":25230,"template":"","meta":[],"product_brand":[],"product_cat":[705,1074],"product_tag":[],"class_list":{"0":"post-25241","1":"product","2":"type-product","3":"status-publish","4":"has-post-thumbnail","6":"product_cat-climatiseur","7":"product_cat-vrf-interieure-unite-vrv-fr","9":"first","10":"instock","11":"shipping-taxable","12":"product-type-simple"},"yoast_head":"<!-- This site is optimized with the Yoast SEO plugin v27.1.1 - https:\/\/yoast.com\/product\/yoast-seo-wordpress\/ -->\n<title>Unit\u00e9 int\u00e9rieure verticale \u00e0 conduit mural \u00e0 ventilo-convecteur VRF VRV de 3,6 kW \u00e0 7,1 kW YORK YVBVXH036WAR-GX YVBVXH045WAR-GX YVBVXH056WAR-GX YVBVXH071WAR-GX - GeoClimate.ge<\/title>\n<meta name=\"robots\" content=\"index, follow, max-snippet:-1, max-image-preview:large, max-video-preview:-1\" \/>\n<link rel=\"canonical\" href=\"https:\/\/geoclimate.ge\/fr\/produit\/vrf-vrv-fan-coil-wall-mounted-indoor-unit-3-6kw-to-7-1kw-york-yvbvxh036war-gx-yvbvxh045war-gx-yvbvxh056war-gx-yvbvxh071war-gx\/\" \/>\n<meta property=\"og:locale\" content=\"fr_FR\" \/>\n<meta property=\"og:type\" content=\"article\" \/>\n<meta property=\"og:title\" content=\"Unit\u00e9 int\u00e9rieure verticale \u00e0 conduit mural \u00e0 ventilo-convecteur VRF VRV de 3,6 kW \u00e0 7,1 kW YORK YVBVXH036WAR-GX YVBVXH045WAR-GX YVBVXH056WAR-GX YVBVXH071WAR-GX - GeoClimate.ge\" \/>\n<meta property=\"og:description\" content=\"Syst\u00e8mes CVC qui offrent un confort optimal et une efficacit\u00e9 in\u00e9gal\u00e9e.\" \/>\n<meta property=\"og:url\" content=\"https:\/\/geoclimate.ge\/fr\/produit\/vrf-vrv-fan-coil-wall-mounted-indoor-unit-3-6kw-to-7-1kw-york-yvbvxh036war-gx-yvbvxh045war-gx-yvbvxh056war-gx-yvbvxh071war-gx\/\" \/>\n<meta property=\"og:site_name\" content=\"GeoClimate.ge\" \/>\n<meta property=\"article:modified_time\" content=\"2025-03-11T09:16:16+00:00\" \/>\n<meta property=\"og:image\" content=\"https:\/\/geoclimate.ge\/wp-content\/uploads\/2025\/03\/68756.webp\" \/>\n\t<meta property=\"og:image:width\" content=\"675\" \/>\n\t<meta property=\"og:image:height\" content=\"675\" \/>\n\t<meta property=\"og:image:type\" content=\"image\/webp\" \/>\n<meta name=\"twitter:card\" content=\"summary_large_image\" \/>\n<script type=\"application\/ld+json\" class=\"yoast-schema-graph\">{\"@context\":\"https:\/\/schema.org\",\"@graph\":[{\"@type\":\"WebPage\",\"@id\":\"https:\/\/geoclimate.ge\/fr\/produit\/vrf-vrv-fan-coil-wall-mounted-indoor-unit-3-6kw-to-7-1kw-york-yvbvxh036war-gx-yvbvxh045war-gx-yvbvxh056war-gx-yvbvxh071war-gx\/\",\"url\":\"https:\/\/geoclimate.ge\/fr\/produit\/vrf-vrv-fan-coil-wall-mounted-indoor-unit-3-6kw-to-7-1kw-york-yvbvxh036war-gx-yvbvxh045war-gx-yvbvxh056war-gx-yvbvxh071war-gx\/\",\"name\":\"Unit\u00e9 int\u00e9rieure verticale \u00e0 conduit mural \u00e0 ventilo-convecteur VRF VRV de 3,6 kW \u00e0 7,1 kW YORK YVBVXH036WAR-GX YVBVXH045WAR-GX YVBVXH056WAR-GX YVBVXH071WAR-GX - GeoClimate.ge\",\"isPartOf\":{\"@id\":\"https:\/\/geoclimate.ge\/#website\"},\"primaryImageOfPage\":{\"@id\":\"https:\/\/geoclimate.ge\/fr\/produit\/vrf-vrv-fan-coil-wall-mounted-indoor-unit-3-6kw-to-7-1kw-york-yvbvxh036war-gx-yvbvxh045war-gx-yvbvxh056war-gx-yvbvxh071war-gx\/#primaryimage\"},\"image\":{\"@id\":\"https:\/\/geoclimate.ge\/fr\/produit\/vrf-vrv-fan-coil-wall-mounted-indoor-unit-3-6kw-to-7-1kw-york-yvbvxh036war-gx-yvbvxh045war-gx-yvbvxh056war-gx-yvbvxh071war-gx\/#primaryimage\"},\"thumbnailUrl\":\"https:\/\/geoclimate.ge\/wp-content\/uploads\/2025\/03\/68756.webp\",\"datePublished\":\"2025-03-11T09:05:09+00:00\",\"dateModified\":\"2025-03-11T09:16:16+00:00\",\"breadcrumb\":{\"@id\":\"https:\/\/geoclimate.ge\/fr\/produit\/vrf-vrv-fan-coil-wall-mounted-indoor-unit-3-6kw-to-7-1kw-york-yvbvxh036war-gx-yvbvxh045war-gx-yvbvxh056war-gx-yvbvxh071war-gx\/#breadcrumb\"},\"inLanguage\":\"fr-FR\",\"potentialAction\":[{\"@type\":\"ReadAction\",\"target\":[\"https:\/\/geoclimate.ge\/fr\/produit\/vrf-vrv-fan-coil-wall-mounted-indoor-unit-3-6kw-to-7-1kw-york-yvbvxh036war-gx-yvbvxh045war-gx-yvbvxh056war-gx-yvbvxh071war-gx\/\"]}]},{\"@type\":\"ImageObject\",\"inLanguage\":\"fr-FR\",\"@id\":\"https:\/\/geoclimate.ge\/fr\/produit\/vrf-vrv-fan-coil-wall-mounted-indoor-unit-3-6kw-to-7-1kw-york-yvbvxh036war-gx-yvbvxh045war-gx-yvbvxh056war-gx-yvbvxh071war-gx\/#primaryimage\",\"url\":\"https:\/\/geoclimate.ge\/wp-content\/uploads\/2025\/03\/68756.webp\",\"contentUrl\":\"https:\/\/geoclimate.ge\/wp-content\/uploads\/2025\/03\/68756.webp\",\"width\":675,\"height\":675},{\"@type\":\"BreadcrumbList\",\"@id\":\"https:\/\/geoclimate.ge\/fr\/produit\/vrf-vrv-fan-coil-wall-mounted-indoor-unit-3-6kw-to-7-1kw-york-yvbvxh036war-gx-yvbvxh045war-gx-yvbvxh056war-gx-yvbvxh071war-gx\/#breadcrumb\",\"itemListElement\":[{\"@type\":\"ListItem\",\"position\":1,\"name\":\"Home\",\"item\":\"https:\/\/geoclimate.ge\/fr\/\"},{\"@type\":\"ListItem\",\"position\":2,\"name\":\"Products\",\"item\":\"https:\/\/geoclimate.ge\/fr\/products\/\"},{\"@type\":\"ListItem\",\"position\":3,\"name\":\"Unit\u00e9 int\u00e9rieure verticale \u00e0 conduit mural \u00e0 ventilo-convecteur VRF VRV de 3,6 kW \u00e0 7,1 kW YORK YVBVXH036WAR-GX YVBVXH045WAR-GX YVBVXH056WAR-GX YVBVXH071WAR-GX\"}]},{\"@type\":\"WebSite\",\"@id\":\"https:\/\/geoclimate.ge\/#website\",\"url\":\"https:\/\/geoclimate.ge\/\",\"name\":\"GeoClimate\",\"description\":\"\",\"publisher\":{\"@id\":\"https:\/\/geoclimate.ge\/#organization\"},\"potentialAction\":[{\"@type\":\"SearchAction\",\"target\":{\"@type\":\"EntryPoint\",\"urlTemplate\":\"https:\/\/geoclimate.ge\/?s={search_term_string}\"},\"query-input\":{\"@type\":\"PropertyValueSpecification\",\"valueRequired\":true,\"valueName\":\"search_term_string\"}}],\"inLanguage\":\"fr-FR\"},{\"@type\":\"Organization\",\"@id\":\"https:\/\/geoclimate.ge\/#organization\",\"name\":\"GeoClimate\",\"url\":\"https:\/\/geoclimate.ge\/\",\"logo\":{\"@type\":\"ImageObject\",\"inLanguage\":\"fr-FR\",\"@id\":\"https:\/\/geoclimate.ge\/#\/schema\/logo\/image\/\",\"url\":\"https:\/\/geoclimate.ge\/wp-content\/uploads\/2026\/03\/geoclimate-SEO.png\",\"contentUrl\":\"https:\/\/geoclimate.ge\/wp-content\/uploads\/2026\/03\/geoclimate-SEO.png\",\"width\":1536,\"height\":1024,\"caption\":\"GeoClimate\"},\"image\":{\"@id\":\"https:\/\/geoclimate.ge\/#\/schema\/logo\/image\/\"}}]}<\/script>\n<!-- \/ Yoast SEO plugin. -->","yoast_head_json":{"title":"Unit\u00e9 int\u00e9rieure verticale \u00e0 conduit mural \u00e0 ventilo-convecteur VRF VRV de 3,6 kW \u00e0 7,1 kW YORK YVBVXH036WAR-GX YVBVXH045WAR-GX YVBVXH056WAR-GX YVBVXH071WAR-GX - GeoClimate.ge","robots":{"index":"index","follow":"follow","max-snippet":"max-snippet:-1","max-image-preview":"max-image-preview:large","max-video-preview":"max-video-preview:-1"},"canonical":"https:\/\/geoclimate.ge\/fr\/produit\/vrf-vrv-fan-coil-wall-mounted-indoor-unit-3-6kw-to-7-1kw-york-yvbvxh036war-gx-yvbvxh045war-gx-yvbvxh056war-gx-yvbvxh071war-gx\/","og_locale":"fr_FR","og_type":"article","og_title":"Unit\u00e9 int\u00e9rieure verticale \u00e0 conduit mural \u00e0 ventilo-convecteur VRF VRV de 3,6 kW \u00e0 7,1 kW YORK YVBVXH036WAR-GX YVBVXH045WAR-GX YVBVXH056WAR-GX YVBVXH071WAR-GX - GeoClimate.ge","og_description":"Syst\u00e8mes CVC qui offrent un confort optimal et une efficacit\u00e9 in\u00e9gal\u00e9e.","og_url":"https:\/\/geoclimate.ge\/fr\/produit\/vrf-vrv-fan-coil-wall-mounted-indoor-unit-3-6kw-to-7-1kw-york-yvbvxh036war-gx-yvbvxh045war-gx-yvbvxh056war-gx-yvbvxh071war-gx\/","og_site_name":"GeoClimate.ge","article_modified_time":"2025-03-11T09:16:16+00:00","og_image":[{"width":675,"height":675,"url":"https:\/\/geoclimate.ge\/wp-content\/uploads\/2025\/03\/68756.webp","type":"image\/webp"}],"twitter_card":"summary_large_image","schema":{"@context":"https:\/\/schema.org","@graph":[{"@type":"WebPage","@id":"https:\/\/geoclimate.ge\/fr\/produit\/vrf-vrv-fan-coil-wall-mounted-indoor-unit-3-6kw-to-7-1kw-york-yvbvxh036war-gx-yvbvxh045war-gx-yvbvxh056war-gx-yvbvxh071war-gx\/","url":"https:\/\/geoclimate.ge\/fr\/produit\/vrf-vrv-fan-coil-wall-mounted-indoor-unit-3-6kw-to-7-1kw-york-yvbvxh036war-gx-yvbvxh045war-gx-yvbvxh056war-gx-yvbvxh071war-gx\/","name":"Unit\u00e9 int\u00e9rieure verticale \u00e0 conduit mural \u00e0 ventilo-convecteur VRF VRV de 3,6 kW \u00e0 7,1 kW YORK YVBVXH036WAR-GX YVBVXH045WAR-GX YVBVXH056WAR-GX YVBVXH071WAR-GX - GeoClimate.ge","isPartOf":{"@id":"https:\/\/geoclimate.ge\/#website"},"primaryImageOfPage":{"@id":"https:\/\/geoclimate.ge\/fr\/produit\/vrf-vrv-fan-coil-wall-mounted-indoor-unit-3-6kw-to-7-1kw-york-yvbvxh036war-gx-yvbvxh045war-gx-yvbvxh056war-gx-yvbvxh071war-gx\/#primaryimage"},"image":{"@id":"https:\/\/geoclimate.ge\/fr\/produit\/vrf-vrv-fan-coil-wall-mounted-indoor-unit-3-6kw-to-7-1kw-york-yvbvxh036war-gx-yvbvxh045war-gx-yvbvxh056war-gx-yvbvxh071war-gx\/#primaryimage"},"thumbnailUrl":"https:\/\/geoclimate.ge\/wp-content\/uploads\/2025\/03\/68756.webp","datePublished":"2025-03-11T09:05:09+00:00","dateModified":"2025-03-11T09:16:16+00:00","breadcrumb":{"@id":"https:\/\/geoclimate.ge\/fr\/produit\/vrf-vrv-fan-coil-wall-mounted-indoor-unit-3-6kw-to-7-1kw-york-yvbvxh036war-gx-yvbvxh045war-gx-yvbvxh056war-gx-yvbvxh071war-gx\/#breadcrumb"},"inLanguage":"fr-FR","potentialAction":[{"@type":"ReadAction","target":["https:\/\/geoclimate.ge\/fr\/produit\/vrf-vrv-fan-coil-wall-mounted-indoor-unit-3-6kw-to-7-1kw-york-yvbvxh036war-gx-yvbvxh045war-gx-yvbvxh056war-gx-yvbvxh071war-gx\/"]}]},{"@type":"ImageObject","inLanguage":"fr-FR","@id":"https:\/\/geoclimate.ge\/fr\/produit\/vrf-vrv-fan-coil-wall-mounted-indoor-unit-3-6kw-to-7-1kw-york-yvbvxh036war-gx-yvbvxh045war-gx-yvbvxh056war-gx-yvbvxh071war-gx\/#primaryimage","url":"https:\/\/geoclimate.ge\/wp-content\/uploads\/2025\/03\/68756.webp","contentUrl":"https:\/\/geoclimate.ge\/wp-content\/uploads\/2025\/03\/68756.webp","width":675,"height":675},{"@type":"BreadcrumbList","@id":"https:\/\/geoclimate.ge\/fr\/produit\/vrf-vrv-fan-coil-wall-mounted-indoor-unit-3-6kw-to-7-1kw-york-yvbvxh036war-gx-yvbvxh045war-gx-yvbvxh056war-gx-yvbvxh071war-gx\/#breadcrumb","itemListElement":[{"@type":"ListItem","position":1,"name":"Home","item":"https:\/\/geoclimate.ge\/fr\/"},{"@type":"ListItem","position":2,"name":"Products","item":"https:\/\/geoclimate.ge\/fr\/products\/"},{"@type":"ListItem","position":3,"name":"Unit\u00e9 int\u00e9rieure verticale \u00e0 conduit mural \u00e0 ventilo-convecteur VRF VRV de 3,6 kW \u00e0 7,1 kW YORK YVBVXH036WAR-GX YVBVXH045WAR-GX YVBVXH056WAR-GX YVBVXH071WAR-GX"}]},{"@type":"WebSite","@id":"https:\/\/geoclimate.ge\/#website","url":"https:\/\/geoclimate.ge\/","name":"GeoClimate","description":"","publisher":{"@id":"https:\/\/geoclimate.ge\/#organization"},"potentialAction":[{"@type":"SearchAction","target":{"@type":"EntryPoint","urlTemplate":"https:\/\/geoclimate.ge\/?s={search_term_string}"},"query-input":{"@type":"PropertyValueSpecification","valueRequired":true,"valueName":"search_term_string"}}],"inLanguage":"fr-FR"},{"@type":"Organization","@id":"https:\/\/geoclimate.ge\/#organization","name":"GeoClimate","url":"https:\/\/geoclimate.ge\/","logo":{"@type":"ImageObject","inLanguage":"fr-FR","@id":"https:\/\/geoclimate.ge\/#\/schema\/logo\/image\/","url":"https:\/\/geoclimate.ge\/wp-content\/uploads\/2026\/03\/geoclimate-SEO.png","contentUrl":"https:\/\/geoclimate.ge\/wp-content\/uploads\/2026\/03\/geoclimate-SEO.png","width":1536,"height":1024,"caption":"GeoClimate"},"image":{"@id":"https:\/\/geoclimate.ge\/#\/schema\/logo\/image\/"}}]}},"_links":{"self":[{"href":"https:\/\/geoclimate.ge\/fr\/wp-json\/wp\/v2\/product\/25241","targetHints":{"allow":["GET"]}}],"collection":[{"href":"https:\/\/geoclimate.ge\/fr\/wp-json\/wp\/v2\/product"}],"about":[{"href":"https:\/\/geoclimate.ge\/fr\/wp-json\/wp\/v2\/types\/product"}],"wp:featuredmedia":[{"embeddable":true,"href":"https:\/\/geoclimate.ge\/fr\/wp-json\/wp\/v2\/media\/25230"}],"wp:attachment":[{"href":"https:\/\/geoclimate.ge\/fr\/wp-json\/wp\/v2\/media?parent=25241"}],"wp:term":[{"taxonomy":"product_brand","embeddable":true,"href":"https:\/\/geoclimate.ge\/fr\/wp-json\/wp\/v2\/product_brand?post=25241"},{"taxonomy":"product_cat","embeddable":true,"href":"https:\/\/geoclimate.ge\/fr\/wp-json\/wp\/v2\/product_cat?post=25241"},{"taxonomy":"product_tag","embeddable":true,"href":"https:\/\/geoclimate.ge\/fr\/wp-json\/wp\/v2\/product_tag?post=25241"}],"curies":[{"name":"wp","href":"https:\/\/api.w.org\/{rel}","templated":true}]}}