{"id":25289,"date":"2025-03-11T14:43:59","date_gmt":"2025-03-11T10:43:59","guid":{"rendered":"https:\/\/airsystems.ge\/shop\/product\/vrf-vrv-fan-coil-slim-low-static-pressure-ducted-indoor-unit-2-8-kw-to-5-6-kw-yv3vxh028war-gx-yv3vxh036war-gx-yv3vxh045war-gx-yv3vxh056war-gx-york\/"},"modified":"2025-03-11T14:57:04","modified_gmt":"2025-03-11T10:57:04","slug":"vrf-vrv-fan-coil-slim-low-static-pressure-ducted-indoor-unit-2-8-kw-to-5-6-kw-yv3vxh028war-gx-yv3vxh036war-gx-yv3vxh045war-gx-yv3vxh056war-gx-york","status":"publish","type":"product","link":"https:\/\/geoclimate.ge\/fr\/produit\/vrf-vrv-fan-coil-slim-low-static-pressure-ducted-indoor-unit-2-8-kw-to-5-6-kw-yv3vxh028war-gx-yv3vxh036war-gx-yv3vxh045war-gx-yv3vxh056war-gx-york\/","title":{"rendered":"Unit\u00e9 int\u00e9rieure gainable \u00e0 faible pression statique VRF VRV de 2,8 kW \u00e0 5.6 kW YV3VXH028WAR-GX YV3VXH036WAR-GX YV3VXH045WAR-GX YV3VXH056WAR-GX YORK"},"content":{"rendered":"<table width=\"267\">\n<tbody>\n<tr>\n<td width=\"135\">YV3VXH028WAR-GX<\/td>\n<td width=\"64\">2.8<\/td>\n<td width=\"68\">\u00a0\u00a0\u00a0\u00a0 1,039 \u20be<\/td>\n<\/tr>\n<tr>\n<td>YV3VXH036WAR-GX<\/td>\n<td>3.6<\/td>\n<td>\u00a0\u00a0\u00a0\u00a0 1,085 \u20be<\/td>\n<\/tr>\n<tr>\n<td>YV3VXH045WAR-GX<\/td>\n<td>4.5<\/td>\n<td>\u00a0\u00a0\u00a0\u00a0 1,271 \u20be<\/td>\n<\/tr>\n<tr>\n<td>YV3VXH056WAR-GX<\/td>\n<td>5.6<\/td>\n<td>\u00a0\u00a0\u00a0\u00a0 1,302 \u20be<\/td>\n<\/tr>\n<\/tbody>\n<\/table>\n","protected":false},"excerpt":{"rendered":"<p>\u2022 Conception ultra fine n\u00e9cessitant un espace minimum pour l&rsquo;installation \u2013 Seulement 185 mm de hauteur x 500 mm de profondeur<br \/>\n\u2022 Pression statique externe s\u00e9lectionnable de 0 ou 30 Pa<br \/>\n\u2022 Bac de r\u00e9cup\u00e9ration d\u00e9montable \u2013 D\u00e9montage facile \u2013 Drainage bilat\u00e9ral disponible en changeant la direction du bac de r\u00e9cup\u00e9ration<br \/>\n\u2022 Pompe de r\u00e9cup\u00e9ration haute pression int\u00e9gr\u00e9e de 600 mm<br \/>\n\u2022 L&rsquo;installation dissimul\u00e9e n&rsquo;a pas d&rsquo;impact sur la pi\u00e8ce esth\u00e9tique<br \/>\n\u2022 Installation multi-mode \u2013 Avec ou sans conduit de reprise d&rsquo;air \u2013 Reprise d&rsquo;air par le bas ou par l&rsquo;arri\u00e8re<br \/>\n\u2022 La commande filaire est une offre standard, la commande sans fil est en option<\/p>\n","protected":false},"featured_media":25284,"template":"","meta":[],"product_brand":[],"product_cat":[705,1074],"product_tag":[],"class_list":{"0":"post-25289","1":"product","2":"type-product","3":"status-publish","4":"has-post-thumbnail","6":"product_cat-climatiseur","7":"product_cat-vrf-interieure-unite-vrv-fr","9":"first","10":"instock","11":"shipping-taxable","12":"product-type-simple"},"yoast_head":"<!-- This site is optimized with the Yoast SEO plugin v27.1.1 - https:\/\/yoast.com\/product\/yoast-seo-wordpress\/ -->\n<title>Unit\u00e9 int\u00e9rieure gainable \u00e0 faible pression statique VRF VRV de 2,8 kW \u00e0 5.6 kW YV3VXH028WAR-GX YV3VXH036WAR-GX YV3VXH045WAR-GX YV3VXH056WAR-GX YORK - GeoClimate.ge<\/title>\n<meta name=\"robots\" content=\"index, follow, max-snippet:-1, max-image-preview:large, max-video-preview:-1\" \/>\n<link rel=\"canonical\" href=\"https:\/\/geoclimate.ge\/fr\/produit\/vrf-vrv-fan-coil-slim-low-static-pressure-ducted-indoor-unit-2-8-kw-to-5-6-kw-yv3vxh028war-gx-yv3vxh036war-gx-yv3vxh045war-gx-yv3vxh056war-gx-york\/\" \/>\n<meta property=\"og:locale\" content=\"fr_FR\" \/>\n<meta property=\"og:type\" content=\"article\" \/>\n<meta property=\"og:title\" content=\"Unit\u00e9 int\u00e9rieure gainable \u00e0 faible pression statique VRF VRV de 2,8 kW \u00e0 5.6 kW YV3VXH028WAR-GX YV3VXH036WAR-GX YV3VXH045WAR-GX YV3VXH056WAR-GX YORK - GeoClimate.ge\" \/>\n<meta property=\"og:description\" content=\"\u2022 Conception ultra fine n\u00e9cessitant un espace minimum pour l&#039;installation \u2013 Seulement 185 mm de hauteur x 500 mm de profondeur \u2022 Pression statique externe s\u00e9lectionnable de 0 ou 30 Pa \u2022 Bac de r\u00e9cup\u00e9ration d\u00e9montable \u2013 D\u00e9montage facile \u2013 Drainage bilat\u00e9ral disponible en changeant la direction du bac de r\u00e9cup\u00e9ration \u2022 Pompe de r\u00e9cup\u00e9ration haute pression int\u00e9gr\u00e9e de 600 mm \u2022 L&#039;installation dissimul\u00e9e n&#039;a pas d&#039;impact sur la pi\u00e8ce esth\u00e9tique \u2022 Installation multi-mode \u2013 Avec ou sans conduit de reprise d&#039;air \u2013 Reprise d&#039;air par le bas ou par l&#039;arri\u00e8re \u2022 La commande filaire est une offre standard, la commande sans fil est en option\" \/>\n<meta property=\"og:url\" content=\"https:\/\/geoclimate.ge\/fr\/produit\/vrf-vrv-fan-coil-slim-low-static-pressure-ducted-indoor-unit-2-8-kw-to-5-6-kw-yv3vxh028war-gx-yv3vxh036war-gx-yv3vxh045war-gx-yv3vxh056war-gx-york\/\" \/>\n<meta property=\"og:site_name\" content=\"GeoClimate.ge\" \/>\n<meta property=\"article:modified_time\" content=\"2025-03-11T10:57:04+00:00\" \/>\n<meta property=\"og:image\" content=\"https:\/\/geoclimate.ge\/wp-content\/uploads\/2025\/03\/slim.jpg\" \/>\n\t<meta property=\"og:image:width\" content=\"1024\" \/>\n\t<meta property=\"og:image:height\" content=\"1024\" \/>\n\t<meta property=\"og:image:type\" content=\"image\/jpeg\" \/>\n<meta name=\"twitter:card\" content=\"summary_large_image\" \/>\n<script type=\"application\/ld+json\" class=\"yoast-schema-graph\">{\"@context\":\"https:\/\/schema.org\",\"@graph\":[{\"@type\":\"WebPage\",\"@id\":\"https:\/\/geoclimate.ge\/fr\/produit\/vrf-vrv-fan-coil-slim-low-static-pressure-ducted-indoor-unit-2-8-kw-to-5-6-kw-yv3vxh028war-gx-yv3vxh036war-gx-yv3vxh045war-gx-yv3vxh056war-gx-york\/\",\"url\":\"https:\/\/geoclimate.ge\/fr\/produit\/vrf-vrv-fan-coil-slim-low-static-pressure-ducted-indoor-unit-2-8-kw-to-5-6-kw-yv3vxh028war-gx-yv3vxh036war-gx-yv3vxh045war-gx-yv3vxh056war-gx-york\/\",\"name\":\"Unit\u00e9 int\u00e9rieure gainable \u00e0 faible pression statique VRF VRV de 2,8 kW \u00e0 5.6 kW YV3VXH028WAR-GX YV3VXH036WAR-GX YV3VXH045WAR-GX YV3VXH056WAR-GX YORK - GeoClimate.ge\",\"isPartOf\":{\"@id\":\"https:\/\/geoclimate.ge\/#website\"},\"primaryImageOfPage\":{\"@id\":\"https:\/\/geoclimate.ge\/fr\/produit\/vrf-vrv-fan-coil-slim-low-static-pressure-ducted-indoor-unit-2-8-kw-to-5-6-kw-yv3vxh028war-gx-yv3vxh036war-gx-yv3vxh045war-gx-yv3vxh056war-gx-york\/#primaryimage\"},\"image\":{\"@id\":\"https:\/\/geoclimate.ge\/fr\/produit\/vrf-vrv-fan-coil-slim-low-static-pressure-ducted-indoor-unit-2-8-kw-to-5-6-kw-yv3vxh028war-gx-yv3vxh036war-gx-yv3vxh045war-gx-yv3vxh056war-gx-york\/#primaryimage\"},\"thumbnailUrl\":\"https:\/\/geoclimate.ge\/wp-content\/uploads\/2025\/03\/slim.jpg\",\"datePublished\":\"2025-03-11T10:43:59+00:00\",\"dateModified\":\"2025-03-11T10:57:04+00:00\",\"breadcrumb\":{\"@id\":\"https:\/\/geoclimate.ge\/fr\/produit\/vrf-vrv-fan-coil-slim-low-static-pressure-ducted-indoor-unit-2-8-kw-to-5-6-kw-yv3vxh028war-gx-yv3vxh036war-gx-yv3vxh045war-gx-yv3vxh056war-gx-york\/#breadcrumb\"},\"inLanguage\":\"fr-FR\",\"potentialAction\":[{\"@type\":\"ReadAction\",\"target\":[\"https:\/\/geoclimate.ge\/fr\/produit\/vrf-vrv-fan-coil-slim-low-static-pressure-ducted-indoor-unit-2-8-kw-to-5-6-kw-yv3vxh028war-gx-yv3vxh036war-gx-yv3vxh045war-gx-yv3vxh056war-gx-york\/\"]}]},{\"@type\":\"ImageObject\",\"inLanguage\":\"fr-FR\",\"@id\":\"https:\/\/geoclimate.ge\/fr\/produit\/vrf-vrv-fan-coil-slim-low-static-pressure-ducted-indoor-unit-2-8-kw-to-5-6-kw-yv3vxh028war-gx-yv3vxh036war-gx-yv3vxh045war-gx-yv3vxh056war-gx-york\/#primaryimage\",\"url\":\"https:\/\/geoclimate.ge\/wp-content\/uploads\/2025\/03\/slim.jpg\",\"contentUrl\":\"https:\/\/geoclimate.ge\/wp-content\/uploads\/2025\/03\/slim.jpg\",\"width\":1024,\"height\":1024},{\"@type\":\"BreadcrumbList\",\"@id\":\"https:\/\/geoclimate.ge\/fr\/produit\/vrf-vrv-fan-coil-slim-low-static-pressure-ducted-indoor-unit-2-8-kw-to-5-6-kw-yv3vxh028war-gx-yv3vxh036war-gx-yv3vxh045war-gx-yv3vxh056war-gx-york\/#breadcrumb\",\"itemListElement\":[{\"@type\":\"ListItem\",\"position\":1,\"name\":\"Home\",\"item\":\"https:\/\/geoclimate.ge\/fr\/\"},{\"@type\":\"ListItem\",\"position\":2,\"name\":\"Products\",\"item\":\"https:\/\/geoclimate.ge\/fr\/products\/\"},{\"@type\":\"ListItem\",\"position\":3,\"name\":\"Unit\u00e9 int\u00e9rieure gainable \u00e0 faible pression statique VRF VRV de 2,8 kW \u00e0 5.6 kW YV3VXH028WAR-GX YV3VXH036WAR-GX YV3VXH045WAR-GX YV3VXH056WAR-GX YORK\"}]},{\"@type\":\"WebSite\",\"@id\":\"https:\/\/geoclimate.ge\/#website\",\"url\":\"https:\/\/geoclimate.ge\/\",\"name\":\"GeoClimate\",\"description\":\"\",\"publisher\":{\"@id\":\"https:\/\/geoclimate.ge\/#organization\"},\"potentialAction\":[{\"@type\":\"SearchAction\",\"target\":{\"@type\":\"EntryPoint\",\"urlTemplate\":\"https:\/\/geoclimate.ge\/?s={search_term_string}\"},\"query-input\":{\"@type\":\"PropertyValueSpecification\",\"valueRequired\":true,\"valueName\":\"search_term_string\"}}],\"inLanguage\":\"fr-FR\"},{\"@type\":\"Organization\",\"@id\":\"https:\/\/geoclimate.ge\/#organization\",\"name\":\"GeoClimate\",\"url\":\"https:\/\/geoclimate.ge\/\",\"logo\":{\"@type\":\"ImageObject\",\"inLanguage\":\"fr-FR\",\"@id\":\"https:\/\/geoclimate.ge\/#\/schema\/logo\/image\/\",\"url\":\"https:\/\/geoclimate.ge\/wp-content\/uploads\/2026\/03\/geoclimate-SEO.png\",\"contentUrl\":\"https:\/\/geoclimate.ge\/wp-content\/uploads\/2026\/03\/geoclimate-SEO.png\",\"width\":1536,\"height\":1024,\"caption\":\"GeoClimate\"},\"image\":{\"@id\":\"https:\/\/geoclimate.ge\/#\/schema\/logo\/image\/\"}}]}<\/script>\n<!-- \/ Yoast SEO plugin. -->","yoast_head_json":{"title":"Unit\u00e9 int\u00e9rieure gainable \u00e0 faible pression statique VRF VRV de 2,8 kW \u00e0 5.6 kW YV3VXH028WAR-GX YV3VXH036WAR-GX YV3VXH045WAR-GX YV3VXH056WAR-GX YORK - GeoClimate.ge","robots":{"index":"index","follow":"follow","max-snippet":"max-snippet:-1","max-image-preview":"max-image-preview:large","max-video-preview":"max-video-preview:-1"},"canonical":"https:\/\/geoclimate.ge\/fr\/produit\/vrf-vrv-fan-coil-slim-low-static-pressure-ducted-indoor-unit-2-8-kw-to-5-6-kw-yv3vxh028war-gx-yv3vxh036war-gx-yv3vxh045war-gx-yv3vxh056war-gx-york\/","og_locale":"fr_FR","og_type":"article","og_title":"Unit\u00e9 int\u00e9rieure gainable \u00e0 faible pression statique VRF VRV de 2,8 kW \u00e0 5.6 kW YV3VXH028WAR-GX YV3VXH036WAR-GX YV3VXH045WAR-GX YV3VXH056WAR-GX YORK - GeoClimate.ge","og_description":"\u2022 Conception ultra fine n\u00e9cessitant un espace minimum pour l'installation \u2013 Seulement 185 mm de hauteur x 500 mm de profondeur \u2022 Pression statique externe s\u00e9lectionnable de 0 ou 30 Pa \u2022 Bac de r\u00e9cup\u00e9ration d\u00e9montable \u2013 D\u00e9montage facile \u2013 Drainage bilat\u00e9ral disponible en changeant la direction du bac de r\u00e9cup\u00e9ration \u2022 Pompe de r\u00e9cup\u00e9ration haute pression int\u00e9gr\u00e9e de 600 mm \u2022 L'installation dissimul\u00e9e n'a pas d'impact sur la pi\u00e8ce esth\u00e9tique \u2022 Installation multi-mode \u2013 Avec ou sans conduit de reprise d'air \u2013 Reprise d'air par le bas ou par l'arri\u00e8re \u2022 La commande filaire est une offre standard, la commande sans fil est en option","og_url":"https:\/\/geoclimate.ge\/fr\/produit\/vrf-vrv-fan-coil-slim-low-static-pressure-ducted-indoor-unit-2-8-kw-to-5-6-kw-yv3vxh028war-gx-yv3vxh036war-gx-yv3vxh045war-gx-yv3vxh056war-gx-york\/","og_site_name":"GeoClimate.ge","article_modified_time":"2025-03-11T10:57:04+00:00","og_image":[{"width":1024,"height":1024,"url":"https:\/\/geoclimate.ge\/wp-content\/uploads\/2025\/03\/slim.jpg","type":"image\/jpeg"}],"twitter_card":"summary_large_image","schema":{"@context":"https:\/\/schema.org","@graph":[{"@type":"WebPage","@id":"https:\/\/geoclimate.ge\/fr\/produit\/vrf-vrv-fan-coil-slim-low-static-pressure-ducted-indoor-unit-2-8-kw-to-5-6-kw-yv3vxh028war-gx-yv3vxh036war-gx-yv3vxh045war-gx-yv3vxh056war-gx-york\/","url":"https:\/\/geoclimate.ge\/fr\/produit\/vrf-vrv-fan-coil-slim-low-static-pressure-ducted-indoor-unit-2-8-kw-to-5-6-kw-yv3vxh028war-gx-yv3vxh036war-gx-yv3vxh045war-gx-yv3vxh056war-gx-york\/","name":"Unit\u00e9 int\u00e9rieure gainable \u00e0 faible pression statique VRF VRV de 2,8 kW \u00e0 5.6 kW YV3VXH028WAR-GX YV3VXH036WAR-GX YV3VXH045WAR-GX YV3VXH056WAR-GX YORK - GeoClimate.ge","isPartOf":{"@id":"https:\/\/geoclimate.ge\/#website"},"primaryImageOfPage":{"@id":"https:\/\/geoclimate.ge\/fr\/produit\/vrf-vrv-fan-coil-slim-low-static-pressure-ducted-indoor-unit-2-8-kw-to-5-6-kw-yv3vxh028war-gx-yv3vxh036war-gx-yv3vxh045war-gx-yv3vxh056war-gx-york\/#primaryimage"},"image":{"@id":"https:\/\/geoclimate.ge\/fr\/produit\/vrf-vrv-fan-coil-slim-low-static-pressure-ducted-indoor-unit-2-8-kw-to-5-6-kw-yv3vxh028war-gx-yv3vxh036war-gx-yv3vxh045war-gx-yv3vxh056war-gx-york\/#primaryimage"},"thumbnailUrl":"https:\/\/geoclimate.ge\/wp-content\/uploads\/2025\/03\/slim.jpg","datePublished":"2025-03-11T10:43:59+00:00","dateModified":"2025-03-11T10:57:04+00:00","breadcrumb":{"@id":"https:\/\/geoclimate.ge\/fr\/produit\/vrf-vrv-fan-coil-slim-low-static-pressure-ducted-indoor-unit-2-8-kw-to-5-6-kw-yv3vxh028war-gx-yv3vxh036war-gx-yv3vxh045war-gx-yv3vxh056war-gx-york\/#breadcrumb"},"inLanguage":"fr-FR","potentialAction":[{"@type":"ReadAction","target":["https:\/\/geoclimate.ge\/fr\/produit\/vrf-vrv-fan-coil-slim-low-static-pressure-ducted-indoor-unit-2-8-kw-to-5-6-kw-yv3vxh028war-gx-yv3vxh036war-gx-yv3vxh045war-gx-yv3vxh056war-gx-york\/"]}]},{"@type":"ImageObject","inLanguage":"fr-FR","@id":"https:\/\/geoclimate.ge\/fr\/produit\/vrf-vrv-fan-coil-slim-low-static-pressure-ducted-indoor-unit-2-8-kw-to-5-6-kw-yv3vxh028war-gx-yv3vxh036war-gx-yv3vxh045war-gx-yv3vxh056war-gx-york\/#primaryimage","url":"https:\/\/geoclimate.ge\/wp-content\/uploads\/2025\/03\/slim.jpg","contentUrl":"https:\/\/geoclimate.ge\/wp-content\/uploads\/2025\/03\/slim.jpg","width":1024,"height":1024},{"@type":"BreadcrumbList","@id":"https:\/\/geoclimate.ge\/fr\/produit\/vrf-vrv-fan-coil-slim-low-static-pressure-ducted-indoor-unit-2-8-kw-to-5-6-kw-yv3vxh028war-gx-yv3vxh036war-gx-yv3vxh045war-gx-yv3vxh056war-gx-york\/#breadcrumb","itemListElement":[{"@type":"ListItem","position":1,"name":"Home","item":"https:\/\/geoclimate.ge\/fr\/"},{"@type":"ListItem","position":2,"name":"Products","item":"https:\/\/geoclimate.ge\/fr\/products\/"},{"@type":"ListItem","position":3,"name":"Unit\u00e9 int\u00e9rieure gainable \u00e0 faible pression statique VRF VRV de 2,8 kW \u00e0 5.6 kW YV3VXH028WAR-GX YV3VXH036WAR-GX YV3VXH045WAR-GX YV3VXH056WAR-GX YORK"}]},{"@type":"WebSite","@id":"https:\/\/geoclimate.ge\/#website","url":"https:\/\/geoclimate.ge\/","name":"GeoClimate","description":"","publisher":{"@id":"https:\/\/geoclimate.ge\/#organization"},"potentialAction":[{"@type":"SearchAction","target":{"@type":"EntryPoint","urlTemplate":"https:\/\/geoclimate.ge\/?s={search_term_string}"},"query-input":{"@type":"PropertyValueSpecification","valueRequired":true,"valueName":"search_term_string"}}],"inLanguage":"fr-FR"},{"@type":"Organization","@id":"https:\/\/geoclimate.ge\/#organization","name":"GeoClimate","url":"https:\/\/geoclimate.ge\/","logo":{"@type":"ImageObject","inLanguage":"fr-FR","@id":"https:\/\/geoclimate.ge\/#\/schema\/logo\/image\/","url":"https:\/\/geoclimate.ge\/wp-content\/uploads\/2026\/03\/geoclimate-SEO.png","contentUrl":"https:\/\/geoclimate.ge\/wp-content\/uploads\/2026\/03\/geoclimate-SEO.png","width":1536,"height":1024,"caption":"GeoClimate"},"image":{"@id":"https:\/\/geoclimate.ge\/#\/schema\/logo\/image\/"}}]}},"_links":{"self":[{"href":"https:\/\/geoclimate.ge\/fr\/wp-json\/wp\/v2\/product\/25289","targetHints":{"allow":["GET"]}}],"collection":[{"href":"https:\/\/geoclimate.ge\/fr\/wp-json\/wp\/v2\/product"}],"about":[{"href":"https:\/\/geoclimate.ge\/fr\/wp-json\/wp\/v2\/types\/product"}],"wp:featuredmedia":[{"embeddable":true,"href":"https:\/\/geoclimate.ge\/fr\/wp-json\/wp\/v2\/media\/25284"}],"wp:attachment":[{"href":"https:\/\/geoclimate.ge\/fr\/wp-json\/wp\/v2\/media?parent=25289"}],"wp:term":[{"taxonomy":"product_brand","embeddable":true,"href":"https:\/\/geoclimate.ge\/fr\/wp-json\/wp\/v2\/product_brand?post=25289"},{"taxonomy":"product_cat","embeddable":true,"href":"https:\/\/geoclimate.ge\/fr\/wp-json\/wp\/v2\/product_cat?post=25289"},{"taxonomy":"product_tag","embeddable":true,"href":"https:\/\/geoclimate.ge\/fr\/wp-json\/wp\/v2\/product_tag?post=25289"}],"curies":[{"name":"wp","href":"https:\/\/api.w.org\/{rel}","templated":true}]}}