{"id":25540,"date":"2025-03-25T09:36:08","date_gmt":"2025-03-25T05:36:08","guid":{"rendered":"https:\/\/airsystems.ge\/shop\/product\/fan-accessories\/"},"modified":"2025-03-27T11:23:16","modified_gmt":"2025-03-27T07:23:16","slug":"fan-accessories","status":"publish","type":"product","link":"https:\/\/geoclimate.ge\/fr\/produit\/fan-accessories\/","title":{"rendered":"ACCESSOIRES POUR VENTILATEURS"},"content":{"rendered":"<section id=\"comp-lqc6ijp3\" class=\"Oqnisf comp-lqc6ijp3 wixui-section\" tabindex=\"-1\" data-block-level-container=\"ClassicSection\">\n<div class=\"\" data-mesh-id=\"comp-lqc6ijp3inlineContent\" data-testid=\"inline-content\">\n<div data-mesh-id=\"comp-lqc6ijp3inlineContent-gridContainer\" data-testid=\"mesh-container-content\">\n<section id=\"comp-k2u6ljoc\" class=\"comp-k2u6ljoc CohWsy wixui-column-strip\">\n<div class=\"V5AUxf\" data-testid=\"columns\">\n<div id=\"comp-k2u6ljoc1\" class=\"comp-k2u6ljoc1 YzqVVZ wixui-column-strip__column\">\n<div class=\"\" data-mesh-id=\"comp-k2u6ljoc1inlineContent\" data-testid=\"inline-content\">\n<div data-mesh-id=\"comp-k2u6ljoc1inlineContent-gridContainer\" data-testid=\"mesh-container-content\">\n<div id=\"comp-k2u6ljoc2\" class=\"HcOXKn SxM0TO QxJLC3 lq2cno YQcXTT comp-k2u6ljoc2 wixui-rich-text\" data-testid=\"richTextElement\">\n<p><strong>D\u00c9MARREURS<\/strong><\/p>\n<p>SWEDFAN propose trois principaux types de d\u00e9marreurs\u00a0: les d\u00e9marreurs directs, les d\u00e9marreurs Dahlander (pour moteurs \u00e0 deux vitesses) et les variateurs de fr\u00e9quence. En fonction de la logistique du chantier, SWEDFAN \u00e9value le type de d\u00e9marreur offrant le co\u00fbt \u00e9nerg\u00e9tique le plus bas et recommande celui des trois types le plus adapt\u00e9.<\/p>\n<\/div>\n<\/div>\n<\/div>\n<\/div>\n<\/div>\n<\/section>\n<\/div>\n<\/div>\n<\/section>\n<section id=\"comp-lqc6ijp4\" class=\"Oqnisf comp-lqc6ijp4 wixui-section\" tabindex=\"-1\" data-block-level-container=\"ClassicSection\">\n<div class=\"\" data-mesh-id=\"comp-lqc6ijp4inlineContent\" data-testid=\"inline-content\">\n<div data-mesh-id=\"comp-lqc6ijp4inlineContent-gridContainer\" data-testid=\"mesh-container-content\">\n<section id=\"comp-k2oskizk\" class=\"comp-k2oskizk CohWsy wixui-column-strip\">\n<div class=\"V5AUxf\" data-testid=\"columns\">\n<div id=\"comp-k2oskizk1\" class=\"comp-k2oskizk1 YzqVVZ wixui-column-strip__column\">\n<div class=\"\" data-mesh-id=\"comp-k2oskizk1inlineContent\" data-testid=\"inline-content\">\n<div data-mesh-id=\"comp-k2oskizk1inlineContent-gridContainer\" data-testid=\"mesh-container-content\">\n<section id=\"comp-k2oskizk2\" class=\"comp-k2oskizk2 CohWsy wixui-column-strip\">\n<div class=\"V5AUxf\" data-testid=\"columns\">\n<div id=\"comp-k2oskizk6\" class=\"comp-k2oskizk6 YzqVVZ wixui-column-strip__column\">\n<div id=\"bgLayers_comp-k2oskizk6\" class=\"MW5IWV\" data-hook=\"bgLayers\" data-motion-part=\"BG_LAYER comp-k2oskizk6\">\n<div class=\"LWbAav Kv1aVt\" data-testid=\"colorUnderlay\"><\/div>\n<div id=\"bgMedia_comp-k2oskizk6\" class=\"VgO9Yg\" data-motion-part=\"BG_MEDIA comp-k2oskizk6\"><img loading=\"lazy\" decoding=\"async\" src=\"https:\/\/static.wixstatic.com\/media\/9e28d9_f5026959c6f54f6c9745ced133da6fdd~mv2_d_3264_2448_s_4_2.jpg\/v1\/fill\/w_794,h_660,fp_0.50_0.50,q_85,usm_0.66_1.00_0.01,enc_avif,quality_auto\/9e28d9_f5026959c6f54f6c9745ced133da6fdd~mv2_d_3264_2448_s_4_2.jpg\" alt=\"Starter (frekvensomformare).JPG\" width=\"653\" height=\"660\" data-ssr-src-done=\"true\" \/><\/div>\n<\/div>\n<div class=\"\" data-mesh-id=\"comp-k2oskizk6inlineContent\" data-testid=\"inline-content\">\n<div data-mesh-id=\"comp-k2oskizk6inlineContent-gridContainer\" data-testid=\"mesh-container-content\"><\/div>\n<\/div>\n<\/div>\n<\/div>\n<\/section>\n<section id=\"comp-k2oskizk7\" class=\"comp-k2oskizk7 CohWsy wixui-column-strip\">\n<div id=\"bgLayers_comp-k2oskizk7\" class=\"if7Vw2\" data-hook=\"bgLayers\" data-motion-part=\"BG_LAYER comp-k2oskizk7\">\n<div id=\"bgMedia_comp-k2oskizk7\" class=\"wG8dni\" data-motion-part=\"BG_MEDIA comp-k2oskizk7\">\n<p><strong>SILENCIEUX HAUTEMENT EFFICACES<\/strong><\/p>\n<p>Nos silencieux standard sont fabriqu\u00e9s avec de la laine min\u00e9rale comme mat\u00e9riau absorbant. Pour une r\u00e9duction acoustique optimale, ils sont dot\u00e9s d&rsquo;un noyau central rempli de laine min\u00e9rale, qui att\u00e9nue \u00e9galement efficacement les sons haute fr\u00e9quence.<br \/>\nLa pi\u00e8ce moul\u00e9e est en acier de 3 ou 4\u00a0mm, selon la taille. Une protection antirouille est pr\u00e9form\u00e9e, comme pour la pi\u00e8ce moul\u00e9e pour ventilateurs. Les silencieux offrent une protection s\u00fbre contre les \u00e9clats en cas d&rsquo;\u00e9clatement du ventilateur.<\/p>\n<\/div>\n<\/div>\n<div class=\"V5AUxf\" data-testid=\"columns\">\n<div id=\"comp-k2oskizk8\" class=\"comp-k2oskizk8 YzqVVZ wixui-column-strip__column\">\n<div id=\"bgLayers_comp-k2oskizk8\" class=\"MW5IWV\" data-hook=\"bgLayers\" data-motion-part=\"BG_LAYER comp-k2oskizk8\">\n<div id=\"bgMedia_comp-k2oskizk8\" class=\"VgO9Yg\" data-motion-part=\"BG_MEDIA comp-k2oskizk8\"><img loading=\"lazy\" decoding=\"async\" src=\"https:\/\/static.wixstatic.com\/media\/9e28d9_8a089732256c4d2db1cfeb3ef871b710~mv2_d_2250_1681_s_2.jpg\/v1\/fill\/w_794,h_660,fp_0.50_0.50,q_85,usm_0.66_1.00_0.01,enc_avif,quality_auto\/9e28d9_8a089732256c4d2db1cfeb3ef871b710~mv2_d_2250_1681_s_2.jpg\" alt=\"Silencers_(Ljudd\u00e4mpare)_edited.jpg\" width=\"653\" height=\"660\" data-ssr-src-done=\"true\" \/><\/div>\n<\/div>\n<\/div>\n<\/div>\n<\/section>\n<section id=\"comp-k2oskizl2\" class=\"comp-k2oskizl2 CohWsy wixui-column-strip\">\n<div class=\"V5AUxf\" data-testid=\"columns\">\n<div id=\"comp-k2oskizl3\" class=\"comp-k2oskizl3 YzqVVZ wixui-column-strip__column\">\n<div class=\"\" data-mesh-id=\"comp-k2oskizl3inlineContent\" data-testid=\"inline-content\">\n<div data-mesh-id=\"comp-k2oskizl3inlineContent-gridContainer\" data-testid=\"mesh-container-content\">\n<div id=\"comp-k2oskizl4\" class=\"HcOXKn SxM0TO QxJLC3 lq2cno YQcXTT comp-k2oskizl4 wixui-rich-text\" data-testid=\"richTextElement\">\n<p>ACCESSOIRES SUPPL\u00c9MENTAIRES<\/p>\n<p>Cloches d&rsquo;entr\u00e9e<\/p>\n<p>Diffuseurs de sortie<\/p>\n<p>Brides de raccordement pour gaine flexible<\/p>\n<p>Cadres de montage<\/p>\n<p>D\u00e9bitm\u00e8tres d&rsquo;air<\/p>\n<p>Alarmes de vibrations<\/p>\n<\/div>\n<\/div>\n<\/div>\n<\/div>\n<div id=\"comp-k2oskizl6\" class=\"comp-k2oskizl6 YzqVVZ wixui-column-strip__column\">\n<div id=\"bgLayers_comp-k2oskizl6\" class=\"MW5IWV\" data-hook=\"bgLayers\" data-motion-part=\"BG_LAYER comp-k2oskizl6\">\n<div id=\"bgMedia_comp-k2oskizl6\" class=\"VgO9Yg\" data-motion-part=\"BG_MEDIA comp-k2oskizl6\"><img loading=\"lazy\" decoding=\"async\" src=\"https:\/\/static.wixstatic.com\/media\/9e28d9_fd001c0dda724b3e81a1b0a3c936cec5~mv2_d_4000_3000_s_4_2.jpg\/v1\/fill\/w_794,h_660,fp_0.50_0.50,q_85,usm_0.66_1.00_0.01,enc_avif,quality_auto\/9e28d9_fd001c0dda724b3e81a1b0a3c936cec5~mv2_d_4000_3000_s_4_2.jpg\" alt=\"Duct dampers.jpg\" width=\"653\" height=\"660\" data-ssr-src-done=\"true\" \/><\/div>\n<\/div>\n<\/div>\n<\/div>\n<\/section>\n<\/div>\n<\/div>\n<\/div>\n<\/div>\n<\/section>\n<\/div>\n<\/div>\n<\/section>\n","protected":false},"excerpt":{"rendered":"<section id=\"comp-lqc6ijp3\" class=\"Oqnisf comp-lqc6ijp3 wixui-section\" tabindex=\"-1\" data-block-level-container=\"ClassicSection\">\n<div class=\"\" data-mesh-id=\"comp-lqc6ijp3inlineContent\" data-testid=\"inline-content\">\n<div data-mesh-id=\"comp-lqc6ijp3inlineContent-gridContainer\" data-testid=\"mesh-container-content\">\n<section id=\"comp-k2u6ljoc\" class=\"comp-k2u6ljoc CohWsy wixui-column-strip\">\n<div class=\"V5AUxf\" data-testid=\"columns\">\n<div id=\"comp-k2u6ljoc1\" class=\"comp-k2u6ljoc1 YzqVVZ wixui-column-strip__column\">\n<div class=\"\" data-mesh-id=\"comp-k2u6ljoc1inlineContent\" data-testid=\"inline-content\">\n<div data-mesh-id=\"comp-k2u6ljoc1inlineContent-gridContainer\" data-testid=\"mesh-container-content\">\n<div id=\"comp-k2u6ljoc2\" class=\"HcOXKn SxM0TO QxJLC3 lq2cno YQcXTT comp-k2u6ljoc2 wixui-rich-text\" data-testid=\"richTextElement\">\n<p>ACCESSOIRES SWEDFAN<\/p>\n<p>Tous les accessoires sont fournis pour un syst\u00e8me de ventilation cl\u00e9 en main complet.<\/p>\n<\/div>\n<\/div>\n<\/div>\n<\/div>\n<\/div>\n<\/section>\n<\/div>\n<\/div>\n<\/section>\n","protected":false},"featured_media":25702,"template":"","meta":[],"product_brand":[],"product_cat":[1092,1082],"product_tag":[],"class_list":{"0":"post-25540","1":"product","2":"type-product","3":"status-publish","4":"has-post-thumbnail","6":"product_cat-conduit-tunnel-ventilateur","7":"product_cat-ventilation-souterraine-ventilation-des-tunnels-ventilation-miniere","9":"first","10":"instock","11":"shipping-taxable","12":"product-type-simple"},"yoast_head":"<!-- This site is optimized with the Yoast SEO plugin v27.1.1 - https:\/\/yoast.com\/product\/yoast-seo-wordpress\/ -->\n<title>ACCESSOIRES POUR VENTILATEURS - GeoClimate.ge<\/title>\n<meta name=\"robots\" content=\"index, follow, max-snippet:-1, max-image-preview:large, max-video-preview:-1\" \/>\n<link rel=\"canonical\" href=\"https:\/\/geoclimate.ge\/fr\/produit\/fan-accessories\/\" \/>\n<meta property=\"og:locale\" content=\"fr_FR\" \/>\n<meta property=\"og:type\" content=\"article\" \/>\n<meta property=\"og:title\" content=\"ACCESSOIRES POUR VENTILATEURS - GeoClimate.ge\" \/>\n<meta property=\"og:description\" content=\"ACCESSOIRES SWEDFAN  Tous les accessoires sont fournis pour un syst\u00e8me de ventilation cl\u00e9 en main complet.\" \/>\n<meta property=\"og:url\" content=\"https:\/\/geoclimate.ge\/fr\/produit\/fan-accessories\/\" \/>\n<meta property=\"og:site_name\" content=\"GeoClimate.ge\" \/>\n<meta property=\"article:modified_time\" content=\"2025-03-27T07:23:16+00:00\" \/>\n<meta property=\"og:image\" content=\"https:\/\/geoclimate.ge\/wp-content\/uploads\/2025\/03\/9e28d9_8a089732256c4d2db1cfeb3ef871b710mv2_d_2250_1681_s_2.jpg\" \/>\n\t<meta property=\"og:image:width\" content=\"794\" \/>\n\t<meta property=\"og:image:height\" content=\"660\" \/>\n\t<meta property=\"og:image:type\" content=\"image\/jpeg\" \/>\n<meta name=\"twitter:card\" content=\"summary_large_image\" \/>\n<meta name=\"twitter:label1\" content=\"Dur\u00e9e de lecture estim\u00e9e\" \/>\n\t<meta name=\"twitter:data1\" content=\"1 minute\" \/>\n<script type=\"application\/ld+json\" class=\"yoast-schema-graph\">{\"@context\":\"https:\/\/schema.org\",\"@graph\":[{\"@type\":\"WebPage\",\"@id\":\"https:\/\/geoclimate.ge\/fr\/produit\/fan-accessories\/\",\"url\":\"https:\/\/geoclimate.ge\/fr\/produit\/fan-accessories\/\",\"name\":\"ACCESSOIRES POUR VENTILATEURS - GeoClimate.ge\",\"isPartOf\":{\"@id\":\"https:\/\/geoclimate.ge\/#website\"},\"primaryImageOfPage\":{\"@id\":\"https:\/\/geoclimate.ge\/fr\/produit\/fan-accessories\/#primaryimage\"},\"image\":{\"@id\":\"https:\/\/geoclimate.ge\/fr\/produit\/fan-accessories\/#primaryimage\"},\"thumbnailUrl\":\"https:\/\/geoclimate.ge\/wp-content\/uploads\/2025\/03\/9e28d9_8a089732256c4d2db1cfeb3ef871b710mv2_d_2250_1681_s_2.jpg\",\"datePublished\":\"2025-03-25T05:36:08+00:00\",\"dateModified\":\"2025-03-27T07:23:16+00:00\",\"breadcrumb\":{\"@id\":\"https:\/\/geoclimate.ge\/fr\/produit\/fan-accessories\/#breadcrumb\"},\"inLanguage\":\"fr-FR\",\"potentialAction\":[{\"@type\":\"ReadAction\",\"target\":[\"https:\/\/geoclimate.ge\/fr\/produit\/fan-accessories\/\"]}]},{\"@type\":\"ImageObject\",\"inLanguage\":\"fr-FR\",\"@id\":\"https:\/\/geoclimate.ge\/fr\/produit\/fan-accessories\/#primaryimage\",\"url\":\"https:\/\/geoclimate.ge\/wp-content\/uploads\/2025\/03\/9e28d9_8a089732256c4d2db1cfeb3ef871b710mv2_d_2250_1681_s_2.jpg\",\"contentUrl\":\"https:\/\/geoclimate.ge\/wp-content\/uploads\/2025\/03\/9e28d9_8a089732256c4d2db1cfeb3ef871b710mv2_d_2250_1681_s_2.jpg\",\"width\":794,\"height\":660},{\"@type\":\"BreadcrumbList\",\"@id\":\"https:\/\/geoclimate.ge\/fr\/produit\/fan-accessories\/#breadcrumb\",\"itemListElement\":[{\"@type\":\"ListItem\",\"position\":1,\"name\":\"Home\",\"item\":\"https:\/\/geoclimate.ge\/fr\/\"},{\"@type\":\"ListItem\",\"position\":2,\"name\":\"Products\",\"item\":\"https:\/\/geoclimate.ge\/fr\/products\/\"},{\"@type\":\"ListItem\",\"position\":3,\"name\":\"ACCESSOIRES POUR VENTILATEURS\"}]},{\"@type\":\"WebSite\",\"@id\":\"https:\/\/geoclimate.ge\/#website\",\"url\":\"https:\/\/geoclimate.ge\/\",\"name\":\"GeoClimate\",\"description\":\"\",\"publisher\":{\"@id\":\"https:\/\/geoclimate.ge\/#organization\"},\"potentialAction\":[{\"@type\":\"SearchAction\",\"target\":{\"@type\":\"EntryPoint\",\"urlTemplate\":\"https:\/\/geoclimate.ge\/?s={search_term_string}\"},\"query-input\":{\"@type\":\"PropertyValueSpecification\",\"valueRequired\":true,\"valueName\":\"search_term_string\"}}],\"inLanguage\":\"fr-FR\"},{\"@type\":\"Organization\",\"@id\":\"https:\/\/geoclimate.ge\/#organization\",\"name\":\"GeoClimate\",\"url\":\"https:\/\/geoclimate.ge\/\",\"logo\":{\"@type\":\"ImageObject\",\"inLanguage\":\"fr-FR\",\"@id\":\"https:\/\/geoclimate.ge\/#\/schema\/logo\/image\/\",\"url\":\"https:\/\/geoclimate.ge\/wp-content\/uploads\/2026\/03\/geoclimate-SEO.png\",\"contentUrl\":\"https:\/\/geoclimate.ge\/wp-content\/uploads\/2026\/03\/geoclimate-SEO.png\",\"width\":1536,\"height\":1024,\"caption\":\"GeoClimate\"},\"image\":{\"@id\":\"https:\/\/geoclimate.ge\/#\/schema\/logo\/image\/\"}}]}<\/script>\n<!-- \/ Yoast SEO plugin. -->","yoast_head_json":{"title":"ACCESSOIRES POUR VENTILATEURS - GeoClimate.ge","robots":{"index":"index","follow":"follow","max-snippet":"max-snippet:-1","max-image-preview":"max-image-preview:large","max-video-preview":"max-video-preview:-1"},"canonical":"https:\/\/geoclimate.ge\/fr\/produit\/fan-accessories\/","og_locale":"fr_FR","og_type":"article","og_title":"ACCESSOIRES POUR VENTILATEURS - GeoClimate.ge","og_description":"ACCESSOIRES SWEDFAN  Tous les accessoires sont fournis pour un syst\u00e8me de ventilation cl\u00e9 en main complet.","og_url":"https:\/\/geoclimate.ge\/fr\/produit\/fan-accessories\/","og_site_name":"GeoClimate.ge","article_modified_time":"2025-03-27T07:23:16+00:00","og_image":[{"width":794,"height":660,"url":"https:\/\/geoclimate.ge\/wp-content\/uploads\/2025\/03\/9e28d9_8a089732256c4d2db1cfeb3ef871b710mv2_d_2250_1681_s_2.jpg","type":"image\/jpeg"}],"twitter_card":"summary_large_image","twitter_misc":{"Dur\u00e9e de lecture estim\u00e9e":"1 minute"},"schema":{"@context":"https:\/\/schema.org","@graph":[{"@type":"WebPage","@id":"https:\/\/geoclimate.ge\/fr\/produit\/fan-accessories\/","url":"https:\/\/geoclimate.ge\/fr\/produit\/fan-accessories\/","name":"ACCESSOIRES POUR VENTILATEURS - GeoClimate.ge","isPartOf":{"@id":"https:\/\/geoclimate.ge\/#website"},"primaryImageOfPage":{"@id":"https:\/\/geoclimate.ge\/fr\/produit\/fan-accessories\/#primaryimage"},"image":{"@id":"https:\/\/geoclimate.ge\/fr\/produit\/fan-accessories\/#primaryimage"},"thumbnailUrl":"https:\/\/geoclimate.ge\/wp-content\/uploads\/2025\/03\/9e28d9_8a089732256c4d2db1cfeb3ef871b710mv2_d_2250_1681_s_2.jpg","datePublished":"2025-03-25T05:36:08+00:00","dateModified":"2025-03-27T07:23:16+00:00","breadcrumb":{"@id":"https:\/\/geoclimate.ge\/fr\/produit\/fan-accessories\/#breadcrumb"},"inLanguage":"fr-FR","potentialAction":[{"@type":"ReadAction","target":["https:\/\/geoclimate.ge\/fr\/produit\/fan-accessories\/"]}]},{"@type":"ImageObject","inLanguage":"fr-FR","@id":"https:\/\/geoclimate.ge\/fr\/produit\/fan-accessories\/#primaryimage","url":"https:\/\/geoclimate.ge\/wp-content\/uploads\/2025\/03\/9e28d9_8a089732256c4d2db1cfeb3ef871b710mv2_d_2250_1681_s_2.jpg","contentUrl":"https:\/\/geoclimate.ge\/wp-content\/uploads\/2025\/03\/9e28d9_8a089732256c4d2db1cfeb3ef871b710mv2_d_2250_1681_s_2.jpg","width":794,"height":660},{"@type":"BreadcrumbList","@id":"https:\/\/geoclimate.ge\/fr\/produit\/fan-accessories\/#breadcrumb","itemListElement":[{"@type":"ListItem","position":1,"name":"Home","item":"https:\/\/geoclimate.ge\/fr\/"},{"@type":"ListItem","position":2,"name":"Products","item":"https:\/\/geoclimate.ge\/fr\/products\/"},{"@type":"ListItem","position":3,"name":"ACCESSOIRES POUR VENTILATEURS"}]},{"@type":"WebSite","@id":"https:\/\/geoclimate.ge\/#website","url":"https:\/\/geoclimate.ge\/","name":"GeoClimate","description":"","publisher":{"@id":"https:\/\/geoclimate.ge\/#organization"},"potentialAction":[{"@type":"SearchAction","target":{"@type":"EntryPoint","urlTemplate":"https:\/\/geoclimate.ge\/?s={search_term_string}"},"query-input":{"@type":"PropertyValueSpecification","valueRequired":true,"valueName":"search_term_string"}}],"inLanguage":"fr-FR"},{"@type":"Organization","@id":"https:\/\/geoclimate.ge\/#organization","name":"GeoClimate","url":"https:\/\/geoclimate.ge\/","logo":{"@type":"ImageObject","inLanguage":"fr-FR","@id":"https:\/\/geoclimate.ge\/#\/schema\/logo\/image\/","url":"https:\/\/geoclimate.ge\/wp-content\/uploads\/2026\/03\/geoclimate-SEO.png","contentUrl":"https:\/\/geoclimate.ge\/wp-content\/uploads\/2026\/03\/geoclimate-SEO.png","width":1536,"height":1024,"caption":"GeoClimate"},"image":{"@id":"https:\/\/geoclimate.ge\/#\/schema\/logo\/image\/"}}]}},"_links":{"self":[{"href":"https:\/\/geoclimate.ge\/fr\/wp-json\/wp\/v2\/product\/25540","targetHints":{"allow":["GET"]}}],"collection":[{"href":"https:\/\/geoclimate.ge\/fr\/wp-json\/wp\/v2\/product"}],"about":[{"href":"https:\/\/geoclimate.ge\/fr\/wp-json\/wp\/v2\/types\/product"}],"wp:featuredmedia":[{"embeddable":true,"href":"https:\/\/geoclimate.ge\/fr\/wp-json\/wp\/v2\/media\/25702"}],"wp:attachment":[{"href":"https:\/\/geoclimate.ge\/fr\/wp-json\/wp\/v2\/media?parent=25540"}],"wp:term":[{"taxonomy":"product_brand","embeddable":true,"href":"https:\/\/geoclimate.ge\/fr\/wp-json\/wp\/v2\/product_brand?post=25540"},{"taxonomy":"product_cat","embeddable":true,"href":"https:\/\/geoclimate.ge\/fr\/wp-json\/wp\/v2\/product_cat?post=25540"},{"taxonomy":"product_tag","embeddable":true,"href":"https:\/\/geoclimate.ge\/fr\/wp-json\/wp\/v2\/product_tag?post=25540"}],"curies":[{"name":"wp","href":"https:\/\/api.w.org\/{rel}","templated":true}]}}