{"id":25567,"date":"2025-03-24T09:58:35","date_gmt":"2025-03-24T05:58:35","guid":{"rendered":"https:\/\/airsystems.ge\/shop\/product\/flexible-ducting\/"},"modified":"2025-04-19T17:29:00","modified_gmt":"2025-04-19T13:29:00","slug":"flexible-ducting","status":"publish","type":"product","link":"https:\/\/geoclimate.ge\/fr\/produit\/flexible-ducting\/","title":{"rendered":"Gaines flexibles"},"content":{"rendered":"<section id=\"comp-lqc6ijnd1\" class=\"Oqnisf comp-lqc6ijnd1 wixui-section\" tabindex=\"-1\" data-block-level-container=\"ClassicSection\">\n<div class=\"\" data-mesh-id=\"comp-lqc6ijnd1inlineContent\" data-testid=\"inline-content\">\n<div data-mesh-id=\"comp-lqc6ijnd1inlineContent-gridContainer\" data-testid=\"mesh-container-content\">\n<section id=\"comp-k2ua9njn\" class=\"comp-k2ua9njn CohWsy wixui-column-strip\">\n<div class=\"V5AUxf\" data-testid=\"columns\">\n<div id=\"comp-k2ua9njn1\" class=\"comp-k2ua9njn1 YzqVVZ wixui-column-strip__column\">\n<div class=\"\" data-mesh-id=\"comp-k2ua9njn1inlineContent\" data-testid=\"inline-content\">\n<div data-mesh-id=\"comp-k2ua9njn1inlineContent-gridContainer\" data-testid=\"mesh-container-content\">\n<div id=\"comp-k2ua9njn2\" class=\"HcOXKn SxM0TO QxJLC3 lq2cno YQcXTT comp-k2ua9njn2 wixui-rich-text\" data-testid=\"richTextElement\">\n<p>Caract\u00e9ristiques<\/p>\n<p>Les gaines flexibles SWEDFAN sont disponibles dans des diam\u00e8tres allant de 300 \u00e0 3\u00a0300 mm et des longueurs unitaires allant de 10 \u00e0 200 m. Tous les joints en tissu sont vulcanis\u00e9s et mesurent 40 mm de large. Chaque longueur unitaire est marqu\u00e9e avec les informations suivantes\u00a0: diam\u00e8tre, longueur unitaire, qualit\u00e9, pression de service maximale autoris\u00e9e et date de fabrication.<\/p>\n<p>Diam\u00e8tre et norme de qualit\u00e9<\/p>\n<p>Les gaines flexibles SWEDFAN sont fabriqu\u00e9es en deux qualit\u00e9s standard diff\u00e9rentes et en une qualit\u00e9 antistatique, toutes conformes aux normes ignifuges DIN 4102-B1, MSHA et EN13501-1 relatives \u00e0 la r\u00e9sistance au feu. SWEDFAN travaille selon le syst\u00e8me qualit\u00e9 ISO 9001 et toutes les valeurs de r\u00e9sistance sont continuellement test\u00e9es pendant la production.<\/p>\n<p>&nbsp;<\/p>\n<p>Ind\u00e9chirable<\/p>\n<p>Le tissu de base est fabriqu\u00e9 \u00e0 partir d&rsquo;un fil renforc\u00e9 qui augmente consid\u00e9rablement la r\u00e9sistance \u00e0 la d\u00e9chirure. Cette caract\u00e9ristique \u00e9vite que la gaine ne se d\u00e9chire longitudinalement dans des conditions normales.<\/p>\n<p>SYST\u00c8ME DE RACCORDEMENT STANDARD<\/p>\n<p>Fermeture \u00e9clair noire SWEDFAN<\/p>\n<p>avec curseurs de verrouillage et dents de 8 mm.<\/p>\n<p>Les deux extr\u00e9mit\u00e9s de la gaine sont \u00e9quip\u00e9es d&rsquo;une fermeture \u00e9clair fendue en PVC haute r\u00e9sistance. Le rabat de protection masque la fermeture \u00e9clair \u00e0 l&rsquo;ext\u00e9rieur et assure l&rsquo;\u00e9tanch\u00e9it\u00e9 du joint \u00e0 l&rsquo;int\u00e9rieur, selon le principe \u00ab\u00a0plus la pression est \u00e9lev\u00e9e, plus le joint est serr\u00e9\u00a0\u00bb.<\/p>\n<p>La fermeture \u00e9clair \u00e9limine le collier de serrage et l&rsquo;anneau en acier \u00e0 l&rsquo;extr\u00e9mit\u00e9 de la gaine. Gr\u00e2ce \u00e0 cette fermeture \u00e9clair, la gaine est livr\u00e9e sur palette sur demande. Il s&rsquo;agit du syst\u00e8me de raccordement standard des gaines SWEDFAN.<\/p>\n<\/div>\n<\/div>\n<\/div>\n<\/div>\n<\/div>\n<\/section>\n<\/div>\n<\/div>\n<\/section>\n<section id=\"comp-lqc6ijnd2\" class=\"Oqnisf comp-lqc6ijnd2 wixui-section\" tabindex=\"-1\" data-block-level-container=\"ClassicSection\">\n<div class=\"\" data-mesh-id=\"comp-lqc6ijnd2inlineContent\" data-testid=\"inline-content\">\n<div data-mesh-id=\"comp-lqc6ijnd2inlineContent-gridContainer\" data-testid=\"mesh-container-content\">\n<section id=\"comp-k39wksq7\" class=\"comp-k39wksq7 CohWsy wixui-column-strip\">\n<div class=\"V5AUxf\" data-testid=\"columns\">\n<div id=\"comp-k39wksqb\" class=\"comp-k39wksqb YzqVVZ wixui-column-strip__column\">\n<div class=\"\" data-mesh-id=\"comp-k39wksqbinlineContent\" data-testid=\"inline-content\">\n<div data-mesh-id=\"comp-k39wksqbinlineContent-gridContainer\" data-testid=\"mesh-container-content\">\n<section id=\"comp-k39wksqb1\" class=\"comp-k39wksqb1 CohWsy wixui-column-strip\">\n<div id=\"bgLayers_comp-k39wksqb1\" class=\"if7Vw2\" data-hook=\"bgLayers\" data-motion-part=\"BG_LAYER comp-k39wksqb1\">\n<div id=\"bgMedia_comp-k39wksqb1\" class=\"wG8dni\" data-motion-part=\"BG_MEDIA comp-k39wksqb1\"><img loading=\"lazy\" decoding=\"async\" id=\"img_comp-k39wksqb3\" class=\"BI8PVQ I5zqsT\" src=\"https:\/\/static.wixstatic.com\/media\/9e28d9_d2308ecf854841ac99973c33efbccb30~mv2_d_2676_2250_s_2.jpg\/v1\/fill\/w_460,h_340,al_c,q_80,usm_0.66_1.00_0.01,enc_avif,quality_auto\/Zipper_edited.jpg\" sizes=\"auto, 460px\" srcset=\"https:\/\/static.wixstatic.com\/media\/9e28d9_d2308ecf854841ac99973c33efbccb30~mv2_d_2676_2250_s_2.jpg\/v1\/fill\/w_460,h_340,al_c,q_80,usm_0.66_1.00_0.01,enc_avif,quality_auto\/Zipper_edited.jpg 1x, https:\/\/static.wixstatic.com\/media\/9e28d9_d2308ecf854841ac99973c33efbccb30~mv2_d_2676_2250_s_2.jpg\/v1\/fill\/w_920,h_680,al_c,q_85,usm_0.66_1.00_0.01,enc_avif,quality_auto\/Zipper_edited.jpg 2x\" alt=\"Zipper_edited.jpg\" width=\"460\" height=\"340\" \/><\/div>\n<\/div>\n<div class=\"V5AUxf\" data-testid=\"columns\">\n<div id=\"comp-k39wksqb2\" class=\"comp-k39wksqb2 YzqVVZ wixui-column-strip__column\">\n<div class=\"\" data-mesh-id=\"comp-k39wksqb2inlineContent\" data-testid=\"inline-content\">\n<div data-mesh-id=\"comp-k39wksqb2inlineContent-gridContainer\" data-testid=\"mesh-container-content\">\n<div id=\"comp-k39wksqb4\" class=\"HcOXKn SxM0TO QxJLC3 lq2cno YQcXTT comp-k39wksqb4 wixui-rich-text\" data-testid=\"richTextElement\"><\/div>\n<div id=\"comp-k39wksqb5\" class=\"HcOXKn SxM0TO QxJLC3 lq2cno YQcXTT comp-k39wksqb5 wixui-rich-text\" data-testid=\"richTextElement\">\n<p class=\"font_9 wixui-rich-text__text\">\n<\/div>\n<\/div>\n<\/div>\n<\/div>\n<div id=\"comp-k39wksqb6\" class=\"comp-k39wksqb6 YzqVVZ wixui-column-strip__column\">\n<div id=\"bgLayers_comp-k39wksqb6\" class=\"MW5IWV\" data-hook=\"bgLayers\" data-motion-part=\"BG_LAYER comp-k39wksqb6\">\n<div class=\"LWbAav Kv1aVt\" data-testid=\"colorUnderlay\">\n<div id=\"comp-k39wksqb8\" class=\"HcOXKn SxM0TO QxJLC3 lq2cno YQcXTT comp-k39wksqb8 wixui-rich-text\" data-testid=\"richTextElement\">\n<p>SYST\u00c8ME DE SUSPENSION<\/p>\n<p>La gaine est livr\u00e9e de s\u00e9rie avec des crochets de suspension mont\u00e9s, tous les 0,75 m sur une ligne (de \u00d8 300 \u00e0 \u00d8 1700 mm) et tous les 1,0 m sur deux lignes parall\u00e8les (de \u00d8 1800 \u00e0 \u00d8 3300 mm).<\/p>\n<p>Chaque crochet est fix\u00e9 \u00e0 la gaine par une sangle en tissu vulcanis\u00e9e. Cette construction \u00e9limine les trous dans le tissu qui pourraient endommager le tissu de base et fragiliser la construction (comparer aux \u0153illets). De plus, cette construction \u00e9limine le rabat de suspension longitudinal continu avec \u0153illets, ce qui contribue \u00e0 la flexibilit\u00e9 et \u00e0 la l\u00e9g\u00e8ret\u00e9 de la gaine.<\/p>\n<\/div>\n<\/div>\n<div id=\"bgMedia_comp-k39wksqb6\" class=\"VgO9Yg\" data-motion-part=\"BG_MEDIA comp-k39wksqb6\"><\/div>\n<\/div>\n<div class=\"\" data-mesh-id=\"comp-k39wksqb6inlineContent\" data-testid=\"inline-content\">\n<div data-mesh-id=\"comp-k39wksqb6inlineContent-gridContainer\" data-testid=\"mesh-container-content\">\n<div id=\"comp-k39wksqb7\" class=\"MazNVa comp-k39wksqb7 wixui-image\">\n<div class=\"j7pOnl\" data-testid=\"linkElement\"><img loading=\"lazy\" decoding=\"async\" id=\"img_comp-k39wksqb7\" class=\"BI8PVQ I5zqsT\" src=\"https:\/\/static.wixstatic.com\/media\/9e28d9_6e643a707a9d471bbf9743e51bf4ff4e~mv2_d_1200_1298_s_2.jpg\/v1\/fill\/w_460,h_340,al_c,q_80,usm_0.66_1.00_0.01,enc_avif,quality_auto\/Suspension%20hook2_edited.jpg\" sizes=\"auto, 460px\" srcset=\"https:\/\/static.wixstatic.com\/media\/9e28d9_6e643a707a9d471bbf9743e51bf4ff4e~mv2_d_1200_1298_s_2.jpg\/v1\/fill\/w_460,h_340,al_c,q_80,usm_0.66_1.00_0.01,enc_avif,quality_auto\/Suspension%20hook2_edited.jpg 1x, https:\/\/static.wixstatic.com\/media\/9e28d9_6e643a707a9d471bbf9743e51bf4ff4e~mv2_d_1200_1298_s_2.jpg\/v1\/fill\/w_920,h_680,al_c,q_85,usm_0.66_1.00_0.01,enc_avif,quality_auto\/Suspension%20hook2_edited.jpg 2x\" alt=\"Suspension hook2_edited.jpg\" width=\"460\" height=\"340\" \/><\/div>\n<\/div>\n<div id=\"comp-k39wksqb8\" class=\"HcOXKn SxM0TO QxJLC3 lq2cno YQcXTT comp-k39wksqb8 wixui-rich-text\" data-testid=\"richTextElement\"><\/div>\n<div id=\"comp-k39wksqb9\" class=\"HcOXKn SxM0TO QxJLC3 lq2cno YQcXTT comp-k39wksqb9 wixui-rich-text\" data-testid=\"richTextElement\">\n<p class=\"font_9 wixui-rich-text__text\">\n<\/div>\n<\/div>\n<\/div>\n<\/div>\n<\/div>\n<\/section>\n<\/div>\n<\/div>\n<\/div>\n<\/div>\n<\/section>\n<\/div>\n<\/div>\n<\/section>\n<section id=\"comp-lqc6ijne\" class=\"Oqnisf comp-lqc6ijne wixui-section\" tabindex=\"-1\" data-block-level-container=\"ClassicSection\">\n<div class=\"\" data-mesh-id=\"comp-lqc6ijneinlineContent\" data-testid=\"inline-content\">\n<div data-mesh-id=\"comp-lqc6ijneinlineContent-gridContainer\" data-testid=\"mesh-container-content\">\n<section id=\"comp-k35rgw7j1\" class=\"comp-k35rgw7j1 CohWsy wixui-column-strip\">\n<div class=\"V5AUxf\" data-testid=\"columns\">\n<div id=\"comp-k35rgw7j2\" class=\"comp-k35rgw7j2 YzqVVZ wixui-column-strip__column\">\n<div class=\"\" data-mesh-id=\"comp-k35rgw7j2inlineContent\" data-testid=\"inline-content\">\n<div data-mesh-id=\"comp-k35rgw7j2inlineContent-gridContainer\" data-testid=\"mesh-container-content\">\n<div id=\"comp-k35rgw7j3\" class=\"HcOXKn SxM0TO QxJLC3 lq2cno YQcXTT comp-k35rgw7j3 wixui-rich-text\" data-testid=\"richTextElement\">\n<p>AUTRES SYST\u00c8MES DE RACCORDEMENT<\/p>\n<p>Anneaux en acier et Velcro<\/p>\n<p>Tous les conduits flexibles SWEDFAN peuvent \u00e9galement \u00eatre fabriqu\u00e9s avec des syst\u00e8mes de raccordement \u00e0 anneaux en acier et \u00e0 Velcro.<\/p>\n<p>Pour le syst\u00e8me de raccordement par anneau en acier, un anneau en acier est vulcanis\u00e9 \u00e0 l&rsquo;une ou aux deux extr\u00e9mit\u00e9s de chaque longueur unitaire. Le diam\u00e8tre ext\u00e9rieur de l&rsquo;anneau en acier correspond au diam\u00e8tre nominal du conduit. Les longueurs unitaire sont raccord\u00e9es en tirant l&rsquo;extr\u00e9mit\u00e9 d&rsquo;un conduit sur l&rsquo;extr\u00e9mit\u00e9 du conduit suivant, munie d&rsquo;un anneau en acier. Un collier de serrage SWEDFAN est positionn\u00e9 autour du joint. Ce collier est en acier galvanis\u00e9 profil\u00e9 de 1,5 mm et est \u00e9quip\u00e9 d&rsquo;une manivelle filet\u00e9e. L&rsquo;\u00e9tanch\u00e9it\u00e9 est assur\u00e9e par le serrage du collier \u00e0 l&rsquo;aide de la manivelle filet\u00e9e.<\/p>\n<p>&nbsp;<\/p>\n<p>Les conduits SWEDFAN peuvent \u00e9galement \u00eatre \u00e9quip\u00e9s d&rsquo;un syst\u00e8me de raccordement \u00e0 velcro sur demande.<\/p>\n<\/div>\n<div id=\"bgLayers_comp-k39wnddw1\" class=\"MW5IWV\" data-hook=\"bgLayers\" data-motion-part=\"BG_LAYER comp-k39wnddw1\">\n<div id=\"bgMedia_comp-k39wnddw1\" class=\"VgO9Yg\" data-motion-part=\"BG_MEDIA comp-k39wnddw1\"><\/div>\n<\/div>\n<div class=\"\" data-mesh-id=\"comp-k39wnddw1inlineContent\" data-testid=\"inline-content\">\n<div data-mesh-id=\"comp-k39wnddw1inlineContent-gridContainer\" data-testid=\"mesh-container-content\">\n<div id=\"comp-k39wnddw2\" class=\"comp-k39wnddw2 wixui-vector-image\">\n<div class=\"AKxYR5 VZYmYf comp-k39wnddw2\" data-testid=\"svgRoot-comp-k39wnddw2\"><\/div>\n<\/div>\n<div id=\"comp-k39wnddw3\" class=\"HcOXKn SxM0TO QxJLC3 lq2cno YQcXTT comp-k39wnddw3 wixui-rich-text\" data-testid=\"richTextElement\">\n<h2 class=\"font_0 wixui-rich-text__text\"><span class=\"color_11 wixui-rich-text__text\"><span class=\"wixui-rich-text__text\">TECHNICAL SPECIFICATION<br class=\"wixui-rich-text__text\" \/>SWEDFAN &#8211; FLEXIBLE DUCTING<\/span><\/span><\/h2>\n<\/div>\n<div id=\"comp-k39wnddw4\" class=\"HcOXKn SxM0TO QxJLC3 lq2cno YQcXTT comp-k39wnddw4 wixui-rich-text\" data-testid=\"richTextElement\">\n<p class=\"font_9 wixui-rich-text__text\"><span class=\"color_11 wixui-rich-text__text\">Click to download the Technical Specification for Swedfan Flexible Ducting.<\/span><\/p>\n<\/div>\n<div id=\"comp-k39wnddw5\" class=\"comp-k39wnddw5 FubTgk\" aria-disabled=\"false\"><a class=\"uDW_Qe wixui-button PlZyDq\" href=\"https:\/\/www.swedfan.se\/_files\/ugd\/9e28d9_987dacc5fbee49a2b0c3eb9b92f7796f.pdf\" target=\"_blank\" rel=\"noopener\" data-testid=\"linkElement\" aria-disabled=\"false\" aria-label=\"Download\"><span class=\"l7_2fn wixui-button__label\">Download<\/span><\/a><\/div>\n<\/div>\n<\/div>\n<\/div>\n<\/div>\n<\/div>\n<\/div>\n<\/section>\n<\/div>\n<\/div>\n<\/section>\n","protected":false},"excerpt":{"rendered":"<section id=\"comp-lqc6ijnd\" class=\"Oqnisf comp-lqc6ijnd wixui-section\" tabindex=\"-1\" data-block-level-container=\"ClassicSection\">\n<div class=\"\" data-mesh-id=\"comp-lqc6ijndinlineContent\" data-testid=\"inline-content\">\n<div data-mesh-id=\"comp-lqc6ijndinlineContent-gridContainer\" data-testid=\"mesh-container-content\">\n<section id=\"comp-k24ll1j6\" class=\"comp-k24ll1j6 CohWsy wixui-column-strip\">\n<div class=\"V5AUxf\" data-testid=\"columns\">\n<div id=\"comp-k24ll1j61\" class=\"comp-k24ll1j61 YzqVVZ wixui-column-strip__column\">\n<div class=\"\" data-mesh-id=\"comp-k24ll1j61inlineContent\" data-testid=\"inline-content\">\n<div data-mesh-id=\"comp-k24ll1j61inlineContent-gridContainer\" data-testid=\"mesh-container-content\">\n<section id=\"comp-k24ll1j62\" class=\"comp-k24ll1j62 CohWsy wixui-column-strip\">\n<div class=\"V5AUxf\" data-testid=\"columns\">\n<div id=\"comp-k24ll1j63\" class=\"comp-k24ll1j63 YzqVVZ wixui-column-strip__column\">\n<div id=\"bgLayers_comp-k24ll1j63\" class=\"MW5IWV\" data-hook=\"bgLayers\" data-motion-part=\"BG_LAYER comp-k24ll1j63\">\n<p>Gaines flexibles SWEDFAN<\/p>\n<p>Les gaines flexibles SWEDFAN sont fabriqu\u00e9es en tissu polyester enduit de PVC et se distinguent par leur faible poids et leur r\u00e9sistance \u00e9lev\u00e9e, ce qui en fait des gaines tr\u00e8s souples et faciles \u00e0 manipuler.<\/p>\n<\/div>\n<\/div>\n<\/div>\n<\/section>\n<\/div>\n<\/div>\n<\/div>\n<\/div>\n<\/section>\n<\/div>\n<\/div>\n<\/section>\n<section id=\"comp-lqc6ijne1\" class=\"Oqnisf comp-lqc6ijne1 wixui-section\" tabindex=\"-1\" data-block-level-container=\"ClassicSection\">\n<div class=\"\" data-mesh-id=\"comp-lqc6ijne1inlineContent\" data-testid=\"inline-content\">\n<div data-mesh-id=\"comp-lqc6ijne1inlineContent-gridContainer\" data-testid=\"mesh-container-content\">\n<section id=\"comp-k39wnddw\" class=\"comp-k39wnddw CohWsy wixui-column-strip\">\n<div class=\"V5AUxf\" data-testid=\"columns\">\n<div id=\"comp-k39wnddw1\" class=\"comp-k39wnddw1 YzqVVZ wixui-column-strip__column\">\n<div id=\"bgLayers_comp-k39wnddw1\" class=\"MW5IWV\" data-hook=\"bgLayers\" data-motion-part=\"BG_LAYER comp-k39wnddw1\"><\/div>\n<\/div>\n<\/div>\n<\/section>\n<\/div>\n<\/div>\n<\/section>\n","protected":false},"featured_media":25550,"template":"","meta":[],"product_brand":[],"product_cat":[1098],"product_tag":[],"class_list":{"0":"post-25567","1":"product","2":"type-product","3":"status-publish","4":"has-post-thumbnail","6":"product_cat-conduit-flexible-dair-gaines","8":"first","9":"instock","10":"shipping-taxable","11":"product-type-simple"},"yoast_head":"<!-- This site is optimized with the Yoast SEO plugin v27.1.1 - https:\/\/yoast.com\/product\/yoast-seo-wordpress\/ -->\n<title>Gaines flexibles - GeoClimate.ge<\/title>\n<meta name=\"robots\" content=\"index, follow, max-snippet:-1, max-image-preview:large, max-video-preview:-1\" \/>\n<link rel=\"canonical\" href=\"https:\/\/geoclimate.ge\/fr\/produit\/flexible-ducting\/\" \/>\n<meta property=\"og:locale\" content=\"fr_FR\" \/>\n<meta property=\"og:type\" content=\"article\" \/>\n<meta property=\"og:title\" content=\"Gaines flexibles - GeoClimate.ge\" \/>\n<meta property=\"og:description\" content=\"Gaines flexibles SWEDFAN  Les gaines flexibles SWEDFAN sont fabriqu\u00e9es en tissu polyester enduit de PVC et se distinguent par leur faible poids et leur r\u00e9sistance \u00e9lev\u00e9e, ce qui en fait des gaines tr\u00e8s souples et faciles \u00e0 manipuler.\" \/>\n<meta property=\"og:url\" content=\"https:\/\/geoclimate.ge\/fr\/produit\/flexible-ducting\/\" \/>\n<meta property=\"og:site_name\" content=\"GeoClimate.ge\" \/>\n<meta property=\"article:modified_time\" content=\"2025-04-19T13:29:00+00:00\" \/>\n<meta property=\"og:image\" content=\"https:\/\/geoclimate.ge\/wp-content\/uploads\/2025\/03\/9e28d9_48514f50c02c40d2a5e2c19c7e60fc02mv2.jpg\" \/>\n\t<meta property=\"og:image:width\" content=\"581\" \/>\n\t<meta property=\"og:image:height\" content=\"501\" \/>\n\t<meta property=\"og:image:type\" content=\"image\/jpeg\" \/>\n<meta name=\"twitter:card\" content=\"summary_large_image\" \/>\n<meta name=\"twitter:label1\" content=\"Dur\u00e9e de lecture estim\u00e9e\" \/>\n\t<meta name=\"twitter:data1\" content=\"3 minutes\" \/>\n<script type=\"application\/ld+json\" class=\"yoast-schema-graph\">{\"@context\":\"https:\/\/schema.org\",\"@graph\":[{\"@type\":\"WebPage\",\"@id\":\"https:\/\/geoclimate.ge\/fr\/produit\/flexible-ducting\/\",\"url\":\"https:\/\/geoclimate.ge\/fr\/produit\/flexible-ducting\/\",\"name\":\"Gaines flexibles - GeoClimate.ge\",\"isPartOf\":{\"@id\":\"https:\/\/geoclimate.ge\/#website\"},\"primaryImageOfPage\":{\"@id\":\"https:\/\/geoclimate.ge\/fr\/produit\/flexible-ducting\/#primaryimage\"},\"image\":{\"@id\":\"https:\/\/geoclimate.ge\/fr\/produit\/flexible-ducting\/#primaryimage\"},\"thumbnailUrl\":\"https:\/\/geoclimate.ge\/wp-content\/uploads\/2025\/03\/9e28d9_48514f50c02c40d2a5e2c19c7e60fc02mv2.jpg\",\"datePublished\":\"2025-03-24T05:58:35+00:00\",\"dateModified\":\"2025-04-19T13:29:00+00:00\",\"breadcrumb\":{\"@id\":\"https:\/\/geoclimate.ge\/fr\/produit\/flexible-ducting\/#breadcrumb\"},\"inLanguage\":\"fr-FR\",\"potentialAction\":[{\"@type\":\"ReadAction\",\"target\":[\"https:\/\/geoclimate.ge\/fr\/produit\/flexible-ducting\/\"]}]},{\"@type\":\"ImageObject\",\"inLanguage\":\"fr-FR\",\"@id\":\"https:\/\/geoclimate.ge\/fr\/produit\/flexible-ducting\/#primaryimage\",\"url\":\"https:\/\/geoclimate.ge\/wp-content\/uploads\/2025\/03\/9e28d9_48514f50c02c40d2a5e2c19c7e60fc02mv2.jpg\",\"contentUrl\":\"https:\/\/geoclimate.ge\/wp-content\/uploads\/2025\/03\/9e28d9_48514f50c02c40d2a5e2c19c7e60fc02mv2.jpg\",\"width\":581,\"height\":501},{\"@type\":\"BreadcrumbList\",\"@id\":\"https:\/\/geoclimate.ge\/fr\/produit\/flexible-ducting\/#breadcrumb\",\"itemListElement\":[{\"@type\":\"ListItem\",\"position\":1,\"name\":\"Home\",\"item\":\"https:\/\/geoclimate.ge\/fr\/\"},{\"@type\":\"ListItem\",\"position\":2,\"name\":\"Products\",\"item\":\"https:\/\/geoclimate.ge\/fr\/products\/\"},{\"@type\":\"ListItem\",\"position\":3,\"name\":\"Gaines flexibles\"}]},{\"@type\":\"WebSite\",\"@id\":\"https:\/\/geoclimate.ge\/#website\",\"url\":\"https:\/\/geoclimate.ge\/\",\"name\":\"GeoClimate\",\"description\":\"\",\"publisher\":{\"@id\":\"https:\/\/geoclimate.ge\/#organization\"},\"potentialAction\":[{\"@type\":\"SearchAction\",\"target\":{\"@type\":\"EntryPoint\",\"urlTemplate\":\"https:\/\/geoclimate.ge\/?s={search_term_string}\"},\"query-input\":{\"@type\":\"PropertyValueSpecification\",\"valueRequired\":true,\"valueName\":\"search_term_string\"}}],\"inLanguage\":\"fr-FR\"},{\"@type\":\"Organization\",\"@id\":\"https:\/\/geoclimate.ge\/#organization\",\"name\":\"GeoClimate\",\"url\":\"https:\/\/geoclimate.ge\/\",\"logo\":{\"@type\":\"ImageObject\",\"inLanguage\":\"fr-FR\",\"@id\":\"https:\/\/geoclimate.ge\/#\/schema\/logo\/image\/\",\"url\":\"https:\/\/geoclimate.ge\/wp-content\/uploads\/2026\/03\/geoclimate-SEO.png\",\"contentUrl\":\"https:\/\/geoclimate.ge\/wp-content\/uploads\/2026\/03\/geoclimate-SEO.png\",\"width\":1536,\"height\":1024,\"caption\":\"GeoClimate\"},\"image\":{\"@id\":\"https:\/\/geoclimate.ge\/#\/schema\/logo\/image\/\"}}]}<\/script>\n<!-- \/ Yoast SEO plugin. -->","yoast_head_json":{"title":"Gaines flexibles - GeoClimate.ge","robots":{"index":"index","follow":"follow","max-snippet":"max-snippet:-1","max-image-preview":"max-image-preview:large","max-video-preview":"max-video-preview:-1"},"canonical":"https:\/\/geoclimate.ge\/fr\/produit\/flexible-ducting\/","og_locale":"fr_FR","og_type":"article","og_title":"Gaines flexibles - GeoClimate.ge","og_description":"Gaines flexibles SWEDFAN  Les gaines flexibles SWEDFAN sont fabriqu\u00e9es en tissu polyester enduit de PVC et se distinguent par leur faible poids et leur r\u00e9sistance \u00e9lev\u00e9e, ce qui en fait des gaines tr\u00e8s souples et faciles \u00e0 manipuler.","og_url":"https:\/\/geoclimate.ge\/fr\/produit\/flexible-ducting\/","og_site_name":"GeoClimate.ge","article_modified_time":"2025-04-19T13:29:00+00:00","og_image":[{"width":581,"height":501,"url":"https:\/\/geoclimate.ge\/wp-content\/uploads\/2025\/03\/9e28d9_48514f50c02c40d2a5e2c19c7e60fc02mv2.jpg","type":"image\/jpeg"}],"twitter_card":"summary_large_image","twitter_misc":{"Dur\u00e9e de lecture estim\u00e9e":"3 minutes"},"schema":{"@context":"https:\/\/schema.org","@graph":[{"@type":"WebPage","@id":"https:\/\/geoclimate.ge\/fr\/produit\/flexible-ducting\/","url":"https:\/\/geoclimate.ge\/fr\/produit\/flexible-ducting\/","name":"Gaines flexibles - GeoClimate.ge","isPartOf":{"@id":"https:\/\/geoclimate.ge\/#website"},"primaryImageOfPage":{"@id":"https:\/\/geoclimate.ge\/fr\/produit\/flexible-ducting\/#primaryimage"},"image":{"@id":"https:\/\/geoclimate.ge\/fr\/produit\/flexible-ducting\/#primaryimage"},"thumbnailUrl":"https:\/\/geoclimate.ge\/wp-content\/uploads\/2025\/03\/9e28d9_48514f50c02c40d2a5e2c19c7e60fc02mv2.jpg","datePublished":"2025-03-24T05:58:35+00:00","dateModified":"2025-04-19T13:29:00+00:00","breadcrumb":{"@id":"https:\/\/geoclimate.ge\/fr\/produit\/flexible-ducting\/#breadcrumb"},"inLanguage":"fr-FR","potentialAction":[{"@type":"ReadAction","target":["https:\/\/geoclimate.ge\/fr\/produit\/flexible-ducting\/"]}]},{"@type":"ImageObject","inLanguage":"fr-FR","@id":"https:\/\/geoclimate.ge\/fr\/produit\/flexible-ducting\/#primaryimage","url":"https:\/\/geoclimate.ge\/wp-content\/uploads\/2025\/03\/9e28d9_48514f50c02c40d2a5e2c19c7e60fc02mv2.jpg","contentUrl":"https:\/\/geoclimate.ge\/wp-content\/uploads\/2025\/03\/9e28d9_48514f50c02c40d2a5e2c19c7e60fc02mv2.jpg","width":581,"height":501},{"@type":"BreadcrumbList","@id":"https:\/\/geoclimate.ge\/fr\/produit\/flexible-ducting\/#breadcrumb","itemListElement":[{"@type":"ListItem","position":1,"name":"Home","item":"https:\/\/geoclimate.ge\/fr\/"},{"@type":"ListItem","position":2,"name":"Products","item":"https:\/\/geoclimate.ge\/fr\/products\/"},{"@type":"ListItem","position":3,"name":"Gaines flexibles"}]},{"@type":"WebSite","@id":"https:\/\/geoclimate.ge\/#website","url":"https:\/\/geoclimate.ge\/","name":"GeoClimate","description":"","publisher":{"@id":"https:\/\/geoclimate.ge\/#organization"},"potentialAction":[{"@type":"SearchAction","target":{"@type":"EntryPoint","urlTemplate":"https:\/\/geoclimate.ge\/?s={search_term_string}"},"query-input":{"@type":"PropertyValueSpecification","valueRequired":true,"valueName":"search_term_string"}}],"inLanguage":"fr-FR"},{"@type":"Organization","@id":"https:\/\/geoclimate.ge\/#organization","name":"GeoClimate","url":"https:\/\/geoclimate.ge\/","logo":{"@type":"ImageObject","inLanguage":"fr-FR","@id":"https:\/\/geoclimate.ge\/#\/schema\/logo\/image\/","url":"https:\/\/geoclimate.ge\/wp-content\/uploads\/2026\/03\/geoclimate-SEO.png","contentUrl":"https:\/\/geoclimate.ge\/wp-content\/uploads\/2026\/03\/geoclimate-SEO.png","width":1536,"height":1024,"caption":"GeoClimate"},"image":{"@id":"https:\/\/geoclimate.ge\/#\/schema\/logo\/image\/"}}]}},"_links":{"self":[{"href":"https:\/\/geoclimate.ge\/fr\/wp-json\/wp\/v2\/product\/25567","targetHints":{"allow":["GET"]}}],"collection":[{"href":"https:\/\/geoclimate.ge\/fr\/wp-json\/wp\/v2\/product"}],"about":[{"href":"https:\/\/geoclimate.ge\/fr\/wp-json\/wp\/v2\/types\/product"}],"wp:featuredmedia":[{"embeddable":true,"href":"https:\/\/geoclimate.ge\/fr\/wp-json\/wp\/v2\/media\/25550"}],"wp:attachment":[{"href":"https:\/\/geoclimate.ge\/fr\/wp-json\/wp\/v2\/media?parent=25567"}],"wp:term":[{"taxonomy":"product_brand","embeddable":true,"href":"https:\/\/geoclimate.ge\/fr\/wp-json\/wp\/v2\/product_brand?post=25567"},{"taxonomy":"product_cat","embeddable":true,"href":"https:\/\/geoclimate.ge\/fr\/wp-json\/wp\/v2\/product_cat?post=25567"},{"taxonomy":"product_tag","embeddable":true,"href":"https:\/\/geoclimate.ge\/fr\/wp-json\/wp\/v2\/product_tag?post=25567"}],"curies":[{"name":"wp","href":"https:\/\/api.w.org\/{rel}","templated":true}]}}