{"id":25622,"date":"2025-03-22T11:45:38","date_gmt":"2025-03-22T07:45:38","guid":{"rendered":"https:\/\/airsystems.ge\/shop\/product\/duct-accessories\/"},"modified":"2025-03-27T11:52:41","modified_gmt":"2025-03-27T07:52:41","slug":"duct-accessories","status":"publish","type":"product","link":"https:\/\/geoclimate.ge\/fr\/produit\/duct-accessories\/","title":{"rendered":"Accessoires pour conduits"},"content":{"rendered":"<section id=\"comp-lqc6ijoy\" class=\"Oqnisf comp-lqc6ijoy wixui-section\" tabindex=\"-1\" data-block-level-container=\"ClassicSection\">\n<div class=\"\" data-mesh-id=\"comp-lqc6ijoyinlineContent\" data-testid=\"inline-content\">\n<div data-mesh-id=\"comp-lqc6ijoyinlineContent-gridContainer\" data-testid=\"mesh-container-content\">\n<section id=\"comp-k2uaqx8m\" class=\"comp-k2uaqx8m CohWsy wixui-column-strip\">\n<div class=\"V5AUxf\" data-testid=\"columns\">\n<div id=\"comp-k2uaqx8n\" class=\"comp-k2uaqx8n YzqVVZ wixui-column-strip__column\">\n<div id=\"bgLayers_comp-k2uaqx8n\" class=\"MW5IWV\" data-hook=\"bgLayers\" data-motion-part=\"BG_LAYER comp-k2uaqx8n\">\n<div id=\"bgMedia_comp-k2uaqx8n\" class=\"VgO9Yg\" data-motion-part=\"BG_MEDIA comp-k2uaqx8n\">\n<p><strong>MANCHON DE R\u00c9PARATION<\/strong><br \/>\nFacile \u00e0 utiliser, tr\u00e8s efficace<\/p>\n<p>Le manchon de r\u00e9paration Swedfan est un outil rapide et s\u00fbr pour r\u00e9parer les trous et les d\u00e9chirures des conduits flexibles. Fabriqu\u00e9 \u00e0 partir d&rsquo;un mat\u00e9riau standard pour conduits, il est ferm\u00e9 par une fermeture \u00e9clair longitudinale. Son diam\u00e8tre est environ 0,5 % inf\u00e9rieur au diam\u00e8tre nominal du conduit, ce qui lui permet d&rsquo;\u00eatre parfaitement serr\u00e9 contre le conduit une fois celui-ci sous pression. Gr\u00e2ce \u00e0 ce manchon de r\u00e9paration, la r\u00e9paration est r\u00e9alis\u00e9e de mani\u00e8re professionnelle et les fuites par les trous sont r\u00e9duites au minimum.<\/p>\n<p>Les manchons de r\u00e9paration sont disponibles en longueurs standard de 1,0 m, 2,0 m, 3,0 m et 5,0 m. D&rsquo;autres longueurs sont disponibles sur demande.<\/p>\n<\/div>\n<\/div>\n<div class=\"\" data-mesh-id=\"comp-k2uaqx8ninlineContent\" data-testid=\"inline-content\">\n<div data-mesh-id=\"comp-k2uaqx8ninlineContent-gridContainer\" data-testid=\"mesh-container-content\">\n<section id=\"comp-k2uaqx8n1\" class=\"comp-k2uaqx8n1 CohWsy wixui-column-strip\">\n<div class=\"V5AUxf\" data-testid=\"columns\">\n<div id=\"comp-k2uaqx8n6\" class=\"comp-k2uaqx8n6 YzqVVZ wixui-column-strip__column\">\n<div id=\"bgLayers_comp-k2uaqx8n6\" class=\"MW5IWV\" data-hook=\"bgLayers\" data-motion-part=\"BG_LAYER comp-k2uaqx8n6\">\n<div class=\"LWbAav Kv1aVt\" data-testid=\"colorUnderlay\"><\/div>\n<div id=\"bgMedia_comp-k2uaqx8n6\" class=\"VgO9Yg\" data-motion-part=\"BG_MEDIA comp-k2uaqx8n6\"><\/div>\n<\/div>\n<div class=\"\" data-mesh-id=\"comp-k2uaqx8n6inlineContent\" data-testid=\"inline-content\">\n<div data-mesh-id=\"comp-k2uaqx8n6inlineContent-gridContainer\" data-testid=\"mesh-container-content\">\n<div id=\"comp-k2uaqx8n7\" class=\"MazNVa comp-k2uaqx8n7 wixui-image\">\n<div class=\"j7pOnl\" data-testid=\"linkElement\"><img loading=\"lazy\" decoding=\"async\" id=\"img_comp-k2uaqx8n7\" class=\"BI8PVQ I5zqsT\" src=\"https:\/\/static.wixstatic.com\/media\/9e28d9_d51ae03fb2354a98a08da76ec9a9ba8d~mv2_d_1800_1700_s_2.jpg\/v1\/fill\/w_460,h_434,al_c,q_80,usm_0.66_1.00_0.01,enc_avif,quality_auto\/Repair%20Sleeve%20bild%20-%20GUL.jpg\" sizes=\"auto, 460px\" srcset=\"https:\/\/static.wixstatic.com\/media\/9e28d9_d51ae03fb2354a98a08da76ec9a9ba8d~mv2_d_1800_1700_s_2.jpg\/v1\/fill\/w_460,h_434,al_c,q_80,usm_0.66_1.00_0.01,enc_avif,quality_auto\/Repair%20Sleeve%20bild%20-%20GUL.jpg 1x, https:\/\/static.wixstatic.com\/media\/9e28d9_d51ae03fb2354a98a08da76ec9a9ba8d~mv2_d_1800_1700_s_2.jpg\/v1\/fill\/w_920,h_869,al_c,q_85,usm_0.66_1.00_0.01,enc_avif,quality_auto\/Repair%20Sleeve%20bild%20-%20GUL.jpg 2x\" alt=\"Repair Sleeve bild - GUL.jpg\" width=\"460\" height=\"680\" \/><\/div>\n<\/div>\n<\/div>\n<\/div>\n<\/div>\n<\/div>\n<\/section>\n<\/div>\n<\/div>\n<\/div>\n<\/div>\n<\/section>\n<div id=\"adi_page1024_1_163\" class=\"Vd6aQZ ignore-focus adi_page1024_1_163\" tabindex=\"-1\" role=\"region\" aria-label=\"Duct Accessories: About\">\n<div id=\"ductaccessoriesabout\"><\/div>\n<\/div>\n<\/div>\n<\/div>\n<\/section>\n<section id=\"comp-lqc6ijoz\" class=\"Oqnisf comp-lqc6ijoz wixui-section\" tabindex=\"-1\" data-block-level-container=\"ClassicSection\">\n<div class=\"\" data-mesh-id=\"comp-lqc6ijozinlineContent\" data-testid=\"inline-content\">\n<div data-mesh-id=\"comp-lqc6ijozinlineContent-gridContainer\" data-testid=\"mesh-container-content\">\n<section id=\"comp-k24ll22q4\" class=\"comp-k24ll22q4 CohWsy wixui-column-strip\">\n<div class=\"V5AUxf\" data-testid=\"columns\">\n<div id=\"comp-k24ll22q5\" class=\"comp-k24ll22q5 YzqVVZ wixui-column-strip__column\">\n<div class=\"\" data-mesh-id=\"comp-k24ll22q5inlineContent\" data-testid=\"inline-content\">\n<div data-mesh-id=\"comp-k24ll22q5inlineContent-gridContainer\" data-testid=\"mesh-container-content\">\n<section id=\"comp-k24ll22q6\" class=\"comp-k24ll22q6 CohWsy wixui-column-strip\">\n<div class=\"V5AUxf\" data-testid=\"columns\">\n<div id=\"comp-k24ll22q7\" class=\"comp-k24ll22q7 YzqVVZ wixui-column-strip__column\">\n<div id=\"bgLayers_comp-k24ll22q7\" class=\"MW5IWV\" data-hook=\"bgLayers\" data-motion-part=\"BG_LAYER comp-k24ll22q7\">\n<div class=\"LWbAav Kv1aVt\" data-testid=\"colorUnderlay\"><\/div>\n<div id=\"bgMedia_comp-k24ll22q7\" class=\"VgO9Yg\" data-motion-part=\"BG_MEDIA comp-k24ll22q7\"><\/div>\n<\/div>\n<div class=\"\" data-mesh-id=\"comp-k24ll22q7inlineContent\" data-testid=\"inline-content\">\n<div data-mesh-id=\"comp-k24ll22q7inlineContent-gridContainer\" data-testid=\"mesh-container-content\">\n<div id=\"comp-k24ll22q8\" class=\"HcOXKn SxM0TO QxJLC3 lq2cno YQcXTT comp-k24ll22q8 wixui-rich-text\" data-testid=\"richTextElement\">\n<p class=\"font_6 wixui-rich-text__text\"><strong>KIT DE R\u00c9PARATION<\/strong><\/p>\n<p class=\"font_6 wixui-rich-text__text\">\nKit de r\u00e9paration SWEDFAN comprenant un pistolet \u00e0 air chaud avec rouleau et 1 m\u00b2 de PVC pour r\u00e9parer les conduits endommag\u00e9s. Pr\u00e9voyez toujours un tissu propre et sec pour travailler. La r\u00e9paration au pistolet \u00e0 air chaud est la m\u00e9thode professionnelle pour r\u00e9parer les conduits. Le r\u00e9sultat est une durabilit\u00e9 optimale du dommage r\u00e9par\u00e9 et une absence de fuite. Lorsque vous utilisez un pistolet \u00e0 air chaud, placez toujours un objet directement sous la zone \u00e0 r\u00e9parer\u00a0! Il est tr\u00e8s chaud, soyez prudent et prot\u00e9gez-vous\u00a0!<\/p>\n<\/div>\n<\/div>\n<\/div>\n<\/div>\n<div id=\"comp-k24ll22r1\" class=\"comp-k24ll22r1 YzqVVZ wixui-column-strip__column\">\n<div id=\"bgLayers_comp-k24ll22r1\" class=\"MW5IWV\" data-hook=\"bgLayers\" data-motion-part=\"BG_LAYER comp-k24ll22r1\">\n<div id=\"bgMedia_comp-k24ll22r1\" class=\"VgO9Yg\" data-motion-part=\"BG_MEDIA comp-k24ll22r1\"><img loading=\"lazy\" decoding=\"async\" id=\"img_comp-k24ll22r2\" class=\"BI8PVQ I5zqsT\" src=\"https:\/\/static.wixstatic.com\/media\/9e28d9_b9392ed47fa04d5dab1ebe6b9bb37ad6~mv2.jpg\/v1\/fill\/w_460,h_350,al_c,q_80,usm_0.66_1.00_0.01,enc_avif,quality_auto\/Leister_redigerad.jpg\" sizes=\"auto, 460px\" srcset=\"https:\/\/static.wixstatic.com\/media\/9e28d9_b9392ed47fa04d5dab1ebe6b9bb37ad6~mv2.jpg\/v1\/fill\/w_460,h_350,al_c,q_80,usm_0.66_1.00_0.01,enc_avif,quality_auto\/Leister_redigerad.jpg 1x, https:\/\/static.wixstatic.com\/media\/9e28d9_b9392ed47fa04d5dab1ebe6b9bb37ad6~mv2.jpg\/v1\/fill\/w_718,h_547,al_c,q_85,enc_avif,quality_auto\/Leister_redigerad.jpg 2x\" alt=\"Leister_redigerad.jpg\" width=\"460\" height=\"480\" \/><\/div>\n<\/div>\n<\/div>\n<\/div>\n<\/section>\n<\/div>\n<\/div>\n<\/div>\n<\/div>\n<\/section>\n<div id=\"adi_page1024_1_164\" class=\"Vd6aQZ ignore-focus adi_page1024_1_164\" tabindex=\"-1\" role=\"region\" aria-label=\"Duct Accessories: About\">\n<div id=\"ductaccessoriesabout\"><\/div>\n<\/div>\n<\/div>\n<\/div>\n<\/section>\n<section id=\"comp-lqc6ijoz1\" class=\"Oqnisf comp-lqc6ijoz1 wixui-section\" tabindex=\"-1\" data-block-level-container=\"ClassicSection\">\n<div id=\"bgLayers_comp-lqc6ijoz1\" class=\"MW5IWV\" data-hook=\"bgLayers\" data-motion-part=\"BG_LAYER comp-lqc6ijoz1\">\n<div class=\"LWbAav Kv1aVt\" data-testid=\"colorUnderlay\"><\/div>\n<div id=\"bgMedia_comp-lqc6ijoz1\" class=\"VgO9Yg\" data-motion-part=\"BG_MEDIA comp-lqc6ijoz1\"><img loading=\"lazy\" decoding=\"async\" id=\"img_comp-k24ll22s\" class=\"BI8PVQ I5zqsT\" src=\"https:\/\/static.wixstatic.com\/media\/9e28d9_0d5374d680584bddb5f9a490027147f0~mv2.png\/v1\/fill\/w_940,h_342,al_c,q_85,usm_0.66_1.00_0.01,enc_avif,quality_auto\/Repair%20Kit.png\" sizes=\"auto, 940px\" srcset=\"https:\/\/static.wixstatic.com\/media\/9e28d9_0d5374d680584bddb5f9a490027147f0~mv2.png\/v1\/fill\/w_940,h_342,al_c,q_85,usm_0.66_1.00_0.01,enc_avif,quality_auto\/Repair%20Kit.png 1x, https:\/\/static.wixstatic.com\/media\/9e28d9_0d5374d680584bddb5f9a490027147f0~mv2.png\/v1\/fill\/w_1880,h_685,al_c,q_90,usm_0.66_1.00_0.01,enc_avif,quality_auto\/Repair%20Kit.png 2x\" alt=\"Repair Kit.png\" width=\"940\" height=\"440\" \/><\/div>\n<\/div>\n<\/section>\n","protected":false},"excerpt":{"rendered":"<p>MANCHON DE R\u00c9PARATION Facile \u00e0 utiliser, tr\u00e8s efficace Le manchon de r\u00e9paration Swedfan est un outil rapide et s\u00fbr pour<\/p>\n","protected":false},"featured_media":25604,"template":"","meta":[],"product_brand":[],"product_cat":[1110,1082],"product_tag":[],"class_list":{"0":"post-25622","1":"product","2":"type-product","3":"status-publish","4":"has-post-thumbnail","6":"product_cat-tunnel-pour-fr","7":"product_cat-ventilation-souterraine-ventilation-des-tunnels-ventilation-miniere","9":"first","10":"instock","11":"shipping-taxable","12":"product-type-simple"},"yoast_head":"<!-- This site is optimized with the Yoast SEO plugin v27.1.1 - https:\/\/yoast.com\/product\/yoast-seo-wordpress\/ -->\n<title>Accessoires pour conduits - GeoClimate.ge<\/title>\n<meta name=\"robots\" content=\"index, follow, max-snippet:-1, max-image-preview:large, max-video-preview:-1\" \/>\n<link rel=\"canonical\" href=\"https:\/\/geoclimate.ge\/fr\/produit\/duct-accessories\/\" \/>\n<meta property=\"og:locale\" content=\"fr_FR\" \/>\n<meta property=\"og:type\" content=\"article\" \/>\n<meta property=\"og:title\" content=\"Accessoires pour conduits - GeoClimate.ge\" \/>\n<meta property=\"og:description\" content=\"MANCHON DE R\u00c9PARATION Facile \u00e0 utiliser, tr\u00e8s efficace Le manchon de r\u00e9paration Swedfan est un outil rapide et s\u00fbr pour\" \/>\n<meta property=\"og:url\" content=\"https:\/\/geoclimate.ge\/fr\/produit\/duct-accessories\/\" \/>\n<meta property=\"og:site_name\" content=\"GeoClimate.ge\" \/>\n<meta property=\"article:modified_time\" content=\"2025-03-27T07:52:41+00:00\" \/>\n<meta property=\"og:image\" content=\"https:\/\/geoclimate.ge\/wp-content\/uploads\/2025\/03\/Repair-Sleeve-bild-GUL.jpg\" \/>\n\t<meta property=\"og:image:width\" content=\"460\" \/>\n\t<meta property=\"og:image:height\" content=\"434\" \/>\n\t<meta property=\"og:image:type\" content=\"image\/jpeg\" \/>\n<meta name=\"twitter:card\" content=\"summary_large_image\" \/>\n<meta name=\"twitter:label1\" content=\"Dur\u00e9e de lecture estim\u00e9e\" \/>\n\t<meta name=\"twitter:data1\" content=\"1 minute\" \/>\n<script type=\"application\/ld+json\" class=\"yoast-schema-graph\">{\"@context\":\"https:\/\/schema.org\",\"@graph\":[{\"@type\":\"WebPage\",\"@id\":\"https:\/\/geoclimate.ge\/fr\/produit\/duct-accessories\/\",\"url\":\"https:\/\/geoclimate.ge\/fr\/produit\/duct-accessories\/\",\"name\":\"Accessoires pour conduits - GeoClimate.ge\",\"isPartOf\":{\"@id\":\"https:\/\/geoclimate.ge\/#website\"},\"primaryImageOfPage\":{\"@id\":\"https:\/\/geoclimate.ge\/fr\/produit\/duct-accessories\/#primaryimage\"},\"image\":{\"@id\":\"https:\/\/geoclimate.ge\/fr\/produit\/duct-accessories\/#primaryimage\"},\"thumbnailUrl\":\"https:\/\/geoclimate.ge\/wp-content\/uploads\/2025\/03\/Repair-Sleeve-bild-GUL.jpg\",\"datePublished\":\"2025-03-22T07:45:38+00:00\",\"dateModified\":\"2025-03-27T07:52:41+00:00\",\"breadcrumb\":{\"@id\":\"https:\/\/geoclimate.ge\/fr\/produit\/duct-accessories\/#breadcrumb\"},\"inLanguage\":\"fr-FR\",\"potentialAction\":[{\"@type\":\"ReadAction\",\"target\":[\"https:\/\/geoclimate.ge\/fr\/produit\/duct-accessories\/\"]}]},{\"@type\":\"ImageObject\",\"inLanguage\":\"fr-FR\",\"@id\":\"https:\/\/geoclimate.ge\/fr\/produit\/duct-accessories\/#primaryimage\",\"url\":\"https:\/\/geoclimate.ge\/wp-content\/uploads\/2025\/03\/Repair-Sleeve-bild-GUL.jpg\",\"contentUrl\":\"https:\/\/geoclimate.ge\/wp-content\/uploads\/2025\/03\/Repair-Sleeve-bild-GUL.jpg\",\"width\":460,\"height\":434},{\"@type\":\"BreadcrumbList\",\"@id\":\"https:\/\/geoclimate.ge\/fr\/produit\/duct-accessories\/#breadcrumb\",\"itemListElement\":[{\"@type\":\"ListItem\",\"position\":1,\"name\":\"Home\",\"item\":\"https:\/\/geoclimate.ge\/fr\/\"},{\"@type\":\"ListItem\",\"position\":2,\"name\":\"Products\",\"item\":\"https:\/\/geoclimate.ge\/fr\/products\/\"},{\"@type\":\"ListItem\",\"position\":3,\"name\":\"Accessoires pour conduits\"}]},{\"@type\":\"WebSite\",\"@id\":\"https:\/\/geoclimate.ge\/#website\",\"url\":\"https:\/\/geoclimate.ge\/\",\"name\":\"GeoClimate\",\"description\":\"\",\"publisher\":{\"@id\":\"https:\/\/geoclimate.ge\/#organization\"},\"potentialAction\":[{\"@type\":\"SearchAction\",\"target\":{\"@type\":\"EntryPoint\",\"urlTemplate\":\"https:\/\/geoclimate.ge\/?s={search_term_string}\"},\"query-input\":{\"@type\":\"PropertyValueSpecification\",\"valueRequired\":true,\"valueName\":\"search_term_string\"}}],\"inLanguage\":\"fr-FR\"},{\"@type\":\"Organization\",\"@id\":\"https:\/\/geoclimate.ge\/#organization\",\"name\":\"GeoClimate\",\"url\":\"https:\/\/geoclimate.ge\/\",\"logo\":{\"@type\":\"ImageObject\",\"inLanguage\":\"fr-FR\",\"@id\":\"https:\/\/geoclimate.ge\/#\/schema\/logo\/image\/\",\"url\":\"https:\/\/geoclimate.ge\/wp-content\/uploads\/2026\/03\/geoclimate-SEO.png\",\"contentUrl\":\"https:\/\/geoclimate.ge\/wp-content\/uploads\/2026\/03\/geoclimate-SEO.png\",\"width\":1536,\"height\":1024,\"caption\":\"GeoClimate\"},\"image\":{\"@id\":\"https:\/\/geoclimate.ge\/#\/schema\/logo\/image\/\"}}]}<\/script>\n<!-- \/ Yoast SEO plugin. -->","yoast_head_json":{"title":"Accessoires pour conduits - GeoClimate.ge","robots":{"index":"index","follow":"follow","max-snippet":"max-snippet:-1","max-image-preview":"max-image-preview:large","max-video-preview":"max-video-preview:-1"},"canonical":"https:\/\/geoclimate.ge\/fr\/produit\/duct-accessories\/","og_locale":"fr_FR","og_type":"article","og_title":"Accessoires pour conduits - GeoClimate.ge","og_description":"MANCHON DE R\u00c9PARATION Facile \u00e0 utiliser, tr\u00e8s efficace Le manchon de r\u00e9paration Swedfan est un outil rapide et s\u00fbr pour","og_url":"https:\/\/geoclimate.ge\/fr\/produit\/duct-accessories\/","og_site_name":"GeoClimate.ge","article_modified_time":"2025-03-27T07:52:41+00:00","og_image":[{"width":460,"height":434,"url":"https:\/\/geoclimate.ge\/wp-content\/uploads\/2025\/03\/Repair-Sleeve-bild-GUL.jpg","type":"image\/jpeg"}],"twitter_card":"summary_large_image","twitter_misc":{"Dur\u00e9e de lecture estim\u00e9e":"1 minute"},"schema":{"@context":"https:\/\/schema.org","@graph":[{"@type":"WebPage","@id":"https:\/\/geoclimate.ge\/fr\/produit\/duct-accessories\/","url":"https:\/\/geoclimate.ge\/fr\/produit\/duct-accessories\/","name":"Accessoires pour conduits - GeoClimate.ge","isPartOf":{"@id":"https:\/\/geoclimate.ge\/#website"},"primaryImageOfPage":{"@id":"https:\/\/geoclimate.ge\/fr\/produit\/duct-accessories\/#primaryimage"},"image":{"@id":"https:\/\/geoclimate.ge\/fr\/produit\/duct-accessories\/#primaryimage"},"thumbnailUrl":"https:\/\/geoclimate.ge\/wp-content\/uploads\/2025\/03\/Repair-Sleeve-bild-GUL.jpg","datePublished":"2025-03-22T07:45:38+00:00","dateModified":"2025-03-27T07:52:41+00:00","breadcrumb":{"@id":"https:\/\/geoclimate.ge\/fr\/produit\/duct-accessories\/#breadcrumb"},"inLanguage":"fr-FR","potentialAction":[{"@type":"ReadAction","target":["https:\/\/geoclimate.ge\/fr\/produit\/duct-accessories\/"]}]},{"@type":"ImageObject","inLanguage":"fr-FR","@id":"https:\/\/geoclimate.ge\/fr\/produit\/duct-accessories\/#primaryimage","url":"https:\/\/geoclimate.ge\/wp-content\/uploads\/2025\/03\/Repair-Sleeve-bild-GUL.jpg","contentUrl":"https:\/\/geoclimate.ge\/wp-content\/uploads\/2025\/03\/Repair-Sleeve-bild-GUL.jpg","width":460,"height":434},{"@type":"BreadcrumbList","@id":"https:\/\/geoclimate.ge\/fr\/produit\/duct-accessories\/#breadcrumb","itemListElement":[{"@type":"ListItem","position":1,"name":"Home","item":"https:\/\/geoclimate.ge\/fr\/"},{"@type":"ListItem","position":2,"name":"Products","item":"https:\/\/geoclimate.ge\/fr\/products\/"},{"@type":"ListItem","position":3,"name":"Accessoires pour conduits"}]},{"@type":"WebSite","@id":"https:\/\/geoclimate.ge\/#website","url":"https:\/\/geoclimate.ge\/","name":"GeoClimate","description":"","publisher":{"@id":"https:\/\/geoclimate.ge\/#organization"},"potentialAction":[{"@type":"SearchAction","target":{"@type":"EntryPoint","urlTemplate":"https:\/\/geoclimate.ge\/?s={search_term_string}"},"query-input":{"@type":"PropertyValueSpecification","valueRequired":true,"valueName":"search_term_string"}}],"inLanguage":"fr-FR"},{"@type":"Organization","@id":"https:\/\/geoclimate.ge\/#organization","name":"GeoClimate","url":"https:\/\/geoclimate.ge\/","logo":{"@type":"ImageObject","inLanguage":"fr-FR","@id":"https:\/\/geoclimate.ge\/#\/schema\/logo\/image\/","url":"https:\/\/geoclimate.ge\/wp-content\/uploads\/2026\/03\/geoclimate-SEO.png","contentUrl":"https:\/\/geoclimate.ge\/wp-content\/uploads\/2026\/03\/geoclimate-SEO.png","width":1536,"height":1024,"caption":"GeoClimate"},"image":{"@id":"https:\/\/geoclimate.ge\/#\/schema\/logo\/image\/"}}]}},"_links":{"self":[{"href":"https:\/\/geoclimate.ge\/fr\/wp-json\/wp\/v2\/product\/25622","targetHints":{"allow":["GET"]}}],"collection":[{"href":"https:\/\/geoclimate.ge\/fr\/wp-json\/wp\/v2\/product"}],"about":[{"href":"https:\/\/geoclimate.ge\/fr\/wp-json\/wp\/v2\/types\/product"}],"wp:featuredmedia":[{"embeddable":true,"href":"https:\/\/geoclimate.ge\/fr\/wp-json\/wp\/v2\/media\/25604"}],"wp:attachment":[{"href":"https:\/\/geoclimate.ge\/fr\/wp-json\/wp\/v2\/media?parent=25622"}],"wp:term":[{"taxonomy":"product_brand","embeddable":true,"href":"https:\/\/geoclimate.ge\/fr\/wp-json\/wp\/v2\/product_brand?post=25622"},{"taxonomy":"product_cat","embeddable":true,"href":"https:\/\/geoclimate.ge\/fr\/wp-json\/wp\/v2\/product_cat?post=25622"},{"taxonomy":"product_tag","embeddable":true,"href":"https:\/\/geoclimate.ge\/fr\/wp-json\/wp\/v2\/product_tag?post=25622"}],"curies":[{"name":"wp","href":"https:\/\/api.w.org\/{rel}","templated":true}]}}