{"id":25670,"date":"2025-03-20T12:28:04","date_gmt":"2025-03-20T08:28:04","guid":{"rendered":"https:\/\/airsystems.ge\/shop\/product\/remote-control-system\/"},"modified":"2025-03-27T12:31:50","modified_gmt":"2025-03-27T08:31:50","slug":"remote-control-system","status":"publish","type":"product","link":"https:\/\/geoclimate.ge\/fr\/produit\/remote-control-system\/","title":{"rendered":"SYST\u00c8ME DE CONTR\u00d4LE \u00c0 DISTANCE"},"content":{"rendered":"<p>QU&rsquo;EST-CE QUE CELA SIGNIFIE EN TERMES FINANCIERS\u00a0?<br \/>\nLes co\u00fbts \u00e9nerg\u00e9tiques li\u00e9s au fonctionnement du syst\u00e8me de ventilation d\u00e9passent g\u00e9n\u00e9ralement le co\u00fbt d&rsquo;investissement de l&rsquo;ensemble du syst\u00e8me. L&rsquo;ajout d&rsquo;un syst\u00e8me de contr\u00f4le vous permet de visualiser et de g\u00e9rer les co\u00fbts et la consommation \u00e9nerg\u00e9tique de l&rsquo;ensemble du syst\u00e8me de ventilation sur site.<\/p>\n","protected":false},"excerpt":{"rendered":"<p>\u00c0 PROPOS DU SYST\u00c8ME DE CONTR\u00d4LE \u00c0 DISTANCE<br \/>\nLe syst\u00e8me de contr\u00f4le \u00e0 distance permet de contr\u00f4ler les ventilateurs et les registres sur les chantiers de construction de tunnels depuis des applications mobiles. Les contr\u00f4leurs communiquent via un r\u00e9seau mobile.<\/p>\n<p>Outre le contr\u00f4le et la surveillance des ventilateurs, cette application r\u00e9cup\u00e8re \u00e9galement la charge \u00e9lectrique en temps r\u00e9el \u00e0 laquelle ils fonctionnent et fournit des informations sur les co\u00fbts \u00e9nerg\u00e9tiques instantan\u00e9s et r\u00e9capitulatifs de tous les ventilateurs du chantier.<\/p>\n","protected":false},"featured_media":25665,"template":"","meta":[],"product_brand":[],"product_cat":[1122,1082],"product_tag":[],"class_list":{"0":"post-25670","1":"product","2":"type-product","3":"status-publish","4":"has-post-thumbnail","6":"product_cat-commande-distance-systeme-tunnel","7":"product_cat-ventilation-souterraine-ventilation-des-tunnels-ventilation-miniere","9":"first","10":"instock","11":"shipping-taxable","12":"product-type-simple"},"yoast_head":"<!-- This site is optimized with the Yoast SEO plugin v27.1.1 - https:\/\/yoast.com\/product\/yoast-seo-wordpress\/ -->\n<title>SYST\u00c8ME DE CONTR\u00d4LE \u00c0 DISTANCE - GeoClimate.ge<\/title>\n<meta name=\"robots\" content=\"index, follow, max-snippet:-1, max-image-preview:large, max-video-preview:-1\" \/>\n<link rel=\"canonical\" href=\"https:\/\/geoclimate.ge\/fr\/produit\/remote-control-system\/\" \/>\n<meta property=\"og:locale\" content=\"fr_FR\" \/>\n<meta property=\"og:type\" content=\"article\" \/>\n<meta property=\"og:title\" content=\"SYST\u00c8ME DE CONTR\u00d4LE \u00c0 DISTANCE - GeoClimate.ge\" \/>\n<meta property=\"og:description\" content=\"\u00c0 PROPOS DU SYST\u00c8ME DE CONTR\u00d4LE \u00c0 DISTANCE Le syst\u00e8me de contr\u00f4le \u00e0 distance permet de contr\u00f4ler les ventilateurs et les registres sur les chantiers de construction de tunnels depuis des applications mobiles. Les contr\u00f4leurs communiquent via un r\u00e9seau mobile.  Outre le contr\u00f4le et la surveillance des ventilateurs, cette application r\u00e9cup\u00e8re \u00e9galement la charge \u00e9lectrique en temps r\u00e9el \u00e0 laquelle ils fonctionnent et fournit des informations sur les co\u00fbts \u00e9nerg\u00e9tiques instantan\u00e9s et r\u00e9capitulatifs de tous les ventilateurs du chantier.\" \/>\n<meta property=\"og:url\" content=\"https:\/\/geoclimate.ge\/fr\/produit\/remote-control-system\/\" \/>\n<meta property=\"og:site_name\" content=\"GeoClimate.ge\" \/>\n<meta property=\"article:modified_time\" content=\"2025-03-27T08:31:50+00:00\" \/>\n<meta property=\"og:image\" content=\"https:\/\/geoclimate.ge\/wp-content\/uploads\/2025\/03\/Effera-mobil.jpg\" \/>\n\t<meta property=\"og:image:width\" content=\"363\" \/>\n\t<meta property=\"og:image:height\" content=\"580\" \/>\n\t<meta property=\"og:image:type\" content=\"image\/jpeg\" \/>\n<meta name=\"twitter:card\" content=\"summary_large_image\" \/>\n<script type=\"application\/ld+json\" class=\"yoast-schema-graph\">{\"@context\":\"https:\/\/schema.org\",\"@graph\":[{\"@type\":\"WebPage\",\"@id\":\"https:\/\/geoclimate.ge\/fr\/produit\/remote-control-system\/\",\"url\":\"https:\/\/geoclimate.ge\/fr\/produit\/remote-control-system\/\",\"name\":\"SYST\u00c8ME DE CONTR\u00d4LE \u00c0 DISTANCE - GeoClimate.ge\",\"isPartOf\":{\"@id\":\"https:\/\/geoclimate.ge\/#website\"},\"primaryImageOfPage\":{\"@id\":\"https:\/\/geoclimate.ge\/fr\/produit\/remote-control-system\/#primaryimage\"},\"image\":{\"@id\":\"https:\/\/geoclimate.ge\/fr\/produit\/remote-control-system\/#primaryimage\"},\"thumbnailUrl\":\"https:\/\/geoclimate.ge\/wp-content\/uploads\/2025\/03\/Effera-mobil.jpg\",\"datePublished\":\"2025-03-20T08:28:04+00:00\",\"dateModified\":\"2025-03-27T08:31:50+00:00\",\"breadcrumb\":{\"@id\":\"https:\/\/geoclimate.ge\/fr\/produit\/remote-control-system\/#breadcrumb\"},\"inLanguage\":\"fr-FR\",\"potentialAction\":[{\"@type\":\"ReadAction\",\"target\":[\"https:\/\/geoclimate.ge\/fr\/produit\/remote-control-system\/\"]}]},{\"@type\":\"ImageObject\",\"inLanguage\":\"fr-FR\",\"@id\":\"https:\/\/geoclimate.ge\/fr\/produit\/remote-control-system\/#primaryimage\",\"url\":\"https:\/\/geoclimate.ge\/wp-content\/uploads\/2025\/03\/Effera-mobil.jpg\",\"contentUrl\":\"https:\/\/geoclimate.ge\/wp-content\/uploads\/2025\/03\/Effera-mobil.jpg\",\"width\":363,\"height\":580},{\"@type\":\"BreadcrumbList\",\"@id\":\"https:\/\/geoclimate.ge\/fr\/produit\/remote-control-system\/#breadcrumb\",\"itemListElement\":[{\"@type\":\"ListItem\",\"position\":1,\"name\":\"Home\",\"item\":\"https:\/\/geoclimate.ge\/fr\/\"},{\"@type\":\"ListItem\",\"position\":2,\"name\":\"Products\",\"item\":\"https:\/\/geoclimate.ge\/fr\/products\/\"},{\"@type\":\"ListItem\",\"position\":3,\"name\":\"SYST\u00c8ME DE CONTR\u00d4LE \u00c0 DISTANCE\"}]},{\"@type\":\"WebSite\",\"@id\":\"https:\/\/geoclimate.ge\/#website\",\"url\":\"https:\/\/geoclimate.ge\/\",\"name\":\"GeoClimate\",\"description\":\"\",\"publisher\":{\"@id\":\"https:\/\/geoclimate.ge\/#organization\"},\"potentialAction\":[{\"@type\":\"SearchAction\",\"target\":{\"@type\":\"EntryPoint\",\"urlTemplate\":\"https:\/\/geoclimate.ge\/?s={search_term_string}\"},\"query-input\":{\"@type\":\"PropertyValueSpecification\",\"valueRequired\":true,\"valueName\":\"search_term_string\"}}],\"inLanguage\":\"fr-FR\"},{\"@type\":\"Organization\",\"@id\":\"https:\/\/geoclimate.ge\/#organization\",\"name\":\"GeoClimate\",\"url\":\"https:\/\/geoclimate.ge\/\",\"logo\":{\"@type\":\"ImageObject\",\"inLanguage\":\"fr-FR\",\"@id\":\"https:\/\/geoclimate.ge\/#\/schema\/logo\/image\/\",\"url\":\"https:\/\/geoclimate.ge\/wp-content\/uploads\/2026\/03\/geoclimate-SEO.png\",\"contentUrl\":\"https:\/\/geoclimate.ge\/wp-content\/uploads\/2026\/03\/geoclimate-SEO.png\",\"width\":1536,\"height\":1024,\"caption\":\"GeoClimate\"},\"image\":{\"@id\":\"https:\/\/geoclimate.ge\/#\/schema\/logo\/image\/\"}}]}<\/script>\n<!-- \/ Yoast SEO plugin. -->","yoast_head_json":{"title":"SYST\u00c8ME DE CONTR\u00d4LE \u00c0 DISTANCE - GeoClimate.ge","robots":{"index":"index","follow":"follow","max-snippet":"max-snippet:-1","max-image-preview":"max-image-preview:large","max-video-preview":"max-video-preview:-1"},"canonical":"https:\/\/geoclimate.ge\/fr\/produit\/remote-control-system\/","og_locale":"fr_FR","og_type":"article","og_title":"SYST\u00c8ME DE CONTR\u00d4LE \u00c0 DISTANCE - GeoClimate.ge","og_description":"\u00c0 PROPOS DU SYST\u00c8ME DE CONTR\u00d4LE \u00c0 DISTANCE Le syst\u00e8me de contr\u00f4le \u00e0 distance permet de contr\u00f4ler les ventilateurs et les registres sur les chantiers de construction de tunnels depuis des applications mobiles. Les contr\u00f4leurs communiquent via un r\u00e9seau mobile.  Outre le contr\u00f4le et la surveillance des ventilateurs, cette application r\u00e9cup\u00e8re \u00e9galement la charge \u00e9lectrique en temps r\u00e9el \u00e0 laquelle ils fonctionnent et fournit des informations sur les co\u00fbts \u00e9nerg\u00e9tiques instantan\u00e9s et r\u00e9capitulatifs de tous les ventilateurs du chantier.","og_url":"https:\/\/geoclimate.ge\/fr\/produit\/remote-control-system\/","og_site_name":"GeoClimate.ge","article_modified_time":"2025-03-27T08:31:50+00:00","og_image":[{"width":363,"height":580,"url":"https:\/\/geoclimate.ge\/wp-content\/uploads\/2025\/03\/Effera-mobil.jpg","type":"image\/jpeg"}],"twitter_card":"summary_large_image","schema":{"@context":"https:\/\/schema.org","@graph":[{"@type":"WebPage","@id":"https:\/\/geoclimate.ge\/fr\/produit\/remote-control-system\/","url":"https:\/\/geoclimate.ge\/fr\/produit\/remote-control-system\/","name":"SYST\u00c8ME DE CONTR\u00d4LE \u00c0 DISTANCE - GeoClimate.ge","isPartOf":{"@id":"https:\/\/geoclimate.ge\/#website"},"primaryImageOfPage":{"@id":"https:\/\/geoclimate.ge\/fr\/produit\/remote-control-system\/#primaryimage"},"image":{"@id":"https:\/\/geoclimate.ge\/fr\/produit\/remote-control-system\/#primaryimage"},"thumbnailUrl":"https:\/\/geoclimate.ge\/wp-content\/uploads\/2025\/03\/Effera-mobil.jpg","datePublished":"2025-03-20T08:28:04+00:00","dateModified":"2025-03-27T08:31:50+00:00","breadcrumb":{"@id":"https:\/\/geoclimate.ge\/fr\/produit\/remote-control-system\/#breadcrumb"},"inLanguage":"fr-FR","potentialAction":[{"@type":"ReadAction","target":["https:\/\/geoclimate.ge\/fr\/produit\/remote-control-system\/"]}]},{"@type":"ImageObject","inLanguage":"fr-FR","@id":"https:\/\/geoclimate.ge\/fr\/produit\/remote-control-system\/#primaryimage","url":"https:\/\/geoclimate.ge\/wp-content\/uploads\/2025\/03\/Effera-mobil.jpg","contentUrl":"https:\/\/geoclimate.ge\/wp-content\/uploads\/2025\/03\/Effera-mobil.jpg","width":363,"height":580},{"@type":"BreadcrumbList","@id":"https:\/\/geoclimate.ge\/fr\/produit\/remote-control-system\/#breadcrumb","itemListElement":[{"@type":"ListItem","position":1,"name":"Home","item":"https:\/\/geoclimate.ge\/fr\/"},{"@type":"ListItem","position":2,"name":"Products","item":"https:\/\/geoclimate.ge\/fr\/products\/"},{"@type":"ListItem","position":3,"name":"SYST\u00c8ME DE CONTR\u00d4LE \u00c0 DISTANCE"}]},{"@type":"WebSite","@id":"https:\/\/geoclimate.ge\/#website","url":"https:\/\/geoclimate.ge\/","name":"GeoClimate","description":"","publisher":{"@id":"https:\/\/geoclimate.ge\/#organization"},"potentialAction":[{"@type":"SearchAction","target":{"@type":"EntryPoint","urlTemplate":"https:\/\/geoclimate.ge\/?s={search_term_string}"},"query-input":{"@type":"PropertyValueSpecification","valueRequired":true,"valueName":"search_term_string"}}],"inLanguage":"fr-FR"},{"@type":"Organization","@id":"https:\/\/geoclimate.ge\/#organization","name":"GeoClimate","url":"https:\/\/geoclimate.ge\/","logo":{"@type":"ImageObject","inLanguage":"fr-FR","@id":"https:\/\/geoclimate.ge\/#\/schema\/logo\/image\/","url":"https:\/\/geoclimate.ge\/wp-content\/uploads\/2026\/03\/geoclimate-SEO.png","contentUrl":"https:\/\/geoclimate.ge\/wp-content\/uploads\/2026\/03\/geoclimate-SEO.png","width":1536,"height":1024,"caption":"GeoClimate"},"image":{"@id":"https:\/\/geoclimate.ge\/#\/schema\/logo\/image\/"}}]}},"_links":{"self":[{"href":"https:\/\/geoclimate.ge\/fr\/wp-json\/wp\/v2\/product\/25670","targetHints":{"allow":["GET"]}}],"collection":[{"href":"https:\/\/geoclimate.ge\/fr\/wp-json\/wp\/v2\/product"}],"about":[{"href":"https:\/\/geoclimate.ge\/fr\/wp-json\/wp\/v2\/types\/product"}],"wp:featuredmedia":[{"embeddable":true,"href":"https:\/\/geoclimate.ge\/fr\/wp-json\/wp\/v2\/media\/25665"}],"wp:attachment":[{"href":"https:\/\/geoclimate.ge\/fr\/wp-json\/wp\/v2\/media?parent=25670"}],"wp:term":[{"taxonomy":"product_brand","embeddable":true,"href":"https:\/\/geoclimate.ge\/fr\/wp-json\/wp\/v2\/product_brand?post=25670"},{"taxonomy":"product_cat","embeddable":true,"href":"https:\/\/geoclimate.ge\/fr\/wp-json\/wp\/v2\/product_cat?post=25670"},{"taxonomy":"product_tag","embeddable":true,"href":"https:\/\/geoclimate.ge\/fr\/wp-json\/wp\/v2\/product_tag?post=25670"}],"curies":[{"name":"wp","href":"https:\/\/api.w.org\/{rel}","templated":true}]}}