{"id":26100,"date":"2024-01-22T21:08:06","date_gmt":"2024-01-22T17:08:06","guid":{"rendered":"https:\/\/airsystems.ge\/shop\/product\/heylo-dt-750-dehumidifier\/"},"modified":"2025-03-29T10:40:14","modified_gmt":"2025-03-29T06:40:14","slug":"heylo-dt-750-dehumidifier","status":"publish","type":"product","link":"https:\/\/geoclimate.ge\/fr\/produit\/heylo-dt-750-dehumidifier\/","title":{"rendered":"D\u00e9shumidificateur Heylo DT 750 D\u00e9shumidificateurs \u00e0 condensation"},"content":{"rendered":"<section class=\"max-w-[1088px] mx-auto w-full px-5 my-10 md:my-12 lg:my-16 xl:my-20 xl:px-0\" data-block=\"bullet-list\">\n<div class=\"md:text-center\">\n<p class=\"text-black font-bold text-lg md:text-xl lg:text-2xl\"><strong>Caract\u00e9ristiques principales<\/strong><br \/>\nHygrostat int\u00e9gr\u00e9<br \/>\nD\u00e9givrage \u00e9lectronique<br \/>\nEmpilable pour un rangement peu encombrant<br \/>\nFacile \u00e0 transporter gr\u00e2ce \u00e0 sa grande poign\u00e9e de transport, ses poign\u00e9es lat\u00e9rales et ses roulettes sous le meuble<br \/>\nPompe \u00e0 condensats en option<br \/>\nAffichage du taux d&rsquo;humidit\u00e9 actuel<br \/>\nConvient pour des surfaces d&rsquo;environ 70 m\u00b2<\/p>\n<\/div>\n<\/section>\n<section class=\"max-w-[1088px] mx-auto w-full px-5 my-10 md:my-12 lg:my-16 xl:my-20 xl:px-0\" data-block=\"product-specifications\">\n<div class=\"md:text-center\">\n<h3 class=\"text-black font-bold text-lg md:text-xl lg:text-2xl\"><strong>Product specifications<\/strong><\/h3>\n<\/div>\n<div class=\" md:mt-10\">\n<div class=\"\">\n<div class=\"lg:mt-0 \">\n<div id=\"spec-dt-750\" class=\"prose max-w-full md:overflow-auto\" data-spec-content=\"\">\n<div class=\"spreadsheet-container hidden md:block\">\n<table class=\"w-full table-fixed mb-0\">\n<thead>\n<tr>\n<th class=\"font-bold text-base\"><span class=\"block px-4\">Specifications<\/span><\/th>\n<th class=\"font-bold text-base text-center\"><span class=\"block px-10 md:px-20\">Units<\/span><\/th>\n<th class=\"font-bold text-base text-center will-change\"><span class=\"block px-4\">DT\u00a0750<\/span><\/th>\n<\/tr>\n<\/thead>\n<tbody>\n<tr class=\"bg-grey-200\/50 p-2\">\n<td colspan=\"1\"><span class=\"block px-4\">Capacity(30\u00b0C\/80% RH)<\/span><\/td>\n<td class=\"text-center\">\n<div class=\"px-10 md:px-20 flex items-center justify-center\">l\/24h<\/div>\n<\/td>\n<td class=\"text-center will-change\">\n<div class=\"px-10 md:px-20 flex items-center justify-center\">22<\/div>\n<\/td>\n<\/tr>\n<tr class=\" p-2\">\n<td colspan=\"1\"><span class=\"block px-4\">Air flow<\/span><\/td>\n<td class=\"text-center\">\n<div class=\"px-10 md:px-20 flex items-center justify-center\">m\u00b3\/h<\/div>\n<\/td>\n<td class=\"text-center will-change\">\n<div class=\"px-10 md:px-20 flex items-center justify-center\">350<\/div>\n<\/td>\n<\/tr>\n<tr class=\"bg-grey-200\/50 p-2\">\n<td colspan=\"1\"><span class=\"block px-4\">Operating temperature range<\/span><\/td>\n<td class=\"text-center\">\n<div class=\"px-10 md:px-20 flex items-center justify-center\">\u00b0C<\/div>\n<\/td>\n<td class=\"text-center will-change\">\n<div class=\"px-10 md:px-20 flex items-center justify-center\">3-35<\/div>\n<\/td>\n<\/tr>\n<tr class=\" p-2\">\n<td colspan=\"1\"><span class=\"block px-4\">Operating humidity range<\/span><\/td>\n<td class=\"text-center\">\n<div class=\"px-10 md:px-20 flex items-center justify-center\">% RH<\/div>\n<\/td>\n<td class=\"text-center will-change\">\n<div class=\"px-10 md:px-20 flex items-center justify-center\">35-95<\/div>\n<\/td>\n<\/tr>\n<tr class=\"bg-grey-200\/50 p-2\">\n<td colspan=\"1\"><span class=\"block px-4\">Power consumption<\/span><\/td>\n<td class=\"text-center\">\n<div class=\"px-10 md:px-20 flex items-center justify-center\">W<\/div>\n<\/td>\n<td class=\"text-center will-change\">\n<div class=\"px-10 md:px-20 flex items-center justify-center\">490<\/div>\n<\/td>\n<\/tr>\n<tr class=\" p-2\">\n<td colspan=\"1\"><span class=\"block px-4\">Power supply<\/span><\/td>\n<td class=\"text-center\">\n<div class=\"px-10 md:px-20 flex items-center justify-center\">V\/Hz<\/div>\n<\/td>\n<td class=\"text-center will-change\">\n<div class=\"px-10 md:px-20 flex items-center justify-center\">230\/1ph\/50<\/div>\n<\/td>\n<\/tr>\n<tr class=\"bg-grey-200\/50 p-2\">\n<td colspan=\"1\"><span class=\"block px-4\">Refrigerant<\/span><\/td>\n<td class=\"text-center\">\n<div class=\"px-10 md:px-20 flex items-center justify-center\">type<\/div>\n<\/td>\n<td class=\"text-center will-change\">\n<div class=\"px-10 md:px-20 flex items-center justify-center\">R290<\/div>\n<\/td>\n<\/tr>\n<tr class=\" p-2\">\n<td colspan=\"1\"><span class=\"block px-4\">Sound level<\/span><\/td>\n<td class=\"text-center\">\n<div class=\"px-10 md:px-20 flex items-center justify-center\">dB(A)<\/div>\n<\/td>\n<td class=\"text-center will-change\">\n<div class=\"px-10 md:px-20 flex items-center justify-center\">43<\/div>\n<\/td>\n<\/tr>\n<tr class=\"bg-grey-200\/50 p-2\">\n<td colspan=\"1\"><span class=\"block px-4\">Protection class<\/span><\/td>\n<td class=\"text-center\">\n<div class=\"px-10 md:px-20 flex items-center justify-center\"><\/div>\n<\/td>\n<td class=\"text-center will-change\">\n<div class=\"px-10 md:px-20 flex items-center justify-center\">IP44<\/div>\n<\/td>\n<\/tr>\n<tr class=\" p-2\">\n<td colspan=\"1\"><span class=\"block px-4\">Compressor<\/span><\/td>\n<td class=\"text-center\">\n<div class=\"px-10 md:px-20 flex items-center justify-center\">type<\/div>\n<\/td>\n<td class=\"text-center will-change\">\n<div class=\"px-10 md:px-20 flex items-center justify-center\">Rotary<\/div>\n<\/td>\n<\/tr>\n<tr class=\"bg-grey-200\/50 p-2\">\n<td colspan=\"1\"><span class=\"block px-4\">Tank capacity<\/span><\/td>\n<td class=\"text-center\">\n<div class=\"px-10 md:px-20 flex items-center justify-center\">l<\/div>\n<\/td>\n<td class=\"text-center will-change\">\n<div class=\"px-10 md:px-20 flex items-center justify-center\">8<\/div>\n<\/td>\n<\/tr>\n<tr class=\" p-2\">\n<td colspan=\"1\"><span class=\"block px-4\">Product size (l x w x h)<\/span><\/td>\n<td class=\"text-center\">\n<div class=\"px-10 md:px-20 flex items-center justify-center\">mm<\/div>\n<\/td>\n<td class=\"text-center will-change\">\n<div class=\"px-10 md:px-20 flex items-center justify-center\">330 x 320 x 670<\/div>\n<\/td>\n<\/tr>\n<tr class=\"bg-grey-200\/50 p-2\">\n<td colspan=\"1\"><span class=\"block px-4\">Box size (l x w x h)<\/span><\/td>\n<td class=\"text-center\">\n<div class=\"px-10 md:px-20 flex items-center justify-center\">mm<\/div>\n<\/td>\n<td class=\"text-center will-change\">\n<div class=\"px-10 md:px-20 flex items-center justify-center\">390 x 390 x 720<\/div>\n<\/td>\n<\/tr>\n<tr class=\" p-2\">\n<td colspan=\"1\"><span class=\"block px-4\">Net\/gross weight<\/span><\/td>\n<td class=\"text-center\">\n<div class=\"px-10 md:px-20 flex items-center justify-center\">kg<\/div>\n<\/td>\n<td class=\"text-center will-change\">\n<div class=\"px-10 md:px-20 flex items-center justify-center\">23\/26<\/div>\n<\/td>\n<\/tr>\n<tr class=\"bg-grey-200\/50 p-2\">\n<td colspan=\"1\"><span class=\"block px-4\">Pallet<\/span><\/td>\n<td class=\"text-center\">\n<div class=\"px-10 md:px-20 flex items-center justify-center\">pcs<\/div>\n<\/td>\n<td class=\"text-center will-change\">\n<div class=\"px-10 md:px-20 flex items-center justify-center\">12<\/div>\n<\/td>\n<\/tr>\n<\/tbody>\n<\/table>\n<\/div>\n<\/div>\n<\/div>\n<\/div>\n<\/div>\n<\/section>\n","protected":false},"excerpt":{"rendered":"<p>D\u00e9shumidificateurs \u00e0 condensation<\/p>\n<figure><img decoding=\"async\" src=\"https:\/\/dantherm-group-cdn.s3.amazonaws.com\/media\/brands\/DG-Banners-Rebranding-HEYLO-to-MASTER-EN.jpg\" alt=\"\" \/><\/figure>\n<p>&nbsp;<\/p>\n<p>Gr\u00e2ce \u00e0 ses dimensions compactes et \u00e0 sa grande flexibilit\u00e9 de transport, le d\u00e9shumidificateur \u00e0 condensation DT 750 est id\u00e9al pour le s\u00e9chage des petites pi\u00e8ces, comme les salles de bains \u00e9troites. Cet appareil compact est principalement utilis\u00e9 pour les petits d\u00e9g\u00e2ts des eaux et pour le s\u00e9chage des b\u00e2timents neufs. L&rsquo;hygrostat int\u00e9gr\u00e9 permet un contr\u00f4le continu de la puissance de d\u00e9shumidification.<\/p>\n<p>Gr\u00e2ce \u00e0 sa grande poign\u00e9e de transport, \u00e0 ses poign\u00e9es lat\u00e9rales suppl\u00e9mentaires et \u00e0 ses petites roulettes sur la partie inf\u00e9rieure, le d\u00e9shumidificateur se d\u00e9place rapidement et facilement d&rsquo;une pi\u00e8ce \u00e0 l&rsquo;autre. Le concept d&#8217;empilage intelligent permet de ranger plusieurs appareils de mani\u00e8re peu encombrante.<\/p>\n<p>Le bo\u00eetier m\u00e9tallique du DT 750 est d\u00e9montable rapidement et d&rsquo;un seul tenant, ce qui facilite le nettoyage et l&rsquo;entretien.<\/p>\n<p>D\u00e9couvrez d&rsquo;autres d\u00e9shumidificateurs \u00e0 condensation industriels ou notre gamme compl\u00e8te de d\u00e9shumidificateurs polyvalents.<\/p>\n","protected":false},"featured_media":26070,"template":"","meta":[],"product_brand":[],"product_cat":[412,416,487],"product_tag":[],"class_list":{"0":"post-26100","1":"product","2":"type-product","3":"status-publish","4":"has-post-thumbnail","6":"product_cat-climatisation-deshumidificateur-dair-ventilateur-fr-ventilation","7":"product_cat-deshumidificateurs","8":"product_cat-sechage-de-deshumidificateurs-a-condensation","10":"first","11":"instock","12":"shipping-taxable","13":"purchasable","14":"product-type-simple"},"yoast_head":"<!-- This site is optimized with the Yoast SEO plugin v27.1.1 - https:\/\/yoast.com\/product\/yoast-seo-wordpress\/ -->\n<title>D\u00e9shumidificateur Heylo DT 750 D\u00e9shumidificateurs \u00e0 condensation - GeoClimate.ge<\/title>\n<meta name=\"robots\" content=\"index, follow, max-snippet:-1, max-image-preview:large, max-video-preview:-1\" \/>\n<link rel=\"canonical\" href=\"https:\/\/geoclimate.ge\/fr\/produit\/heylo-dt-750-dehumidifier\/\" \/>\n<meta property=\"og:locale\" content=\"fr_FR\" \/>\n<meta property=\"og:type\" content=\"article\" \/>\n<meta property=\"og:title\" content=\"D\u00e9shumidificateur Heylo DT 750 D\u00e9shumidificateurs \u00e0 condensation - GeoClimate.ge\" \/>\n<meta property=\"og:description\" content=\"D\u00e9shumidificateurs \u00e0 condensation  &nbsp;  Gr\u00e2ce \u00e0 ses dimensions compactes et \u00e0 sa grande flexibilit\u00e9 de transport, le d\u00e9shumidificateur \u00e0 condensation DT 750 est id\u00e9al pour le s\u00e9chage des petites pi\u00e8ces, comme les salles de bains \u00e9troites. Cet appareil compact est principalement utilis\u00e9 pour les petits d\u00e9g\u00e2ts des eaux et pour le s\u00e9chage des b\u00e2timents neufs. L&#039;hygrostat int\u00e9gr\u00e9 permet un contr\u00f4le continu de la puissance de d\u00e9shumidification.  Gr\u00e2ce \u00e0 sa grande poign\u00e9e de transport, \u00e0 ses poign\u00e9es lat\u00e9rales suppl\u00e9mentaires et \u00e0 ses petites roulettes sur la partie inf\u00e9rieure, le d\u00e9shumidificateur se d\u00e9place rapidement et facilement d&#039;une pi\u00e8ce \u00e0 l&#039;autre. Le concept d&#039;empilage intelligent permet de ranger plusieurs appareils de mani\u00e8re peu encombrante.  Le bo\u00eetier m\u00e9tallique du DT 750 est d\u00e9montable rapidement et d&#039;un seul tenant, ce qui facilite le nettoyage et l&#039;entretien.  D\u00e9couvrez d&#039;autres d\u00e9shumidificateurs \u00e0 condensation industriels ou notre gamme compl\u00e8te de d\u00e9shumidificateurs polyvalents.\" \/>\n<meta property=\"og:url\" content=\"https:\/\/geoclimate.ge\/fr\/produit\/heylo-dt-750-dehumidifier\/\" \/>\n<meta property=\"og:site_name\" content=\"GeoClimate.ge\" \/>\n<meta property=\"article:modified_time\" content=\"2025-03-29T06:40:14+00:00\" \/>\n<meta property=\"og:image\" content=\"https:\/\/geoclimate.ge\/wp-content\/uploads\/2025\/03\/Heylo-Luftentfeuchter-DT-750.jpg\" \/>\n\t<meta property=\"og:image:width\" content=\"1000\" \/>\n\t<meta property=\"og:image:height\" content=\"1000\" \/>\n\t<meta property=\"og:image:type\" content=\"image\/jpeg\" \/>\n<meta name=\"twitter:card\" content=\"summary_large_image\" \/>\n<meta name=\"twitter:label1\" content=\"Dur\u00e9e de lecture estim\u00e9e\" \/>\n\t<meta name=\"twitter:data1\" content=\"1 minute\" \/>\n<script type=\"application\/ld+json\" class=\"yoast-schema-graph\">{\"@context\":\"https:\/\/schema.org\",\"@graph\":[{\"@type\":\"WebPage\",\"@id\":\"https:\/\/geoclimate.ge\/fr\/produit\/heylo-dt-750-dehumidifier\/\",\"url\":\"https:\/\/geoclimate.ge\/fr\/produit\/heylo-dt-750-dehumidifier\/\",\"name\":\"D\u00e9shumidificateur Heylo DT 750 D\u00e9shumidificateurs \u00e0 condensation - GeoClimate.ge\",\"isPartOf\":{\"@id\":\"https:\/\/geoclimate.ge\/#website\"},\"primaryImageOfPage\":{\"@id\":\"https:\/\/geoclimate.ge\/fr\/produit\/heylo-dt-750-dehumidifier\/#primaryimage\"},\"image\":{\"@id\":\"https:\/\/geoclimate.ge\/fr\/produit\/heylo-dt-750-dehumidifier\/#primaryimage\"},\"thumbnailUrl\":\"https:\/\/geoclimate.ge\/wp-content\/uploads\/2025\/03\/Heylo-Luftentfeuchter-DT-750.jpg\",\"datePublished\":\"2024-01-22T17:08:06+00:00\",\"dateModified\":\"2025-03-29T06:40:14+00:00\",\"breadcrumb\":{\"@id\":\"https:\/\/geoclimate.ge\/fr\/produit\/heylo-dt-750-dehumidifier\/#breadcrumb\"},\"inLanguage\":\"fr-FR\",\"potentialAction\":[{\"@type\":\"ReadAction\",\"target\":[\"https:\/\/geoclimate.ge\/fr\/produit\/heylo-dt-750-dehumidifier\/\"]}]},{\"@type\":\"ImageObject\",\"inLanguage\":\"fr-FR\",\"@id\":\"https:\/\/geoclimate.ge\/fr\/produit\/heylo-dt-750-dehumidifier\/#primaryimage\",\"url\":\"https:\/\/geoclimate.ge\/wp-content\/uploads\/2025\/03\/Heylo-Luftentfeuchter-DT-750.jpg\",\"contentUrl\":\"https:\/\/geoclimate.ge\/wp-content\/uploads\/2025\/03\/Heylo-Luftentfeuchter-DT-750.jpg\",\"width\":1000,\"height\":1000},{\"@type\":\"BreadcrumbList\",\"@id\":\"https:\/\/geoclimate.ge\/fr\/produit\/heylo-dt-750-dehumidifier\/#breadcrumb\",\"itemListElement\":[{\"@type\":\"ListItem\",\"position\":1,\"name\":\"Home\",\"item\":\"https:\/\/geoclimate.ge\/fr\/\"},{\"@type\":\"ListItem\",\"position\":2,\"name\":\"Products\",\"item\":\"https:\/\/geoclimate.ge\/fr\/products\/\"},{\"@type\":\"ListItem\",\"position\":3,\"name\":\"D\u00e9shumidificateur Heylo DT 750 D\u00e9shumidificateurs \u00e0 condensation\"}]},{\"@type\":\"WebSite\",\"@id\":\"https:\/\/geoclimate.ge\/#website\",\"url\":\"https:\/\/geoclimate.ge\/\",\"name\":\"GeoClimate\",\"description\":\"\",\"publisher\":{\"@id\":\"https:\/\/geoclimate.ge\/#organization\"},\"potentialAction\":[{\"@type\":\"SearchAction\",\"target\":{\"@type\":\"EntryPoint\",\"urlTemplate\":\"https:\/\/geoclimate.ge\/?s={search_term_string}\"},\"query-input\":{\"@type\":\"PropertyValueSpecification\",\"valueRequired\":true,\"valueName\":\"search_term_string\"}}],\"inLanguage\":\"fr-FR\"},{\"@type\":\"Organization\",\"@id\":\"https:\/\/geoclimate.ge\/#organization\",\"name\":\"GeoClimate\",\"url\":\"https:\/\/geoclimate.ge\/\",\"logo\":{\"@type\":\"ImageObject\",\"inLanguage\":\"fr-FR\",\"@id\":\"https:\/\/geoclimate.ge\/#\/schema\/logo\/image\/\",\"url\":\"https:\/\/geoclimate.ge\/wp-content\/uploads\/2026\/03\/geoclimate-SEO.png\",\"contentUrl\":\"https:\/\/geoclimate.ge\/wp-content\/uploads\/2026\/03\/geoclimate-SEO.png\",\"width\":1536,\"height\":1024,\"caption\":\"GeoClimate\"},\"image\":{\"@id\":\"https:\/\/geoclimate.ge\/#\/schema\/logo\/image\/\"}}]}<\/script>\n<!-- \/ Yoast SEO plugin. -->","yoast_head_json":{"title":"D\u00e9shumidificateur Heylo DT 750 D\u00e9shumidificateurs \u00e0 condensation - GeoClimate.ge","robots":{"index":"index","follow":"follow","max-snippet":"max-snippet:-1","max-image-preview":"max-image-preview:large","max-video-preview":"max-video-preview:-1"},"canonical":"https:\/\/geoclimate.ge\/fr\/produit\/heylo-dt-750-dehumidifier\/","og_locale":"fr_FR","og_type":"article","og_title":"D\u00e9shumidificateur Heylo DT 750 D\u00e9shumidificateurs \u00e0 condensation - GeoClimate.ge","og_description":"D\u00e9shumidificateurs \u00e0 condensation  &nbsp;  Gr\u00e2ce \u00e0 ses dimensions compactes et \u00e0 sa grande flexibilit\u00e9 de transport, le d\u00e9shumidificateur \u00e0 condensation DT 750 est id\u00e9al pour le s\u00e9chage des petites pi\u00e8ces, comme les salles de bains \u00e9troites. Cet appareil compact est principalement utilis\u00e9 pour les petits d\u00e9g\u00e2ts des eaux et pour le s\u00e9chage des b\u00e2timents neufs. L'hygrostat int\u00e9gr\u00e9 permet un contr\u00f4le continu de la puissance de d\u00e9shumidification.  Gr\u00e2ce \u00e0 sa grande poign\u00e9e de transport, \u00e0 ses poign\u00e9es lat\u00e9rales suppl\u00e9mentaires et \u00e0 ses petites roulettes sur la partie inf\u00e9rieure, le d\u00e9shumidificateur se d\u00e9place rapidement et facilement d'une pi\u00e8ce \u00e0 l'autre. Le concept d'empilage intelligent permet de ranger plusieurs appareils de mani\u00e8re peu encombrante.  Le bo\u00eetier m\u00e9tallique du DT 750 est d\u00e9montable rapidement et d'un seul tenant, ce qui facilite le nettoyage et l'entretien.  D\u00e9couvrez d'autres d\u00e9shumidificateurs \u00e0 condensation industriels ou notre gamme compl\u00e8te de d\u00e9shumidificateurs polyvalents.","og_url":"https:\/\/geoclimate.ge\/fr\/produit\/heylo-dt-750-dehumidifier\/","og_site_name":"GeoClimate.ge","article_modified_time":"2025-03-29T06:40:14+00:00","og_image":[{"width":1000,"height":1000,"url":"https:\/\/geoclimate.ge\/wp-content\/uploads\/2025\/03\/Heylo-Luftentfeuchter-DT-750.jpg","type":"image\/jpeg"}],"twitter_card":"summary_large_image","twitter_misc":{"Dur\u00e9e de lecture estim\u00e9e":"1 minute"},"schema":{"@context":"https:\/\/schema.org","@graph":[{"@type":"WebPage","@id":"https:\/\/geoclimate.ge\/fr\/produit\/heylo-dt-750-dehumidifier\/","url":"https:\/\/geoclimate.ge\/fr\/produit\/heylo-dt-750-dehumidifier\/","name":"D\u00e9shumidificateur Heylo DT 750 D\u00e9shumidificateurs \u00e0 condensation - GeoClimate.ge","isPartOf":{"@id":"https:\/\/geoclimate.ge\/#website"},"primaryImageOfPage":{"@id":"https:\/\/geoclimate.ge\/fr\/produit\/heylo-dt-750-dehumidifier\/#primaryimage"},"image":{"@id":"https:\/\/geoclimate.ge\/fr\/produit\/heylo-dt-750-dehumidifier\/#primaryimage"},"thumbnailUrl":"https:\/\/geoclimate.ge\/wp-content\/uploads\/2025\/03\/Heylo-Luftentfeuchter-DT-750.jpg","datePublished":"2024-01-22T17:08:06+00:00","dateModified":"2025-03-29T06:40:14+00:00","breadcrumb":{"@id":"https:\/\/geoclimate.ge\/fr\/produit\/heylo-dt-750-dehumidifier\/#breadcrumb"},"inLanguage":"fr-FR","potentialAction":[{"@type":"ReadAction","target":["https:\/\/geoclimate.ge\/fr\/produit\/heylo-dt-750-dehumidifier\/"]}]},{"@type":"ImageObject","inLanguage":"fr-FR","@id":"https:\/\/geoclimate.ge\/fr\/produit\/heylo-dt-750-dehumidifier\/#primaryimage","url":"https:\/\/geoclimate.ge\/wp-content\/uploads\/2025\/03\/Heylo-Luftentfeuchter-DT-750.jpg","contentUrl":"https:\/\/geoclimate.ge\/wp-content\/uploads\/2025\/03\/Heylo-Luftentfeuchter-DT-750.jpg","width":1000,"height":1000},{"@type":"BreadcrumbList","@id":"https:\/\/geoclimate.ge\/fr\/produit\/heylo-dt-750-dehumidifier\/#breadcrumb","itemListElement":[{"@type":"ListItem","position":1,"name":"Home","item":"https:\/\/geoclimate.ge\/fr\/"},{"@type":"ListItem","position":2,"name":"Products","item":"https:\/\/geoclimate.ge\/fr\/products\/"},{"@type":"ListItem","position":3,"name":"D\u00e9shumidificateur Heylo DT 750 D\u00e9shumidificateurs \u00e0 condensation"}]},{"@type":"WebSite","@id":"https:\/\/geoclimate.ge\/#website","url":"https:\/\/geoclimate.ge\/","name":"GeoClimate","description":"","publisher":{"@id":"https:\/\/geoclimate.ge\/#organization"},"potentialAction":[{"@type":"SearchAction","target":{"@type":"EntryPoint","urlTemplate":"https:\/\/geoclimate.ge\/?s={search_term_string}"},"query-input":{"@type":"PropertyValueSpecification","valueRequired":true,"valueName":"search_term_string"}}],"inLanguage":"fr-FR"},{"@type":"Organization","@id":"https:\/\/geoclimate.ge\/#organization","name":"GeoClimate","url":"https:\/\/geoclimate.ge\/","logo":{"@type":"ImageObject","inLanguage":"fr-FR","@id":"https:\/\/geoclimate.ge\/#\/schema\/logo\/image\/","url":"https:\/\/geoclimate.ge\/wp-content\/uploads\/2026\/03\/geoclimate-SEO.png","contentUrl":"https:\/\/geoclimate.ge\/wp-content\/uploads\/2026\/03\/geoclimate-SEO.png","width":1536,"height":1024,"caption":"GeoClimate"},"image":{"@id":"https:\/\/geoclimate.ge\/#\/schema\/logo\/image\/"}}]}},"_links":{"self":[{"href":"https:\/\/geoclimate.ge\/fr\/wp-json\/wp\/v2\/product\/26100","targetHints":{"allow":["GET"]}}],"collection":[{"href":"https:\/\/geoclimate.ge\/fr\/wp-json\/wp\/v2\/product"}],"about":[{"href":"https:\/\/geoclimate.ge\/fr\/wp-json\/wp\/v2\/types\/product"}],"wp:featuredmedia":[{"embeddable":true,"href":"https:\/\/geoclimate.ge\/fr\/wp-json\/wp\/v2\/media\/26070"}],"wp:attachment":[{"href":"https:\/\/geoclimate.ge\/fr\/wp-json\/wp\/v2\/media?parent=26100"}],"wp:term":[{"taxonomy":"product_brand","embeddable":true,"href":"https:\/\/geoclimate.ge\/fr\/wp-json\/wp\/v2\/product_brand?post=26100"},{"taxonomy":"product_cat","embeddable":true,"href":"https:\/\/geoclimate.ge\/fr\/wp-json\/wp\/v2\/product_cat?post=26100"},{"taxonomy":"product_tag","embeddable":true,"href":"https:\/\/geoclimate.ge\/fr\/wp-json\/wp\/v2\/product_tag?post=26100"}],"curies":[{"name":"wp","href":"https:\/\/api.w.org\/{rel}","templated":true}]}}