{"id":26679,"date":"2024-01-22T21:00:57","date_gmt":"2024-01-22T17:00:57","guid":{"rendered":"https:\/\/airsystems.ge\/shop\/product\/trotec-ttk-170-s-condensation-dehumidifier\/"},"modified":"2025-04-05T12:08:40","modified_gmt":"2025-04-05T08:08:40","slug":"trotec-ttk-170-s-condensation-dehumidifier","status":"publish","type":"product","link":"https:\/\/geoclimate.ge\/fr\/produit\/trotec-ttk-170-s-condensation-dehumidifier\/","title":{"rendered":"Trotec TTK 170 S &#8211; d\u00e9shumidificateur \u00e0 condensation."},"content":{"rendered":"<section class=\"max-w-[1088px] mx-auto w-full px-5 my-10 md:my-12 lg:my-16 xl:my-20 xl:px-0\" data-block=\"bullet-list\">\n<div class=\"md:text-center\">\n<h3 class=\"text-black font-bold text-lg md:text-xl lg:text-2xl\">Caract\u00e9ristiques principales.<\/h3>\n<\/div>\n<div class=\"mt-6 md:mt-10\">\n<div class=\"flex flex-wrap\">\n<div class=\"w-full md:w-1\/2 auto-bullets md:pr-16\">\n<ul>\n<li class=\"text-sm md:text-base text-black mt-3 flex items-start\">\n<div class=\"pl-5\">Construction robuste pour une durabilit\u00e9 dans les environnements exigeants.<br \/>\nConception de chariot avec poign\u00e9e en barre et grandes roues pour un transport facile.<br \/>\nD\u00e9givrage au gaz chaud pour un fonctionnement efficace \u00e0 basse temp\u00e9rature.<br \/>\nR\u00e9frig\u00e9rant respectueux de l&rsquo;environnement (R290).<br \/>\nConvient pour la restauration des d\u00e9g\u00e2ts des eaux et le s\u00e9chage des nouveaux b\u00e2timents.<br \/>\nConstruit avec des mat\u00e9riaux de haute qualit\u00e9 pour une fiabilit\u00e9 \u00e0 long terme.<br \/>\nTechnologie de pompe \u00e0 chaleur avanc\u00e9e pour des performances optimis\u00e9es.<br \/>\n\u00c9vacuation des condensats pour un s\u00e9chage continu.<br \/>\nArr\u00eat automatique pour plus de confort et de s\u00e9curit\u00e9.<br \/>\nId\u00e9al pour une large gamme d&rsquo;applications, y compris les grands espaces et les environnements exigeants.<br \/>\nAutres options sur demande.<\/div>\n<\/li>\n<\/ul>\n<\/div>\n<\/div>\n<\/div>\n<\/section>\n<section class=\"max-w-[1088px] mx-auto w-full px-5 my-10 md:my-12 lg:my-16 xl:my-20 xl:px-0\" data-block=\"product-specifications\">\n<div class=\"md:text-center\">\n<h3 class=\"text-black font-bold text-lg md:text-xl lg:text-2xl\"><strong>Product specifications<\/strong><\/h3>\n<\/div>\n<div class=\" md:mt-10\">\n<div class=\"\">\n<div class=\"lg:mt-0 \">\n<div id=\"spec-ttk-170-s\" class=\"prose max-w-full md:overflow-auto\" data-spec-content=\"\">\n<div class=\"spreadsheet-container hidden md:block\">\n<table class=\"w-full table-fixed mb-0\">\n<thead>\n<tr>\n<th class=\"font-bold text-base\"><span class=\"block px-4\">Specifications<\/span><\/th>\n<th class=\"font-bold text-base text-center\"><span class=\"block px-10 md:px-20\">Units<\/span><\/th>\n<th class=\"font-bold text-base text-center will-change\"><span class=\"block px-4\">TTK\u00a0170\u00a0S<\/span><\/th>\n<\/tr>\n<\/thead>\n<tbody>\n<tr class=\"bg-grey-200\/50 p-2\">\n<td colspan=\"1\"><span class=\"block px-4\">Dehumidification capacity*<\/span><\/td>\n<td class=\"text-center\">\n<div class=\"px-10 md:px-20 flex items-center justify-center\">l\/24h<\/div>\n<\/td>\n<td class=\"text-center will-change\">\n<div class=\"px-10 md:px-20 flex items-center justify-center\">35.5<\/div>\n<\/td>\n<\/tr>\n<tr class=\" p-2\">\n<td colspan=\"1\"><span class=\"block px-4\">Specific energy consumption (SEC)*<\/span><\/td>\n<td class=\"text-center\">\n<div class=\"px-10 md:px-20 flex items-center justify-center\">kWh\/l<\/div>\n<\/td>\n<td class=\"text-center will-change\">\n<div class=\"px-10 md:px-20 flex items-center justify-center\">0.4<\/div>\n<\/td>\n<\/tr>\n<tr class=\"bg-grey-200\/50 p-2\">\n<td colspan=\"1\"><span class=\"block px-4\">Air flow<\/span><\/td>\n<td class=\"text-center\">\n<div class=\"px-10 md:px-20 flex items-center justify-center\">m<sup>3<\/sup>\/h<\/div>\n<\/td>\n<td class=\"text-center will-change\">\n<div class=\"px-10 md:px-20 flex items-center justify-center\">580<\/div>\n<\/td>\n<\/tr>\n<tr class=\" p-2\">\n<td colspan=\"1\"><span class=\"block px-4\">Operating temperature range<\/span><\/td>\n<td class=\"text-center\">\n<div class=\"px-10 md:px-20 flex items-center justify-center\">\u00b0C<\/div>\n<\/td>\n<td class=\"text-center will-change\">\n<div class=\"px-10 md:px-20 flex items-center justify-center\">5-32<\/div>\n<\/td>\n<\/tr>\n<tr class=\"bg-grey-200\/50 p-2\">\n<td colspan=\"1\"><span class=\"block px-4\">Operating humidity range<\/span><\/td>\n<td class=\"text-center\">\n<div class=\"px-10 md:px-20 flex items-center justify-center\">% RH<\/div>\n<\/td>\n<td class=\"text-center will-change\">\n<div class=\"px-10 md:px-20 flex items-center justify-center\">35-95<\/div>\n<\/td>\n<\/tr>\n<tr class=\" p-2\">\n<td colspan=\"1\"><span class=\"block px-4\">Max. power consumption<\/span><\/td>\n<td class=\"text-center\">\n<div class=\"px-10 md:px-20 flex items-center justify-center\">kW<\/div>\n<\/td>\n<td class=\"text-center will-change\">\n<div class=\"px-10 md:px-20 flex items-center justify-center\">0.6<\/div>\n<\/td>\n<\/tr>\n<tr class=\"bg-grey-200\/50 p-2\">\n<td colspan=\"1\"><span class=\"block px-4\">Power supply<\/span><\/td>\n<td class=\"text-center\">\n<div class=\"px-10 md:px-20 flex items-center justify-center\">V\/Hz<\/div>\n<\/td>\n<td class=\"text-center will-change\">\n<div class=\"px-10 md:px-20 flex items-center justify-center\">230\/50<\/div>\n<\/td>\n<\/tr>\n<tr class=\" p-2\">\n<td colspan=\"1\"><span class=\"block px-4\">Sound level<\/span><\/td>\n<td class=\"text-center\">\n<div class=\"px-10 md:px-20 flex items-center justify-center\">dB(A)<\/div>\n<\/td>\n<td class=\"text-center will-change\">\n<div class=\"px-10 md:px-20 flex items-center justify-center\">52<\/div>\n<\/td>\n<\/tr>\n<tr class=\"bg-grey-200\/50 p-2\">\n<td colspan=\"1\"><span class=\"block px-4\">Condensate tank<\/span><\/td>\n<td class=\"text-center\">\n<div class=\"px-10 md:px-20 flex items-center justify-center\">l<\/div>\n<\/td>\n<td class=\"text-center will-change\">\n<div class=\"px-10 md:px-20 flex items-center justify-center\">6<\/div>\n<\/td>\n<\/tr>\n<tr class=\" p-2\">\n<td colspan=\"1\"><span class=\"block px-4\">Power cord<\/span><\/td>\n<td class=\"text-center\">\n<div class=\"px-10 md:px-20 flex items-center justify-center\">m<\/div>\n<\/td>\n<td class=\"text-center will-change\">\n<div class=\"px-10 md:px-20 flex items-center justify-center\">3<\/div>\n<\/td>\n<\/tr>\n<tr class=\"bg-grey-200\/50 p-2\">\n<td colspan=\"1\"><span class=\"block px-4\">Refrigerant type\/amount<\/span><\/td>\n<td class=\"text-center\">\n<div class=\"px-10 md:px-20 flex items-center justify-center\">g<\/div>\n<\/td>\n<td class=\"text-center will-change\">\n<div class=\"px-10 md:px-20 flex items-center justify-center\">R290\/150<\/div>\n<\/td>\n<\/tr>\n<tr class=\" p-2\">\n<td colspan=\"1\"><span class=\"block px-4\">Product size (h x w x d)<\/span><\/td>\n<td class=\"text-center\">\n<div class=\"px-10 md:px-20 flex items-center justify-center\">mm<\/div>\n<\/td>\n<td class=\"text-center will-change\">\n<div class=\"px-10 md:px-20 flex items-center justify-center\">963 x 490 x 500<\/div>\n<\/td>\n<\/tr>\n<tr class=\"bg-grey-200\/50 p-2\">\n<td colspan=\"1\"><span class=\"block px-4\">Weight<\/span><\/td>\n<td class=\"text-center\">\n<div class=\"px-10 md:px-20 flex items-center justify-center\">kg<\/div>\n<\/td>\n<td class=\"text-center will-change\">\n<div class=\"px-10 md:px-20 flex items-center justify-center\">32<\/div>\n<\/td>\n<\/tr>\n<tr class=\" p-2\">\n<td colspan=\"3\"><span class=\"block px-4\">* 30\u00b0C\/80% RH<\/span><\/td>\n<\/tr>\n<\/tbody>\n<\/table>\n<\/div>\n<\/div>\n<\/div>\n<\/div>\n<\/div>\n<\/section>\n<section class=\"max-w-[1088px] mx-auto w-full px-5 my-10 md:my-12 lg:my-16 xl:my-20 xl:px-0\" data-block=\"link-list\">\n<div class=\"max-w-[1088px] mx-auto\">\n<div class=\"md:text-center\">\n<ul>\n<li class=\"flex items-center gap-5 text-sm text-black mt-3 md:text-base lg:text-lg\"><strong>Convient pour :<\/strong><\/li>\n<\/ul>\n<\/div>\n<div class=\"mt-6 max-w-4xl mx-auto\">\n<div class=\"flex flex-wrap md:ml-20\">\n<div class=\"w-full md:w-1\/2 auto-bullets md:pr-16\">\n<ul>\n<li class=\"flex items-center gap-5 text-sm text-black mt-3 md:text-base lg:text-lg\">B\u00e2timents commerciaux.<br \/>\nConstruction.<br \/>\nIndustrie, usines et production.<br \/>\nLoisirs et d\u00e9tente.<br \/>\nMilitaire et a\u00e9rospatial.<br \/>\nMus\u00e9es et galeries.<br \/>\nSoci\u00e9t\u00e9s de location.<br \/>\nB\u00e2timents r\u00e9sidentiels.<br \/>\nEntrep\u00f4ts et stockage.<br \/>\nRestauration des d\u00e9g\u00e2ts d&rsquo;eau.<\/li>\n<\/ul>\n<\/div>\n<\/div>\n<\/div>\n<\/div>\n<\/section>\n","protected":false},"excerpt":{"rendered":"<div class=\"max-w-4xl\">\n<div class=\"text-xl font-bold mt-1 md:mt-2\">\n<div class=\"max-w-4xl\">\n<div class=\"text-xl font-bold mt-1 md:mt-2\">\n<p>D\u00e9shumidificateurs commerciaux professionnels.<\/p>\n<p>Le TTK 170 S est un d\u00e9shumidificateur polyvalent adapt\u00e9 \u00e0 une large gamme d&rsquo;applications, notamment la restauration des d\u00e9g\u00e2ts des eaux, le s\u00e9chage des nouveaux b\u00e2timents et le maintien de conditions s\u00e8ches dans les grands espaces. Sa conception robuste et sa grande capacit\u00e9 de d\u00e9shumidification en font un choix fiable pour les environnements exigeants.<\/p>\n<p>Consultez d&rsquo;autres d\u00e9shumidificateurs \u00e0 condensation ou d\u00e9couvrez notre gamme compl\u00e8te de d\u00e9shumidificateurs commerciaux adapt\u00e9s \u00e0 de multiples applications.<\/p>\n<\/div>\n<\/div>\n<\/div>\n<\/div>\n","protected":false},"featured_media":26674,"template":"","meta":[],"product_brand":[],"product_cat":[412,416,500],"product_tag":[],"class_list":{"0":"post-26679","1":"product","2":"type-product","3":"status-publish","4":"has-post-thumbnail","6":"product_cat-climatisation-deshumidificateur-dair-ventilateur-fr-ventilation","7":"product_cat-deshumidificateurs","8":"product_cat-deshumidificateur-a-condensation-sechage","10":"first","11":"instock","12":"shipping-taxable","13":"product-type-simple"},"yoast_head":"<!-- This site is optimized with the Yoast SEO plugin v27.1.1 - https:\/\/yoast.com\/product\/yoast-seo-wordpress\/ -->\n<title>Trotec TTK 170 S - d\u00e9shumidificateur \u00e0 condensation. - GeoClimate.ge<\/title>\n<meta name=\"robots\" content=\"index, follow, max-snippet:-1, max-image-preview:large, max-video-preview:-1\" \/>\n<link rel=\"canonical\" href=\"https:\/\/geoclimate.ge\/fr\/produit\/trotec-ttk-170-s-condensation-dehumidifier\/\" \/>\n<meta property=\"og:locale\" content=\"fr_FR\" \/>\n<meta property=\"og:type\" content=\"article\" \/>\n<meta property=\"og:title\" content=\"Trotec TTK 170 S - d\u00e9shumidificateur \u00e0 condensation. - GeoClimate.ge\" \/>\n<meta property=\"og:description\" content=\"D\u00e9shumidificateurs commerciaux professionnels.  Le TTK 170 S est un d\u00e9shumidificateur polyvalent adapt\u00e9 \u00e0 une large gamme d&#039;applications, notamment la restauration des d\u00e9g\u00e2ts des eaux, le s\u00e9chage des nouveaux b\u00e2timents et le maintien de conditions s\u00e8ches dans les grands espaces. Sa conception robuste et sa grande capacit\u00e9 de d\u00e9shumidification en font un choix fiable pour les environnements exigeants.  Consultez d&#039;autres d\u00e9shumidificateurs \u00e0 condensation ou d\u00e9couvrez notre gamme compl\u00e8te de d\u00e9shumidificateurs commerciaux adapt\u00e9s \u00e0 de multiples applications.\" \/>\n<meta property=\"og:url\" content=\"https:\/\/geoclimate.ge\/fr\/produit\/trotec-ttk-170-s-condensation-dehumidifier\/\" \/>\n<meta property=\"og:site_name\" content=\"GeoClimate.ge\" \/>\n<meta property=\"article:modified_time\" content=\"2025-04-05T08:08:40+00:00\" \/>\n<meta property=\"og:image\" content=\"https:\/\/geoclimate.ge\/wp-content\/uploads\/2025\/04\/TROTEC-TTK-170-S-main-web.png\" \/>\n\t<meta property=\"og:image:width\" content=\"1000\" \/>\n\t<meta property=\"og:image:height\" content=\"1000\" \/>\n\t<meta property=\"og:image:type\" content=\"image\/png\" \/>\n<meta name=\"twitter:card\" content=\"summary_large_image\" \/>\n<meta name=\"twitter:label1\" content=\"Dur\u00e9e de lecture estim\u00e9e\" \/>\n\t<meta name=\"twitter:data1\" content=\"1 minute\" \/>\n<script type=\"application\/ld+json\" class=\"yoast-schema-graph\">{\"@context\":\"https:\/\/schema.org\",\"@graph\":[{\"@type\":\"WebPage\",\"@id\":\"https:\/\/geoclimate.ge\/fr\/produit\/trotec-ttk-170-s-condensation-dehumidifier\/\",\"url\":\"https:\/\/geoclimate.ge\/fr\/produit\/trotec-ttk-170-s-condensation-dehumidifier\/\",\"name\":\"Trotec TTK 170 S - d\u00e9shumidificateur \u00e0 condensation. - GeoClimate.ge\",\"isPartOf\":{\"@id\":\"https:\/\/geoclimate.ge\/#website\"},\"primaryImageOfPage\":{\"@id\":\"https:\/\/geoclimate.ge\/fr\/produit\/trotec-ttk-170-s-condensation-dehumidifier\/#primaryimage\"},\"image\":{\"@id\":\"https:\/\/geoclimate.ge\/fr\/produit\/trotec-ttk-170-s-condensation-dehumidifier\/#primaryimage\"},\"thumbnailUrl\":\"https:\/\/geoclimate.ge\/wp-content\/uploads\/2025\/04\/TROTEC-TTK-170-S-main-web.png\",\"datePublished\":\"2024-01-22T17:00:57+00:00\",\"dateModified\":\"2025-04-05T08:08:40+00:00\",\"breadcrumb\":{\"@id\":\"https:\/\/geoclimate.ge\/fr\/produit\/trotec-ttk-170-s-condensation-dehumidifier\/#breadcrumb\"},\"inLanguage\":\"fr-FR\",\"potentialAction\":[{\"@type\":\"ReadAction\",\"target\":[\"https:\/\/geoclimate.ge\/fr\/produit\/trotec-ttk-170-s-condensation-dehumidifier\/\"]}]},{\"@type\":\"ImageObject\",\"inLanguage\":\"fr-FR\",\"@id\":\"https:\/\/geoclimate.ge\/fr\/produit\/trotec-ttk-170-s-condensation-dehumidifier\/#primaryimage\",\"url\":\"https:\/\/geoclimate.ge\/wp-content\/uploads\/2025\/04\/TROTEC-TTK-170-S-main-web.png\",\"contentUrl\":\"https:\/\/geoclimate.ge\/wp-content\/uploads\/2025\/04\/TROTEC-TTK-170-S-main-web.png\",\"width\":1000,\"height\":1000},{\"@type\":\"BreadcrumbList\",\"@id\":\"https:\/\/geoclimate.ge\/fr\/produit\/trotec-ttk-170-s-condensation-dehumidifier\/#breadcrumb\",\"itemListElement\":[{\"@type\":\"ListItem\",\"position\":1,\"name\":\"Home\",\"item\":\"https:\/\/geoclimate.ge\/fr\/\"},{\"@type\":\"ListItem\",\"position\":2,\"name\":\"Products\",\"item\":\"https:\/\/geoclimate.ge\/fr\/products\/\"},{\"@type\":\"ListItem\",\"position\":3,\"name\":\"Trotec TTK 170 S &#8211; d\u00e9shumidificateur \u00e0 condensation.\"}]},{\"@type\":\"WebSite\",\"@id\":\"https:\/\/geoclimate.ge\/#website\",\"url\":\"https:\/\/geoclimate.ge\/\",\"name\":\"GeoClimate\",\"description\":\"\",\"publisher\":{\"@id\":\"https:\/\/geoclimate.ge\/#organization\"},\"potentialAction\":[{\"@type\":\"SearchAction\",\"target\":{\"@type\":\"EntryPoint\",\"urlTemplate\":\"https:\/\/geoclimate.ge\/?s={search_term_string}\"},\"query-input\":{\"@type\":\"PropertyValueSpecification\",\"valueRequired\":true,\"valueName\":\"search_term_string\"}}],\"inLanguage\":\"fr-FR\"},{\"@type\":\"Organization\",\"@id\":\"https:\/\/geoclimate.ge\/#organization\",\"name\":\"GeoClimate\",\"url\":\"https:\/\/geoclimate.ge\/\",\"logo\":{\"@type\":\"ImageObject\",\"inLanguage\":\"fr-FR\",\"@id\":\"https:\/\/geoclimate.ge\/#\/schema\/logo\/image\/\",\"url\":\"https:\/\/geoclimate.ge\/wp-content\/uploads\/2026\/03\/geoclimate-SEO.png\",\"contentUrl\":\"https:\/\/geoclimate.ge\/wp-content\/uploads\/2026\/03\/geoclimate-SEO.png\",\"width\":1536,\"height\":1024,\"caption\":\"GeoClimate\"},\"image\":{\"@id\":\"https:\/\/geoclimate.ge\/#\/schema\/logo\/image\/\"}}]}<\/script>\n<!-- \/ Yoast SEO plugin. -->","yoast_head_json":{"title":"Trotec TTK 170 S - d\u00e9shumidificateur \u00e0 condensation. - GeoClimate.ge","robots":{"index":"index","follow":"follow","max-snippet":"max-snippet:-1","max-image-preview":"max-image-preview:large","max-video-preview":"max-video-preview:-1"},"canonical":"https:\/\/geoclimate.ge\/fr\/produit\/trotec-ttk-170-s-condensation-dehumidifier\/","og_locale":"fr_FR","og_type":"article","og_title":"Trotec TTK 170 S - d\u00e9shumidificateur \u00e0 condensation. - GeoClimate.ge","og_description":"D\u00e9shumidificateurs commerciaux professionnels.  Le TTK 170 S est un d\u00e9shumidificateur polyvalent adapt\u00e9 \u00e0 une large gamme d'applications, notamment la restauration des d\u00e9g\u00e2ts des eaux, le s\u00e9chage des nouveaux b\u00e2timents et le maintien de conditions s\u00e8ches dans les grands espaces. Sa conception robuste et sa grande capacit\u00e9 de d\u00e9shumidification en font un choix fiable pour les environnements exigeants.  Consultez d'autres d\u00e9shumidificateurs \u00e0 condensation ou d\u00e9couvrez notre gamme compl\u00e8te de d\u00e9shumidificateurs commerciaux adapt\u00e9s \u00e0 de multiples applications.","og_url":"https:\/\/geoclimate.ge\/fr\/produit\/trotec-ttk-170-s-condensation-dehumidifier\/","og_site_name":"GeoClimate.ge","article_modified_time":"2025-04-05T08:08:40+00:00","og_image":[{"width":1000,"height":1000,"url":"https:\/\/geoclimate.ge\/wp-content\/uploads\/2025\/04\/TROTEC-TTK-170-S-main-web.png","type":"image\/png"}],"twitter_card":"summary_large_image","twitter_misc":{"Dur\u00e9e de lecture estim\u00e9e":"1 minute"},"schema":{"@context":"https:\/\/schema.org","@graph":[{"@type":"WebPage","@id":"https:\/\/geoclimate.ge\/fr\/produit\/trotec-ttk-170-s-condensation-dehumidifier\/","url":"https:\/\/geoclimate.ge\/fr\/produit\/trotec-ttk-170-s-condensation-dehumidifier\/","name":"Trotec TTK 170 S - d\u00e9shumidificateur \u00e0 condensation. - GeoClimate.ge","isPartOf":{"@id":"https:\/\/geoclimate.ge\/#website"},"primaryImageOfPage":{"@id":"https:\/\/geoclimate.ge\/fr\/produit\/trotec-ttk-170-s-condensation-dehumidifier\/#primaryimage"},"image":{"@id":"https:\/\/geoclimate.ge\/fr\/produit\/trotec-ttk-170-s-condensation-dehumidifier\/#primaryimage"},"thumbnailUrl":"https:\/\/geoclimate.ge\/wp-content\/uploads\/2025\/04\/TROTEC-TTK-170-S-main-web.png","datePublished":"2024-01-22T17:00:57+00:00","dateModified":"2025-04-05T08:08:40+00:00","breadcrumb":{"@id":"https:\/\/geoclimate.ge\/fr\/produit\/trotec-ttk-170-s-condensation-dehumidifier\/#breadcrumb"},"inLanguage":"fr-FR","potentialAction":[{"@type":"ReadAction","target":["https:\/\/geoclimate.ge\/fr\/produit\/trotec-ttk-170-s-condensation-dehumidifier\/"]}]},{"@type":"ImageObject","inLanguage":"fr-FR","@id":"https:\/\/geoclimate.ge\/fr\/produit\/trotec-ttk-170-s-condensation-dehumidifier\/#primaryimage","url":"https:\/\/geoclimate.ge\/wp-content\/uploads\/2025\/04\/TROTEC-TTK-170-S-main-web.png","contentUrl":"https:\/\/geoclimate.ge\/wp-content\/uploads\/2025\/04\/TROTEC-TTK-170-S-main-web.png","width":1000,"height":1000},{"@type":"BreadcrumbList","@id":"https:\/\/geoclimate.ge\/fr\/produit\/trotec-ttk-170-s-condensation-dehumidifier\/#breadcrumb","itemListElement":[{"@type":"ListItem","position":1,"name":"Home","item":"https:\/\/geoclimate.ge\/fr\/"},{"@type":"ListItem","position":2,"name":"Products","item":"https:\/\/geoclimate.ge\/fr\/products\/"},{"@type":"ListItem","position":3,"name":"Trotec TTK 170 S &#8211; d\u00e9shumidificateur \u00e0 condensation."}]},{"@type":"WebSite","@id":"https:\/\/geoclimate.ge\/#website","url":"https:\/\/geoclimate.ge\/","name":"GeoClimate","description":"","publisher":{"@id":"https:\/\/geoclimate.ge\/#organization"},"potentialAction":[{"@type":"SearchAction","target":{"@type":"EntryPoint","urlTemplate":"https:\/\/geoclimate.ge\/?s={search_term_string}"},"query-input":{"@type":"PropertyValueSpecification","valueRequired":true,"valueName":"search_term_string"}}],"inLanguage":"fr-FR"},{"@type":"Organization","@id":"https:\/\/geoclimate.ge\/#organization","name":"GeoClimate","url":"https:\/\/geoclimate.ge\/","logo":{"@type":"ImageObject","inLanguage":"fr-FR","@id":"https:\/\/geoclimate.ge\/#\/schema\/logo\/image\/","url":"https:\/\/geoclimate.ge\/wp-content\/uploads\/2026\/03\/geoclimate-SEO.png","contentUrl":"https:\/\/geoclimate.ge\/wp-content\/uploads\/2026\/03\/geoclimate-SEO.png","width":1536,"height":1024,"caption":"GeoClimate"},"image":{"@id":"https:\/\/geoclimate.ge\/#\/schema\/logo\/image\/"}}]}},"_links":{"self":[{"href":"https:\/\/geoclimate.ge\/fr\/wp-json\/wp\/v2\/product\/26679","targetHints":{"allow":["GET"]}}],"collection":[{"href":"https:\/\/geoclimate.ge\/fr\/wp-json\/wp\/v2\/product"}],"about":[{"href":"https:\/\/geoclimate.ge\/fr\/wp-json\/wp\/v2\/types\/product"}],"wp:featuredmedia":[{"embeddable":true,"href":"https:\/\/geoclimate.ge\/fr\/wp-json\/wp\/v2\/media\/26674"}],"wp:attachment":[{"href":"https:\/\/geoclimate.ge\/fr\/wp-json\/wp\/v2\/media?parent=26679"}],"wp:term":[{"taxonomy":"product_brand","embeddable":true,"href":"https:\/\/geoclimate.ge\/fr\/wp-json\/wp\/v2\/product_brand?post=26679"},{"taxonomy":"product_cat","embeddable":true,"href":"https:\/\/geoclimate.ge\/fr\/wp-json\/wp\/v2\/product_cat?post=26679"},{"taxonomy":"product_tag","embeddable":true,"href":"https:\/\/geoclimate.ge\/fr\/wp-json\/wp\/v2\/product_tag?post=26679"}],"curies":[{"name":"wp","href":"https:\/\/api.w.org\/{rel}","templated":true}]}}