{"id":27181,"date":"2024-01-22T19:59:59","date_gmt":"2024-01-22T15:59:59","guid":{"rendered":"https:\/\/airsystems.ge\/shop\/product\/trotec-ttr-160-desiccant-dehumidifier\/"},"modified":"2025-04-05T17:09:24","modified_gmt":"2025-04-05T13:09:24","slug":"trotec-ttr-160-desiccant-dehumidifier","status":"publish","type":"product","link":"https:\/\/geoclimate.ge\/fr\/produit\/trotec-ttr-160-desiccant-dehumidifier\/","title":{"rendered":"Trotec TTR 160 \u2013 D\u00e9shumidificateur \u00e0 adsorption"},"content":{"rendered":"<section class=\"max-w-[1088px] mx-auto w-full px-5 my-10 md:my-12 lg:my-16 xl:my-20 xl:px-0\" data-block=\"bullet-list\">\n<div class=\"md:text-center\">\n<h3 class=\"text-black font-bold text-lg md:text-xl lg:text-2xl\">Caract\u00e9ristiques principales<\/h3>\n<\/div>\n<div class=\"mt-6 md:mt-10\">\n<div class=\"flex flex-wrap\">\n<div class=\"w-full md:w-1\/2 auto-bullets md:pr-16\">\n<ul>\n<li class=\"text-sm md:text-base text-black mt-3 flex items-start\">\n<div class=\"pl-5\">Bo\u00eetier en acier inoxydable r\u00e9sistant \u00e0 la corrosion<br \/>\nRotor \u00e0 sorption de gel de silice lavable<br \/>\nR\u00e9cup\u00e9ration de chaleur int\u00e9gr\u00e9e<br \/>\nChauffage PTC autor\u00e9gul\u00e9 sans risque de surchauffe<br \/>\nAmp\u00e8rem\u00e8tre et compteur d&rsquo;heures de fonctionnement int\u00e9gr\u00e9s<br \/>\nCompteur de kWh conforme \u00e0 la norme MID en option<br \/>\nConception empilable pour un gain de place<\/div>\n<\/li>\n<\/ul>\n<\/div>\n<\/div>\n<\/div>\n<\/section>\n<section class=\"max-w-[1088px] mx-auto w-full px-5 my-10 md:my-12 lg:my-16 xl:my-20 xl:px-0\" data-block=\"product-specifications\">\n<div class=\"md:text-center\">\n<h3 class=\"text-black font-bold text-lg md:text-xl lg:text-2xl\"><strong>Product specifications<\/strong><\/h3>\n<\/div>\n<div class=\" md:mt-10\">\n<div class=\"\">\n<div class=\"lg:mt-0 \">\n<div id=\"spec-ttr-160\" class=\"prose max-w-full md:overflow-auto\" data-spec-content=\"\">\n<div class=\"spreadsheet-container hidden md:block\">\n<table class=\"w-full table-fixed mb-0\">\n<thead>\n<tr>\n<th class=\"font-bold text-base\"><span class=\"block px-4\">Specifications<\/span><\/th>\n<th class=\"font-bold text-base text-center\"><span class=\"block px-10 md:px-20\">Units<\/span><\/th>\n<th class=\"font-bold text-base text-center will-change\"><span class=\"block px-4\">TTR\u00a0160<\/span><\/th>\n<\/tr>\n<\/thead>\n<tbody>\n<tr class=\"bg-grey-200\/50 p-2\">\n<td colspan=\"1\"><span class=\"block px-4\">Capacity (20\u00b0C\/60% RH)<\/span><\/td>\n<td class=\"text-center\">\n<div class=\"px-10 md:px-20 flex items-center justify-center\">kg\/h<\/div>\n<\/td>\n<td class=\"text-center will-change\">\n<div class=\"px-10 md:px-20 flex items-center justify-center\">0.5<\/div>\n<\/td>\n<\/tr>\n<tr class=\" p-2\">\n<td colspan=\"1\"><span class=\"block px-4\">Dry air range<\/span><\/td>\n<td class=\"text-center\">\n<div class=\"px-10 md:px-20 flex items-center justify-center\">m\u00b3\/h<\/div>\n<\/td>\n<td class=\"text-center will-change\">\n<div class=\"px-10 md:px-20 flex items-center justify-center\">60 &#8211; 160<\/div>\n<\/td>\n<\/tr>\n<tr class=\"bg-grey-200\/50 p-2\">\n<td colspan=\"1\"><span class=\"block px-4\">Dry air volume nominal<\/span><\/td>\n<td class=\"text-center\">\n<div class=\"px-10 md:px-20 flex items-center justify-center\">m\u00b3\/h<\/div>\n<\/td>\n<td class=\"text-center will-change\">\n<div class=\"px-10 md:px-20 flex items-center justify-center\">155<\/div>\n<\/td>\n<\/tr>\n<tr class=\" p-2\">\n<td colspan=\"1\"><span class=\"block px-4\">Available pressure<\/span><\/td>\n<td class=\"text-center\">\n<div class=\"px-10 md:px-20 flex items-center justify-center\">Pa<\/div>\n<\/td>\n<td class=\"text-center will-change\">\n<div class=\"px-10 md:px-20 flex items-center justify-center\">50<\/div>\n<\/td>\n<\/tr>\n<tr class=\"bg-grey-200\/50 p-2\">\n<td colspan=\"1\"><span class=\"block px-4\">Regeneration air flow<\/span><\/td>\n<td class=\"text-center\">\n<div class=\"px-10 md:px-20 flex items-center justify-center\">m\u00b3\/h<\/div>\n<\/td>\n<td class=\"text-center will-change\">\n<div class=\"px-10 md:px-20 flex items-center justify-center\">35<\/div>\n<\/td>\n<\/tr>\n<tr class=\" p-2\">\n<td colspan=\"1\"><span class=\"block px-4\">Available pressure<\/span><\/td>\n<td class=\"text-center\">\n<div class=\"px-10 md:px-20 flex items-center justify-center\">Pa<\/div>\n<\/td>\n<td class=\"text-center will-change\">\n<div class=\"px-10 md:px-20 flex items-center justify-center\">25<\/div>\n<\/td>\n<\/tr>\n<tr class=\"bg-grey-200\/50 p-2\">\n<td colspan=\"1\"><span class=\"block px-4\">Operating temperature range<\/span><\/td>\n<td class=\"text-center\">\n<div class=\"px-10 md:px-20 flex items-center justify-center\">\u00b0C<\/div>\n<\/td>\n<td class=\"text-center will-change\">\n<div class=\"px-10 md:px-20 flex items-center justify-center\">-20 &#8211; +35<\/div>\n<\/td>\n<\/tr>\n<tr class=\" p-2\">\n<td colspan=\"1\"><span class=\"block px-4\">Operating humidity range<\/span><\/td>\n<td class=\"text-center\">\n<div class=\"px-10 md:px-20 flex items-center justify-center\">% RH<\/div>\n<\/td>\n<td class=\"text-center will-change\">\n<div class=\"px-10 md:px-20 flex items-center justify-center\">0 &#8211; 100<\/div>\n<\/td>\n<\/tr>\n<tr class=\"bg-grey-200\/50 p-2\">\n<td colspan=\"1\"><span class=\"block px-4\">Power supply<\/span><\/td>\n<td class=\"text-center\">\n<div class=\"px-10 md:px-20 flex items-center justify-center\">V\/Hz<\/div>\n<\/td>\n<td class=\"text-center will-change\">\n<div class=\"px-10 md:px-20 flex items-center justify-center\">230\/1ph\/50-60<\/div>\n<\/td>\n<\/tr>\n<tr class=\" p-2\">\n<td colspan=\"1\"><span class=\"block px-4\">Power input total<\/span><\/td>\n<td class=\"text-center\">\n<div class=\"px-10 md:px-20 flex items-center justify-center\">kW<\/div>\n<\/td>\n<td class=\"text-center will-change\">\n<div class=\"px-10 md:px-20 flex items-center justify-center\">0.65<\/div>\n<\/td>\n<\/tr>\n<tr class=\"bg-grey-200\/50 p-2\">\n<td colspan=\"1\"><span class=\"block px-4\">Power input heating<\/span><\/td>\n<td class=\"text-center\">\n<div class=\"px-10 md:px-20 flex items-center justify-center\">kW<\/div>\n<\/td>\n<td class=\"text-center will-change\">\n<div class=\"px-10 md:px-20 flex items-center justify-center\">0.6<\/div>\n<\/td>\n<\/tr>\n<tr class=\" p-2\">\n<td colspan=\"1\"><span class=\"block px-4\">Sound level @1m<\/span><\/td>\n<td class=\"text-center\">\n<div class=\"px-10 md:px-20 flex items-center justify-center\">dB(A)<\/div>\n<\/td>\n<td class=\"text-center will-change\">\n<div class=\"px-10 md:px-20 flex items-center justify-center\">56<\/div>\n<\/td>\n<\/tr>\n<tr class=\"bg-grey-200\/50 p-2\">\n<td colspan=\"1\"><span class=\"block px-4\">Connections dry air outlet<\/span><\/td>\n<td class=\"text-center\">\n<div class=\"px-10 md:px-20 flex items-center justify-center\">\u00d8mm<\/div>\n<\/td>\n<td class=\"text-center will-change\">\n<div class=\"px-10 md:px-20 flex items-center justify-center\">100<\/div>\n<\/td>\n<\/tr>\n<tr class=\" p-2\">\n<td colspan=\"1\"><span class=\"block px-4\">Connections humid air outlet<\/span><\/td>\n<td class=\"text-center\">\n<div class=\"px-10 md:px-20 flex items-center justify-center\">\u00d8mm<\/div>\n<\/td>\n<td class=\"text-center will-change\">\n<div class=\"px-10 md:px-20 flex items-center justify-center\">63<\/div>\n<\/td>\n<\/tr>\n<tr class=\"bg-grey-200\/50 p-2\">\n<td colspan=\"1\"><span class=\"block px-4\">Product size (l x w x h)<\/span><\/td>\n<td class=\"text-center\">\n<div class=\"px-10 md:px-20 flex items-center justify-center\">mm<\/div>\n<\/td>\n<td class=\"text-center will-change\">\n<div class=\"px-10 md:px-20 flex items-center justify-center\">375 x 300 x 385<\/div>\n<\/td>\n<\/tr>\n<tr class=\" p-2\">\n<td colspan=\"1\"><span class=\"block px-4\">Weight<\/span><\/td>\n<td class=\"text-center\">\n<div class=\"px-10 md:px-20 flex items-center justify-center\">kg<\/div>\n<\/td>\n<td class=\"text-center will-change\">\n<div class=\"px-10 md:px-20 flex items-center justify-center\">14<\/div>\n<\/td>\n<\/tr>\n<\/tbody>\n<\/table>\n<\/div>\n<\/div>\n<\/div>\n<\/div>\n<\/div>\n<\/section>\n<section class=\"max-w-[1088px] mx-auto w-full px-5 my-10 md:my-12 lg:my-16 xl:my-20 xl:px-0\" data-block=\"link-list\">\n<div class=\"max-w-[1088px] mx-auto\">\n<div class=\"md:text-center\">\n<ul>\n<li class=\"flex items-center gap-5 text-sm text-black mt-3 md:text-base lg:text-lg\"><strong>Convient pour\u00a0:<\/strong><\/li>\n<\/ul>\n<\/div>\n<div class=\"mt-6 max-w-4xl mx-auto\">\n<div class=\"flex flex-wrap md:ml-20\">\n<div class=\"w-full md:w-1\/2 auto-bullets md:pr-16\">\n<ul>\n<li class=\"flex items-center gap-5 text-sm text-black mt-3 md:text-base lg:text-lg\">B\u00e2timents commerciaux<br \/>\nConstruction<br \/>\nIndustrie, usines et production<br \/>\nMus\u00e9es et galeries<br \/>\nSoci\u00e9t\u00e9s de location<br \/>\nImmeubles r\u00e9sidentiels<br \/>\nEntrep\u00f4ts et stockage<br \/>\nR\u00e9paration apr\u00e8s d\u00e9g\u00e2ts des eaux<br \/>\nR\u00e9seaux d&rsquo;eau<\/li>\n<\/ul>\n<\/div>\n<\/div>\n<\/div>\n<\/div>\n<\/section>\n<section class=\"max-w-[1088px] mx-auto w-full px-5 my-10 md:my-12 lg:my-16 xl:my-20 xl:px-0\" data-block=\"related-downloads\">\n<div class=\"md:text-center\">\n<h3 class=\"text-black font-bold text-lg md:text-xl lg:text-2xl\"><strong>Useful downloads<\/strong><\/h3>\n<\/div>\n<div class=\"mt-6 md:mt-10\">\n<div class=\"flex flex-col md:flex-row md:flex-wrap md:justify-center\">\n<div class=\"mb-4 md:mb-8 w-full md:w-1\/2 md:px-4\">\n<div class=\"p-4 md:p-5 h-full flex md:items-center border border-grey-300\">\n<div class=\"mt-1.5 md:mt-0 w-6 md:w-10\"><a href=\"https:\/\/www.danthermgroup.com\/downloads\/dantherm-group-professional-portable-catalogue\" target=\"_blank\" rel=\"nofollow noindex noopener\"><img decoding=\"async\" class=\"lazyload h-8 md:h-14 w-auto object-contain\" src=\"https:\/\/dantherm-group-cdn.s3.amazonaws.com\/media\/icons\/download-catalog.svg\" alt=\"Download catalog\" height=\"56\" \/><\/a><\/div>\n<div class=\"flex-1 pl-4 md:px-8\">\n<h2 class=\"font-bold text-sm md:text-lg\"><a class=\"underline underline-offset-2 decoration-transparent transition duration-300 ease-linear hover:decoration-black\" href=\"https:\/\/www.danthermgroup.com\/downloads\/dantherm-group-professional-portable-catalogue\" target=\"_blank\" rel=\"nofollow noindex noopener\">Dantherm Group Catalogue \u2013 Professional Portable Solutions<\/a><\/h2>\n<div class=\"prose text-grey-500 text-sm\">Catalogs<\/div>\n<\/div>\n<\/div>\n<\/div>\n<\/div>\n<\/div>\n<\/section>\n","protected":false},"excerpt":{"rendered":"<div class=\"max-w-4xl\">\n<div class=\"text-xl font-bold mt-1 md:mt-2\">\n<p>D\u00e9shumidificateur \u00e0 adsorption industriel<\/p>\n<p>Le TTR 160 est un d\u00e9shumidificateur \u00e0 adsorption tr\u00e8s fiable, fabriqu\u00e9 dans un bo\u00eetier en acier inoxydable r\u00e9sistant \u00e0 la corrosion. Cet appareil de fabrication allemande assure un contr\u00f4le efficace de l&rsquo;humidit\u00e9 dans les zones de production, les espaces de stockage et les environnements sensibles \u00e0 l&rsquo;humidit\u00e9. Non seulement il offre des performances de d\u00e9shumidification \u00e9lev\u00e9es, m\u00eame \u00e0 des points de ros\u00e9e bas, mais sa construction durable offre \u00e9galement une r\u00e9sistance \u00e0 la corrosion et des propri\u00e9t\u00e9s hygi\u00e9niques remarquables. Le TTR 160 est adapt\u00e9 aux environnements soumis \u00e0 des normes d&rsquo;hygi\u00e8ne strictes et aux atmosph\u00e8res difficiles, gr\u00e2ce \u00e0 ses fonctionnalit\u00e9s telles qu&rsquo;un rotor \u00e0 sorption de gel de silice lavable, un r\u00e9cup\u00e9rateur de chaleur, un chauffage PTC, et bien plus encore.<\/p>\n<p>Contactez notre \u00e9quipe pour discuter du d\u00e9shumidificateur \u00e0 adsorption ou du type de d\u00e9shumidificateur commercial le mieux adapt\u00e9 \u00e0 votre usage.<\/p>\n<\/div>\n<\/div>\n","protected":false},"featured_media":27171,"template":"","meta":[],"product_brand":[],"product_cat":[412,416,495],"product_tag":[],"class_list":{"0":"post-27181","1":"product","2":"type-product","3":"status-publish","4":"has-post-thumbnail","6":"product_cat-climatisation-deshumidificateur-dair-ventilateur-fr-ventilation","7":"product_cat-deshumidificateurs","8":"product_cat-deshumidificateurs-deshydratants-adsorption","10":"first","11":"instock","12":"shipping-taxable","13":"purchasable","14":"product-type-simple"},"yoast_head":"<!-- This site is optimized with the Yoast SEO plugin v27.1.1 - https:\/\/yoast.com\/product\/yoast-seo-wordpress\/ -->\n<title>Trotec TTR 160 \u2013 D\u00e9shumidificateur \u00e0 adsorption - GeoClimate.ge<\/title>\n<meta name=\"robots\" content=\"index, follow, max-snippet:-1, max-image-preview:large, max-video-preview:-1\" \/>\n<link rel=\"canonical\" href=\"https:\/\/geoclimate.ge\/fr\/produit\/trotec-ttr-160-desiccant-dehumidifier\/\" \/>\n<meta property=\"og:locale\" content=\"fr_FR\" \/>\n<meta property=\"og:type\" content=\"article\" \/>\n<meta property=\"og:title\" content=\"Trotec TTR 160 \u2013 D\u00e9shumidificateur \u00e0 adsorption - GeoClimate.ge\" \/>\n<meta property=\"og:description\" content=\"D\u00e9shumidificateur \u00e0 adsorption industriel  Le TTR 160 est un d\u00e9shumidificateur \u00e0 adsorption tr\u00e8s fiable, fabriqu\u00e9 dans un bo\u00eetier en acier inoxydable r\u00e9sistant \u00e0 la corrosion. Cet appareil de fabrication allemande assure un contr\u00f4le efficace de l&#039;humidit\u00e9 dans les zones de production, les espaces de stockage et les environnements sensibles \u00e0 l&#039;humidit\u00e9. Non seulement il offre des performances de d\u00e9shumidification \u00e9lev\u00e9es, m\u00eame \u00e0 des points de ros\u00e9e bas, mais sa construction durable offre \u00e9galement une r\u00e9sistance \u00e0 la corrosion et des propri\u00e9t\u00e9s hygi\u00e9niques remarquables. Le TTR 160 est adapt\u00e9 aux environnements soumis \u00e0 des normes d&#039;hygi\u00e8ne strictes et aux atmosph\u00e8res difficiles, gr\u00e2ce \u00e0 ses fonctionnalit\u00e9s telles qu&#039;un rotor \u00e0 sorption de gel de silice lavable, un r\u00e9cup\u00e9rateur de chaleur, un chauffage PTC, et bien plus encore.  Contactez notre \u00e9quipe pour discuter du d\u00e9shumidificateur \u00e0 adsorption ou du type de d\u00e9shumidificateur commercial le mieux adapt\u00e9 \u00e0 votre usage.\" \/>\n<meta property=\"og:url\" content=\"https:\/\/geoclimate.ge\/fr\/produit\/trotec-ttr-160-desiccant-dehumidifier\/\" \/>\n<meta property=\"og:site_name\" content=\"GeoClimate.ge\" \/>\n<meta property=\"article:modified_time\" content=\"2025-04-05T13:09:24+00:00\" \/>\n<meta property=\"og:image\" content=\"https:\/\/geoclimate.ge\/wp-content\/uploads\/2025\/04\/Trotec-TTR-160-perspective-right.jpg\" \/>\n\t<meta property=\"og:image:width\" content=\"1000\" \/>\n\t<meta property=\"og:image:height\" content=\"1000\" \/>\n\t<meta property=\"og:image:type\" content=\"image\/jpeg\" \/>\n<meta name=\"twitter:card\" content=\"summary_large_image\" \/>\n<meta name=\"twitter:label1\" content=\"Dur\u00e9e de lecture estim\u00e9e\" \/>\n\t<meta name=\"twitter:data1\" content=\"1 minute\" \/>\n<script type=\"application\/ld+json\" class=\"yoast-schema-graph\">{\"@context\":\"https:\/\/schema.org\",\"@graph\":[{\"@type\":\"WebPage\",\"@id\":\"https:\/\/geoclimate.ge\/fr\/produit\/trotec-ttr-160-desiccant-dehumidifier\/\",\"url\":\"https:\/\/geoclimate.ge\/fr\/produit\/trotec-ttr-160-desiccant-dehumidifier\/\",\"name\":\"Trotec TTR 160 \u2013 D\u00e9shumidificateur \u00e0 adsorption - GeoClimate.ge\",\"isPartOf\":{\"@id\":\"https:\/\/geoclimate.ge\/#website\"},\"primaryImageOfPage\":{\"@id\":\"https:\/\/geoclimate.ge\/fr\/produit\/trotec-ttr-160-desiccant-dehumidifier\/#primaryimage\"},\"image\":{\"@id\":\"https:\/\/geoclimate.ge\/fr\/produit\/trotec-ttr-160-desiccant-dehumidifier\/#primaryimage\"},\"thumbnailUrl\":\"https:\/\/geoclimate.ge\/wp-content\/uploads\/2025\/04\/Trotec-TTR-160-perspective-right.jpg\",\"datePublished\":\"2024-01-22T15:59:59+00:00\",\"dateModified\":\"2025-04-05T13:09:24+00:00\",\"breadcrumb\":{\"@id\":\"https:\/\/geoclimate.ge\/fr\/produit\/trotec-ttr-160-desiccant-dehumidifier\/#breadcrumb\"},\"inLanguage\":\"fr-FR\",\"potentialAction\":[{\"@type\":\"ReadAction\",\"target\":[\"https:\/\/geoclimate.ge\/fr\/produit\/trotec-ttr-160-desiccant-dehumidifier\/\"]}]},{\"@type\":\"ImageObject\",\"inLanguage\":\"fr-FR\",\"@id\":\"https:\/\/geoclimate.ge\/fr\/produit\/trotec-ttr-160-desiccant-dehumidifier\/#primaryimage\",\"url\":\"https:\/\/geoclimate.ge\/wp-content\/uploads\/2025\/04\/Trotec-TTR-160-perspective-right.jpg\",\"contentUrl\":\"https:\/\/geoclimate.ge\/wp-content\/uploads\/2025\/04\/Trotec-TTR-160-perspective-right.jpg\",\"width\":1000,\"height\":1000},{\"@type\":\"BreadcrumbList\",\"@id\":\"https:\/\/geoclimate.ge\/fr\/produit\/trotec-ttr-160-desiccant-dehumidifier\/#breadcrumb\",\"itemListElement\":[{\"@type\":\"ListItem\",\"position\":1,\"name\":\"Home\",\"item\":\"https:\/\/geoclimate.ge\/fr\/\"},{\"@type\":\"ListItem\",\"position\":2,\"name\":\"Products\",\"item\":\"https:\/\/geoclimate.ge\/fr\/products\/\"},{\"@type\":\"ListItem\",\"position\":3,\"name\":\"Trotec TTR 160 \u2013 D\u00e9shumidificateur \u00e0 adsorption\"}]},{\"@type\":\"WebSite\",\"@id\":\"https:\/\/geoclimate.ge\/#website\",\"url\":\"https:\/\/geoclimate.ge\/\",\"name\":\"GeoClimate\",\"description\":\"\",\"publisher\":{\"@id\":\"https:\/\/geoclimate.ge\/#organization\"},\"potentialAction\":[{\"@type\":\"SearchAction\",\"target\":{\"@type\":\"EntryPoint\",\"urlTemplate\":\"https:\/\/geoclimate.ge\/?s={search_term_string}\"},\"query-input\":{\"@type\":\"PropertyValueSpecification\",\"valueRequired\":true,\"valueName\":\"search_term_string\"}}],\"inLanguage\":\"fr-FR\"},{\"@type\":\"Organization\",\"@id\":\"https:\/\/geoclimate.ge\/#organization\",\"name\":\"GeoClimate\",\"url\":\"https:\/\/geoclimate.ge\/\",\"logo\":{\"@type\":\"ImageObject\",\"inLanguage\":\"fr-FR\",\"@id\":\"https:\/\/geoclimate.ge\/#\/schema\/logo\/image\/\",\"url\":\"https:\/\/geoclimate.ge\/wp-content\/uploads\/2026\/03\/geoclimate-SEO.png\",\"contentUrl\":\"https:\/\/geoclimate.ge\/wp-content\/uploads\/2026\/03\/geoclimate-SEO.png\",\"width\":1536,\"height\":1024,\"caption\":\"GeoClimate\"},\"image\":{\"@id\":\"https:\/\/geoclimate.ge\/#\/schema\/logo\/image\/\"}}]}<\/script>\n<!-- \/ Yoast SEO plugin. -->","yoast_head_json":{"title":"Trotec TTR 160 \u2013 D\u00e9shumidificateur \u00e0 adsorption - GeoClimate.ge","robots":{"index":"index","follow":"follow","max-snippet":"max-snippet:-1","max-image-preview":"max-image-preview:large","max-video-preview":"max-video-preview:-1"},"canonical":"https:\/\/geoclimate.ge\/fr\/produit\/trotec-ttr-160-desiccant-dehumidifier\/","og_locale":"fr_FR","og_type":"article","og_title":"Trotec TTR 160 \u2013 D\u00e9shumidificateur \u00e0 adsorption - GeoClimate.ge","og_description":"D\u00e9shumidificateur \u00e0 adsorption industriel  Le TTR 160 est un d\u00e9shumidificateur \u00e0 adsorption tr\u00e8s fiable, fabriqu\u00e9 dans un bo\u00eetier en acier inoxydable r\u00e9sistant \u00e0 la corrosion. Cet appareil de fabrication allemande assure un contr\u00f4le efficace de l'humidit\u00e9 dans les zones de production, les espaces de stockage et les environnements sensibles \u00e0 l'humidit\u00e9. Non seulement il offre des performances de d\u00e9shumidification \u00e9lev\u00e9es, m\u00eame \u00e0 des points de ros\u00e9e bas, mais sa construction durable offre \u00e9galement une r\u00e9sistance \u00e0 la corrosion et des propri\u00e9t\u00e9s hygi\u00e9niques remarquables. Le TTR 160 est adapt\u00e9 aux environnements soumis \u00e0 des normes d'hygi\u00e8ne strictes et aux atmosph\u00e8res difficiles, gr\u00e2ce \u00e0 ses fonctionnalit\u00e9s telles qu'un rotor \u00e0 sorption de gel de silice lavable, un r\u00e9cup\u00e9rateur de chaleur, un chauffage PTC, et bien plus encore.  Contactez notre \u00e9quipe pour discuter du d\u00e9shumidificateur \u00e0 adsorption ou du type de d\u00e9shumidificateur commercial le mieux adapt\u00e9 \u00e0 votre usage.","og_url":"https:\/\/geoclimate.ge\/fr\/produit\/trotec-ttr-160-desiccant-dehumidifier\/","og_site_name":"GeoClimate.ge","article_modified_time":"2025-04-05T13:09:24+00:00","og_image":[{"width":1000,"height":1000,"url":"https:\/\/geoclimate.ge\/wp-content\/uploads\/2025\/04\/Trotec-TTR-160-perspective-right.jpg","type":"image\/jpeg"}],"twitter_card":"summary_large_image","twitter_misc":{"Dur\u00e9e de lecture estim\u00e9e":"1 minute"},"schema":{"@context":"https:\/\/schema.org","@graph":[{"@type":"WebPage","@id":"https:\/\/geoclimate.ge\/fr\/produit\/trotec-ttr-160-desiccant-dehumidifier\/","url":"https:\/\/geoclimate.ge\/fr\/produit\/trotec-ttr-160-desiccant-dehumidifier\/","name":"Trotec TTR 160 \u2013 D\u00e9shumidificateur \u00e0 adsorption - GeoClimate.ge","isPartOf":{"@id":"https:\/\/geoclimate.ge\/#website"},"primaryImageOfPage":{"@id":"https:\/\/geoclimate.ge\/fr\/produit\/trotec-ttr-160-desiccant-dehumidifier\/#primaryimage"},"image":{"@id":"https:\/\/geoclimate.ge\/fr\/produit\/trotec-ttr-160-desiccant-dehumidifier\/#primaryimage"},"thumbnailUrl":"https:\/\/geoclimate.ge\/wp-content\/uploads\/2025\/04\/Trotec-TTR-160-perspective-right.jpg","datePublished":"2024-01-22T15:59:59+00:00","dateModified":"2025-04-05T13:09:24+00:00","breadcrumb":{"@id":"https:\/\/geoclimate.ge\/fr\/produit\/trotec-ttr-160-desiccant-dehumidifier\/#breadcrumb"},"inLanguage":"fr-FR","potentialAction":[{"@type":"ReadAction","target":["https:\/\/geoclimate.ge\/fr\/produit\/trotec-ttr-160-desiccant-dehumidifier\/"]}]},{"@type":"ImageObject","inLanguage":"fr-FR","@id":"https:\/\/geoclimate.ge\/fr\/produit\/trotec-ttr-160-desiccant-dehumidifier\/#primaryimage","url":"https:\/\/geoclimate.ge\/wp-content\/uploads\/2025\/04\/Trotec-TTR-160-perspective-right.jpg","contentUrl":"https:\/\/geoclimate.ge\/wp-content\/uploads\/2025\/04\/Trotec-TTR-160-perspective-right.jpg","width":1000,"height":1000},{"@type":"BreadcrumbList","@id":"https:\/\/geoclimate.ge\/fr\/produit\/trotec-ttr-160-desiccant-dehumidifier\/#breadcrumb","itemListElement":[{"@type":"ListItem","position":1,"name":"Home","item":"https:\/\/geoclimate.ge\/fr\/"},{"@type":"ListItem","position":2,"name":"Products","item":"https:\/\/geoclimate.ge\/fr\/products\/"},{"@type":"ListItem","position":3,"name":"Trotec TTR 160 \u2013 D\u00e9shumidificateur \u00e0 adsorption"}]},{"@type":"WebSite","@id":"https:\/\/geoclimate.ge\/#website","url":"https:\/\/geoclimate.ge\/","name":"GeoClimate","description":"","publisher":{"@id":"https:\/\/geoclimate.ge\/#organization"},"potentialAction":[{"@type":"SearchAction","target":{"@type":"EntryPoint","urlTemplate":"https:\/\/geoclimate.ge\/?s={search_term_string}"},"query-input":{"@type":"PropertyValueSpecification","valueRequired":true,"valueName":"search_term_string"}}],"inLanguage":"fr-FR"},{"@type":"Organization","@id":"https:\/\/geoclimate.ge\/#organization","name":"GeoClimate","url":"https:\/\/geoclimate.ge\/","logo":{"@type":"ImageObject","inLanguage":"fr-FR","@id":"https:\/\/geoclimate.ge\/#\/schema\/logo\/image\/","url":"https:\/\/geoclimate.ge\/wp-content\/uploads\/2026\/03\/geoclimate-SEO.png","contentUrl":"https:\/\/geoclimate.ge\/wp-content\/uploads\/2026\/03\/geoclimate-SEO.png","width":1536,"height":1024,"caption":"GeoClimate"},"image":{"@id":"https:\/\/geoclimate.ge\/#\/schema\/logo\/image\/"}}]}},"_links":{"self":[{"href":"https:\/\/geoclimate.ge\/fr\/wp-json\/wp\/v2\/product\/27181","targetHints":{"allow":["GET"]}}],"collection":[{"href":"https:\/\/geoclimate.ge\/fr\/wp-json\/wp\/v2\/product"}],"about":[{"href":"https:\/\/geoclimate.ge\/fr\/wp-json\/wp\/v2\/types\/product"}],"wp:featuredmedia":[{"embeddable":true,"href":"https:\/\/geoclimate.ge\/fr\/wp-json\/wp\/v2\/media\/27171"}],"wp:attachment":[{"href":"https:\/\/geoclimate.ge\/fr\/wp-json\/wp\/v2\/media?parent=27181"}],"wp:term":[{"taxonomy":"product_brand","embeddable":true,"href":"https:\/\/geoclimate.ge\/fr\/wp-json\/wp\/v2\/product_brand?post=27181"},{"taxonomy":"product_cat","embeddable":true,"href":"https:\/\/geoclimate.ge\/fr\/wp-json\/wp\/v2\/product_cat?post=27181"},{"taxonomy":"product_tag","embeddable":true,"href":"https:\/\/geoclimate.ge\/fr\/wp-json\/wp\/v2\/product_tag?post=27181"}],"curies":[{"name":"wp","href":"https:\/\/api.w.org\/{rel}","templated":true}]}}