{"id":27345,"date":"2024-01-22T19:53:20","date_gmt":"2024-01-22T15:53:20","guid":{"rendered":"https:\/\/airsystems.ge\/shop\/product\/trotec-ttr-500-d-desiccant-dehumidifier\/"},"modified":"2025-04-05T18:12:32","modified_gmt":"2025-04-05T14:12:32","slug":"trotec-ttr-500-d-desiccant-dehumidifier","status":"publish","type":"product","link":"https:\/\/geoclimate.ge\/fr\/produit\/trotec-ttr-500-d-desiccant-dehumidifier\/","title":{"rendered":"Trotec TTR 500 D \u2013 D\u00e9shumidificateur \u00e0 adsorption"},"content":{"rendered":"<section class=\"max-w-[1088px] mx-auto w-full px-5 my-10 md:my-12 lg:my-16 xl:my-20 xl:px-0\" data-block=\"bullet-list\">\n<div class=\"md:text-center\">\n<h3 class=\"text-black font-bold text-lg md:text-xl lg:text-2xl\">Caract\u00e9ristiques principales<\/h3>\n<\/div>\n<div class=\"mt-6 md:mt-10\">\n<div class=\"flex flex-wrap\">\n<div class=\"w-full md:w-1\/2 auto-bullets md:pr-16\">\n<ul>\n<li class=\"text-sm md:text-base text-black mt-3 flex items-start\">\n<div class=\"pl-5\">Syst\u00e8me avanc\u00e9 de r\u00e9gulation du volume d&rsquo;air monoventique pour un r\u00e9glage pr\u00e9cis et continu du volume d&rsquo;air sec<br \/>\nJusqu&rsquo;\u00e0 30 % plus l\u00e9ger que les appareils comparables<br \/>\nPerformances maximales, encombrement et poids r\u00e9duits<br \/>\nTr\u00e8s facile d&rsquo;entretien<br \/>\nConstruction en t\u00f4le d&rsquo;acier thermolaqu\u00e9e extr\u00eamement durable<br \/>\nL\u00e9ger et maniable<br \/>\nConception empilable pour un gain de place<br \/>\nR\u00e9gulation \u00e9lectronique du d\u00e9bit d&rsquo;air &#8211; r\u00e9glable en continu<br \/>\nPrincipe Duoventic : R\u00e9glage s\u00e9par\u00e9 et continu du taux d&rsquo;humidit\u00e9 et du d\u00e9bit volum\u00e9trique d&rsquo;air sec requis<br \/>\nDeux circuits d&rsquo;air s\u00e9par\u00e9s pour un fonctionnement en circulation d&rsquo;air neutre en pression<\/div>\n<\/li>\n<\/ul>\n<\/div>\n<\/div>\n<\/div>\n<\/section>\n<section class=\"max-w-[1088px] mx-auto w-full px-5 my-10 md:my-12 lg:my-16 xl:my-20 xl:px-0\" data-block=\"product-specifications\">\n<div class=\"md:text-center\">\n<h3 class=\"text-black font-bold text-lg md:text-xl lg:text-2xl\"><strong>Product specifications<\/strong><\/h3>\n<\/div>\n<div class=\" md:mt-10\">\n<div class=\"\">\n<div class=\"lg:mt-0 \">\n<div id=\"spec-ttr-500-d\" class=\"prose max-w-full md:overflow-auto\" data-spec-content=\"\">\n<div class=\"spreadsheet-container hidden md:block\">\n<table class=\"w-full table-fixed mb-0\">\n<thead>\n<tr>\n<th class=\"font-bold text-base\"><span class=\"block px-4\">Specifications<\/span><\/th>\n<th class=\"font-bold text-base text-center\"><span class=\"block px-10 md:px-20\">Units<\/span><\/th>\n<th class=\"font-bold text-base text-center will-change\"><span class=\"block px-4\">TTR\u00a0500\u00a0D<\/span><\/th>\n<\/tr>\n<\/thead>\n<tbody>\n<tr class=\"bg-grey-200\/50 p-2\">\n<td colspan=\"1\"><span class=\"block px-4\">Capacity (20\u00b0C\/60% RH)<\/span><\/td>\n<td class=\"text-center\">\n<div class=\"px-10 md:px-20 flex items-center justify-center\">kg\/h<\/div>\n<\/td>\n<td class=\"text-center will-change\">\n<div class=\"px-10 md:px-20 flex items-center justify-center\">2.2<\/div>\n<\/td>\n<\/tr>\n<tr class=\" p-2\">\n<td colspan=\"1\"><span class=\"block px-4\">Dry air range<\/span><\/td>\n<td class=\"text-center\">\n<div class=\"px-10 md:px-20 flex items-center justify-center\">m\u00b3\/h<\/div>\n<\/td>\n<td class=\"text-center will-change\">\n<div class=\"px-10 md:px-20 flex items-center justify-center\">180 &#8211; 550<\/div>\n<\/td>\n<\/tr>\n<tr class=\"bg-grey-200\/50 p-2\">\n<td colspan=\"1\"><span class=\"block px-4\">Dry air volume nominal<\/span><\/td>\n<td class=\"text-center\">\n<div class=\"px-10 md:px-20 flex items-center justify-center\">m\u00b3\/h<\/div>\n<\/td>\n<td class=\"text-center will-change\">\n<div class=\"px-10 md:px-20 flex items-center justify-center\">480<\/div>\n<\/td>\n<\/tr>\n<tr class=\" p-2\">\n<td colspan=\"1\"><span class=\"block px-4\">Available pressure<\/span><\/td>\n<td class=\"text-center\">\n<div class=\"px-10 md:px-20 flex items-center justify-center\">Pa<\/div>\n<\/td>\n<td class=\"text-center will-change\">\n<div class=\"px-10 md:px-20 flex items-center justify-center\">150<\/div>\n<\/td>\n<\/tr>\n<tr class=\"bg-grey-200\/50 p-2\">\n<td colspan=\"1\"><span class=\"block px-4\">Regeneration air flow<\/span><\/td>\n<td class=\"text-center\">\n<div class=\"px-10 md:px-20 flex items-center justify-center\">m\u00b3\/h<\/div>\n<\/td>\n<td class=\"text-center will-change\">\n<div class=\"px-10 md:px-20 flex items-center justify-center\">80<\/div>\n<\/td>\n<\/tr>\n<tr class=\" p-2\">\n<td colspan=\"1\"><span class=\"block px-4\">Available pressure<\/span><\/td>\n<td class=\"text-center\">\n<div class=\"px-10 md:px-20 flex items-center justify-center\">Pa<\/div>\n<\/td>\n<td class=\"text-center will-change\">\n<div class=\"px-10 md:px-20 flex items-center justify-center\">80<\/div>\n<\/td>\n<\/tr>\n<tr class=\"bg-grey-200\/50 p-2\">\n<td colspan=\"1\"><span class=\"block px-4\">Operating temperature range<\/span><\/td>\n<td class=\"text-center\">\n<div class=\"px-10 md:px-20 flex items-center justify-center\">\u00b0C<\/div>\n<\/td>\n<td class=\"text-center will-change\">\n<div class=\"px-10 md:px-20 flex items-center justify-center\">-15 &#8211; +35<\/div>\n<\/td>\n<\/tr>\n<tr class=\" p-2\">\n<td colspan=\"1\"><span class=\"block px-4\">Operating humidity range<\/span><\/td>\n<td class=\"text-center\">\n<div class=\"px-10 md:px-20 flex items-center justify-center\">% RH<\/div>\n<\/td>\n<td class=\"text-center will-change\">\n<div class=\"px-10 md:px-20 flex items-center justify-center\">0 &#8211; 100<\/div>\n<\/td>\n<\/tr>\n<tr class=\"bg-grey-200\/50 p-2\">\n<td colspan=\"1\"><span class=\"block px-4\">Power supply<\/span><\/td>\n<td class=\"text-center\">\n<div class=\"px-10 md:px-20 flex items-center justify-center\">V\/Hz<\/div>\n<\/td>\n<td class=\"text-center will-change\">\n<div class=\"px-10 md:px-20 flex items-center justify-center\">230\/1ph\/50-60<\/div>\n<\/td>\n<\/tr>\n<tr class=\" p-2\">\n<td colspan=\"1\"><span class=\"block px-4\">Power input total<\/span><\/td>\n<td class=\"text-center\">\n<div class=\"px-10 md:px-20 flex items-center justify-center\">kW<\/div>\n<\/td>\n<td class=\"text-center will-change\">\n<div class=\"px-10 md:px-20 flex items-center justify-center\">3.0<\/div>\n<\/td>\n<\/tr>\n<tr class=\"bg-grey-200\/50 p-2\">\n<td colspan=\"1\"><span class=\"block px-4\">Power input heating<\/span><\/td>\n<td class=\"text-center\">\n<div class=\"px-10 md:px-20 flex items-center justify-center\">kW<\/div>\n<\/td>\n<td class=\"text-center will-change\">\n<div class=\"px-10 md:px-20 flex items-center justify-center\">2.7<\/div>\n<\/td>\n<\/tr>\n<tr class=\" p-2\">\n<td colspan=\"1\"><span class=\"block px-4\">Sound level @1m<\/span><\/td>\n<td class=\"text-center\">\n<div class=\"px-10 md:px-20 flex items-center justify-center\">dB(A)<\/div>\n<\/td>\n<td class=\"text-center will-change\">\n<div class=\"px-10 md:px-20 flex items-center justify-center\">74<\/div>\n<\/td>\n<\/tr>\n<tr class=\"bg-grey-200\/50 p-2\">\n<td colspan=\"1\"><span class=\"block px-4\">Connections dry air outlet<\/span><\/td>\n<td class=\"text-center\">\n<div class=\"px-10 md:px-20 flex items-center justify-center\">\u00d8mm<\/div>\n<\/td>\n<td class=\"text-center will-change\">\n<div class=\"px-10 md:px-20 flex items-center justify-center\">125<\/div>\n<\/td>\n<\/tr>\n<tr class=\" p-2\">\n<td colspan=\"1\"><span class=\"block px-4\">Connections humid air outlet<\/span><\/td>\n<td class=\"text-center\">\n<div class=\"px-10 md:px-20 flex items-center justify-center\">\u00d8mm<\/div>\n<\/td>\n<td class=\"text-center will-change\">\n<div class=\"px-10 md:px-20 flex items-center justify-center\">80<\/div>\n<\/td>\n<\/tr>\n<tr class=\"bg-grey-200\/50 p-2\">\n<td colspan=\"1\"><span class=\"block px-4\">Product size (l x w x h)<\/span><\/td>\n<td class=\"text-center\">\n<div class=\"px-10 md:px-20 flex items-center justify-center\">mm<\/div>\n<\/td>\n<td class=\"text-center will-change\">\n<div class=\"px-10 md:px-20 flex items-center justify-center\">443 x 400 x 452<\/div>\n<\/td>\n<\/tr>\n<tr class=\" p-2\">\n<td colspan=\"1\"><span class=\"block px-4\">Weight<\/span><\/td>\n<td class=\"text-center\">\n<div class=\"px-10 md:px-20 flex items-center justify-center\">kg<\/div>\n<\/td>\n<td class=\"text-center will-change\">\n<div class=\"px-10 md:px-20 flex items-center justify-center\">25<\/div>\n<\/td>\n<\/tr>\n<\/tbody>\n<\/table>\n<\/div>\n<\/div>\n<\/div>\n<\/div>\n<\/div>\n<\/section>\n<section class=\"max-w-[1088px] mx-auto w-full px-5 my-10 md:my-12 lg:my-16 xl:my-20 xl:px-0\" data-block=\"link-list\">\n<div class=\"max-w-[1088px] mx-auto\">\n<div class=\"md:text-center\">\n<ul>\n<li class=\"flex items-center gap-5 text-sm text-black mt-3 md:text-base lg:text-lg\"><strong>Convient pour :<\/strong><\/li>\n<\/ul>\n<\/div>\n<div class=\"mt-6 max-w-4xl mx-auto\">\n<div class=\"flex flex-wrap md:ml-20\">\n<div class=\"w-full md:w-1\/2 auto-bullets md:pr-16\">\n<ul>\n<li class=\"flex items-center gap-5 text-sm text-black mt-3 md:text-base lg:text-lg\">Archives et conservation<br \/>\nB\u00e2timents commerciaux<br \/>\nConstruction<br \/>\nIndustrie, usines et production<br \/>\nMus\u00e9es et galeries<br \/>\nSoci\u00e9t\u00e9s de location<br \/>\nEntrep\u00f4ts et stockage<br \/>\nR\u00e9paration apr\u00e8s d\u00e9g\u00e2ts des eaux<br \/>\nR\u00e9seaux d&rsquo;eau<\/li>\n<\/ul>\n<\/div>\n<\/div>\n<\/div>\n<\/div>\n<\/section>\n<section class=\"max-w-[1088px] mx-auto w-full px-5 my-10 md:my-12 lg:my-16 xl:my-20 xl:px-0\" data-block=\"related-downloads\">\n<div class=\"md:text-center\">\n<h3 class=\"text-black font-bold text-lg md:text-xl lg:text-2xl\"><strong>Useful downloads<\/strong><\/h3>\n<\/div>\n<div class=\"mt-6 md:mt-10\">\n<div class=\"flex flex-col md:flex-row md:flex-wrap md:justify-center\">\n<div class=\"mb-4 md:mb-8 w-full md:w-1\/2 md:px-4\">\n<div class=\"p-4 md:p-5 h-full flex md:items-center border border-grey-300\">\n<div class=\"mt-1.5 md:mt-0 w-6 md:w-10\"><a href=\"https:\/\/www.danthermgroup.com\/downloads\/dantherm-group-professional-portable-catalogue\" target=\"_blank\" rel=\"nofollow noindex noopener\"><img decoding=\"async\" class=\"lazyload h-8 md:h-14 w-auto object-contain\" src=\"https:\/\/dantherm-group-cdn.s3.amazonaws.com\/media\/icons\/download-catalog.svg\" alt=\"Download catalog\" height=\"56\" \/><\/a><\/div>\n<div class=\"flex-1 pl-4 md:px-8\">\n<h2 class=\"font-bold text-sm md:text-lg\"><a class=\"underline underline-offset-2 decoration-transparent transition duration-300 ease-linear hover:decoration-black\" href=\"https:\/\/www.danthermgroup.com\/downloads\/dantherm-group-professional-portable-catalogue\" target=\"_blank\" rel=\"nofollow noindex noopener\">Dantherm Group Catalogue \u2013 Professional Portable Solutions<\/a><\/h2>\n<div class=\"prose text-grey-500 text-sm\">Catalogs<\/div>\n<\/div>\n<\/div>\n<\/div>\n<\/div>\n<\/div>\n<\/section>\n","protected":false},"excerpt":{"rendered":"<div class=\"max-w-4xl\">\n<div class=\"text-xl font-bold mt-1 md:mt-2\">\n<p>D\u00e9shumidificateur \u00e0 adsorption industriel<\/p>\n<p>Le TTR 500 D est un d\u00e9shumidificateur \u00e0 adsorption robuste Con\u00e7u pour une utilisation en milieu industriel et commercial. Avec une capacit\u00e9 de d\u00e9shumidification maximale de 52,8 litres par jour, cet appareil peut facilement g\u00e9rer des taux d&rsquo;humidit\u00e9 \u00e9lev\u00e9s dans les grands espaces int\u00e9rieurs. Deux flux d&rsquo;air distincts pour l&rsquo;air sec et l&rsquo;air de r\u00e9g\u00e9n\u00e9ration, associ\u00e9s \u00e0 deux ventilateurs distincts pour chaque circuit, garantissent une recirculation efficace et tol\u00e9rante \u00e0 la pression, que le d\u00e9shumidificateur soit install\u00e9 \u00e0 l&rsquo;ext\u00e9rieur ou \u00e0 l&rsquo;int\u00e9rieur de la pi\u00e8ce \u00e0 traiter. Le TTR 500 D est livr\u00e9 de s\u00e9rie dans un bo\u00eetier m\u00e9tallique robuste et dot\u00e9 d&rsquo;un panneau de commande convivial. Il peut \u00eatre \u00e9quip\u00e9 d&rsquo;un hygrostat automatique en option.<\/p>\n<p>Contactez notre \u00e9quipe pour d\u00e9terminer le d\u00e9shumidificateur \u00e0 adsorption commercial ou le type de d\u00e9shumidificateur industriel le mieux adapt\u00e9 \u00e0 votre utilisation.<\/p>\n<\/div>\n<\/div>\n","protected":false},"featured_media":27340,"template":"","meta":[],"product_brand":[],"product_cat":[412,416,495],"product_tag":[],"class_list":{"0":"post-27345","1":"product","2":"type-product","3":"status-publish","4":"has-post-thumbnail","6":"product_cat-climatisation-deshumidificateur-dair-ventilateur-fr-ventilation","7":"product_cat-deshumidificateurs","8":"product_cat-deshumidificateurs-deshydratants-adsorption","10":"first","11":"instock","12":"shipping-taxable","13":"purchasable","14":"product-type-simple"},"yoast_head":"<!-- This site is optimized with the Yoast SEO plugin v27.1.1 - https:\/\/yoast.com\/product\/yoast-seo-wordpress\/ -->\n<title>Trotec TTR 500 D \u2013 D\u00e9shumidificateur \u00e0 adsorption - GeoClimate.ge<\/title>\n<meta name=\"robots\" content=\"index, follow, max-snippet:-1, max-image-preview:large, max-video-preview:-1\" \/>\n<link rel=\"canonical\" href=\"https:\/\/geoclimate.ge\/fr\/produit\/trotec-ttr-500-d-desiccant-dehumidifier\/\" \/>\n<meta property=\"og:locale\" content=\"fr_FR\" \/>\n<meta property=\"og:type\" content=\"article\" \/>\n<meta property=\"og:title\" content=\"Trotec TTR 500 D \u2013 D\u00e9shumidificateur \u00e0 adsorption - GeoClimate.ge\" \/>\n<meta property=\"og:description\" content=\"D\u00e9shumidificateur \u00e0 adsorption industriel  Le TTR 500 D est un d\u00e9shumidificateur \u00e0 adsorption robuste Con\u00e7u pour une utilisation en milieu industriel et commercial. Avec une capacit\u00e9 de d\u00e9shumidification maximale de 52,8 litres par jour, cet appareil peut facilement g\u00e9rer des taux d&#039;humidit\u00e9 \u00e9lev\u00e9s dans les grands espaces int\u00e9rieurs. Deux flux d&#039;air distincts pour l&#039;air sec et l&#039;air de r\u00e9g\u00e9n\u00e9ration, associ\u00e9s \u00e0 deux ventilateurs distincts pour chaque circuit, garantissent une recirculation efficace et tol\u00e9rante \u00e0 la pression, que le d\u00e9shumidificateur soit install\u00e9 \u00e0 l&#039;ext\u00e9rieur ou \u00e0 l&#039;int\u00e9rieur de la pi\u00e8ce \u00e0 traiter. Le TTR 500 D est livr\u00e9 de s\u00e9rie dans un bo\u00eetier m\u00e9tallique robuste et dot\u00e9 d&#039;un panneau de commande convivial. Il peut \u00eatre \u00e9quip\u00e9 d&#039;un hygrostat automatique en option.  Contactez notre \u00e9quipe pour d\u00e9terminer le d\u00e9shumidificateur \u00e0 adsorption commercial ou le type de d\u00e9shumidificateur industriel le mieux adapt\u00e9 \u00e0 votre utilisation.\" \/>\n<meta property=\"og:url\" content=\"https:\/\/geoclimate.ge\/fr\/produit\/trotec-ttr-500-d-desiccant-dehumidifier\/\" \/>\n<meta property=\"og:site_name\" content=\"GeoClimate.ge\" \/>\n<meta property=\"article:modified_time\" content=\"2025-04-05T14:12:32+00:00\" \/>\n<meta property=\"og:image\" content=\"https:\/\/geoclimate.ge\/wp-content\/uploads\/2025\/04\/Trotec-TTR-500-D-perspective-left.jpg\" \/>\n\t<meta property=\"og:image:width\" content=\"1000\" \/>\n\t<meta property=\"og:image:height\" content=\"1000\" \/>\n\t<meta property=\"og:image:type\" content=\"image\/jpeg\" \/>\n<meta name=\"twitter:card\" content=\"summary_large_image\" \/>\n<meta name=\"twitter:label1\" content=\"Dur\u00e9e de lecture estim\u00e9e\" \/>\n\t<meta name=\"twitter:data1\" content=\"1 minute\" \/>\n<script type=\"application\/ld+json\" class=\"yoast-schema-graph\">{\"@context\":\"https:\/\/schema.org\",\"@graph\":[{\"@type\":\"WebPage\",\"@id\":\"https:\/\/geoclimate.ge\/fr\/produit\/trotec-ttr-500-d-desiccant-dehumidifier\/\",\"url\":\"https:\/\/geoclimate.ge\/fr\/produit\/trotec-ttr-500-d-desiccant-dehumidifier\/\",\"name\":\"Trotec TTR 500 D \u2013 D\u00e9shumidificateur \u00e0 adsorption - GeoClimate.ge\",\"isPartOf\":{\"@id\":\"https:\/\/geoclimate.ge\/#website\"},\"primaryImageOfPage\":{\"@id\":\"https:\/\/geoclimate.ge\/fr\/produit\/trotec-ttr-500-d-desiccant-dehumidifier\/#primaryimage\"},\"image\":{\"@id\":\"https:\/\/geoclimate.ge\/fr\/produit\/trotec-ttr-500-d-desiccant-dehumidifier\/#primaryimage\"},\"thumbnailUrl\":\"https:\/\/geoclimate.ge\/wp-content\/uploads\/2025\/04\/Trotec-TTR-500-D-perspective-left.jpg\",\"datePublished\":\"2024-01-22T15:53:20+00:00\",\"dateModified\":\"2025-04-05T14:12:32+00:00\",\"breadcrumb\":{\"@id\":\"https:\/\/geoclimate.ge\/fr\/produit\/trotec-ttr-500-d-desiccant-dehumidifier\/#breadcrumb\"},\"inLanguage\":\"fr-FR\",\"potentialAction\":[{\"@type\":\"ReadAction\",\"target\":[\"https:\/\/geoclimate.ge\/fr\/produit\/trotec-ttr-500-d-desiccant-dehumidifier\/\"]}]},{\"@type\":\"ImageObject\",\"inLanguage\":\"fr-FR\",\"@id\":\"https:\/\/geoclimate.ge\/fr\/produit\/trotec-ttr-500-d-desiccant-dehumidifier\/#primaryimage\",\"url\":\"https:\/\/geoclimate.ge\/wp-content\/uploads\/2025\/04\/Trotec-TTR-500-D-perspective-left.jpg\",\"contentUrl\":\"https:\/\/geoclimate.ge\/wp-content\/uploads\/2025\/04\/Trotec-TTR-500-D-perspective-left.jpg\",\"width\":1000,\"height\":1000},{\"@type\":\"BreadcrumbList\",\"@id\":\"https:\/\/geoclimate.ge\/fr\/produit\/trotec-ttr-500-d-desiccant-dehumidifier\/#breadcrumb\",\"itemListElement\":[{\"@type\":\"ListItem\",\"position\":1,\"name\":\"Home\",\"item\":\"https:\/\/geoclimate.ge\/fr\/\"},{\"@type\":\"ListItem\",\"position\":2,\"name\":\"Products\",\"item\":\"https:\/\/geoclimate.ge\/fr\/products\/\"},{\"@type\":\"ListItem\",\"position\":3,\"name\":\"Trotec TTR 500 D \u2013 D\u00e9shumidificateur \u00e0 adsorption\"}]},{\"@type\":\"WebSite\",\"@id\":\"https:\/\/geoclimate.ge\/#website\",\"url\":\"https:\/\/geoclimate.ge\/\",\"name\":\"GeoClimate\",\"description\":\"\",\"publisher\":{\"@id\":\"https:\/\/geoclimate.ge\/#organization\"},\"potentialAction\":[{\"@type\":\"SearchAction\",\"target\":{\"@type\":\"EntryPoint\",\"urlTemplate\":\"https:\/\/geoclimate.ge\/?s={search_term_string}\"},\"query-input\":{\"@type\":\"PropertyValueSpecification\",\"valueRequired\":true,\"valueName\":\"search_term_string\"}}],\"inLanguage\":\"fr-FR\"},{\"@type\":\"Organization\",\"@id\":\"https:\/\/geoclimate.ge\/#organization\",\"name\":\"GeoClimate\",\"url\":\"https:\/\/geoclimate.ge\/\",\"logo\":{\"@type\":\"ImageObject\",\"inLanguage\":\"fr-FR\",\"@id\":\"https:\/\/geoclimate.ge\/#\/schema\/logo\/image\/\",\"url\":\"https:\/\/geoclimate.ge\/wp-content\/uploads\/2026\/03\/geoclimate-SEO.png\",\"contentUrl\":\"https:\/\/geoclimate.ge\/wp-content\/uploads\/2026\/03\/geoclimate-SEO.png\",\"width\":1536,\"height\":1024,\"caption\":\"GeoClimate\"},\"image\":{\"@id\":\"https:\/\/geoclimate.ge\/#\/schema\/logo\/image\/\"}}]}<\/script>\n<!-- \/ Yoast SEO plugin. -->","yoast_head_json":{"title":"Trotec TTR 500 D \u2013 D\u00e9shumidificateur \u00e0 adsorption - GeoClimate.ge","robots":{"index":"index","follow":"follow","max-snippet":"max-snippet:-1","max-image-preview":"max-image-preview:large","max-video-preview":"max-video-preview:-1"},"canonical":"https:\/\/geoclimate.ge\/fr\/produit\/trotec-ttr-500-d-desiccant-dehumidifier\/","og_locale":"fr_FR","og_type":"article","og_title":"Trotec TTR 500 D \u2013 D\u00e9shumidificateur \u00e0 adsorption - GeoClimate.ge","og_description":"D\u00e9shumidificateur \u00e0 adsorption industriel  Le TTR 500 D est un d\u00e9shumidificateur \u00e0 adsorption robuste Con\u00e7u pour une utilisation en milieu industriel et commercial. Avec une capacit\u00e9 de d\u00e9shumidification maximale de 52,8 litres par jour, cet appareil peut facilement g\u00e9rer des taux d'humidit\u00e9 \u00e9lev\u00e9s dans les grands espaces int\u00e9rieurs. Deux flux d'air distincts pour l'air sec et l'air de r\u00e9g\u00e9n\u00e9ration, associ\u00e9s \u00e0 deux ventilateurs distincts pour chaque circuit, garantissent une recirculation efficace et tol\u00e9rante \u00e0 la pression, que le d\u00e9shumidificateur soit install\u00e9 \u00e0 l'ext\u00e9rieur ou \u00e0 l'int\u00e9rieur de la pi\u00e8ce \u00e0 traiter. Le TTR 500 D est livr\u00e9 de s\u00e9rie dans un bo\u00eetier m\u00e9tallique robuste et dot\u00e9 d'un panneau de commande convivial. Il peut \u00eatre \u00e9quip\u00e9 d'un hygrostat automatique en option.  Contactez notre \u00e9quipe pour d\u00e9terminer le d\u00e9shumidificateur \u00e0 adsorption commercial ou le type de d\u00e9shumidificateur industriel le mieux adapt\u00e9 \u00e0 votre utilisation.","og_url":"https:\/\/geoclimate.ge\/fr\/produit\/trotec-ttr-500-d-desiccant-dehumidifier\/","og_site_name":"GeoClimate.ge","article_modified_time":"2025-04-05T14:12:32+00:00","og_image":[{"width":1000,"height":1000,"url":"https:\/\/geoclimate.ge\/wp-content\/uploads\/2025\/04\/Trotec-TTR-500-D-perspective-left.jpg","type":"image\/jpeg"}],"twitter_card":"summary_large_image","twitter_misc":{"Dur\u00e9e de lecture estim\u00e9e":"1 minute"},"schema":{"@context":"https:\/\/schema.org","@graph":[{"@type":"WebPage","@id":"https:\/\/geoclimate.ge\/fr\/produit\/trotec-ttr-500-d-desiccant-dehumidifier\/","url":"https:\/\/geoclimate.ge\/fr\/produit\/trotec-ttr-500-d-desiccant-dehumidifier\/","name":"Trotec TTR 500 D \u2013 D\u00e9shumidificateur \u00e0 adsorption - GeoClimate.ge","isPartOf":{"@id":"https:\/\/geoclimate.ge\/#website"},"primaryImageOfPage":{"@id":"https:\/\/geoclimate.ge\/fr\/produit\/trotec-ttr-500-d-desiccant-dehumidifier\/#primaryimage"},"image":{"@id":"https:\/\/geoclimate.ge\/fr\/produit\/trotec-ttr-500-d-desiccant-dehumidifier\/#primaryimage"},"thumbnailUrl":"https:\/\/geoclimate.ge\/wp-content\/uploads\/2025\/04\/Trotec-TTR-500-D-perspective-left.jpg","datePublished":"2024-01-22T15:53:20+00:00","dateModified":"2025-04-05T14:12:32+00:00","breadcrumb":{"@id":"https:\/\/geoclimate.ge\/fr\/produit\/trotec-ttr-500-d-desiccant-dehumidifier\/#breadcrumb"},"inLanguage":"fr-FR","potentialAction":[{"@type":"ReadAction","target":["https:\/\/geoclimate.ge\/fr\/produit\/trotec-ttr-500-d-desiccant-dehumidifier\/"]}]},{"@type":"ImageObject","inLanguage":"fr-FR","@id":"https:\/\/geoclimate.ge\/fr\/produit\/trotec-ttr-500-d-desiccant-dehumidifier\/#primaryimage","url":"https:\/\/geoclimate.ge\/wp-content\/uploads\/2025\/04\/Trotec-TTR-500-D-perspective-left.jpg","contentUrl":"https:\/\/geoclimate.ge\/wp-content\/uploads\/2025\/04\/Trotec-TTR-500-D-perspective-left.jpg","width":1000,"height":1000},{"@type":"BreadcrumbList","@id":"https:\/\/geoclimate.ge\/fr\/produit\/trotec-ttr-500-d-desiccant-dehumidifier\/#breadcrumb","itemListElement":[{"@type":"ListItem","position":1,"name":"Home","item":"https:\/\/geoclimate.ge\/fr\/"},{"@type":"ListItem","position":2,"name":"Products","item":"https:\/\/geoclimate.ge\/fr\/products\/"},{"@type":"ListItem","position":3,"name":"Trotec TTR 500 D \u2013 D\u00e9shumidificateur \u00e0 adsorption"}]},{"@type":"WebSite","@id":"https:\/\/geoclimate.ge\/#website","url":"https:\/\/geoclimate.ge\/","name":"GeoClimate","description":"","publisher":{"@id":"https:\/\/geoclimate.ge\/#organization"},"potentialAction":[{"@type":"SearchAction","target":{"@type":"EntryPoint","urlTemplate":"https:\/\/geoclimate.ge\/?s={search_term_string}"},"query-input":{"@type":"PropertyValueSpecification","valueRequired":true,"valueName":"search_term_string"}}],"inLanguage":"fr-FR"},{"@type":"Organization","@id":"https:\/\/geoclimate.ge\/#organization","name":"GeoClimate","url":"https:\/\/geoclimate.ge\/","logo":{"@type":"ImageObject","inLanguage":"fr-FR","@id":"https:\/\/geoclimate.ge\/#\/schema\/logo\/image\/","url":"https:\/\/geoclimate.ge\/wp-content\/uploads\/2026\/03\/geoclimate-SEO.png","contentUrl":"https:\/\/geoclimate.ge\/wp-content\/uploads\/2026\/03\/geoclimate-SEO.png","width":1536,"height":1024,"caption":"GeoClimate"},"image":{"@id":"https:\/\/geoclimate.ge\/#\/schema\/logo\/image\/"}}]}},"_links":{"self":[{"href":"https:\/\/geoclimate.ge\/fr\/wp-json\/wp\/v2\/product\/27345","targetHints":{"allow":["GET"]}}],"collection":[{"href":"https:\/\/geoclimate.ge\/fr\/wp-json\/wp\/v2\/product"}],"about":[{"href":"https:\/\/geoclimate.ge\/fr\/wp-json\/wp\/v2\/types\/product"}],"wp:featuredmedia":[{"embeddable":true,"href":"https:\/\/geoclimate.ge\/fr\/wp-json\/wp\/v2\/media\/27340"}],"wp:attachment":[{"href":"https:\/\/geoclimate.ge\/fr\/wp-json\/wp\/v2\/media?parent=27345"}],"wp:term":[{"taxonomy":"product_brand","embeddable":true,"href":"https:\/\/geoclimate.ge\/fr\/wp-json\/wp\/v2\/product_brand?post=27345"},{"taxonomy":"product_cat","embeddable":true,"href":"https:\/\/geoclimate.ge\/fr\/wp-json\/wp\/v2\/product_cat?post=27345"},{"taxonomy":"product_tag","embeddable":true,"href":"https:\/\/geoclimate.ge\/fr\/wp-json\/wp\/v2\/product_tag?post=27345"}],"curies":[{"name":"wp","href":"https:\/\/api.w.org\/{rel}","templated":true}]}}