{"id":27576,"date":"2024-01-25T22:33:24","date_gmt":"2024-01-25T18:33:24","guid":{"rendered":"https:\/\/airsystems.ge\/shop\/product\/heylo-pv-3000-combi-dust-extraction\/"},"modified":"2025-04-05T21:22:21","modified_gmt":"2025-04-05T17:22:21","slug":"heylo-pv-3000-combi-dust-extraction","status":"publish","type":"product","link":"https:\/\/geoclimate.ge\/fr\/produit\/heylo-pv-3000-combi-dust-extraction\/","title":{"rendered":"Heylo PV 3000 Combi \u2013 Aspiration des poussi\u00e8res Aspirateur de chantier"},"content":{"rendered":"<section class=\"max-w-[1088px] mx-auto w-full px-5 my-10 md:my-12 lg:my-16 xl:my-20 xl:px-0\" data-block=\"bullet-list\">\n<div class=\"md:text-center\">\n<h3 class=\"text-black font-bold text-lg md:text-xl lg:text-2xl\">Caract\u00e9ristiques principales<\/h3>\n<\/div>\n<div class=\"mt-6 md:mt-10\">\n<div class=\"flex flex-wrap\">\n<div class=\"w-full md:w-1\/2 auto-bullets md:pr-16\">\n<ul>\n<li class=\"text-sm md:text-base text-black mt-3 flex items-start\">\n<div class=\"pl-5\">Aspiration par sacs \u00e0 poussi\u00e8re (classe M)<br \/>\nBo\u00eetier robuste<br \/>\nFaible consommation d&rsquo;\u00e9nergie<br \/>\nL\u00e9ger et maniable<br \/>\nMontage simple et rapide<br \/>\nTransport ais\u00e9 gr\u00e2ce \u00e0 une poign\u00e9e pratique<br \/>\nRaccordement des tuyaux d&rsquo;air c\u00f4t\u00e9 entr\u00e9e<br \/>\nKit combin\u00e9 compos\u00e9 de\u00a0: unit\u00e9 PowerVent, sac \u00e0 poussi\u00e8re et collier de fixation<\/div>\n<\/li>\n<\/ul>\n<\/div>\n<\/div>\n<\/div>\n<\/section>\n<section class=\"max-w-[1088px] mx-auto w-full px-5 my-10 md:my-12 lg:my-16 xl:my-20 xl:px-0\" data-block=\"product-specifications\">\n<div class=\"md:text-center\">\n<h3 class=\"text-black font-bold text-lg md:text-xl lg:text-2xl\"><strong>Product specifications<\/strong><\/h3>\n<\/div>\n<div class=\" md:mt-10\">\n<div class=\"\">\n<div class=\"lg:mt-0 \">\n<div id=\"spec-pv-3000-kombi\" class=\"prose max-w-full md:overflow-auto\" data-spec-content=\"\">\n<div class=\"spreadsheet-container hidden md:block\">\n<table class=\"w-full table-fixed mb-0\">\n<thead>\n<tr>\n<th class=\"font-bold text-base\"><span class=\"block px-4\">Specifications<\/span><\/th>\n<th class=\"font-bold text-base text-center\"><span class=\"block px-10 md:px-20\">Units<\/span><\/th>\n<th class=\"font-bold text-base text-center will-change\"><span class=\"block px-4\">PV\u00a03000\u00a0Kombi<\/span><\/th>\n<\/tr>\n<\/thead>\n<tbody>\n<tr class=\"bg-grey-200\/50 p-2\">\n<td colspan=\"1\"><span class=\"block px-4\">Air flow<\/span><\/td>\n<td class=\"text-center\">\n<div class=\"px-10 md:px-20 flex items-center justify-center\">m\u00b3\/h<\/div>\n<\/td>\n<td class=\"text-center will-change\">\n<div class=\"px-10 md:px-20 flex items-center justify-center\">3,102<\/div>\n<\/td>\n<\/tr>\n<tr class=\" p-2\">\n<td colspan=\"1\"><span class=\"block px-4\">Power supply<\/span><\/td>\n<td class=\"text-center\">\n<div class=\"px-10 md:px-20 flex items-center justify-center\">V\/Hz<\/div>\n<\/td>\n<td class=\"text-center will-change\">\n<div class=\"px-10 md:px-20 flex items-center justify-center\">230\/1ph\/50<\/div>\n<\/td>\n<\/tr>\n<tr class=\"bg-grey-200\/50 p-2\">\n<td colspan=\"1\"><span class=\"block px-4\">Power consumption<\/span><\/td>\n<td class=\"text-center\">\n<div class=\"px-10 md:px-20 flex items-center justify-center\">kW<\/div>\n<\/td>\n<td class=\"text-center will-change\">\n<div class=\"px-10 md:px-20 flex items-center justify-center\">0.62<\/div>\n<\/td>\n<\/tr>\n<tr class=\" p-2\">\n<td colspan=\"1\"><span class=\"block px-4\">Rated current<\/span><\/td>\n<td class=\"text-center\">\n<div class=\"px-10 md:px-20 flex items-center justify-center\">A<\/div>\n<\/td>\n<td class=\"text-center will-change\">\n<div class=\"px-10 md:px-20 flex items-center justify-center\">2.89<\/div>\n<\/td>\n<\/tr>\n<tr class=\"bg-grey-200\/50 p-2\">\n<td colspan=\"1\"><span class=\"block px-4\">Sound level @3m<\/span><\/td>\n<td class=\"text-center\">\n<div class=\"px-10 md:px-20 flex items-center justify-center\">dB(A)<\/div>\n<\/td>\n<td class=\"text-center will-change\">\n<div class=\"px-10 md:px-20 flex items-center justify-center\">78<\/div>\n<\/td>\n<\/tr>\n<tr class=\" p-2\">\n<td colspan=\"1\"><span class=\"block px-4\">Dust bag<\/span><\/td>\n<td class=\"text-center\">\n<div class=\"px-10 md:px-20 flex items-center justify-center\">\u00d8mm<\/div>\n<\/td>\n<td class=\"text-center will-change\">\n<div class=\"px-10 md:px-20 flex items-center justify-center\">305<\/div>\n<\/td>\n<\/tr>\n<tr class=\"bg-grey-200\/50 p-2\">\n<td colspan=\"1\"><span class=\"block px-4\">Dust bag lentgth max.<\/span><\/td>\n<td class=\"text-center\">\n<div class=\"px-10 md:px-20 flex items-center justify-center\">m<\/div>\n<\/td>\n<td class=\"text-center will-change\">\n<div class=\"px-10 md:px-20 flex items-center justify-center\">3.5<\/div>\n<\/td>\n<\/tr>\n<tr class=\" p-2\">\n<td colspan=\"1\"><span class=\"block px-4\">Product size (l x w x h)<\/span><\/td>\n<td class=\"text-center\">\n<div class=\"px-10 md:px-20 flex items-center justify-center\">mm<\/div>\n<\/td>\n<td class=\"text-center will-change\">\n<div class=\"px-10 md:px-20 flex items-center justify-center\">520 x 400 x 530<\/div>\n<\/td>\n<\/tr>\n<tr class=\"bg-grey-200\/50 p-2\">\n<td colspan=\"1\"><span class=\"block px-4\">Weight<\/span><\/td>\n<td class=\"text-center\">\n<div class=\"px-10 md:px-20 flex items-center justify-center\">kg<\/div>\n<\/td>\n<td class=\"text-center will-change\">\n<div class=\"px-10 md:px-20 flex items-center justify-center\">17.5<\/div>\n<\/td>\n<\/tr>\n<\/tbody>\n<\/table>\n<\/div>\n<\/div>\n<\/div>\n<\/div>\n<\/div>\n<\/section>\n<section class=\"max-w-[1088px] mx-auto w-full px-5 my-10 md:my-12 lg:my-16 xl:my-20 xl:px-0\" data-block=\"link-list\">\n<div class=\"max-w-[1088px] mx-auto\">\n<div class=\"md:text-center\">\n<ul>\n<li class=\"flex items-center gap-5 text-sm text-black mt-3 md:text-base lg:text-lg\"><strong>Convient pour\u00a0:<\/strong><\/li>\n<\/ul>\n<\/div>\n<div class=\"mt-6 max-w-4xl mx-auto\">\n<div class=\"flex flex-wrap md:ml-20\">\n<div class=\"w-full md:w-1\/2 auto-bullets md:pr-16\">\n<ul>\n<li class=\"flex items-center gap-5 text-sm text-black mt-3 md:text-base lg:text-lg\">B\u00e2timents commerciaux<br \/>\nConstruction<br \/>\nIndustrie, usines et production<br \/>\nSoci\u00e9t\u00e9s de location<br \/>\nR\u00e9paration apr\u00e8s d\u00e9g\u00e2ts des eaux<\/li>\n<\/ul>\n<\/div>\n<\/div>\n<\/div>\n<\/div>\n<\/section>\n","protected":false},"excerpt":{"rendered":"<div class=\"max-w-4xl\">\n<div class=\"text-xl font-bold mt-1 md:mt-2\">Venteur axiale avec sac \u00e0 poussi\u00e8re pour l&rsquo;aspiration des poussi\u00e8res<\/div>\n<\/div>\n<div class=\"grid grid-cols-1 gap-8 md:grid-cols-2 lg:gap-12 xl:gap-20\">\n<div class=\"w-full lg:sticky\" data-sticky-sidebar=\"\">\n<div class=\"swiper border border-grey-300 relative swiper-fade swiper-initialized swiper-horizontal swiper-watch-progress swiper-backface-hidden\" data-swipe-product=\"\">\n<div class=\"absolute z-[4] top-0 right-0 pointer-events-none\">\n<figure><img decoding=\"async\" src=\"https:\/\/dantherm-group-cdn.s3.amazonaws.com\/media\/brands\/DG-Banners-Rebranding-HEYLO-to-MASTER-EN.jpg\" alt=\"\" \/><\/figure>\n<p>Le ventilateur axial PowerVent 3000 concentre l&rsquo;air \u00e0 haute pression et, en plus de la ventilation, est particuli\u00e8rement adapt\u00e9 \u00e0 l&rsquo;aspiration des poussi\u00e8res. Le raccordement de sacs \u00e0 poussi\u00e8re de classe M c\u00f4t\u00e9 sortie permet d&rsquo;aspirer les poussi\u00e8res et les salet\u00e9s g\u00eanantes sur les chantiers de construction de divers corps de m\u00e9tier.<\/p>\n<p>Des tuyaux d&rsquo;air jusqu&rsquo;\u00e0 45\u00a0m de long peuvent \u00eatre raccord\u00e9s pour la ventilation ou l&rsquo;acc\u00e9l\u00e9ration du s\u00e9chage. De cette fa\u00e7on, l&rsquo;air frais peut \u00eatre achemin\u00e9 vers les pi\u00e8ces les plus \u00e9loign\u00e9es et l&rsquo;air vici\u00e9 peut y \u00eatre extrait.<\/p>\n<p>Le purificateur d&rsquo;air combin\u00e9 convient \u00e0 l&rsquo;aspiration des poussi\u00e8res lors des travaux de pl\u00e2trage et de burinage, de meulage, de sciage, de carrelage et de peinture. Gr\u00e2ce au raccordement de flexibles d&rsquo;air, il permet \u00e9galement la ventilation des puits ou des conteneurs et l&rsquo;acc\u00e9l\u00e9ration du s\u00e9chage, notamment dans les espaces creux.<\/p>\n<\/div>\n<\/div>\n<\/div>\n<\/div>\n","protected":false},"featured_media":27571,"template":"","meta":[],"product_brand":[],"product_cat":[637,412],"product_tag":[],"class_list":{"0":"post-27576","1":"product","2":"type-product","3":"status-publish","4":"has-post-thumbnail","6":"product_cat-purificateur-dair-nettoyant-poussiere","7":"product_cat-climatisation-deshumidificateur-dair-ventilateur-fr-ventilation","9":"first","10":"instock","11":"shipping-taxable","12":"product-type-simple"},"yoast_head":"<!-- This site is optimized with the Yoast SEO plugin v27.1.1 - https:\/\/yoast.com\/product\/yoast-seo-wordpress\/ -->\n<title>Heylo PV 3000 Combi \u2013 Aspiration des poussi\u00e8res Aspirateur de chantier - GeoClimate.ge<\/title>\n<meta name=\"robots\" content=\"index, follow, max-snippet:-1, max-image-preview:large, max-video-preview:-1\" \/>\n<link rel=\"canonical\" href=\"https:\/\/geoclimate.ge\/fr\/produit\/heylo-pv-3000-combi-dust-extraction\/\" \/>\n<meta property=\"og:locale\" content=\"fr_FR\" \/>\n<meta property=\"og:type\" content=\"article\" \/>\n<meta property=\"og:title\" content=\"Heylo PV 3000 Combi \u2013 Aspiration des poussi\u00e8res Aspirateur de chantier - GeoClimate.ge\" \/>\n<meta property=\"og:description\" content=\"Venteur axiale avec sac \u00e0 poussi\u00e8re pour l&#039;aspiration des poussi\u00e8res       Le ventilateur axial PowerVent 3000 concentre l&#039;air \u00e0 haute pression et, en plus de la ventilation, est particuli\u00e8rement adapt\u00e9 \u00e0 l&#039;aspiration des poussi\u00e8res. Le raccordement de sacs \u00e0 poussi\u00e8re de classe M c\u00f4t\u00e9 sortie permet d&#039;aspirer les poussi\u00e8res et les salet\u00e9s g\u00eanantes sur les chantiers de construction de divers corps de m\u00e9tier.  Des tuyaux d&#039;air jusqu&#039;\u00e0 45\u00a0m de long peuvent \u00eatre raccord\u00e9s pour la ventilation ou l&#039;acc\u00e9l\u00e9ration du s\u00e9chage. De cette fa\u00e7on, l&#039;air frais peut \u00eatre achemin\u00e9 vers les pi\u00e8ces les plus \u00e9loign\u00e9es et l&#039;air vici\u00e9 peut y \u00eatre extrait.  Le purificateur d&#039;air combin\u00e9 convient \u00e0 l&#039;aspiration des poussi\u00e8res lors des travaux de pl\u00e2trage et de burinage, de meulage, de sciage, de carrelage et de peinture. Gr\u00e2ce au raccordement de flexibles d&#039;air, il permet \u00e9galement la ventilation des puits ou des conteneurs et l&#039;acc\u00e9l\u00e9ration du s\u00e9chage, notamment dans les espaces creux.\" \/>\n<meta property=\"og:url\" content=\"https:\/\/geoclimate.ge\/fr\/produit\/heylo-pv-3000-combi-dust-extraction\/\" \/>\n<meta property=\"og:site_name\" content=\"GeoClimate.ge\" \/>\n<meta property=\"article:modified_time\" content=\"2025-04-05T17:22:21+00:00\" \/>\n<meta property=\"og:image\" content=\"https:\/\/geoclimate.ge\/wp-content\/uploads\/2025\/04\/Heylo-Ventilator-PV-3000-Kombi.jpg\" \/>\n\t<meta property=\"og:image:width\" content=\"1000\" \/>\n\t<meta property=\"og:image:height\" content=\"1000\" \/>\n\t<meta property=\"og:image:type\" content=\"image\/jpeg\" \/>\n<meta name=\"twitter:card\" content=\"summary_large_image\" \/>\n<meta name=\"twitter:label1\" content=\"Dur\u00e9e de lecture estim\u00e9e\" \/>\n\t<meta name=\"twitter:data1\" content=\"1 minute\" \/>\n<script type=\"application\/ld+json\" class=\"yoast-schema-graph\">{\"@context\":\"https:\/\/schema.org\",\"@graph\":[{\"@type\":\"WebPage\",\"@id\":\"https:\/\/geoclimate.ge\/fr\/produit\/heylo-pv-3000-combi-dust-extraction\/\",\"url\":\"https:\/\/geoclimate.ge\/fr\/produit\/heylo-pv-3000-combi-dust-extraction\/\",\"name\":\"Heylo PV 3000 Combi \u2013 Aspiration des poussi\u00e8res Aspirateur de chantier - GeoClimate.ge\",\"isPartOf\":{\"@id\":\"https:\/\/geoclimate.ge\/#website\"},\"primaryImageOfPage\":{\"@id\":\"https:\/\/geoclimate.ge\/fr\/produit\/heylo-pv-3000-combi-dust-extraction\/#primaryimage\"},\"image\":{\"@id\":\"https:\/\/geoclimate.ge\/fr\/produit\/heylo-pv-3000-combi-dust-extraction\/#primaryimage\"},\"thumbnailUrl\":\"https:\/\/geoclimate.ge\/wp-content\/uploads\/2025\/04\/Heylo-Ventilator-PV-3000-Kombi.jpg\",\"datePublished\":\"2024-01-25T18:33:24+00:00\",\"dateModified\":\"2025-04-05T17:22:21+00:00\",\"breadcrumb\":{\"@id\":\"https:\/\/geoclimate.ge\/fr\/produit\/heylo-pv-3000-combi-dust-extraction\/#breadcrumb\"},\"inLanguage\":\"fr-FR\",\"potentialAction\":[{\"@type\":\"ReadAction\",\"target\":[\"https:\/\/geoclimate.ge\/fr\/produit\/heylo-pv-3000-combi-dust-extraction\/\"]}]},{\"@type\":\"ImageObject\",\"inLanguage\":\"fr-FR\",\"@id\":\"https:\/\/geoclimate.ge\/fr\/produit\/heylo-pv-3000-combi-dust-extraction\/#primaryimage\",\"url\":\"https:\/\/geoclimate.ge\/wp-content\/uploads\/2025\/04\/Heylo-Ventilator-PV-3000-Kombi.jpg\",\"contentUrl\":\"https:\/\/geoclimate.ge\/wp-content\/uploads\/2025\/04\/Heylo-Ventilator-PV-3000-Kombi.jpg\",\"width\":1000,\"height\":1000},{\"@type\":\"BreadcrumbList\",\"@id\":\"https:\/\/geoclimate.ge\/fr\/produit\/heylo-pv-3000-combi-dust-extraction\/#breadcrumb\",\"itemListElement\":[{\"@type\":\"ListItem\",\"position\":1,\"name\":\"Home\",\"item\":\"https:\/\/geoclimate.ge\/fr\/\"},{\"@type\":\"ListItem\",\"position\":2,\"name\":\"Products\",\"item\":\"https:\/\/geoclimate.ge\/fr\/products\/\"},{\"@type\":\"ListItem\",\"position\":3,\"name\":\"Heylo PV 3000 Combi \u2013 Aspiration des poussi\u00e8res Aspirateur de chantier\"}]},{\"@type\":\"WebSite\",\"@id\":\"https:\/\/geoclimate.ge\/#website\",\"url\":\"https:\/\/geoclimate.ge\/\",\"name\":\"GeoClimate\",\"description\":\"\",\"publisher\":{\"@id\":\"https:\/\/geoclimate.ge\/#organization\"},\"potentialAction\":[{\"@type\":\"SearchAction\",\"target\":{\"@type\":\"EntryPoint\",\"urlTemplate\":\"https:\/\/geoclimate.ge\/?s={search_term_string}\"},\"query-input\":{\"@type\":\"PropertyValueSpecification\",\"valueRequired\":true,\"valueName\":\"search_term_string\"}}],\"inLanguage\":\"fr-FR\"},{\"@type\":\"Organization\",\"@id\":\"https:\/\/geoclimate.ge\/#organization\",\"name\":\"GeoClimate\",\"url\":\"https:\/\/geoclimate.ge\/\",\"logo\":{\"@type\":\"ImageObject\",\"inLanguage\":\"fr-FR\",\"@id\":\"https:\/\/geoclimate.ge\/#\/schema\/logo\/image\/\",\"url\":\"https:\/\/geoclimate.ge\/wp-content\/uploads\/2026\/03\/geoclimate-SEO.png\",\"contentUrl\":\"https:\/\/geoclimate.ge\/wp-content\/uploads\/2026\/03\/geoclimate-SEO.png\",\"width\":1536,\"height\":1024,\"caption\":\"GeoClimate\"},\"image\":{\"@id\":\"https:\/\/geoclimate.ge\/#\/schema\/logo\/image\/\"}}]}<\/script>\n<!-- \/ Yoast SEO plugin. -->","yoast_head_json":{"title":"Heylo PV 3000 Combi \u2013 Aspiration des poussi\u00e8res Aspirateur de chantier - GeoClimate.ge","robots":{"index":"index","follow":"follow","max-snippet":"max-snippet:-1","max-image-preview":"max-image-preview:large","max-video-preview":"max-video-preview:-1"},"canonical":"https:\/\/geoclimate.ge\/fr\/produit\/heylo-pv-3000-combi-dust-extraction\/","og_locale":"fr_FR","og_type":"article","og_title":"Heylo PV 3000 Combi \u2013 Aspiration des poussi\u00e8res Aspirateur de chantier - GeoClimate.ge","og_description":"Venteur axiale avec sac \u00e0 poussi\u00e8re pour l'aspiration des poussi\u00e8res       Le ventilateur axial PowerVent 3000 concentre l'air \u00e0 haute pression et, en plus de la ventilation, est particuli\u00e8rement adapt\u00e9 \u00e0 l'aspiration des poussi\u00e8res. Le raccordement de sacs \u00e0 poussi\u00e8re de classe M c\u00f4t\u00e9 sortie permet d'aspirer les poussi\u00e8res et les salet\u00e9s g\u00eanantes sur les chantiers de construction de divers corps de m\u00e9tier.  Des tuyaux d'air jusqu'\u00e0 45\u00a0m de long peuvent \u00eatre raccord\u00e9s pour la ventilation ou l'acc\u00e9l\u00e9ration du s\u00e9chage. De cette fa\u00e7on, l'air frais peut \u00eatre achemin\u00e9 vers les pi\u00e8ces les plus \u00e9loign\u00e9es et l'air vici\u00e9 peut y \u00eatre extrait.  Le purificateur d'air combin\u00e9 convient \u00e0 l'aspiration des poussi\u00e8res lors des travaux de pl\u00e2trage et de burinage, de meulage, de sciage, de carrelage et de peinture. Gr\u00e2ce au raccordement de flexibles d'air, il permet \u00e9galement la ventilation des puits ou des conteneurs et l'acc\u00e9l\u00e9ration du s\u00e9chage, notamment dans les espaces creux.","og_url":"https:\/\/geoclimate.ge\/fr\/produit\/heylo-pv-3000-combi-dust-extraction\/","og_site_name":"GeoClimate.ge","article_modified_time":"2025-04-05T17:22:21+00:00","og_image":[{"width":1000,"height":1000,"url":"https:\/\/geoclimate.ge\/wp-content\/uploads\/2025\/04\/Heylo-Ventilator-PV-3000-Kombi.jpg","type":"image\/jpeg"}],"twitter_card":"summary_large_image","twitter_misc":{"Dur\u00e9e de lecture estim\u00e9e":"1 minute"},"schema":{"@context":"https:\/\/schema.org","@graph":[{"@type":"WebPage","@id":"https:\/\/geoclimate.ge\/fr\/produit\/heylo-pv-3000-combi-dust-extraction\/","url":"https:\/\/geoclimate.ge\/fr\/produit\/heylo-pv-3000-combi-dust-extraction\/","name":"Heylo PV 3000 Combi \u2013 Aspiration des poussi\u00e8res Aspirateur de chantier - GeoClimate.ge","isPartOf":{"@id":"https:\/\/geoclimate.ge\/#website"},"primaryImageOfPage":{"@id":"https:\/\/geoclimate.ge\/fr\/produit\/heylo-pv-3000-combi-dust-extraction\/#primaryimage"},"image":{"@id":"https:\/\/geoclimate.ge\/fr\/produit\/heylo-pv-3000-combi-dust-extraction\/#primaryimage"},"thumbnailUrl":"https:\/\/geoclimate.ge\/wp-content\/uploads\/2025\/04\/Heylo-Ventilator-PV-3000-Kombi.jpg","datePublished":"2024-01-25T18:33:24+00:00","dateModified":"2025-04-05T17:22:21+00:00","breadcrumb":{"@id":"https:\/\/geoclimate.ge\/fr\/produit\/heylo-pv-3000-combi-dust-extraction\/#breadcrumb"},"inLanguage":"fr-FR","potentialAction":[{"@type":"ReadAction","target":["https:\/\/geoclimate.ge\/fr\/produit\/heylo-pv-3000-combi-dust-extraction\/"]}]},{"@type":"ImageObject","inLanguage":"fr-FR","@id":"https:\/\/geoclimate.ge\/fr\/produit\/heylo-pv-3000-combi-dust-extraction\/#primaryimage","url":"https:\/\/geoclimate.ge\/wp-content\/uploads\/2025\/04\/Heylo-Ventilator-PV-3000-Kombi.jpg","contentUrl":"https:\/\/geoclimate.ge\/wp-content\/uploads\/2025\/04\/Heylo-Ventilator-PV-3000-Kombi.jpg","width":1000,"height":1000},{"@type":"BreadcrumbList","@id":"https:\/\/geoclimate.ge\/fr\/produit\/heylo-pv-3000-combi-dust-extraction\/#breadcrumb","itemListElement":[{"@type":"ListItem","position":1,"name":"Home","item":"https:\/\/geoclimate.ge\/fr\/"},{"@type":"ListItem","position":2,"name":"Products","item":"https:\/\/geoclimate.ge\/fr\/products\/"},{"@type":"ListItem","position":3,"name":"Heylo PV 3000 Combi \u2013 Aspiration des poussi\u00e8res Aspirateur de chantier"}]},{"@type":"WebSite","@id":"https:\/\/geoclimate.ge\/#website","url":"https:\/\/geoclimate.ge\/","name":"GeoClimate","description":"","publisher":{"@id":"https:\/\/geoclimate.ge\/#organization"},"potentialAction":[{"@type":"SearchAction","target":{"@type":"EntryPoint","urlTemplate":"https:\/\/geoclimate.ge\/?s={search_term_string}"},"query-input":{"@type":"PropertyValueSpecification","valueRequired":true,"valueName":"search_term_string"}}],"inLanguage":"fr-FR"},{"@type":"Organization","@id":"https:\/\/geoclimate.ge\/#organization","name":"GeoClimate","url":"https:\/\/geoclimate.ge\/","logo":{"@type":"ImageObject","inLanguage":"fr-FR","@id":"https:\/\/geoclimate.ge\/#\/schema\/logo\/image\/","url":"https:\/\/geoclimate.ge\/wp-content\/uploads\/2026\/03\/geoclimate-SEO.png","contentUrl":"https:\/\/geoclimate.ge\/wp-content\/uploads\/2026\/03\/geoclimate-SEO.png","width":1536,"height":1024,"caption":"GeoClimate"},"image":{"@id":"https:\/\/geoclimate.ge\/#\/schema\/logo\/image\/"}}]}},"_links":{"self":[{"href":"https:\/\/geoclimate.ge\/fr\/wp-json\/wp\/v2\/product\/27576","targetHints":{"allow":["GET"]}}],"collection":[{"href":"https:\/\/geoclimate.ge\/fr\/wp-json\/wp\/v2\/product"}],"about":[{"href":"https:\/\/geoclimate.ge\/fr\/wp-json\/wp\/v2\/types\/product"}],"wp:featuredmedia":[{"embeddable":true,"href":"https:\/\/geoclimate.ge\/fr\/wp-json\/wp\/v2\/media\/27571"}],"wp:attachment":[{"href":"https:\/\/geoclimate.ge\/fr\/wp-json\/wp\/v2\/media?parent=27576"}],"wp:term":[{"taxonomy":"product_brand","embeddable":true,"href":"https:\/\/geoclimate.ge\/fr\/wp-json\/wp\/v2\/product_brand?post=27576"},{"taxonomy":"product_cat","embeddable":true,"href":"https:\/\/geoclimate.ge\/fr\/wp-json\/wp\/v2\/product_cat?post=27576"},{"taxonomy":"product_tag","embeddable":true,"href":"https:\/\/geoclimate.ge\/fr\/wp-json\/wp\/v2\/product_tag?post=27576"}],"curies":[{"name":"wp","href":"https:\/\/api.w.org\/{rel}","templated":true}]}}