{"id":27627,"date":"2024-01-25T22:31:19","date_gmt":"2024-01-25T18:31:19","guid":{"rendered":"https:\/\/airsystems.ge\/shop\/product\/heylo-farbstop-3000-overspray-extraction\/"},"modified":"2025-04-05T22:47:51","modified_gmt":"2025-04-05T18:47:51","slug":"heylo-farbstop-3000-overspray-extraction","status":"publish","type":"product","link":"https:\/\/geoclimate.ge\/fr\/produit\/heylo-farbstop-3000-overspray-extraction\/","title":{"rendered":"Heylo FarbStop 3000 \u2013 Aspiration des brouillards de peinture"},"content":{"rendered":"<section class=\"max-w-[1088px] mx-auto w-full px-5 my-10 md:my-12 lg:my-16 xl:my-20 xl:px-0\" data-block=\"bullet-list\">\n<div class=\"md:text-center\">\n<h3 class=\"text-black font-bold text-lg md:text-xl lg:text-2xl\">Caract\u00e9ristiques principales<\/h3>\n<\/div>\n<div class=\"mt-6 md:mt-10\">\n<div class=\"flex flex-wrap\">\n<div class=\"w-full md:w-1\/2 auto-bullets md:pr-16\">\n<ul>\n<li class=\"text-sm md:text-base text-black mt-3 flex items-start\">\n<div class=\"pl-5\">\n<p>Pour l&rsquo;aspiration des brouillards de peinture lors des travaux de pulv\u00e9risation sur chantier ou en atelier<br \/>\nD\u00e9bit d&rsquo;air \u00e9lev\u00e9<br \/>\nAspiration directe des poussi\u00e8res, salet\u00e9s et brouillards de peinture<br \/>\nTransport rapide<br \/>\nAspiration cibl\u00e9e possible gr\u00e2ce au raccordement d&rsquo;une gaine d&rsquo;air<\/p>\n<\/div>\n<\/li>\n<\/ul>\n<\/div>\n<\/div>\n<\/div>\n<\/section>\n<section class=\"max-w-[1088px] mx-auto w-full px-5 my-10 md:my-12 lg:my-16 xl:my-20 xl:px-0\" data-block=\"product-specifications\">\n<div class=\"md:text-center\">\n<h3 class=\"text-black font-bold text-lg md:text-xl lg:text-2xl\"><strong>Product specifications<\/strong><\/h3>\n<\/div>\n<div class=\" md:mt-10\">\n<div class=\"\">\n<div class=\"lg:mt-0 \">\n<div id=\"spec-farbstop-3000\" class=\"prose max-w-full md:overflow-auto\" data-spec-content=\"\">\n<div class=\"spreadsheet-container hidden md:block\">\n<table class=\"w-full table-fixed mb-0\">\n<thead>\n<tr>\n<th class=\"font-bold text-base\"><span class=\"block px-4\">Specifications<\/span><\/th>\n<th class=\"font-bold text-base text-center\"><span class=\"block px-10 md:px-20\">Units<\/span><\/th>\n<th class=\"font-bold text-base text-center will-change\"><span class=\"block px-4\">FarbStop\u00a03000<\/span><\/th>\n<\/tr>\n<\/thead>\n<tbody>\n<tr class=\"bg-grey-200\/50 p-2\">\n<td colspan=\"1\"><span class=\"block px-4\">Fan air flow rate max.<\/span><\/td>\n<td class=\"text-center\">\n<div class=\"px-10 md:px-20 flex items-center justify-center\">m\u00b3\/h<\/div>\n<\/td>\n<td class=\"text-center will-change\">\n<div class=\"px-10 md:px-20 flex items-center justify-center\">3,102<\/div>\n<\/td>\n<\/tr>\n<tr class=\" p-2\">\n<td colspan=\"1\"><span class=\"block px-4\">Power supply<\/span><\/td>\n<td class=\"text-center\">\n<div class=\"px-10 md:px-20 flex items-center justify-center\">V\/Hz<\/div>\n<\/td>\n<td class=\"text-center will-change\">\n<div class=\"px-10 md:px-20 flex items-center justify-center\">230\/1ph\/50<\/div>\n<\/td>\n<\/tr>\n<tr class=\"bg-grey-200\/50 p-2\">\n<td colspan=\"1\"><span class=\"block px-4\">Included filter<\/span><\/td>\n<td class=\"text-center\">\n<div class=\"px-10 md:px-20 flex items-center justify-center\"><\/div>\n<\/td>\n<td class=\"text-center will-change\">\n<div class=\"px-10 md:px-20 flex items-center justify-center\">Paint overspray filter (only for sovent-free colours)<\/div>\n<\/td>\n<\/tr>\n<tr class=\" p-2\">\n<td colspan=\"1\"><span class=\"block px-4\">Sound level @3m<\/span><\/td>\n<td class=\"text-center\">\n<div class=\"px-10 md:px-20 flex items-center justify-center\">dB(A)<\/div>\n<\/td>\n<td class=\"text-center will-change\">\n<div class=\"px-10 md:px-20 flex items-center justify-center\">78<\/div>\n<\/td>\n<\/tr>\n<tr class=\"bg-grey-200\/50 p-2\">\n<td colspan=\"1\"><span class=\"block px-4\">Product size filter housing (l x w x h)<\/span><\/td>\n<td class=\"text-center\">\n<div class=\"px-10 md:px-20 flex items-center justify-center\">mm<\/div>\n<\/td>\n<td class=\"text-center will-change\">\n<div class=\"px-10 md:px-20 flex items-center justify-center\">450 x 430 x 450<\/div>\n<\/td>\n<\/tr>\n<tr class=\" p-2\">\n<td colspan=\"1\"><span class=\"block px-4\">Weight<\/span><\/td>\n<td class=\"text-center\">\n<div class=\"px-10 md:px-20 flex items-center justify-center\">kg<\/div>\n<\/td>\n<td class=\"text-center will-change\">\n<div class=\"px-10 md:px-20 flex items-center justify-center\">29<\/div>\n<\/td>\n<\/tr>\n<\/tbody>\n<\/table>\n<\/div>\n<\/div>\n<\/div>\n<\/div>\n<\/div>\n<\/section>\n<section class=\"max-w-[1088px] mx-auto w-full px-5 my-10 md:my-12 lg:my-16 xl:my-20 xl:px-0\" data-block=\"link-list\">\n<div class=\"max-w-[1088px] mx-auto\">\n<div class=\"md:text-center\">\n<ul>\n<li class=\"flex items-center gap-5 text-sm text-black mt-3 md:text-base lg:text-lg\"><strong>Convient pour\u00a0:<\/strong><\/li>\n<\/ul>\n<\/div>\n<div class=\"mt-6 max-w-4xl mx-auto\">\n<div class=\"flex flex-wrap md:ml-20\">\n<div class=\"w-full md:w-1\/2 auto-bullets md:pr-16\">\n<ul>\n<li class=\"flex items-center gap-5 text-sm text-black mt-3 md:text-base lg:text-lg\">B\u00e2timents commerciaux<br \/>\nConstruction<br \/>\nIndustrie, usines et production<br \/>\nLoisirs et loisirs<br \/>\nLocations<\/li>\n<\/ul>\n<\/div>\n<\/div>\n<\/div>\n<\/div>\n<\/section>\n","protected":false},"excerpt":{"rendered":"<div class=\"max-w-4xl\">\n<div class=\"text-xl font-bold mt-1 md:mt-2\">Aspiration directe des poussi\u00e8res avec ventilateur et filtre \u00e0 brouillard<\/div>\n<\/div>\n<figure><img decoding=\"async\" src=\"https:\/\/dantherm-group-cdn.s3.amazonaws.com\/media\/brands\/DG-Banners-Rebranding-HEYLO-to-MASTER-EN.jpg\" alt=\"\" \/><\/figure>\n<p>Aspiration mobile des brouillards de peinture \u2013 pour une utilisation en atelier et sur chantier.<\/p>\n<p>FarbStop comprend\u00a0: ventilateur PowerVent 3000 + bo\u00eetier de filtre + filtre \u00e0 brouillard sec<\/p>\n<p>De nos jours, les grandes surfaces ou les peintures de haute qualit\u00e9 sont g\u00e9n\u00e9ralement appliqu\u00e9es \u00e0 l&rsquo;air comprim\u00e9 ou sans air. Le brouillard d&rsquo;encre qui en r\u00e9sulte doit \u00eatre aspir\u00e9 en toute s\u00e9curit\u00e9.<\/p>\n<p>FarbStop (Combi en combinaison avec le ventilateur PowerVent 3000) est une solution pratique et rapide \u00e0 installer pour extraire imm\u00e9diatement et de mani\u00e8re flexible les brouillards de pulv\u00e9risation lors des travaux de peinture, sur chantier ou en atelier.<\/p>\n<p>Pour l&rsquo;extraction des poussi\u00e8res, des filtres \u00e0 poussi\u00e8re peuvent \u00eatre utilis\u00e9s. D\u00e9couvrez StaubStop.<\/p>\n","protected":false},"featured_media":27616,"template":"","meta":[],"product_brand":[],"product_cat":[637,412],"product_tag":[],"class_list":{"0":"post-27627","1":"product","2":"type-product","3":"status-publish","4":"has-post-thumbnail","6":"product_cat-purificateur-dair-nettoyant-poussiere","7":"product_cat-climatisation-deshumidificateur-dair-ventilateur-fr-ventilation","9":"first","10":"instock","11":"shipping-taxable","12":"product-type-simple"},"yoast_head":"<!-- This site is optimized with the Yoast SEO plugin v27.1.1 - https:\/\/yoast.com\/product\/yoast-seo-wordpress\/ -->\n<title>Heylo FarbStop 3000 \u2013 Aspiration des brouillards de peinture - GeoClimate.ge<\/title>\n<meta name=\"robots\" content=\"index, follow, max-snippet:-1, max-image-preview:large, max-video-preview:-1\" \/>\n<link rel=\"canonical\" href=\"https:\/\/geoclimate.ge\/fr\/produit\/heylo-farbstop-3000-overspray-extraction\/\" \/>\n<meta property=\"og:locale\" content=\"fr_FR\" \/>\n<meta property=\"og:type\" content=\"article\" \/>\n<meta property=\"og:title\" content=\"Heylo FarbStop 3000 \u2013 Aspiration des brouillards de peinture - GeoClimate.ge\" \/>\n<meta property=\"og:description\" content=\"Aspiration directe des poussi\u00e8res avec ventilateur et filtre \u00e0 brouillard   Aspiration mobile des brouillards de peinture \u2013 pour une utilisation en atelier et sur chantier.  FarbStop comprend\u00a0: ventilateur PowerVent 3000 + bo\u00eetier de filtre + filtre \u00e0 brouillard sec  De nos jours, les grandes surfaces ou les peintures de haute qualit\u00e9 sont g\u00e9n\u00e9ralement appliqu\u00e9es \u00e0 l&#039;air comprim\u00e9 ou sans air. Le brouillard d&#039;encre qui en r\u00e9sulte doit \u00eatre aspir\u00e9 en toute s\u00e9curit\u00e9.  FarbStop (Combi en combinaison avec le ventilateur PowerVent 3000) est une solution pratique et rapide \u00e0 installer pour extraire imm\u00e9diatement et de mani\u00e8re flexible les brouillards de pulv\u00e9risation lors des travaux de peinture, sur chantier ou en atelier.  Pour l&#039;extraction des poussi\u00e8res, des filtres \u00e0 poussi\u00e8re peuvent \u00eatre utilis\u00e9s. D\u00e9couvrez StaubStop.\" \/>\n<meta property=\"og:url\" content=\"https:\/\/geoclimate.ge\/fr\/produit\/heylo-farbstop-3000-overspray-extraction\/\" \/>\n<meta property=\"og:site_name\" content=\"GeoClimate.ge\" \/>\n<meta property=\"article:modified_time\" content=\"2025-04-05T18:47:51+00:00\" \/>\n<meta property=\"og:image\" content=\"https:\/\/geoclimate.ge\/wp-content\/uploads\/2025\/04\/Heylo-Luftreiniger-FarbStop-3000.jpg\" \/>\n\t<meta property=\"og:image:width\" content=\"1000\" \/>\n\t<meta property=\"og:image:height\" content=\"1000\" \/>\n\t<meta property=\"og:image:type\" content=\"image\/jpeg\" \/>\n<meta name=\"twitter:card\" content=\"summary_large_image\" \/>\n<meta name=\"twitter:label1\" content=\"Dur\u00e9e de lecture estim\u00e9e\" \/>\n\t<meta name=\"twitter:data1\" content=\"1 minute\" \/>\n<script type=\"application\/ld+json\" class=\"yoast-schema-graph\">{\"@context\":\"https:\/\/schema.org\",\"@graph\":[{\"@type\":\"WebPage\",\"@id\":\"https:\/\/geoclimate.ge\/fr\/produit\/heylo-farbstop-3000-overspray-extraction\/\",\"url\":\"https:\/\/geoclimate.ge\/fr\/produit\/heylo-farbstop-3000-overspray-extraction\/\",\"name\":\"Heylo FarbStop 3000 \u2013 Aspiration des brouillards de peinture - GeoClimate.ge\",\"isPartOf\":{\"@id\":\"https:\/\/geoclimate.ge\/#website\"},\"primaryImageOfPage\":{\"@id\":\"https:\/\/geoclimate.ge\/fr\/produit\/heylo-farbstop-3000-overspray-extraction\/#primaryimage\"},\"image\":{\"@id\":\"https:\/\/geoclimate.ge\/fr\/produit\/heylo-farbstop-3000-overspray-extraction\/#primaryimage\"},\"thumbnailUrl\":\"https:\/\/geoclimate.ge\/wp-content\/uploads\/2025\/04\/Heylo-Luftreiniger-FarbStop-3000.jpg\",\"datePublished\":\"2024-01-25T18:31:19+00:00\",\"dateModified\":\"2025-04-05T18:47:51+00:00\",\"breadcrumb\":{\"@id\":\"https:\/\/geoclimate.ge\/fr\/produit\/heylo-farbstop-3000-overspray-extraction\/#breadcrumb\"},\"inLanguage\":\"fr-FR\",\"potentialAction\":[{\"@type\":\"ReadAction\",\"target\":[\"https:\/\/geoclimate.ge\/fr\/produit\/heylo-farbstop-3000-overspray-extraction\/\"]}]},{\"@type\":\"ImageObject\",\"inLanguage\":\"fr-FR\",\"@id\":\"https:\/\/geoclimate.ge\/fr\/produit\/heylo-farbstop-3000-overspray-extraction\/#primaryimage\",\"url\":\"https:\/\/geoclimate.ge\/wp-content\/uploads\/2025\/04\/Heylo-Luftreiniger-FarbStop-3000.jpg\",\"contentUrl\":\"https:\/\/geoclimate.ge\/wp-content\/uploads\/2025\/04\/Heylo-Luftreiniger-FarbStop-3000.jpg\",\"width\":1000,\"height\":1000},{\"@type\":\"BreadcrumbList\",\"@id\":\"https:\/\/geoclimate.ge\/fr\/produit\/heylo-farbstop-3000-overspray-extraction\/#breadcrumb\",\"itemListElement\":[{\"@type\":\"ListItem\",\"position\":1,\"name\":\"Home\",\"item\":\"https:\/\/geoclimate.ge\/fr\/\"},{\"@type\":\"ListItem\",\"position\":2,\"name\":\"Products\",\"item\":\"https:\/\/geoclimate.ge\/fr\/products\/\"},{\"@type\":\"ListItem\",\"position\":3,\"name\":\"Heylo FarbStop 3000 \u2013 Aspiration des brouillards de peinture\"}]},{\"@type\":\"WebSite\",\"@id\":\"https:\/\/geoclimate.ge\/#website\",\"url\":\"https:\/\/geoclimate.ge\/\",\"name\":\"GeoClimate\",\"description\":\"\",\"publisher\":{\"@id\":\"https:\/\/geoclimate.ge\/#organization\"},\"potentialAction\":[{\"@type\":\"SearchAction\",\"target\":{\"@type\":\"EntryPoint\",\"urlTemplate\":\"https:\/\/geoclimate.ge\/?s={search_term_string}\"},\"query-input\":{\"@type\":\"PropertyValueSpecification\",\"valueRequired\":true,\"valueName\":\"search_term_string\"}}],\"inLanguage\":\"fr-FR\"},{\"@type\":\"Organization\",\"@id\":\"https:\/\/geoclimate.ge\/#organization\",\"name\":\"GeoClimate\",\"url\":\"https:\/\/geoclimate.ge\/\",\"logo\":{\"@type\":\"ImageObject\",\"inLanguage\":\"fr-FR\",\"@id\":\"https:\/\/geoclimate.ge\/#\/schema\/logo\/image\/\",\"url\":\"https:\/\/geoclimate.ge\/wp-content\/uploads\/2026\/03\/geoclimate-SEO.png\",\"contentUrl\":\"https:\/\/geoclimate.ge\/wp-content\/uploads\/2026\/03\/geoclimate-SEO.png\",\"width\":1536,\"height\":1024,\"caption\":\"GeoClimate\"},\"image\":{\"@id\":\"https:\/\/geoclimate.ge\/#\/schema\/logo\/image\/\"}}]}<\/script>\n<!-- \/ Yoast SEO plugin. -->","yoast_head_json":{"title":"Heylo FarbStop 3000 \u2013 Aspiration des brouillards de peinture - GeoClimate.ge","robots":{"index":"index","follow":"follow","max-snippet":"max-snippet:-1","max-image-preview":"max-image-preview:large","max-video-preview":"max-video-preview:-1"},"canonical":"https:\/\/geoclimate.ge\/fr\/produit\/heylo-farbstop-3000-overspray-extraction\/","og_locale":"fr_FR","og_type":"article","og_title":"Heylo FarbStop 3000 \u2013 Aspiration des brouillards de peinture - GeoClimate.ge","og_description":"Aspiration directe des poussi\u00e8res avec ventilateur et filtre \u00e0 brouillard   Aspiration mobile des brouillards de peinture \u2013 pour une utilisation en atelier et sur chantier.  FarbStop comprend\u00a0: ventilateur PowerVent 3000 + bo\u00eetier de filtre + filtre \u00e0 brouillard sec  De nos jours, les grandes surfaces ou les peintures de haute qualit\u00e9 sont g\u00e9n\u00e9ralement appliqu\u00e9es \u00e0 l'air comprim\u00e9 ou sans air. Le brouillard d'encre qui en r\u00e9sulte doit \u00eatre aspir\u00e9 en toute s\u00e9curit\u00e9.  FarbStop (Combi en combinaison avec le ventilateur PowerVent 3000) est une solution pratique et rapide \u00e0 installer pour extraire imm\u00e9diatement et de mani\u00e8re flexible les brouillards de pulv\u00e9risation lors des travaux de peinture, sur chantier ou en atelier.  Pour l'extraction des poussi\u00e8res, des filtres \u00e0 poussi\u00e8re peuvent \u00eatre utilis\u00e9s. D\u00e9couvrez StaubStop.","og_url":"https:\/\/geoclimate.ge\/fr\/produit\/heylo-farbstop-3000-overspray-extraction\/","og_site_name":"GeoClimate.ge","article_modified_time":"2025-04-05T18:47:51+00:00","og_image":[{"width":1000,"height":1000,"url":"https:\/\/geoclimate.ge\/wp-content\/uploads\/2025\/04\/Heylo-Luftreiniger-FarbStop-3000.jpg","type":"image\/jpeg"}],"twitter_card":"summary_large_image","twitter_misc":{"Dur\u00e9e de lecture estim\u00e9e":"1 minute"},"schema":{"@context":"https:\/\/schema.org","@graph":[{"@type":"WebPage","@id":"https:\/\/geoclimate.ge\/fr\/produit\/heylo-farbstop-3000-overspray-extraction\/","url":"https:\/\/geoclimate.ge\/fr\/produit\/heylo-farbstop-3000-overspray-extraction\/","name":"Heylo FarbStop 3000 \u2013 Aspiration des brouillards de peinture - GeoClimate.ge","isPartOf":{"@id":"https:\/\/geoclimate.ge\/#website"},"primaryImageOfPage":{"@id":"https:\/\/geoclimate.ge\/fr\/produit\/heylo-farbstop-3000-overspray-extraction\/#primaryimage"},"image":{"@id":"https:\/\/geoclimate.ge\/fr\/produit\/heylo-farbstop-3000-overspray-extraction\/#primaryimage"},"thumbnailUrl":"https:\/\/geoclimate.ge\/wp-content\/uploads\/2025\/04\/Heylo-Luftreiniger-FarbStop-3000.jpg","datePublished":"2024-01-25T18:31:19+00:00","dateModified":"2025-04-05T18:47:51+00:00","breadcrumb":{"@id":"https:\/\/geoclimate.ge\/fr\/produit\/heylo-farbstop-3000-overspray-extraction\/#breadcrumb"},"inLanguage":"fr-FR","potentialAction":[{"@type":"ReadAction","target":["https:\/\/geoclimate.ge\/fr\/produit\/heylo-farbstop-3000-overspray-extraction\/"]}]},{"@type":"ImageObject","inLanguage":"fr-FR","@id":"https:\/\/geoclimate.ge\/fr\/produit\/heylo-farbstop-3000-overspray-extraction\/#primaryimage","url":"https:\/\/geoclimate.ge\/wp-content\/uploads\/2025\/04\/Heylo-Luftreiniger-FarbStop-3000.jpg","contentUrl":"https:\/\/geoclimate.ge\/wp-content\/uploads\/2025\/04\/Heylo-Luftreiniger-FarbStop-3000.jpg","width":1000,"height":1000},{"@type":"BreadcrumbList","@id":"https:\/\/geoclimate.ge\/fr\/produit\/heylo-farbstop-3000-overspray-extraction\/#breadcrumb","itemListElement":[{"@type":"ListItem","position":1,"name":"Home","item":"https:\/\/geoclimate.ge\/fr\/"},{"@type":"ListItem","position":2,"name":"Products","item":"https:\/\/geoclimate.ge\/fr\/products\/"},{"@type":"ListItem","position":3,"name":"Heylo FarbStop 3000 \u2013 Aspiration des brouillards de peinture"}]},{"@type":"WebSite","@id":"https:\/\/geoclimate.ge\/#website","url":"https:\/\/geoclimate.ge\/","name":"GeoClimate","description":"","publisher":{"@id":"https:\/\/geoclimate.ge\/#organization"},"potentialAction":[{"@type":"SearchAction","target":{"@type":"EntryPoint","urlTemplate":"https:\/\/geoclimate.ge\/?s={search_term_string}"},"query-input":{"@type":"PropertyValueSpecification","valueRequired":true,"valueName":"search_term_string"}}],"inLanguage":"fr-FR"},{"@type":"Organization","@id":"https:\/\/geoclimate.ge\/#organization","name":"GeoClimate","url":"https:\/\/geoclimate.ge\/","logo":{"@type":"ImageObject","inLanguage":"fr-FR","@id":"https:\/\/geoclimate.ge\/#\/schema\/logo\/image\/","url":"https:\/\/geoclimate.ge\/wp-content\/uploads\/2026\/03\/geoclimate-SEO.png","contentUrl":"https:\/\/geoclimate.ge\/wp-content\/uploads\/2026\/03\/geoclimate-SEO.png","width":1536,"height":1024,"caption":"GeoClimate"},"image":{"@id":"https:\/\/geoclimate.ge\/#\/schema\/logo\/image\/"}}]}},"_links":{"self":[{"href":"https:\/\/geoclimate.ge\/fr\/wp-json\/wp\/v2\/product\/27627","targetHints":{"allow":["GET"]}}],"collection":[{"href":"https:\/\/geoclimate.ge\/fr\/wp-json\/wp\/v2\/product"}],"about":[{"href":"https:\/\/geoclimate.ge\/fr\/wp-json\/wp\/v2\/types\/product"}],"wp:featuredmedia":[{"embeddable":true,"href":"https:\/\/geoclimate.ge\/fr\/wp-json\/wp\/v2\/media\/27616"}],"wp:attachment":[{"href":"https:\/\/geoclimate.ge\/fr\/wp-json\/wp\/v2\/media?parent=27627"}],"wp:term":[{"taxonomy":"product_brand","embeddable":true,"href":"https:\/\/geoclimate.ge\/fr\/wp-json\/wp\/v2\/product_brand?post=27627"},{"taxonomy":"product_cat","embeddable":true,"href":"https:\/\/geoclimate.ge\/fr\/wp-json\/wp\/v2\/product_cat?post=27627"},{"taxonomy":"product_tag","embeddable":true,"href":"https:\/\/geoclimate.ge\/fr\/wp-json\/wp\/v2\/product_tag?post=27627"}],"curies":[{"name":"wp","href":"https:\/\/api.w.org\/{rel}","templated":true}]}}