{"id":27671,"date":"2024-01-25T22:30:51","date_gmt":"2024-01-25T18:30:51","guid":{"rendered":"https:\/\/airsystems.ge\/shop\/product\/heylo-staubstop-3000-6000-dust-extraction\/"},"modified":"2025-04-05T23:05:16","modified_gmt":"2025-04-05T19:05:16","slug":"heylo-staubstop-3000-6000-dust-extraction","status":"publish","type":"product","link":"https:\/\/geoclimate.ge\/fr\/produit\/heylo-staubstop-3000-6000-dust-extraction\/","title":{"rendered":"Heylo StaubStop 3000-6000 \u2013 Aspiration des poussi\u00e8res"},"content":{"rendered":"<section class=\"max-w-[1088px] mx-auto w-full px-5 my-10 md:my-12 lg:my-16 xl:my-20 xl:px-0\" data-block=\"bullet-list\">\n<div class=\"md:text-center\">\n<h3 class=\"text-black font-bold text-lg md:text-xl lg:text-2xl\">Caract\u00e9ristiques principales<\/h3>\n<\/div>\n<div class=\"mt-6 md:mt-10\">\n<div class=\"flex flex-wrap\">\n<div class=\"w-full md:w-1\/2 auto-bullets md:pr-16\">\n<ul>\n<li class=\"text-sm md:text-base text-black mt-3 flex items-start\">\n<div class=\"pl-5\">Les filtres \u00e0 poussi\u00e8res grossi\u00e8res et fines captent les particules de poussi\u00e8re rapidement et efficacement.<br \/>\nD\u00e9bit d&rsquo;air \u00e9lev\u00e9<br \/>\nLa poussi\u00e8re, la salet\u00e9 et le brouillard de peinture sont aspir\u00e9s directement.<br \/>\nTransport rapide.<br \/>\nAspiration cibl\u00e9e possible gr\u00e2ce au raccordement d&rsquo;une gaine d&rsquo;air.<\/div>\n<\/li>\n<\/ul>\n<\/div>\n<\/div>\n<\/div>\n<\/section>\n<section class=\"max-w-[1088px] mx-auto w-full px-5 my-10 md:my-12 lg:my-16 xl:my-20 xl:px-0\" data-block=\"product-specifications\">\n<div class=\"md:text-center\">\n<h3 class=\"text-black font-bold text-lg md:text-xl lg:text-2xl\"><strong>Product specifications<\/strong><\/h3>\n<\/div>\n<div class=\"mt-6 md:mt-10\">\n<div class=\"lg:flex flex-wrap\">\n<div class=\"lg:mr-10 relative z-[1]\">\n<ul class=\"hidden lg:block\">\n<li>\n<h4 class=\"font-bold\">Select model:<\/h4>\n<\/li>\n<li class=\"mt-2\">StaubStop 3000<\/li>\n<\/ul>\n<div data-mount=\"ProductSpecs\"><\/div>\n<\/div>\n<div class=\"lg:mt-0 md:mt-6 lg:flex-1\">\n<div id=\"spec-staubstop-3000\" class=\"prose max-w-full md:overflow-auto\" data-spec-content=\"\">\n<div class=\"spreadsheet-container hidden md:block\">\n<table class=\"w-full table-fixed mb-0\">\n<thead>\n<tr>\n<th class=\"font-bold text-base\"><span class=\"block px-4\">Specifications<\/span><\/th>\n<th class=\"font-bold text-base text-center\"><span class=\"block px-10 md:px-20\">Units<\/span><\/th>\n<th class=\"font-bold text-base text-center will-change\"><span class=\"block px-4\">StaubStop\u00a03000<\/span><\/th>\n<\/tr>\n<\/thead>\n<tbody>\n<tr class=\"bg-grey-200\/50 p-2\">\n<td colspan=\"1\"><span class=\"block px-4\">Fan air flow rate max.<\/span><\/td>\n<td class=\"text-center\">\n<div class=\"px-10 md:px-20 flex items-center justify-center\">m\u00b3\/h<\/div>\n<\/td>\n<td class=\"text-center will-change\">\n<div class=\"px-10 md:px-20 flex items-center justify-center\">3,102<\/div>\n<\/td>\n<\/tr>\n<tr class=\" p-2\">\n<td colspan=\"1\"><span class=\"block px-4\">Power supply<\/span><\/td>\n<td class=\"text-center\">\n<div class=\"px-10 md:px-20 flex items-center justify-center\">V\/Hz<\/div>\n<\/td>\n<td class=\"text-center will-change\">\n<div class=\"px-10 md:px-20 flex items-center justify-center\">230\/1ph\/50<\/div>\n<\/td>\n<\/tr>\n<tr class=\"bg-grey-200\/50 p-2\">\n<td colspan=\"1\"><span class=\"block px-4\">Included filter<\/span><\/td>\n<td class=\"text-center\">\n<div class=\"px-10 md:px-20 flex items-center justify-center\"><\/div>\n<\/td>\n<td class=\"text-center will-change\">\n<div class=\"px-10 md:px-20 flex items-center justify-center\">Dust filter set (G4 + F9)<\/div>\n<\/td>\n<\/tr>\n<tr class=\" p-2\">\n<td colspan=\"1\"><span class=\"block px-4\">Sound level @3m<\/span><\/td>\n<td class=\"text-center\">\n<div class=\"px-10 md:px-20 flex items-center justify-center\">dB(A)<\/div>\n<\/td>\n<td class=\"text-center will-change\">\n<div class=\"px-10 md:px-20 flex items-center justify-center\">78<\/div>\n<\/td>\n<\/tr>\n<tr class=\"bg-grey-200\/50 p-2\">\n<td colspan=\"1\"><span class=\"block px-4\">Product size filter housing (l x w x h)<\/span><\/td>\n<td class=\"text-center\">\n<div class=\"px-10 md:px-20 flex items-center justify-center\">mm<\/div>\n<\/td>\n<td class=\"text-center will-change\">\n<div class=\"px-10 md:px-20 flex items-center justify-center\">450 x 430 x 450<\/div>\n<\/td>\n<\/tr>\n<tr class=\" p-2\">\n<td colspan=\"1\"><span class=\"block px-4\">Weight<\/span><\/td>\n<td class=\"text-center\">\n<div class=\"px-10 md:px-20 flex items-center justify-center\">kg<\/div>\n<\/td>\n<td class=\"text-center will-change\">\n<div class=\"px-10 md:px-20 flex items-center justify-center\">29<\/div>\n<\/td>\n<\/tr>\n<\/tbody>\n<\/table>\n<ul>\n<li>StaubStop\u00a06000<\/li>\n<\/ul>\n<\/div>\n<\/div>\n<\/div>\n<\/div>\n<\/div>\n<\/section>\n<section class=\"max-w-[1088px] mx-auto w-full px-5 my-10 md:my-12 lg:my-16 xl:my-20 xl:px-0\" data-block=\"link-list\">\n<div class=\"max-w-[1088px] mx-auto\">\n<div class=\"md:text-center\">\n<div class=\"mt-6 md:mt-10\">\n<div class=\"lg:flex flex-wrap\">\n<div class=\"lg:mt-0 md:mt-6 lg:flex-1\">\n<div id=\"spec-staubstop-6000\" class=\"prose max-w-full md:overflow-auto\" data-spec-content=\"\">\n<div class=\"spreadsheet-container hidden md:block\">\n<div class=\"mt-6 md:mt-10\">\n<div class=\"lg:flex flex-wrap\">\n<div class=\"lg:mt-0 md:mt-6 lg:flex-1\">\n<div id=\"spec-staubstop-6000\" class=\"prose max-w-full md:overflow-auto\" data-spec-content=\"\">\n<div class=\"spreadsheet-container hidden md:block\">\n<table class=\"w-full table-fixed mb-0\">\n<thead>\n<tr>\n<th class=\"font-bold text-base\"><span class=\"block px-4\">Specifications<\/span><\/th>\n<th class=\"font-bold text-base text-center\"><span class=\"block px-10 md:px-20\">Units<\/span><\/th>\n<th class=\"font-bold text-base text-center will-change\"><span class=\"block px-4\">StaubStop\u00a06000<\/span><\/th>\n<\/tr>\n<\/thead>\n<tbody>\n<tr class=\"bg-grey-200\/50 p-2\">\n<td colspan=\"1\"><span class=\"block px-4\">Fan air flow rate max.<\/span><\/td>\n<td class=\"text-center\">\n<div class=\"px-10 md:px-20 flex items-center justify-center\">m\u00b3\/h<\/div>\n<\/td>\n<td class=\"text-center will-change\">\n<div class=\"px-10 md:px-20 flex items-center justify-center\">5,410<\/div>\n<\/td>\n<\/tr>\n<tr class=\" p-2\">\n<td colspan=\"1\"><span class=\"block px-4\">Power supply<\/span><\/td>\n<td class=\"text-center\">\n<div class=\"px-10 md:px-20 flex items-center justify-center\">V\/Hz<\/div>\n<\/td>\n<td class=\"text-center will-change\">\n<div class=\"px-10 md:px-20 flex items-center justify-center\">230\/1ph\/50<\/div>\n<\/td>\n<\/tr>\n<tr class=\"bg-grey-200\/50 p-2\">\n<td colspan=\"1\"><span class=\"block px-4\">Included filter<\/span><\/td>\n<td class=\"text-center\">\n<div class=\"px-10 md:px-20 flex items-center justify-center\"><\/div>\n<\/td>\n<td class=\"text-center will-change\">\n<div class=\"px-10 md:px-20 flex items-center justify-center\">Dust filter set (G4 + F9)<\/div>\n<\/td>\n<\/tr>\n<tr class=\" p-2\">\n<td colspan=\"1\"><span class=\"block px-4\">Sound level @3m<\/span><\/td>\n<td class=\"text-center\">\n<div class=\"px-10 md:px-20 flex items-center justify-center\">dB(A)<\/div>\n<\/td>\n<td class=\"text-center will-change\">\n<div class=\"px-10 md:px-20 flex items-center justify-center\">84<\/div>\n<\/td>\n<\/tr>\n<tr class=\"bg-grey-200\/50 p-2\">\n<td colspan=\"1\"><span class=\"block px-4\">Product size filter housing (l x w x h)<\/span><\/td>\n<td class=\"text-center\">\n<div class=\"px-10 md:px-20 flex items-center justify-center\">mm<\/div>\n<\/td>\n<td class=\"text-center will-change\">\n<div class=\"px-10 md:px-20 flex items-center justify-center\">445 x 640 x 690<\/div>\n<\/td>\n<\/tr>\n<tr class=\" p-2\">\n<td colspan=\"1\"><span class=\"block px-4\">Weight<\/span><\/td>\n<td class=\"text-center\">\n<div class=\"px-10 md:px-20 flex items-center justify-center\">kg<\/div>\n<\/td>\n<td class=\"text-center will-change\">\n<div class=\"px-10 md:px-20 flex items-center justify-center\">45<\/div>\n<\/td>\n<\/tr>\n<\/tbody>\n<\/table>\n<\/div>\n<\/div>\n<\/div>\n<\/div>\n<\/div>\n<\/div>\n<\/div>\n<\/div>\n<\/div>\n<\/div>\n<ul>\n<li class=\"flex items-center gap-5 text-sm text-black mt-3 md:text-base lg:text-lg\"><strong>Convient pour\u00a0:<\/strong><\/li>\n<\/ul>\n<\/div>\n<div class=\"mt-6 max-w-4xl mx-auto\">\n<div class=\"flex flex-wrap md:ml-20\">\n<div class=\"w-full md:w-1\/2 auto-bullets md:pr-16\">\n<ul>\n<li class=\"flex items-center gap-5 text-sm text-black mt-3 md:text-base lg:text-lg\">B\u00e2timents commerciaux<br \/>\nConstruction<br \/>\nIndustrie, usines et production<br \/>\nLoisirs et loisirs<br \/>\nLocations<\/li>\n<\/ul>\n<\/div>\n<\/div>\n<\/div>\n<\/div>\n<\/section>\n","protected":false},"excerpt":{"rendered":"<div class=\"max-w-4xl\">\n<div class=\"text-xl font-bold mt-1 md:mt-2\">Aspiration directe des poussi\u00e8res<\/div>\n<\/div>\n<figure><img decoding=\"async\" src=\"https:\/\/dantherm-group-cdn.s3.amazonaws.com\/media\/brands\/DG-Banners-Rebranding-HEYLO-to-MASTER-EN.jpg\" alt=\"\" \/><\/figure>\n<p>Aspiration mobile des poussi\u00e8res \u2013 pour une utilisation en atelier et sur chantier.<\/p>\n<p>StaubStop contient\u00a0: un ventilateur PowerVent 3000 ou PowerVent 6000 + un bo\u00eetier de filtre + un kit de filtres \u00e0 poussi\u00e8re (G4 + F9).<\/p>\n<p>La purification de l&rsquo;air sur les chantiers devient la norme\u00a0: au printemps\u00a02014, le Comit\u00e9 des substances dangereuses a abaiss\u00e9 la valeur seuil pour les poussi\u00e8res respirables sur les chantiers de 3\u00a0mg\/m\u00b3 \u00e0 1,25\u00a0mg\/m\u00b3.<\/p>\n<p>Le filtre \u00e0 air mobile StaubStop r\u00e9duit au minimum la poussi\u00e8re sur les chantiers. Il est compos\u00e9 d&rsquo;un ventilateur et d&rsquo;un bo\u00eetier de filtre avec filtre \u00e0 poussi\u00e8res grossi\u00e8res et fines. Le puissant ventilateur assure l&rsquo;\u00e9limination directe de la poussi\u00e8re \u00e0 l&rsquo;origine lors des travaux de r\u00e9novation. L&rsquo;ensemble est rapide \u00e0 installer et facile \u00e0 transporter gr\u00e2ce \u00e0 son faible poids.<\/p>\n<p>Si n\u00e9cessaire, un filtre \u00e0 poussi\u00e8re ou, en option, un filtre \u00e0 encre peuvent \u00eatre utilis\u00e9s pour aspirer les projections. D\u00e9couvrez le FarbStop 3000.<\/p>\n","protected":false},"featured_media":27648,"template":"","meta":[],"product_brand":[],"product_cat":[637,412],"product_tag":[],"class_list":{"0":"post-27671","1":"product","2":"type-product","3":"status-publish","4":"has-post-thumbnail","6":"product_cat-purificateur-dair-nettoyant-poussiere","7":"product_cat-climatisation-deshumidificateur-dair-ventilateur-fr-ventilation","9":"first","10":"instock","11":"shipping-taxable","12":"product-type-simple"},"yoast_head":"<!-- This site is optimized with the Yoast SEO plugin v27.1.1 - https:\/\/yoast.com\/product\/yoast-seo-wordpress\/ -->\n<title>Heylo StaubStop 3000-6000 \u2013 Aspiration des poussi\u00e8res - GeoClimate.ge<\/title>\n<meta name=\"robots\" content=\"index, follow, max-snippet:-1, max-image-preview:large, max-video-preview:-1\" \/>\n<link rel=\"canonical\" href=\"https:\/\/geoclimate.ge\/fr\/produit\/heylo-staubstop-3000-6000-dust-extraction\/\" \/>\n<meta property=\"og:locale\" content=\"fr_FR\" \/>\n<meta property=\"og:type\" content=\"article\" \/>\n<meta property=\"og:title\" content=\"Heylo StaubStop 3000-6000 \u2013 Aspiration des poussi\u00e8res - GeoClimate.ge\" \/>\n<meta property=\"og:description\" content=\"Aspiration directe des poussi\u00e8res   Aspiration mobile des poussi\u00e8res \u2013 pour une utilisation en atelier et sur chantier.  StaubStop contient\u00a0: un ventilateur PowerVent 3000 ou PowerVent 6000 + un bo\u00eetier de filtre + un kit de filtres \u00e0 poussi\u00e8re (G4 + F9).  La purification de l&#039;air sur les chantiers devient la norme\u00a0: au printemps\u00a02014, le Comit\u00e9 des substances dangereuses a abaiss\u00e9 la valeur seuil pour les poussi\u00e8res respirables sur les chantiers de 3\u00a0mg\/m\u00b3 \u00e0 1,25\u00a0mg\/m\u00b3.  Le filtre \u00e0 air mobile StaubStop r\u00e9duit au minimum la poussi\u00e8re sur les chantiers. Il est compos\u00e9 d&#039;un ventilateur et d&#039;un bo\u00eetier de filtre avec filtre \u00e0 poussi\u00e8res grossi\u00e8res et fines. Le puissant ventilateur assure l&#039;\u00e9limination directe de la poussi\u00e8re \u00e0 l&#039;origine lors des travaux de r\u00e9novation. L&#039;ensemble est rapide \u00e0 installer et facile \u00e0 transporter gr\u00e2ce \u00e0 son faible poids.  Si n\u00e9cessaire, un filtre \u00e0 poussi\u00e8re ou, en option, un filtre \u00e0 encre peuvent \u00eatre utilis\u00e9s pour aspirer les projections. D\u00e9couvrez le FarbStop 3000.\" \/>\n<meta property=\"og:url\" content=\"https:\/\/geoclimate.ge\/fr\/produit\/heylo-staubstop-3000-6000-dust-extraction\/\" \/>\n<meta property=\"og:site_name\" content=\"GeoClimate.ge\" \/>\n<meta property=\"article:modified_time\" content=\"2025-04-05T19:05:16+00:00\" \/>\n<meta property=\"og:image\" content=\"https:\/\/geoclimate.ge\/wp-content\/uploads\/2025\/04\/Heylo-Luftreiniger-StaubStop-3000_2022-01-25-090712_eerr.jpg\" \/>\n\t<meta property=\"og:image:width\" content=\"1000\" \/>\n\t<meta property=\"og:image:height\" content=\"1000\" \/>\n\t<meta property=\"og:image:type\" content=\"image\/jpeg\" \/>\n<meta name=\"twitter:card\" content=\"summary_large_image\" \/>\n<meta name=\"twitter:label1\" content=\"Dur\u00e9e de lecture estim\u00e9e\" \/>\n\t<meta name=\"twitter:data1\" content=\"1 minute\" \/>\n<script type=\"application\/ld+json\" class=\"yoast-schema-graph\">{\"@context\":\"https:\/\/schema.org\",\"@graph\":[{\"@type\":\"WebPage\",\"@id\":\"https:\/\/geoclimate.ge\/fr\/produit\/heylo-staubstop-3000-6000-dust-extraction\/\",\"url\":\"https:\/\/geoclimate.ge\/fr\/produit\/heylo-staubstop-3000-6000-dust-extraction\/\",\"name\":\"Heylo StaubStop 3000-6000 \u2013 Aspiration des poussi\u00e8res - GeoClimate.ge\",\"isPartOf\":{\"@id\":\"https:\/\/geoclimate.ge\/#website\"},\"primaryImageOfPage\":{\"@id\":\"https:\/\/geoclimate.ge\/fr\/produit\/heylo-staubstop-3000-6000-dust-extraction\/#primaryimage\"},\"image\":{\"@id\":\"https:\/\/geoclimate.ge\/fr\/produit\/heylo-staubstop-3000-6000-dust-extraction\/#primaryimage\"},\"thumbnailUrl\":\"https:\/\/geoclimate.ge\/wp-content\/uploads\/2025\/04\/Heylo-Luftreiniger-StaubStop-3000_2022-01-25-090712_eerr.jpg\",\"datePublished\":\"2024-01-25T18:30:51+00:00\",\"dateModified\":\"2025-04-05T19:05:16+00:00\",\"breadcrumb\":{\"@id\":\"https:\/\/geoclimate.ge\/fr\/produit\/heylo-staubstop-3000-6000-dust-extraction\/#breadcrumb\"},\"inLanguage\":\"fr-FR\",\"potentialAction\":[{\"@type\":\"ReadAction\",\"target\":[\"https:\/\/geoclimate.ge\/fr\/produit\/heylo-staubstop-3000-6000-dust-extraction\/\"]}]},{\"@type\":\"ImageObject\",\"inLanguage\":\"fr-FR\",\"@id\":\"https:\/\/geoclimate.ge\/fr\/produit\/heylo-staubstop-3000-6000-dust-extraction\/#primaryimage\",\"url\":\"https:\/\/geoclimate.ge\/wp-content\/uploads\/2025\/04\/Heylo-Luftreiniger-StaubStop-3000_2022-01-25-090712_eerr.jpg\",\"contentUrl\":\"https:\/\/geoclimate.ge\/wp-content\/uploads\/2025\/04\/Heylo-Luftreiniger-StaubStop-3000_2022-01-25-090712_eerr.jpg\",\"width\":1000,\"height\":1000},{\"@type\":\"BreadcrumbList\",\"@id\":\"https:\/\/geoclimate.ge\/fr\/produit\/heylo-staubstop-3000-6000-dust-extraction\/#breadcrumb\",\"itemListElement\":[{\"@type\":\"ListItem\",\"position\":1,\"name\":\"Home\",\"item\":\"https:\/\/geoclimate.ge\/fr\/\"},{\"@type\":\"ListItem\",\"position\":2,\"name\":\"Products\",\"item\":\"https:\/\/geoclimate.ge\/fr\/products\/\"},{\"@type\":\"ListItem\",\"position\":3,\"name\":\"Heylo StaubStop 3000-6000 \u2013 Aspiration des poussi\u00e8res\"}]},{\"@type\":\"WebSite\",\"@id\":\"https:\/\/geoclimate.ge\/#website\",\"url\":\"https:\/\/geoclimate.ge\/\",\"name\":\"GeoClimate\",\"description\":\"\",\"publisher\":{\"@id\":\"https:\/\/geoclimate.ge\/#organization\"},\"potentialAction\":[{\"@type\":\"SearchAction\",\"target\":{\"@type\":\"EntryPoint\",\"urlTemplate\":\"https:\/\/geoclimate.ge\/?s={search_term_string}\"},\"query-input\":{\"@type\":\"PropertyValueSpecification\",\"valueRequired\":true,\"valueName\":\"search_term_string\"}}],\"inLanguage\":\"fr-FR\"},{\"@type\":\"Organization\",\"@id\":\"https:\/\/geoclimate.ge\/#organization\",\"name\":\"GeoClimate\",\"url\":\"https:\/\/geoclimate.ge\/\",\"logo\":{\"@type\":\"ImageObject\",\"inLanguage\":\"fr-FR\",\"@id\":\"https:\/\/geoclimate.ge\/#\/schema\/logo\/image\/\",\"url\":\"https:\/\/geoclimate.ge\/wp-content\/uploads\/2026\/03\/geoclimate-SEO.png\",\"contentUrl\":\"https:\/\/geoclimate.ge\/wp-content\/uploads\/2026\/03\/geoclimate-SEO.png\",\"width\":1536,\"height\":1024,\"caption\":\"GeoClimate\"},\"image\":{\"@id\":\"https:\/\/geoclimate.ge\/#\/schema\/logo\/image\/\"}}]}<\/script>\n<!-- \/ Yoast SEO plugin. -->","yoast_head_json":{"title":"Heylo StaubStop 3000-6000 \u2013 Aspiration des poussi\u00e8res - GeoClimate.ge","robots":{"index":"index","follow":"follow","max-snippet":"max-snippet:-1","max-image-preview":"max-image-preview:large","max-video-preview":"max-video-preview:-1"},"canonical":"https:\/\/geoclimate.ge\/fr\/produit\/heylo-staubstop-3000-6000-dust-extraction\/","og_locale":"fr_FR","og_type":"article","og_title":"Heylo StaubStop 3000-6000 \u2013 Aspiration des poussi\u00e8res - GeoClimate.ge","og_description":"Aspiration directe des poussi\u00e8res   Aspiration mobile des poussi\u00e8res \u2013 pour une utilisation en atelier et sur chantier.  StaubStop contient\u00a0: un ventilateur PowerVent 3000 ou PowerVent 6000 + un bo\u00eetier de filtre + un kit de filtres \u00e0 poussi\u00e8re (G4 + F9).  La purification de l'air sur les chantiers devient la norme\u00a0: au printemps\u00a02014, le Comit\u00e9 des substances dangereuses a abaiss\u00e9 la valeur seuil pour les poussi\u00e8res respirables sur les chantiers de 3\u00a0mg\/m\u00b3 \u00e0 1,25\u00a0mg\/m\u00b3.  Le filtre \u00e0 air mobile StaubStop r\u00e9duit au minimum la poussi\u00e8re sur les chantiers. Il est compos\u00e9 d'un ventilateur et d'un bo\u00eetier de filtre avec filtre \u00e0 poussi\u00e8res grossi\u00e8res et fines. Le puissant ventilateur assure l'\u00e9limination directe de la poussi\u00e8re \u00e0 l'origine lors des travaux de r\u00e9novation. L'ensemble est rapide \u00e0 installer et facile \u00e0 transporter gr\u00e2ce \u00e0 son faible poids.  Si n\u00e9cessaire, un filtre \u00e0 poussi\u00e8re ou, en option, un filtre \u00e0 encre peuvent \u00eatre utilis\u00e9s pour aspirer les projections. D\u00e9couvrez le FarbStop 3000.","og_url":"https:\/\/geoclimate.ge\/fr\/produit\/heylo-staubstop-3000-6000-dust-extraction\/","og_site_name":"GeoClimate.ge","article_modified_time":"2025-04-05T19:05:16+00:00","og_image":[{"width":1000,"height":1000,"url":"https:\/\/geoclimate.ge\/wp-content\/uploads\/2025\/04\/Heylo-Luftreiniger-StaubStop-3000_2022-01-25-090712_eerr.jpg","type":"image\/jpeg"}],"twitter_card":"summary_large_image","twitter_misc":{"Dur\u00e9e de lecture estim\u00e9e":"1 minute"},"schema":{"@context":"https:\/\/schema.org","@graph":[{"@type":"WebPage","@id":"https:\/\/geoclimate.ge\/fr\/produit\/heylo-staubstop-3000-6000-dust-extraction\/","url":"https:\/\/geoclimate.ge\/fr\/produit\/heylo-staubstop-3000-6000-dust-extraction\/","name":"Heylo StaubStop 3000-6000 \u2013 Aspiration des poussi\u00e8res - GeoClimate.ge","isPartOf":{"@id":"https:\/\/geoclimate.ge\/#website"},"primaryImageOfPage":{"@id":"https:\/\/geoclimate.ge\/fr\/produit\/heylo-staubstop-3000-6000-dust-extraction\/#primaryimage"},"image":{"@id":"https:\/\/geoclimate.ge\/fr\/produit\/heylo-staubstop-3000-6000-dust-extraction\/#primaryimage"},"thumbnailUrl":"https:\/\/geoclimate.ge\/wp-content\/uploads\/2025\/04\/Heylo-Luftreiniger-StaubStop-3000_2022-01-25-090712_eerr.jpg","datePublished":"2024-01-25T18:30:51+00:00","dateModified":"2025-04-05T19:05:16+00:00","breadcrumb":{"@id":"https:\/\/geoclimate.ge\/fr\/produit\/heylo-staubstop-3000-6000-dust-extraction\/#breadcrumb"},"inLanguage":"fr-FR","potentialAction":[{"@type":"ReadAction","target":["https:\/\/geoclimate.ge\/fr\/produit\/heylo-staubstop-3000-6000-dust-extraction\/"]}]},{"@type":"ImageObject","inLanguage":"fr-FR","@id":"https:\/\/geoclimate.ge\/fr\/produit\/heylo-staubstop-3000-6000-dust-extraction\/#primaryimage","url":"https:\/\/geoclimate.ge\/wp-content\/uploads\/2025\/04\/Heylo-Luftreiniger-StaubStop-3000_2022-01-25-090712_eerr.jpg","contentUrl":"https:\/\/geoclimate.ge\/wp-content\/uploads\/2025\/04\/Heylo-Luftreiniger-StaubStop-3000_2022-01-25-090712_eerr.jpg","width":1000,"height":1000},{"@type":"BreadcrumbList","@id":"https:\/\/geoclimate.ge\/fr\/produit\/heylo-staubstop-3000-6000-dust-extraction\/#breadcrumb","itemListElement":[{"@type":"ListItem","position":1,"name":"Home","item":"https:\/\/geoclimate.ge\/fr\/"},{"@type":"ListItem","position":2,"name":"Products","item":"https:\/\/geoclimate.ge\/fr\/products\/"},{"@type":"ListItem","position":3,"name":"Heylo StaubStop 3000-6000 \u2013 Aspiration des poussi\u00e8res"}]},{"@type":"WebSite","@id":"https:\/\/geoclimate.ge\/#website","url":"https:\/\/geoclimate.ge\/","name":"GeoClimate","description":"","publisher":{"@id":"https:\/\/geoclimate.ge\/#organization"},"potentialAction":[{"@type":"SearchAction","target":{"@type":"EntryPoint","urlTemplate":"https:\/\/geoclimate.ge\/?s={search_term_string}"},"query-input":{"@type":"PropertyValueSpecification","valueRequired":true,"valueName":"search_term_string"}}],"inLanguage":"fr-FR"},{"@type":"Organization","@id":"https:\/\/geoclimate.ge\/#organization","name":"GeoClimate","url":"https:\/\/geoclimate.ge\/","logo":{"@type":"ImageObject","inLanguage":"fr-FR","@id":"https:\/\/geoclimate.ge\/#\/schema\/logo\/image\/","url":"https:\/\/geoclimate.ge\/wp-content\/uploads\/2026\/03\/geoclimate-SEO.png","contentUrl":"https:\/\/geoclimate.ge\/wp-content\/uploads\/2026\/03\/geoclimate-SEO.png","width":1536,"height":1024,"caption":"GeoClimate"},"image":{"@id":"https:\/\/geoclimate.ge\/#\/schema\/logo\/image\/"}}]}},"_links":{"self":[{"href":"https:\/\/geoclimate.ge\/fr\/wp-json\/wp\/v2\/product\/27671","targetHints":{"allow":["GET"]}}],"collection":[{"href":"https:\/\/geoclimate.ge\/fr\/wp-json\/wp\/v2\/product"}],"about":[{"href":"https:\/\/geoclimate.ge\/fr\/wp-json\/wp\/v2\/types\/product"}],"wp:featuredmedia":[{"embeddable":true,"href":"https:\/\/geoclimate.ge\/fr\/wp-json\/wp\/v2\/media\/27648"}],"wp:attachment":[{"href":"https:\/\/geoclimate.ge\/fr\/wp-json\/wp\/v2\/media?parent=27671"}],"wp:term":[{"taxonomy":"product_brand","embeddable":true,"href":"https:\/\/geoclimate.ge\/fr\/wp-json\/wp\/v2\/product_brand?post=27671"},{"taxonomy":"product_cat","embeddable":true,"href":"https:\/\/geoclimate.ge\/fr\/wp-json\/wp\/v2\/product_cat?post=27671"},{"taxonomy":"product_tag","embeddable":true,"href":"https:\/\/geoclimate.ge\/fr\/wp-json\/wp\/v2\/product_tag?post=27671"}],"curies":[{"name":"wp","href":"https:\/\/api.w.org\/{rel}","templated":true}]}}