{"id":27897,"date":"2024-01-22T22:41:03","date_gmt":"2024-01-22T18:41:03","guid":{"rendered":"https:\/\/airsystems.ge\/shop\/product\/heylo-fd-4000-axial-ventilator\/"},"modified":"2025-04-06T18:35:32","modified_gmt":"2025-04-06T14:35:32","slug":"heylo-fd-4000-axial-ventilator","status":"publish","type":"product","link":"https:\/\/geoclimate.ge\/fr\/produit\/heylo-fd-4000-axial-ventilator\/","title":{"rendered":"Heylo FD 4000 \u2013 Ventilateur axial"},"content":{"rendered":"<section class=\"max-w-[1088px] mx-auto w-full px-5 my-10 md:my-12 lg:my-16 xl:my-20 xl:px-0\" data-block=\"bullet-list\">\n<div class=\"md:text-center\">\n<h3 class=\"text-black font-bold text-lg md:text-xl lg:text-2xl\">Caract\u00e9ristiques principales<\/h3>\n<\/div>\n<div class=\"mt-6 md:mt-10\">\n<div class=\"flex flex-wrap\">\n<div class=\"w-full md:w-1\/2 auto-bullets md:pr-16\">\n<ul>\n<li class=\"text-sm md:text-base text-black mt-3 flex items-start\">\n<div class=\"pl-5\">\n<p>6 fonctions r\u00e9unies en un seul appareil : s\u00e8che-tapis, s\u00e8che-mur, s\u00e8che-plafond, s\u00e8che-sol, ventilateurs puissants pour le refroidissement\/la ventilation des pi\u00e8ces et un ventilateur combin\u00e9 pour le s\u00e9chage avec un s\u00e8che-linge de chantier.<br \/>\n\u00c9limination rapide de l&rsquo;humidit\u00e9 des murs, plafonds et sols.<br \/>\nPratique et facile \u00e0 transporter.<br \/>\nConsommation d&rsquo;\u00e9nergie extr\u00eamement faible.<br \/>\nD\u00e9bit d&rsquo;air r\u00e9glable en continu.<br \/>\nBo\u00eetier en plastique robuste et extr\u00eamement durable.<br \/>\nRoulement \u00e0 billes TPI de haute qualit\u00e9.<br \/>\nCompteur d&rsquo;\u00e9nergie MID calibr\u00e9 (kWh).<br \/>\nUne solution efficace en combinaison avec des s\u00e8che-linge de chantier pour la restauration apr\u00e8s d\u00e9g\u00e2ts des eaux.<br \/>\nGr\u00e2ce \u00e0 son rendement \u00e9lev\u00e9, le FD 4000 permet une ex\u00e9cution rapide des travaux. De plus, en combinaison avec un s\u00e8che-linge de chantier Heylo, vous disposez d&rsquo;une combinaison performante et performante pour l&rsquo;ensemble du secteur de la construction et la gestion des d\u00e9g\u00e2ts des eaux. Le ventilateur permet \u00e9galement de refroidir\/ventiler de mani\u00e8re cibl\u00e9e les surfaces de travail, les machines et les moteurs.<\/p>\n<p>Le ventilateur est rapide \u00e0 monter et offre une grande flexibilit\u00e9 d&rsquo;utilisation gr\u00e2ce \u00e0 ses diff\u00e9rentes positions de montage. Gr\u00e2ce \u00e0 son indice de protection \u00e9lev\u00e9, ce ventilateur est particuli\u00e8rement adapt\u00e9 aux utilisations intensives sur les chantiers. Gr\u00e2ce \u00e0 sa r\u00e9gulation continue, l&rsquo;appareil fonctionne de mani\u00e8re tr\u00e8s silencieuse ou tr\u00e8s puissante, selon les besoins.<\/p>\n<p>En combinant d\u00e9shumidificateur et ventilateur, le processus de s\u00e9chage peut \u00eatre r\u00e9duit jusqu&rsquo;\u00e0 50 %\u00a0!<\/p>\n<\/div>\n<\/li>\n<\/ul>\n<\/div>\n<\/div>\n<\/div>\n<\/section>\n<section class=\"max-w-[1088px] mx-auto w-full px-5 my-10 md:my-12 lg:my-16 xl:my-20 xl:px-0\" data-block=\"product-specifications\">\n<div class=\"md:text-center\">\n<h3 class=\"text-black font-bold text-lg md:text-xl lg:text-2xl\"><strong>Product specifications<\/strong><\/h3>\n<\/div>\n<div class=\" md:mt-10\">\n<div class=\"\">\n<div class=\"lg:mt-0 \">\n<div id=\"spec-fd-4000\" class=\"prose max-w-full md:overflow-auto\" data-spec-content=\"\">\n<div class=\"spreadsheet-container hidden md:block\">\n<table class=\"w-full table-fixed mb-0\">\n<thead>\n<tr>\n<th class=\"font-bold text-base\"><span class=\"block px-4\">Specifications<\/span><\/th>\n<th class=\"font-bold text-base text-center\"><span class=\"block px-10 md:px-20\">Units<\/span><\/th>\n<th class=\"font-bold text-base text-center will-change\"><span class=\"block px-4\">FD\u00a04000<\/span><\/th>\n<\/tr>\n<\/thead>\n<tbody>\n<tr class=\"bg-grey-200\/50 p-2\">\n<td colspan=\"1\"><span class=\"block px-4\">Air flow<\/span><\/td>\n<td class=\"text-center\">\n<div class=\"px-10 md:px-20 flex items-center justify-center\">m\u00b3\/h<\/div>\n<\/td>\n<td class=\"text-center will-change\">\n<div class=\"px-10 md:px-20 flex items-center justify-center\">3,687<\/div>\n<\/td>\n<\/tr>\n<tr class=\" p-2\">\n<td colspan=\"1\"><span class=\"block px-4\">Air pressure<\/span><\/td>\n<td class=\"text-center\">\n<div class=\"px-10 md:px-20 flex items-center justify-center\">Pa<\/div>\n<\/td>\n<td class=\"text-center will-change\">\n<div class=\"px-10 md:px-20 flex items-center justify-center\">113<\/div>\n<\/td>\n<\/tr>\n<tr class=\"bg-grey-200\/50 p-2\">\n<td colspan=\"1\"><span class=\"block px-4\">Fan type<\/span><\/td>\n<td class=\"text-center\">\n<div class=\"px-10 md:px-20 flex items-center justify-center\">Type<\/div>\n<\/td>\n<td class=\"text-center will-change\">\n<div class=\"px-10 md:px-20 flex items-center justify-center\">Axial<\/div>\n<\/td>\n<\/tr>\n<tr class=\" p-2\">\n<td colspan=\"1\"><span class=\"block px-4\">Fan speed<\/span><\/td>\n<td class=\"text-center\">\n<div class=\"px-10 md:px-20 flex items-center justify-center\"><\/div>\n<\/td>\n<td class=\"text-center will-change\">\n<div class=\"px-10 md:px-20 flex items-center justify-center\">Variable<\/div>\n<\/td>\n<\/tr>\n<tr class=\"bg-grey-200\/50 p-2\">\n<td colspan=\"1\"><span class=\"block px-4\">Power consumption<\/span><\/td>\n<td class=\"text-center\">\n<div class=\"px-10 md:px-20 flex items-center justify-center\">W<\/div>\n<\/td>\n<td class=\"text-center will-change\">\n<div class=\"px-10 md:px-20 flex items-center justify-center\">194<\/div>\n<\/td>\n<\/tr>\n<tr class=\" p-2\">\n<td colspan=\"1\"><span class=\"block px-4\">Power supply<\/span><\/td>\n<td class=\"text-center\">\n<div class=\"px-10 md:px-20 flex items-center justify-center\">V\/Hz<\/div>\n<\/td>\n<td class=\"text-center will-change\">\n<div class=\"px-10 md:px-20 flex items-center justify-center\">230\/1ph\/50<\/div>\n<\/td>\n<\/tr>\n<tr class=\"bg-grey-200\/50 p-2\">\n<td colspan=\"1\"><span class=\"block px-4\">Protection class<\/span><\/td>\n<td class=\"text-center\">\n<div class=\"px-10 md:px-20 flex items-center justify-center\"><\/div>\n<\/td>\n<td class=\"text-center will-change\">\n<div class=\"px-10 md:px-20 flex items-center justify-center\">IP44<\/div>\n<\/td>\n<\/tr>\n<tr class=\" p-2\">\n<td colspan=\"1\"><span class=\"block px-4\">Product size (l x w x h)<\/span><\/td>\n<td class=\"text-center\">\n<div class=\"px-10 md:px-20 flex items-center justify-center\">mm<\/div>\n<\/td>\n<td class=\"text-center will-change\">\n<div class=\"px-10 md:px-20 flex items-center justify-center\">665 x 520 x 500<\/div>\n<\/td>\n<\/tr>\n<tr class=\"bg-grey-200\/50 p-2\">\n<td colspan=\"1\"><span class=\"block px-4\">Box size (l x w x h)<\/span><\/td>\n<td class=\"text-center\">\n<div class=\"px-10 md:px-20 flex items-center justify-center\">mm<\/div>\n<\/td>\n<td class=\"text-center will-change\">\n<div class=\"px-10 md:px-20 flex items-center justify-center\">540 x 670 x 580<\/div>\n<\/td>\n<\/tr>\n<tr class=\" p-2\">\n<td colspan=\"1\"><span class=\"block px-4\">Net\/gross weight<\/span><\/td>\n<td class=\"text-center\">\n<div class=\"px-10 md:px-20 flex items-center justify-center\">kg<\/div>\n<\/td>\n<td class=\"text-center will-change\">\n<div class=\"px-10 md:px-20 flex items-center justify-center\">13.5\/15<\/div>\n<\/td>\n<\/tr>\n<tr class=\"bg-grey-200\/50 p-2\">\n<td colspan=\"1\"><span class=\"block px-4\">Pallet<\/span><\/td>\n<td class=\"text-center\">\n<div class=\"px-10 md:px-20 flex items-center justify-center\">pcs<\/div>\n<\/td>\n<td class=\"text-center will-change\">\n<div class=\"px-10 md:px-20 flex items-center justify-center\">12<\/div>\n<\/td>\n<\/tr>\n<\/tbody>\n<\/table>\n<\/div>\n<\/div>\n<\/div>\n<\/div>\n<\/div>\n<\/section>\n<section class=\"max-w-[1088px] mx-auto w-full px-5 my-10 md:my-12 lg:my-16 xl:my-20 xl:px-0\" data-block=\"link-list\">\n<div class=\"max-w-[1088px] mx-auto\">\n<div class=\"md:text-center\">\n<ul>\n<li class=\"flex items-center gap-5 text-sm text-black mt-3 md:text-base lg:text-lg\"><strong>Convient pour\u00a0:<\/strong><\/li>\n<\/ul>\n<\/div>\n<div class=\"mt-6 max-w-4xl mx-auto\">\n<div class=\"flex flex-wrap md:ml-20\">\n<div class=\"w-full md:w-1\/2 auto-bullets md:pr-16\">\n<ul>\n<li class=\"flex items-center gap-5 text-sm text-black mt-3 md:text-base lg:text-lg\">B\u00e2timents commerciaux<br \/>\nConstruction<br \/>\nIndustrie, usines et production<br \/>\nSoci\u00e9t\u00e9s de location<br \/>\nRestauration apr\u00e8s d\u00e9g\u00e2ts des eaux<\/li>\n<\/ul>\n<\/div>\n<\/div>\n<\/div>\n<\/div>\n<\/section>\n<section class=\"max-w-[1088px] mx-auto w-full px-5 my-10 md:my-12 lg:my-16 xl:my-20 xl:px-0\" data-block=\"related-downloads\"><\/section>\n","protected":false},"excerpt":{"rendered":"<div class=\"max-w-4xl\">\n<div class=\"text-xl font-bold mt-1 md:mt-2\">Ventilateur axial avec un d\u00e9bit d&rsquo;air de 3687 m\u00b3\/h<\/div>\n<\/div>\n<div class=\"grid grid-cols-1 gap-8 md:grid-cols-2 lg:gap-12 xl:gap-20\">\n<div class=\"w-full lg:sticky\" data-sticky-sidebar=\"\">\n<div class=\"swiper border border-grey-300 relative swiper-fade swiper-initialized swiper-horizontal swiper-watch-progress swiper-backface-hidden\" data-swipe-product=\"\">\n<div class=\"absolute z-[4] top-0 right-0 pointer-events-none\"><img decoding=\"async\" src=\"https:\/\/dantherm-group-cdn.s3.amazonaws.com\/media\/brands\/DG-Banners-Rebranding-HEYLO-to-MASTER-EN.jpg\" alt=\"\" \/><\/div>\n<div>\n<p>Souffleur axial pour la ventilation et le s\u00e9chage rapide des pi\u00e8ces et des murs apr\u00e8s un d\u00e9g\u00e2t des eaux. Temps de s\u00e9chage r\u00e9duits. L&rsquo;outil id\u00e9al pour l&rsquo;industrie, l&rsquo;artisan et le prestataire de services moderne.<\/p>\n<p>Ce ventilateur pratique et facile \u00e0 transporter vous offre six appareils en un\u00a0: s\u00e8che-tapis, s\u00e8che-mur, s\u00e8che-plafond, s\u00e8che-sol, ventilateur puissant pour le refroidissement ou la ventilation des pi\u00e8ces et un ventilateur combin\u00e9 pour le s\u00e9chage avec un s\u00e8che-linge \u00e0 condensation.<\/p>\n<\/div>\n<\/div>\n<\/div>\n<\/div>\n","protected":false},"featured_media":27892,"template":"","meta":[],"product_brand":[],"product_cat":[641,412,419],"product_tag":[],"class_list":{"0":"post-27897","1":"product","2":"type-product","3":"status-publish","4":"has-post-thumbnail","6":"product_cat-souffleurs-circulateurs-dair-ventilateur","7":"product_cat-climatisation-deshumidificateur-dair-ventilateur-fr-ventilation","8":"product_cat-ventilateur-ventilation-axiaux-radiaux-souffleur-antideflagrants","10":"first","11":"instock","12":"shipping-taxable","13":"product-type-simple"},"yoast_head":"<!-- This site is optimized with the Yoast SEO plugin v27.1.1 - https:\/\/yoast.com\/product\/yoast-seo-wordpress\/ -->\n<title>Heylo FD 4000 \u2013 Ventilateur axial - GeoClimate.ge<\/title>\n<meta name=\"robots\" content=\"index, follow, max-snippet:-1, max-image-preview:large, max-video-preview:-1\" \/>\n<link rel=\"canonical\" href=\"https:\/\/geoclimate.ge\/fr\/produit\/heylo-fd-4000-axial-ventilator\/\" \/>\n<meta property=\"og:locale\" content=\"fr_FR\" \/>\n<meta property=\"og:type\" content=\"article\" \/>\n<meta property=\"og:title\" content=\"Heylo FD 4000 \u2013 Ventilateur axial - GeoClimate.ge\" \/>\n<meta property=\"og:description\" content=\"Ventilateur axial avec un d\u00e9bit d&#039;air de 3687 m\u00b3\/h        Souffleur axial pour la ventilation et le s\u00e9chage rapide des pi\u00e8ces et des murs apr\u00e8s un d\u00e9g\u00e2t des eaux. Temps de s\u00e9chage r\u00e9duits. L&#039;outil id\u00e9al pour l&#039;industrie, l&#039;artisan et le prestataire de services moderne.  Ce ventilateur pratique et facile \u00e0 transporter vous offre six appareils en un\u00a0: s\u00e8che-tapis, s\u00e8che-mur, s\u00e8che-plafond, s\u00e8che-sol, ventilateur puissant pour le refroidissement ou la ventilation des pi\u00e8ces et un ventilateur combin\u00e9 pour le s\u00e9chage avec un s\u00e8che-linge \u00e0 condensation.\" \/>\n<meta property=\"og:url\" content=\"https:\/\/geoclimate.ge\/fr\/produit\/heylo-fd-4000-axial-ventilator\/\" \/>\n<meta property=\"og:site_name\" content=\"GeoClimate.ge\" \/>\n<meta property=\"article:modified_time\" content=\"2025-04-06T14:35:32+00:00\" \/>\n<meta property=\"og:image\" content=\"https:\/\/geoclimate.ge\/wp-content\/uploads\/2025\/04\/Heylo-Ventilator-FD-4000_2f36eb961623f37d75fa298e9bd01544.webp\" \/>\n\t<meta property=\"og:image:width\" content=\"500\" \/>\n\t<meta property=\"og:image:height\" content=\"500\" \/>\n\t<meta property=\"og:image:type\" content=\"image\/webp\" \/>\n<meta name=\"twitter:card\" content=\"summary_large_image\" \/>\n<meta name=\"twitter:label1\" content=\"Dur\u00e9e de lecture estim\u00e9e\" \/>\n\t<meta name=\"twitter:data1\" content=\"2 minutes\" \/>\n<script type=\"application\/ld+json\" class=\"yoast-schema-graph\">{\"@context\":\"https:\/\/schema.org\",\"@graph\":[{\"@type\":\"WebPage\",\"@id\":\"https:\/\/geoclimate.ge\/fr\/produit\/heylo-fd-4000-axial-ventilator\/\",\"url\":\"https:\/\/geoclimate.ge\/fr\/produit\/heylo-fd-4000-axial-ventilator\/\",\"name\":\"Heylo FD 4000 \u2013 Ventilateur axial - GeoClimate.ge\",\"isPartOf\":{\"@id\":\"https:\/\/geoclimate.ge\/#website\"},\"primaryImageOfPage\":{\"@id\":\"https:\/\/geoclimate.ge\/fr\/produit\/heylo-fd-4000-axial-ventilator\/#primaryimage\"},\"image\":{\"@id\":\"https:\/\/geoclimate.ge\/fr\/produit\/heylo-fd-4000-axial-ventilator\/#primaryimage\"},\"thumbnailUrl\":\"https:\/\/geoclimate.ge\/wp-content\/uploads\/2025\/04\/Heylo-Ventilator-FD-4000_2f36eb961623f37d75fa298e9bd01544.webp\",\"datePublished\":\"2024-01-22T18:41:03+00:00\",\"dateModified\":\"2025-04-06T14:35:32+00:00\",\"breadcrumb\":{\"@id\":\"https:\/\/geoclimate.ge\/fr\/produit\/heylo-fd-4000-axial-ventilator\/#breadcrumb\"},\"inLanguage\":\"fr-FR\",\"potentialAction\":[{\"@type\":\"ReadAction\",\"target\":[\"https:\/\/geoclimate.ge\/fr\/produit\/heylo-fd-4000-axial-ventilator\/\"]}]},{\"@type\":\"ImageObject\",\"inLanguage\":\"fr-FR\",\"@id\":\"https:\/\/geoclimate.ge\/fr\/produit\/heylo-fd-4000-axial-ventilator\/#primaryimage\",\"url\":\"https:\/\/geoclimate.ge\/wp-content\/uploads\/2025\/04\/Heylo-Ventilator-FD-4000_2f36eb961623f37d75fa298e9bd01544.webp\",\"contentUrl\":\"https:\/\/geoclimate.ge\/wp-content\/uploads\/2025\/04\/Heylo-Ventilator-FD-4000_2f36eb961623f37d75fa298e9bd01544.webp\",\"width\":500,\"height\":500},{\"@type\":\"BreadcrumbList\",\"@id\":\"https:\/\/geoclimate.ge\/fr\/produit\/heylo-fd-4000-axial-ventilator\/#breadcrumb\",\"itemListElement\":[{\"@type\":\"ListItem\",\"position\":1,\"name\":\"Home\",\"item\":\"https:\/\/geoclimate.ge\/fr\/\"},{\"@type\":\"ListItem\",\"position\":2,\"name\":\"Products\",\"item\":\"https:\/\/geoclimate.ge\/fr\/products\/\"},{\"@type\":\"ListItem\",\"position\":3,\"name\":\"Heylo FD 4000 \u2013 Ventilateur axial\"}]},{\"@type\":\"WebSite\",\"@id\":\"https:\/\/geoclimate.ge\/#website\",\"url\":\"https:\/\/geoclimate.ge\/\",\"name\":\"GeoClimate\",\"description\":\"\",\"publisher\":{\"@id\":\"https:\/\/geoclimate.ge\/#organization\"},\"potentialAction\":[{\"@type\":\"SearchAction\",\"target\":{\"@type\":\"EntryPoint\",\"urlTemplate\":\"https:\/\/geoclimate.ge\/?s={search_term_string}\"},\"query-input\":{\"@type\":\"PropertyValueSpecification\",\"valueRequired\":true,\"valueName\":\"search_term_string\"}}],\"inLanguage\":\"fr-FR\"},{\"@type\":\"Organization\",\"@id\":\"https:\/\/geoclimate.ge\/#organization\",\"name\":\"GeoClimate\",\"url\":\"https:\/\/geoclimate.ge\/\",\"logo\":{\"@type\":\"ImageObject\",\"inLanguage\":\"fr-FR\",\"@id\":\"https:\/\/geoclimate.ge\/#\/schema\/logo\/image\/\",\"url\":\"https:\/\/geoclimate.ge\/wp-content\/uploads\/2026\/03\/geoclimate-SEO.png\",\"contentUrl\":\"https:\/\/geoclimate.ge\/wp-content\/uploads\/2026\/03\/geoclimate-SEO.png\",\"width\":1536,\"height\":1024,\"caption\":\"GeoClimate\"},\"image\":{\"@id\":\"https:\/\/geoclimate.ge\/#\/schema\/logo\/image\/\"}}]}<\/script>\n<!-- \/ Yoast SEO plugin. -->","yoast_head_json":{"title":"Heylo FD 4000 \u2013 Ventilateur axial - GeoClimate.ge","robots":{"index":"index","follow":"follow","max-snippet":"max-snippet:-1","max-image-preview":"max-image-preview:large","max-video-preview":"max-video-preview:-1"},"canonical":"https:\/\/geoclimate.ge\/fr\/produit\/heylo-fd-4000-axial-ventilator\/","og_locale":"fr_FR","og_type":"article","og_title":"Heylo FD 4000 \u2013 Ventilateur axial - GeoClimate.ge","og_description":"Ventilateur axial avec un d\u00e9bit d'air de 3687 m\u00b3\/h        Souffleur axial pour la ventilation et le s\u00e9chage rapide des pi\u00e8ces et des murs apr\u00e8s un d\u00e9g\u00e2t des eaux. Temps de s\u00e9chage r\u00e9duits. L'outil id\u00e9al pour l'industrie, l'artisan et le prestataire de services moderne.  Ce ventilateur pratique et facile \u00e0 transporter vous offre six appareils en un\u00a0: s\u00e8che-tapis, s\u00e8che-mur, s\u00e8che-plafond, s\u00e8che-sol, ventilateur puissant pour le refroidissement ou la ventilation des pi\u00e8ces et un ventilateur combin\u00e9 pour le s\u00e9chage avec un s\u00e8che-linge \u00e0 condensation.","og_url":"https:\/\/geoclimate.ge\/fr\/produit\/heylo-fd-4000-axial-ventilator\/","og_site_name":"GeoClimate.ge","article_modified_time":"2025-04-06T14:35:32+00:00","og_image":[{"width":500,"height":500,"url":"https:\/\/geoclimate.ge\/wp-content\/uploads\/2025\/04\/Heylo-Ventilator-FD-4000_2f36eb961623f37d75fa298e9bd01544.webp","type":"image\/webp"}],"twitter_card":"summary_large_image","twitter_misc":{"Dur\u00e9e de lecture estim\u00e9e":"2 minutes"},"schema":{"@context":"https:\/\/schema.org","@graph":[{"@type":"WebPage","@id":"https:\/\/geoclimate.ge\/fr\/produit\/heylo-fd-4000-axial-ventilator\/","url":"https:\/\/geoclimate.ge\/fr\/produit\/heylo-fd-4000-axial-ventilator\/","name":"Heylo FD 4000 \u2013 Ventilateur axial - GeoClimate.ge","isPartOf":{"@id":"https:\/\/geoclimate.ge\/#website"},"primaryImageOfPage":{"@id":"https:\/\/geoclimate.ge\/fr\/produit\/heylo-fd-4000-axial-ventilator\/#primaryimage"},"image":{"@id":"https:\/\/geoclimate.ge\/fr\/produit\/heylo-fd-4000-axial-ventilator\/#primaryimage"},"thumbnailUrl":"https:\/\/geoclimate.ge\/wp-content\/uploads\/2025\/04\/Heylo-Ventilator-FD-4000_2f36eb961623f37d75fa298e9bd01544.webp","datePublished":"2024-01-22T18:41:03+00:00","dateModified":"2025-04-06T14:35:32+00:00","breadcrumb":{"@id":"https:\/\/geoclimate.ge\/fr\/produit\/heylo-fd-4000-axial-ventilator\/#breadcrumb"},"inLanguage":"fr-FR","potentialAction":[{"@type":"ReadAction","target":["https:\/\/geoclimate.ge\/fr\/produit\/heylo-fd-4000-axial-ventilator\/"]}]},{"@type":"ImageObject","inLanguage":"fr-FR","@id":"https:\/\/geoclimate.ge\/fr\/produit\/heylo-fd-4000-axial-ventilator\/#primaryimage","url":"https:\/\/geoclimate.ge\/wp-content\/uploads\/2025\/04\/Heylo-Ventilator-FD-4000_2f36eb961623f37d75fa298e9bd01544.webp","contentUrl":"https:\/\/geoclimate.ge\/wp-content\/uploads\/2025\/04\/Heylo-Ventilator-FD-4000_2f36eb961623f37d75fa298e9bd01544.webp","width":500,"height":500},{"@type":"BreadcrumbList","@id":"https:\/\/geoclimate.ge\/fr\/produit\/heylo-fd-4000-axial-ventilator\/#breadcrumb","itemListElement":[{"@type":"ListItem","position":1,"name":"Home","item":"https:\/\/geoclimate.ge\/fr\/"},{"@type":"ListItem","position":2,"name":"Products","item":"https:\/\/geoclimate.ge\/fr\/products\/"},{"@type":"ListItem","position":3,"name":"Heylo FD 4000 \u2013 Ventilateur axial"}]},{"@type":"WebSite","@id":"https:\/\/geoclimate.ge\/#website","url":"https:\/\/geoclimate.ge\/","name":"GeoClimate","description":"","publisher":{"@id":"https:\/\/geoclimate.ge\/#organization"},"potentialAction":[{"@type":"SearchAction","target":{"@type":"EntryPoint","urlTemplate":"https:\/\/geoclimate.ge\/?s={search_term_string}"},"query-input":{"@type":"PropertyValueSpecification","valueRequired":true,"valueName":"search_term_string"}}],"inLanguage":"fr-FR"},{"@type":"Organization","@id":"https:\/\/geoclimate.ge\/#organization","name":"GeoClimate","url":"https:\/\/geoclimate.ge\/","logo":{"@type":"ImageObject","inLanguage":"fr-FR","@id":"https:\/\/geoclimate.ge\/#\/schema\/logo\/image\/","url":"https:\/\/geoclimate.ge\/wp-content\/uploads\/2026\/03\/geoclimate-SEO.png","contentUrl":"https:\/\/geoclimate.ge\/wp-content\/uploads\/2026\/03\/geoclimate-SEO.png","width":1536,"height":1024,"caption":"GeoClimate"},"image":{"@id":"https:\/\/geoclimate.ge\/#\/schema\/logo\/image\/"}}]}},"_links":{"self":[{"href":"https:\/\/geoclimate.ge\/fr\/wp-json\/wp\/v2\/product\/27897","targetHints":{"allow":["GET"]}}],"collection":[{"href":"https:\/\/geoclimate.ge\/fr\/wp-json\/wp\/v2\/product"}],"about":[{"href":"https:\/\/geoclimate.ge\/fr\/wp-json\/wp\/v2\/types\/product"}],"wp:featuredmedia":[{"embeddable":true,"href":"https:\/\/geoclimate.ge\/fr\/wp-json\/wp\/v2\/media\/27892"}],"wp:attachment":[{"href":"https:\/\/geoclimate.ge\/fr\/wp-json\/wp\/v2\/media?parent=27897"}],"wp:term":[{"taxonomy":"product_brand","embeddable":true,"href":"https:\/\/geoclimate.ge\/fr\/wp-json\/wp\/v2\/product_brand?post=27897"},{"taxonomy":"product_cat","embeddable":true,"href":"https:\/\/geoclimate.ge\/fr\/wp-json\/wp\/v2\/product_cat?post=27897"},{"taxonomy":"product_tag","embeddable":true,"href":"https:\/\/geoclimate.ge\/fr\/wp-json\/wp\/v2\/product_tag?post=27897"}],"curies":[{"name":"wp","href":"https:\/\/api.w.org\/{rel}","templated":true}]}}