{"id":28226,"date":"2025-04-06T22:23:14","date_gmt":"2025-04-06T18:23:14","guid":{"rendered":"https:\/\/airsystems.ge\/shop\/product\/trotec-tfv-300-ex-radial-fan\/"},"modified":"2025-04-06T22:33:20","modified_gmt":"2025-04-06T18:33:20","slug":"trotec-tfv-300-ex-radial-fan","status":"publish","type":"product","link":"https:\/\/geoclimate.ge\/fr\/produit\/trotec-tfv-300-ex-radial-fan\/","title":{"rendered":"Trotec TFV 300 Ex \u2013 Ventilateur radial Ventilateurs radiaux pour zones prot\u00e9g\u00e9es contre les explosions"},"content":{"rendered":"<section class=\"max-w-[1088px] mx-auto w-full px-5 my-10 md:my-12 lg:my-16 xl:my-20 xl:px-0\" data-block=\"bullet-list\">\n<div class=\"md:text-center\">\n<h3 class=\"text-black font-bold text-lg md:text-xl lg:text-2xl\">Caract\u00e9ristiques principales<\/h3>\n<\/div>\n<div class=\"mt-6 md:mt-10\">\n<div class=\"flex flex-wrap\">\n<div class=\"w-full md:w-1\/2 auto-bullets md:pr-16\">\n<ul>\n<li class=\"text-sm md:text-base text-black mt-3 flex items-start\">\n<div class=\"pl-5\">Ventilateur radial robuste et de haute qualit\u00e9<br \/>\nGroupe d&rsquo;explosion II, cat\u00e9gorie 3G, classe de temp\u00e9rature 4<br \/>\nMoteur du ventilateur plac\u00e9 hors du flux d&rsquo;air principal<br \/>\nRaccordement possible aux conduits d&rsquo;aspiration et d&rsquo;\u00e9vacuation<br \/>\nCaract\u00e9ristiques stables et pression \u00e9lev\u00e9e constante<br \/>\nDisponible en option pour le groupe d&rsquo;explosion II, cat\u00e9gorie 2G (zone 1), cat\u00e9gorie 2D (zone 21) et cat\u00e9gorie 3D (zone 2)<\/div>\n<\/li>\n<\/ul>\n<\/div>\n<\/div>\n<\/div>\n<\/section>\n<section class=\"max-w-[1088px] mx-auto w-full px-5 my-10 md:my-12 lg:my-16 xl:my-20 xl:px-0\" data-block=\"product-specifications\">\n<div class=\"md:text-center\">\n<h3 class=\"text-black font-bold text-lg md:text-xl lg:text-2xl\"><strong>Product specifications<\/strong><\/h3>\n<\/div>\n<div class=\" md:mt-10\">\n<div class=\"\">\n<div class=\"lg:mt-0 \">\n<div id=\"spec-tfv-300-ex\" class=\"prose max-w-full md:overflow-auto\" data-spec-content=\"\">\n<div class=\"spreadsheet-container hidden md:block\">\n<table class=\"w-full table-fixed mb-0\">\n<thead>\n<tr>\n<th class=\"font-bold text-base\"><span class=\"block px-4\">Specifications<\/span><\/th>\n<th class=\"font-bold text-base text-center\"><span class=\"block px-10 md:px-20\">Units<\/span><\/th>\n<th class=\"font-bold text-base text-center will-change\"><span class=\"block px-4\">TFV\u00a0300\u00a0Ex<\/span><\/th>\n<\/tr>\n<\/thead>\n<tbody>\n<tr class=\"bg-grey-200\/50 p-2\">\n<td colspan=\"1\"><span class=\"block px-4\">Air volume freely blowing max.<\/span><\/td>\n<td class=\"text-center\">\n<div class=\"px-10 md:px-20 flex items-center justify-center\">m\u00b3\/h<\/div>\n<\/td>\n<td class=\"text-center will-change\">\n<div class=\"px-10 md:px-20 flex items-center justify-center\">7,000<\/div>\n<\/td>\n<\/tr>\n<tr class=\" p-2\">\n<td colspan=\"1\"><span class=\"block px-4\">Air flow<\/span><\/td>\n<td class=\"text-center\">\n<div class=\"px-10 md:px-20 flex items-center justify-center\"><\/div>\n<\/td>\n<td class=\"text-center will-change\">\n<div class=\"px-10 md:px-20 flex items-center justify-center\">blowing out \/ sucking in<\/div>\n<\/td>\n<\/tr>\n<tr class=\"bg-grey-200\/50 p-2\">\n<td colspan=\"1\"><span class=\"block px-4\">Air discharge speed<\/span><\/td>\n<td class=\"text-center\">\n<div class=\"px-10 md:px-20 flex items-center justify-center\">m\/s (km\/h)<\/div>\n<\/td>\n<td class=\"text-center will-change\">\n<div class=\"px-10 md:px-20 flex items-center justify-center\">27\/97.2<\/div>\n<\/td>\n<\/tr>\n<tr class=\" p-2\">\n<td colspan=\"1\"><span class=\"block px-4\">Fan stages<\/span><\/td>\n<td class=\"text-center\">\n<div class=\"px-10 md:px-20 flex items-center justify-center\"><\/div>\n<\/td>\n<td class=\"text-center will-change\">\n<div class=\"px-10 md:px-20 flex items-center justify-center\">1<\/div>\n<\/td>\n<\/tr>\n<tr class=\"bg-grey-200\/50 p-2\">\n<td colspan=\"1\"><span class=\"block px-4\">Air pressure max.<\/span><\/td>\n<td class=\"text-center\">\n<div class=\"px-10 md:px-20 flex items-center justify-center\">Pa<\/div>\n<\/td>\n<td class=\"text-center will-change\">\n<div class=\"px-10 md:px-20 flex items-center justify-center\">2,800<\/div>\n<\/td>\n<\/tr>\n<tr class=\" p-2\">\n<td colspan=\"1\"><span class=\"block px-4\">Max. transport medium temperature<\/span><\/td>\n<td class=\"text-center\">\n<div class=\"px-10 md:px-20 flex items-center justify-center\">\u00b0C<\/div>\n<\/td>\n<td class=\"text-center will-change\">\n<div class=\"px-10 md:px-20 flex items-center justify-center\">60<\/div>\n<\/td>\n<\/tr>\n<tr class=\"bg-grey-200\/50 p-2\">\n<td colspan=\"1\"><span class=\"block px-4\">Power supply<\/span><\/td>\n<td class=\"text-center\">\n<div class=\"px-10 md:px-20 flex items-center justify-center\">V\/Hz<\/div>\n<\/td>\n<td class=\"text-center will-change\">\n<div class=\"px-10 md:px-20 flex items-center justify-center\">400\/50<\/div>\n<\/td>\n<\/tr>\n<tr class=\" p-2\">\n<td colspan=\"1\"><span class=\"block px-4\">Power input<\/span><\/td>\n<td class=\"text-center\">\n<div class=\"px-10 md:px-20 flex items-center justify-center\">kW<\/div>\n<\/td>\n<td class=\"text-center will-change\">\n<div class=\"px-10 md:px-20 flex items-center justify-center\">4<\/div>\n<\/td>\n<\/tr>\n<tr class=\"bg-grey-200\/50 p-2\">\n<td colspan=\"1\"><span class=\"block px-4\">Necessary fuse<\/span><\/td>\n<td class=\"text-center\">\n<div class=\"px-10 md:px-20 flex items-center justify-center\">A<\/div>\n<\/td>\n<td class=\"text-center will-change\">\n<div class=\"px-10 md:px-20 flex items-center justify-center\">16<\/div>\n<\/td>\n<\/tr>\n<tr class=\" p-2\">\n<td colspan=\"1\"><span class=\"block px-4\">Explosion protection<\/span><\/td>\n<td class=\"text-center\">\n<div class=\"px-10 md:px-20 flex items-center justify-center\"><\/div>\n<\/td>\n<td class=\"text-center will-change\">\n<div class=\"px-10 md:px-20 flex items-center justify-center\">2\/ II3G, T4<\/div>\n<\/td>\n<\/tr>\n<tr class=\"bg-grey-200\/50 p-2\">\n<td colspan=\"1\"><span class=\"block px-4\">Type of protection<\/span><\/td>\n<td class=\"text-center\">\n<div class=\"px-10 md:px-20 flex items-center justify-center\"><\/div>\n<\/td>\n<td class=\"text-center will-change\">\n<div class=\"px-10 md:px-20 flex items-center justify-center\">IP55<\/div>\n<\/td>\n<\/tr>\n<tr class=\" p-2\">\n<td colspan=\"1\"><span class=\"block px-4\">Sound level @3m<\/span><\/td>\n<td class=\"text-center\">\n<div class=\"px-10 md:px-20 flex items-center justify-center\">dB(A)<\/div>\n<\/td>\n<td class=\"text-center will-change\">\n<div class=\"px-10 md:px-20 flex items-center justify-center\">71<\/div>\n<\/td>\n<\/tr>\n<tr class=\"bg-grey-200\/50 p-2\">\n<td colspan=\"1\"><span class=\"block px-4\">Product size (l x w x h)<\/span><\/td>\n<td class=\"text-center\">\n<div class=\"px-10 md:px-20 flex items-center justify-center\">mm<\/div>\n<\/td>\n<td class=\"text-center will-change\">\n<div class=\"px-10 md:px-20 flex items-center justify-center\">1000 x 700 x 830<\/div>\n<\/td>\n<\/tr>\n<tr class=\" p-2\">\n<td colspan=\"1\"><span class=\"block px-4\">Weight<\/span><\/td>\n<td class=\"text-center\">\n<div class=\"px-10 md:px-20 flex items-center justify-center\">kg<\/div>\n<\/td>\n<td class=\"text-center will-change\">\n<div class=\"px-10 md:px-20 flex items-center justify-center\">150<\/div>\n<\/td>\n<\/tr>\n<\/tbody>\n<\/table>\n<\/div>\n<\/div>\n<\/div>\n<\/div>\n<\/div>\n<\/section>\n<section class=\"max-w-[1088px] mx-auto w-full px-5 my-10 md:my-12 lg:my-16 xl:my-20 xl:px-0\" data-block=\"link-list\">\n<div class=\"max-w-[1088px] mx-auto\">\n<div class=\"md:text-center\">\n<ul>\n<li class=\"flex items-center gap-5 text-sm text-black mt-3 md:text-base lg:text-lg\"><strong>Convient pour\u00a0:<\/strong><\/li>\n<\/ul>\n<\/div>\n<div class=\"mt-6 max-w-4xl mx-auto\">\n<div class=\"flex flex-wrap md:ml-20\">\n<div class=\"w-full md:w-1\/2 auto-bullets md:pr-16\">\n<ul>\n<li class=\"flex items-center gap-5 text-sm text-black mt-3 md:text-base lg:text-lg\">Agriculture<br \/>\nConstruction<br \/>\n\u00c9v\u00e9nements et festivals<br \/>\nIndustrie, usines et production<br \/>\nLocation<br \/>\nEntrep\u00f4ts et stockage<br \/>\nR\u00e9paration apr\u00e8s d\u00e9g\u00e2ts des eaux<\/li>\n<\/ul>\n<\/div>\n<\/div>\n<\/div>\n<\/div>\n<\/section>\n","protected":false},"excerpt":{"rendered":"<div class=\"max-w-4xl\">\n<div class=\"text-xl font-bold mt-1 md:mt-2\">\n<p>Ventilateurs radiaux pour zones prot\u00e9g\u00e9es contre les explosions<\/p>\n<p>Le TFV 300 Ex est un puissant ventilateur radial antid\u00e9flagrant con\u00e7u pour une utilisation en environnements dangereux. Avec un d\u00e9bit d&rsquo;air allant jusqu&rsquo;\u00e0 5\u00a0000 m\u00b3\/h, il est id\u00e9al pour la ventilation de grands espaces dans les zones \u00e0 risque d&rsquo;explosion. Ce ventilateur est dot\u00e9 d&rsquo;une construction en acier robuste et d&rsquo;un moteur haute performance certifi\u00e9 pour une utilisation en atmosph\u00e8res explosives. Dot\u00e9 d&rsquo;une poign\u00e9e de transport pratique, il est facile \u00e0 transporter et \u00e0 installer. Gr\u00e2ce \u00e0 ses performances impressionnantes et \u00e0 sa conception antid\u00e9flagrante, le TFV 300 Ex est un excellent choix pour les t\u00e2ches de ventilation exigeantes en environnements dangereux.<\/p>\n<\/div>\n<\/div>\n","protected":false},"featured_media":28209,"template":"","meta":[],"product_brand":[],"product_cat":[1153,412,419],"product_tag":[],"class_list":{"0":"post-28226","1":"product","2":"type-product","3":"status-publish","4":"has-post-thumbnail","6":"product_cat-radial-explosions-antideflagrant-ventilateur","7":"product_cat-climatisation-deshumidificateur-dair-ventilateur-fr-ventilation","8":"product_cat-ventilateur-ventilation-axiaux-radiaux-souffleur-antideflagrants","10":"first","11":"instock","12":"shipping-taxable","13":"purchasable","14":"product-type-simple"},"yoast_head":"<!-- This site is optimized with the Yoast SEO plugin v27.1.1 - https:\/\/yoast.com\/product\/yoast-seo-wordpress\/ -->\n<title>Trotec TFV 300 Ex \u2013 Ventilateur radial Ventilateurs radiaux pour zones prot\u00e9g\u00e9es contre les explosions - GeoClimate.ge<\/title>\n<meta name=\"robots\" content=\"index, follow, max-snippet:-1, max-image-preview:large, max-video-preview:-1\" \/>\n<link rel=\"canonical\" href=\"https:\/\/geoclimate.ge\/fr\/produit\/trotec-tfv-300-ex-radial-fan\/\" \/>\n<meta property=\"og:locale\" content=\"fr_FR\" \/>\n<meta property=\"og:type\" content=\"article\" \/>\n<meta property=\"og:title\" content=\"Trotec TFV 300 Ex \u2013 Ventilateur radial Ventilateurs radiaux pour zones prot\u00e9g\u00e9es contre les explosions - GeoClimate.ge\" \/>\n<meta property=\"og:description\" content=\"Ventilateurs radiaux pour zones prot\u00e9g\u00e9es contre les explosions  Le TFV 300 Ex est un puissant ventilateur radial antid\u00e9flagrant con\u00e7u pour une utilisation en environnements dangereux. Avec un d\u00e9bit d&#039;air allant jusqu&#039;\u00e0 5\u00a0000 m\u00b3\/h, il est id\u00e9al pour la ventilation de grands espaces dans les zones \u00e0 risque d&#039;explosion. Ce ventilateur est dot\u00e9 d&#039;une construction en acier robuste et d&#039;un moteur haute performance certifi\u00e9 pour une utilisation en atmosph\u00e8res explosives. Dot\u00e9 d&#039;une poign\u00e9e de transport pratique, il est facile \u00e0 transporter et \u00e0 installer. Gr\u00e2ce \u00e0 ses performances impressionnantes et \u00e0 sa conception antid\u00e9flagrante, le TFV 300 Ex est un excellent choix pour les t\u00e2ches de ventilation exigeantes en environnements dangereux.\" \/>\n<meta property=\"og:url\" content=\"https:\/\/geoclimate.ge\/fr\/produit\/trotec-tfv-300-ex-radial-fan\/\" \/>\n<meta property=\"og:site_name\" content=\"GeoClimate.ge\" \/>\n<meta property=\"article:modified_time\" content=\"2025-04-06T18:33:20+00:00\" \/>\n<meta property=\"og:image\" content=\"https:\/\/geoclimate.ge\/wp-content\/uploads\/2025\/04\/Trotec-TFV-300-EX-main-right.jpg\" \/>\n\t<meta property=\"og:image:width\" content=\"1000\" \/>\n\t<meta property=\"og:image:height\" content=\"1000\" \/>\n\t<meta property=\"og:image:type\" content=\"image\/jpeg\" \/>\n<meta name=\"twitter:card\" content=\"summary_large_image\" \/>\n<meta name=\"twitter:label1\" content=\"Dur\u00e9e de lecture estim\u00e9e\" \/>\n\t<meta name=\"twitter:data1\" content=\"1 minute\" \/>\n<script type=\"application\/ld+json\" class=\"yoast-schema-graph\">{\"@context\":\"https:\/\/schema.org\",\"@graph\":[{\"@type\":\"WebPage\",\"@id\":\"https:\/\/geoclimate.ge\/fr\/produit\/trotec-tfv-300-ex-radial-fan\/\",\"url\":\"https:\/\/geoclimate.ge\/fr\/produit\/trotec-tfv-300-ex-radial-fan\/\",\"name\":\"Trotec TFV 300 Ex \u2013 Ventilateur radial Ventilateurs radiaux pour zones prot\u00e9g\u00e9es contre les explosions - GeoClimate.ge\",\"isPartOf\":{\"@id\":\"https:\/\/geoclimate.ge\/#website\"},\"primaryImageOfPage\":{\"@id\":\"https:\/\/geoclimate.ge\/fr\/produit\/trotec-tfv-300-ex-radial-fan\/#primaryimage\"},\"image\":{\"@id\":\"https:\/\/geoclimate.ge\/fr\/produit\/trotec-tfv-300-ex-radial-fan\/#primaryimage\"},\"thumbnailUrl\":\"https:\/\/geoclimate.ge\/wp-content\/uploads\/2025\/04\/Trotec-TFV-300-EX-main-right.jpg\",\"datePublished\":\"2025-04-06T18:23:14+00:00\",\"dateModified\":\"2025-04-06T18:33:20+00:00\",\"breadcrumb\":{\"@id\":\"https:\/\/geoclimate.ge\/fr\/produit\/trotec-tfv-300-ex-radial-fan\/#breadcrumb\"},\"inLanguage\":\"fr-FR\",\"potentialAction\":[{\"@type\":\"ReadAction\",\"target\":[\"https:\/\/geoclimate.ge\/fr\/produit\/trotec-tfv-300-ex-radial-fan\/\"]}]},{\"@type\":\"ImageObject\",\"inLanguage\":\"fr-FR\",\"@id\":\"https:\/\/geoclimate.ge\/fr\/produit\/trotec-tfv-300-ex-radial-fan\/#primaryimage\",\"url\":\"https:\/\/geoclimate.ge\/wp-content\/uploads\/2025\/04\/Trotec-TFV-300-EX-main-right.jpg\",\"contentUrl\":\"https:\/\/geoclimate.ge\/wp-content\/uploads\/2025\/04\/Trotec-TFV-300-EX-main-right.jpg\",\"width\":1000,\"height\":1000},{\"@type\":\"BreadcrumbList\",\"@id\":\"https:\/\/geoclimate.ge\/fr\/produit\/trotec-tfv-300-ex-radial-fan\/#breadcrumb\",\"itemListElement\":[{\"@type\":\"ListItem\",\"position\":1,\"name\":\"Home\",\"item\":\"https:\/\/geoclimate.ge\/fr\/\"},{\"@type\":\"ListItem\",\"position\":2,\"name\":\"Products\",\"item\":\"https:\/\/geoclimate.ge\/fr\/products\/\"},{\"@type\":\"ListItem\",\"position\":3,\"name\":\"Trotec TFV 300 Ex \u2013 Ventilateur radial Ventilateurs radiaux pour zones prot\u00e9g\u00e9es contre les explosions\"}]},{\"@type\":\"WebSite\",\"@id\":\"https:\/\/geoclimate.ge\/#website\",\"url\":\"https:\/\/geoclimate.ge\/\",\"name\":\"GeoClimate\",\"description\":\"\",\"publisher\":{\"@id\":\"https:\/\/geoclimate.ge\/#organization\"},\"potentialAction\":[{\"@type\":\"SearchAction\",\"target\":{\"@type\":\"EntryPoint\",\"urlTemplate\":\"https:\/\/geoclimate.ge\/?s={search_term_string}\"},\"query-input\":{\"@type\":\"PropertyValueSpecification\",\"valueRequired\":true,\"valueName\":\"search_term_string\"}}],\"inLanguage\":\"fr-FR\"},{\"@type\":\"Organization\",\"@id\":\"https:\/\/geoclimate.ge\/#organization\",\"name\":\"GeoClimate\",\"url\":\"https:\/\/geoclimate.ge\/\",\"logo\":{\"@type\":\"ImageObject\",\"inLanguage\":\"fr-FR\",\"@id\":\"https:\/\/geoclimate.ge\/#\/schema\/logo\/image\/\",\"url\":\"https:\/\/geoclimate.ge\/wp-content\/uploads\/2026\/03\/geoclimate-SEO.png\",\"contentUrl\":\"https:\/\/geoclimate.ge\/wp-content\/uploads\/2026\/03\/geoclimate-SEO.png\",\"width\":1536,\"height\":1024,\"caption\":\"GeoClimate\"},\"image\":{\"@id\":\"https:\/\/geoclimate.ge\/#\/schema\/logo\/image\/\"}}]}<\/script>\n<!-- \/ Yoast SEO plugin. -->","yoast_head_json":{"title":"Trotec TFV 300 Ex \u2013 Ventilateur radial Ventilateurs radiaux pour zones prot\u00e9g\u00e9es contre les explosions - GeoClimate.ge","robots":{"index":"index","follow":"follow","max-snippet":"max-snippet:-1","max-image-preview":"max-image-preview:large","max-video-preview":"max-video-preview:-1"},"canonical":"https:\/\/geoclimate.ge\/fr\/produit\/trotec-tfv-300-ex-radial-fan\/","og_locale":"fr_FR","og_type":"article","og_title":"Trotec TFV 300 Ex \u2013 Ventilateur radial Ventilateurs radiaux pour zones prot\u00e9g\u00e9es contre les explosions - GeoClimate.ge","og_description":"Ventilateurs radiaux pour zones prot\u00e9g\u00e9es contre les explosions  Le TFV 300 Ex est un puissant ventilateur radial antid\u00e9flagrant con\u00e7u pour une utilisation en environnements dangereux. Avec un d\u00e9bit d'air allant jusqu'\u00e0 5\u00a0000 m\u00b3\/h, il est id\u00e9al pour la ventilation de grands espaces dans les zones \u00e0 risque d'explosion. Ce ventilateur est dot\u00e9 d'une construction en acier robuste et d'un moteur haute performance certifi\u00e9 pour une utilisation en atmosph\u00e8res explosives. Dot\u00e9 d'une poign\u00e9e de transport pratique, il est facile \u00e0 transporter et \u00e0 installer. Gr\u00e2ce \u00e0 ses performances impressionnantes et \u00e0 sa conception antid\u00e9flagrante, le TFV 300 Ex est un excellent choix pour les t\u00e2ches de ventilation exigeantes en environnements dangereux.","og_url":"https:\/\/geoclimate.ge\/fr\/produit\/trotec-tfv-300-ex-radial-fan\/","og_site_name":"GeoClimate.ge","article_modified_time":"2025-04-06T18:33:20+00:00","og_image":[{"width":1000,"height":1000,"url":"https:\/\/geoclimate.ge\/wp-content\/uploads\/2025\/04\/Trotec-TFV-300-EX-main-right.jpg","type":"image\/jpeg"}],"twitter_card":"summary_large_image","twitter_misc":{"Dur\u00e9e de lecture estim\u00e9e":"1 minute"},"schema":{"@context":"https:\/\/schema.org","@graph":[{"@type":"WebPage","@id":"https:\/\/geoclimate.ge\/fr\/produit\/trotec-tfv-300-ex-radial-fan\/","url":"https:\/\/geoclimate.ge\/fr\/produit\/trotec-tfv-300-ex-radial-fan\/","name":"Trotec TFV 300 Ex \u2013 Ventilateur radial Ventilateurs radiaux pour zones prot\u00e9g\u00e9es contre les explosions - GeoClimate.ge","isPartOf":{"@id":"https:\/\/geoclimate.ge\/#website"},"primaryImageOfPage":{"@id":"https:\/\/geoclimate.ge\/fr\/produit\/trotec-tfv-300-ex-radial-fan\/#primaryimage"},"image":{"@id":"https:\/\/geoclimate.ge\/fr\/produit\/trotec-tfv-300-ex-radial-fan\/#primaryimage"},"thumbnailUrl":"https:\/\/geoclimate.ge\/wp-content\/uploads\/2025\/04\/Trotec-TFV-300-EX-main-right.jpg","datePublished":"2025-04-06T18:23:14+00:00","dateModified":"2025-04-06T18:33:20+00:00","breadcrumb":{"@id":"https:\/\/geoclimate.ge\/fr\/produit\/trotec-tfv-300-ex-radial-fan\/#breadcrumb"},"inLanguage":"fr-FR","potentialAction":[{"@type":"ReadAction","target":["https:\/\/geoclimate.ge\/fr\/produit\/trotec-tfv-300-ex-radial-fan\/"]}]},{"@type":"ImageObject","inLanguage":"fr-FR","@id":"https:\/\/geoclimate.ge\/fr\/produit\/trotec-tfv-300-ex-radial-fan\/#primaryimage","url":"https:\/\/geoclimate.ge\/wp-content\/uploads\/2025\/04\/Trotec-TFV-300-EX-main-right.jpg","contentUrl":"https:\/\/geoclimate.ge\/wp-content\/uploads\/2025\/04\/Trotec-TFV-300-EX-main-right.jpg","width":1000,"height":1000},{"@type":"BreadcrumbList","@id":"https:\/\/geoclimate.ge\/fr\/produit\/trotec-tfv-300-ex-radial-fan\/#breadcrumb","itemListElement":[{"@type":"ListItem","position":1,"name":"Home","item":"https:\/\/geoclimate.ge\/fr\/"},{"@type":"ListItem","position":2,"name":"Products","item":"https:\/\/geoclimate.ge\/fr\/products\/"},{"@type":"ListItem","position":3,"name":"Trotec TFV 300 Ex \u2013 Ventilateur radial Ventilateurs radiaux pour zones prot\u00e9g\u00e9es contre les explosions"}]},{"@type":"WebSite","@id":"https:\/\/geoclimate.ge\/#website","url":"https:\/\/geoclimate.ge\/","name":"GeoClimate","description":"","publisher":{"@id":"https:\/\/geoclimate.ge\/#organization"},"potentialAction":[{"@type":"SearchAction","target":{"@type":"EntryPoint","urlTemplate":"https:\/\/geoclimate.ge\/?s={search_term_string}"},"query-input":{"@type":"PropertyValueSpecification","valueRequired":true,"valueName":"search_term_string"}}],"inLanguage":"fr-FR"},{"@type":"Organization","@id":"https:\/\/geoclimate.ge\/#organization","name":"GeoClimate","url":"https:\/\/geoclimate.ge\/","logo":{"@type":"ImageObject","inLanguage":"fr-FR","@id":"https:\/\/geoclimate.ge\/#\/schema\/logo\/image\/","url":"https:\/\/geoclimate.ge\/wp-content\/uploads\/2026\/03\/geoclimate-SEO.png","contentUrl":"https:\/\/geoclimate.ge\/wp-content\/uploads\/2026\/03\/geoclimate-SEO.png","width":1536,"height":1024,"caption":"GeoClimate"},"image":{"@id":"https:\/\/geoclimate.ge\/#\/schema\/logo\/image\/"}}]}},"_links":{"self":[{"href":"https:\/\/geoclimate.ge\/fr\/wp-json\/wp\/v2\/product\/28226","targetHints":{"allow":["GET"]}}],"collection":[{"href":"https:\/\/geoclimate.ge\/fr\/wp-json\/wp\/v2\/product"}],"about":[{"href":"https:\/\/geoclimate.ge\/fr\/wp-json\/wp\/v2\/types\/product"}],"wp:featuredmedia":[{"embeddable":true,"href":"https:\/\/geoclimate.ge\/fr\/wp-json\/wp\/v2\/media\/28209"}],"wp:attachment":[{"href":"https:\/\/geoclimate.ge\/fr\/wp-json\/wp\/v2\/media?parent=28226"}],"wp:term":[{"taxonomy":"product_brand","embeddable":true,"href":"https:\/\/geoclimate.ge\/fr\/wp-json\/wp\/v2\/product_brand?post=28226"},{"taxonomy":"product_cat","embeddable":true,"href":"https:\/\/geoclimate.ge\/fr\/wp-json\/wp\/v2\/product_cat?post=28226"},{"taxonomy":"product_tag","embeddable":true,"href":"https:\/\/geoclimate.ge\/fr\/wp-json\/wp\/v2\/product_tag?post=28226"}],"curies":[{"name":"wp","href":"https:\/\/api.w.org\/{rel}","templated":true}]}}