{"id":29148,"date":"2025-04-10T23:34:17","date_gmt":"2025-04-10T19:34:17","guid":{"rendered":"https:\/\/airsystems.ge\/shop\/product\/dantherm-ecoline-air-handling-system\/"},"modified":"2025-04-10T23:43:45","modified_gmt":"2025-04-10T19:43:45","slug":"dantherm-ecoline-air-handling-system","status":"publish","type":"product","link":"https:\/\/geoclimate.ge\/fr\/produit\/dantherm-ecoline-air-handling-system\/","title":{"rendered":"Dantherm ECOline \u2013 Syst\u00e8me de traitement d&rsquo;air"},"content":{"rendered":"<section class=\"max-w-[1088px] mx-auto w-full px-5 my-10 md:my-12 lg:my-16 xl:my-20 xl:px-0\" data-block=\"bullet-list\">\n<div class=\"md:text-center\">\n<p><strong>Caract\u00e9ristiques principales<\/strong><br \/>\nContr\u00f4le climatique \u00e0 100 %<br \/>\nSolution la plus \u00e9co\u00e9nerg\u00e9tique du march\u00e9<br \/>\nMaintenance r\u00e9duite et simplifi\u00e9e<br \/>\nInstallation simple et rapide<br \/>\nAdapt\u00e9 \u00e0 vos besoins<br \/>\nGarantie fonctionnelle et produit<br \/>\nCo\u00fbts d&rsquo;exploitation jusqu&rsquo;\u00e0 50 % inf\u00e9rieurs \u00e0 ceux des solutions comparables<\/p>\n<p><strong>Section ventilation\u00a0:<\/strong><\/p>\n<p>Cette solution g\u00e8re la ventilation, le renouvellement d&rsquo;air frais n\u00e9cessaire et la circulation de l&rsquo;air dans les locaux pour cr\u00e9er des conditions optimales et constantes. La proportion d&rsquo;air frais peut varier de 0 \u00e0 100 % et est d\u00e9finie en fonction des exigences de chaque projet et des exigences des diff\u00e9rentes phases de fonctionnement si le syst\u00e8me dispose de plusieurs modes de fonctionnement (jour, nuit, occupation, etc.).<\/p>\n<p><strong>Section d\u00e9shumidification\u00a0:<\/strong><\/p>\n<p>Plusieurs formes et \u00e9tapes de d\u00e9shumidification peuvent \u00eatre utilis\u00e9es, ainsi que des combinaisons de ces m\u00e9thodes\u00a0:<\/p>\n<p>D\u00e9shumidification par extraction d&rsquo;humidit\u00e9 dans l&rsquo;\u00e9changeur de chaleur \u00e0 contre-courant de l&rsquo;unit\u00e9 DanX CF<br \/>\nD\u00e9shumidification par eau glac\u00e9e et d\u00e9shumidification par dessiccant<br \/>\nD\u00e9shumidification par air frais<\/p>\n<p><strong>Section refroidissement\u00a0:<\/strong><\/p>\n<p>Refroidissement par eau glac\u00e9e ou par serpentins \u00e0 d\u00e9tente directe (DX)<br \/>\nRefroidissement par r\u00e9cup\u00e9ration de chaleur dans l&rsquo;unit\u00e9 DanX CF<\/p>\n<p><strong>Section chauffage\u00a0:<\/strong><\/p>\n<p>R\u00e9cup\u00e9ration de chaleur dans l&rsquo;unit\u00e9 DanX CF<br \/>\nSerpentin de chauffage \u00e9lectrique ou hydronique<br \/>\nLa chaleur exc\u00e9dentaire provenant d&rsquo;autres processus peut \u00eatre utilis\u00e9e<\/p>\n<p><strong>Section humidification\u00a0:<\/strong><\/p>\n<p>Humidification par humidificateurs \u00e0 \u00e9vaporation ou \u00e0 vapeur<\/p>\n<p><strong>Adapt\u00e9 aux\u00a0:<\/strong><br \/>\nAgriculture<br \/>\nArchives et conservation<br \/>\nAutomobile<br \/>\nCentres de donn\u00e9es et t\u00e9l\u00e9communications<br \/>\nAgroalimentaire<br \/>\nIndustrie, usines et production<br \/>\nMus\u00e9es et galeries<br \/>\nIndustrie pharmaceutique et scientifique<br \/>\nEntrep\u00f4ts et stockage<\/p>\n<\/div>\n<\/section>\n<section class=\"max-w-[1088px] mx-auto w-full px-5 my-10 md:my-12 lg:my-16 xl:my-20 xl:px-0\" data-block=\"related-downloads\">\n<div class=\"md:text-center\">\n<h3 class=\"text-black font-bold text-lg md:text-xl lg:text-2xl\"><strong>Useful downloads<\/strong><\/h3>\n<\/div>\n<div class=\"mt-6 md:mt-10\">\n<div class=\"flex flex-col md:flex-row md:flex-wrap md:justify-center\">\n<div class=\"mb-4 md:mb-8 w-full md:w-1\/2 md:px-4\">\n<div class=\"p-4 md:p-5 h-full flex md:items-center border border-grey-300\">\n<div class=\"mt-1.5 md:mt-0 w-6 md:w-10\"><a href=\"https:\/\/www.danthermgroup.com\/downloads\/dantherm-ecoline-application-guide\" target=\"_blank\" rel=\"nofollow noindex noopener\"><img decoding=\"async\" class=\"lazyload h-8 md:h-14 w-auto object-contain\" src=\"https:\/\/dantherm-group-cdn.s3.amazonaws.com\/media\/icons\/download-guide.svg\" alt=\"Download guide\" height=\"56\" \/><\/a><\/div>\n<div class=\"flex-1 pl-4 md:px-8\">\n<h2 class=\"font-bold text-sm md:text-lg\"><a class=\"underline underline-offset-2 decoration-transparent transition duration-300 ease-linear hover:decoration-black\" href=\"https:\/\/www.danthermgroup.com\/downloads\/dantherm-ecoline-application-guide\" target=\"_blank\" rel=\"nofollow noindex noopener\">Dantherm ECOline \u2013 application guide<\/a><\/h2>\n<\/div>\n<\/div>\n<\/div>\n<\/div>\n<\/div>\n<\/section>\n","protected":false},"excerpt":{"rendered":"<div class=\"max-w-4xl\">\n<div class=\"text-xl font-bold mt-1 md:mt-2\">\n<p>Traitement d&rsquo;air commercial<\/p>\n<p>Dantherm ECOline int\u00e8gre la ventilation, la d\u00e9shumidification, l&rsquo;humidification, le chauffage et le refroidissement au sein d&rsquo;un m\u00eame syst\u00e8me. Cette solution exceptionnellement \u00e9co\u00e9nerg\u00e9tique se compose g\u00e9n\u00e9ralement de l&rsquo;unit\u00e9 de climatisation Dantherm DanX CF avec \u00e9changeur de chaleur \u00e0 contre-courant avec section de m\u00e9lange, ventilateurs EC, batterie de refroidissement\/chauffage int\u00e9gr\u00e9e et d\u00e9shumidificateur \u00e0 adsorption Dantherm SD s\u00e9par\u00e9. Le syst\u00e8me est \u00e9quip\u00e9 d&rsquo;une commande\/automatisation autonome dans un tableau \u00e9lectrique s\u00e9par\u00e9.<\/p>\n<p>Dantherm Ecoline peut \u00eatre personnalis\u00e9 pour exploiter l&rsquo;\u00e9nergie exc\u00e9dentaire d&rsquo;autres processus, ce qui permet de r\u00e9aliser des \u00e9conomies suppl\u00e9mentaires et d&rsquo;optimiser l&rsquo;utilisation de l&rsquo;\u00e9nergie.<\/p>\n<\/div>\n<\/div>\n","protected":false},"featured_media":29137,"template":"","meta":[],"product_brand":[],"product_cat":[1177,412,419],"product_tag":[],"class_list":{"0":"post-29148","1":"product","2":"type-product","3":"status-publish","4":"has-post-thumbnail","6":"product_cat-unites-de-traitement-dair-de-ventilation","7":"product_cat-climatisation-deshumidificateur-dair-ventilateur-fr-ventilation","8":"product_cat-ventilateur-ventilation-axiaux-radiaux-souffleur-antideflagrants","10":"first","11":"instock","12":"shipping-taxable","13":"product-type-simple"},"yoast_head":"<!-- This site is optimized with the Yoast SEO plugin v27.1.1 - https:\/\/yoast.com\/product\/yoast-seo-wordpress\/ -->\n<title>Dantherm ECOline \u2013 Syst\u00e8me de traitement d&#039;air - GeoClimate.ge<\/title>\n<meta name=\"robots\" content=\"index, follow, max-snippet:-1, max-image-preview:large, max-video-preview:-1\" \/>\n<link rel=\"canonical\" href=\"https:\/\/geoclimate.ge\/fr\/produit\/dantherm-ecoline-air-handling-system\/\" \/>\n<meta property=\"og:locale\" content=\"fr_FR\" \/>\n<meta property=\"og:type\" content=\"article\" \/>\n<meta property=\"og:title\" content=\"Dantherm ECOline \u2013 Syst\u00e8me de traitement d&#039;air - GeoClimate.ge\" \/>\n<meta property=\"og:description\" content=\"Traitement d&#039;air commercial  Dantherm ECOline int\u00e8gre la ventilation, la d\u00e9shumidification, l&#039;humidification, le chauffage et le refroidissement au sein d&#039;un m\u00eame syst\u00e8me. Cette solution exceptionnellement \u00e9co\u00e9nerg\u00e9tique se compose g\u00e9n\u00e9ralement de l&#039;unit\u00e9 de climatisation Dantherm DanX CF avec \u00e9changeur de chaleur \u00e0 contre-courant avec section de m\u00e9lange, ventilateurs EC, batterie de refroidissement\/chauffage int\u00e9gr\u00e9e et d\u00e9shumidificateur \u00e0 adsorption Dantherm SD s\u00e9par\u00e9. Le syst\u00e8me est \u00e9quip\u00e9 d&#039;une commande\/automatisation autonome dans un tableau \u00e9lectrique s\u00e9par\u00e9.  Dantherm Ecoline peut \u00eatre personnalis\u00e9 pour exploiter l&#039;\u00e9nergie exc\u00e9dentaire d&#039;autres processus, ce qui permet de r\u00e9aliser des \u00e9conomies suppl\u00e9mentaires et d&#039;optimiser l&#039;utilisation de l&#039;\u00e9nergie.\" \/>\n<meta property=\"og:url\" content=\"https:\/\/geoclimate.ge\/fr\/produit\/dantherm-ecoline-air-handling-system\/\" \/>\n<meta property=\"og:site_name\" content=\"GeoClimate.ge\" \/>\n<meta property=\"article:modified_time\" content=\"2025-04-10T19:43:45+00:00\" \/>\n<meta property=\"og:image\" content=\"https:\/\/geoclimate.ge\/wp-content\/uploads\/2025\/04\/Dantherm-ECOline-Holmoy-5-web.jpg\" \/>\n\t<meta property=\"og:image:width\" content=\"1000\" \/>\n\t<meta property=\"og:image:height\" content=\"1000\" \/>\n\t<meta property=\"og:image:type\" content=\"image\/jpeg\" \/>\n<meta name=\"twitter:card\" content=\"summary_large_image\" \/>\n<meta name=\"twitter:label1\" content=\"Dur\u00e9e de lecture estim\u00e9e\" \/>\n\t<meta name=\"twitter:data1\" content=\"1 minute\" \/>\n<script type=\"application\/ld+json\" class=\"yoast-schema-graph\">{\"@context\":\"https:\/\/schema.org\",\"@graph\":[{\"@type\":\"WebPage\",\"@id\":\"https:\/\/geoclimate.ge\/fr\/produit\/dantherm-ecoline-air-handling-system\/\",\"url\":\"https:\/\/geoclimate.ge\/fr\/produit\/dantherm-ecoline-air-handling-system\/\",\"name\":\"Dantherm ECOline \u2013 Syst\u00e8me de traitement d'air - GeoClimate.ge\",\"isPartOf\":{\"@id\":\"https:\/\/geoclimate.ge\/#website\"},\"primaryImageOfPage\":{\"@id\":\"https:\/\/geoclimate.ge\/fr\/produit\/dantherm-ecoline-air-handling-system\/#primaryimage\"},\"image\":{\"@id\":\"https:\/\/geoclimate.ge\/fr\/produit\/dantherm-ecoline-air-handling-system\/#primaryimage\"},\"thumbnailUrl\":\"https:\/\/geoclimate.ge\/wp-content\/uploads\/2025\/04\/Dantherm-ECOline-Holmoy-5-web.jpg\",\"datePublished\":\"2025-04-10T19:34:17+00:00\",\"dateModified\":\"2025-04-10T19:43:45+00:00\",\"breadcrumb\":{\"@id\":\"https:\/\/geoclimate.ge\/fr\/produit\/dantherm-ecoline-air-handling-system\/#breadcrumb\"},\"inLanguage\":\"fr-FR\",\"potentialAction\":[{\"@type\":\"ReadAction\",\"target\":[\"https:\/\/geoclimate.ge\/fr\/produit\/dantherm-ecoline-air-handling-system\/\"]}]},{\"@type\":\"ImageObject\",\"inLanguage\":\"fr-FR\",\"@id\":\"https:\/\/geoclimate.ge\/fr\/produit\/dantherm-ecoline-air-handling-system\/#primaryimage\",\"url\":\"https:\/\/geoclimate.ge\/wp-content\/uploads\/2025\/04\/Dantherm-ECOline-Holmoy-5-web.jpg\",\"contentUrl\":\"https:\/\/geoclimate.ge\/wp-content\/uploads\/2025\/04\/Dantherm-ECOline-Holmoy-5-web.jpg\",\"width\":1000,\"height\":1000},{\"@type\":\"BreadcrumbList\",\"@id\":\"https:\/\/geoclimate.ge\/fr\/produit\/dantherm-ecoline-air-handling-system\/#breadcrumb\",\"itemListElement\":[{\"@type\":\"ListItem\",\"position\":1,\"name\":\"Home\",\"item\":\"https:\/\/geoclimate.ge\/fr\/\"},{\"@type\":\"ListItem\",\"position\":2,\"name\":\"Products\",\"item\":\"https:\/\/geoclimate.ge\/fr\/products\/\"},{\"@type\":\"ListItem\",\"position\":3,\"name\":\"Dantherm ECOline \u2013 Syst\u00e8me de traitement d&#8217;air\"}]},{\"@type\":\"WebSite\",\"@id\":\"https:\/\/geoclimate.ge\/#website\",\"url\":\"https:\/\/geoclimate.ge\/\",\"name\":\"GeoClimate\",\"description\":\"\",\"publisher\":{\"@id\":\"https:\/\/geoclimate.ge\/#organization\"},\"potentialAction\":[{\"@type\":\"SearchAction\",\"target\":{\"@type\":\"EntryPoint\",\"urlTemplate\":\"https:\/\/geoclimate.ge\/?s={search_term_string}\"},\"query-input\":{\"@type\":\"PropertyValueSpecification\",\"valueRequired\":true,\"valueName\":\"search_term_string\"}}],\"inLanguage\":\"fr-FR\"},{\"@type\":\"Organization\",\"@id\":\"https:\/\/geoclimate.ge\/#organization\",\"name\":\"GeoClimate\",\"url\":\"https:\/\/geoclimate.ge\/\",\"logo\":{\"@type\":\"ImageObject\",\"inLanguage\":\"fr-FR\",\"@id\":\"https:\/\/geoclimate.ge\/#\/schema\/logo\/image\/\",\"url\":\"https:\/\/geoclimate.ge\/wp-content\/uploads\/2026\/03\/geoclimate-SEO.png\",\"contentUrl\":\"https:\/\/geoclimate.ge\/wp-content\/uploads\/2026\/03\/geoclimate-SEO.png\",\"width\":1536,\"height\":1024,\"caption\":\"GeoClimate\"},\"image\":{\"@id\":\"https:\/\/geoclimate.ge\/#\/schema\/logo\/image\/\"}}]}<\/script>\n<!-- \/ Yoast SEO plugin. -->","yoast_head_json":{"title":"Dantherm ECOline \u2013 Syst\u00e8me de traitement d'air - GeoClimate.ge","robots":{"index":"index","follow":"follow","max-snippet":"max-snippet:-1","max-image-preview":"max-image-preview:large","max-video-preview":"max-video-preview:-1"},"canonical":"https:\/\/geoclimate.ge\/fr\/produit\/dantherm-ecoline-air-handling-system\/","og_locale":"fr_FR","og_type":"article","og_title":"Dantherm ECOline \u2013 Syst\u00e8me de traitement d'air - GeoClimate.ge","og_description":"Traitement d'air commercial  Dantherm ECOline int\u00e8gre la ventilation, la d\u00e9shumidification, l'humidification, le chauffage et le refroidissement au sein d'un m\u00eame syst\u00e8me. Cette solution exceptionnellement \u00e9co\u00e9nerg\u00e9tique se compose g\u00e9n\u00e9ralement de l'unit\u00e9 de climatisation Dantherm DanX CF avec \u00e9changeur de chaleur \u00e0 contre-courant avec section de m\u00e9lange, ventilateurs EC, batterie de refroidissement\/chauffage int\u00e9gr\u00e9e et d\u00e9shumidificateur \u00e0 adsorption Dantherm SD s\u00e9par\u00e9. Le syst\u00e8me est \u00e9quip\u00e9 d'une commande\/automatisation autonome dans un tableau \u00e9lectrique s\u00e9par\u00e9.  Dantherm Ecoline peut \u00eatre personnalis\u00e9 pour exploiter l'\u00e9nergie exc\u00e9dentaire d'autres processus, ce qui permet de r\u00e9aliser des \u00e9conomies suppl\u00e9mentaires et d'optimiser l'utilisation de l'\u00e9nergie.","og_url":"https:\/\/geoclimate.ge\/fr\/produit\/dantherm-ecoline-air-handling-system\/","og_site_name":"GeoClimate.ge","article_modified_time":"2025-04-10T19:43:45+00:00","og_image":[{"width":1000,"height":1000,"url":"https:\/\/geoclimate.ge\/wp-content\/uploads\/2025\/04\/Dantherm-ECOline-Holmoy-5-web.jpg","type":"image\/jpeg"}],"twitter_card":"summary_large_image","twitter_misc":{"Dur\u00e9e de lecture estim\u00e9e":"1 minute"},"schema":{"@context":"https:\/\/schema.org","@graph":[{"@type":"WebPage","@id":"https:\/\/geoclimate.ge\/fr\/produit\/dantherm-ecoline-air-handling-system\/","url":"https:\/\/geoclimate.ge\/fr\/produit\/dantherm-ecoline-air-handling-system\/","name":"Dantherm ECOline \u2013 Syst\u00e8me de traitement d'air - GeoClimate.ge","isPartOf":{"@id":"https:\/\/geoclimate.ge\/#website"},"primaryImageOfPage":{"@id":"https:\/\/geoclimate.ge\/fr\/produit\/dantherm-ecoline-air-handling-system\/#primaryimage"},"image":{"@id":"https:\/\/geoclimate.ge\/fr\/produit\/dantherm-ecoline-air-handling-system\/#primaryimage"},"thumbnailUrl":"https:\/\/geoclimate.ge\/wp-content\/uploads\/2025\/04\/Dantherm-ECOline-Holmoy-5-web.jpg","datePublished":"2025-04-10T19:34:17+00:00","dateModified":"2025-04-10T19:43:45+00:00","breadcrumb":{"@id":"https:\/\/geoclimate.ge\/fr\/produit\/dantherm-ecoline-air-handling-system\/#breadcrumb"},"inLanguage":"fr-FR","potentialAction":[{"@type":"ReadAction","target":["https:\/\/geoclimate.ge\/fr\/produit\/dantherm-ecoline-air-handling-system\/"]}]},{"@type":"ImageObject","inLanguage":"fr-FR","@id":"https:\/\/geoclimate.ge\/fr\/produit\/dantherm-ecoline-air-handling-system\/#primaryimage","url":"https:\/\/geoclimate.ge\/wp-content\/uploads\/2025\/04\/Dantherm-ECOline-Holmoy-5-web.jpg","contentUrl":"https:\/\/geoclimate.ge\/wp-content\/uploads\/2025\/04\/Dantherm-ECOline-Holmoy-5-web.jpg","width":1000,"height":1000},{"@type":"BreadcrumbList","@id":"https:\/\/geoclimate.ge\/fr\/produit\/dantherm-ecoline-air-handling-system\/#breadcrumb","itemListElement":[{"@type":"ListItem","position":1,"name":"Home","item":"https:\/\/geoclimate.ge\/fr\/"},{"@type":"ListItem","position":2,"name":"Products","item":"https:\/\/geoclimate.ge\/fr\/products\/"},{"@type":"ListItem","position":3,"name":"Dantherm ECOline \u2013 Syst\u00e8me de traitement d&#8217;air"}]},{"@type":"WebSite","@id":"https:\/\/geoclimate.ge\/#website","url":"https:\/\/geoclimate.ge\/","name":"GeoClimate","description":"","publisher":{"@id":"https:\/\/geoclimate.ge\/#organization"},"potentialAction":[{"@type":"SearchAction","target":{"@type":"EntryPoint","urlTemplate":"https:\/\/geoclimate.ge\/?s={search_term_string}"},"query-input":{"@type":"PropertyValueSpecification","valueRequired":true,"valueName":"search_term_string"}}],"inLanguage":"fr-FR"},{"@type":"Organization","@id":"https:\/\/geoclimate.ge\/#organization","name":"GeoClimate","url":"https:\/\/geoclimate.ge\/","logo":{"@type":"ImageObject","inLanguage":"fr-FR","@id":"https:\/\/geoclimate.ge\/#\/schema\/logo\/image\/","url":"https:\/\/geoclimate.ge\/wp-content\/uploads\/2026\/03\/geoclimate-SEO.png","contentUrl":"https:\/\/geoclimate.ge\/wp-content\/uploads\/2026\/03\/geoclimate-SEO.png","width":1536,"height":1024,"caption":"GeoClimate"},"image":{"@id":"https:\/\/geoclimate.ge\/#\/schema\/logo\/image\/"}}]}},"_links":{"self":[{"href":"https:\/\/geoclimate.ge\/fr\/wp-json\/wp\/v2\/product\/29148","targetHints":{"allow":["GET"]}}],"collection":[{"href":"https:\/\/geoclimate.ge\/fr\/wp-json\/wp\/v2\/product"}],"about":[{"href":"https:\/\/geoclimate.ge\/fr\/wp-json\/wp\/v2\/types\/product"}],"wp:featuredmedia":[{"embeddable":true,"href":"https:\/\/geoclimate.ge\/fr\/wp-json\/wp\/v2\/media\/29137"}],"wp:attachment":[{"href":"https:\/\/geoclimate.ge\/fr\/wp-json\/wp\/v2\/media?parent=29148"}],"wp:term":[{"taxonomy":"product_brand","embeddable":true,"href":"https:\/\/geoclimate.ge\/fr\/wp-json\/wp\/v2\/product_brand?post=29148"},{"taxonomy":"product_cat","embeddable":true,"href":"https:\/\/geoclimate.ge\/fr\/wp-json\/wp\/v2\/product_cat?post=29148"},{"taxonomy":"product_tag","embeddable":true,"href":"https:\/\/geoclimate.ge\/fr\/wp-json\/wp\/v2\/product_tag?post=29148"}],"curies":[{"name":"wp","href":"https:\/\/api.w.org\/{rel}","templated":true}]}}