{"id":29325,"date":"2025-04-12T13:27:55","date_gmt":"2025-04-12T09:27:55","guid":{"rendered":"https:\/\/airsystems.ge\/shop\/product\/dantherm-cdf-10-condensation-dehumidifier\/"},"modified":"2025-04-12T13:51:19","modified_gmt":"2025-04-12T09:51:19","slug":"dantherm-cdf-10-condensation-dehumidifier","status":"publish","type":"product","link":"https:\/\/geoclimate.ge\/fr\/produit\/dantherm-cdf-10-condensation-dehumidifier\/","title":{"rendered":"Dantherm CDF 10 \u2013 D\u00e9shumidificateur \u00e0 condensation"},"content":{"rendered":"<section class=\"max-w-[1088px] mx-auto w-full px-5 my-10 md:my-12 lg:my-16 xl:my-20 xl:px-0\" data-block=\"bullet-list\">\n<div class=\"md:text-center\">\n<h3 class=\"text-black font-bold text-lg md:text-xl lg:text-2xl\">Caract\u00e9ristiques principales<\/h3>\n<\/div>\n<div class=\"mt-6 md:mt-10\">\n<div class=\"flex flex-wrap\">\n<div class=\"w-full md:w-1\/2 auto-bullets md:pr-16\">\n<ul>\n<li class=\"text-sm md:text-base text-black mt-3 flex items-start\">\n<div class=\"pl-5\">Int\u00e9gr\u00e9 dans un bo\u00eetier robuste en t\u00f4le galvanis\u00e9e \u00e0 chaud avec rev\u00eatement \u00e9poxy.<br \/>\nLes serpentins de l&rsquo;\u00e9vaporateur et du condenseur sont rev\u00eatus d&rsquo;\u00e9poxy pour une r\u00e9sistance \u00e9lev\u00e9e \u00e0 la corrosion.<br \/>\nLa sortie des condensats est situ\u00e9e en bas du d\u00e9shumidificateur CDF. Raccordement possible \u00e0 un tuyau d&rsquo;arrosage.<br \/>\nFiltres \u00e0 air lavables facilement accessibles depuis le capot avant.<br \/>\nCompresseur alternatif.<br \/>\nVentilateur axial.<br \/>\nCommande \u00e9lectronique et \u00e9cran d&rsquo;affichage convivial.<br \/>\nD\u00e9givrage actif \u00e0 la demande.<br \/>\nDisponible en blanc et gris.<\/div>\n<\/li>\n<\/ul>\n<\/div>\n<\/div>\n<\/div>\n<\/section>\n<section class=\"max-w-[1088px] mx-auto w-full my-10 md:my-12 lg:my-16 xl:my-20\" data-block=\"content-block\">\n<div class=\"max-w-[1088px] mx-auto\">\n<div class=\"flex flex-col items-center gap-6 px-5 w-full md:grid md:grid-cols-12 md:items-stretch xl:px-0\" data-content-block=\"container\">\n<div class=\"relative flex flex-col gap-5 w-full md:col-span-12 md:col-start-1 sm:items-start sm:text-left order-first md:order-none\" data-content-block=\"column\">\n<div class=\"prose text-pretty max-w-full text-left text-black prose-p:text-black prose-headings:mt-6 prose-headings:mb-3 md:prose-headings:text-lg prose-a:text-current prose-a:transition prose-a:ease-linear prose-a:duration-300\" data-content-block=\"text\">\n<p>The CDF 10 works in accordance with the condensation principle. A fan draws the humid air into the dehumidifier and through an evaporator coil. When passing through the evaporator the air is cooled down to below its dew point temperature and its content of water vapour is condensed into water, which falls into the drip tray and then is led from the drip tray to a drain. The cold, dry air is then passed over the condenser coil where it is re-heated, before leaving the unit at a temperature, which is approx. 5\u00b0C higher than at the inlet.<\/p>\n<p>Le CDF 10 fonctionne selon le principe de condensation. Un ventilateur aspire l&rsquo;air humide dans le d\u00e9shumidificateur et le fait passer \u00e0 travers un \u00e9vaporateur. En passant par l&rsquo;\u00e9vaporateur, l&rsquo;air est refroidi jusqu&rsquo;\u00e0 une temp\u00e9rature inf\u00e9rieure \u00e0 son point de ros\u00e9e et sa vapeur d&rsquo;eau se condense en eau. L&rsquo;eau tombe dans le bac collecteur, puis est \u00e9vacu\u00e9e de ce dernier vers une \u00e9vacuation. L&rsquo;air froid et sec passe ensuite par le condenseur o\u00f9 il est r\u00e9chauff\u00e9, avant de quitter l&rsquo;appareil \u00e0 une temp\u00e9rature sup\u00e9rieure d&rsquo;environ 5 \u00b0C \u00e0 celle \u00e0 l&rsquo;entr\u00e9e.<\/p>\n<p><strong>Commande \u00e9lectronique<\/strong><\/p>\n<p>Le CDF 10 est \u00e9quip\u00e9 d&rsquo;un hygrostat int\u00e9gr\u00e9 et d&rsquo;un syst\u00e8me enti\u00e8rement automatique \u00e0 commande \u00e9lectronique. L&rsquo;hygrostat est plac\u00e9 derri\u00e8re le panneau avant et permet de r\u00e9gler le taux d&rsquo;humidit\u00e9 relative souhait\u00e9 en retirant ce dernier. \u00c0 la livraison, le CDF 10 est r\u00e9gl\u00e9 \u00e0 environ 60 % d&rsquo;humidit\u00e9 relative.<\/p>\n<p>Le CDF 10 peut \u00eatre mis en marche et arr\u00eat\u00e9 \u00e0 l&rsquo;aide de l&rsquo;interrupteur principal situ\u00e9 sur le c\u00f4t\u00e9 de l&rsquo;appareil. Une LED verte sur le panneau avant s&rsquo;allume lorsque le compresseur est en marche.<\/p>\n<p>Si le CDF 10 est utilis\u00e9 avec un r\u00e9servoir d&rsquo;eau, il s&rsquo;\u00e9teint automatiquement lorsque le r\u00e9servoir est plein. La LED sur le panneau avant devient rouge lorsque le r\u00e9servoir d&rsquo;eau doit \u00eatre vid\u00e9.<\/p>\n<p><strong>D\u00e9givrage<\/strong><\/p>\n<p>Un d\u00e9givrage actif, command\u00e9 \u00e0 la demande, est int\u00e9gr\u00e9 \u00e0 la commande \u00e9lectronique. Un capteur situ\u00e9 sur le serpentin de l&rsquo;\u00e9vaporateur garantit que l&rsquo;\u00e9vaporateur n&rsquo;est d\u00e9givr\u00e9 qu&rsquo;en cas de besoin. Le d\u00e9givrage du serpentin de l&rsquo;\u00e9vaporateur est assur\u00e9 par le fluide frigorig\u00e8ne chaud qui contourne le condenseur et est inject\u00e9 directement dans l&rsquo;\u00e9vaporateur.<\/p>\n<p>Le CDF 10 s&rsquo;\u00e9teint automatiquement lorsque la temp\u00e9rature est inf\u00e9rieure \u00e0 3 \u00b0C. Il red\u00e9marre lorsque la temp\u00e9rature ambiante d\u00e9passe 3 \u00b0C.<\/p>\n<\/div>\n<\/div>\n<\/div>\n<\/div>\n<\/section>\n<section class=\"max-w-[1088px] mx-auto w-full px-5 my-10 md:my-12 lg:my-16 xl:my-20 xl:px-0\" data-block=\"product-specifications\">\n<div class=\"md:text-center\">\n<h3 class=\"text-black font-bold text-lg md:text-xl lg:text-2xl\"><strong>Product specifications<\/strong><\/h3>\n<\/div>\n<div class=\" md:mt-10\">\n<div class=\"\">\n<div class=\"lg:mt-0 \">\n<div id=\"spec-cdf-10\" class=\"prose max-w-full md:overflow-auto\" data-spec-content=\"\">\n<div class=\"spreadsheet-container hidden md:block\">\n<table class=\"w-full table-fixed mb-0\">\n<thead>\n<tr>\n<th class=\"font-bold text-base\"><span class=\"block px-4\">Specifications<\/span><\/th>\n<th class=\"font-bold text-base text-center\"><span class=\"block px-10 md:px-20\">Units<\/span><\/th>\n<th class=\"font-bold text-base text-center will-change\"><span class=\"block px-4\">CDF\u00a010<\/span><\/th>\n<\/tr>\n<\/thead>\n<tbody>\n<tr class=\"bg-grey-200\/50 p-2\">\n<td colspan=\"1\"><span class=\"block px-4\">Operating temperature range<\/span><\/td>\n<td class=\"text-center\">\n<div class=\"px-10 md:px-20 flex items-center justify-center\">\u00b0C<\/div>\n<\/td>\n<td class=\"text-center will-change\">\n<div class=\"px-10 md:px-20 flex items-center justify-center\">3-30<\/div>\n<\/td>\n<\/tr>\n<tr class=\" p-2\">\n<td colspan=\"1\"><span class=\"block px-4\">Operating humidity range<\/span><\/td>\n<td class=\"text-center\">\n<div class=\"px-10 md:px-20 flex items-center justify-center\">% RH<\/div>\n<\/td>\n<td class=\"text-center will-change\">\n<div class=\"px-10 md:px-20 flex items-center justify-center\">40-100<\/div>\n<\/td>\n<\/tr>\n<tr class=\"bg-grey-200\/50 p-2\">\n<td colspan=\"1\"><span class=\"block px-4\">Dehumidification @ 30\u00b0C\/60% RH<\/span><\/td>\n<td class=\"text-center\">\n<div class=\"px-10 md:px-20 flex items-center justify-center\">l\/24h<\/div>\n<\/td>\n<td class=\"text-center will-change\">\n<div class=\"px-10 md:px-20 flex items-center justify-center\">7.5<\/div>\n<\/td>\n<\/tr>\n<tr class=\" p-2\">\n<td colspan=\"1\"><span class=\"block px-4\">Air flow<\/span><\/td>\n<td class=\"text-center\">\n<div class=\"px-10 md:px-20 flex items-center justify-center\">m\u00b3\/h<\/div>\n<\/td>\n<td class=\"text-center will-change\">\n<div class=\"px-10 md:px-20 flex items-center justify-center\">220<\/div>\n<\/td>\n<\/tr>\n<tr class=\"bg-grey-200\/50 p-2\">\n<td colspan=\"1\"><span class=\"block px-4\">Power supply<\/span><\/td>\n<td class=\"text-center\">\n<div class=\"px-10 md:px-20 flex items-center justify-center\">V\/Hz<\/div>\n<\/td>\n<td class=\"text-center will-change\">\n<div class=\"px-10 md:px-20 flex items-center justify-center\">230\/1ph\/50<\/div>\n<\/td>\n<\/tr>\n<tr class=\" p-2\">\n<td colspan=\"1\"><span class=\"block px-4\">Max. power consumption<\/span><\/td>\n<td class=\"text-center\">\n<div class=\"px-10 md:px-20 flex items-center justify-center\">kW<\/div>\n<\/td>\n<td class=\"text-center will-change\">\n<div class=\"px-10 md:px-20 flex items-center justify-center\">0.3<\/div>\n<\/td>\n<\/tr>\n<tr class=\"bg-grey-200\/50 p-2\">\n<td colspan=\"1\"><span class=\"block px-4\">Sound pressure level @ 1m<\/span><\/td>\n<td class=\"text-center\">\n<div class=\"px-10 md:px-20 flex items-center justify-center\">dB(A)<\/div>\n<\/td>\n<td class=\"text-center will-change\">\n<div class=\"px-10 md:px-20 flex items-center justify-center\">46<\/div>\n<\/td>\n<\/tr>\n<tr class=\" p-2\">\n<td colspan=\"1\"><span class=\"block px-4\">R134a gas weight\/CO\u2082 equivalent<\/span><\/td>\n<td class=\"text-center\">\n<div class=\"px-10 md:px-20 flex items-center justify-center\"><\/div>\n<\/td>\n<td class=\"text-center will-change\">\n<div class=\"px-10 md:px-20 flex items-center justify-center\">0.19\/0.27<\/div>\n<\/td>\n<\/tr>\n<tr class=\"bg-grey-200\/50 p-2\">\n<td colspan=\"1\"><span class=\"block px-4\">Water container capacity<\/span><\/td>\n<td class=\"text-center\">\n<div class=\"px-10 md:px-20 flex items-center justify-center\">l<\/div>\n<\/td>\n<td class=\"text-center will-change\">\n<div class=\"px-10 md:px-20 flex items-center justify-center\">5.5<\/div>\n<\/td>\n<\/tr>\n<tr class=\" p-2\">\n<td colspan=\"1\"><span class=\"block px-4\">Product size (w x d x h)<\/span><\/td>\n<td class=\"text-center\">\n<div class=\"px-10 md:px-20 flex items-center justify-center\">mm<\/div>\n<\/td>\n<td class=\"text-center will-change\">\n<div class=\"px-10 md:px-20 flex items-center justify-center\">535 x 240 x 600<\/div>\n<\/td>\n<\/tr>\n<tr class=\"bg-grey-200\/50 p-2\">\n<td colspan=\"1\"><span class=\"block px-4\">Weight<\/span><\/td>\n<td class=\"text-center\">\n<div class=\"px-10 md:px-20 flex items-center justify-center\">kg<\/div>\n<\/td>\n<td class=\"text-center will-change\">\n<div class=\"px-10 md:px-20 flex items-center justify-center\">28<\/div>\n<\/td>\n<\/tr>\n<\/tbody>\n<\/table>\n<\/div>\n<\/div>\n<\/div>\n<\/div>\n<\/div>\n<\/section>\n<section class=\"max-w-[1088px] mx-auto w-full px-5 my-10 md:my-12 lg:my-16 xl:my-20 xl:px-0\" data-block=\"link-list\">\n<div class=\"max-w-[1088px] mx-auto\">\n<div class=\"md:text-center\">\n<ul>\n<li class=\"flex items-center gap-5 text-sm text-black mt-3 md:text-base lg:text-lg\"><strong>Adapt\u00e9 aux applications suivantes\u00a0:<\/strong><\/li>\n<\/ul>\n<\/div>\n<div class=\"mt-6 max-w-4xl mx-auto\">\n<div class=\"flex flex-wrap md:ml-20\">\n<div class=\"w-full md:w-1\/2 auto-bullets md:pr-16\">\n<ul>\n<li class=\"flex items-center gap-5 text-sm text-black mt-3 md:text-base lg:text-lg\">Archives et conservation<br \/>\nGarage de voitures de collection<br \/>\nB\u00e2timents commerciaux<br \/>\nCentres de donn\u00e9es et t\u00e9l\u00e9communications<br \/>\nServices d&rsquo;urgence<br \/>\nAlimentation et boissons<br \/>\nSites patrimoniaux<br \/>\nIndustrie, usines et production<br \/>\nLoisirs et d\u00e9tente<br \/>\nMilitaire et a\u00e9rospatial<br \/>\nMus\u00e9es et galeries<br \/>\nIndustrie pharmaceutique et scientifique<br \/>\nImmeubles r\u00e9sidentiels<br \/>\nEntrep\u00f4ts et stockage<br \/>\nR\u00e9seaux d&rsquo;eau<\/li>\n<\/ul>\n<div class=\"mt-1.5 md:mt-0 w-6 md:w-10\"><a href=\"https:\/\/www.danthermgroup.com\/downloads\/dantherm-cdf-10-manual\" target=\"_blank\" rel=\"nofollow noindex noopener\"><img decoding=\"async\" class=\"lazyload h-8 md:h-14 w-auto object-contain\" src=\"https:\/\/dantherm-group-cdn.s3.amazonaws.com\/media\/icons\/download-manual.svg\" alt=\"Download manual\" height=\"56\" \/><\/a><\/div>\n<div class=\"flex-1 pl-4 md:px-8\">\n<h2 class=\"font-bold text-sm md:text-lg\"><a class=\"underline underline-offset-2 decoration-transparent transition duration-300 ease-linear hover:decoration-black\" href=\"https:\/\/www.danthermgroup.com\/downloads\/dantherm-cdf-10-manual\" target=\"_blank\" rel=\"nofollow noindex noopener\">Dantherm CDF 10 service manual<\/a><\/h2>\n<div class=\"prose text-grey-500 text-sm\">Manuals<\/div>\n<\/div>\n<\/div>\n<\/div>\n<\/div>\n<\/div>\n<\/section>\n","protected":false},"excerpt":{"rendered":"<div class=\"max-w-4xl\">\n<div class=\"text-xl font-bold mt-1 md:mt-2\">\n<p>D\u00e9shumidificateurs muraux<\/p>\n<p>Le d\u00e9shumidificateur CDF est id\u00e9al pour prot\u00e9ger le mobilier et les \u00e9quipements stock\u00e9s \u00e0 basse temp\u00e9rature. Enti\u00e8rement automatique, il est dot\u00e9 d&rsquo;une commande \u00e9lectronique et d&rsquo;un hygrostat int\u00e9gr\u00e9 r\u00e9glable. Un affichage LED indique l&rsquo;\u00e9tat de fonctionnement.<\/p>\n<p>Le d\u00e9givrage actif est int\u00e9gr\u00e9 \u00e0 la commande \u00e9lectronique. Le d\u00e9shumidificateur CDF 10 fonctionne jusqu&rsquo;\u00e0 3 \u00b0C, puis la commande \u00e9lectronique l&rsquo;arr\u00eate.<\/p>\n<p>D\u00e9couvrez d&rsquo;autres d\u00e9shumidificateurs \u00e0 condensation industriels ou notre gamme compl\u00e8te de d\u00e9shumidificateurs adapt\u00e9s \u00e0 de multiples applications.<\/p>\n<\/div>\n<\/div>\n","protected":false},"featured_media":29320,"template":"","meta":[],"product_brand":[],"product_cat":[412,416,504],"product_tag":[],"class_list":{"0":"post-29325","1":"product","2":"type-product","3":"status-publish","4":"has-post-thumbnail","6":"product_cat-climatisation-deshumidificateur-dair-ventilateur-fr-ventilation","7":"product_cat-deshumidificateurs","8":"product_cat-deshumidificateurs-a-condensation-tout-sechage","10":"first","11":"instock","12":"sale","13":"shipping-taxable","14":"purchasable","15":"product-type-simple"},"yoast_head":"<!-- This site is optimized with the Yoast SEO plugin v27.1.1 - https:\/\/yoast.com\/product\/yoast-seo-wordpress\/ -->\n<title>Dantherm CDF 10 \u2013 D\u00e9shumidificateur \u00e0 condensation - GeoClimate.ge<\/title>\n<meta name=\"robots\" content=\"index, follow, max-snippet:-1, max-image-preview:large, max-video-preview:-1\" \/>\n<link rel=\"canonical\" href=\"https:\/\/geoclimate.ge\/fr\/produit\/dantherm-cdf-10-condensation-dehumidifier\/\" \/>\n<meta property=\"og:locale\" content=\"fr_FR\" \/>\n<meta property=\"og:type\" content=\"article\" \/>\n<meta property=\"og:title\" content=\"Dantherm CDF 10 \u2013 D\u00e9shumidificateur \u00e0 condensation - GeoClimate.ge\" \/>\n<meta property=\"og:description\" content=\"D\u00e9shumidificateurs muraux  Le d\u00e9shumidificateur CDF est id\u00e9al pour prot\u00e9ger le mobilier et les \u00e9quipements stock\u00e9s \u00e0 basse temp\u00e9rature. Enti\u00e8rement automatique, il est dot\u00e9 d&#039;une commande \u00e9lectronique et d&#039;un hygrostat int\u00e9gr\u00e9 r\u00e9glable. Un affichage LED indique l&#039;\u00e9tat de fonctionnement.  Le d\u00e9givrage actif est int\u00e9gr\u00e9 \u00e0 la commande \u00e9lectronique. Le d\u00e9shumidificateur CDF 10 fonctionne jusqu&#039;\u00e0 3 \u00b0C, puis la commande \u00e9lectronique l&#039;arr\u00eate.  D\u00e9couvrez d&#039;autres d\u00e9shumidificateurs \u00e0 condensation industriels ou notre gamme compl\u00e8te de d\u00e9shumidificateurs adapt\u00e9s \u00e0 de multiples applications.\" \/>\n<meta property=\"og:url\" content=\"https:\/\/geoclimate.ge\/fr\/produit\/dantherm-cdf-10-condensation-dehumidifier\/\" \/>\n<meta property=\"og:site_name\" content=\"GeoClimate.ge\" \/>\n<meta property=\"article:modified_time\" content=\"2025-04-12T09:51:19+00:00\" \/>\n<meta property=\"og:image\" content=\"https:\/\/geoclimate.ge\/wp-content\/uploads\/2025\/04\/Dantherm-CDF-10.jpg\" \/>\n\t<meta property=\"og:image:width\" content=\"1000\" \/>\n\t<meta property=\"og:image:height\" content=\"1000\" \/>\n\t<meta property=\"og:image:type\" content=\"image\/jpeg\" \/>\n<meta name=\"twitter:card\" content=\"summary_large_image\" \/>\n<meta name=\"twitter:label1\" content=\"Dur\u00e9e de lecture estim\u00e9e\" \/>\n\t<meta name=\"twitter:data1\" content=\"3 minutes\" \/>\n<script type=\"application\/ld+json\" class=\"yoast-schema-graph\">{\"@context\":\"https:\/\/schema.org\",\"@graph\":[{\"@type\":\"WebPage\",\"@id\":\"https:\/\/geoclimate.ge\/fr\/produit\/dantherm-cdf-10-condensation-dehumidifier\/\",\"url\":\"https:\/\/geoclimate.ge\/fr\/produit\/dantherm-cdf-10-condensation-dehumidifier\/\",\"name\":\"Dantherm CDF 10 \u2013 D\u00e9shumidificateur \u00e0 condensation - GeoClimate.ge\",\"isPartOf\":{\"@id\":\"https:\/\/geoclimate.ge\/#website\"},\"primaryImageOfPage\":{\"@id\":\"https:\/\/geoclimate.ge\/fr\/produit\/dantherm-cdf-10-condensation-dehumidifier\/#primaryimage\"},\"image\":{\"@id\":\"https:\/\/geoclimate.ge\/fr\/produit\/dantherm-cdf-10-condensation-dehumidifier\/#primaryimage\"},\"thumbnailUrl\":\"https:\/\/geoclimate.ge\/wp-content\/uploads\/2025\/04\/Dantherm-CDF-10.jpg\",\"datePublished\":\"2025-04-12T09:27:55+00:00\",\"dateModified\":\"2025-04-12T09:51:19+00:00\",\"breadcrumb\":{\"@id\":\"https:\/\/geoclimate.ge\/fr\/produit\/dantherm-cdf-10-condensation-dehumidifier\/#breadcrumb\"},\"inLanguage\":\"fr-FR\",\"potentialAction\":[{\"@type\":\"ReadAction\",\"target\":[\"https:\/\/geoclimate.ge\/fr\/produit\/dantherm-cdf-10-condensation-dehumidifier\/\"]}]},{\"@type\":\"ImageObject\",\"inLanguage\":\"fr-FR\",\"@id\":\"https:\/\/geoclimate.ge\/fr\/produit\/dantherm-cdf-10-condensation-dehumidifier\/#primaryimage\",\"url\":\"https:\/\/geoclimate.ge\/wp-content\/uploads\/2025\/04\/Dantherm-CDF-10.jpg\",\"contentUrl\":\"https:\/\/geoclimate.ge\/wp-content\/uploads\/2025\/04\/Dantherm-CDF-10.jpg\",\"width\":1000,\"height\":1000},{\"@type\":\"BreadcrumbList\",\"@id\":\"https:\/\/geoclimate.ge\/fr\/produit\/dantherm-cdf-10-condensation-dehumidifier\/#breadcrumb\",\"itemListElement\":[{\"@type\":\"ListItem\",\"position\":1,\"name\":\"Home\",\"item\":\"https:\/\/geoclimate.ge\/fr\/\"},{\"@type\":\"ListItem\",\"position\":2,\"name\":\"Products\",\"item\":\"https:\/\/geoclimate.ge\/fr\/products\/\"},{\"@type\":\"ListItem\",\"position\":3,\"name\":\"Dantherm CDF 10 \u2013 D\u00e9shumidificateur \u00e0 condensation\"}]},{\"@type\":\"WebSite\",\"@id\":\"https:\/\/geoclimate.ge\/#website\",\"url\":\"https:\/\/geoclimate.ge\/\",\"name\":\"GeoClimate\",\"description\":\"\",\"publisher\":{\"@id\":\"https:\/\/geoclimate.ge\/#organization\"},\"potentialAction\":[{\"@type\":\"SearchAction\",\"target\":{\"@type\":\"EntryPoint\",\"urlTemplate\":\"https:\/\/geoclimate.ge\/?s={search_term_string}\"},\"query-input\":{\"@type\":\"PropertyValueSpecification\",\"valueRequired\":true,\"valueName\":\"search_term_string\"}}],\"inLanguage\":\"fr-FR\"},{\"@type\":\"Organization\",\"@id\":\"https:\/\/geoclimate.ge\/#organization\",\"name\":\"GeoClimate\",\"url\":\"https:\/\/geoclimate.ge\/\",\"logo\":{\"@type\":\"ImageObject\",\"inLanguage\":\"fr-FR\",\"@id\":\"https:\/\/geoclimate.ge\/#\/schema\/logo\/image\/\",\"url\":\"https:\/\/geoclimate.ge\/wp-content\/uploads\/2026\/03\/geoclimate-SEO.png\",\"contentUrl\":\"https:\/\/geoclimate.ge\/wp-content\/uploads\/2026\/03\/geoclimate-SEO.png\",\"width\":1536,\"height\":1024,\"caption\":\"GeoClimate\"},\"image\":{\"@id\":\"https:\/\/geoclimate.ge\/#\/schema\/logo\/image\/\"}}]}<\/script>\n<!-- \/ Yoast SEO plugin. -->","yoast_head_json":{"title":"Dantherm CDF 10 \u2013 D\u00e9shumidificateur \u00e0 condensation - GeoClimate.ge","robots":{"index":"index","follow":"follow","max-snippet":"max-snippet:-1","max-image-preview":"max-image-preview:large","max-video-preview":"max-video-preview:-1"},"canonical":"https:\/\/geoclimate.ge\/fr\/produit\/dantherm-cdf-10-condensation-dehumidifier\/","og_locale":"fr_FR","og_type":"article","og_title":"Dantherm CDF 10 \u2013 D\u00e9shumidificateur \u00e0 condensation - GeoClimate.ge","og_description":"D\u00e9shumidificateurs muraux  Le d\u00e9shumidificateur CDF est id\u00e9al pour prot\u00e9ger le mobilier et les \u00e9quipements stock\u00e9s \u00e0 basse temp\u00e9rature. Enti\u00e8rement automatique, il est dot\u00e9 d'une commande \u00e9lectronique et d'un hygrostat int\u00e9gr\u00e9 r\u00e9glable. Un affichage LED indique l'\u00e9tat de fonctionnement.  Le d\u00e9givrage actif est int\u00e9gr\u00e9 \u00e0 la commande \u00e9lectronique. Le d\u00e9shumidificateur CDF 10 fonctionne jusqu'\u00e0 3 \u00b0C, puis la commande \u00e9lectronique l'arr\u00eate.  D\u00e9couvrez d'autres d\u00e9shumidificateurs \u00e0 condensation industriels ou notre gamme compl\u00e8te de d\u00e9shumidificateurs adapt\u00e9s \u00e0 de multiples applications.","og_url":"https:\/\/geoclimate.ge\/fr\/produit\/dantherm-cdf-10-condensation-dehumidifier\/","og_site_name":"GeoClimate.ge","article_modified_time":"2025-04-12T09:51:19+00:00","og_image":[{"width":1000,"height":1000,"url":"https:\/\/geoclimate.ge\/wp-content\/uploads\/2025\/04\/Dantherm-CDF-10.jpg","type":"image\/jpeg"}],"twitter_card":"summary_large_image","twitter_misc":{"Dur\u00e9e de lecture estim\u00e9e":"3 minutes"},"schema":{"@context":"https:\/\/schema.org","@graph":[{"@type":"WebPage","@id":"https:\/\/geoclimate.ge\/fr\/produit\/dantherm-cdf-10-condensation-dehumidifier\/","url":"https:\/\/geoclimate.ge\/fr\/produit\/dantherm-cdf-10-condensation-dehumidifier\/","name":"Dantherm CDF 10 \u2013 D\u00e9shumidificateur \u00e0 condensation - GeoClimate.ge","isPartOf":{"@id":"https:\/\/geoclimate.ge\/#website"},"primaryImageOfPage":{"@id":"https:\/\/geoclimate.ge\/fr\/produit\/dantherm-cdf-10-condensation-dehumidifier\/#primaryimage"},"image":{"@id":"https:\/\/geoclimate.ge\/fr\/produit\/dantherm-cdf-10-condensation-dehumidifier\/#primaryimage"},"thumbnailUrl":"https:\/\/geoclimate.ge\/wp-content\/uploads\/2025\/04\/Dantherm-CDF-10.jpg","datePublished":"2025-04-12T09:27:55+00:00","dateModified":"2025-04-12T09:51:19+00:00","breadcrumb":{"@id":"https:\/\/geoclimate.ge\/fr\/produit\/dantherm-cdf-10-condensation-dehumidifier\/#breadcrumb"},"inLanguage":"fr-FR","potentialAction":[{"@type":"ReadAction","target":["https:\/\/geoclimate.ge\/fr\/produit\/dantherm-cdf-10-condensation-dehumidifier\/"]}]},{"@type":"ImageObject","inLanguage":"fr-FR","@id":"https:\/\/geoclimate.ge\/fr\/produit\/dantherm-cdf-10-condensation-dehumidifier\/#primaryimage","url":"https:\/\/geoclimate.ge\/wp-content\/uploads\/2025\/04\/Dantherm-CDF-10.jpg","contentUrl":"https:\/\/geoclimate.ge\/wp-content\/uploads\/2025\/04\/Dantherm-CDF-10.jpg","width":1000,"height":1000},{"@type":"BreadcrumbList","@id":"https:\/\/geoclimate.ge\/fr\/produit\/dantherm-cdf-10-condensation-dehumidifier\/#breadcrumb","itemListElement":[{"@type":"ListItem","position":1,"name":"Home","item":"https:\/\/geoclimate.ge\/fr\/"},{"@type":"ListItem","position":2,"name":"Products","item":"https:\/\/geoclimate.ge\/fr\/products\/"},{"@type":"ListItem","position":3,"name":"Dantherm CDF 10 \u2013 D\u00e9shumidificateur \u00e0 condensation"}]},{"@type":"WebSite","@id":"https:\/\/geoclimate.ge\/#website","url":"https:\/\/geoclimate.ge\/","name":"GeoClimate","description":"","publisher":{"@id":"https:\/\/geoclimate.ge\/#organization"},"potentialAction":[{"@type":"SearchAction","target":{"@type":"EntryPoint","urlTemplate":"https:\/\/geoclimate.ge\/?s={search_term_string}"},"query-input":{"@type":"PropertyValueSpecification","valueRequired":true,"valueName":"search_term_string"}}],"inLanguage":"fr-FR"},{"@type":"Organization","@id":"https:\/\/geoclimate.ge\/#organization","name":"GeoClimate","url":"https:\/\/geoclimate.ge\/","logo":{"@type":"ImageObject","inLanguage":"fr-FR","@id":"https:\/\/geoclimate.ge\/#\/schema\/logo\/image\/","url":"https:\/\/geoclimate.ge\/wp-content\/uploads\/2026\/03\/geoclimate-SEO.png","contentUrl":"https:\/\/geoclimate.ge\/wp-content\/uploads\/2026\/03\/geoclimate-SEO.png","width":1536,"height":1024,"caption":"GeoClimate"},"image":{"@id":"https:\/\/geoclimate.ge\/#\/schema\/logo\/image\/"}}]}},"_links":{"self":[{"href":"https:\/\/geoclimate.ge\/fr\/wp-json\/wp\/v2\/product\/29325","targetHints":{"allow":["GET"]}}],"collection":[{"href":"https:\/\/geoclimate.ge\/fr\/wp-json\/wp\/v2\/product"}],"about":[{"href":"https:\/\/geoclimate.ge\/fr\/wp-json\/wp\/v2\/types\/product"}],"wp:featuredmedia":[{"embeddable":true,"href":"https:\/\/geoclimate.ge\/fr\/wp-json\/wp\/v2\/media\/29320"}],"wp:attachment":[{"href":"https:\/\/geoclimate.ge\/fr\/wp-json\/wp\/v2\/media?parent=29325"}],"wp:term":[{"taxonomy":"product_brand","embeddable":true,"href":"https:\/\/geoclimate.ge\/fr\/wp-json\/wp\/v2\/product_brand?post=29325"},{"taxonomy":"product_cat","embeddable":true,"href":"https:\/\/geoclimate.ge\/fr\/wp-json\/wp\/v2\/product_cat?post=29325"},{"taxonomy":"product_tag","embeddable":true,"href":"https:\/\/geoclimate.ge\/fr\/wp-json\/wp\/v2\/product_tag?post=29325"}],"curies":[{"name":"wp","href":"https:\/\/api.w.org\/{rel}","templated":true}]}}