{"id":29912,"date":"2025-04-19T22:35:06","date_gmt":"2025-04-19T18:35:06","guid":{"rendered":"https:\/\/airsystems.ge\/shop\/product\/rah-mc-vs-kh-ke-air-cooled-chillers-for-outdoor-installation-equipped-with-inverter-screw-compressors-axial-fans-and-microchannel-condensing-coils\/"},"modified":"2025-04-19T22:42:03","modified_gmt":"2025-04-19T18:42:03","slug":"rah-mc-vs-kh-ke-air-cooled-chillers-for-outdoor-installation-equipped-with-inverter-screw-compressors-axial-fans-and-microchannel-condensing-coils","status":"publish","type":"product","link":"https:\/\/geoclimate.ge\/fr\/produit\/rah-mc-vs-kh-ke-air-cooled-chillers-for-outdoor-installation-equipped-with-inverter-screw-compressors-axial-fans-and-microchannel-condensing-coils\/","title":{"rendered":"RAH MC VS Kh\/Ke Refroidisseurs d&rsquo;eau \u00e0 condensation par air pour installation ext\u00e9rieure, \u00e9quip\u00e9s de compresseurs \u00e0 vis Inverter, de ventilateurs axiaux et de batteries de condensation \u00e0 microcanaux."},"content":{"rendered":"","protected":false},"excerpt":{"rendered":"<p>Puissance frigorifique de 306 kW \u00e0 1555 kW<\/p>\n<p>Les refroidisseurs d&rsquo;eau \u00e0 condensation par air de cette s\u00e9rie sont adapt\u00e9s \u00e0 une installation ext\u00e9rieure et sont particuli\u00e8rement adapt\u00e9s aux solutions de refroidissement liquide, utilis\u00e9es dans les applications industrielles ou les syst\u00e8mes de climatisation, o\u00f9 il est n\u00e9cessaire de garantir d&rsquo;excellentes performances et un faible impact environnemental.<\/p>\n<p>Con\u00e7us comme unit\u00e9s ext\u00e9rieures conform\u00e9ment \u00e0 la norme europ\u00e9enne EN378 et ses mises \u00e0 jour, ces appareils r\u00e9pondent aux exigences de rendement saisonnier \u00e9tablies par le r\u00e8glement (UE) 2016\/2281-LOT21.<br \/>\nLes unit\u00e9s de cette s\u00e9rie sont \u00e9quip\u00e9es de deux compresseurs \u00e0 vis, chacun avec un contr\u00f4le continu de la puissance frigorifique gr\u00e2ce \u00e0 un Inverter int\u00e9gr\u00e9. Chaque compresseur fonctionne sur un seul circuit totalement ind\u00e9pendant, garantissant ainsi une fiabilit\u00e9 maximale.<\/p>\n<p>Tous les groupes sont enti\u00e8rement assembl\u00e9s et test\u00e9s en usine, selon des proc\u00e9dures de qualit\u00e9 sp\u00e9cifiques. De plus, ils sont enti\u00e8rement raccord\u00e9s hydrauliquement, frigorifiques et \u00e9lectriques, ce qui permet une installation rapide sur site. Avant le test, les circuits de refroidissement de chaque unit\u00e9 sont soumis \u00e0 un test d&rsquo;\u00e9tanch\u00e9it\u00e9, puis charg\u00e9s en fluide frigorig\u00e8ne et en huile antigel. Une fois sur site, les unit\u00e9s doivent \u00eatre positionn\u00e9es et raccord\u00e9es \u00e9lectriquement et hydrauliquement.<br \/>\nLa r\u00e9duction du niveau sonore de la version silencieuse est obtenue gr\u00e2ce \u00e0 des \u00e9changeurs air\/fluide frigorig\u00e8ne de plus grande surface et \u00e0 une armoire de compresseur isol\u00e9e avec un mat\u00e9riau insonorisant plus \u00e9pais.<\/p>\n","protected":false},"featured_media":29907,"template":"","meta":[],"product_brand":[],"product_cat":[1233,1239],"product_tag":[],"class_list":{"0":"post-29912","1":"product","2":"type-product","3":"status-publish","4":"has-post-thumbnail","6":"product_cat-refroidisseurs-modulaire-a-vis-fr","7":"product_cat-refroidisseurs-air-chiller-eau-fr","9":"first","10":"instock","11":"shipping-taxable","12":"product-type-simple"},"yoast_head":"<!-- This site is optimized with the Yoast SEO plugin v27.1.1 - https:\/\/yoast.com\/product\/yoast-seo-wordpress\/ -->\n<title>RAH MC VS Kh\/Ke Refroidisseurs d&#039;eau \u00e0 condensation par air pour installation ext\u00e9rieure, \u00e9quip\u00e9s de compresseurs \u00e0 vis Inverter, de ventilateurs axiaux et de batteries de condensation \u00e0 microcanaux. - GeoClimate.ge<\/title>\n<meta name=\"robots\" content=\"index, follow, max-snippet:-1, max-image-preview:large, max-video-preview:-1\" \/>\n<link rel=\"canonical\" href=\"https:\/\/geoclimate.ge\/fr\/produit\/rah-mc-vs-kh-ke-air-cooled-chillers-for-outdoor-installation-equipped-with-inverter-screw-compressors-axial-fans-and-microchannel-condensing-coils\/\" \/>\n<meta property=\"og:locale\" content=\"fr_FR\" \/>\n<meta property=\"og:type\" content=\"article\" \/>\n<meta property=\"og:title\" content=\"RAH MC VS Kh\/Ke Refroidisseurs d&#039;eau \u00e0 condensation par air pour installation ext\u00e9rieure, \u00e9quip\u00e9s de compresseurs \u00e0 vis Inverter, de ventilateurs axiaux et de batteries de condensation \u00e0 microcanaux. - GeoClimate.ge\" \/>\n<meta property=\"og:description\" content=\"Puissance frigorifique de 306 kW \u00e0 1555 kW  Les refroidisseurs d&#039;eau \u00e0 condensation par air de cette s\u00e9rie sont adapt\u00e9s \u00e0 une installation ext\u00e9rieure et sont particuli\u00e8rement adapt\u00e9s aux solutions de refroidissement liquide, utilis\u00e9es dans les applications industrielles ou les syst\u00e8mes de climatisation, o\u00f9 il est n\u00e9cessaire de garantir d&#039;excellentes performances et un faible impact environnemental.  Con\u00e7us comme unit\u00e9s ext\u00e9rieures conform\u00e9ment \u00e0 la norme europ\u00e9enne EN378 et ses mises \u00e0 jour, ces appareils r\u00e9pondent aux exigences de rendement saisonnier \u00e9tablies par le r\u00e8glement (UE) 2016\/2281-LOT21. Les unit\u00e9s de cette s\u00e9rie sont \u00e9quip\u00e9es de deux compresseurs \u00e0 vis, chacun avec un contr\u00f4le continu de la puissance frigorifique gr\u00e2ce \u00e0 un Inverter int\u00e9gr\u00e9. Chaque compresseur fonctionne sur un seul circuit totalement ind\u00e9pendant, garantissant ainsi une fiabilit\u00e9 maximale.  Tous les groupes sont enti\u00e8rement assembl\u00e9s et test\u00e9s en usine, selon des proc\u00e9dures de qualit\u00e9 sp\u00e9cifiques. De plus, ils sont enti\u00e8rement raccord\u00e9s hydrauliquement, frigorifiques et \u00e9lectriques, ce qui permet une installation rapide sur site. Avant le test, les circuits de refroidissement de chaque unit\u00e9 sont soumis \u00e0 un test d&#039;\u00e9tanch\u00e9it\u00e9, puis charg\u00e9s en fluide frigorig\u00e8ne et en huile antigel. Une fois sur site, les unit\u00e9s doivent \u00eatre positionn\u00e9es et raccord\u00e9es \u00e9lectriquement et hydrauliquement. La r\u00e9duction du niveau sonore de la version silencieuse est obtenue gr\u00e2ce \u00e0 des \u00e9changeurs air\/fluide frigorig\u00e8ne de plus grande surface et \u00e0 une armoire de compresseur isol\u00e9e avec un mat\u00e9riau insonorisant plus \u00e9pais.\" \/>\n<meta property=\"og:url\" content=\"https:\/\/geoclimate.ge\/fr\/produit\/rah-mc-vs-kh-ke-air-cooled-chillers-for-outdoor-installation-equipped-with-inverter-screw-compressors-axial-fans-and-microchannel-condensing-coils\/\" \/>\n<meta property=\"og:site_name\" content=\"GeoClimate.ge\" \/>\n<meta property=\"article:modified_time\" content=\"2025-04-19T18:42:03+00:00\" \/>\n<meta property=\"og:image\" content=\"https:\/\/geoclimate.ge\/wp-content\/uploads\/2025\/04\/RAH-MC-VS-Ka-Ke-Kh-qguekvxfng7b6wl9b3meafpblobwsoh2z8wwisjt5y.png\" \/>\n\t<meta property=\"og:image:width\" content=\"700\" \/>\n\t<meta property=\"og:image:height\" content=\"599\" \/>\n\t<meta property=\"og:image:type\" content=\"image\/png\" \/>\n<meta name=\"twitter:card\" content=\"summary_large_image\" \/>\n<script type=\"application\/ld+json\" class=\"yoast-schema-graph\">{\"@context\":\"https:\/\/schema.org\",\"@graph\":[{\"@type\":\"WebPage\",\"@id\":\"https:\/\/geoclimate.ge\/fr\/produit\/rah-mc-vs-kh-ke-air-cooled-chillers-for-outdoor-installation-equipped-with-inverter-screw-compressors-axial-fans-and-microchannel-condensing-coils\/\",\"url\":\"https:\/\/geoclimate.ge\/fr\/produit\/rah-mc-vs-kh-ke-air-cooled-chillers-for-outdoor-installation-equipped-with-inverter-screw-compressors-axial-fans-and-microchannel-condensing-coils\/\",\"name\":\"RAH MC VS Kh\/Ke Refroidisseurs d'eau \u00e0 condensation par air pour installation ext\u00e9rieure, \u00e9quip\u00e9s de compresseurs \u00e0 vis Inverter, de ventilateurs axiaux et de batteries de condensation \u00e0 microcanaux. - GeoClimate.ge\",\"isPartOf\":{\"@id\":\"https:\/\/geoclimate.ge\/#website\"},\"primaryImageOfPage\":{\"@id\":\"https:\/\/geoclimate.ge\/fr\/produit\/rah-mc-vs-kh-ke-air-cooled-chillers-for-outdoor-installation-equipped-with-inverter-screw-compressors-axial-fans-and-microchannel-condensing-coils\/#primaryimage\"},\"image\":{\"@id\":\"https:\/\/geoclimate.ge\/fr\/produit\/rah-mc-vs-kh-ke-air-cooled-chillers-for-outdoor-installation-equipped-with-inverter-screw-compressors-axial-fans-and-microchannel-condensing-coils\/#primaryimage\"},\"thumbnailUrl\":\"https:\/\/geoclimate.ge\/wp-content\/uploads\/2025\/04\/RAH-MC-VS-Ka-Ke-Kh-qguekvxfng7b6wl9b3meafpblobwsoh2z8wwisjt5y.png\",\"datePublished\":\"2025-04-19T18:35:06+00:00\",\"dateModified\":\"2025-04-19T18:42:03+00:00\",\"breadcrumb\":{\"@id\":\"https:\/\/geoclimate.ge\/fr\/produit\/rah-mc-vs-kh-ke-air-cooled-chillers-for-outdoor-installation-equipped-with-inverter-screw-compressors-axial-fans-and-microchannel-condensing-coils\/#breadcrumb\"},\"inLanguage\":\"fr-FR\",\"potentialAction\":[{\"@type\":\"ReadAction\",\"target\":[\"https:\/\/geoclimate.ge\/fr\/produit\/rah-mc-vs-kh-ke-air-cooled-chillers-for-outdoor-installation-equipped-with-inverter-screw-compressors-axial-fans-and-microchannel-condensing-coils\/\"]}]},{\"@type\":\"ImageObject\",\"inLanguage\":\"fr-FR\",\"@id\":\"https:\/\/geoclimate.ge\/fr\/produit\/rah-mc-vs-kh-ke-air-cooled-chillers-for-outdoor-installation-equipped-with-inverter-screw-compressors-axial-fans-and-microchannel-condensing-coils\/#primaryimage\",\"url\":\"https:\/\/geoclimate.ge\/wp-content\/uploads\/2025\/04\/RAH-MC-VS-Ka-Ke-Kh-qguekvxfng7b6wl9b3meafpblobwsoh2z8wwisjt5y.png\",\"contentUrl\":\"https:\/\/geoclimate.ge\/wp-content\/uploads\/2025\/04\/RAH-MC-VS-Ka-Ke-Kh-qguekvxfng7b6wl9b3meafpblobwsoh2z8wwisjt5y.png\",\"width\":700,\"height\":599},{\"@type\":\"BreadcrumbList\",\"@id\":\"https:\/\/geoclimate.ge\/fr\/produit\/rah-mc-vs-kh-ke-air-cooled-chillers-for-outdoor-installation-equipped-with-inverter-screw-compressors-axial-fans-and-microchannel-condensing-coils\/#breadcrumb\",\"itemListElement\":[{\"@type\":\"ListItem\",\"position\":1,\"name\":\"Home\",\"item\":\"https:\/\/geoclimate.ge\/fr\/\"},{\"@type\":\"ListItem\",\"position\":2,\"name\":\"Products\",\"item\":\"https:\/\/geoclimate.ge\/fr\/products\/\"},{\"@type\":\"ListItem\",\"position\":3,\"name\":\"RAH MC VS Kh\/Ke Refroidisseurs d&#8217;eau \u00e0 condensation par air pour installation ext\u00e9rieure, \u00e9quip\u00e9s de compresseurs \u00e0 vis Inverter, de ventilateurs axiaux et de batteries de condensation \u00e0 microcanaux.\"}]},{\"@type\":\"WebSite\",\"@id\":\"https:\/\/geoclimate.ge\/#website\",\"url\":\"https:\/\/geoclimate.ge\/\",\"name\":\"GeoClimate\",\"description\":\"\",\"publisher\":{\"@id\":\"https:\/\/geoclimate.ge\/#organization\"},\"potentialAction\":[{\"@type\":\"SearchAction\",\"target\":{\"@type\":\"EntryPoint\",\"urlTemplate\":\"https:\/\/geoclimate.ge\/?s={search_term_string}\"},\"query-input\":{\"@type\":\"PropertyValueSpecification\",\"valueRequired\":true,\"valueName\":\"search_term_string\"}}],\"inLanguage\":\"fr-FR\"},{\"@type\":\"Organization\",\"@id\":\"https:\/\/geoclimate.ge\/#organization\",\"name\":\"GeoClimate\",\"url\":\"https:\/\/geoclimate.ge\/\",\"logo\":{\"@type\":\"ImageObject\",\"inLanguage\":\"fr-FR\",\"@id\":\"https:\/\/geoclimate.ge\/#\/schema\/logo\/image\/\",\"url\":\"https:\/\/geoclimate.ge\/wp-content\/uploads\/2026\/03\/geoclimate-SEO.png\",\"contentUrl\":\"https:\/\/geoclimate.ge\/wp-content\/uploads\/2026\/03\/geoclimate-SEO.png\",\"width\":1536,\"height\":1024,\"caption\":\"GeoClimate\"},\"image\":{\"@id\":\"https:\/\/geoclimate.ge\/#\/schema\/logo\/image\/\"}}]}<\/script>\n<!-- \/ Yoast SEO plugin. -->","yoast_head_json":{"title":"RAH MC VS Kh\/Ke Refroidisseurs d'eau \u00e0 condensation par air pour installation ext\u00e9rieure, \u00e9quip\u00e9s de compresseurs \u00e0 vis Inverter, de ventilateurs axiaux et de batteries de condensation \u00e0 microcanaux. - GeoClimate.ge","robots":{"index":"index","follow":"follow","max-snippet":"max-snippet:-1","max-image-preview":"max-image-preview:large","max-video-preview":"max-video-preview:-1"},"canonical":"https:\/\/geoclimate.ge\/fr\/produit\/rah-mc-vs-kh-ke-air-cooled-chillers-for-outdoor-installation-equipped-with-inverter-screw-compressors-axial-fans-and-microchannel-condensing-coils\/","og_locale":"fr_FR","og_type":"article","og_title":"RAH MC VS Kh\/Ke Refroidisseurs d'eau \u00e0 condensation par air pour installation ext\u00e9rieure, \u00e9quip\u00e9s de compresseurs \u00e0 vis Inverter, de ventilateurs axiaux et de batteries de condensation \u00e0 microcanaux. - GeoClimate.ge","og_description":"Puissance frigorifique de 306 kW \u00e0 1555 kW  Les refroidisseurs d'eau \u00e0 condensation par air de cette s\u00e9rie sont adapt\u00e9s \u00e0 une installation ext\u00e9rieure et sont particuli\u00e8rement adapt\u00e9s aux solutions de refroidissement liquide, utilis\u00e9es dans les applications industrielles ou les syst\u00e8mes de climatisation, o\u00f9 il est n\u00e9cessaire de garantir d'excellentes performances et un faible impact environnemental.  Con\u00e7us comme unit\u00e9s ext\u00e9rieures conform\u00e9ment \u00e0 la norme europ\u00e9enne EN378 et ses mises \u00e0 jour, ces appareils r\u00e9pondent aux exigences de rendement saisonnier \u00e9tablies par le r\u00e8glement (UE) 2016\/2281-LOT21. Les unit\u00e9s de cette s\u00e9rie sont \u00e9quip\u00e9es de deux compresseurs \u00e0 vis, chacun avec un contr\u00f4le continu de la puissance frigorifique gr\u00e2ce \u00e0 un Inverter int\u00e9gr\u00e9. Chaque compresseur fonctionne sur un seul circuit totalement ind\u00e9pendant, garantissant ainsi une fiabilit\u00e9 maximale.  Tous les groupes sont enti\u00e8rement assembl\u00e9s et test\u00e9s en usine, selon des proc\u00e9dures de qualit\u00e9 sp\u00e9cifiques. De plus, ils sont enti\u00e8rement raccord\u00e9s hydrauliquement, frigorifiques et \u00e9lectriques, ce qui permet une installation rapide sur site. Avant le test, les circuits de refroidissement de chaque unit\u00e9 sont soumis \u00e0 un test d'\u00e9tanch\u00e9it\u00e9, puis charg\u00e9s en fluide frigorig\u00e8ne et en huile antigel. Une fois sur site, les unit\u00e9s doivent \u00eatre positionn\u00e9es et raccord\u00e9es \u00e9lectriquement et hydrauliquement. La r\u00e9duction du niveau sonore de la version silencieuse est obtenue gr\u00e2ce \u00e0 des \u00e9changeurs air\/fluide frigorig\u00e8ne de plus grande surface et \u00e0 une armoire de compresseur isol\u00e9e avec un mat\u00e9riau insonorisant plus \u00e9pais.","og_url":"https:\/\/geoclimate.ge\/fr\/produit\/rah-mc-vs-kh-ke-air-cooled-chillers-for-outdoor-installation-equipped-with-inverter-screw-compressors-axial-fans-and-microchannel-condensing-coils\/","og_site_name":"GeoClimate.ge","article_modified_time":"2025-04-19T18:42:03+00:00","og_image":[{"width":700,"height":599,"url":"https:\/\/geoclimate.ge\/wp-content\/uploads\/2025\/04\/RAH-MC-VS-Ka-Ke-Kh-qguekvxfng7b6wl9b3meafpblobwsoh2z8wwisjt5y.png","type":"image\/png"}],"twitter_card":"summary_large_image","schema":{"@context":"https:\/\/schema.org","@graph":[{"@type":"WebPage","@id":"https:\/\/geoclimate.ge\/fr\/produit\/rah-mc-vs-kh-ke-air-cooled-chillers-for-outdoor-installation-equipped-with-inverter-screw-compressors-axial-fans-and-microchannel-condensing-coils\/","url":"https:\/\/geoclimate.ge\/fr\/produit\/rah-mc-vs-kh-ke-air-cooled-chillers-for-outdoor-installation-equipped-with-inverter-screw-compressors-axial-fans-and-microchannel-condensing-coils\/","name":"RAH MC VS Kh\/Ke Refroidisseurs d'eau \u00e0 condensation par air pour installation ext\u00e9rieure, \u00e9quip\u00e9s de compresseurs \u00e0 vis Inverter, de ventilateurs axiaux et de batteries de condensation \u00e0 microcanaux. - GeoClimate.ge","isPartOf":{"@id":"https:\/\/geoclimate.ge\/#website"},"primaryImageOfPage":{"@id":"https:\/\/geoclimate.ge\/fr\/produit\/rah-mc-vs-kh-ke-air-cooled-chillers-for-outdoor-installation-equipped-with-inverter-screw-compressors-axial-fans-and-microchannel-condensing-coils\/#primaryimage"},"image":{"@id":"https:\/\/geoclimate.ge\/fr\/produit\/rah-mc-vs-kh-ke-air-cooled-chillers-for-outdoor-installation-equipped-with-inverter-screw-compressors-axial-fans-and-microchannel-condensing-coils\/#primaryimage"},"thumbnailUrl":"https:\/\/geoclimate.ge\/wp-content\/uploads\/2025\/04\/RAH-MC-VS-Ka-Ke-Kh-qguekvxfng7b6wl9b3meafpblobwsoh2z8wwisjt5y.png","datePublished":"2025-04-19T18:35:06+00:00","dateModified":"2025-04-19T18:42:03+00:00","breadcrumb":{"@id":"https:\/\/geoclimate.ge\/fr\/produit\/rah-mc-vs-kh-ke-air-cooled-chillers-for-outdoor-installation-equipped-with-inverter-screw-compressors-axial-fans-and-microchannel-condensing-coils\/#breadcrumb"},"inLanguage":"fr-FR","potentialAction":[{"@type":"ReadAction","target":["https:\/\/geoclimate.ge\/fr\/produit\/rah-mc-vs-kh-ke-air-cooled-chillers-for-outdoor-installation-equipped-with-inverter-screw-compressors-axial-fans-and-microchannel-condensing-coils\/"]}]},{"@type":"ImageObject","inLanguage":"fr-FR","@id":"https:\/\/geoclimate.ge\/fr\/produit\/rah-mc-vs-kh-ke-air-cooled-chillers-for-outdoor-installation-equipped-with-inverter-screw-compressors-axial-fans-and-microchannel-condensing-coils\/#primaryimage","url":"https:\/\/geoclimate.ge\/wp-content\/uploads\/2025\/04\/RAH-MC-VS-Ka-Ke-Kh-qguekvxfng7b6wl9b3meafpblobwsoh2z8wwisjt5y.png","contentUrl":"https:\/\/geoclimate.ge\/wp-content\/uploads\/2025\/04\/RAH-MC-VS-Ka-Ke-Kh-qguekvxfng7b6wl9b3meafpblobwsoh2z8wwisjt5y.png","width":700,"height":599},{"@type":"BreadcrumbList","@id":"https:\/\/geoclimate.ge\/fr\/produit\/rah-mc-vs-kh-ke-air-cooled-chillers-for-outdoor-installation-equipped-with-inverter-screw-compressors-axial-fans-and-microchannel-condensing-coils\/#breadcrumb","itemListElement":[{"@type":"ListItem","position":1,"name":"Home","item":"https:\/\/geoclimate.ge\/fr\/"},{"@type":"ListItem","position":2,"name":"Products","item":"https:\/\/geoclimate.ge\/fr\/products\/"},{"@type":"ListItem","position":3,"name":"RAH MC VS Kh\/Ke Refroidisseurs d&#8217;eau \u00e0 condensation par air pour installation ext\u00e9rieure, \u00e9quip\u00e9s de compresseurs \u00e0 vis Inverter, de ventilateurs axiaux et de batteries de condensation \u00e0 microcanaux."}]},{"@type":"WebSite","@id":"https:\/\/geoclimate.ge\/#website","url":"https:\/\/geoclimate.ge\/","name":"GeoClimate","description":"","publisher":{"@id":"https:\/\/geoclimate.ge\/#organization"},"potentialAction":[{"@type":"SearchAction","target":{"@type":"EntryPoint","urlTemplate":"https:\/\/geoclimate.ge\/?s={search_term_string}"},"query-input":{"@type":"PropertyValueSpecification","valueRequired":true,"valueName":"search_term_string"}}],"inLanguage":"fr-FR"},{"@type":"Organization","@id":"https:\/\/geoclimate.ge\/#organization","name":"GeoClimate","url":"https:\/\/geoclimate.ge\/","logo":{"@type":"ImageObject","inLanguage":"fr-FR","@id":"https:\/\/geoclimate.ge\/#\/schema\/logo\/image\/","url":"https:\/\/geoclimate.ge\/wp-content\/uploads\/2026\/03\/geoclimate-SEO.png","contentUrl":"https:\/\/geoclimate.ge\/wp-content\/uploads\/2026\/03\/geoclimate-SEO.png","width":1536,"height":1024,"caption":"GeoClimate"},"image":{"@id":"https:\/\/geoclimate.ge\/#\/schema\/logo\/image\/"}}]}},"_links":{"self":[{"href":"https:\/\/geoclimate.ge\/fr\/wp-json\/wp\/v2\/product\/29912","targetHints":{"allow":["GET"]}}],"collection":[{"href":"https:\/\/geoclimate.ge\/fr\/wp-json\/wp\/v2\/product"}],"about":[{"href":"https:\/\/geoclimate.ge\/fr\/wp-json\/wp\/v2\/types\/product"}],"wp:featuredmedia":[{"embeddable":true,"href":"https:\/\/geoclimate.ge\/fr\/wp-json\/wp\/v2\/media\/29907"}],"wp:attachment":[{"href":"https:\/\/geoclimate.ge\/fr\/wp-json\/wp\/v2\/media?parent=29912"}],"wp:term":[{"taxonomy":"product_brand","embeddable":true,"href":"https:\/\/geoclimate.ge\/fr\/wp-json\/wp\/v2\/product_brand?post=29912"},{"taxonomy":"product_cat","embeddable":true,"href":"https:\/\/geoclimate.ge\/fr\/wp-json\/wp\/v2\/product_cat?post=29912"},{"taxonomy":"product_tag","embeddable":true,"href":"https:\/\/geoclimate.ge\/fr\/wp-json\/wp\/v2\/product_tag?post=29912"}],"curies":[{"name":"wp","href":"https:\/\/api.w.org\/{rel}","templated":true}]}}