{"id":29944,"date":"2025-04-20T00:43:04","date_gmt":"2025-04-19T20:43:04","guid":{"rendered":"https:\/\/airsystems.ge\/shop\/product\/rah-vs-f-ke-kh-air-cooled-chillers-for-outdoor-installation-with-integrated-free-cooling-equipped-with-screw-inverter-compressors-and-axial-fans\/"},"modified":"2025-04-20T00:48:15","modified_gmt":"2025-04-19T20:48:15","slug":"rah-vs-f-ke-kh-air-cooled-chillers-for-outdoor-installation-with-integrated-free-cooling-equipped-with-screw-inverter-compressors-and-axial-fans","status":"publish","type":"product","link":"https:\/\/geoclimate.ge\/fr\/produit\/rah-vs-f-ke-kh-air-cooled-chillers-for-outdoor-installation-with-integrated-free-cooling-equipped-with-screw-inverter-compressors-and-axial-fans\/","title":{"rendered":"RAH VS F Ke\/Kh Groupes d&rsquo;eau glac\u00e9e \u00e0 condensation par air pour installation ext\u00e9rieure avec free cooling int\u00e9gr\u00e9, \u00e9quip\u00e9s de compresseurs \u00e0 vis Inverter et de ventilateurs axiaux."},"content":{"rendered":"","protected":false},"excerpt":{"rendered":"<p><strong>Puissance frigorifique<\/strong> de 308 kW \u00e0 1837 kW<\/p>\n<p>Les groupes d&rsquo;eau glac\u00e9e \u00e0 condensation par air de la s\u00e9rie RAH VS F avec free cooling int\u00e9gr\u00e9 sont adapt\u00e9s aux installations ext\u00e9rieures et peuvent \u00eatre utilis\u00e9s pour refroidir des solutions de fluide glycol\u00e9 pour la climatisation ou les applications industrielles.<\/p>\n<p>La technologie semi-herm\u00e9tique \u00e0 vis Inverter permet d&rsquo;obtenir d&rsquo;importantes am\u00e9liorations de rendement \u00e0 charge partielle par rapport aux syst\u00e8mes traditionnels de r\u00e9gulation de la puissance frigorifique.<\/p>\n<p>La free cooling int\u00e9gr\u00e9e permet de r\u00e9cup\u00e9rer partiellement ou totalement la puissance frigorifique de l&rsquo;air ext\u00e9rieur sans consommation \u00e9nerg\u00e9tique importante. Les unit\u00e9s sont \u00e9quip\u00e9es d&rsquo;une batterie suppl\u00e9mentaire travers\u00e9e par le liquide \u00e0 refroidir et aliment\u00e9e par le flux d&rsquo;air g\u00e9n\u00e9r\u00e9 par les ventilateurs du condenseur.<\/p>\n<p>L&rsquo;association d&rsquo;\u00e9changeurs \u00e0 ailettes \u00e0 haut rendement et de la puret\u00e9 thermophysique du fluide frigorig\u00e8ne utilis\u00e9, quasiment sans glissement lors des changements d&rsquo;\u00e9tat, permet d&rsquo;obtenir un EER nominal proche de 3 et un ESEER sup\u00e9rieur \u00e0 5 en fonctionnement m\u00e9canique.<\/p>\n<p>Ces unit\u00e9s ont \u00e9t\u00e9 con\u00e7ues pour r\u00e9pondre \u00e0 des besoins d&rsquo;espace r\u00e9duits tout en garantissant des performances de refroidissement \u00e9lev\u00e9es. Ce r\u00e9sultat a \u00e9t\u00e9 obtenu gr\u00e2ce \u00e0 des composants de haute qualit\u00e9 et modernes.<\/p>\n<p>Tous les appareils sont enti\u00e8rement assembl\u00e9s et test\u00e9s en usine selon des proc\u00e9dures de qualit\u00e9 sp\u00e9cifiques et sont \u00e9quip\u00e9s de tous les raccordements hydrauliques, frigorifiques et \u00e9lectriques n\u00e9cessaires pour une installation rapide sur site.<\/p>\n<p>Avant les essais en usine, les circuits de refroidissement sont test\u00e9s sous pression, puis aliment\u00e9s en fluide frigorig\u00e8ne et en huile antigel.<\/p>\n","protected":false},"featured_media":29939,"template":"","meta":[],"product_brand":[],"product_cat":[682,1233,1239],"product_tag":[],"class_list":{"0":"post-29944","1":"product","2":"type-product","3":"status-publish","4":"has-post-thumbnail","6":"product_cat-climatiseurs-fr-industriels","7":"product_cat-refroidisseurs-modulaire-a-vis-fr","8":"product_cat-refroidisseurs-air-chiller-eau-fr","10":"first","11":"instock","12":"shipping-taxable","13":"product-type-simple"},"yoast_head":"<!-- This site is optimized with the Yoast SEO plugin v27.1.1 - https:\/\/yoast.com\/product\/yoast-seo-wordpress\/ -->\n<title>RAH VS F Ke\/Kh Groupes d&#039;eau glac\u00e9e \u00e0 condensation par air pour installation ext\u00e9rieure avec free cooling int\u00e9gr\u00e9, \u00e9quip\u00e9s de compresseurs \u00e0 vis Inverter et de ventilateurs axiaux. - GeoClimate.ge<\/title>\n<meta name=\"robots\" content=\"index, follow, max-snippet:-1, max-image-preview:large, max-video-preview:-1\" \/>\n<link rel=\"canonical\" href=\"https:\/\/geoclimate.ge\/fr\/produit\/rah-vs-f-ke-kh-air-cooled-chillers-for-outdoor-installation-with-integrated-free-cooling-equipped-with-screw-inverter-compressors-and-axial-fans\/\" \/>\n<meta property=\"og:locale\" content=\"fr_FR\" \/>\n<meta property=\"og:type\" content=\"article\" \/>\n<meta property=\"og:title\" content=\"RAH VS F Ke\/Kh Groupes d&#039;eau glac\u00e9e \u00e0 condensation par air pour installation ext\u00e9rieure avec free cooling int\u00e9gr\u00e9, \u00e9quip\u00e9s de compresseurs \u00e0 vis Inverter et de ventilateurs axiaux. - GeoClimate.ge\" \/>\n<meta property=\"og:description\" content=\"Puissance frigorifique de 308 kW \u00e0 1837 kW  Les groupes d&#039;eau glac\u00e9e \u00e0 condensation par air de la s\u00e9rie RAH VS F avec free cooling int\u00e9gr\u00e9 sont adapt\u00e9s aux installations ext\u00e9rieures et peuvent \u00eatre utilis\u00e9s pour refroidir des solutions de fluide glycol\u00e9 pour la climatisation ou les applications industrielles.  La technologie semi-herm\u00e9tique \u00e0 vis Inverter permet d&#039;obtenir d&#039;importantes am\u00e9liorations de rendement \u00e0 charge partielle par rapport aux syst\u00e8mes traditionnels de r\u00e9gulation de la puissance frigorifique.  La free cooling int\u00e9gr\u00e9e permet de r\u00e9cup\u00e9rer partiellement ou totalement la puissance frigorifique de l&#039;air ext\u00e9rieur sans consommation \u00e9nerg\u00e9tique importante. Les unit\u00e9s sont \u00e9quip\u00e9es d&#039;une batterie suppl\u00e9mentaire travers\u00e9e par le liquide \u00e0 refroidir et aliment\u00e9e par le flux d&#039;air g\u00e9n\u00e9r\u00e9 par les ventilateurs du condenseur.  L&#039;association d&#039;\u00e9changeurs \u00e0 ailettes \u00e0 haut rendement et de la puret\u00e9 thermophysique du fluide frigorig\u00e8ne utilis\u00e9, quasiment sans glissement lors des changements d&#039;\u00e9tat, permet d&#039;obtenir un EER nominal proche de 3 et un ESEER sup\u00e9rieur \u00e0 5 en fonctionnement m\u00e9canique.  Ces unit\u00e9s ont \u00e9t\u00e9 con\u00e7ues pour r\u00e9pondre \u00e0 des besoins d&#039;espace r\u00e9duits tout en garantissant des performances de refroidissement \u00e9lev\u00e9es. Ce r\u00e9sultat a \u00e9t\u00e9 obtenu gr\u00e2ce \u00e0 des composants de haute qualit\u00e9 et modernes.  Tous les appareils sont enti\u00e8rement assembl\u00e9s et test\u00e9s en usine selon des proc\u00e9dures de qualit\u00e9 sp\u00e9cifiques et sont \u00e9quip\u00e9s de tous les raccordements hydrauliques, frigorifiques et \u00e9lectriques n\u00e9cessaires pour une installation rapide sur site.  Avant les essais en usine, les circuits de refroidissement sont test\u00e9s sous pression, puis aliment\u00e9s en fluide frigorig\u00e8ne et en huile antigel.\" \/>\n<meta property=\"og:url\" content=\"https:\/\/geoclimate.ge\/fr\/produit\/rah-vs-f-ke-kh-air-cooled-chillers-for-outdoor-installation-with-integrated-free-cooling-equipped-with-screw-inverter-compressors-and-axial-fans\/\" \/>\n<meta property=\"og:site_name\" content=\"GeoClimate.ge\" \/>\n<meta property=\"article:modified_time\" content=\"2025-04-19T20:48:15+00:00\" \/>\n<meta property=\"og:image\" content=\"https:\/\/geoclimate.ge\/wp-content\/uploads\/2025\/04\/RAH-VS-F-Ke-Kh-qguf7yut6e2zw67in1usj68hn6ms5bu5f4cej7uyom.png\" \/>\n\t<meta property=\"og:image:width\" content=\"840\" \/>\n\t<meta property=\"og:image:height\" content=\"719\" \/>\n\t<meta property=\"og:image:type\" content=\"image\/png\" \/>\n<meta name=\"twitter:card\" content=\"summary_large_image\" \/>\n<script type=\"application\/ld+json\" class=\"yoast-schema-graph\">{\"@context\":\"https:\/\/schema.org\",\"@graph\":[{\"@type\":\"WebPage\",\"@id\":\"https:\/\/geoclimate.ge\/fr\/produit\/rah-vs-f-ke-kh-air-cooled-chillers-for-outdoor-installation-with-integrated-free-cooling-equipped-with-screw-inverter-compressors-and-axial-fans\/\",\"url\":\"https:\/\/geoclimate.ge\/fr\/produit\/rah-vs-f-ke-kh-air-cooled-chillers-for-outdoor-installation-with-integrated-free-cooling-equipped-with-screw-inverter-compressors-and-axial-fans\/\",\"name\":\"RAH VS F Ke\/Kh Groupes d'eau glac\u00e9e \u00e0 condensation par air pour installation ext\u00e9rieure avec free cooling int\u00e9gr\u00e9, \u00e9quip\u00e9s de compresseurs \u00e0 vis Inverter et de ventilateurs axiaux. - GeoClimate.ge\",\"isPartOf\":{\"@id\":\"https:\/\/geoclimate.ge\/#website\"},\"primaryImageOfPage\":{\"@id\":\"https:\/\/geoclimate.ge\/fr\/produit\/rah-vs-f-ke-kh-air-cooled-chillers-for-outdoor-installation-with-integrated-free-cooling-equipped-with-screw-inverter-compressors-and-axial-fans\/#primaryimage\"},\"image\":{\"@id\":\"https:\/\/geoclimate.ge\/fr\/produit\/rah-vs-f-ke-kh-air-cooled-chillers-for-outdoor-installation-with-integrated-free-cooling-equipped-with-screw-inverter-compressors-and-axial-fans\/#primaryimage\"},\"thumbnailUrl\":\"https:\/\/geoclimate.ge\/wp-content\/uploads\/2025\/04\/RAH-VS-F-Ke-Kh-qguf7yut6e2zw67in1usj68hn6ms5bu5f4cej7uyom.png\",\"datePublished\":\"2025-04-19T20:43:04+00:00\",\"dateModified\":\"2025-04-19T20:48:15+00:00\",\"breadcrumb\":{\"@id\":\"https:\/\/geoclimate.ge\/fr\/produit\/rah-vs-f-ke-kh-air-cooled-chillers-for-outdoor-installation-with-integrated-free-cooling-equipped-with-screw-inverter-compressors-and-axial-fans\/#breadcrumb\"},\"inLanguage\":\"fr-FR\",\"potentialAction\":[{\"@type\":\"ReadAction\",\"target\":[\"https:\/\/geoclimate.ge\/fr\/produit\/rah-vs-f-ke-kh-air-cooled-chillers-for-outdoor-installation-with-integrated-free-cooling-equipped-with-screw-inverter-compressors-and-axial-fans\/\"]}]},{\"@type\":\"ImageObject\",\"inLanguage\":\"fr-FR\",\"@id\":\"https:\/\/geoclimate.ge\/fr\/produit\/rah-vs-f-ke-kh-air-cooled-chillers-for-outdoor-installation-with-integrated-free-cooling-equipped-with-screw-inverter-compressors-and-axial-fans\/#primaryimage\",\"url\":\"https:\/\/geoclimate.ge\/wp-content\/uploads\/2025\/04\/RAH-VS-F-Ke-Kh-qguf7yut6e2zw67in1usj68hn6ms5bu5f4cej7uyom.png\",\"contentUrl\":\"https:\/\/geoclimate.ge\/wp-content\/uploads\/2025\/04\/RAH-VS-F-Ke-Kh-qguf7yut6e2zw67in1usj68hn6ms5bu5f4cej7uyom.png\",\"width\":840,\"height\":719},{\"@type\":\"BreadcrumbList\",\"@id\":\"https:\/\/geoclimate.ge\/fr\/produit\/rah-vs-f-ke-kh-air-cooled-chillers-for-outdoor-installation-with-integrated-free-cooling-equipped-with-screw-inverter-compressors-and-axial-fans\/#breadcrumb\",\"itemListElement\":[{\"@type\":\"ListItem\",\"position\":1,\"name\":\"Home\",\"item\":\"https:\/\/geoclimate.ge\/fr\/\"},{\"@type\":\"ListItem\",\"position\":2,\"name\":\"Products\",\"item\":\"https:\/\/geoclimate.ge\/fr\/products\/\"},{\"@type\":\"ListItem\",\"position\":3,\"name\":\"RAH VS F Ke\/Kh Groupes d&#8217;eau glac\u00e9e \u00e0 condensation par air pour installation ext\u00e9rieure avec free cooling int\u00e9gr\u00e9, \u00e9quip\u00e9s de compresseurs \u00e0 vis Inverter et de ventilateurs axiaux.\"}]},{\"@type\":\"WebSite\",\"@id\":\"https:\/\/geoclimate.ge\/#website\",\"url\":\"https:\/\/geoclimate.ge\/\",\"name\":\"GeoClimate\",\"description\":\"\",\"publisher\":{\"@id\":\"https:\/\/geoclimate.ge\/#organization\"},\"potentialAction\":[{\"@type\":\"SearchAction\",\"target\":{\"@type\":\"EntryPoint\",\"urlTemplate\":\"https:\/\/geoclimate.ge\/?s={search_term_string}\"},\"query-input\":{\"@type\":\"PropertyValueSpecification\",\"valueRequired\":true,\"valueName\":\"search_term_string\"}}],\"inLanguage\":\"fr-FR\"},{\"@type\":\"Organization\",\"@id\":\"https:\/\/geoclimate.ge\/#organization\",\"name\":\"GeoClimate\",\"url\":\"https:\/\/geoclimate.ge\/\",\"logo\":{\"@type\":\"ImageObject\",\"inLanguage\":\"fr-FR\",\"@id\":\"https:\/\/geoclimate.ge\/#\/schema\/logo\/image\/\",\"url\":\"https:\/\/geoclimate.ge\/wp-content\/uploads\/2026\/03\/geoclimate-SEO.png\",\"contentUrl\":\"https:\/\/geoclimate.ge\/wp-content\/uploads\/2026\/03\/geoclimate-SEO.png\",\"width\":1536,\"height\":1024,\"caption\":\"GeoClimate\"},\"image\":{\"@id\":\"https:\/\/geoclimate.ge\/#\/schema\/logo\/image\/\"}}]}<\/script>\n<!-- \/ Yoast SEO plugin. -->","yoast_head_json":{"title":"RAH VS F Ke\/Kh Groupes d'eau glac\u00e9e \u00e0 condensation par air pour installation ext\u00e9rieure avec free cooling int\u00e9gr\u00e9, \u00e9quip\u00e9s de compresseurs \u00e0 vis Inverter et de ventilateurs axiaux. - GeoClimate.ge","robots":{"index":"index","follow":"follow","max-snippet":"max-snippet:-1","max-image-preview":"max-image-preview:large","max-video-preview":"max-video-preview:-1"},"canonical":"https:\/\/geoclimate.ge\/fr\/produit\/rah-vs-f-ke-kh-air-cooled-chillers-for-outdoor-installation-with-integrated-free-cooling-equipped-with-screw-inverter-compressors-and-axial-fans\/","og_locale":"fr_FR","og_type":"article","og_title":"RAH VS F Ke\/Kh Groupes d'eau glac\u00e9e \u00e0 condensation par air pour installation ext\u00e9rieure avec free cooling int\u00e9gr\u00e9, \u00e9quip\u00e9s de compresseurs \u00e0 vis Inverter et de ventilateurs axiaux. - GeoClimate.ge","og_description":"Puissance frigorifique de 308 kW \u00e0 1837 kW  Les groupes d'eau glac\u00e9e \u00e0 condensation par air de la s\u00e9rie RAH VS F avec free cooling int\u00e9gr\u00e9 sont adapt\u00e9s aux installations ext\u00e9rieures et peuvent \u00eatre utilis\u00e9s pour refroidir des solutions de fluide glycol\u00e9 pour la climatisation ou les applications industrielles.  La technologie semi-herm\u00e9tique \u00e0 vis Inverter permet d'obtenir d'importantes am\u00e9liorations de rendement \u00e0 charge partielle par rapport aux syst\u00e8mes traditionnels de r\u00e9gulation de la puissance frigorifique.  La free cooling int\u00e9gr\u00e9e permet de r\u00e9cup\u00e9rer partiellement ou totalement la puissance frigorifique de l'air ext\u00e9rieur sans consommation \u00e9nerg\u00e9tique importante. Les unit\u00e9s sont \u00e9quip\u00e9es d'une batterie suppl\u00e9mentaire travers\u00e9e par le liquide \u00e0 refroidir et aliment\u00e9e par le flux d'air g\u00e9n\u00e9r\u00e9 par les ventilateurs du condenseur.  L'association d'\u00e9changeurs \u00e0 ailettes \u00e0 haut rendement et de la puret\u00e9 thermophysique du fluide frigorig\u00e8ne utilis\u00e9, quasiment sans glissement lors des changements d'\u00e9tat, permet d'obtenir un EER nominal proche de 3 et un ESEER sup\u00e9rieur \u00e0 5 en fonctionnement m\u00e9canique.  Ces unit\u00e9s ont \u00e9t\u00e9 con\u00e7ues pour r\u00e9pondre \u00e0 des besoins d'espace r\u00e9duits tout en garantissant des performances de refroidissement \u00e9lev\u00e9es. Ce r\u00e9sultat a \u00e9t\u00e9 obtenu gr\u00e2ce \u00e0 des composants de haute qualit\u00e9 et modernes.  Tous les appareils sont enti\u00e8rement assembl\u00e9s et test\u00e9s en usine selon des proc\u00e9dures de qualit\u00e9 sp\u00e9cifiques et sont \u00e9quip\u00e9s de tous les raccordements hydrauliques, frigorifiques et \u00e9lectriques n\u00e9cessaires pour une installation rapide sur site.  Avant les essais en usine, les circuits de refroidissement sont test\u00e9s sous pression, puis aliment\u00e9s en fluide frigorig\u00e8ne et en huile antigel.","og_url":"https:\/\/geoclimate.ge\/fr\/produit\/rah-vs-f-ke-kh-air-cooled-chillers-for-outdoor-installation-with-integrated-free-cooling-equipped-with-screw-inverter-compressors-and-axial-fans\/","og_site_name":"GeoClimate.ge","article_modified_time":"2025-04-19T20:48:15+00:00","og_image":[{"width":840,"height":719,"url":"https:\/\/geoclimate.ge\/wp-content\/uploads\/2025\/04\/RAH-VS-F-Ke-Kh-qguf7yut6e2zw67in1usj68hn6ms5bu5f4cej7uyom.png","type":"image\/png"}],"twitter_card":"summary_large_image","schema":{"@context":"https:\/\/schema.org","@graph":[{"@type":"WebPage","@id":"https:\/\/geoclimate.ge\/fr\/produit\/rah-vs-f-ke-kh-air-cooled-chillers-for-outdoor-installation-with-integrated-free-cooling-equipped-with-screw-inverter-compressors-and-axial-fans\/","url":"https:\/\/geoclimate.ge\/fr\/produit\/rah-vs-f-ke-kh-air-cooled-chillers-for-outdoor-installation-with-integrated-free-cooling-equipped-with-screw-inverter-compressors-and-axial-fans\/","name":"RAH VS F Ke\/Kh Groupes d'eau glac\u00e9e \u00e0 condensation par air pour installation ext\u00e9rieure avec free cooling int\u00e9gr\u00e9, \u00e9quip\u00e9s de compresseurs \u00e0 vis Inverter et de ventilateurs axiaux. - GeoClimate.ge","isPartOf":{"@id":"https:\/\/geoclimate.ge\/#website"},"primaryImageOfPage":{"@id":"https:\/\/geoclimate.ge\/fr\/produit\/rah-vs-f-ke-kh-air-cooled-chillers-for-outdoor-installation-with-integrated-free-cooling-equipped-with-screw-inverter-compressors-and-axial-fans\/#primaryimage"},"image":{"@id":"https:\/\/geoclimate.ge\/fr\/produit\/rah-vs-f-ke-kh-air-cooled-chillers-for-outdoor-installation-with-integrated-free-cooling-equipped-with-screw-inverter-compressors-and-axial-fans\/#primaryimage"},"thumbnailUrl":"https:\/\/geoclimate.ge\/wp-content\/uploads\/2025\/04\/RAH-VS-F-Ke-Kh-qguf7yut6e2zw67in1usj68hn6ms5bu5f4cej7uyom.png","datePublished":"2025-04-19T20:43:04+00:00","dateModified":"2025-04-19T20:48:15+00:00","breadcrumb":{"@id":"https:\/\/geoclimate.ge\/fr\/produit\/rah-vs-f-ke-kh-air-cooled-chillers-for-outdoor-installation-with-integrated-free-cooling-equipped-with-screw-inverter-compressors-and-axial-fans\/#breadcrumb"},"inLanguage":"fr-FR","potentialAction":[{"@type":"ReadAction","target":["https:\/\/geoclimate.ge\/fr\/produit\/rah-vs-f-ke-kh-air-cooled-chillers-for-outdoor-installation-with-integrated-free-cooling-equipped-with-screw-inverter-compressors-and-axial-fans\/"]}]},{"@type":"ImageObject","inLanguage":"fr-FR","@id":"https:\/\/geoclimate.ge\/fr\/produit\/rah-vs-f-ke-kh-air-cooled-chillers-for-outdoor-installation-with-integrated-free-cooling-equipped-with-screw-inverter-compressors-and-axial-fans\/#primaryimage","url":"https:\/\/geoclimate.ge\/wp-content\/uploads\/2025\/04\/RAH-VS-F-Ke-Kh-qguf7yut6e2zw67in1usj68hn6ms5bu5f4cej7uyom.png","contentUrl":"https:\/\/geoclimate.ge\/wp-content\/uploads\/2025\/04\/RAH-VS-F-Ke-Kh-qguf7yut6e2zw67in1usj68hn6ms5bu5f4cej7uyom.png","width":840,"height":719},{"@type":"BreadcrumbList","@id":"https:\/\/geoclimate.ge\/fr\/produit\/rah-vs-f-ke-kh-air-cooled-chillers-for-outdoor-installation-with-integrated-free-cooling-equipped-with-screw-inverter-compressors-and-axial-fans\/#breadcrumb","itemListElement":[{"@type":"ListItem","position":1,"name":"Home","item":"https:\/\/geoclimate.ge\/fr\/"},{"@type":"ListItem","position":2,"name":"Products","item":"https:\/\/geoclimate.ge\/fr\/products\/"},{"@type":"ListItem","position":3,"name":"RAH VS F Ke\/Kh Groupes d&#8217;eau glac\u00e9e \u00e0 condensation par air pour installation ext\u00e9rieure avec free cooling int\u00e9gr\u00e9, \u00e9quip\u00e9s de compresseurs \u00e0 vis Inverter et de ventilateurs axiaux."}]},{"@type":"WebSite","@id":"https:\/\/geoclimate.ge\/#website","url":"https:\/\/geoclimate.ge\/","name":"GeoClimate","description":"","publisher":{"@id":"https:\/\/geoclimate.ge\/#organization"},"potentialAction":[{"@type":"SearchAction","target":{"@type":"EntryPoint","urlTemplate":"https:\/\/geoclimate.ge\/?s={search_term_string}"},"query-input":{"@type":"PropertyValueSpecification","valueRequired":true,"valueName":"search_term_string"}}],"inLanguage":"fr-FR"},{"@type":"Organization","@id":"https:\/\/geoclimate.ge\/#organization","name":"GeoClimate","url":"https:\/\/geoclimate.ge\/","logo":{"@type":"ImageObject","inLanguage":"fr-FR","@id":"https:\/\/geoclimate.ge\/#\/schema\/logo\/image\/","url":"https:\/\/geoclimate.ge\/wp-content\/uploads\/2026\/03\/geoclimate-SEO.png","contentUrl":"https:\/\/geoclimate.ge\/wp-content\/uploads\/2026\/03\/geoclimate-SEO.png","width":1536,"height":1024,"caption":"GeoClimate"},"image":{"@id":"https:\/\/geoclimate.ge\/#\/schema\/logo\/image\/"}}]}},"_links":{"self":[{"href":"https:\/\/geoclimate.ge\/fr\/wp-json\/wp\/v2\/product\/29944","targetHints":{"allow":["GET"]}}],"collection":[{"href":"https:\/\/geoclimate.ge\/fr\/wp-json\/wp\/v2\/product"}],"about":[{"href":"https:\/\/geoclimate.ge\/fr\/wp-json\/wp\/v2\/types\/product"}],"wp:featuredmedia":[{"embeddable":true,"href":"https:\/\/geoclimate.ge\/fr\/wp-json\/wp\/v2\/media\/29939"}],"wp:attachment":[{"href":"https:\/\/geoclimate.ge\/fr\/wp-json\/wp\/v2\/media?parent=29944"}],"wp:term":[{"taxonomy":"product_brand","embeddable":true,"href":"https:\/\/geoclimate.ge\/fr\/wp-json\/wp\/v2\/product_brand?post=29944"},{"taxonomy":"product_cat","embeddable":true,"href":"https:\/\/geoclimate.ge\/fr\/wp-json\/wp\/v2\/product_cat?post=29944"},{"taxonomy":"product_tag","embeddable":true,"href":"https:\/\/geoclimate.ge\/fr\/wp-json\/wp\/v2\/product_tag?post=29944"}],"curies":[{"name":"wp","href":"https:\/\/api.w.org\/{rel}","templated":true}]}}