{"id":29957,"date":"2025-04-20T00:57:37","date_gmt":"2025-04-19T20:57:37","guid":{"rendered":"https:\/\/airsystems.ge\/shop\/product\/rwh-vs-ke-kh-water-cooled-chillers-water-condensed-for-indoor-installation-equipped-with-screw-compressors-full-inverter-and-shell-and-tube-exchanger\/"},"modified":"2025-04-20T01:02:06","modified_gmt":"2025-04-19T21:02:06","slug":"rwh-vs-ke-kh-water-cooled-chillers-water-condensed-for-indoor-installation-equipped-with-screw-compressors-full-inverter-and-shell-and-tube-exchanger","status":"publish","type":"product","link":"https:\/\/geoclimate.ge\/fr\/produit\/rwh-vs-ke-kh-water-cooled-chillers-water-condensed-for-indoor-installation-equipped-with-screw-compressors-full-inverter-and-shell-and-tube-exchanger\/","title":{"rendered":"RWH VS Ke\/Kh Groupes d&rsquo;eau glac\u00e9e \u00e0 condensation par eau pour installation int\u00e9rieure, \u00e9quip\u00e9s de compresseurs \u00e0 vis \u00e0 inverter et d&rsquo;un \u00e9changeur tubulaire."},"content":{"rendered":"","protected":false},"excerpt":{"rendered":"<p><strong>Puissance frigorifique<\/strong> de 269 kW \u00e0 2020 kW<\/p>\n<p>Les groupes d&rsquo;eau glac\u00e9e modulaires \u00e0 condensation par eau de la s\u00e9rie RWH VS KE sont adapt\u00e9s aux installations ext\u00e9rieures et sont particuli\u00e8rement adapt\u00e9s au refroidissement de fluides pour les applications industrielles ou les syst\u00e8mes de climatisation du secteur commercial, o\u00f9 un impact environnemental tr\u00e8s faible, une efficacit\u00e9 de classe A et le respect des exigences de rendement saisonnier sp\u00e9cifi\u00e9es par le r\u00e8glement (UE) 2016\/2281 sont requis.<\/p>\n<p>Les unit\u00e9s de cette s\u00e9rie sont \u00e9quip\u00e9es de deux compresseurs \u00e0 vis semi-herm\u00e9tiques, chacun dot\u00e9 d&rsquo;un contr\u00f4le constant de la puissance frigorifique via un inverter externe d\u00e9di\u00e9. Chaque compresseur fonctionne sur un seul circuit ind\u00e9pendant, garantissant ainsi une fiabilit\u00e9 optimale.<\/p>\n<p>Tous les groupes sont enti\u00e8rement assembl\u00e9s et test\u00e9s en usine, selon des proc\u00e9dures de qualit\u00e9 sp\u00e9cifiques. De plus, ils sont raccord\u00e9s hydrauliquement, frigorifiques et \u00e9lectriques, ce qui permet une installation rapide sur site. Avant l&rsquo;essai, les circuits de refroidissement de chaque unit\u00e9 sont soumis \u00e0 un essai de pression, puis charg\u00e9s en fluide frigorig\u00e8ne et en huile antigel. Une fois sur site, les unit\u00e9s doivent \u00eatre positionn\u00e9es et raccord\u00e9es \u00e9lectriquement et hydrauliquement.<\/p>\n","protected":false},"featured_media":29952,"template":"","meta":[],"product_brand":[],"product_cat":[682,1233,1245],"product_tag":[],"class_list":{"0":"post-29957","1":"product","2":"type-product","3":"status-publish","4":"has-post-thumbnail","6":"product_cat-climatiseurs-fr-industriels","7":"product_cat-refroidisseurs-modulaire-a-vis-fr","8":"product_cat-refroidisseurs-liquide-eau-chiller-fr","10":"first","11":"instock","12":"shipping-taxable","13":"product-type-simple"},"yoast_head":"<!-- This site is optimized with the Yoast SEO plugin v27.1.1 - https:\/\/yoast.com\/product\/yoast-seo-wordpress\/ -->\n<title>RWH VS Ke\/Kh Groupes d&#039;eau glac\u00e9e \u00e0 condensation par eau pour installation int\u00e9rieure, \u00e9quip\u00e9s de compresseurs \u00e0 vis \u00e0 inverter et d&#039;un \u00e9changeur tubulaire. - GeoClimate.ge<\/title>\n<meta name=\"robots\" content=\"index, follow, max-snippet:-1, max-image-preview:large, max-video-preview:-1\" \/>\n<link rel=\"canonical\" href=\"https:\/\/geoclimate.ge\/fr\/produit\/rwh-vs-ke-kh-water-cooled-chillers-water-condensed-for-indoor-installation-equipped-with-screw-compressors-full-inverter-and-shell-and-tube-exchanger\/\" \/>\n<meta property=\"og:locale\" content=\"fr_FR\" \/>\n<meta property=\"og:type\" content=\"article\" \/>\n<meta property=\"og:title\" content=\"RWH VS Ke\/Kh Groupes d&#039;eau glac\u00e9e \u00e0 condensation par eau pour installation int\u00e9rieure, \u00e9quip\u00e9s de compresseurs \u00e0 vis \u00e0 inverter et d&#039;un \u00e9changeur tubulaire. - GeoClimate.ge\" \/>\n<meta property=\"og:description\" content=\"Puissance frigorifique de 269 kW \u00e0 2020 kW  Les groupes d&#039;eau glac\u00e9e modulaires \u00e0 condensation par eau de la s\u00e9rie RWH VS KE sont adapt\u00e9s aux installations ext\u00e9rieures et sont particuli\u00e8rement adapt\u00e9s au refroidissement de fluides pour les applications industrielles ou les syst\u00e8mes de climatisation du secteur commercial, o\u00f9 un impact environnemental tr\u00e8s faible, une efficacit\u00e9 de classe A et le respect des exigences de rendement saisonnier sp\u00e9cifi\u00e9es par le r\u00e8glement (UE) 2016\/2281 sont requis.  Les unit\u00e9s de cette s\u00e9rie sont \u00e9quip\u00e9es de deux compresseurs \u00e0 vis semi-herm\u00e9tiques, chacun dot\u00e9 d&#039;un contr\u00f4le constant de la puissance frigorifique via un inverter externe d\u00e9di\u00e9. Chaque compresseur fonctionne sur un seul circuit ind\u00e9pendant, garantissant ainsi une fiabilit\u00e9 optimale.  Tous les groupes sont enti\u00e8rement assembl\u00e9s et test\u00e9s en usine, selon des proc\u00e9dures de qualit\u00e9 sp\u00e9cifiques. De plus, ils sont raccord\u00e9s hydrauliquement, frigorifiques et \u00e9lectriques, ce qui permet une installation rapide sur site. Avant l&#039;essai, les circuits de refroidissement de chaque unit\u00e9 sont soumis \u00e0 un essai de pression, puis charg\u00e9s en fluide frigorig\u00e8ne et en huile antigel. Une fois sur site, les unit\u00e9s doivent \u00eatre positionn\u00e9es et raccord\u00e9es \u00e9lectriquement et hydrauliquement.\" \/>\n<meta property=\"og:url\" content=\"https:\/\/geoclimate.ge\/fr\/produit\/rwh-vs-ke-kh-water-cooled-chillers-water-condensed-for-indoor-installation-equipped-with-screw-compressors-full-inverter-and-shell-and-tube-exchanger\/\" \/>\n<meta property=\"og:site_name\" content=\"GeoClimate.ge\" \/>\n<meta property=\"article:modified_time\" content=\"2025-04-19T21:02:06+00:00\" \/>\n<meta property=\"og:image\" content=\"https:\/\/geoclimate.ge\/wp-content\/uploads\/2025\/04\/RWH-VS-Ke-Kh-scaled.png\" \/>\n\t<meta property=\"og:image:width\" content=\"2560\" \/>\n\t<meta property=\"og:image:height\" content=\"2193\" \/>\n\t<meta property=\"og:image:type\" content=\"image\/png\" \/>\n<meta name=\"twitter:card\" content=\"summary_large_image\" \/>\n<script type=\"application\/ld+json\" class=\"yoast-schema-graph\">{\"@context\":\"https:\/\/schema.org\",\"@graph\":[{\"@type\":\"WebPage\",\"@id\":\"https:\/\/geoclimate.ge\/fr\/produit\/rwh-vs-ke-kh-water-cooled-chillers-water-condensed-for-indoor-installation-equipped-with-screw-compressors-full-inverter-and-shell-and-tube-exchanger\/\",\"url\":\"https:\/\/geoclimate.ge\/fr\/produit\/rwh-vs-ke-kh-water-cooled-chillers-water-condensed-for-indoor-installation-equipped-with-screw-compressors-full-inverter-and-shell-and-tube-exchanger\/\",\"name\":\"RWH VS Ke\/Kh Groupes d'eau glac\u00e9e \u00e0 condensation par eau pour installation int\u00e9rieure, \u00e9quip\u00e9s de compresseurs \u00e0 vis \u00e0 inverter et d'un \u00e9changeur tubulaire. - GeoClimate.ge\",\"isPartOf\":{\"@id\":\"https:\/\/geoclimate.ge\/#website\"},\"primaryImageOfPage\":{\"@id\":\"https:\/\/geoclimate.ge\/fr\/produit\/rwh-vs-ke-kh-water-cooled-chillers-water-condensed-for-indoor-installation-equipped-with-screw-compressors-full-inverter-and-shell-and-tube-exchanger\/#primaryimage\"},\"image\":{\"@id\":\"https:\/\/geoclimate.ge\/fr\/produit\/rwh-vs-ke-kh-water-cooled-chillers-water-condensed-for-indoor-installation-equipped-with-screw-compressors-full-inverter-and-shell-and-tube-exchanger\/#primaryimage\"},\"thumbnailUrl\":\"https:\/\/geoclimate.ge\/wp-content\/uploads\/2025\/04\/RWH-VS-Ke-Kh-scaled.png\",\"datePublished\":\"2025-04-19T20:57:37+00:00\",\"dateModified\":\"2025-04-19T21:02:06+00:00\",\"breadcrumb\":{\"@id\":\"https:\/\/geoclimate.ge\/fr\/produit\/rwh-vs-ke-kh-water-cooled-chillers-water-condensed-for-indoor-installation-equipped-with-screw-compressors-full-inverter-and-shell-and-tube-exchanger\/#breadcrumb\"},\"inLanguage\":\"fr-FR\",\"potentialAction\":[{\"@type\":\"ReadAction\",\"target\":[\"https:\/\/geoclimate.ge\/fr\/produit\/rwh-vs-ke-kh-water-cooled-chillers-water-condensed-for-indoor-installation-equipped-with-screw-compressors-full-inverter-and-shell-and-tube-exchanger\/\"]}]},{\"@type\":\"ImageObject\",\"inLanguage\":\"fr-FR\",\"@id\":\"https:\/\/geoclimate.ge\/fr\/produit\/rwh-vs-ke-kh-water-cooled-chillers-water-condensed-for-indoor-installation-equipped-with-screw-compressors-full-inverter-and-shell-and-tube-exchanger\/#primaryimage\",\"url\":\"https:\/\/geoclimate.ge\/wp-content\/uploads\/2025\/04\/RWH-VS-Ke-Kh-scaled.png\",\"contentUrl\":\"https:\/\/geoclimate.ge\/wp-content\/uploads\/2025\/04\/RWH-VS-Ke-Kh-scaled.png\",\"width\":2560,\"height\":2193},{\"@type\":\"BreadcrumbList\",\"@id\":\"https:\/\/geoclimate.ge\/fr\/produit\/rwh-vs-ke-kh-water-cooled-chillers-water-condensed-for-indoor-installation-equipped-with-screw-compressors-full-inverter-and-shell-and-tube-exchanger\/#breadcrumb\",\"itemListElement\":[{\"@type\":\"ListItem\",\"position\":1,\"name\":\"Home\",\"item\":\"https:\/\/geoclimate.ge\/fr\/\"},{\"@type\":\"ListItem\",\"position\":2,\"name\":\"Products\",\"item\":\"https:\/\/geoclimate.ge\/fr\/products\/\"},{\"@type\":\"ListItem\",\"position\":3,\"name\":\"RWH VS Ke\/Kh Groupes d&#8217;eau glac\u00e9e \u00e0 condensation par eau pour installation int\u00e9rieure, \u00e9quip\u00e9s de compresseurs \u00e0 vis \u00e0 inverter et d&#8217;un \u00e9changeur tubulaire.\"}]},{\"@type\":\"WebSite\",\"@id\":\"https:\/\/geoclimate.ge\/#website\",\"url\":\"https:\/\/geoclimate.ge\/\",\"name\":\"GeoClimate\",\"description\":\"\",\"publisher\":{\"@id\":\"https:\/\/geoclimate.ge\/#organization\"},\"potentialAction\":[{\"@type\":\"SearchAction\",\"target\":{\"@type\":\"EntryPoint\",\"urlTemplate\":\"https:\/\/geoclimate.ge\/?s={search_term_string}\"},\"query-input\":{\"@type\":\"PropertyValueSpecification\",\"valueRequired\":true,\"valueName\":\"search_term_string\"}}],\"inLanguage\":\"fr-FR\"},{\"@type\":\"Organization\",\"@id\":\"https:\/\/geoclimate.ge\/#organization\",\"name\":\"GeoClimate\",\"url\":\"https:\/\/geoclimate.ge\/\",\"logo\":{\"@type\":\"ImageObject\",\"inLanguage\":\"fr-FR\",\"@id\":\"https:\/\/geoclimate.ge\/#\/schema\/logo\/image\/\",\"url\":\"https:\/\/geoclimate.ge\/wp-content\/uploads\/2026\/03\/geoclimate-SEO.png\",\"contentUrl\":\"https:\/\/geoclimate.ge\/wp-content\/uploads\/2026\/03\/geoclimate-SEO.png\",\"width\":1536,\"height\":1024,\"caption\":\"GeoClimate\"},\"image\":{\"@id\":\"https:\/\/geoclimate.ge\/#\/schema\/logo\/image\/\"}}]}<\/script>\n<!-- \/ Yoast SEO plugin. -->","yoast_head_json":{"title":"RWH VS Ke\/Kh Groupes d'eau glac\u00e9e \u00e0 condensation par eau pour installation int\u00e9rieure, \u00e9quip\u00e9s de compresseurs \u00e0 vis \u00e0 inverter et d'un \u00e9changeur tubulaire. - GeoClimate.ge","robots":{"index":"index","follow":"follow","max-snippet":"max-snippet:-1","max-image-preview":"max-image-preview:large","max-video-preview":"max-video-preview:-1"},"canonical":"https:\/\/geoclimate.ge\/fr\/produit\/rwh-vs-ke-kh-water-cooled-chillers-water-condensed-for-indoor-installation-equipped-with-screw-compressors-full-inverter-and-shell-and-tube-exchanger\/","og_locale":"fr_FR","og_type":"article","og_title":"RWH VS Ke\/Kh Groupes d'eau glac\u00e9e \u00e0 condensation par eau pour installation int\u00e9rieure, \u00e9quip\u00e9s de compresseurs \u00e0 vis \u00e0 inverter et d'un \u00e9changeur tubulaire. - GeoClimate.ge","og_description":"Puissance frigorifique de 269 kW \u00e0 2020 kW  Les groupes d'eau glac\u00e9e modulaires \u00e0 condensation par eau de la s\u00e9rie RWH VS KE sont adapt\u00e9s aux installations ext\u00e9rieures et sont particuli\u00e8rement adapt\u00e9s au refroidissement de fluides pour les applications industrielles ou les syst\u00e8mes de climatisation du secteur commercial, o\u00f9 un impact environnemental tr\u00e8s faible, une efficacit\u00e9 de classe A et le respect des exigences de rendement saisonnier sp\u00e9cifi\u00e9es par le r\u00e8glement (UE) 2016\/2281 sont requis.  Les unit\u00e9s de cette s\u00e9rie sont \u00e9quip\u00e9es de deux compresseurs \u00e0 vis semi-herm\u00e9tiques, chacun dot\u00e9 d'un contr\u00f4le constant de la puissance frigorifique via un inverter externe d\u00e9di\u00e9. Chaque compresseur fonctionne sur un seul circuit ind\u00e9pendant, garantissant ainsi une fiabilit\u00e9 optimale.  Tous les groupes sont enti\u00e8rement assembl\u00e9s et test\u00e9s en usine, selon des proc\u00e9dures de qualit\u00e9 sp\u00e9cifiques. De plus, ils sont raccord\u00e9s hydrauliquement, frigorifiques et \u00e9lectriques, ce qui permet une installation rapide sur site. Avant l'essai, les circuits de refroidissement de chaque unit\u00e9 sont soumis \u00e0 un essai de pression, puis charg\u00e9s en fluide frigorig\u00e8ne et en huile antigel. Une fois sur site, les unit\u00e9s doivent \u00eatre positionn\u00e9es et raccord\u00e9es \u00e9lectriquement et hydrauliquement.","og_url":"https:\/\/geoclimate.ge\/fr\/produit\/rwh-vs-ke-kh-water-cooled-chillers-water-condensed-for-indoor-installation-equipped-with-screw-compressors-full-inverter-and-shell-and-tube-exchanger\/","og_site_name":"GeoClimate.ge","article_modified_time":"2025-04-19T21:02:06+00:00","og_image":[{"width":2560,"height":2193,"url":"https:\/\/geoclimate.ge\/wp-content\/uploads\/2025\/04\/RWH-VS-Ke-Kh-scaled.png","type":"image\/png"}],"twitter_card":"summary_large_image","schema":{"@context":"https:\/\/schema.org","@graph":[{"@type":"WebPage","@id":"https:\/\/geoclimate.ge\/fr\/produit\/rwh-vs-ke-kh-water-cooled-chillers-water-condensed-for-indoor-installation-equipped-with-screw-compressors-full-inverter-and-shell-and-tube-exchanger\/","url":"https:\/\/geoclimate.ge\/fr\/produit\/rwh-vs-ke-kh-water-cooled-chillers-water-condensed-for-indoor-installation-equipped-with-screw-compressors-full-inverter-and-shell-and-tube-exchanger\/","name":"RWH VS Ke\/Kh Groupes d'eau glac\u00e9e \u00e0 condensation par eau pour installation int\u00e9rieure, \u00e9quip\u00e9s de compresseurs \u00e0 vis \u00e0 inverter et d'un \u00e9changeur tubulaire. - GeoClimate.ge","isPartOf":{"@id":"https:\/\/geoclimate.ge\/#website"},"primaryImageOfPage":{"@id":"https:\/\/geoclimate.ge\/fr\/produit\/rwh-vs-ke-kh-water-cooled-chillers-water-condensed-for-indoor-installation-equipped-with-screw-compressors-full-inverter-and-shell-and-tube-exchanger\/#primaryimage"},"image":{"@id":"https:\/\/geoclimate.ge\/fr\/produit\/rwh-vs-ke-kh-water-cooled-chillers-water-condensed-for-indoor-installation-equipped-with-screw-compressors-full-inverter-and-shell-and-tube-exchanger\/#primaryimage"},"thumbnailUrl":"https:\/\/geoclimate.ge\/wp-content\/uploads\/2025\/04\/RWH-VS-Ke-Kh-scaled.png","datePublished":"2025-04-19T20:57:37+00:00","dateModified":"2025-04-19T21:02:06+00:00","breadcrumb":{"@id":"https:\/\/geoclimate.ge\/fr\/produit\/rwh-vs-ke-kh-water-cooled-chillers-water-condensed-for-indoor-installation-equipped-with-screw-compressors-full-inverter-and-shell-and-tube-exchanger\/#breadcrumb"},"inLanguage":"fr-FR","potentialAction":[{"@type":"ReadAction","target":["https:\/\/geoclimate.ge\/fr\/produit\/rwh-vs-ke-kh-water-cooled-chillers-water-condensed-for-indoor-installation-equipped-with-screw-compressors-full-inverter-and-shell-and-tube-exchanger\/"]}]},{"@type":"ImageObject","inLanguage":"fr-FR","@id":"https:\/\/geoclimate.ge\/fr\/produit\/rwh-vs-ke-kh-water-cooled-chillers-water-condensed-for-indoor-installation-equipped-with-screw-compressors-full-inverter-and-shell-and-tube-exchanger\/#primaryimage","url":"https:\/\/geoclimate.ge\/wp-content\/uploads\/2025\/04\/RWH-VS-Ke-Kh-scaled.png","contentUrl":"https:\/\/geoclimate.ge\/wp-content\/uploads\/2025\/04\/RWH-VS-Ke-Kh-scaled.png","width":2560,"height":2193},{"@type":"BreadcrumbList","@id":"https:\/\/geoclimate.ge\/fr\/produit\/rwh-vs-ke-kh-water-cooled-chillers-water-condensed-for-indoor-installation-equipped-with-screw-compressors-full-inverter-and-shell-and-tube-exchanger\/#breadcrumb","itemListElement":[{"@type":"ListItem","position":1,"name":"Home","item":"https:\/\/geoclimate.ge\/fr\/"},{"@type":"ListItem","position":2,"name":"Products","item":"https:\/\/geoclimate.ge\/fr\/products\/"},{"@type":"ListItem","position":3,"name":"RWH VS Ke\/Kh Groupes d&#8217;eau glac\u00e9e \u00e0 condensation par eau pour installation int\u00e9rieure, \u00e9quip\u00e9s de compresseurs \u00e0 vis \u00e0 inverter et d&#8217;un \u00e9changeur tubulaire."}]},{"@type":"WebSite","@id":"https:\/\/geoclimate.ge\/#website","url":"https:\/\/geoclimate.ge\/","name":"GeoClimate","description":"","publisher":{"@id":"https:\/\/geoclimate.ge\/#organization"},"potentialAction":[{"@type":"SearchAction","target":{"@type":"EntryPoint","urlTemplate":"https:\/\/geoclimate.ge\/?s={search_term_string}"},"query-input":{"@type":"PropertyValueSpecification","valueRequired":true,"valueName":"search_term_string"}}],"inLanguage":"fr-FR"},{"@type":"Organization","@id":"https:\/\/geoclimate.ge\/#organization","name":"GeoClimate","url":"https:\/\/geoclimate.ge\/","logo":{"@type":"ImageObject","inLanguage":"fr-FR","@id":"https:\/\/geoclimate.ge\/#\/schema\/logo\/image\/","url":"https:\/\/geoclimate.ge\/wp-content\/uploads\/2026\/03\/geoclimate-SEO.png","contentUrl":"https:\/\/geoclimate.ge\/wp-content\/uploads\/2026\/03\/geoclimate-SEO.png","width":1536,"height":1024,"caption":"GeoClimate"},"image":{"@id":"https:\/\/geoclimate.ge\/#\/schema\/logo\/image\/"}}]}},"_links":{"self":[{"href":"https:\/\/geoclimate.ge\/fr\/wp-json\/wp\/v2\/product\/29957","targetHints":{"allow":["GET"]}}],"collection":[{"href":"https:\/\/geoclimate.ge\/fr\/wp-json\/wp\/v2\/product"}],"about":[{"href":"https:\/\/geoclimate.ge\/fr\/wp-json\/wp\/v2\/types\/product"}],"wp:featuredmedia":[{"embeddable":true,"href":"https:\/\/geoclimate.ge\/fr\/wp-json\/wp\/v2\/media\/29952"}],"wp:attachment":[{"href":"https:\/\/geoclimate.ge\/fr\/wp-json\/wp\/v2\/media?parent=29957"}],"wp:term":[{"taxonomy":"product_brand","embeddable":true,"href":"https:\/\/geoclimate.ge\/fr\/wp-json\/wp\/v2\/product_brand?post=29957"},{"taxonomy":"product_cat","embeddable":true,"href":"https:\/\/geoclimate.ge\/fr\/wp-json\/wp\/v2\/product_cat?post=29957"},{"taxonomy":"product_tag","embeddable":true,"href":"https:\/\/geoclimate.ge\/fr\/wp-json\/wp\/v2\/product_tag?post=29957"}],"curies":[{"name":"wp","href":"https:\/\/api.w.org\/{rel}","templated":true}]}}