{"id":29970,"date":"2025-04-20T01:08:32","date_gmt":"2025-04-19T21:08:32","guid":{"rendered":"https:\/\/airsystems.ge\/shop\/product\/rwc-ke-kh-water-cooled-chillers-water-condensed-for-indoor-installation-equipped-with-brushless-oil-free-turbocor-compressors\/"},"modified":"2025-04-20T01:16:21","modified_gmt":"2025-04-19T21:16:21","slug":"rwc-ke-kh-water-cooled-chillers-water-condensed-for-indoor-installation-equipped-with-brushless-oil-free-turbocor-compressors","status":"publish","type":"product","link":"https:\/\/geoclimate.ge\/fr\/produit\/rwc-ke-kh-water-cooled-chillers-water-condensed-for-indoor-installation-equipped-with-brushless-oil-free-turbocor-compressors\/","title":{"rendered":"RWC Ke\/Kh Groupes d&rsquo;eau glac\u00e9e \u00e0 condensation par eau pour installation int\u00e9rieure, \u00e9quip\u00e9s de compresseurs Turbocor sans balais et sans huile."},"content":{"rendered":"","protected":false},"excerpt":{"rendered":"<p><strong>Puissance frigorifique<\/strong> de 210 kW \u00e0 1800 kW<\/p>\n<p>Les groupes d&rsquo;eau glac\u00e9e monoblocs \u00e0 condensation par eau de la s\u00e9rie RWC conviennent \u00e0 une installation ext\u00e9rieure et sont particuli\u00e8rement indiqu\u00e9s pour le refroidissement liquide dans les installations de climatisation et de proc\u00e9d\u00e9s industriels, o\u00f9 un rendement \u00e9lev\u00e9 \u00e0 charges partielles, un silence absolu et une longue dur\u00e9e de vie sont essentiels.<\/p>\n<p>Les unit\u00e9s sont \u00e9quip\u00e9es de compresseurs centrifuges \u00e0 sustentation magn\u00e9tique et d&rsquo;un \u00e9vaporateur tubulaire noy\u00e9. La technologie de sustentation magn\u00e9tique \u00e9limine les frottements m\u00e9caniques au niveau du compresseur, permettant ainsi des circuits frigorifiques sans huile.<\/p>\n<p>Tous les groupes sont enti\u00e8rement assembl\u00e9s et test\u00e9s en usine selon des proc\u00e9dures de qualit\u00e9 sp\u00e9cifiques. Ils sont \u00e9galement enti\u00e8rement raccord\u00e9s hydrauliquement et \u00e9lectriquement, ce qui permet une installation rapide sur site. Avant le test final, les circuits de refroidissement sont soumis \u00e0 un test d&rsquo;\u00e9tanch\u00e9it\u00e9 et \u00e0 une charge de fluide frigorig\u00e8ne. Une fois sur place, les unit\u00e9s doivent donc uniquement \u00eatre positionn\u00e9es et raccord\u00e9es hydrauliquement et \u00e9lectriquement.<\/p>\n","protected":false},"featured_media":29965,"template":"","meta":[],"product_brand":[],"product_cat":[682,1233,1245],"product_tag":[],"class_list":{"0":"post-29970","1":"product","2":"type-product","3":"status-publish","4":"has-post-thumbnail","6":"product_cat-climatiseurs-fr-industriels","7":"product_cat-refroidisseurs-modulaire-a-vis-fr","8":"product_cat-refroidisseurs-liquide-eau-chiller-fr","10":"first","11":"instock","12":"shipping-taxable","13":"product-type-simple"},"yoast_head":"<!-- This site is optimized with the Yoast SEO plugin v27.1.1 - https:\/\/yoast.com\/product\/yoast-seo-wordpress\/ -->\n<title>RWC Ke\/Kh Groupes d&#039;eau glac\u00e9e \u00e0 condensation par eau pour installation int\u00e9rieure, \u00e9quip\u00e9s de compresseurs Turbocor sans balais et sans huile. - GeoClimate.ge<\/title>\n<meta name=\"robots\" content=\"index, follow, max-snippet:-1, max-image-preview:large, max-video-preview:-1\" \/>\n<link rel=\"canonical\" href=\"https:\/\/geoclimate.ge\/fr\/produit\/rwc-ke-kh-water-cooled-chillers-water-condensed-for-indoor-installation-equipped-with-brushless-oil-free-turbocor-compressors\/\" \/>\n<meta property=\"og:locale\" content=\"fr_FR\" \/>\n<meta property=\"og:type\" content=\"article\" \/>\n<meta property=\"og:title\" content=\"RWC Ke\/Kh Groupes d&#039;eau glac\u00e9e \u00e0 condensation par eau pour installation int\u00e9rieure, \u00e9quip\u00e9s de compresseurs Turbocor sans balais et sans huile. - GeoClimate.ge\" \/>\n<meta property=\"og:description\" content=\"Puissance frigorifique de 210 kW \u00e0 1800 kW  Les groupes d&#039;eau glac\u00e9e monoblocs \u00e0 condensation par eau de la s\u00e9rie RWC conviennent \u00e0 une installation ext\u00e9rieure et sont particuli\u00e8rement indiqu\u00e9s pour le refroidissement liquide dans les installations de climatisation et de proc\u00e9d\u00e9s industriels, o\u00f9 un rendement \u00e9lev\u00e9 \u00e0 charges partielles, un silence absolu et une longue dur\u00e9e de vie sont essentiels.  Les unit\u00e9s sont \u00e9quip\u00e9es de compresseurs centrifuges \u00e0 sustentation magn\u00e9tique et d&#039;un \u00e9vaporateur tubulaire noy\u00e9. La technologie de sustentation magn\u00e9tique \u00e9limine les frottements m\u00e9caniques au niveau du compresseur, permettant ainsi des circuits frigorifiques sans huile.  Tous les groupes sont enti\u00e8rement assembl\u00e9s et test\u00e9s en usine selon des proc\u00e9dures de qualit\u00e9 sp\u00e9cifiques. Ils sont \u00e9galement enti\u00e8rement raccord\u00e9s hydrauliquement et \u00e9lectriquement, ce qui permet une installation rapide sur site. Avant le test final, les circuits de refroidissement sont soumis \u00e0 un test d&#039;\u00e9tanch\u00e9it\u00e9 et \u00e0 une charge de fluide frigorig\u00e8ne. Une fois sur place, les unit\u00e9s doivent donc uniquement \u00eatre positionn\u00e9es et raccord\u00e9es hydrauliquement et \u00e9lectriquement.\" \/>\n<meta property=\"og:url\" content=\"https:\/\/geoclimate.ge\/fr\/produit\/rwc-ke-kh-water-cooled-chillers-water-condensed-for-indoor-installation-equipped-with-brushless-oil-free-turbocor-compressors\/\" \/>\n<meta property=\"og:site_name\" content=\"GeoClimate.ge\" \/>\n<meta property=\"article:modified_time\" content=\"2025-04-19T21:16:21+00:00\" \/>\n<meta property=\"og:image\" content=\"https:\/\/geoclimate.ge\/wp-content\/uploads\/2025\/04\/RWC-Ke-Kh-1-qguj7b8ppg0yteuji1eerftdzo1hnf66iz5tghsfhi.png\" \/>\n\t<meta property=\"og:image:width\" content=\"700\" \/>\n\t<meta property=\"og:image:height\" content=\"599\" \/>\n\t<meta property=\"og:image:type\" content=\"image\/png\" \/>\n<meta name=\"twitter:card\" content=\"summary_large_image\" \/>\n<script type=\"application\/ld+json\" class=\"yoast-schema-graph\">{\"@context\":\"https:\/\/schema.org\",\"@graph\":[{\"@type\":\"WebPage\",\"@id\":\"https:\/\/geoclimate.ge\/fr\/produit\/rwc-ke-kh-water-cooled-chillers-water-condensed-for-indoor-installation-equipped-with-brushless-oil-free-turbocor-compressors\/\",\"url\":\"https:\/\/geoclimate.ge\/fr\/produit\/rwc-ke-kh-water-cooled-chillers-water-condensed-for-indoor-installation-equipped-with-brushless-oil-free-turbocor-compressors\/\",\"name\":\"RWC Ke\/Kh Groupes d'eau glac\u00e9e \u00e0 condensation par eau pour installation int\u00e9rieure, \u00e9quip\u00e9s de compresseurs Turbocor sans balais et sans huile. - GeoClimate.ge\",\"isPartOf\":{\"@id\":\"https:\/\/geoclimate.ge\/#website\"},\"primaryImageOfPage\":{\"@id\":\"https:\/\/geoclimate.ge\/fr\/produit\/rwc-ke-kh-water-cooled-chillers-water-condensed-for-indoor-installation-equipped-with-brushless-oil-free-turbocor-compressors\/#primaryimage\"},\"image\":{\"@id\":\"https:\/\/geoclimate.ge\/fr\/produit\/rwc-ke-kh-water-cooled-chillers-water-condensed-for-indoor-installation-equipped-with-brushless-oil-free-turbocor-compressors\/#primaryimage\"},\"thumbnailUrl\":\"https:\/\/geoclimate.ge\/wp-content\/uploads\/2025\/04\/RWC-Ke-Kh-1-qguj7b8ppg0yteuji1eerftdzo1hnf66iz5tghsfhi.png\",\"datePublished\":\"2025-04-19T21:08:32+00:00\",\"dateModified\":\"2025-04-19T21:16:21+00:00\",\"breadcrumb\":{\"@id\":\"https:\/\/geoclimate.ge\/fr\/produit\/rwc-ke-kh-water-cooled-chillers-water-condensed-for-indoor-installation-equipped-with-brushless-oil-free-turbocor-compressors\/#breadcrumb\"},\"inLanguage\":\"fr-FR\",\"potentialAction\":[{\"@type\":\"ReadAction\",\"target\":[\"https:\/\/geoclimate.ge\/fr\/produit\/rwc-ke-kh-water-cooled-chillers-water-condensed-for-indoor-installation-equipped-with-brushless-oil-free-turbocor-compressors\/\"]}]},{\"@type\":\"ImageObject\",\"inLanguage\":\"fr-FR\",\"@id\":\"https:\/\/geoclimate.ge\/fr\/produit\/rwc-ke-kh-water-cooled-chillers-water-condensed-for-indoor-installation-equipped-with-brushless-oil-free-turbocor-compressors\/#primaryimage\",\"url\":\"https:\/\/geoclimate.ge\/wp-content\/uploads\/2025\/04\/RWC-Ke-Kh-1-qguj7b8ppg0yteuji1eerftdzo1hnf66iz5tghsfhi.png\",\"contentUrl\":\"https:\/\/geoclimate.ge\/wp-content\/uploads\/2025\/04\/RWC-Ke-Kh-1-qguj7b8ppg0yteuji1eerftdzo1hnf66iz5tghsfhi.png\",\"width\":700,\"height\":599},{\"@type\":\"BreadcrumbList\",\"@id\":\"https:\/\/geoclimate.ge\/fr\/produit\/rwc-ke-kh-water-cooled-chillers-water-condensed-for-indoor-installation-equipped-with-brushless-oil-free-turbocor-compressors\/#breadcrumb\",\"itemListElement\":[{\"@type\":\"ListItem\",\"position\":1,\"name\":\"Home\",\"item\":\"https:\/\/geoclimate.ge\/fr\/\"},{\"@type\":\"ListItem\",\"position\":2,\"name\":\"Products\",\"item\":\"https:\/\/geoclimate.ge\/fr\/products\/\"},{\"@type\":\"ListItem\",\"position\":3,\"name\":\"RWC Ke\/Kh Groupes d&#8217;eau glac\u00e9e \u00e0 condensation par eau pour installation int\u00e9rieure, \u00e9quip\u00e9s de compresseurs Turbocor sans balais et sans huile.\"}]},{\"@type\":\"WebSite\",\"@id\":\"https:\/\/geoclimate.ge\/#website\",\"url\":\"https:\/\/geoclimate.ge\/\",\"name\":\"GeoClimate\",\"description\":\"\",\"publisher\":{\"@id\":\"https:\/\/geoclimate.ge\/#organization\"},\"potentialAction\":[{\"@type\":\"SearchAction\",\"target\":{\"@type\":\"EntryPoint\",\"urlTemplate\":\"https:\/\/geoclimate.ge\/?s={search_term_string}\"},\"query-input\":{\"@type\":\"PropertyValueSpecification\",\"valueRequired\":true,\"valueName\":\"search_term_string\"}}],\"inLanguage\":\"fr-FR\"},{\"@type\":\"Organization\",\"@id\":\"https:\/\/geoclimate.ge\/#organization\",\"name\":\"GeoClimate\",\"url\":\"https:\/\/geoclimate.ge\/\",\"logo\":{\"@type\":\"ImageObject\",\"inLanguage\":\"fr-FR\",\"@id\":\"https:\/\/geoclimate.ge\/#\/schema\/logo\/image\/\",\"url\":\"https:\/\/geoclimate.ge\/wp-content\/uploads\/2026\/03\/geoclimate-SEO.png\",\"contentUrl\":\"https:\/\/geoclimate.ge\/wp-content\/uploads\/2026\/03\/geoclimate-SEO.png\",\"width\":1536,\"height\":1024,\"caption\":\"GeoClimate\"},\"image\":{\"@id\":\"https:\/\/geoclimate.ge\/#\/schema\/logo\/image\/\"}}]}<\/script>\n<!-- \/ Yoast SEO plugin. -->","yoast_head_json":{"title":"RWC Ke\/Kh Groupes d'eau glac\u00e9e \u00e0 condensation par eau pour installation int\u00e9rieure, \u00e9quip\u00e9s de compresseurs Turbocor sans balais et sans huile. - GeoClimate.ge","robots":{"index":"index","follow":"follow","max-snippet":"max-snippet:-1","max-image-preview":"max-image-preview:large","max-video-preview":"max-video-preview:-1"},"canonical":"https:\/\/geoclimate.ge\/fr\/produit\/rwc-ke-kh-water-cooled-chillers-water-condensed-for-indoor-installation-equipped-with-brushless-oil-free-turbocor-compressors\/","og_locale":"fr_FR","og_type":"article","og_title":"RWC Ke\/Kh Groupes d'eau glac\u00e9e \u00e0 condensation par eau pour installation int\u00e9rieure, \u00e9quip\u00e9s de compresseurs Turbocor sans balais et sans huile. - GeoClimate.ge","og_description":"Puissance frigorifique de 210 kW \u00e0 1800 kW  Les groupes d'eau glac\u00e9e monoblocs \u00e0 condensation par eau de la s\u00e9rie RWC conviennent \u00e0 une installation ext\u00e9rieure et sont particuli\u00e8rement indiqu\u00e9s pour le refroidissement liquide dans les installations de climatisation et de proc\u00e9d\u00e9s industriels, o\u00f9 un rendement \u00e9lev\u00e9 \u00e0 charges partielles, un silence absolu et une longue dur\u00e9e de vie sont essentiels.  Les unit\u00e9s sont \u00e9quip\u00e9es de compresseurs centrifuges \u00e0 sustentation magn\u00e9tique et d'un \u00e9vaporateur tubulaire noy\u00e9. La technologie de sustentation magn\u00e9tique \u00e9limine les frottements m\u00e9caniques au niveau du compresseur, permettant ainsi des circuits frigorifiques sans huile.  Tous les groupes sont enti\u00e8rement assembl\u00e9s et test\u00e9s en usine selon des proc\u00e9dures de qualit\u00e9 sp\u00e9cifiques. Ils sont \u00e9galement enti\u00e8rement raccord\u00e9s hydrauliquement et \u00e9lectriquement, ce qui permet une installation rapide sur site. Avant le test final, les circuits de refroidissement sont soumis \u00e0 un test d'\u00e9tanch\u00e9it\u00e9 et \u00e0 une charge de fluide frigorig\u00e8ne. Une fois sur place, les unit\u00e9s doivent donc uniquement \u00eatre positionn\u00e9es et raccord\u00e9es hydrauliquement et \u00e9lectriquement.","og_url":"https:\/\/geoclimate.ge\/fr\/produit\/rwc-ke-kh-water-cooled-chillers-water-condensed-for-indoor-installation-equipped-with-brushless-oil-free-turbocor-compressors\/","og_site_name":"GeoClimate.ge","article_modified_time":"2025-04-19T21:16:21+00:00","og_image":[{"width":700,"height":599,"url":"https:\/\/geoclimate.ge\/wp-content\/uploads\/2025\/04\/RWC-Ke-Kh-1-qguj7b8ppg0yteuji1eerftdzo1hnf66iz5tghsfhi.png","type":"image\/png"}],"twitter_card":"summary_large_image","schema":{"@context":"https:\/\/schema.org","@graph":[{"@type":"WebPage","@id":"https:\/\/geoclimate.ge\/fr\/produit\/rwc-ke-kh-water-cooled-chillers-water-condensed-for-indoor-installation-equipped-with-brushless-oil-free-turbocor-compressors\/","url":"https:\/\/geoclimate.ge\/fr\/produit\/rwc-ke-kh-water-cooled-chillers-water-condensed-for-indoor-installation-equipped-with-brushless-oil-free-turbocor-compressors\/","name":"RWC Ke\/Kh Groupes d'eau glac\u00e9e \u00e0 condensation par eau pour installation int\u00e9rieure, \u00e9quip\u00e9s de compresseurs Turbocor sans balais et sans huile. - GeoClimate.ge","isPartOf":{"@id":"https:\/\/geoclimate.ge\/#website"},"primaryImageOfPage":{"@id":"https:\/\/geoclimate.ge\/fr\/produit\/rwc-ke-kh-water-cooled-chillers-water-condensed-for-indoor-installation-equipped-with-brushless-oil-free-turbocor-compressors\/#primaryimage"},"image":{"@id":"https:\/\/geoclimate.ge\/fr\/produit\/rwc-ke-kh-water-cooled-chillers-water-condensed-for-indoor-installation-equipped-with-brushless-oil-free-turbocor-compressors\/#primaryimage"},"thumbnailUrl":"https:\/\/geoclimate.ge\/wp-content\/uploads\/2025\/04\/RWC-Ke-Kh-1-qguj7b8ppg0yteuji1eerftdzo1hnf66iz5tghsfhi.png","datePublished":"2025-04-19T21:08:32+00:00","dateModified":"2025-04-19T21:16:21+00:00","breadcrumb":{"@id":"https:\/\/geoclimate.ge\/fr\/produit\/rwc-ke-kh-water-cooled-chillers-water-condensed-for-indoor-installation-equipped-with-brushless-oil-free-turbocor-compressors\/#breadcrumb"},"inLanguage":"fr-FR","potentialAction":[{"@type":"ReadAction","target":["https:\/\/geoclimate.ge\/fr\/produit\/rwc-ke-kh-water-cooled-chillers-water-condensed-for-indoor-installation-equipped-with-brushless-oil-free-turbocor-compressors\/"]}]},{"@type":"ImageObject","inLanguage":"fr-FR","@id":"https:\/\/geoclimate.ge\/fr\/produit\/rwc-ke-kh-water-cooled-chillers-water-condensed-for-indoor-installation-equipped-with-brushless-oil-free-turbocor-compressors\/#primaryimage","url":"https:\/\/geoclimate.ge\/wp-content\/uploads\/2025\/04\/RWC-Ke-Kh-1-qguj7b8ppg0yteuji1eerftdzo1hnf66iz5tghsfhi.png","contentUrl":"https:\/\/geoclimate.ge\/wp-content\/uploads\/2025\/04\/RWC-Ke-Kh-1-qguj7b8ppg0yteuji1eerftdzo1hnf66iz5tghsfhi.png","width":700,"height":599},{"@type":"BreadcrumbList","@id":"https:\/\/geoclimate.ge\/fr\/produit\/rwc-ke-kh-water-cooled-chillers-water-condensed-for-indoor-installation-equipped-with-brushless-oil-free-turbocor-compressors\/#breadcrumb","itemListElement":[{"@type":"ListItem","position":1,"name":"Home","item":"https:\/\/geoclimate.ge\/fr\/"},{"@type":"ListItem","position":2,"name":"Products","item":"https:\/\/geoclimate.ge\/fr\/products\/"},{"@type":"ListItem","position":3,"name":"RWC Ke\/Kh Groupes d&#8217;eau glac\u00e9e \u00e0 condensation par eau pour installation int\u00e9rieure, \u00e9quip\u00e9s de compresseurs Turbocor sans balais et sans huile."}]},{"@type":"WebSite","@id":"https:\/\/geoclimate.ge\/#website","url":"https:\/\/geoclimate.ge\/","name":"GeoClimate","description":"","publisher":{"@id":"https:\/\/geoclimate.ge\/#organization"},"potentialAction":[{"@type":"SearchAction","target":{"@type":"EntryPoint","urlTemplate":"https:\/\/geoclimate.ge\/?s={search_term_string}"},"query-input":{"@type":"PropertyValueSpecification","valueRequired":true,"valueName":"search_term_string"}}],"inLanguage":"fr-FR"},{"@type":"Organization","@id":"https:\/\/geoclimate.ge\/#organization","name":"GeoClimate","url":"https:\/\/geoclimate.ge\/","logo":{"@type":"ImageObject","inLanguage":"fr-FR","@id":"https:\/\/geoclimate.ge\/#\/schema\/logo\/image\/","url":"https:\/\/geoclimate.ge\/wp-content\/uploads\/2026\/03\/geoclimate-SEO.png","contentUrl":"https:\/\/geoclimate.ge\/wp-content\/uploads\/2026\/03\/geoclimate-SEO.png","width":1536,"height":1024,"caption":"GeoClimate"},"image":{"@id":"https:\/\/geoclimate.ge\/#\/schema\/logo\/image\/"}}]}},"_links":{"self":[{"href":"https:\/\/geoclimate.ge\/fr\/wp-json\/wp\/v2\/product\/29970","targetHints":{"allow":["GET"]}}],"collection":[{"href":"https:\/\/geoclimate.ge\/fr\/wp-json\/wp\/v2\/product"}],"about":[{"href":"https:\/\/geoclimate.ge\/fr\/wp-json\/wp\/v2\/types\/product"}],"wp:featuredmedia":[{"embeddable":true,"href":"https:\/\/geoclimate.ge\/fr\/wp-json\/wp\/v2\/media\/29965"}],"wp:attachment":[{"href":"https:\/\/geoclimate.ge\/fr\/wp-json\/wp\/v2\/media?parent=29970"}],"wp:term":[{"taxonomy":"product_brand","embeddable":true,"href":"https:\/\/geoclimate.ge\/fr\/wp-json\/wp\/v2\/product_brand?post=29970"},{"taxonomy":"product_cat","embeddable":true,"href":"https:\/\/geoclimate.ge\/fr\/wp-json\/wp\/v2\/product_cat?post=29970"},{"taxonomy":"product_tag","embeddable":true,"href":"https:\/\/geoclimate.ge\/fr\/wp-json\/wp\/v2\/product_tag?post=29970"}],"curies":[{"name":"wp","href":"https:\/\/api.w.org\/{rel}","templated":true}]}}