{"id":29984,"date":"2025-04-20T01:36:18","date_gmt":"2025-04-19T21:36:18","guid":{"rendered":"https:\/\/airsystems.ge\/shop\/product\/rtc-rth-rooftop-monoblock-units-chiller-or-reversible-heat-pumps-executions\/"},"modified":"2025-04-20T01:54:52","modified_gmt":"2025-04-19T21:54:52","slug":"rtc-rth-rooftop-monoblock-units-chiller-or-reversible-heat-pumps-executions","status":"publish","type":"product","link":"https:\/\/geoclimate.ge\/fr\/produit\/rtc-rth-rooftop-monoblock-units-chiller-or-reversible-heat-pumps-executions\/","title":{"rendered":"RTC\/RTH Unit\u00e9s monoblocs de toiture, refroidisseurs ou pompes \u00e0 chaleur r\u00e9versibles"},"content":{"rendered":"","protected":false},"excerpt":{"rendered":"<p>Puissance frigorifique de 15 kW \u00e0 350 kW<br \/>\nD\u00e9bit d&rsquo;air de 2\u00a0000 m\u00b3\/h \u00e0 5\u00a0600 m\u00b3\/h<\/p>\n<p>Concept de construction tr\u00e8s flexible permettant une personnalisation des configurations de produits pour chaque projet. Ces unit\u00e9s sont particuli\u00e8rement con\u00e7ues pour les applications n\u00e9cessitant une r\u00e9gulation de la temp\u00e9rature avec un SHR \u00e9lev\u00e9 dans les b\u00e2timents \u00e0 forte densit\u00e9 de population. Les unit\u00e9s int\u00e8grent la r\u00e9cup\u00e9ration de chaleur et le free cooling. Ces caract\u00e9ristiques, associ\u00e9es \u00e0 des composants et des commandes de haute qualit\u00e9, garantissent un rendement \u00e9lev\u00e9. Des configurations sp\u00e9ciales pour le refroidissement informatique et le bien-\u00eatre avec production d&rsquo;eau chaude sanitaire par r\u00e9cup\u00e9ration de chaleur sont disponibles, ainsi qu&rsquo;une unit\u00e9 100 % air neuf en option. Toutes les configurations disponibles r\u00e9pondent aux exigences du projet et au rendement saisonnier d\u00e9fini par le r\u00e8glement (UE) 2016\/2281.<\/p>\n","protected":false},"featured_media":29979,"template":"","meta":[],"product_brand":[],"product_cat":[682,1251],"product_tag":[],"class_list":{"0":"post-29984","1":"product","2":"type-product","3":"status-publish","4":"has-post-thumbnail","6":"product_cat-climatiseurs-fr-industriels","7":"product_cat-unite-toit-de-monobloc-climatiseur","9":"first","10":"instock","11":"shipping-taxable","12":"product-type-simple"},"yoast_head":"<!-- This site is optimized with the Yoast SEO plugin v27.1.1 - https:\/\/yoast.com\/product\/yoast-seo-wordpress\/ -->\n<title>RTC\/RTH Unit\u00e9s monoblocs de toiture, refroidisseurs ou pompes \u00e0 chaleur r\u00e9versibles - GeoClimate.ge<\/title>\n<meta name=\"robots\" content=\"index, follow, max-snippet:-1, max-image-preview:large, max-video-preview:-1\" \/>\n<link rel=\"canonical\" href=\"https:\/\/geoclimate.ge\/fr\/produit\/rtc-rth-rooftop-monoblock-units-chiller-or-reversible-heat-pumps-executions\/\" \/>\n<meta property=\"og:locale\" content=\"fr_FR\" \/>\n<meta property=\"og:type\" content=\"article\" \/>\n<meta property=\"og:title\" content=\"RTC\/RTH Unit\u00e9s monoblocs de toiture, refroidisseurs ou pompes \u00e0 chaleur r\u00e9versibles - GeoClimate.ge\" \/>\n<meta property=\"og:description\" content=\"Puissance frigorifique de 15 kW \u00e0 350 kW D\u00e9bit d&#039;air de 2\u00a0000 m\u00b3\/h \u00e0 5\u00a0600 m\u00b3\/h  Concept de construction tr\u00e8s flexible permettant une personnalisation des configurations de produits pour chaque projet. Ces unit\u00e9s sont particuli\u00e8rement con\u00e7ues pour les applications n\u00e9cessitant une r\u00e9gulation de la temp\u00e9rature avec un SHR \u00e9lev\u00e9 dans les b\u00e2timents \u00e0 forte densit\u00e9 de population. Les unit\u00e9s int\u00e8grent la r\u00e9cup\u00e9ration de chaleur et le free cooling. Ces caract\u00e9ristiques, associ\u00e9es \u00e0 des composants et des commandes de haute qualit\u00e9, garantissent un rendement \u00e9lev\u00e9. Des configurations sp\u00e9ciales pour le refroidissement informatique et le bien-\u00eatre avec production d&#039;eau chaude sanitaire par r\u00e9cup\u00e9ration de chaleur sont disponibles, ainsi qu&#039;une unit\u00e9 100 % air neuf en option. Toutes les configurations disponibles r\u00e9pondent aux exigences du projet et au rendement saisonnier d\u00e9fini par le r\u00e8glement (UE) 2016\/2281.\" \/>\n<meta property=\"og:url\" content=\"https:\/\/geoclimate.ge\/fr\/produit\/rtc-rth-rooftop-monoblock-units-chiller-or-reversible-heat-pumps-executions\/\" \/>\n<meta property=\"og:site_name\" content=\"GeoClimate.ge\" \/>\n<meta property=\"article:modified_time\" content=\"2025-04-19T21:54:52+00:00\" \/>\n<meta property=\"og:image\" content=\"https:\/\/geoclimate.ge\/wp-content\/uploads\/2025\/04\/RTC-RTH-qh2zxfzcyobus8rvp7jgtccay69nqotneqes9rfcgc.png\" \/>\n\t<meta property=\"og:image:width\" content=\"780\" \/>\n\t<meta property=\"og:image:height\" content=\"430\" \/>\n\t<meta property=\"og:image:type\" content=\"image\/png\" \/>\n<meta name=\"twitter:card\" content=\"summary_large_image\" \/>\n<script type=\"application\/ld+json\" class=\"yoast-schema-graph\">{\"@context\":\"https:\/\/schema.org\",\"@graph\":[{\"@type\":\"WebPage\",\"@id\":\"https:\/\/geoclimate.ge\/fr\/produit\/rtc-rth-rooftop-monoblock-units-chiller-or-reversible-heat-pumps-executions\/\",\"url\":\"https:\/\/geoclimate.ge\/fr\/produit\/rtc-rth-rooftop-monoblock-units-chiller-or-reversible-heat-pumps-executions\/\",\"name\":\"RTC\/RTH Unit\u00e9s monoblocs de toiture, refroidisseurs ou pompes \u00e0 chaleur r\u00e9versibles - GeoClimate.ge\",\"isPartOf\":{\"@id\":\"https:\/\/geoclimate.ge\/#website\"},\"primaryImageOfPage\":{\"@id\":\"https:\/\/geoclimate.ge\/fr\/produit\/rtc-rth-rooftop-monoblock-units-chiller-or-reversible-heat-pumps-executions\/#primaryimage\"},\"image\":{\"@id\":\"https:\/\/geoclimate.ge\/fr\/produit\/rtc-rth-rooftop-monoblock-units-chiller-or-reversible-heat-pumps-executions\/#primaryimage\"},\"thumbnailUrl\":\"https:\/\/geoclimate.ge\/wp-content\/uploads\/2025\/04\/RTC-RTH-qh2zxfzcyobus8rvp7jgtccay69nqotneqes9rfcgc.png\",\"datePublished\":\"2025-04-19T21:36:18+00:00\",\"dateModified\":\"2025-04-19T21:54:52+00:00\",\"breadcrumb\":{\"@id\":\"https:\/\/geoclimate.ge\/fr\/produit\/rtc-rth-rooftop-monoblock-units-chiller-or-reversible-heat-pumps-executions\/#breadcrumb\"},\"inLanguage\":\"fr-FR\",\"potentialAction\":[{\"@type\":\"ReadAction\",\"target\":[\"https:\/\/geoclimate.ge\/fr\/produit\/rtc-rth-rooftop-monoblock-units-chiller-or-reversible-heat-pumps-executions\/\"]}]},{\"@type\":\"ImageObject\",\"inLanguage\":\"fr-FR\",\"@id\":\"https:\/\/geoclimate.ge\/fr\/produit\/rtc-rth-rooftop-monoblock-units-chiller-or-reversible-heat-pumps-executions\/#primaryimage\",\"url\":\"https:\/\/geoclimate.ge\/wp-content\/uploads\/2025\/04\/RTC-RTH-qh2zxfzcyobus8rvp7jgtccay69nqotneqes9rfcgc.png\",\"contentUrl\":\"https:\/\/geoclimate.ge\/wp-content\/uploads\/2025\/04\/RTC-RTH-qh2zxfzcyobus8rvp7jgtccay69nqotneqes9rfcgc.png\",\"width\":780,\"height\":430},{\"@type\":\"BreadcrumbList\",\"@id\":\"https:\/\/geoclimate.ge\/fr\/produit\/rtc-rth-rooftop-monoblock-units-chiller-or-reversible-heat-pumps-executions\/#breadcrumb\",\"itemListElement\":[{\"@type\":\"ListItem\",\"position\":1,\"name\":\"Home\",\"item\":\"https:\/\/geoclimate.ge\/fr\/\"},{\"@type\":\"ListItem\",\"position\":2,\"name\":\"Products\",\"item\":\"https:\/\/geoclimate.ge\/fr\/products\/\"},{\"@type\":\"ListItem\",\"position\":3,\"name\":\"RTC\/RTH Unit\u00e9s monoblocs de toiture, refroidisseurs ou pompes \u00e0 chaleur r\u00e9versibles\"}]},{\"@type\":\"WebSite\",\"@id\":\"https:\/\/geoclimate.ge\/#website\",\"url\":\"https:\/\/geoclimate.ge\/\",\"name\":\"GeoClimate\",\"description\":\"\",\"publisher\":{\"@id\":\"https:\/\/geoclimate.ge\/#organization\"},\"potentialAction\":[{\"@type\":\"SearchAction\",\"target\":{\"@type\":\"EntryPoint\",\"urlTemplate\":\"https:\/\/geoclimate.ge\/?s={search_term_string}\"},\"query-input\":{\"@type\":\"PropertyValueSpecification\",\"valueRequired\":true,\"valueName\":\"search_term_string\"}}],\"inLanguage\":\"fr-FR\"},{\"@type\":\"Organization\",\"@id\":\"https:\/\/geoclimate.ge\/#organization\",\"name\":\"GeoClimate\",\"url\":\"https:\/\/geoclimate.ge\/\",\"logo\":{\"@type\":\"ImageObject\",\"inLanguage\":\"fr-FR\",\"@id\":\"https:\/\/geoclimate.ge\/#\/schema\/logo\/image\/\",\"url\":\"https:\/\/geoclimate.ge\/wp-content\/uploads\/2026\/03\/geoclimate-SEO.png\",\"contentUrl\":\"https:\/\/geoclimate.ge\/wp-content\/uploads\/2026\/03\/geoclimate-SEO.png\",\"width\":1536,\"height\":1024,\"caption\":\"GeoClimate\"},\"image\":{\"@id\":\"https:\/\/geoclimate.ge\/#\/schema\/logo\/image\/\"}}]}<\/script>\n<!-- \/ Yoast SEO plugin. -->","yoast_head_json":{"title":"RTC\/RTH Unit\u00e9s monoblocs de toiture, refroidisseurs ou pompes \u00e0 chaleur r\u00e9versibles - GeoClimate.ge","robots":{"index":"index","follow":"follow","max-snippet":"max-snippet:-1","max-image-preview":"max-image-preview:large","max-video-preview":"max-video-preview:-1"},"canonical":"https:\/\/geoclimate.ge\/fr\/produit\/rtc-rth-rooftop-monoblock-units-chiller-or-reversible-heat-pumps-executions\/","og_locale":"fr_FR","og_type":"article","og_title":"RTC\/RTH Unit\u00e9s monoblocs de toiture, refroidisseurs ou pompes \u00e0 chaleur r\u00e9versibles - GeoClimate.ge","og_description":"Puissance frigorifique de 15 kW \u00e0 350 kW D\u00e9bit d'air de 2\u00a0000 m\u00b3\/h \u00e0 5\u00a0600 m\u00b3\/h  Concept de construction tr\u00e8s flexible permettant une personnalisation des configurations de produits pour chaque projet. Ces unit\u00e9s sont particuli\u00e8rement con\u00e7ues pour les applications n\u00e9cessitant une r\u00e9gulation de la temp\u00e9rature avec un SHR \u00e9lev\u00e9 dans les b\u00e2timents \u00e0 forte densit\u00e9 de population. Les unit\u00e9s int\u00e8grent la r\u00e9cup\u00e9ration de chaleur et le free cooling. Ces caract\u00e9ristiques, associ\u00e9es \u00e0 des composants et des commandes de haute qualit\u00e9, garantissent un rendement \u00e9lev\u00e9. Des configurations sp\u00e9ciales pour le refroidissement informatique et le bien-\u00eatre avec production d'eau chaude sanitaire par r\u00e9cup\u00e9ration de chaleur sont disponibles, ainsi qu'une unit\u00e9 100 % air neuf en option. Toutes les configurations disponibles r\u00e9pondent aux exigences du projet et au rendement saisonnier d\u00e9fini par le r\u00e8glement (UE) 2016\/2281.","og_url":"https:\/\/geoclimate.ge\/fr\/produit\/rtc-rth-rooftop-monoblock-units-chiller-or-reversible-heat-pumps-executions\/","og_site_name":"GeoClimate.ge","article_modified_time":"2025-04-19T21:54:52+00:00","og_image":[{"width":780,"height":430,"url":"https:\/\/geoclimate.ge\/wp-content\/uploads\/2025\/04\/RTC-RTH-qh2zxfzcyobus8rvp7jgtccay69nqotneqes9rfcgc.png","type":"image\/png"}],"twitter_card":"summary_large_image","schema":{"@context":"https:\/\/schema.org","@graph":[{"@type":"WebPage","@id":"https:\/\/geoclimate.ge\/fr\/produit\/rtc-rth-rooftop-monoblock-units-chiller-or-reversible-heat-pumps-executions\/","url":"https:\/\/geoclimate.ge\/fr\/produit\/rtc-rth-rooftop-monoblock-units-chiller-or-reversible-heat-pumps-executions\/","name":"RTC\/RTH Unit\u00e9s monoblocs de toiture, refroidisseurs ou pompes \u00e0 chaleur r\u00e9versibles - GeoClimate.ge","isPartOf":{"@id":"https:\/\/geoclimate.ge\/#website"},"primaryImageOfPage":{"@id":"https:\/\/geoclimate.ge\/fr\/produit\/rtc-rth-rooftop-monoblock-units-chiller-or-reversible-heat-pumps-executions\/#primaryimage"},"image":{"@id":"https:\/\/geoclimate.ge\/fr\/produit\/rtc-rth-rooftop-monoblock-units-chiller-or-reversible-heat-pumps-executions\/#primaryimage"},"thumbnailUrl":"https:\/\/geoclimate.ge\/wp-content\/uploads\/2025\/04\/RTC-RTH-qh2zxfzcyobus8rvp7jgtccay69nqotneqes9rfcgc.png","datePublished":"2025-04-19T21:36:18+00:00","dateModified":"2025-04-19T21:54:52+00:00","breadcrumb":{"@id":"https:\/\/geoclimate.ge\/fr\/produit\/rtc-rth-rooftop-monoblock-units-chiller-or-reversible-heat-pumps-executions\/#breadcrumb"},"inLanguage":"fr-FR","potentialAction":[{"@type":"ReadAction","target":["https:\/\/geoclimate.ge\/fr\/produit\/rtc-rth-rooftop-monoblock-units-chiller-or-reversible-heat-pumps-executions\/"]}]},{"@type":"ImageObject","inLanguage":"fr-FR","@id":"https:\/\/geoclimate.ge\/fr\/produit\/rtc-rth-rooftop-monoblock-units-chiller-or-reversible-heat-pumps-executions\/#primaryimage","url":"https:\/\/geoclimate.ge\/wp-content\/uploads\/2025\/04\/RTC-RTH-qh2zxfzcyobus8rvp7jgtccay69nqotneqes9rfcgc.png","contentUrl":"https:\/\/geoclimate.ge\/wp-content\/uploads\/2025\/04\/RTC-RTH-qh2zxfzcyobus8rvp7jgtccay69nqotneqes9rfcgc.png","width":780,"height":430},{"@type":"BreadcrumbList","@id":"https:\/\/geoclimate.ge\/fr\/produit\/rtc-rth-rooftop-monoblock-units-chiller-or-reversible-heat-pumps-executions\/#breadcrumb","itemListElement":[{"@type":"ListItem","position":1,"name":"Home","item":"https:\/\/geoclimate.ge\/fr\/"},{"@type":"ListItem","position":2,"name":"Products","item":"https:\/\/geoclimate.ge\/fr\/products\/"},{"@type":"ListItem","position":3,"name":"RTC\/RTH Unit\u00e9s monoblocs de toiture, refroidisseurs ou pompes \u00e0 chaleur r\u00e9versibles"}]},{"@type":"WebSite","@id":"https:\/\/geoclimate.ge\/#website","url":"https:\/\/geoclimate.ge\/","name":"GeoClimate","description":"","publisher":{"@id":"https:\/\/geoclimate.ge\/#organization"},"potentialAction":[{"@type":"SearchAction","target":{"@type":"EntryPoint","urlTemplate":"https:\/\/geoclimate.ge\/?s={search_term_string}"},"query-input":{"@type":"PropertyValueSpecification","valueRequired":true,"valueName":"search_term_string"}}],"inLanguage":"fr-FR"},{"@type":"Organization","@id":"https:\/\/geoclimate.ge\/#organization","name":"GeoClimate","url":"https:\/\/geoclimate.ge\/","logo":{"@type":"ImageObject","inLanguage":"fr-FR","@id":"https:\/\/geoclimate.ge\/#\/schema\/logo\/image\/","url":"https:\/\/geoclimate.ge\/wp-content\/uploads\/2026\/03\/geoclimate-SEO.png","contentUrl":"https:\/\/geoclimate.ge\/wp-content\/uploads\/2026\/03\/geoclimate-SEO.png","width":1536,"height":1024,"caption":"GeoClimate"},"image":{"@id":"https:\/\/geoclimate.ge\/#\/schema\/logo\/image\/"}}]}},"_links":{"self":[{"href":"https:\/\/geoclimate.ge\/fr\/wp-json\/wp\/v2\/product\/29984","targetHints":{"allow":["GET"]}}],"collection":[{"href":"https:\/\/geoclimate.ge\/fr\/wp-json\/wp\/v2\/product"}],"about":[{"href":"https:\/\/geoclimate.ge\/fr\/wp-json\/wp\/v2\/types\/product"}],"wp:featuredmedia":[{"embeddable":true,"href":"https:\/\/geoclimate.ge\/fr\/wp-json\/wp\/v2\/media\/29979"}],"wp:attachment":[{"href":"https:\/\/geoclimate.ge\/fr\/wp-json\/wp\/v2\/media?parent=29984"}],"wp:term":[{"taxonomy":"product_brand","embeddable":true,"href":"https:\/\/geoclimate.ge\/fr\/wp-json\/wp\/v2\/product_brand?post=29984"},{"taxonomy":"product_cat","embeddable":true,"href":"https:\/\/geoclimate.ge\/fr\/wp-json\/wp\/v2\/product_cat?post=29984"},{"taxonomy":"product_tag","embeddable":true,"href":"https:\/\/geoclimate.ge\/fr\/wp-json\/wp\/v2\/product_tag?post=29984"}],"curies":[{"name":"wp","href":"https:\/\/api.w.org\/{rel}","templated":true}]}}